{"id":993,"date":"2017-01-26T12:32:24","date_gmt":"2017-01-26T11:32:24","guid":{"rendered":"https:\/\/www.biocollagenix.com\/it\/?page_id=993"},"modified":"2020-02-26T17:56:24","modified_gmt":"2020-02-26T16:56:24","slug":"opinioni-biocollagenix-integratore-antirughe","status":"publish","type":"page","link":"https:\/\/www.biocollagenix.com\/it\/opinioni-biocollagenix-integratore-antirughe\/","title":{"rendered":"Dicono di noi"},"content":{"rendered":"<style id=\"kt-blocks_03e187-85\">#kt-layout-id_03e187-85{background-image:url('https:\/\/www.biocollagenix.com\/wp-content\/uploads\/2019\/01\/bg-dicono-dinoi.jpg');background-size:cover;background-position:center center;background-attachment:scroll;background-repeat:no-repeat;}#kt-layout-id_03e187-85 > .kt-row-column-wrap{padding-top:0px;max-width:1170px;margin-left:auto;margin-right:auto;}<\/style>\n<div class=\"wp-block-kadence-rowlayout alignnone\"><div id=\"kt-layout-id_03e187-85\" class=\"kt-row-layout-inner kt-row-has-bg kt-layout-id_03e187-85\"><div class=\"kt-row-column-wrap kt-has-1-columns kt-gutter-default kt-row-valign-top kt-row-layout-equal kt-tab-layout-inherit kt-m-colapse-left-to-right kt-mobile-layout-row\">\n<div class=\"wp-block-kadence-column kadence-column5118 inner-column-1\"><div class=\"kt-inside-inner-col\">\t<div class=\"breadcrumb-container \">\n\t\t<div class=\"breadcrumbs\">\n\t\t\t<span property=\"itemListElement\" typeof=\"ListItem\"><a property=\"item\" typeof=\"WebPage\" title=\"Vai a Home.\" href=\"https:\/\/www.biocollagenix.com\/it\/\" class=\"home\" aria-current=\"page\"><span property=\"name\">Home<\/span><\/a><meta property=\"position\" content=\"1\"><\/span>\t\t<\/div>\n\t<\/div>\n\n\n\n\n<h1 id=\"kt-adv-heading_34c055-b1\" class=\"wp-block-kadence-advancedheading\">Vuoi saperne di pi\u00f9 su Biocollagenix?<br\/>Chiedilo a chi ha gi\u00e0 provato il beauty drink!<\/h1>\n\n\n\n<p>Leggi cosa dicono le blogger che hanno provato Biocollagenix.<br>Trovi tutti i dettagli nei loro articoli, foto Instagram e post Facebook che abbiamo raccolto in questa sezione.<\/p>\n<\/div><\/div>\n<\/div><\/div><\/div>\n\n\n\n<div class=\"internal-section blogger-page\">\n<div class=\"container clearfix\">\n<div class=\"content clearfix\">\n<h3 class=\"titolo\">Leggi cosa dicono le blogger che hanno provato Biocollagenix.<\/h3>\n<p class=\"sottotitolo\">Ecco un estratto dei loro articoli, foto Instagram e post Facebook che abbiamo raccolto per voi!<\/p>\n<div class=\"box\">\n<figure><img loading=\"lazy\" decoding=\"async\" src=\"https:\/\/www.biocollagenix.com\/wp-content\/uploads\/2017\/01\/icona-instagram.gif\" alt=\"icona-instagram\" width=\"26\" height=\"27\"><\/figure><p class=\"name\"><a href=\"https:\/\/www.instagram.com\/p\/BLHMO_dBn2k\/?taken-by=laurachiari_8\" target=\"_blank\" rel=\"noopener\"> laurachiari_8<\/a><\/p>\n<p class=\"extra\">Un pomeriggio di coccole. Ho provato il <b>#beautyDrink<\/b> di <b>@esi.italia<\/b> con Collagene marino e Acido Ialuronico. Biocollagenix, <b>#antiage<\/b> da bere per una pelle pi\u00f9 bella e luminosa!<\/p>\n<figure><img loading=\"lazy\" decoding=\"async\" class=\"alignnone size-full wp-image-1080\" src=\"https:\/\/www.biocollagenix.com\/wp-content\/uploads\/2017\/01\/icina-facebook.gif\" alt=\"icina-facebook\" width=\"28\" height=\"28\"><\/figure><p class=\"name\"><a href=\"https:\/\/m.facebook.com\/story.php?story_fbid=882559855177090&amp;substory_index=0&amp;id=346827715416976\" target=\"_blank\" rel=\"noopener\"> Biancaneve makeup<\/a><\/p>\n<p class=\"title bg\"><a href=\"http:\/\/www.mysecretroom.it\/Biocollagenina-un-sorso-di-bellezza\/\" target=\"_blank\" rel=\"noopener\">Biocollagenix un sorso di bellezza<\/a><\/p>\n<p class=\"extra bg\">Da dove si comincia quando si vuole parlare della bellezza? Ognuno di noi ha una visione intima di essa. Dicono che la bellezza sta negli occhi di chi guarda. Difatti non credo che qualcosa sia bello ed emozionante per tutti allo stesso modo&#8230;<\/p>\n<figure><img loading=\"lazy\" decoding=\"async\" class=\"alignnone size-full wp-image-1071\" src=\"https:\/\/www.biocollagenix.com\/wp-content\/uploads\/2017\/01\/icona-blog.png\" alt=\"icona-blog\" width=\"29\" height=\"28\"><\/figure><p><em><b>Mysecretroom<\/b> di Maria Teresa Calce<\/em><\/p>\n<figure><img loading=\"lazy\" decoding=\"async\" class=\"alignnone size-full wp-image-1068\" src=\"https:\/\/www.biocollagenix.com\/wp-content\/uploads\/2017\/01\/icona-instagram.gif\" alt=\"icona-instagram\" width=\"26\" height=\"27\"><\/figure><p class=\"name\"><a href=\"http:\/\/www.imgrum.net\/media\/1359581260955348186_3150998165\" target=\"_blank\" rel=\"noopener\"> cristiana_banchetti<\/a><\/p>\n<p class=\"border\">&nbsp;<\/p>\n<\/div>\n<div class=\"box\">\n<p class=\"title\"><a href=\"http:\/\/tasteofstyle.it\/prendersi-cura-di-se\/\" target=\"_blank\" rel=\"noopener\">Prendersi cura di s\u00c9<\/a><\/p>\n<p class=\"sottotitolo\"><b>Taste of style<\/b> di Federica Visconti<\/p>\n<p class=\"title bg\"><a href=\"http:\/\/tasteofstyle.it\/prendersi-cura-di-se\/\" target=\"_blank\" rel=\"noopener\">Biocollagenix beauty drink formula<\/a><\/p>\n<p class=\"extra bg\">\u00c8 a base di Collagene marino idrolizzato, acido ialuronico, resveratolo, succo di Mirtillo, Vitamina C, Rame e Zinco. Sono pratici drink da assumere una volta al giorno che garantiscono un\u2019azione antiossidante grazie ai frutti di Mirtillo&#8230;<\/p>\n<figure><img loading=\"lazy\" decoding=\"async\" class=\"alignnone size-full wp-image-1071\" src=\"https:\/\/www.biocollagenix.com\/wp-content\/uploads\/2017\/01\/icona-blog.png\" alt=\"icona-blog\" width=\"29\" height=\"28\"><\/figure><p> <em><b>Missandmakeup<\/b> di Sara Aiello<\/em><\/p>\n<p class=\"title bg\"><a href=\"https:\/\/www.alessiafoglia.com\/beauty\/stop-alle-rughe-beauty-drink-biocollagenina-esi\/\" target=\"_blank\" rel=\"noopener\">Stop alle rughe con il beauty drink Biocollagenix di esi<\/a><\/p>\n<p class=\"extra bg\">Stop alle rughe con il beauty drink Biocollagenix di ESI. Vi devo confessare di non sentirmi affatto immune al crescente interesse&#8230;<\/p>\n<figure><img loading=\"lazy\" decoding=\"async\" class=\"alignnone size-full wp-image-1071\" src=\"https:\/\/www.biocollagenix.com\/wp-content\/uploads\/2017\/01\/icona-blog.png\" alt=\"icona-blog\" width=\"29\" height=\"28\"><\/figure><p><em><b>Nothingtoamend<\/b> di Alessia Foglia<\/em><\/p>\n<p class=\"title bg\"><a href=\"http:\/\/www.uptowngirl.it\/2016\/10\/biocollagenina-il-mio-naturale-segreto-di-bellezza.html\" target=\"_blank\" rel=\"noopener\">Biocollagenix, il mio naturale segreto di bellezza.<\/a><\/p>\n<p class=\"extra bg\">Una volta c\u2019era la spensieratezza, le notti brave e le uscite con gli amici. Poi l\u2019et\u00e0 avanza e la cassettiera dei trucchi deve lasciare spazio per creme antirughe, scrub e sieri di giovinezza.<\/p>\n<figure><img loading=\"lazy\" decoding=\"async\" class=\"alignnone size-full wp-image-1071\" src=\"https:\/\/www.biocollagenix.com\/wp-content\/uploads\/2017\/01\/icona-blog.png\" alt=\"icona-blog\" width=\"29\" height=\"28\"><\/figure><p><em><b>Uptowngirl<\/b><\/em><\/p>\n<p class=\"border\">&nbsp;<\/p>\n<\/div>\n<div class=\"box no-margin\">\n<figure><img loading=\"lazy\" decoding=\"async\" class=\"alignnone size-full wp-image-1068\" src=\"https:\/\/www.biocollagenix.com\/wp-content\/uploads\/2017\/01\/icona-instagram.gif\" alt=\"icona-instagram\" width=\"26\" height=\"27\"><\/figure><p class=\"name\"><a href=\"https:\/\/www.instagram.com\/p\/BL-kojFjNgP\/\" target=\"_blank\" rel=\"noopener\"> biancanevemakeup<\/a><\/p>\n<p class=\"extra\">Grandi novit\u00e0 per la mia pelle! Ormai l&#8217;et\u00e0 \u00e8 quella che \u00e8 e c&#8217;\u00e8 bisogno di un aiuto extra per mantenere la pelle elastica, soda e giovane.<\/p>\n<p class=\"name\"><b>Miss And Makeup<\/b><\/p>\n<p class=\"title bg\"><a href=\"http:\/\/www.mariarosaneri.it\/bellezza-coccole\/\" target=\"_blank\" rel=\"noopener\">Bellezza e coccole<\/a><\/p>\n<p class=\"extra bg\">Le coccole non sono mai abbastanza, chetelodicoaf\u00e0. Mi piace farle,riceverle e mi piace donarle a me stessa:sono quelle meno consuete e pi\u00f9 golose.<\/p>\n<figure><img loading=\"lazy\" decoding=\"async\" class=\"alignnone size-full wp-image-1071\" src=\"https:\/\/www.biocollagenix.com\/wp-content\/uploads\/2017\/01\/icona-blog.png\" alt=\"icona-blog\" width=\"29\" height=\"28\"><\/figure><p><em><b>Maria Rosa Neri<\/b><\/em><\/p>\n<!--<p class=\"title\"><a href=\"http:\/\/www.sarahbalivo.com\/Biocollagenina-un-sorso-di-bellezza-ogni-mattina\/\" target=\"_blank\" rel=\"noopener\">Un sorso di bellezza ogni mattina<\/a><\/p>\n<p class=\"sottotitolo\"><b>2 biscotti nel t\u00e8<\/b> di Sara Balivo<\/p>-->\n<\/div>\n<\/div>\n<\/div>\n<\/div>\n","protected":false},"excerpt":{"rendered":"<p>Leggi cosa dicono le blogger che hanno provato Biocollagenix. Ecco un estratto dei loro articoli, foto Instagram e post Facebook che abbiamo raccolto per voi! laurachiari_8 Un pomeriggio di coccole. Ho provato il #beautyDrink di @esi.italia con Collagene marino e Acido Ialuronico. Biocollagenix, #antiage da bere per una pelle pi\u00f9 bella e luminosa! Biancaneve makeup [&hellip;]<\/p>\n","protected":false},"author":3,"featured_media":0,"parent":0,"menu_order":0,"comment_status":"closed","ping_status":"closed","template":"","meta":{"kt_blocks_editor_width":"fullwidth","footnotes":""},"class_list":["post-993","page","type-page","status-publish","hentry"],"_links":{"self":[{"href":"https:\/\/www.biocollagenix.com\/it\/wp-json\/wp\/v2\/pages\/993"}],"collection":[{"href":"https:\/\/www.biocollagenix.com\/it\/wp-json\/wp\/v2\/pages"}],"about":[{"href":"https:\/\/www.biocollagenix.com\/it\/wp-json\/wp\/v2\/types\/page"}],"author":[{"embeddable":true,"href":"https:\/\/www.biocollagenix.com\/it\/wp-json\/wp\/v2\/users\/3"}],"replies":[{"embeddable":true,"href":"https:\/\/www.biocollagenix.com\/it\/wp-json\/wp\/v2\/comments?post=993"}],"version-history":[{"count":47,"href":"https:\/\/www.biocollagenix.com\/it\/wp-json\/wp\/v2\/pages\/993\/revisions"}],"predecessor-version":[{"id":6470,"href":"https:\/\/www.biocollagenix.com\/it\/wp-json\/wp\/v2\/pages\/993\/revisions\/6470"}],"wp:attachment":[{"href":"https:\/\/www.biocollagenix.com\/it\/wp-json\/wp\/v2\/media?parent=993"}],"curies":[{"name":"wp","href":"https:\/\/api.w.org\/{rel}","templated":true}]}}