{"id":982,"date":"2017-01-25T17:08:36","date_gmt":"2017-01-25T16:08:36","guid":{"rendered":"https:\/\/www.biocollagenix.com\/it\/?page_id=982"},"modified":"2020-08-26T11:36:54","modified_gmt":"2020-08-26T09:36:54","slug":"componenti-integratore-antirughe","status":"publish","type":"page","link":"https:\/\/www.biocollagenix.com\/it\/stop-allinvecchiamento\/componenti-integratore-antirughe\/","title":{"rendered":"I principi naturali"},"content":{"rendered":"<style id=\"kt-blocks_fa51a6-ff\">#kt-layout-id_fa51a6-ff{background-color:#6bb8d4;background-image:url('https:\/\/www.biocollagenix.com\/wp-content\/uploads\/2019\/01\/bg-h1-page.jpg');background-size:cover;background-position:center center;background-attachment:scroll;background-repeat:no-repeat;}#kt-layout-id_fa51a6-ff > .kt-row-column-wrap{padding-top:0px;max-width:1170px;margin-left:auto;margin-right:auto;}<\/style>\n<div class=\"wp-block-kadence-rowlayout alignnone\"><div id=\"kt-layout-id_fa51a6-ff\" class=\"kt-row-layout-inner kt-row-has-bg kt-layout-id_fa51a6-ff\"><div class=\"kt-row-column-wrap kt-has-1-columns kt-gutter-default kt-v-gutter-default kt-row-valign-top kt-row-layout-equal kt-tab-layout-inherit kt-m-colapse-left-to-right kt-mobile-layout-row\">\n<div class=\"wp-block-kadence-column inner-column-1 kadence-column_f20abb-52\"><div class=\"kt-inside-inner-col\">\t<div class=\"breadcrumb-container white\">\n\t\t<div class=\"breadcrumbs\">\n\t\t\t<span property=\"itemListElement\" typeof=\"ListItem\"><a property=\"item\" typeof=\"WebPage\" title=\"Vai a Home.\" href=\"https:\/\/www.biocollagenix.com\/it\/\" class=\"home\" aria-current=\"page\"><span property=\"name\">Home<\/span><\/a><meta property=\"position\" content=\"1\"><\/span>\t\t<\/div>\n\t<\/div>\n\n\n\n<style id=\"kt-blocks_ed73b1-9a\">#kt-adv-heading_ed73b1-9a, #kt-adv-heading_ed73b1-9a .wp-block-kadence-advancedheading, .wp-block-kadence-advancedheading.kt-adv-heading_ed73b1-9a[data-kb-block=\"kb-adv-heading_ed73b1-9a\"], .kadence-advanced-heading-wrapper .kt-adv-heading_ed73b1-9a[data-kb-block=\"kb-adv-heading_ed73b1-9a\"]{color:#ffffff;margin-bottom:1em;}#kt-adv-heading_ed73b1-9a mark, #kt-adv-heading_ed73b1-9a .wp-block-kadence-advancedheading mark, .kt-adv-heading_ed73b1-9a[data-kb-block=\"kb-adv-heading_ed73b1-9a\"] mark{padding:0px 0px 0px 0px;}<\/style>\n<h1 id=\"kt-adv-heading_ed73b1-9a\" class=\"kt-adv-heading_ed73b1-9a wp-block-kadence-advancedheading\" style=\"color:#ffffff;margin-bottom:1em\">I principi naturali<\/h1>\n\n\n\n<p style=\"color:#ffffff\" class=\"has-text-color\">La linea di <strong>integratori Biocollagenix<\/strong>  contiene tutti i principi naturali necessari per un efficace trattamento antirughe e antiet\u00e0 . Tutti i benefici del<strong> Collagene marino, dell&#8217;Acido Ialuronico e del Resveratrolo<\/strong> racchiusi in un solo prodotto per una pelle sana, giovane e luminosa. <\/p>\n<\/div><\/div>\n<\/div><\/div><\/div>\n\n\n<style id=\"kt-blocks_4ab6af-0b\">#kt-layout-id_4ab6af-0b{background-color:#f1f1f3;background-image:url('https:\/\/www.biocollagenix.com\/wp-content\/uploads\/2019\/01\/bg-componenti-primo-fascione.jpg');background-size:cover;background-position:center center;background-attachment:scroll;background-repeat:no-repeat;}#kt-layout-id_4ab6af-0b > .kt-row-column-wrap{padding-top:70px;padding-bottom:70px;padding-left:30px;padding-right:30px;max-width:1170px;margin-left:auto;margin-right:auto;}@media all and (max-width: 767px){#kt-layout-id_4ab6af-0b > .kt-row-column-wrap{padding-top:30px;padding-bottom:30px;}}<\/style>\n<div class=\"wp-block-kadence-rowlayout alignnone\"><div id=\"kt-layout-id_4ab6af-0b\" class=\"kt-row-layout-inner kt-row-has-bg kt-layout-id_4ab6af-0b\"><div class=\"kt-row-column-wrap kt-has-2-columns kt-gutter-default kt-v-gutter-default kt-row-valign-middle kt-row-layout-equal kt-tab-layout-inherit kt-m-colapse-left-to-right kt-mobile-layout-row\">\n<div class=\"wp-block-kadence-column inner-column-1 kadence-column_77de44-b3\"><div class=\"kt-inside-inner-col\">\n<p><\/p>\n<\/div><\/div>\n\n\n\n<div class=\"wp-block-kadence-column inner-column-2 kadence-column_8d8c98-2c\"><div class=\"kt-inside-inner-col\"><style id=\"kt-blocks_b4fbd4-79\">#kt-adv-heading_b4fbd4-79 mark, #kt-adv-heading_b4fbd4-79 .wp-block-kadence-advancedheading mark, .kt-adv-heading_b4fbd4-79[data-kb-block=\"kb-adv-heading_b4fbd4-79\"] mark{padding:0px 0px 0px 0px;}<\/style>\n<h2 id=\"kt-adv-heading_b4fbd4-79\" class=\"kt-adv-heading_b4fbd4-79 wp-block-kadence-advancedheading\">Collagene e salute della pelle<br><\/h2>\n\n\n\n<p><strong>Il collagene \u00e8 la proteina presente in maggiore quantit\u00e0 nell\u2019organismo<\/strong>, dove ricopre un ruolo strutturale, a protezione e sostegno dei tessuti molli. Le fibre di collagene si ritrovano soprattutto nella pelle, nei legamenti, nei tendini, nelle ossa e nelle cartilagini. Con l\u2019aumento dell\u2019et\u00e0, l\u2019esposizione ai raggi solari e l\u2019inquinamento, si verifica una progressiva e graduale riduzione dei precursori del collagene ed il conseguente aumento della degradazione del collagene maturo. Il calo di produzione di Collagene \u00e8 il motivo principale per cui le articolazioni si indeboliscono, i muscoli perdono di tono e&nbsp;<strong>compaiono le rughe sulla pelle.<\/strong><\/p>\n\n\n\n<p><\/p>\n<\/div><\/div>\n<\/div><\/div><\/div>\n\n\n<style id=\"kt-blocks_e35e31-a1\">#kt-layout-id_e35e31-a1{background-color:#e7efe1;background-image:url('https:\/\/www.biocollagenix.com\/wp-content\/uploads\/2019\/01\/bg-componenti-secondo-fascione.jpg');background-size:cover;background-position:center center;background-attachment:scroll;background-repeat:no-repeat;}#kt-layout-id_e35e31-a1 > .kt-row-column-wrap{padding-top:70px;padding-bottom:70px;padding-left:30px;padding-right:30px;max-width:1170px;margin-left:auto;margin-right:auto;}@media all and (max-width: 767px){#kt-layout-id_e35e31-a1 > .kt-row-column-wrap{padding-top:30px;padding-bottom:30px;}}<\/style>\n<div class=\"wp-block-kadence-rowlayout alignnone\"><div id=\"kt-layout-id_e35e31-a1\" class=\"kt-row-layout-inner kt-row-has-bg kt-layout-id_e35e31-a1\"><div class=\"kt-row-column-wrap kt-has-2-columns kt-gutter-default kt-v-gutter-default kt-row-valign-middle kt-row-layout-equal kt-tab-layout-inherit kt-m-colapse-left-to-right kt-mobile-layout-row\">\n<div class=\"wp-block-kadence-column inner-column-1 kadence-column_c71f3c-24\"><div class=\"kt-inside-inner-col\"><style id=\"kt-blocks_b1ac29-21\">#kt-adv-heading_b1ac29-21 mark, #kt-adv-heading_b1ac29-21 .wp-block-kadence-advancedheading mark, .kt-adv-heading_b1ac29-21[data-kb-block=\"kb-adv-heading_b1ac29-21\"] mark{padding:0px 0px 0px 0px;}<\/style>\n<h2 id=\"kt-adv-heading_b1ac29-21\" class=\"kt-adv-heading_b1ac29-21 wp-block-kadence-advancedheading\">Acido Ialuronico: propriet\u00e0 e benefici<br><\/h2>\n\n\n\n<p><strong>L\u2019Acido Ialuronico<\/strong>&nbsp;\u00e8 una sostanza prodotta naturalmente dall\u2019organismo ed \u00e8 uno dei componenti pi\u00f9 importanti per la salute dei tessuti. \u00c8 grazie all\u2019Acido Ialuronico se la pelle \u00e8 elastica, resistente e protetta dagli agenti esterni. L\u2019Acido Ialuronico svolge un ruolo importante per garantire il benessere dell\u2019organismo.&nbsp;In generale l\u2019Acido Ialuronico \u00e8 responsabile della corretta idratazione e tonicit\u00e0 della cute, grazie alla sua capacit\u00e0 di legare a s\u00e9 una grande quantit\u00e0 di molecole d\u2019acqua che va ad idratare tutti i tessuti. I livelli di Acido Ialuronico nel corpo diminuisce con l\u2019et\u00e0. Per questo&nbsp;<strong>Biocollagenix contiene anche Acido Ialuronico.<\/strong><br><\/p>\n\n\n\n<div style=\"height:20px\" aria-hidden=\"true\" class=\"wp-block-spacer\"><\/div>\n\n\n<style id=\"kt-blocks_fa98f1-ad\">.wp-block-kadence-advancedbtn.kt-btns_fa98f1-ad .kt-btn-wrap-0 .kt-button{padding-left:25px;padding-right:25px;padding-top:15px;padding-bottom:15px;color:#184489;font-size:15px;background:transparent;border-color:#184489;}.wp-block-kadence-advancedbtn.kt-btns_fa98f1-ad .kt-btn-wrap-0 .kt-button:hover, .wp-block-kadence-advancedbtn.kt-btns_fa98f1-ad .kt-btn-wrap-0 .kt-button:focus{color:#ffffff;border-color:#184489;}.wp-block-kadence-advancedbtn.kt-btns_fa98f1-ad .kt-btn-wrap-0 .kt-button::before{display:none;}.wp-block-kadence-advancedbtn.kt-btns_fa98f1-ad .kt-btn-wrap-0 .kt-button:hover, .wp-block-kadence-advancedbtn.kt-btns_fa98f1-ad .kt-btn-wrap-0 .kt-button:focus{background:#184489;}<\/style>\n<div class=\"wp-block-kadence-advancedbtn kt-btn-align-left kt-btn-tablet-align-inherit kt-btn-mobile-align-inherit kt-btns-wrap kt-btns_fa98f1-ad\"><div class=\"kt-btn-wrap kt-btn-wrap-0\"><a class=\"kt-button button kt-btn-0-action kt-btn-size-custom kt-btn-style-basic kt-btn-svg-show-always kt-btn-has-text-true kt-btn-has-svg-true\" href=\"https:\/\/www.biocollagenix.com\/it\/stop-allinvecchiamento\/i-nostri-test-clinici\/\" style=\"border-radius:0px;border-width:2px\"><div style=\"display:inline-flex;justify-content:center;align-items:center\" class=\"kt-btn-svg-icon kt-btn-svg-icon-fe_arrowRight kt-btn-side-left\"><svg style=\"display:inline-block;vertical-align:middle\" viewbox=\"0 0 24 24\" height=\"15\" width=\"15\" fill=\"none\" stroke=\"currentColor\" xmlns=\"http:\/\/www.w3.org\/2000\/svg\" stroke-width=\"2\" stroke-linecap=\"round\" stroke-linejoin=\"round\"><line x1=\"5\" y1=\"12\" x2=\"19\" y2=\"12\"><\/line><polyline points=\"12 5 19 12 12 19\"><\/polyline><\/svg><\/div><span class=\"kt-btn-inner-text\">VAI A TEST CLINICI <\/span><\/a><\/div><\/div>\n<\/div><\/div>\n\n\n\n<div class=\"wp-block-kadence-column inner-column-2 kadence-column_c2a666-4f\"><div class=\"kt-inside-inner-col\">\n<p><\/p>\n<\/div><\/div>\n<\/div><\/div><\/div>\n\n\n<style id=\"kt-blocks_4c71a4-ec\">#kt-layout-id_4c71a4-ec{background-color:#eefaf6;background-image:url('https:\/\/www.biocollagenix.com\/wp-content\/uploads\/2019\/01\/bg-componenti-terzo-fascione.jpg');background-size:cover;background-position:center center;background-attachment:scroll;background-repeat:no-repeat;}#kt-layout-id_4c71a4-ec > .kt-row-column-wrap{padding-top:70px;padding-bottom:70px;padding-left:30px;padding-right:30px;max-width:1170px;margin-left:auto;margin-right:auto;}@media all and (max-width: 767px){#kt-layout-id_4c71a4-ec > .kt-row-column-wrap{padding-top:0px;padding-bottom:30px;}}<\/style>\n<div class=\"wp-block-kadence-rowlayout alignnone\"><div id=\"kt-layout-id_4c71a4-ec\" class=\"kt-row-layout-inner kt-row-has-bg kt-layout-id_4c71a4-ec\"><div class=\"kt-row-column-wrap kt-has-2-columns kt-gutter-default kt-v-gutter-default kt-row-valign-middle kt-row-layout-equal kt-tab-layout-inherit kt-m-colapse-left-to-right kt-mobile-layout-row\">\n<div class=\"wp-block-kadence-column inner-column-1 kadence-column_99bfc3-9d\"><div class=\"kt-inside-inner-col\">\n<p><\/p>\n<\/div><\/div>\n\n\n\n<div class=\"wp-block-kadence-column inner-column-2 kadence-column_c2dfea-ed\"><div class=\"kt-inside-inner-col\"><style id=\"kt-blocks_23aaaf-ad\">#kt-adv-heading_23aaaf-ad mark, #kt-adv-heading_23aaaf-ad .wp-block-kadence-advancedheading mark, .kt-adv-heading_23aaaf-ad[data-kb-block=\"kb-adv-heading_23aaaf-ad\"] mark{padding:0px 0px 0px 0px;}<\/style>\n<h2 id=\"kt-adv-heading_23aaaf-ad\" class=\"kt-adv-heading_23aaaf-ad wp-block-kadence-advancedheading\">Resveratrolo: antiossidante e anti-age<br><\/h2>\n\n\n\n<p>Il Resveratrolo \u00e8 una molecola di origine vegetale spesso estratta dalle bucce degli acini d\u2019uva.<br><\/p>\n\n\n\n<div style=\"height:20px\" aria-hidden=\"true\" class=\"wp-block-spacer\"><\/div>\n\n\n<style id=\"kt-blocks_6e9d20-23\">.wp-block-kadence-advancedbtn.kt-btns_6e9d20-23 .kt-btn-wrap-0 .kt-button{padding-left:25px;padding-right:25px;padding-top:15px;padding-bottom:15px;color:#184489;font-size:15px;background:transparent;border-color:#184489;}.wp-block-kadence-advancedbtn.kt-btns_6e9d20-23 .kt-btn-wrap-0 .kt-button:hover, .wp-block-kadence-advancedbtn.kt-btns_6e9d20-23 .kt-btn-wrap-0 .kt-button:focus{color:#ffffff;border-color:#184489;}.wp-block-kadence-advancedbtn.kt-btns_6e9d20-23 .kt-btn-wrap-0 .kt-button::before{display:none;}.wp-block-kadence-advancedbtn.kt-btns_6e9d20-23 .kt-btn-wrap-0 .kt-button:hover, .wp-block-kadence-advancedbtn.kt-btns_6e9d20-23 .kt-btn-wrap-0 .kt-button:focus{background:#184489;}<\/style>\n<div class=\"wp-block-kadence-advancedbtn kt-btn-align-left kt-btn-tablet-align-inherit kt-btn-mobile-align-inherit kt-btns-wrap kt-btns_6e9d20-23\"><div class=\"kt-btn-wrap kt-btn-wrap-0\"><a class=\"kt-button button kt-btn-0-action kt-btn-size-custom kt-btn-style-basic kt-btn-svg-show-always kt-btn-has-text-true kt-btn-has-svg-true\" href=\"\/it\/stop-allinvecchiamento\/cause-invecchiamento-della-pelle\/\" style=\"border-radius:0px;border-width:2px\"><div style=\"display:inline-flex;justify-content:center;align-items:center\" class=\"kt-btn-svg-icon kt-btn-svg-icon-fe_arrowRight kt-btn-side-left\"><svg style=\"display:inline-block;vertical-align:middle\" viewbox=\"0 0 24 24\" height=\"15\" width=\"15\" fill=\"none\" stroke=\"currentColor\" xmlns=\"http:\/\/www.w3.org\/2000\/svg\" stroke-width=\"2\" stroke-linecap=\"round\" stroke-linejoin=\"round\"><line x1=\"5\" y1=\"12\" x2=\"19\" y2=\"12\"><\/line><polyline points=\"12 5 19 12 12 19\"><\/polyline><\/svg><\/div><span class=\"kt-btn-inner-text\">PERCH\u00c9 LA PELLE INVECCHIA<\/span><\/a><\/div><\/div>\n<\/div><\/div>\n<\/div><\/div><\/div>\n\n\n<style id=\"kt-blocks_3d7750-3b\">#kt-layout-id_3d7750-3b{background-color:#e7efe1;background-image:url('https:\/\/www.biocollagenix.com\/wp-content\/uploads\/2019\/01\/bg-componenti-quarto-fascione.jpg');background-size:cover;background-position:center center;background-attachment:scroll;background-repeat:no-repeat;}#kt-layout-id_3d7750-3b > .kt-row-column-wrap{padding-top:70px;padding-bottom:70px;padding-left:30px;padding-right:30px;min-height:700px;max-width:1170px;margin-left:auto;margin-right:auto;}@media all and (max-width: 767px){#kt-layout-id_3d7750-3b > .kt-row-column-wrap{padding-top:30px;padding-bottom:30px;}}<\/style>\n<div class=\"wp-block-kadence-rowlayout alignnone\"><div id=\"kt-layout-id_3d7750-3b\" class=\"kt-row-layout-inner kt-row-has-bg kt-layout-id_3d7750-3b\"><div class=\"kt-row-column-wrap kt-has-2-columns kt-gutter-default kt-v-gutter-default kt-row-valign-middle kt-row-layout-equal kt-tab-layout-inherit kt-m-colapse-left-to-right kt-mobile-layout-row\">\n<div class=\"wp-block-kadence-column inner-column-1 kadence-column_a5a4ce-78\"><div class=\"kt-inside-inner-col\"><style id=\"kt-blocks_4d9312-ff\">#kt-adv-heading_4d9312-ff mark, #kt-adv-heading_4d9312-ff .wp-block-kadence-advancedheading mark, .kt-adv-heading_4d9312-ff[data-kb-block=\"kb-adv-heading_4d9312-ff\"] mark{padding:0px 0px 0px 0px;}<\/style>\n<h2 id=\"kt-adv-heading_4d9312-ff\" class=\"kt-adv-heading_4d9312-ff wp-block-kadence-advancedheading\">Antiossidanti e antiradicali liberi<br><\/h2>\n\n\n\n<p>Gli antiossidanti e gli antiradicali liberi sono sostanze in grado di contrastare i danni creati dai radicali liberi. Questi composti sono in grado di reagire con i radicali liberi riducendone la reattivit\u00e0 e generando molecole meno pericolose, facilmente eliminabili dall\u2019organismo. Ricordiamo, a tal proposito, che non esiste un antiossidante universale efficace e attivo contro tutti i tipi di radicali liberi; da qui l\u2019esigenza di combinare diversi antiossidanti in modo che le diverse molecole possano agire in modo complementare o in sinergia. In Biocollagenix sono presenti vitamine e antiossidanti, tra cui:<\/p>\n\n\n\n<p><strong>Vitamina C \u2013 Contribuisce alla formazione del Collagene.<\/strong>&nbsp;Oltre alle numerose attivit\u00e0 che esplica nel nostro organismo, la Vitamina C contribuisce anche alla formazione del Collagene per la normale funzione della pelle. Inoltre, grazie alle propriet\u00e0 antiossidanti, contribuisce alla protezione delle cellule dallo stress ossidativo.<\/p>\n\n\n\n<p><strong>Frutti di Mirtillo \u2013 Azione antiossidante per una pelle lucente.<\/strong>&nbsp;I mirtilli sono ricchi di propriet\u00e0 che migliorano l\u2019elasticit\u00e0 e la luminosit\u00e0 della pelle del viso, rinforzando le pareti dei vasi sanguigni e contrastando cos\u00ec il processo di invecchiamento. Grazie alla ricchezza delle loro propriet\u00e0, i mirtilli sono uno dei rimedi naturali migliori per avere una pelle sempre giovane.<\/p>\n\n\n\n<p><strong>Rame \u2013 Protegge la pelle dallo stress ossidativo.<\/strong>&nbsp;Il Rame \u00e8 un microelemento essenziale che contribuisce al mantenimento di tessuti connettivi, alla normale pigmentazione dei capelli e della pelle e alla protezione delle cellule dallo stress ossidativo.<\/p>\n\n\n\n<p><strong>Zinco \u2013 Contribuisce ad avere una pelle sana e in salute.<\/strong>&nbsp;Tra le sue tante funzioni, lo Zinco svolge un ruolo importante in relazione alla cura della pelle, garantendo il normale mantenimento dello stato di salute dell\u2019epidermide.<br><\/p>\n<\/div><\/div>\n\n\n\n<div class=\"wp-block-kadence-column inner-column-2 kadence-column_8e15e8-25\"><div class=\"kt-inside-inner-col\">\n<p><\/p>\n<\/div><\/div>\n<\/div><\/div><\/div>\n\n\n<div class=\"products\">\n    <div class=\"container\">\n        <h3 class=\"products__title\">\n            Scopri i prodotti al collagene        <\/h3>\n        <div class=\"products__list\">\n                                                <div class=\"product\">\n                        <div class=\"product__image\">\n                            <a href=\"https:\/\/www.biocollagenix.com\/it\/biocollagenix-crema-antieta-plus\/\"><img decoding=\"async\" src=\"https:\/\/www.biocollagenix.com\/wp-content\/uploads\/2022\/02\/biocollagenix-crema-antieta-plus-200x285-1.png\"><\/a>\n                        <\/div>\n                        <div class=\"product__name\">\n                            <a href=\"https:\/\/www.biocollagenix.com\/it\/biocollagenix-crema-antieta-plus\/\">Biocollagenix Crema antiet\u00e0 plus<\/a>\n                        <\/div>\n                        <div class=\"product__excerpt\">\n                            Trattamento antiet\u00e0 globale formulato per fortificare la pelle matura                        <\/div>\n                    <\/div>\n                                                                <div class=\"product\">\n                        <div class=\"product__image\">\n                            <a href=\"https:\/\/www.biocollagenix.com\/it\/biocollagenix-crema-antieta\/\"><img decoding=\"async\" src=\"https:\/\/www.biocollagenix.com\/wp-content\/uploads\/2022\/02\/biocollagenix-crema-antieta-200x285-1.png\"><\/a>\n                        <\/div>\n                        <div class=\"product__name\">\n                            <a href=\"https:\/\/www.biocollagenix.com\/it\/biocollagenix-crema-antieta\/\">Biocollagenix Crema antiet\u00e0<\/a>\n                        <\/div>\n                        <div class=\"product__excerpt\">\n                            Crema antiet\u00e0 per combattere l\u2019invecchiamento cutaneo.                        <\/div>\n                    <\/div>\n                                                                <div class=\"product\">\n                        <div class=\"product__image\">\n                            <a href=\"https:\/\/www.biocollagenix.com\/it\/compresse-azione-antiossidante\/\"><img decoding=\"async\" src=\"https:\/\/www.biocollagenix.com\/wp-content\/uploads\/2022\/02\/biocollagenix-antiossidante-60cpr-200x285-1.png\"><\/a>\n                        <\/div>\n                        <div class=\"product__name\">\n                            <a href=\"https:\/\/www.biocollagenix.com\/it\/compresse-azione-antiossidante\/\">Biocollagenix azione antiossidante compresse<\/a>\n                        <\/div>\n                        <div class=\"product__excerpt\">\n                            Integratore in pratiche compresse per combattere l\u2019invecchiamento cutaneo                        <\/div>\n                    <\/div>\n                                                                <div class=\"product\">\n                        <div class=\"product__image\">\n                            <a href=\"https:\/\/www.biocollagenix.com\/it\/biocollagenix-maschera\/\"><img decoding=\"async\" src=\"https:\/\/www.biocollagenix.com\/wp-content\/uploads\/2020\/08\/face-mask-200x285-.png\"><\/a>\n                        <\/div>\n                        <div class=\"product__name\">\n                            <a href=\"https:\/\/www.biocollagenix.com\/it\/biocollagenix-maschera\/\">Biocollagenix Maschera<\/a>\n                        <\/div>\n                        <div class=\"product__excerpt\">\n                            Maschera Viso Hydrogel ad azione anti-age, idratante e levigante                        <\/div>\n                    <\/div>\n                                                                <div class=\"product\">\n                        <div class=\"product__image\">\n                            <a href=\"https:\/\/www.biocollagenix.com\/it\/biocollagenix-trattamento-concentrato-anti-eta\/\"><img decoding=\"async\" src=\"https:\/\/www.biocollagenix.com\/wp-content\/uploads\/2020\/08\/ampolle-200x285-1.png\"><\/a>\n                        <\/div>\n                        <div class=\"product__name\">\n                            <a href=\"https:\/\/www.biocollagenix.com\/it\/biocollagenix-trattamento-concentrato-anti-eta\/\">Biocollagenix Trattamento Concentrato anti-et\u00e0<\/a>\n                        <\/div>\n                        <div class=\"product__excerpt\">\n                            Trattamento concentrato anti-et\u00e0 in ampolle a base di Collagene per ridurre le rughe                        <\/div>\n                    <\/div>\n                                                                <div class=\"product\">\n                        <div class=\"product__image\">\n                            <a href=\"https:\/\/www.biocollagenix.com\/it\/biocollagenix-ovalette\/\"><img decoding=\"async\" src=\"https:\/\/www.biocollagenix.com\/wp-content\/uploads\/2019\/10\/ovalette.png\"><\/a>\n                        <\/div>\n                        <div class=\"product__name\">\n                            <a href=\"https:\/\/www.biocollagenix.com\/it\/biocollagenix-ovalette\/\">Biocollagenix Ovalette<\/a>\n                        <\/div>\n                        <div class=\"product__excerpt\">\n                            Integratore alimentare a base di Collagene marino idrolizzato.                        <\/div>\n                    <\/div>\n                                                                <div class=\"product\">\n                        <div class=\"product__image\">\n                            <a href=\"https:\/\/www.biocollagenix.com\/it\/eye-patch-al-collagene\/\"><img decoding=\"async\" src=\"https:\/\/www.biocollagenix.com\/wp-content\/uploads\/2020\/08\/eye-patch-200x285-1.png\"><\/a>\n                        <\/div>\n                        <div class=\"product__name\">\n                            <a href=\"https:\/\/www.biocollagenix.com\/it\/eye-patch-al-collagene\/\">Eye Patch al Collagene<\/a>\n                        <\/div>\n                        <div class=\"product__excerpt\">\n                            Eye patch al Collagene: cerotti per il trattamento anti-occhiaie.                        <\/div>\n                    <\/div>\n                                                                <div class=\"product\">\n                        <div class=\"product__image\">\n                            <a href=\"https:\/\/www.biocollagenix.com\/it\/collagene-in-compresse-antirughe\/\"><img decoding=\"async\" src=\"https:\/\/www.biocollagenix.com\/wp-content\/uploads\/2019\/07\/tavolette-collagene-biocollagenix-new.png\"><\/a>\n                        <\/div>\n                        <div class=\"product__name\">\n                            <a href=\"https:\/\/www.biocollagenix.com\/it\/collagene-in-compresse-antirughe\/\">Collagene in compresse<\/a>\n                        <\/div>\n                        <div class=\"product__excerpt\">\n                            Integratore a base di Collagene marino idrolizzato in pratiche compresse                        <\/div>\n                    <\/div>\n                                                                <div class=\"product\">\n                        <div class=\"product__image\">\n                            <a href=\"https:\/\/www.biocollagenix.com\/it\/integratore-antiage-da-bere-con-collagene\/\"><img decoding=\"async\" src=\"https:\/\/www.biocollagenix.com\/wp-content\/uploads\/2019\/07\/collagene-bere-new.png\"><\/a>\n                        <\/div>\n                        <div class=\"product__name\">\n                            <a href=\"https:\/\/www.biocollagenix.com\/it\/integratore-antiage-da-bere-con-collagene\/\">Collagene da bere<\/a>\n                        <\/div>\n                        <div class=\"product__excerpt\">\n                            \ufeffIntegratore da bere a base di Collagene Marino I e III, Acido Ialuronico e Resveratrolo.                        <\/div>\n                    <\/div>\n                                    <\/div>\n    <\/div>\n<\/div>\n\n","protected":false},"excerpt":{"rendered":"","protected":false},"author":3,"featured_media":0,"parent":1354,"menu_order":0,"comment_status":"closed","ping_status":"closed","template":"","meta":{"kt_blocks_editor_width":"fullwidth","footnotes":""},"class_list":["post-982","page","type-page","status-publish","hentry"],"_links":{"self":[{"href":"https:\/\/www.biocollagenix.com\/it\/wp-json\/wp\/v2\/pages\/982"}],"collection":[{"href":"https:\/\/www.biocollagenix.com\/it\/wp-json\/wp\/v2\/pages"}],"about":[{"href":"https:\/\/www.biocollagenix.com\/it\/wp-json\/wp\/v2\/types\/page"}],"author":[{"embeddable":true,"href":"https:\/\/www.biocollagenix.com\/it\/wp-json\/wp\/v2\/users\/3"}],"replies":[{"embeddable":true,"href":"https:\/\/www.biocollagenix.com\/it\/wp-json\/wp\/v2\/comments?post=982"}],"version-history":[{"count":44,"href":"https:\/\/www.biocollagenix.com\/it\/wp-json\/wp\/v2\/pages\/982\/revisions"}],"predecessor-version":[{"id":5326,"href":"https:\/\/www.biocollagenix.com\/it\/wp-json\/wp\/v2\/pages\/982\/revisions\/5326"}],"up":[{"embeddable":true,"href":"https:\/\/www.biocollagenix.com\/it\/wp-json\/wp\/v2\/pages\/1354"}],"wp:attachment":[{"href":"https:\/\/www.biocollagenix.com\/it\/wp-json\/wp\/v2\/media?parent=982"}],"curies":[{"name":"wp","href":"https:\/\/api.w.org\/{rel}","templated":true}]}}