{"id":976,"date":"2017-01-25T16:11:40","date_gmt":"2017-01-25T15:11:40","guid":{"rendered":"https:\/\/www.biocollagenix.com\/it\/?page_id=976"},"modified":"2020-08-27T12:41:18","modified_gmt":"2020-08-27T10:41:18","slug":"vantaggi-integratore-antiage-da-bere","status":"publish","type":"page","link":"https:\/\/www.biocollagenix.com\/it\/vantaggi-del-collagene\/vantaggi-integratore-antiage-da-bere\/","title":{"rendered":"Vantaggi del Collagene da bere"},"content":{"rendered":"<style id=\"kt-blocks_182336-05\">#kt-layout-id_182336-05{background-color:#6bb8d4;background-image:url('https:\/\/www.biocollagenix.com\/wp-content\/uploads\/2019\/01\/bg-h1-page.jpg');background-size:cover;background-position:center center;background-attachment:scroll;background-repeat:no-repeat;}#kt-layout-id_182336-05 > .kt-row-column-wrap{padding-top:0px;max-width:1170px;margin-left:auto;margin-right:auto;}<\/style>\n<div class=\"wp-block-kadence-rowlayout alignnone\"><div id=\"kt-layout-id_182336-05\" class=\"kt-row-layout-inner kt-row-has-bg kt-layout-id_182336-05\"><div class=\"kt-row-column-wrap kt-has-1-columns kt-gutter-default kt-v-gutter-default kt-row-valign-top kt-row-layout-equal kt-tab-layout-inherit kt-m-colapse-left-to-right kt-mobile-layout-row\">\n<div class=\"wp-block-kadence-column inner-column-1 kadence-column_9194dd-b2\"><div class=\"kt-inside-inner-col\">\t<div class=\"breadcrumb-container white\">\n\t\t<div class=\"breadcrumbs\">\n\t\t\t<span property=\"itemListElement\" typeof=\"ListItem\"><a property=\"item\" typeof=\"WebPage\" title=\"Vai a Home.\" href=\"https:\/\/www.biocollagenix.com\/it\/\" class=\"home\" aria-current=\"page\"><span property=\"name\">Home<\/span><\/a><meta property=\"position\" content=\"1\"><\/span>\t\t<\/div>\n\t<\/div>\n\n\n\n<style id=\"kt-blocks_80d49f-0d\">#kt-adv-heading_80d49f-0d, #kt-adv-heading_80d49f-0d .wp-block-kadence-advancedheading, .wp-block-kadence-advancedheading.kt-adv-heading_80d49f-0d[data-kb-block=\"kb-adv-heading_80d49f-0d\"], .kadence-advanced-heading-wrapper .kt-adv-heading_80d49f-0d[data-kb-block=\"kb-adv-heading_80d49f-0d\"]{color:#ffffff;margin-bottom:1em;}#kt-adv-heading_80d49f-0d mark, #kt-adv-heading_80d49f-0d .wp-block-kadence-advancedheading mark, .kt-adv-heading_80d49f-0d[data-kb-block=\"kb-adv-heading_80d49f-0d\"] mark{padding:0px 0px 0px 0px;}<\/style>\n<h1 id=\"kt-adv-heading_80d49f-0d\" class=\"kt-adv-heading_80d49f-0d wp-block-kadence-advancedheading\" style=\"color:#ffffff;margin-bottom:1em\">I vantaggi e i benefici del Collagene da bere per la pelle<\/h1>\n\n\n\n<p style=\"color:#ffffff\" class=\"has-text-color\">Biocollagenix Beauty Drink \u00e8 stato studiato per godere di tutti i benefici del Collagene marino da bere in pratici formati monodose da 30 ml, da assumere facilmente e in ogni momento. <\/p>\n<\/div><\/div>\n<\/div><\/div><\/div>\n\n\n<style id=\"kt-blocks_fca0ca-f9\">#kt-layout-id_fca0ca-f9{background-color:#eef9fb;background-image:url('https:\/\/www.biocollagenix.com\/wp-content\/uploads\/2020\/08\/fascia-da-bere.jpg');background-size:cover;background-position:center center;background-attachment:scroll;background-repeat:no-repeat;}#kt-layout-id_fca0ca-f9 > .kt-row-column-wrap{padding-top:70px;padding-bottom:70px;padding-left:30px;padding-right:30px;min-height:700px;max-width:1170px;margin-left:auto;margin-right:auto;}@media all and (max-width: 767px){#kt-layout-id_fca0ca-f9 > .kt-row-column-wrap{padding-top:30px;padding-bottom:30px;}}<\/style>\n<div class=\"wp-block-kadence-rowlayout alignnone hide-bg-mobile section-bg__left\"><div id=\"kt-layout-id_fca0ca-f9\" class=\"kt-row-layout-inner kt-row-has-bg kt-layout-id_fca0ca-f9\"><div class=\"kt-row-column-wrap kt-has-2-columns kt-gutter-default kt-v-gutter-default kt-row-valign-middle kt-row-layout-equal kt-tab-layout-inherit kt-m-colapse-left-to-right kt-mobile-layout-row\">\n<div class=\"wp-block-kadence-column inner-column-1 kadence-column_229e7b-e1\"><div class=\"kt-inside-inner-col\"><\/div><\/div>\n\n\n\n<div class=\"wp-block-kadence-column inner-column-2 kadence-column_44bbcd-b0\"><div class=\"kt-inside-inner-col\">\n<figure class=\"wp-block-image size-large hide-on-desk\"><img loading=\"lazy\" decoding=\"async\" width=\"560\" height=\"560\" src=\"https:\/\/www.biocollagenix.com\/wp-content\/uploads\/2020\/08\/fascia-da-bere-mobile.png\" alt=\"\" class=\"wp-image-5228\" srcset=\"https:\/\/www.biocollagenix.com\/wp-content\/uploads\/2020\/08\/fascia-da-bere-mobile.png 560w, https:\/\/www.biocollagenix.com\/wp-content\/uploads\/2020\/08\/fascia-da-bere-mobile-300x300.png 300w, https:\/\/www.biocollagenix.com\/wp-content\/uploads\/2020\/08\/fascia-da-bere-mobile-150x150.png 150w\" sizes=\"(max-width: 560px) 100vw, 560px\" \/><\/figure>\n\n\n<style id=\"kt-blocks_173bc6-0f\">#kt-adv-heading_173bc6-0f mark, #kt-adv-heading_173bc6-0f .wp-block-kadence-advancedheading mark, .kt-adv-heading_173bc6-0f[data-kb-block=\"kb-adv-heading_173bc6-0f\"] mark{padding:0px 0px 0px 0px;}<\/style>\n<h2 id=\"kt-adv-heading_173bc6-0f\" class=\"kt-adv-heading_173bc6-0f wp-block-kadence-advancedheading\">Perch\u00e9 scegliere il Collagene da bere?<\/h2>\n\n\n\n<p>A differenza delle creme antirughe Biocollagenix da bere agisce dall\u2019interno e garantisce cos\u00ec una maggiore efficacia nel <strong>contrastare i segni dell\u2019invecchiamento della pelle<\/strong>. I trattamenti antirughe in crema non riescono a trasferire i principi fino agli strati meno superficiali della cute. Grazie alla formula Beauty Drink, il nutrimento di Biocollagenix giunge, trasportato dal sangue, alle cellule pi\u00f9 profonde dell\u2019epidermide.&nbsp; <\/p>\n<\/div><\/div>\n<\/div><\/div><\/div>\n\n\n<style id=\"kt-blocks_426f00-b3\">#kt-layout-id_426f00-b3{background-color:#f1f3f2;background-image:url('https:\/\/www.biocollagenix.com\/wp-content\/uploads\/2020\/08\/da-bere-fascione-2-1.jpg');background-size:cover;background-position:center center;background-attachment:scroll;background-repeat:no-repeat;}#kt-layout-id_426f00-b3 > .kt-row-column-wrap{padding-top:75px;padding-bottom:70px;padding-left:30px;padding-right:30px;min-height:700px;max-width:1170px;margin-left:auto;margin-right:auto;}@media all and (max-width: 767px){#kt-layout-id_426f00-b3 > .kt-row-column-wrap{padding-top:30px;padding-bottom:30px;}}<\/style>\n<div class=\"wp-block-kadence-rowlayout alignnone hide-bg-mobile section-bg__right\"><div id=\"kt-layout-id_426f00-b3\" class=\"kt-row-layout-inner kt-row-has-bg kt-layout-id_426f00-b3\"><div class=\"kt-row-column-wrap kt-has-2-columns kt-gutter-default kt-v-gutter-default kt-row-valign-middle kt-row-layout-equal kt-tab-layout-inherit kt-m-colapse-left-to-right kt-mobile-layout-row\">\n<div class=\"wp-block-kadence-column inner-column-1 kadence-column_c51816-cd\"><div class=\"kt-inside-inner-col\">\n<figure class=\"wp-block-image size-large hide-on-desk\"><img loading=\"lazy\" decoding=\"async\" width=\"560\" height=\"560\" src=\"https:\/\/www.biocollagenix.com\/wp-content\/uploads\/2020\/08\/da-bere-mobile-fascione-2.png\" alt=\"\" class=\"wp-image-5348\" srcset=\"https:\/\/www.biocollagenix.com\/wp-content\/uploads\/2020\/08\/da-bere-mobile-fascione-2.png 560w, https:\/\/www.biocollagenix.com\/wp-content\/uploads\/2020\/08\/da-bere-mobile-fascione-2-300x300.png 300w, https:\/\/www.biocollagenix.com\/wp-content\/uploads\/2020\/08\/da-bere-mobile-fascione-2-150x150.png 150w\" sizes=\"(max-width: 560px) 100vw, 560px\" \/><\/figure>\n\n\n<style id=\"kt-blocks_f5f57b-2a\">#kt-adv-heading_f5f57b-2a mark, #kt-adv-heading_f5f57b-2a .wp-block-kadence-advancedheading mark, .kt-adv-heading_f5f57b-2a[data-kb-block=\"kb-adv-heading_f5f57b-2a\"] mark{padding:0px 0px 0px 0px;}<\/style>\n<h2 id=\"kt-adv-heading_f5f57b-2a\" class=\"kt-adv-heading_f5f57b-2a wp-block-kadence-advancedheading\"> L\u2019efficacia del Collagene idrolizzato .<\/h2>\n\n\n\n<p>La nostra pelle \u00e8 formata per il 75% da collagene. A partire dai 30 anni la produzione di questa proteina cala ogni anno fino ad arrivare a una perdita del 40% causando rughe, calo di tono e cedimento.<br><\/p>\n\n\n\n<p>Il <strong>Collagene contenuto nelle creme<\/strong> non \u00e8 in grado di ripristinare i danni della pelle a causa di una struttura molecolare troppo grande. A quello stato la sostanza non riesce a penetrare negli strati profondi del derma e rimane in superficie. Ecco perch\u00e9 Biocollagenix Beauty Drink \u00e8 stato pensato per essere un integratore antirughe e anti-age da bere. L\u2019utilizzo di Collagene cos\u00ec come tale non pu\u00f2 considerarsi davvero funzionale come antirughe. \u00c8 proprio per questo motivo che si \u00e8 scelto di creare un prodotto nutricosmetico di alta qualit\u00e0 utilizzando il Collagene in forma idrolizzata. Il <strong>Collagene idrolizzato<\/strong> \u00e8 sottoposto a un trattamento che lo riduce in frammenti pi\u00f9 piccoli per renderlo pi\u00f9 facilmente solubile, digeribile e quindi efficace.<\/p>\n\n\n\n<div style=\"height:20px\" aria-hidden=\"true\" class=\"wp-block-spacer\"><\/div>\n\n\n<style id=\"kt-blocks_04bcf2-73\">.wp-block-kadence-advancedbtn.kt-btns_04bcf2-73 .kt-btn-wrap-0 .kt-button{padding-left:25px;padding-right:25px;padding-top:15px;padding-bottom:15px;color:#184489;font-size:15px;background:transparent;border-color:#184489;}.wp-block-kadence-advancedbtn.kt-btns_04bcf2-73 .kt-btn-wrap-0 .kt-button:hover, .wp-block-kadence-advancedbtn.kt-btns_04bcf2-73 .kt-btn-wrap-0 .kt-button:focus{color:#ffffff;border-color:#184489;}.wp-block-kadence-advancedbtn.kt-btns_04bcf2-73 .kt-btn-wrap-0 .kt-button::before{display:none;}.wp-block-kadence-advancedbtn.kt-btns_04bcf2-73 .kt-btn-wrap-0 .kt-button:hover, .wp-block-kadence-advancedbtn.kt-btns_04bcf2-73 .kt-btn-wrap-0 .kt-button:focus{background:#184489;}<\/style>\n<div class=\"wp-block-kadence-advancedbtn kt-btn-align-left kt-btn-tablet-align-inherit kt-btn-mobile-align-inherit kt-btns-wrap kt-btns_04bcf2-73\"><div class=\"kt-btn-wrap kt-btn-wrap-0\"><a class=\"kt-button button kt-btn-0-action kt-btn-size-custom kt-btn-style-basic kt-btn-svg-show-always kt-btn-has-text-true kt-btn-has-svg-true\" href=\"https:\/\/www.biocollagenix.com\/it\/integratore-antiage-da-bere-con-collagene\/\" style=\"border-radius:0px;border-width:2px\"><div style=\"display:inline-flex;justify-content:center;align-items:center\" class=\"kt-btn-svg-icon kt-btn-svg-icon-fe_arrowRight kt-btn-side-left\"><svg style=\"display:inline-block;vertical-align:middle\" viewbox=\"0 0 24 24\" height=\"15\" width=\"15\" fill=\"none\" stroke=\"currentColor\" xmlns=\"http:\/\/www.w3.org\/2000\/svg\" stroke-width=\"2\" stroke-linecap=\"round\" stroke-linejoin=\"round\"><line x1=\"5\" y1=\"12\" x2=\"19\" y2=\"12\"><\/line><polyline points=\"12 5 19 12 12 19\"><\/polyline><\/svg><\/div><span class=\"kt-btn-inner-text\">VAI AL PRODOTTO<\/span><\/a><\/div><\/div>\n<\/div><\/div>\n\n\n\n<div class=\"wp-block-kadence-column inner-column-2 kadence-column_4efb05-90\"><div class=\"kt-inside-inner-col\">\n<p><\/p>\n<\/div><\/div>\n<\/div><\/div><\/div>\n\n\n<style id=\"kt-blocks_8db292-62\">#kt-layout-id_8db292-62{background-color:#d7eaf8;background-image:url('https:\/\/www.biocollagenix.com\/wp-content\/uploads\/2019\/01\/bg-vantaggi-terzo-fascione.jpg');background-size:cover;background-position:center center;background-attachment:scroll;background-repeat:no-repeat;}#kt-layout-id_8db292-62 > .kt-row-column-wrap{padding-top:70px;padding-bottom:70px;padding-left:30px;padding-right:30px;min-height:700px;max-width:1170px;margin-left:auto;margin-right:auto;}@media all and (max-width: 767px){#kt-layout-id_8db292-62 > .kt-row-column-wrap{padding-top:30px;padding-bottom:30px;}}<\/style>\n<div class=\"wp-block-kadence-rowlayout alignnone hide-bg-mobile\"><div id=\"kt-layout-id_8db292-62\" class=\"kt-row-layout-inner kt-row-has-bg kt-layout-id_8db292-62\"><div class=\"kt-row-column-wrap kt-has-2-columns kt-gutter-default kt-v-gutter-default kt-row-valign-middle kt-row-layout-equal kt-tab-layout-inherit kt-m-colapse-left-to-right kt-mobile-layout-row\">\n<div class=\"wp-block-kadence-column inner-column-1 kadence-column_96eff5-64\"><div class=\"kt-inside-inner-col\">\n<p><\/p>\n<\/div><\/div>\n\n\n\n<div class=\"wp-block-kadence-column inner-column-2 kadence-column_305811-63\"><div class=\"kt-inside-inner-col\">\n<figure class=\"wp-block-image size-large hide-on-desk\"><img loading=\"lazy\" decoding=\"async\" width=\"560\" height=\"560\" src=\"https:\/\/www.biocollagenix.com\/wp-content\/uploads\/2020\/08\/Copia-di-da-bere-3-mobile-1.png\" alt=\"\" class=\"wp-image-5300\" srcset=\"https:\/\/www.biocollagenix.com\/wp-content\/uploads\/2020\/08\/Copia-di-da-bere-3-mobile-1.png 560w, https:\/\/www.biocollagenix.com\/wp-content\/uploads\/2020\/08\/Copia-di-da-bere-3-mobile-1-300x300.png 300w, https:\/\/www.biocollagenix.com\/wp-content\/uploads\/2020\/08\/Copia-di-da-bere-3-mobile-1-150x150.png 150w\" sizes=\"(max-width: 560px) 100vw, 560px\" \/><\/figure>\n\n\n<style id=\"kt-blocks_6a135f-0f\">#kt-adv-heading_6a135f-0f mark, #kt-adv-heading_6a135f-0f .wp-block-kadence-advancedheading mark, .kt-adv-heading_6a135f-0f[data-kb-block=\"kb-adv-heading_6a135f-0f\"] mark{padding:0px 0px 0px 0px;}<\/style>\n<h2 id=\"kt-adv-heading_6a135f-0f\" class=\"kt-adv-heading_6a135f-0f wp-block-kadence-advancedheading\">Prevenire le rughe e tonificare la pelle<\/h2>\n\n\n\n<p>Per apportare benefici all\u2019organismo \u00e8 necessario che un composto assunto per via orale sia in grado di superare la barriera intestinale e, attraverso il circolo sanguigno, raggiunga i comparti del corpo in cui viene immagazzinato o impiegato nei processi metabolici. Diversi studi hanno dimostrato che il <strong>Collagene idrolizzato \u00e8 in grado di attraversare la barriera intestinale.<\/strong><br><\/p>\n\n\n\n<p><strong>Il Collagene idrolizzato<\/strong> da bere grazie alla sua capacit\u00e0 di accumularsi nella pelle, svolge un\u2019azione importante per migliorare le condizioni della cute non solo ritardando il processo di invecchiamento (cronoaging) ma preservandola anche da altri danni come quelli foto-indotti (photoaging). <\/p>\n\n\n\n<div style=\"height:20px\" aria-hidden=\"true\" class=\"wp-block-spacer\"><\/div>\n\n\n<style id=\"kt-blocks_fbbf63-5c\">.wp-block-kadence-advancedbtn.kt-btns_fbbf63-5c .kt-btn-wrap-0 .kt-button{padding-left:25px;padding-right:25px;padding-top:15px;padding-bottom:15px;color:#184489;font-size:15px;background:transparent;border-color:#184489;}.wp-block-kadence-advancedbtn.kt-btns_fbbf63-5c .kt-btn-wrap-0 .kt-button:hover, .wp-block-kadence-advancedbtn.kt-btns_fbbf63-5c .kt-btn-wrap-0 .kt-button:focus{color:#ffffff;border-color:#184489;}.wp-block-kadence-advancedbtn.kt-btns_fbbf63-5c .kt-btn-wrap-0 .kt-button::before{display:none;}.wp-block-kadence-advancedbtn.kt-btns_fbbf63-5c .kt-btn-wrap-0 .kt-button:hover, .wp-block-kadence-advancedbtn.kt-btns_fbbf63-5c .kt-btn-wrap-0 .kt-button:focus{background:#184489;}<\/style>\n<div class=\"wp-block-kadence-advancedbtn kt-btn-align-left kt-btn-tablet-align-inherit kt-btn-mobile-align-inherit kt-btns-wrap kt-btns_fbbf63-5c\"><div class=\"kt-btn-wrap kt-btn-wrap-0\"><a class=\"kt-button button kt-btn-0-action kt-btn-size-custom kt-btn-style-basic kt-btn-svg-show-always kt-btn-has-text-true kt-btn-has-svg-true\" href=\"https:\/\/www.biocollagenix.com\/it\/stop-allinvecchiamento\/componenti-integratore-antirughe\/\" style=\"border-radius:0px;border-width:2px\"><div style=\"display:inline-flex;justify-content:center;align-items:center\" class=\"kt-btn-svg-icon kt-btn-svg-icon-fe_arrowRight kt-btn-side-left\"><svg style=\"display:inline-block;vertical-align:middle\" viewbox=\"0 0 24 24\" height=\"15\" width=\"15\" fill=\"none\" stroke=\"currentColor\" xmlns=\"http:\/\/www.w3.org\/2000\/svg\" stroke-width=\"2\" stroke-linecap=\"round\" stroke-linejoin=\"round\"><line x1=\"5\" y1=\"12\" x2=\"19\" y2=\"12\"><\/line><polyline points=\"12 5 19 12 12 19\"><\/polyline><\/svg><\/div><span class=\"kt-btn-inner-text\">SCOPRI DI PI\u00d9 SUI PRINCIPI ATTIVI<\/span><\/a><\/div><\/div>\n<\/div><\/div>\n<\/div><\/div><\/div>\n\n\n<div class=\"products\">\n    <div class=\"container\">\n        <h3 class=\"products__title\">\n            Scopri i prodotti al collagene        <\/h3>\n        <div class=\"products__list\">\n                                                <div class=\"product\">\n                        <div class=\"product__image\">\n                            <a href=\"https:\/\/www.biocollagenix.com\/it\/biocollagenix-crema-antieta-plus\/\"><img decoding=\"async\" src=\"https:\/\/www.biocollagenix.com\/wp-content\/uploads\/2022\/02\/biocollagenix-crema-antieta-plus-200x285-1.png\"><\/a>\n                        <\/div>\n                        <div class=\"product__name\">\n                            <a href=\"https:\/\/www.biocollagenix.com\/it\/biocollagenix-crema-antieta-plus\/\">Biocollagenix Crema antiet\u00e0 plus<\/a>\n                        <\/div>\n                        <div class=\"product__excerpt\">\n                            Trattamento antiet\u00e0 globale formulato per fortificare la pelle matura                        <\/div>\n                    <\/div>\n                                                                <div class=\"product\">\n                        <div class=\"product__image\">\n                            <a href=\"https:\/\/www.biocollagenix.com\/it\/biocollagenix-crema-antieta\/\"><img decoding=\"async\" src=\"https:\/\/www.biocollagenix.com\/wp-content\/uploads\/2022\/02\/biocollagenix-crema-antieta-200x285-1.png\"><\/a>\n                        <\/div>\n                        <div class=\"product__name\">\n                            <a href=\"https:\/\/www.biocollagenix.com\/it\/biocollagenix-crema-antieta\/\">Biocollagenix Crema antiet\u00e0<\/a>\n                        <\/div>\n                        <div class=\"product__excerpt\">\n                            Crema antiet\u00e0 per combattere l\u2019invecchiamento cutaneo.                        <\/div>\n                    <\/div>\n                                                                <div class=\"product\">\n                        <div class=\"product__image\">\n                            <a href=\"https:\/\/www.biocollagenix.com\/it\/compresse-azione-antiossidante\/\"><img decoding=\"async\" src=\"https:\/\/www.biocollagenix.com\/wp-content\/uploads\/2022\/02\/biocollagenix-antiossidante-60cpr-200x285-1.png\"><\/a>\n                        <\/div>\n                        <div class=\"product__name\">\n                            <a href=\"https:\/\/www.biocollagenix.com\/it\/compresse-azione-antiossidante\/\">Biocollagenix azione antiossidante compresse<\/a>\n                        <\/div>\n                        <div class=\"product__excerpt\">\n                            Integratore in pratiche compresse per combattere l\u2019invecchiamento cutaneo                        <\/div>\n                    <\/div>\n                                                                <div class=\"product\">\n                        <div class=\"product__image\">\n                            <a href=\"https:\/\/www.biocollagenix.com\/it\/biocollagenix-maschera\/\"><img decoding=\"async\" src=\"https:\/\/www.biocollagenix.com\/wp-content\/uploads\/2020\/08\/face-mask-200x285-.png\"><\/a>\n                        <\/div>\n                        <div class=\"product__name\">\n                            <a href=\"https:\/\/www.biocollagenix.com\/it\/biocollagenix-maschera\/\">Biocollagenix Maschera<\/a>\n                        <\/div>\n                        <div class=\"product__excerpt\">\n                            Maschera Viso Hydrogel ad azione anti-age, idratante e levigante                        <\/div>\n                    <\/div>\n                                                                <div class=\"product\">\n                        <div class=\"product__image\">\n                            <a href=\"https:\/\/www.biocollagenix.com\/it\/biocollagenix-trattamento-concentrato-anti-eta\/\"><img decoding=\"async\" src=\"https:\/\/www.biocollagenix.com\/wp-content\/uploads\/2020\/08\/ampolle-200x285-1.png\"><\/a>\n                        <\/div>\n                        <div class=\"product__name\">\n                            <a href=\"https:\/\/www.biocollagenix.com\/it\/biocollagenix-trattamento-concentrato-anti-eta\/\">Biocollagenix Trattamento Concentrato anti-et\u00e0<\/a>\n                        <\/div>\n                        <div class=\"product__excerpt\">\n                            Trattamento concentrato anti-et\u00e0 in ampolle a base di Collagene per ridurre le rughe                        <\/div>\n                    <\/div>\n                                                                <div class=\"product\">\n                        <div class=\"product__image\">\n                            <a href=\"https:\/\/www.biocollagenix.com\/it\/biocollagenix-ovalette\/\"><img decoding=\"async\" src=\"https:\/\/www.biocollagenix.com\/wp-content\/uploads\/2019\/10\/ovalette.png\"><\/a>\n                        <\/div>\n                        <div class=\"product__name\">\n                            <a href=\"https:\/\/www.biocollagenix.com\/it\/biocollagenix-ovalette\/\">Biocollagenix Ovalette<\/a>\n                        <\/div>\n                        <div class=\"product__excerpt\">\n                            Integratore alimentare a base di Collagene marino idrolizzato.                        <\/div>\n                    <\/div>\n                                                                <div class=\"product\">\n                        <div class=\"product__image\">\n                            <a href=\"https:\/\/www.biocollagenix.com\/it\/eye-patch-al-collagene\/\"><img decoding=\"async\" src=\"https:\/\/www.biocollagenix.com\/wp-content\/uploads\/2020\/08\/eye-patch-200x285-1.png\"><\/a>\n                        <\/div>\n                        <div class=\"product__name\">\n                            <a href=\"https:\/\/www.biocollagenix.com\/it\/eye-patch-al-collagene\/\">Eye Patch al Collagene<\/a>\n                        <\/div>\n                        <div class=\"product__excerpt\">\n                            Eye patch al Collagene: cerotti per il trattamento anti-occhiaie.                        <\/div>\n                    <\/div>\n                                                                <div class=\"product\">\n                        <div class=\"product__image\">\n                            <a href=\"https:\/\/www.biocollagenix.com\/it\/collagene-in-compresse-antirughe\/\"><img decoding=\"async\" src=\"https:\/\/www.biocollagenix.com\/wp-content\/uploads\/2019\/07\/tavolette-collagene-biocollagenix-new.png\"><\/a>\n                        <\/div>\n                        <div class=\"product__name\">\n                            <a href=\"https:\/\/www.biocollagenix.com\/it\/collagene-in-compresse-antirughe\/\">Collagene in compresse<\/a>\n                        <\/div>\n                        <div class=\"product__excerpt\">\n                            Integratore a base di Collagene marino idrolizzato in pratiche compresse                        <\/div>\n                    <\/div>\n                                                                <div class=\"product\">\n                        <div class=\"product__image\">\n                            <a href=\"https:\/\/www.biocollagenix.com\/it\/integratore-antiage-da-bere-con-collagene\/\"><img decoding=\"async\" src=\"https:\/\/www.biocollagenix.com\/wp-content\/uploads\/2019\/07\/collagene-bere-new.png\"><\/a>\n                        <\/div>\n                        <div class=\"product__name\">\n                            <a href=\"https:\/\/www.biocollagenix.com\/it\/integratore-antiage-da-bere-con-collagene\/\">Collagene da bere<\/a>\n                        <\/div>\n                        <div class=\"product__excerpt\">\n                            \ufeffIntegratore da bere a base di Collagene Marino I e III, Acido Ialuronico e Resveratrolo.                        <\/div>\n                    <\/div>\n                                    <\/div>\n    <\/div>\n<\/div>\n\n","protected":false},"excerpt":{"rendered":"","protected":false},"author":3,"featured_media":0,"parent":1348,"menu_order":0,"comment_status":"closed","ping_status":"closed","template":"","meta":{"kt_blocks_editor_width":"fullwidth","footnotes":""},"class_list":["post-976","page","type-page","status-publish","hentry"],"_links":{"self":[{"href":"https:\/\/www.biocollagenix.com\/it\/wp-json\/wp\/v2\/pages\/976"}],"collection":[{"href":"https:\/\/www.biocollagenix.com\/it\/wp-json\/wp\/v2\/pages"}],"about":[{"href":"https:\/\/www.biocollagenix.com\/it\/wp-json\/wp\/v2\/types\/page"}],"author":[{"embeddable":true,"href":"https:\/\/www.biocollagenix.com\/it\/wp-json\/wp\/v2\/users\/3"}],"replies":[{"embeddable":true,"href":"https:\/\/www.biocollagenix.com\/it\/wp-json\/wp\/v2\/comments?post=976"}],"version-history":[{"count":55,"href":"https:\/\/www.biocollagenix.com\/it\/wp-json\/wp\/v2\/pages\/976\/revisions"}],"predecessor-version":[{"id":5362,"href":"https:\/\/www.biocollagenix.com\/it\/wp-json\/wp\/v2\/pages\/976\/revisions\/5362"}],"up":[{"embeddable":true,"href":"https:\/\/www.biocollagenix.com\/it\/wp-json\/wp\/v2\/pages\/1348"}],"wp:attachment":[{"href":"https:\/\/www.biocollagenix.com\/it\/wp-json\/wp\/v2\/media?parent=976"}],"curies":[{"name":"wp","href":"https:\/\/api.w.org\/{rel}","templated":true}]}}