{"id":963,"date":"2017-01-24T11:51:03","date_gmt":"2017-01-24T10:51:03","guid":{"rendered":"https:\/\/www.biocollagenix.com\/it\/?page_id=963"},"modified":"2020-08-26T11:09:03","modified_gmt":"2020-08-26T09:09:03","slug":"cause-invecchiamento-della-pelle","status":"publish","type":"page","link":"https:\/\/www.biocollagenix.com\/it\/stop-allinvecchiamento\/cause-invecchiamento-della-pelle\/","title":{"rendered":"Perch\u00e9 la pelle invecchia"},"content":{"rendered":"<style id=\"kt-blocks_bebebe-74\">#kt-layout-id_bebebe-74{background-color:#6bb8d4;background-image:url('https:\/\/www.biocollagenix.com\/wp-content\/uploads\/2019\/01\/bg-h1-page.jpg');background-size:cover;background-position:center center;background-attachment:scroll;background-repeat:no-repeat;}#kt-layout-id_bebebe-74 > .kt-row-column-wrap{padding-top:0px;max-width:1170px;margin-left:auto;margin-right:auto;}<\/style>\n<div class=\"wp-block-kadence-rowlayout alignnone\"><div id=\"kt-layout-id_bebebe-74\" class=\"kt-row-layout-inner kt-row-has-bg kt-layout-id_bebebe-74\"><div class=\"kt-row-column-wrap kt-has-1-columns kt-gutter-default kt-v-gutter-default kt-row-valign-top kt-row-layout-equal kt-tab-layout-inherit kt-m-colapse-left-to-right kt-mobile-layout-row\">\n<div class=\"wp-block-kadence-column inner-column-1 kadence-column_b754d3-e7\"><div class=\"kt-inside-inner-col\">\t<div class=\"breadcrumb-container white\">\n\t\t<div class=\"breadcrumbs\">\n\t\t\t<span property=\"itemListElement\" typeof=\"ListItem\"><a property=\"item\" typeof=\"WebPage\" title=\"Vai a Home.\" href=\"https:\/\/www.biocollagenix.com\/it\/\" class=\"home\" aria-current=\"page\"><span property=\"name\">Home<\/span><\/a><meta property=\"position\" content=\"1\"><\/span>\t\t<\/div>\n\t<\/div>\n\n\n\n<style id=\"kt-blocks_0b18b9-98\">#kt-adv-heading_0b18b9-98, #kt-adv-heading_0b18b9-98 .wp-block-kadence-advancedheading, .wp-block-kadence-advancedheading.kt-adv-heading_0b18b9-98[data-kb-block=\"kb-adv-heading_0b18b9-98\"], .kadence-advanced-heading-wrapper .kt-adv-heading_0b18b9-98[data-kb-block=\"kb-adv-heading_0b18b9-98\"]{color:#ffffff;margin-bottom:1em;}#kt-adv-heading_0b18b9-98 mark, #kt-adv-heading_0b18b9-98 .wp-block-kadence-advancedheading mark, .kt-adv-heading_0b18b9-98[data-kb-block=\"kb-adv-heading_0b18b9-98\"] mark{padding:0px 0px 0px 0px;}<\/style>\n<h1 id=\"kt-adv-heading_0b18b9-98\" class=\"kt-adv-heading_0b18b9-98 wp-block-kadence-advancedheading\" style=\"color:#ffffff;margin-bottom:1em\">Perch\u00e9 la pelle invecchia<\/h1>\n\n\n\n<p style=\"color:#ffffff\" class=\"has-text-color\">La linea Biocollagenix \u00e8 stata studiata per godere di tutti i <strong>benefici del Collagene marino<\/strong> nei diversi formati da bere, in compresse, in polvere e nell&#8217;innovativo formato in cerotti, per rispondere alle diverse esigenze e avere a disposizione un alleato di bellezza in ogni momento della giornata.<\/p>\n<\/div><\/div>\n<\/div><\/div><\/div>\n\n\n<style id=\"kt-blocks_6f8d3a-96\">#kt-layout-id_6f8d3a-96{background-color:#f1f1f3;background-image:url('https:\/\/www.biocollagenix.com\/wp-content\/uploads\/2019\/01\/bg-invecchiamento-primo-fascione.jpg');background-size:cover;background-position:center center;background-attachment:scroll;background-repeat:no-repeat;}#kt-layout-id_6f8d3a-96 > .kt-row-column-wrap{padding-top:70px;padding-bottom:70px;padding-left:30px;padding-right:30px;min-height:700px;max-width:1170px;margin-left:auto;margin-right:auto;}@media all and (max-width: 767px){#kt-layout-id_6f8d3a-96 > .kt-row-column-wrap{padding-top:30px;padding-bottom:30px;}}<\/style>\n<div class=\"wp-block-kadence-rowlayout alignnone hide-bg-mobile\"><div id=\"kt-layout-id_6f8d3a-96\" class=\"kt-row-layout-inner kt-row-has-bg kt-layout-id_6f8d3a-96\"><div class=\"kt-row-column-wrap kt-has-2-columns kt-gutter-default kt-v-gutter-default kt-row-valign-middle kt-row-layout-equal kt-tab-layout-inherit kt-m-colapse-left-to-right kt-mobile-layout-row\">\n<div class=\"wp-block-kadence-column inner-column-1 kadence-column_eb9b31-e2\"><div class=\"kt-inside-inner-col\"><\/div><\/div>\n\n\n\n<div class=\"wp-block-kadence-column inner-column-2 kadence-column_b75a58-15\"><div class=\"kt-inside-inner-col\">\n<figure class=\"wp-block-image is-resized hide-on-desk\"><img loading=\"lazy\" decoding=\"async\" src=\"https:\/\/www.biocollagenix.com\/wp-content\/uploads\/2019\/01\/invecchiamento-cutaneo-mob-01.jpg\" alt=\"\" class=\"wp-image-2496\" width=\"560\" height=\"560\" srcset=\"https:\/\/www.biocollagenix.com\/wp-content\/uploads\/2019\/01\/invecchiamento-cutaneo-mob-01.jpg 560w, https:\/\/www.biocollagenix.com\/wp-content\/uploads\/2019\/01\/invecchiamento-cutaneo-mob-01-150x150.jpg 150w, https:\/\/www.biocollagenix.com\/wp-content\/uploads\/2019\/01\/invecchiamento-cutaneo-mob-01-300x300.jpg 300w\" sizes=\"(max-width: 560px) 100vw, 560px\" \/><\/figure>\n\n\n<style id=\"kt-blocks_209339-3e\">#kt-adv-heading_209339-3e mark, #kt-adv-heading_209339-3e .wp-block-kadence-advancedheading mark, .kt-adv-heading_209339-3e[data-kb-block=\"kb-adv-heading_209339-3e\"] mark{padding:0px 0px 0px 0px;}<\/style>\n<h2 id=\"kt-adv-heading_209339-3e\" class=\"kt-adv-heading_209339-3e wp-block-kadence-advancedheading\">L\u2019invecchiamento della pelle<\/h2>\n\n\n\n<p><strong>L\u2019invecchiamento cutaneo \u00e8 un processo naturale evolutivo non reversibile.<\/strong><\/p>\n\n\n\n<p>Non esiste un\u2019et\u00e0 giusta per iniziare a prevenire&nbsp;<strong>l\u2019invecchiamento cutaneo<\/strong>&nbsp;ed \u00e8 importante prendersi cura della pelle nel modo giusto.&nbsp;<strong>L\u2019invecchiamento della pelle<\/strong>&nbsp;\u00e8 un processo naturale, ma \u00e8 anche importante sapere che con i rimedi adeguati e uno stile di vita sano si pu\u00f2 rallentare e controllare il processo di invecchiamento e quindi&nbsp;<strong>l\u2019insorgere delle rughe<\/strong>. Quando l\u2019organismo inizia ad invecchiare, molti segnali si traducono in cambiamenti visibili sulla pelle: disidratazione, indebolimento del derma, sviluppo di macchie, capillari rotti, perdita di grasso e rilassamento muscolare e infine l<strong>\u2019aumento delle rughe<\/strong>&nbsp;e dei solchi sulla pelle del viso, ovvero le famose&nbsp;<strong>rughe d\u2019espressione.<\/strong><\/p>\n\n\n\n<div style=\"height:20px\" aria-hidden=\"true\" class=\"wp-block-spacer\"><\/div>\n\n\n<style id=\"kt-blocks_160e24-f1\">.wp-block-kadence-advancedbtn.kt-btns_160e24-f1 .kt-btn-wrap-0 .kt-button{padding-left:25px;padding-right:25px;padding-top:15px;padding-bottom:15px;color:#184489;font-size:15px;background:transparent;border-color:#184489;}.wp-block-kadence-advancedbtn.kt-btns_160e24-f1 .kt-btn-wrap-0 .kt-button:hover, .wp-block-kadence-advancedbtn.kt-btns_160e24-f1 .kt-btn-wrap-0 .kt-button:focus{color:#ffffff;border-color:#184489;}.wp-block-kadence-advancedbtn.kt-btns_160e24-f1 .kt-btn-wrap-0 .kt-button::before{display:none;}.wp-block-kadence-advancedbtn.kt-btns_160e24-f1 .kt-btn-wrap-0 .kt-button:hover, .wp-block-kadence-advancedbtn.kt-btns_160e24-f1 .kt-btn-wrap-0 .kt-button:focus{background:#184489;}<\/style>\n<div class=\"wp-block-kadence-advancedbtn kt-btn-align-left kt-btn-tablet-align-inherit kt-btn-mobile-align-inherit kt-btns-wrap kt-btns_160e24-f1\"><div class=\"kt-btn-wrap kt-btn-wrap-0\"><a class=\"kt-button button kt-btn-0-action kt-btn-size-custom kt-btn-style-basic kt-btn-svg-show-always kt-btn-has-text-true kt-btn-has-svg-true\" href=\"\/it\/benefici-del-collagene\" style=\"border-radius:0px;border-width:2px\"><div style=\"display:inline-flex;justify-content:center;align-items:center\" class=\"kt-btn-svg-icon kt-btn-svg-icon-fe_arrowRight kt-btn-side-left\"><svg style=\"display:inline-block;vertical-align:middle\" viewbox=\"0 0 24 24\" height=\"15\" width=\"15\" fill=\"none\" stroke=\"currentColor\" xmlns=\"http:\/\/www.w3.org\/2000\/svg\" stroke-width=\"2\" stroke-linecap=\"round\" stroke-linejoin=\"round\"><line x1=\"5\" y1=\"12\" x2=\"19\" y2=\"12\"><\/line><polyline points=\"12 5 19 12 12 19\"><\/polyline><\/svg><\/div><span class=\"kt-btn-inner-text\">LEGGI I NOSTRI CONSIGLI DI BELLEZZA<\/span><\/a><\/div><\/div>\n<\/div><\/div>\n<\/div><\/div><\/div>\n\n\n<style id=\"kt-blocks_d464b3-75\">#kt-layout-id_d464b3-75{background-color:#e7efe1;background-image:url('https:\/\/www.biocollagenix.com\/wp-content\/uploads\/2019\/01\/bg-invecchiamento-secondo-fascione.jpg');background-size:cover;background-position:center center;background-attachment:scroll;background-repeat:no-repeat;}#kt-layout-id_d464b3-75 > .kt-row-column-wrap{padding-top:70px;padding-bottom:70px;padding-left:30px;padding-right:30px;min-height:700px;max-width:1170px;margin-left:auto;margin-right:auto;}@media all and (max-width: 767px){#kt-layout-id_d464b3-75 > .kt-row-column-wrap{padding-top:30px;padding-bottom:30px;}}<\/style>\n<div class=\"wp-block-kadence-rowlayout alignnone hide-bg-mobile\"><div id=\"kt-layout-id_d464b3-75\" class=\"kt-row-layout-inner kt-row-has-bg kt-layout-id_d464b3-75\"><div class=\"kt-row-column-wrap kt-has-2-columns kt-gutter-default kt-v-gutter-default kt-row-valign-middle kt-row-layout-equal kt-tab-layout-inherit kt-m-colapse-left-to-right kt-mobile-layout-row\">\n<div class=\"wp-block-kadence-column inner-column-1 kadence-column_2e3486-dd\"><div class=\"kt-inside-inner-col\">\n<figure class=\"wp-block-image is-resized hide-on-desk\"><img loading=\"lazy\" decoding=\"async\" src=\"https:\/\/www.biocollagenix.com\/wp-content\/uploads\/2019\/01\/invecchiamento-cutaneo-mob-02.jpg\" alt=\"\" class=\"wp-image-2498\" width=\"560\" height=\"560\" srcset=\"https:\/\/www.biocollagenix.com\/wp-content\/uploads\/2019\/01\/invecchiamento-cutaneo-mob-02.jpg 560w, https:\/\/www.biocollagenix.com\/wp-content\/uploads\/2019\/01\/invecchiamento-cutaneo-mob-02-150x150.jpg 150w, https:\/\/www.biocollagenix.com\/wp-content\/uploads\/2019\/01\/invecchiamento-cutaneo-mob-02-300x300.jpg 300w\" sizes=\"(max-width: 560px) 100vw, 560px\" \/><\/figure>\n\n\n<style id=\"kt-blocks_dc7a76-84\">#kt-adv-heading_dc7a76-84 mark, #kt-adv-heading_dc7a76-84 .wp-block-kadence-advancedheading mark, .kt-adv-heading_dc7a76-84[data-kb-block=\"kb-adv-heading_dc7a76-84\"] mark{padding:0px 0px 0px 0px;}<\/style>\n<h2 id=\"kt-adv-heading_dc7a76-84\" class=\"kt-adv-heading_dc7a76-84 wp-block-kadence-advancedheading\">Rughe della pelle: cosa sono e le cause<br><\/h2>\n\n\n\n<p>Le rughe sono una delle conseguenze dell\u2019invecchiamento dell\u2019organismo.&nbsp;<strong>L\u2019avanzare dell\u2019et\u00e0 per\u00f2 non \u00e8 l\u2019unica causa delle rughe<\/strong>: anche lo stile di vita e alcune abitudini scorrette influiscono notevolmente sulla salute e lo stato di&nbsp;<strong>giovinezza della pelle<\/strong>. Il fumo, l\u2019alcol, lo stress o la carenza di sonno sono tutti fattori che contribuiscono alla&nbsp;<strong>formazione delle rughe<\/strong>. Anche l\u2019esposizione ai&nbsp;<strong>raggi ultra violetti del sole<\/strong>&nbsp;incide notevolmente sulla&nbsp;<strong>formazione delle rughe<\/strong>. Infine, la genetica gioca la sua parte. Il tempo che avanza, lo stile di vita e condizioni esterne contribuiscono a far&nbsp;<strong>diminuire la quantit\u00e0 di collagene<\/strong>&nbsp;ed elastina prodotti dall\u2019organismo, che provocano a loro volta una minor elasticit\u00e0 e tonicit\u00e0 della pelle: ed ecco che&nbsp;<strong>compaiono le rughe<\/strong>.&nbsp;<strong>Il collagene<\/strong>&nbsp;viene prodotto nello strato medio della pelle (il derma), dove rafforza i tessuti connettivi sotto forma di fibre. Quello che dall\u2019esterno appare come&nbsp;<strong>rughe ha dunque la sua origine<\/strong>&nbsp;nello strato medio della pelle.<br><\/p>\n<\/div><\/div>\n\n\n\n<div class=\"wp-block-kadence-column inner-column-2 kadence-column_585736-b9\"><div class=\"kt-inside-inner-col\">\n<p><\/p>\n<\/div><\/div>\n<\/div><\/div><\/div>\n\n\n<style id=\"kt-blocks_b6226d-f2\">#kt-layout-id_b6226d-f2{background-color:#eefaf6;background-image:url('https:\/\/www.biocollagenix.com\/wp-content\/uploads\/2019\/01\/bg-invecchiamento-terzo-fascione.jpg');background-size:cover;background-position:center center;background-attachment:scroll;background-repeat:no-repeat;}#kt-layout-id_b6226d-f2 > .kt-row-column-wrap{padding-top:70px;padding-bottom:70px;padding-left:30px;padding-right:30px;min-height:700px;max-width:1170px;margin-left:auto;margin-right:auto;}@media all and (max-width: 767px){#kt-layout-id_b6226d-f2 > .kt-row-column-wrap{padding-top:30px;padding-bottom:30px;}}<\/style>\n<div class=\"wp-block-kadence-rowlayout alignnone hide-bg-mobile\"><div id=\"kt-layout-id_b6226d-f2\" class=\"kt-row-layout-inner kt-row-has-bg kt-layout-id_b6226d-f2\"><div class=\"kt-row-column-wrap kt-has-2-columns kt-gutter-default kt-v-gutter-default kt-row-valign-middle kt-row-layout-equal kt-tab-layout-inherit kt-m-colapse-left-to-right kt-mobile-layout-row\">\n<div class=\"wp-block-kadence-column inner-column-1 kadence-column_7aece2-5c\"><div class=\"kt-inside-inner-col\">\n<p><\/p>\n<\/div><\/div>\n\n\n\n<div class=\"wp-block-kadence-column inner-column-2 kadence-column_8e479f-ad\"><div class=\"kt-inside-inner-col\">\n<figure class=\"wp-block-image is-resized hide-on-desk\"><img loading=\"lazy\" decoding=\"async\" src=\"https:\/\/www.biocollagenix.com\/wp-content\/uploads\/2019\/01\/invecchiamento-cutaneo-mob-03.jpg\" alt=\"\" class=\"wp-image-2500\" width=\"560\" height=\"560\" srcset=\"https:\/\/www.biocollagenix.com\/wp-content\/uploads\/2019\/01\/invecchiamento-cutaneo-mob-03.jpg 560w, https:\/\/www.biocollagenix.com\/wp-content\/uploads\/2019\/01\/invecchiamento-cutaneo-mob-03-150x150.jpg 150w, https:\/\/www.biocollagenix.com\/wp-content\/uploads\/2019\/01\/invecchiamento-cutaneo-mob-03-300x300.jpg 300w\" sizes=\"(max-width: 560px) 100vw, 560px\" \/><\/figure>\n\n\n<style id=\"kt-blocks_abfe18-52\">#kt-adv-heading_abfe18-52 mark, #kt-adv-heading_abfe18-52 .wp-block-kadence-advancedheading mark, .kt-adv-heading_abfe18-52[data-kb-block=\"kb-adv-heading_abfe18-52\"] mark{padding:0px 0px 0px 0px;}<\/style>\n<h2 id=\"kt-adv-heading_abfe18-52\" class=\"kt-adv-heading_abfe18-52 wp-block-kadence-advancedheading\">Come rallentare l\u2019invecchiamento cutaneo<br><\/h2>\n\n\n\n<p><strong>La pelle \u00e8 la parte del corpo che pi\u00f9 mette in risalto il passare del tempo. In alcune zone pi\u00f9 sensibili, i segni del tempo sono pi\u00f9 evidenti che in altre parti. Stiamo parlando in particolare di viso e collo.<\/strong><br><\/p>\n\n\n\n<p>Per alcuni tipi di pelle l\u2019invecchiamento si manifesta subito con&nbsp;<strong>la comparsa delle rughe<\/strong>, altri invece mostrano una&nbsp;<strong>perdita di tono ed elasticit\u00e0<\/strong>&nbsp;oppure iniziano a comparire delle&nbsp;<strong>fastidiose macchie<\/strong>. Oggi uno stile di vita sano e gli&nbsp;<strong>integratori&nbsp;per la pelle a base di Collagene marino e Acido Ialuronico<\/strong>&nbsp;possono&nbsp;<strong>prevenire le rughe e<\/strong>&nbsp;<strong>tonificare la pelle<\/strong>. I&nbsp;<strong>trattamenti anti-et\u00e0<\/strong>&nbsp;per essere efficaci devono essere costanti e meglio ancora se preventivi. Per questo motivo dai laboratori della ESI \u00e8 nata una linea di&nbsp;<strong>integratori <\/strong>&nbsp;che agisce dall\u2019interno e contiene una formula potenziata con Collagene marino, Acido Ialuronico e ingredienti antiossidanti per aumentare l\u2019elasticit\u00e0 della pelle e levigare le rughe.<\/p>\n\n\n\n<div style=\"height:20px\" aria-hidden=\"true\" class=\"wp-block-spacer\"><\/div>\n\n\n<style id=\"kt-blocks_d2c301-3c\">.wp-block-kadence-advancedbtn.kt-btns_d2c301-3c .kt-btn-wrap-0 .kt-button{padding-left:25px;padding-right:25px;padding-top:15px;padding-bottom:15px;color:#184489;font-size:15px;background:transparent;border-color:#184489;}.wp-block-kadence-advancedbtn.kt-btns_d2c301-3c .kt-btn-wrap-0 .kt-button:hover, .wp-block-kadence-advancedbtn.kt-btns_d2c301-3c .kt-btn-wrap-0 .kt-button:focus{color:#ffffff;border-color:#184489;}.wp-block-kadence-advancedbtn.kt-btns_d2c301-3c .kt-btn-wrap-0 .kt-button::before{display:none;}.wp-block-kadence-advancedbtn.kt-btns_d2c301-3c .kt-btn-wrap-0 .kt-button:hover, .wp-block-kadence-advancedbtn.kt-btns_d2c301-3c .kt-btn-wrap-0 .kt-button:focus{background:#184489;}<\/style>\n<div class=\"wp-block-kadence-advancedbtn kt-btn-align-left kt-btn-tablet-align-inherit kt-btn-mobile-align-inherit kt-btns-wrap kt-btns_d2c301-3c\"><div class=\"kt-btn-wrap kt-btn-wrap-0\"><a class=\"kt-button button kt-btn-0-action kt-btn-size-custom kt-btn-style-basic kt-btn-svg-show-always kt-btn-has-text-true kt-btn-has-svg-true\" href=\"\/it\/benefici-del-collagene\" style=\"border-radius:0px;border-width:2px\"><div style=\"display:inline-flex;justify-content:center;align-items:center\" class=\"kt-btn-svg-icon kt-btn-svg-icon-fe_arrowRight kt-btn-side-left\"><svg style=\"display:inline-block;vertical-align:middle\" viewbox=\"0 0 24 24\" height=\"15\" width=\"15\" fill=\"none\" stroke=\"currentColor\" xmlns=\"http:\/\/www.w3.org\/2000\/svg\" stroke-width=\"2\" stroke-linecap=\"round\" stroke-linejoin=\"round\"><line x1=\"5\" y1=\"12\" x2=\"19\" y2=\"12\"><\/line><polyline points=\"12 5 19 12 12 19\"><\/polyline><\/svg><\/div><span class=\"kt-btn-inner-text\">LEGGI I NOSTRI CONSIGLI DI BELLEZZA<\/span><\/a><\/div><\/div>\n<\/div><\/div>\n<\/div><\/div><\/div>\n\n\n<div class=\"products\">\n    <div class=\"container\">\n        <h3 class=\"products__title\">\n            Scopri i prodotti al collagene        <\/h3>\n        <div class=\"products__list\">\n                                                <div class=\"product\">\n                        <div class=\"product__image\">\n                            <a href=\"https:\/\/www.biocollagenix.com\/it\/biocollagenix-crema-antieta-plus\/\"><img decoding=\"async\" src=\"https:\/\/www.biocollagenix.com\/wp-content\/uploads\/2022\/02\/biocollagenix-crema-antieta-plus-200x285-1.png\"><\/a>\n                        <\/div>\n                        <div class=\"product__name\">\n                            <a href=\"https:\/\/www.biocollagenix.com\/it\/biocollagenix-crema-antieta-plus\/\">Biocollagenix Crema antiet\u00e0 plus<\/a>\n                        <\/div>\n                        <div class=\"product__excerpt\">\n                            Trattamento antiet\u00e0 globale formulato per fortificare la pelle matura                        <\/div>\n                    <\/div>\n                                                                <div class=\"product\">\n                        <div class=\"product__image\">\n                            <a href=\"https:\/\/www.biocollagenix.com\/it\/biocollagenix-crema-antieta\/\"><img decoding=\"async\" src=\"https:\/\/www.biocollagenix.com\/wp-content\/uploads\/2022\/02\/biocollagenix-crema-antieta-200x285-1.png\"><\/a>\n                        <\/div>\n                        <div class=\"product__name\">\n                            <a href=\"https:\/\/www.biocollagenix.com\/it\/biocollagenix-crema-antieta\/\">Biocollagenix Crema antiet\u00e0<\/a>\n                        <\/div>\n                        <div class=\"product__excerpt\">\n                            Crema antiet\u00e0 per combattere l\u2019invecchiamento cutaneo.                        <\/div>\n                    <\/div>\n                                                                <div class=\"product\">\n                        <div class=\"product__image\">\n                            <a href=\"https:\/\/www.biocollagenix.com\/it\/compresse-azione-antiossidante\/\"><img decoding=\"async\" src=\"https:\/\/www.biocollagenix.com\/wp-content\/uploads\/2022\/02\/biocollagenix-antiossidante-60cpr-200x285-1.png\"><\/a>\n                        <\/div>\n                        <div class=\"product__name\">\n                            <a href=\"https:\/\/www.biocollagenix.com\/it\/compresse-azione-antiossidante\/\">Biocollagenix azione antiossidante compresse<\/a>\n                        <\/div>\n                        <div class=\"product__excerpt\">\n                            Integratore in pratiche compresse per combattere l\u2019invecchiamento cutaneo                        <\/div>\n                    <\/div>\n                                                                <div class=\"product\">\n                        <div class=\"product__image\">\n                            <a href=\"https:\/\/www.biocollagenix.com\/it\/biocollagenix-maschera\/\"><img decoding=\"async\" src=\"https:\/\/www.biocollagenix.com\/wp-content\/uploads\/2020\/08\/face-mask-200x285-.png\"><\/a>\n                        <\/div>\n                        <div class=\"product__name\">\n                            <a href=\"https:\/\/www.biocollagenix.com\/it\/biocollagenix-maschera\/\">Biocollagenix Maschera<\/a>\n                        <\/div>\n                        <div class=\"product__excerpt\">\n                            Maschera Viso Hydrogel ad azione anti-age, idratante e levigante                        <\/div>\n                    <\/div>\n                                                                <div class=\"product\">\n                        <div class=\"product__image\">\n                            <a href=\"https:\/\/www.biocollagenix.com\/it\/biocollagenix-trattamento-concentrato-anti-eta\/\"><img decoding=\"async\" src=\"https:\/\/www.biocollagenix.com\/wp-content\/uploads\/2020\/08\/ampolle-200x285-1.png\"><\/a>\n                        <\/div>\n                        <div class=\"product__name\">\n                            <a href=\"https:\/\/www.biocollagenix.com\/it\/biocollagenix-trattamento-concentrato-anti-eta\/\">Biocollagenix Trattamento Concentrato anti-et\u00e0<\/a>\n                        <\/div>\n                        <div class=\"product__excerpt\">\n                            Trattamento concentrato anti-et\u00e0 in ampolle a base di Collagene per ridurre le rughe                        <\/div>\n                    <\/div>\n                                                                <div class=\"product\">\n                        <div class=\"product__image\">\n                            <a href=\"https:\/\/www.biocollagenix.com\/it\/biocollagenix-ovalette\/\"><img decoding=\"async\" src=\"https:\/\/www.biocollagenix.com\/wp-content\/uploads\/2019\/10\/ovalette.png\"><\/a>\n                        <\/div>\n                        <div class=\"product__name\">\n                            <a href=\"https:\/\/www.biocollagenix.com\/it\/biocollagenix-ovalette\/\">Biocollagenix Ovalette<\/a>\n                        <\/div>\n                        <div class=\"product__excerpt\">\n                            Integratore alimentare a base di Collagene marino idrolizzato.                        <\/div>\n                    <\/div>\n                                                                <div class=\"product\">\n                        <div class=\"product__image\">\n                            <a href=\"https:\/\/www.biocollagenix.com\/it\/eye-patch-al-collagene\/\"><img decoding=\"async\" src=\"https:\/\/www.biocollagenix.com\/wp-content\/uploads\/2020\/08\/eye-patch-200x285-1.png\"><\/a>\n                        <\/div>\n                        <div class=\"product__name\">\n                            <a href=\"https:\/\/www.biocollagenix.com\/it\/eye-patch-al-collagene\/\">Eye Patch al Collagene<\/a>\n                        <\/div>\n                        <div class=\"product__excerpt\">\n                            Eye patch al Collagene: cerotti per il trattamento anti-occhiaie.                        <\/div>\n                    <\/div>\n                                                                <div class=\"product\">\n                        <div class=\"product__image\">\n                            <a href=\"https:\/\/www.biocollagenix.com\/it\/collagene-in-compresse-antirughe\/\"><img decoding=\"async\" src=\"https:\/\/www.biocollagenix.com\/wp-content\/uploads\/2019\/07\/tavolette-collagene-biocollagenix-new.png\"><\/a>\n                        <\/div>\n                        <div class=\"product__name\">\n                            <a href=\"https:\/\/www.biocollagenix.com\/it\/collagene-in-compresse-antirughe\/\">Collagene in compresse<\/a>\n                        <\/div>\n                        <div class=\"product__excerpt\">\n                            Integratore a base di Collagene marino idrolizzato in pratiche compresse                        <\/div>\n                    <\/div>\n                                                                <div class=\"product\">\n                        <div class=\"product__image\">\n                            <a href=\"https:\/\/www.biocollagenix.com\/it\/integratore-antiage-da-bere-con-collagene\/\"><img decoding=\"async\" src=\"https:\/\/www.biocollagenix.com\/wp-content\/uploads\/2019\/07\/collagene-bere-new.png\"><\/a>\n                        <\/div>\n                        <div class=\"product__name\">\n                            <a href=\"https:\/\/www.biocollagenix.com\/it\/integratore-antiage-da-bere-con-collagene\/\">Collagene da bere<\/a>\n                        <\/div>\n                        <div class=\"product__excerpt\">\n                            \ufeffIntegratore da bere a base di Collagene Marino I e III, Acido Ialuronico e Resveratrolo.                        <\/div>\n                    <\/div>\n                                    <\/div>\n    <\/div>\n<\/div>\n\n","protected":false},"excerpt":{"rendered":"","protected":false},"author":3,"featured_media":0,"parent":1354,"menu_order":0,"comment_status":"closed","ping_status":"closed","template":"","meta":{"kt_blocks_editor_width":"fullwidth","footnotes":""},"class_list":["post-963","page","type-page","status-publish","hentry"],"_links":{"self":[{"href":"https:\/\/www.biocollagenix.com\/it\/wp-json\/wp\/v2\/pages\/963"}],"collection":[{"href":"https:\/\/www.biocollagenix.com\/it\/wp-json\/wp\/v2\/pages"}],"about":[{"href":"https:\/\/www.biocollagenix.com\/it\/wp-json\/wp\/v2\/types\/page"}],"author":[{"embeddable":true,"href":"https:\/\/www.biocollagenix.com\/it\/wp-json\/wp\/v2\/users\/3"}],"replies":[{"embeddable":true,"href":"https:\/\/www.biocollagenix.com\/it\/wp-json\/wp\/v2\/comments?post=963"}],"version-history":[{"count":41,"href":"https:\/\/www.biocollagenix.com\/it\/wp-json\/wp\/v2\/pages\/963\/revisions"}],"predecessor-version":[{"id":5322,"href":"https:\/\/www.biocollagenix.com\/it\/wp-json\/wp\/v2\/pages\/963\/revisions\/5322"}],"up":[{"embeddable":true,"href":"https:\/\/www.biocollagenix.com\/it\/wp-json\/wp\/v2\/pages\/1354"}],"wp:attachment":[{"href":"https:\/\/www.biocollagenix.com\/it\/wp-json\/wp\/v2\/media?parent=963"}],"curies":[{"name":"wp","href":"https:\/\/api.w.org\/{rel}","templated":true}]}}