{"id":6226,"date":"2022-02-14T10:16:55","date_gmt":"2022-02-14T09:16:55","guid":{"rendered":"https:\/\/www.biocollagenix.com\/?page_id=6226"},"modified":"2022-02-14T10:16:57","modified_gmt":"2022-02-14T09:16:57","slug":"i-vantaggi-e-i-benefici-della-crema-antieta-plus","status":"publish","type":"page","link":"https:\/\/www.biocollagenix.com\/it\/vantaggi-del-collagene\/i-vantaggi-e-i-benefici-della-crema-antieta-plus\/","title":{"rendered":"I vantaggi e i benefici della crema antiet\u00e0 plus"},"content":{"rendered":"<style id=\"kt-blocks_38c18e-e4\">#kt-layout-id_38c18e-e4{background-color:#6bb8d4;background-image:url('https:\/\/www.biocollagenix.com\/wp-content\/uploads\/2019\/01\/bg-h1-page.jpg');background-size:cover;background-position:center center;background-attachment:scroll;background-repeat:no-repeat;}#kt-layout-id_38c18e-e4 > .kt-row-column-wrap{padding-top:0px;max-width:1170px;margin-left:auto;margin-right:auto;}<\/style>\n<div class=\"wp-block-kadence-rowlayout alignnone\"><div id=\"kt-layout-id_38c18e-e4\" class=\"kt-row-layout-inner kt-row-has-bg kt-layout-id_38c18e-e4\"><div class=\"kt-row-column-wrap kt-has-1-columns kt-gutter-default kt-v-gutter-default kt-row-valign-top kt-row-layout-equal kt-tab-layout-inherit kt-m-colapse-left-to-right kt-mobile-layout-row\">\n<div class=\"wp-block-kadence-column inner-column-1 kadence-column_fb04f1-4c\"><div class=\"kt-inside-inner-col\">\t<div class=\"breadcrumb-container white\">\n\t\t<div class=\"breadcrumbs\">\n\t\t\t<span property=\"itemListElement\" typeof=\"ListItem\"><a property=\"item\" typeof=\"WebPage\" title=\"Vai a Home.\" href=\"https:\/\/www.biocollagenix.com\/it\/\" class=\"home\" aria-current=\"page\"><span property=\"name\">Home<\/span><\/a><meta property=\"position\" content=\"1\"><\/span>\t\t<\/div>\n\t<\/div>\n\n\n\n<style id=\"kt-blocks_d44010-6b\">#kt-adv-heading_d44010-6b, #kt-adv-heading_d44010-6b .wp-block-kadence-advancedheading, .wp-block-kadence-advancedheading.kt-adv-heading_d44010-6b[data-kb-block=\"kb-adv-heading_d44010-6b\"], .kadence-advanced-heading-wrapper .kt-adv-heading_d44010-6b[data-kb-block=\"kb-adv-heading_d44010-6b\"]{font-weight:normal;color:#ffffff;margin-bottom:1em;}#kt-adv-heading_d44010-6b mark, #kt-adv-heading_d44010-6b .wp-block-kadence-advancedheading mark, .kt-adv-heading_d44010-6b[data-kb-block=\"kb-adv-heading_d44010-6b\"] mark{font-weight:normal;padding:0px 0px 0px 0px;}<\/style>\n<h1 class=\"kt-adv-heading_d44010-6b wp-block-kadence-advancedheading\" data-kb-block=\"kb-adv-heading_d44010-6b\">I vantaggi e i benefici della crema antiet\u00e0 plus <\/h1>\n\n\n\n<p class=\"has-text-color\" style=\"color:#ffffff\">La crema antiet\u00e0 plus \u00e8 realizzata con un concentrato di componenti naturali: Collagene marino, Acido Ialuronico, Replexium&#x2122;, Vitamina E, Burro di Karit\u00e9 e Olio di Mandorle Dolci per fortificare la pelle matura e renderla nutrita e luminosa.<\/p>\n<\/div><\/div>\n<\/div><\/div><\/div>\n\n\n<style id=\"kt-blocks_b858e4-54\">#kt-layout-id_b858e4-54{background-color:#eef9fb;background-image:url('https:\/\/www.biocollagenix.com\/wp-content\/uploads\/2022\/02\/slider-crema-antieta-plus-sx.jpg');background-size:cover;background-position:center center;background-attachment:scroll;background-repeat:no-repeat;}#kt-layout-id_b858e4-54 > .kt-row-column-wrap{padding-top:70px;padding-bottom:70px;padding-left:30px;padding-right:30px;min-height:700px;max-width:1170px;margin-left:auto;margin-right:auto;}@media all and (max-width: 767px){#kt-layout-id_b858e4-54 > .kt-row-column-wrap{padding-top:30px;padding-bottom:30px;}}<\/style>\n<div class=\"wp-block-kadence-rowlayout alignnone hide-bg-mobile section-bg__left\"><div id=\"kt-layout-id_b858e4-54\" class=\"kt-row-layout-inner kt-row-has-bg kt-layout-id_b858e4-54\"><div class=\"kt-row-column-wrap kt-has-2-columns kt-gutter-default kt-v-gutter-default kt-row-valign-middle kt-row-layout-equal kt-tab-layout-inherit kt-m-colapse-left-to-right kt-mobile-layout-row\">\n<div class=\"wp-block-kadence-column inner-column-1 kadence-column_77706b-05\"><div class=\"kt-inside-inner-col\"><\/div><\/div>\n\n\n\n<div class=\"wp-block-kadence-column inner-column-2 kadence-column_a525a4-82\"><div class=\"kt-inside-inner-col\">\n<figure class=\"wp-block-image size-large hide-on-desk\"><img loading=\"lazy\" decoding=\"async\" width=\"480\" height=\"480\" src=\"https:\/\/www.biocollagenix.com\/wp-content\/uploads\/2022\/02\/mobile-crema-antieta-plus.jpg\" alt=\"\" class=\"wp-image-6231\" srcset=\"https:\/\/www.biocollagenix.com\/wp-content\/uploads\/2022\/02\/mobile-crema-antieta-plus.jpg 480w, https:\/\/www.biocollagenix.com\/wp-content\/uploads\/2022\/02\/mobile-crema-antieta-plus-300x300.jpg 300w, https:\/\/www.biocollagenix.com\/wp-content\/uploads\/2022\/02\/mobile-crema-antieta-plus-150x150.jpg 150w\" sizes=\"(max-width: 480px) 100vw, 480px\" \/><\/figure>\n\n\n<style id=\"kt-blocks_805369-91\">#kt-adv-heading_805369-91, #kt-adv-heading_805369-91 .wp-block-kadence-advancedheading, .wp-block-kadence-advancedheading.kt-adv-heading_805369-91[data-kb-block=\"kb-adv-heading_805369-91\"], .kadence-advanced-heading-wrapper .kt-adv-heading_805369-91[data-kb-block=\"kb-adv-heading_805369-91\"]{font-weight:normal;}#kt-adv-heading_805369-91 mark, #kt-adv-heading_805369-91 .wp-block-kadence-advancedheading mark, .kt-adv-heading_805369-91[data-kb-block=\"kb-adv-heading_805369-91\"] mark{font-weight:normal;padding:0px 0px 0px 0px;}<\/style>\n<h2 class=\"kt-adv-heading_805369-91 wp-block-kadence-advancedheading\" data-kb-block=\"kb-adv-heading_805369-91\">L\u2019Acido Ialuronico per un effetto filler naturale<\/h2>\n\n\n\n<p>Con il passare del tempo, la produzione di Acido Ialuronico tende a diminuire. Ci\u00f2 provoca una perdita strutturale che si trasforma in rilassamento cutaneo, pelle meno idratata e comparsa di rughe. Grazie al trattamento antiet\u00e0 plus a base di Acido Ialuronico, i tessuti risultano profondamente idratati e protetti, conferendo alla pelle un effetto filler naturale. Inoltre, l\u2019aggiunta di Replexium&#x2122; conferisce la giusta risposta elastica e il supporto meccanico, svolgendo un\u2019azione liftante e rimpolpante.<\/p>\n\n\n\n<p> <\/p>\n<\/div><\/div>\n<\/div><\/div><\/div>\n\n\n<style id=\"kt-blocks_225615-91\">#kt-layout-id_225615-91{background-color:#f1f3f2;background-image:url('https:\/\/www.biocollagenix.com\/wp-content\/uploads\/2022\/02\/2-fascia-crema-antieta-plus.jpg');background-size:cover;background-position:center center;background-attachment:scroll;background-repeat:no-repeat;}#kt-layout-id_225615-91 > .kt-row-column-wrap{padding-top:70px;padding-bottom:70px;padding-left:30px;padding-right:30px;min-height:700px;max-width:1170px;margin-left:auto;margin-right:auto;}@media all and (max-width: 767px){#kt-layout-id_225615-91 > .kt-row-column-wrap{padding-top:30px;padding-bottom:30px;}}<\/style>\n<div class=\"wp-block-kadence-rowlayout alignnone hide-bg-mobile section-bg__right\"><div id=\"kt-layout-id_225615-91\" class=\"kt-row-layout-inner kt-row-has-bg kt-layout-id_225615-91\"><div class=\"kt-row-column-wrap kt-has-2-columns kt-gutter-default kt-v-gutter-default kt-row-valign-middle kt-row-layout-equal kt-tab-layout-inherit kt-m-colapse-left-to-right kt-mobile-layout-row\">\n<div class=\"wp-block-kadence-column inner-column-1 kadence-column_e8acd7-1f\"><div class=\"kt-inside-inner-col\">\n<figure class=\"wp-block-image size-large hide-on-desk\"><img loading=\"lazy\" decoding=\"async\" width=\"560\" height=\"544\" src=\"https:\/\/www.biocollagenix.com\/wp-content\/uploads\/2022\/02\/2-fascia-crema-anieta-plus.png\" alt=\"\" class=\"wp-image-6239\" srcset=\"https:\/\/www.biocollagenix.com\/wp-content\/uploads\/2022\/02\/2-fascia-crema-anieta-plus.png 560w, https:\/\/www.biocollagenix.com\/wp-content\/uploads\/2022\/02\/2-fascia-crema-anieta-plus-300x291.png 300w\" sizes=\"(max-width: 560px) 100vw, 560px\" \/><\/figure>\n\n\n<style id=\"kt-blocks_1b2968-93\">#kt-adv-heading_1b2968-93, #kt-adv-heading_1b2968-93 .wp-block-kadence-advancedheading, .wp-block-kadence-advancedheading.kt-adv-heading_1b2968-93[data-kb-block=\"kb-adv-heading_1b2968-93\"], .kadence-advanced-heading-wrapper .kt-adv-heading_1b2968-93[data-kb-block=\"kb-adv-heading_1b2968-93\"]{font-weight:normal;}#kt-adv-heading_1b2968-93 mark, #kt-adv-heading_1b2968-93 .wp-block-kadence-advancedheading mark, .kt-adv-heading_1b2968-93[data-kb-block=\"kb-adv-heading_1b2968-93\"] mark{font-weight:normal;padding:0px 0px 0px 0px;}<\/style>\n<h2 class=\"kt-adv-heading_1b2968-93 wp-block-kadence-advancedheading\" data-kb-block=\"kb-adv-heading_1b2968-93\">Pelle nutrita e riparata grazie a Vitamina E, Burro di Karit\u00e8 e Olio di Mandorle dolci <\/h2>\n\n\n\n<p>L&#8217;applicazione cutanea della crema antiet\u00e0 plus offre numerosi benefici per la pelle. La Vitamina E aiuta a migliorare l&#8217;idratazione e l&#8217;elasticit\u00e0 della pelle e rinforza la protezione naturale dell&#8217;epidermide. Inoltre, grazie all\u2019azione antiossidante, protegge la pelle dall&#8217;azione dei radicali liberi, i principali responsabili dell&#8217;invecchiamento cutaneo e dei danni cellulari. L\u2019alta concentrazione di vitamine naturali e acidi grassi nel Burro di Karit\u00e9 invece, lo rende incredibilmente nutriente e idratante per la pelle. Infine, l&#8217;olio di mandorle dolci svolge un&#8217;azione elasticizzante e riparatrice sulla pelle, in grado di lenire le irritazioni.<\/p>\n\n\n\n<div style=\"height:20px\" aria-hidden=\"true\" class=\"wp-block-spacer\"><\/div>\n\n\n<style id=\"kt-blocks_eb0926-94\">.wp-block-kadence-advancedbtn.kt-btns_eb0926-94 .kt-btn-wrap-0 .kt-button{padding-left:25px;padding-right:25px;padding-top:15px;padding-bottom:15px;color:#184489;font-size:15px;background:transparent;border-color:#184489;}.wp-block-kadence-advancedbtn.kt-btns_eb0926-94 .kt-btn-wrap-0 .kt-button:hover, .wp-block-kadence-advancedbtn.kt-btns_eb0926-94 .kt-btn-wrap-0 .kt-button:focus{color:#ffffff;border-color:#184489;}.wp-block-kadence-advancedbtn.kt-btns_eb0926-94 .kt-btn-wrap-0 .kt-button::before{display:none;}.wp-block-kadence-advancedbtn.kt-btns_eb0926-94 .kt-btn-wrap-0 .kt-button:hover, .wp-block-kadence-advancedbtn.kt-btns_eb0926-94 .kt-btn-wrap-0 .kt-button:focus{background:#184489;}<\/style>\n<div class=\"wp-block-kadence-advancedbtn kt-btn-align-left kt-btn-tablet-align-inherit kt-btn-mobile-align-inherit kt-btns-wrap kt-btns_eb0926-94\"><div class=\"kt-btn-wrap kt-btn-wrap-0\"><a class=\"kt-button button kt-btn-0-action kt-btn-size-custom kt-btn-style-basic kt-btn-svg-show-always kt-btn-has-text-true kt-btn-has-svg-true\" href=\"https:\/\/www.biocollagenix.com\/it\/biocollagenix-crema-antieta-plus\/\" style=\"border-radius:0px;border-width:2px\"><div style=\"display:inline-flex;justify-content:center;align-items:center\" class=\"kt-btn-svg-icon kt-btn-svg-icon-fe_arrowRight kt-btn-side-left\"><svg style=\"display:inline-block;vertical-align:middle\" viewbox=\"0 0 24 24\" height=\"1em\" width=\"1em\" fill=\"none\" stroke=\"currentColor\" xmlns=\"http:\/\/www.w3.org\/2000\/svg\" stroke-width=\"2\" stroke-linecap=\"round\" stroke-linejoin=\"round\"><line x1=\"5\" y1=\"12\" x2=\"19\" y2=\"12\"><\/line><polyline points=\"12 5 19 12 12 19\"><\/polyline><\/svg><\/div><span class=\"kt-btn-inner-text\">VAI AL PRODOTTO<\/span><\/a><\/div><\/div>\n<\/div><\/div>\n\n\n\n<div class=\"wp-block-kadence-column inner-column-2 kadence-column_731616-6f\"><div class=\"kt-inside-inner-col\">\n<p><\/p>\n<\/div><\/div>\n<\/div><\/div><\/div>\n\n\n<style id=\"kt-blocks_2ff132-0a\">#kt-layout-id_2ff132-0a{background-color:#e8ded6;background-image:url('https:\/\/www.biocollagenix.com\/wp-content\/uploads\/2022\/02\/3-fascia-crema-antieta-plus.jpg');background-size:cover;background-position:center center;background-attachment:scroll;background-repeat:no-repeat;}#kt-layout-id_2ff132-0a > .kt-row-column-wrap{padding-top:70px;padding-bottom:70px;padding-left:30px;padding-right:30px;min-height:700px;max-width:1170px;margin-left:auto;margin-right:auto;}@media all and (max-width: 767px){#kt-layout-id_2ff132-0a > .kt-row-column-wrap{padding-top:30px;padding-bottom:30px;}}<\/style>\n<div class=\"wp-block-kadence-rowlayout alignnone hide-bg-mobile\"><div id=\"kt-layout-id_2ff132-0a\" class=\"kt-row-layout-inner kt-row-has-bg kt-layout-id_2ff132-0a\"><div class=\"kt-row-column-wrap kt-has-2-columns kt-gutter-default kt-v-gutter-default kt-row-valign-middle kt-row-layout-equal kt-tab-layout-inherit kt-m-colapse-left-to-right kt-mobile-layout-row\">\n<div class=\"wp-block-kadence-column inner-column-1 kadence-column_1534ad-52\"><div class=\"kt-inside-inner-col\">\n<p><\/p>\n<\/div><\/div>\n\n\n\n<div class=\"wp-block-kadence-column inner-column-2 kadence-column_c377af-f8\"><div class=\"kt-inside-inner-col\">\n<figure class=\"wp-block-image size-large hide-on-desk\"><img loading=\"lazy\" decoding=\"async\" width=\"560\" height=\"560\" src=\"https:\/\/www.biocollagenix.com\/wp-content\/uploads\/2022\/02\/3-fascia-crema-antieta-plus-1.jpg\" alt=\"\" class=\"wp-image-6247\" srcset=\"https:\/\/www.biocollagenix.com\/wp-content\/uploads\/2022\/02\/3-fascia-crema-antieta-plus-1.jpg 560w, https:\/\/www.biocollagenix.com\/wp-content\/uploads\/2022\/02\/3-fascia-crema-antieta-plus-1-300x300.jpg 300w, https:\/\/www.biocollagenix.com\/wp-content\/uploads\/2022\/02\/3-fascia-crema-antieta-plus-1-150x150.jpg 150w\" sizes=\"(max-width: 560px) 100vw, 560px\" \/><\/figure>\n\n\n<style id=\"kt-blocks_a98ba6-f6\">#kt-adv-heading_a98ba6-f6, #kt-adv-heading_a98ba6-f6 .wp-block-kadence-advancedheading, .wp-block-kadence-advancedheading.kt-adv-heading_a98ba6-f6[data-kb-block=\"kb-adv-heading_a98ba6-f6\"], .kadence-advanced-heading-wrapper .kt-adv-heading_a98ba6-f6[data-kb-block=\"kb-adv-heading_a98ba6-f6\"]{font-weight:normal;}#kt-adv-heading_a98ba6-f6 mark, #kt-adv-heading_a98ba6-f6 .wp-block-kadence-advancedheading mark, .kt-adv-heading_a98ba6-f6[data-kb-block=\"kb-adv-heading_a98ba6-f6\"] mark{font-weight:normal;padding:0px 0px 0px 0px;}<\/style>\n<h2 class=\"kt-adv-heading_a98ba6-f6 wp-block-kadence-advancedheading\" data-kb-block=\"kb-adv-heading_a98ba6-f6\">Efficacia scientificamente testata e confermata dalle donne<\/h2>\n\n\n\n<p>L\u2019efficacia dell\u2019azione sinergica di Collagene marino, Acido Ialuronico, Replexium&#x2122;, Vitamina E, Burro di Karit\u00e9 e Olio di Mandorle Dolci, contenuti nella crema antiet\u00e0 plus, \u00e8 scientificamente testata. In particolare, il trattamento antiet\u00e0 globale favorisce l\u2019idratazione cutanea superficiale +16%, l\u2019idratazione cutanea profonda +20%, la luminosit\u00e0 +23%, la compattezza +19% e l\u2019elasticit\u00e0 +15%. Le donne (campione di 100 donne, et\u00e0 55-65 anni, applicazione 2 volte al giorno) che hanno provato il trattamento confermano che la pelle risulta pi\u00f9 idratata per il 99%, luminosa per il 97%, nutrita per il 99%, levigata per il 99%, compatta per il 100% e tonica per il 96%.&nbsp;<\/p>\n\n\n\n<p>Inoltre, il 96% delle donne che hanno svolto il test strumentale e di autovalutazione dichiara di aver notato una riduzione delle rughe leggere, mentre il 75% dichiara di aver notato una riduzione delle rughe profonde.<br><\/p>\n\n\n\n<div style=\"height:20px\" aria-hidden=\"true\" class=\"wp-block-spacer\"><\/div>\n\n\n<style id=\"kt-blocks_92a5bd-d1\">.wp-block-kadence-advancedbtn.kt-btns_92a5bd-d1 .kt-btn-wrap-0 .kt-button{padding-left:25px;padding-right:25px;padding-top:15px;padding-bottom:15px;color:#184489;font-size:15px;background:transparent;border-color:#184489;}.wp-block-kadence-advancedbtn.kt-btns_92a5bd-d1 .kt-btn-wrap-0 .kt-button:hover, .wp-block-kadence-advancedbtn.kt-btns_92a5bd-d1 .kt-btn-wrap-0 .kt-button:focus{color:#ffffff;border-color:#184489;}.wp-block-kadence-advancedbtn.kt-btns_92a5bd-d1 .kt-btn-wrap-0 .kt-button::before{display:none;}.wp-block-kadence-advancedbtn.kt-btns_92a5bd-d1 .kt-btn-wrap-0 .kt-button:hover, .wp-block-kadence-advancedbtn.kt-btns_92a5bd-d1 .kt-btn-wrap-0 .kt-button:focus{background:#184489;}<\/style>\n<div class=\"wp-block-kadence-advancedbtn kt-btn-align-left kt-btn-tablet-align-inherit kt-btn-mobile-align-inherit kt-btns-wrap kt-btns_92a5bd-d1\"><div class=\"kt-btn-wrap kt-btn-wrap-0\"><a class=\"kt-button button kt-btn-0-action kt-btn-size-custom kt-btn-style-basic kt-btn-svg-show-always kt-btn-has-text-true kt-btn-has-svg-true\" href=\"https:\/\/www.biocollagenix.com\/it\/stop-allinvecchiamento\/componenti-integratore-antirughe\/\" style=\"border-radius:0px;border-width:2px\"><div style=\"display:inline-flex;justify-content:center;align-items:center\" class=\"kt-btn-svg-icon kt-btn-svg-icon-fe_arrowRight kt-btn-side-left\"><svg style=\"display:inline-block;vertical-align:middle\" viewbox=\"0 0 24 24\" height=\"1em\" width=\"1em\" fill=\"none\" stroke=\"currentColor\" xmlns=\"http:\/\/www.w3.org\/2000\/svg\" stroke-width=\"2\" stroke-linecap=\"round\" stroke-linejoin=\"round\"><line x1=\"5\" y1=\"12\" x2=\"19\" y2=\"12\"><\/line><polyline points=\"12 5 19 12 12 19\"><\/polyline><\/svg><\/div><span class=\"kt-btn-inner-text\">SCOPRI DI PI\u00d9 SUI PRINCIPI ATTIVI<\/span><\/a><\/div><\/div>\n<\/div><\/div>\n<\/div><\/div><\/div>\n\n\n<div class=\"products\">\n    <div class=\"container\">\n        <h3 class=\"products__title\">\n            Scopri i prodotti al collagene        <\/h3>\n        <div class=\"products__list\">\n                                                <div class=\"product\">\n                        <div class=\"product__image\">\n                            <a href=\"https:\/\/www.biocollagenix.com\/it\/biocollagenix-crema-antieta-plus\/\"><img decoding=\"async\" src=\"https:\/\/www.biocollagenix.com\/wp-content\/uploads\/2022\/02\/biocollagenix-crema-antieta-plus-200x285-1.png\"><\/a>\n                        <\/div>\n                        <div class=\"product__name\">\n                            <a href=\"https:\/\/www.biocollagenix.com\/it\/biocollagenix-crema-antieta-plus\/\">Biocollagenix Crema antiet\u00e0 plus<\/a>\n                        <\/div>\n                        <div class=\"product__excerpt\">\n                            Trattamento antiet\u00e0 globale formulato per fortificare la pelle matura                        <\/div>\n                    <\/div>\n                                                                <div class=\"product\">\n                        <div class=\"product__image\">\n                            <a href=\"https:\/\/www.biocollagenix.com\/it\/biocollagenix-crema-antieta\/\"><img decoding=\"async\" src=\"https:\/\/www.biocollagenix.com\/wp-content\/uploads\/2022\/02\/biocollagenix-crema-antieta-200x285-1.png\"><\/a>\n                        <\/div>\n                        <div class=\"product__name\">\n                            <a href=\"https:\/\/www.biocollagenix.com\/it\/biocollagenix-crema-antieta\/\">Biocollagenix Crema antiet\u00e0<\/a>\n                        <\/div>\n                        <div class=\"product__excerpt\">\n                            Crema antiet\u00e0 per combattere l\u2019invecchiamento cutaneo.                        <\/div>\n                    <\/div>\n                                                                <div class=\"product\">\n                        <div class=\"product__image\">\n                            <a href=\"https:\/\/www.biocollagenix.com\/it\/compresse-azione-antiossidante\/\"><img decoding=\"async\" src=\"https:\/\/www.biocollagenix.com\/wp-content\/uploads\/2022\/02\/biocollagenix-antiossidante-60cpr-200x285-1.png\"><\/a>\n                        <\/div>\n                        <div class=\"product__name\">\n                            <a href=\"https:\/\/www.biocollagenix.com\/it\/compresse-azione-antiossidante\/\">Biocollagenix azione antiossidante compresse<\/a>\n                        <\/div>\n                        <div class=\"product__excerpt\">\n                            Integratore in pratiche compresse per combattere l\u2019invecchiamento cutaneo                        <\/div>\n                    <\/div>\n                                                                <div class=\"product\">\n                        <div class=\"product__image\">\n                            <a href=\"https:\/\/www.biocollagenix.com\/it\/biocollagenix-maschera\/\"><img decoding=\"async\" src=\"https:\/\/www.biocollagenix.com\/wp-content\/uploads\/2020\/08\/face-mask-200x285-.png\"><\/a>\n                        <\/div>\n                        <div class=\"product__name\">\n                            <a href=\"https:\/\/www.biocollagenix.com\/it\/biocollagenix-maschera\/\">Biocollagenix Maschera<\/a>\n                        <\/div>\n                        <div class=\"product__excerpt\">\n                            Maschera Viso Hydrogel ad azione anti-age, idratante e levigante                        <\/div>\n                    <\/div>\n                                                                <div class=\"product\">\n                        <div class=\"product__image\">\n                            <a href=\"https:\/\/www.biocollagenix.com\/it\/biocollagenix-trattamento-concentrato-anti-eta\/\"><img decoding=\"async\" src=\"https:\/\/www.biocollagenix.com\/wp-content\/uploads\/2020\/08\/ampolle-200x285-1.png\"><\/a>\n                        <\/div>\n                        <div class=\"product__name\">\n                            <a href=\"https:\/\/www.biocollagenix.com\/it\/biocollagenix-trattamento-concentrato-anti-eta\/\">Biocollagenix Trattamento Concentrato anti-et\u00e0<\/a>\n                        <\/div>\n                        <div class=\"product__excerpt\">\n                            Trattamento concentrato anti-et\u00e0 in ampolle a base di Collagene per ridurre le rughe                        <\/div>\n                    <\/div>\n                                                                <div class=\"product\">\n                        <div class=\"product__image\">\n                            <a href=\"https:\/\/www.biocollagenix.com\/it\/biocollagenix-ovalette\/\"><img decoding=\"async\" src=\"https:\/\/www.biocollagenix.com\/wp-content\/uploads\/2019\/10\/ovalette.png\"><\/a>\n                        <\/div>\n                        <div class=\"product__name\">\n                            <a href=\"https:\/\/www.biocollagenix.com\/it\/biocollagenix-ovalette\/\">Biocollagenix Ovalette<\/a>\n                        <\/div>\n                        <div class=\"product__excerpt\">\n                            Integratore alimentare a base di Collagene marino idrolizzato.                        <\/div>\n                    <\/div>\n                                                                <div class=\"product\">\n                        <div class=\"product__image\">\n                            <a href=\"https:\/\/www.biocollagenix.com\/it\/eye-patch-al-collagene\/\"><img decoding=\"async\" src=\"https:\/\/www.biocollagenix.com\/wp-content\/uploads\/2020\/08\/eye-patch-200x285-1.png\"><\/a>\n                        <\/div>\n                        <div class=\"product__name\">\n                            <a href=\"https:\/\/www.biocollagenix.com\/it\/eye-patch-al-collagene\/\">Eye Patch al Collagene<\/a>\n                        <\/div>\n                        <div class=\"product__excerpt\">\n                            Eye patch al Collagene: cerotti per il trattamento anti-occhiaie.                        <\/div>\n                    <\/div>\n                                                                <div class=\"product\">\n                        <div class=\"product__image\">\n                            <a href=\"https:\/\/www.biocollagenix.com\/it\/collagene-in-compresse-antirughe\/\"><img decoding=\"async\" src=\"https:\/\/www.biocollagenix.com\/wp-content\/uploads\/2019\/07\/tavolette-collagene-biocollagenix-new.png\"><\/a>\n                        <\/div>\n                        <div class=\"product__name\">\n                            <a href=\"https:\/\/www.biocollagenix.com\/it\/collagene-in-compresse-antirughe\/\">Collagene in compresse<\/a>\n                        <\/div>\n                        <div class=\"product__excerpt\">\n                            Integratore a base di Collagene marino idrolizzato in pratiche compresse                        <\/div>\n                    <\/div>\n                                                                <div class=\"product\">\n                        <div class=\"product__image\">\n                            <a href=\"https:\/\/www.biocollagenix.com\/it\/integratore-antiage-da-bere-con-collagene\/\"><img decoding=\"async\" src=\"https:\/\/www.biocollagenix.com\/wp-content\/uploads\/2019\/07\/collagene-bere-new.png\"><\/a>\n                        <\/div>\n                        <div class=\"product__name\">\n                            <a href=\"https:\/\/www.biocollagenix.com\/it\/integratore-antiage-da-bere-con-collagene\/\">Collagene da bere<\/a>\n                        <\/div>\n                        <div class=\"product__excerpt\">\n                            \ufeffIntegratore da bere a base di Collagene Marino I e III, Acido Ialuronico e Resveratrolo.                        <\/div>\n                    <\/div>\n                                    <\/div>\n    <\/div>\n<\/div>\n\n","protected":false},"excerpt":{"rendered":"","protected":false},"author":3,"featured_media":0,"parent":1348,"menu_order":0,"comment_status":"closed","ping_status":"closed","template":"","meta":{"kt_blocks_editor_width":"","footnotes":""},"class_list":["post-6226","page","type-page","status-publish","hentry"],"_links":{"self":[{"href":"https:\/\/www.biocollagenix.com\/it\/wp-json\/wp\/v2\/pages\/6226"}],"collection":[{"href":"https:\/\/www.biocollagenix.com\/it\/wp-json\/wp\/v2\/pages"}],"about":[{"href":"https:\/\/www.biocollagenix.com\/it\/wp-json\/wp\/v2\/types\/page"}],"author":[{"embeddable":true,"href":"https:\/\/www.biocollagenix.com\/it\/wp-json\/wp\/v2\/users\/3"}],"replies":[{"embeddable":true,"href":"https:\/\/www.biocollagenix.com\/it\/wp-json\/wp\/v2\/comments?post=6226"}],"version-history":[{"count":1,"href":"https:\/\/www.biocollagenix.com\/it\/wp-json\/wp\/v2\/pages\/6226\/revisions"}],"predecessor-version":[{"id":6251,"href":"https:\/\/www.biocollagenix.com\/it\/wp-json\/wp\/v2\/pages\/6226\/revisions\/6251"}],"up":[{"embeddable":true,"href":"https:\/\/www.biocollagenix.com\/it\/wp-json\/wp\/v2\/pages\/1348"}],"wp:attachment":[{"href":"https:\/\/www.biocollagenix.com\/it\/wp-json\/wp\/v2\/media?parent=6226"}],"curies":[{"name":"wp","href":"https:\/\/api.w.org\/{rel}","templated":true}]}}