{"id":4955,"date":"2020-08-05T16:12:20","date_gmt":"2020-08-05T14:12:20","guid":{"rendered":"https:\/\/www.biocollagenix.com\/?page_id=4955"},"modified":"2020-08-25T14:12:28","modified_gmt":"2020-08-25T12:12:28","slug":"i-vantaggi-e-i-benefici-della-maschera-al-collagene","status":"publish","type":"page","link":"https:\/\/www.biocollagenix.com\/it\/biocollagenix-maschera\/i-vantaggi-e-i-benefici-della-maschera-al-collagene\/","title":{"rendered":"I vantaggi e i benefici della Maschera al Collagene"},"content":{"rendered":"<style id=\"kt-blocks_66e100-1e\">#kt-layout-id_66e100-1e{background-color:#6bb8d4;background-image:url('\/wp-content\/uploads\/2019\/01\/bg-h1-page.jpg');background-size:cover;background-position:center center;background-attachment:scroll;background-repeat:no-repeat;}#kt-layout-id_66e100-1e > .kt-row-column-wrap{padding-top:0px;max-width:1170px;margin-left:auto;margin-right:auto;}<\/style>\n<div class=\"wp-block-kadence-rowlayout alignnone\"><div id=\"kt-layout-id_66e100-1e\" class=\"kt-row-layout-inner kt-row-has-bg kt-layout-id_66e100-1e\"><div class=\"kt-row-column-wrap kt-has-1-columns kt-gutter-default kt-v-gutter-default kt-row-valign-top kt-row-layout-equal kt-tab-layout-inherit kt-m-colapse-left-to-right kt-mobile-layout-row\">\n<div class=\"wp-block-kadence-column inner-column-1 kadence-column_ff36be-c8\"><div class=\"kt-inside-inner-col\">\t<div class=\"breadcrumb-container white\">\n\t\t<div class=\"breadcrumbs\">\n\t\t\t<span property=\"itemListElement\" typeof=\"ListItem\"><a property=\"item\" typeof=\"WebPage\" title=\"Vai a Home.\" href=\"https:\/\/www.biocollagenix.com\/it\/\" class=\"home\" aria-current=\"page\"><span property=\"name\">Home<\/span><\/a><meta property=\"position\" content=\"1\"><\/span>\t\t<\/div>\n\t<\/div>\n\n\n\n<style id=\"kt-blocks_8a8f7f-20\">#kt-adv-heading_8a8f7f-20, #kt-adv-heading_8a8f7f-20 .wp-block-kadence-advancedheading, .wp-block-kadence-advancedheading.kt-adv-heading_8a8f7f-20[data-kb-block=\"kb-adv-heading_8a8f7f-20\"], .kadence-advanced-heading-wrapper .kt-adv-heading_8a8f7f-20[data-kb-block=\"kb-adv-heading_8a8f7f-20\"]{color:#ffffff;margin-bottom:1em;}#kt-adv-heading_8a8f7f-20 mark, #kt-adv-heading_8a8f7f-20 .wp-block-kadence-advancedheading mark, .kt-adv-heading_8a8f7f-20[data-kb-block=\"kb-adv-heading_8a8f7f-20\"] mark{padding:0px 0px 0px 0px;}<\/style>\n<h1 id=\"kt-adv-heading_8a8f7f-20\" class=\"kt-adv-heading_8a8f7f-20 wp-block-kadence-advancedheading\" style=\"color:#ffffff;margin-bottom:1em\">I vantaggi e i benefici della Maschera al Collagene<\/h1>\n\n\n\n<p style=\"color:#ffffff\" class=\"has-text-color\">Maschera viso Hydrogel per preservare l\u2019elasticit\u00e0 della cute, realizzata con un concentrato di principi naturali: Collagene marino idrolizzato di tipo I e III, Resveratrolo e 5 Acidi Ialuronici con diversi pesi molecolari per limitare l\u2019evaporazione dell\u2019acqua dalla cute e preservarne l\u2019elasticit\u00e0.<\/p>\n<\/div><\/div>\n<\/div><\/div><\/div>\n\n\n<style id=\"kt-blocks_973ce1-d8\">#kt-layout-id_973ce1-d8{background-color:#eef9fb;background-image:url('https:\/\/www.biocollagenix.com\/wp-content\/uploads\/2020\/08\/fascia-mask-2.jpg');background-size:cover;background-position:center center;background-attachment:scroll;background-repeat:no-repeat;}#kt-layout-id_973ce1-d8 > .kt-row-column-wrap{padding-top:70px;padding-bottom:70px;padding-left:30px;padding-right:30px;min-height:700px;max-width:1170px;margin-left:auto;margin-right:auto;}@media all and (max-width: 767px){#kt-layout-id_973ce1-d8 > .kt-row-column-wrap{padding-top:30px;padding-bottom:30px;}}<\/style>\n<div class=\"wp-block-kadence-rowlayout alignnone hide-bg-mobile section-bg__left\"><div id=\"kt-layout-id_973ce1-d8\" class=\"kt-row-layout-inner kt-row-has-bg kt-layout-id_973ce1-d8\"><div class=\"kt-row-column-wrap kt-has-2-columns kt-gutter-default kt-v-gutter-default kt-row-valign-middle kt-row-layout-equal kt-tab-layout-inherit kt-m-colapse-left-to-right kt-mobile-layout-row\">\n<div class=\"wp-block-kadence-column inner-column-1 kadence-column_9a909c-21\"><div class=\"kt-inside-inner-col\"><\/div><\/div>\n\n\n\n<div class=\"wp-block-kadence-column inner-column-2 kadence-column_0ebf55-e9\"><div class=\"kt-inside-inner-col\">\n<figure class=\"wp-block-image size-large hide-on-desk\"><img loading=\"lazy\" decoding=\"async\" width=\"560\" height=\"560\" src=\"https:\/\/www.biocollagenix.com\/wp-content\/uploads\/2020\/08\/fascia-mask-mobile.png\" alt=\"\" class=\"wp-image-5185\" srcset=\"https:\/\/www.biocollagenix.com\/wp-content\/uploads\/2020\/08\/fascia-mask-mobile.png 560w, https:\/\/www.biocollagenix.com\/wp-content\/uploads\/2020\/08\/fascia-mask-mobile-300x300.png 300w, https:\/\/www.biocollagenix.com\/wp-content\/uploads\/2020\/08\/fascia-mask-mobile-150x150.png 150w\" sizes=\"(max-width: 560px) 100vw, 560px\" \/><\/figure>\n\n\n<style id=\"kt-blocks_81c76a-2e\">#kt-adv-heading_81c76a-2e mark, #kt-adv-heading_81c76a-2e .wp-block-kadence-advancedheading mark, .kt-adv-heading_81c76a-2e[data-kb-block=\"kb-adv-heading_81c76a-2e\"] mark{padding:0px 0px 0px 0px;}<\/style>\n<h2 id=\"kt-adv-heading_81c76a-2e\" class=\"kt-adv-heading_81c76a-2e wp-block-kadence-advancedheading\">Pelle compatta e levigata grazie alla Maschera al Collagene<\/h2>\n\n\n\n<p>Per favorire il benessere della pelle e renderla pi\u00f9 luminosa, la Maschera al Collagene risulta essere una delle soluzioni pi\u00f9 adatte, in quanto stimola la produzione di collagene. Basta applicare la maschera, per un lasso di tempo variabile di posa dai quindici ai venticinque minuti, una o due volte alla settimana. La maschera agisce direttamente sulla pelle, stimolando la naturale produzione di collagene, ridefinendo e levigando i tratti del viso. La soluzione ideale per donare alla pelle massima compattezza e luminosit\u00e0.<\/p>\n<\/div><\/div>\n<\/div><\/div><\/div>\n\n\n<style id=\"kt-blocks_67c265-77\">#kt-layout-id_67c265-77{background-color:#f1f3f2;background-image:url('https:\/\/www.biocollagenix.com\/wp-content\/uploads\/2020\/08\/mask-2-2.jpg');background-size:cover;background-position:center center;background-attachment:scroll;background-repeat:no-repeat;}#kt-layout-id_67c265-77 > .kt-row-column-wrap{padding-top:70px;padding-bottom:70px;padding-left:30px;padding-right:30px;min-height:700px;max-width:1170px;margin-left:auto;margin-right:auto;}@media all and (max-width: 767px){#kt-layout-id_67c265-77 > .kt-row-column-wrap{padding-top:30px;padding-bottom:30px;}}<\/style>\n<div class=\"wp-block-kadence-rowlayout alignnone hide-bg-mobile section-bg__right\"><div id=\"kt-layout-id_67c265-77\" class=\"kt-row-layout-inner kt-row-has-bg kt-layout-id_67c265-77\"><div class=\"kt-row-column-wrap kt-has-2-columns kt-gutter-default kt-v-gutter-default kt-row-valign-middle kt-row-layout-equal kt-tab-layout-inherit kt-m-colapse-left-to-right kt-mobile-layout-row\">\n<div class=\"wp-block-kadence-column inner-column-1 kadence-column_3ba437-8c\"><div class=\"kt-inside-inner-col\">\n<figure class=\"wp-block-image size-large hide-on-desk\"><img loading=\"lazy\" decoding=\"async\" width=\"560\" height=\"560\" src=\"https:\/\/www.biocollagenix.com\/wp-content\/uploads\/2020\/08\/mask-2-mobile.png\" alt=\"\" class=\"wp-image-5193\" srcset=\"https:\/\/www.biocollagenix.com\/wp-content\/uploads\/2020\/08\/mask-2-mobile.png 560w, https:\/\/www.biocollagenix.com\/wp-content\/uploads\/2020\/08\/mask-2-mobile-300x300.png 300w, https:\/\/www.biocollagenix.com\/wp-content\/uploads\/2020\/08\/mask-2-mobile-150x150.png 150w\" sizes=\"(max-width: 560px) 100vw, 560px\" \/><\/figure>\n\n\n<style id=\"kt-blocks_0d77b6-52\">#kt-adv-heading_0d77b6-52 mark, #kt-adv-heading_0d77b6-52 .wp-block-kadence-advancedheading mark, .kt-adv-heading_0d77b6-52[data-kb-block=\"kb-adv-heading_0d77b6-52\"] mark{padding:0px 0px 0px 0px;}<\/style>\n<h2 id=\"kt-adv-heading_0d77b6-52\" class=\"kt-adv-heading_0d77b6-52 wp-block-kadence-advancedheading\">La Maschera al Collagene con azione anti-age e idratante&nbsp;<\/h2>\n\n\n\n<p>La pelle del viso \u00e8 costantemente esposta a una serie di fattori esterni, come agenti atmosferici (vento, freddo, umidit\u00e0), inquinamento ed esposizione ai raggi solari, ma anche ad uno stile di vita poco sano, correlato a sedentariet\u00e0, fumo e alcool che possono compromettere la salute della pelle. La prevenzione pertanto, risulta essenziale per proteggere la cute dal fotoinvecchiamento e uniformare la texture della pelle.<br><\/p>\n\n\n\n<p>Applicando sul viso la Maschera al Collagene, si previene la perdita di liquidi nei tessuti connettivi, anche grazie all\u2019azione dell\u2019Acido Ialuronico. Il risultato finale sar\u00e0 una cute maggiormente elastica, idratata e tonificata. Inoltre, il prodotto trova un ottimo utilizzo per attenuare i segni del tempo, della stanchezza e per ridurre i gonfiori.<\/p>\n\n\n\n<div style=\"height:20px\" aria-hidden=\"true\" class=\"wp-block-spacer\"><\/div>\n\n\n<style id=\"kt-blocks_12712e-83\">.wp-block-kadence-advancedbtn.kt-btns_12712e-83 .kt-btn-wrap-0 .kt-button{padding-left:25px;padding-right:25px;padding-top:15px;padding-bottom:15px;color:#184489;font-size:15px;background:transparent;border-color:#184489;}.wp-block-kadence-advancedbtn.kt-btns_12712e-83 .kt-btn-wrap-0 .kt-button:hover, .wp-block-kadence-advancedbtn.kt-btns_12712e-83 .kt-btn-wrap-0 .kt-button:focus{color:#ffffff;border-color:#184489;}.wp-block-kadence-advancedbtn.kt-btns_12712e-83 .kt-btn-wrap-0 .kt-button::before{display:none;}.wp-block-kadence-advancedbtn.kt-btns_12712e-83 .kt-btn-wrap-0 .kt-button:hover, .wp-block-kadence-advancedbtn.kt-btns_12712e-83 .kt-btn-wrap-0 .kt-button:focus{background:#184489;}<\/style>\n<div class=\"wp-block-kadence-advancedbtn kt-btn-align-left kt-btn-tablet-align-inherit kt-btn-mobile-align-inherit kt-btns-wrap kt-btns_12712e-83\"><div class=\"kt-btn-wrap kt-btn-wrap-0\"><a class=\"kt-button button kt-btn-0-action kt-btn-size-custom kt-btn-style-basic kt-btn-svg-show-always kt-btn-has-text-true kt-btn-has-svg-true\" href=\"\/it\/biocollagenix-trattamento-concentrato-anti-eta\/\" style=\"border-radius:0px;border-width:2px\"><div style=\"display:inline-flex;justify-content:center;align-items:center\" class=\"kt-btn-svg-icon kt-btn-svg-icon-fe_arrowRight kt-btn-side-left\"><svg style=\"display:inline-block;vertical-align:middle\" viewbox=\"0 0 24 24\" height=\"15\" width=\"15\" fill=\"none\" stroke=\"currentColor\" xmlns=\"http:\/\/www.w3.org\/2000\/svg\" stroke-width=\"2\" stroke-linecap=\"round\" stroke-linejoin=\"round\"><line x1=\"5\" y1=\"12\" x2=\"19\" y2=\"12\"><\/line><polyline points=\"12 5 19 12 12 19\"><\/polyline><\/svg><\/div><span class=\"kt-btn-inner-text\">VAI AL PRODOTTO<\/span><\/a><\/div><\/div>\n<\/div><\/div>\n\n\n\n<div class=\"wp-block-kadence-column inner-column-2 kadence-column_7750fa-cd\"><div class=\"kt-inside-inner-col\">\n<p><\/p>\n<\/div><\/div>\n<\/div><\/div><\/div>\n\n\n<style id=\"kt-blocks_5489e8-76\">#kt-layout-id_5489e8-76{background-color:#d7eaf8;background-image:url('https:\/\/www.biocollagenix.com\/wp-content\/uploads\/2020\/08\/mask-3-2.jpg');background-size:cover;background-position:center center;background-attachment:scroll;background-repeat:no-repeat;}#kt-layout-id_5489e8-76 > .kt-row-column-wrap{padding-top:70px;padding-bottom:70px;padding-left:30px;padding-right:30px;min-height:700px;max-width:1170px;margin-left:auto;margin-right:auto;}@media all and (max-width: 767px){#kt-layout-id_5489e8-76 > .kt-row-column-wrap{padding-top:30px;padding-bottom:30px;}}<\/style>\n<div class=\"wp-block-kadence-rowlayout alignnone hide-bg-mobile\"><div id=\"kt-layout-id_5489e8-76\" class=\"kt-row-layout-inner kt-row-has-bg kt-layout-id_5489e8-76\"><div class=\"kt-row-column-wrap kt-has-2-columns kt-gutter-default kt-v-gutter-default kt-row-valign-middle kt-row-layout-equal kt-tab-layout-inherit kt-m-colapse-left-to-right kt-mobile-layout-row\">\n<div class=\"wp-block-kadence-column inner-column-1 kadence-column_9e96df-57\"><div class=\"kt-inside-inner-col\">\n<p><\/p>\n<\/div><\/div>\n\n\n\n<div class=\"wp-block-kadence-column inner-column-2 kadence-column_6d1d06-47\"><div class=\"kt-inside-inner-col\">\n<figure class=\"wp-block-image size-large hide-on-desk\"><img loading=\"lazy\" decoding=\"async\" width=\"560\" height=\"560\" src=\"https:\/\/www.biocollagenix.com\/wp-content\/uploads\/2020\/08\/mask-3-mobile.png\" alt=\"\" class=\"wp-image-5201\" srcset=\"https:\/\/www.biocollagenix.com\/wp-content\/uploads\/2020\/08\/mask-3-mobile.png 560w, https:\/\/www.biocollagenix.com\/wp-content\/uploads\/2020\/08\/mask-3-mobile-300x300.png 300w, https:\/\/www.biocollagenix.com\/wp-content\/uploads\/2020\/08\/mask-3-mobile-150x150.png 150w\" sizes=\"(max-width: 560px) 100vw, 560px\" \/><\/figure>\n\n\n<style id=\"kt-blocks_dc6fe1-c0\">#kt-adv-heading_dc6fe1-c0 mark, #kt-adv-heading_dc6fe1-c0 .wp-block-kadence-advancedheading mark, .kt-adv-heading_dc6fe1-c0[data-kb-block=\"kb-adv-heading_dc6fe1-c0\"] mark{padding:0px 0px 0px 0px;}<\/style>\n<h2 id=\"kt-adv-heading_dc6fe1-c0\" class=\"kt-adv-heading_dc6fe1-c0 wp-block-kadence-advancedheading\">L&#8217;azione sinergica di Collagene Marino, Acido Ialuronico e Resveratrolo<\/h2>\n\n\n\n<p>La Maschera al Collagene \u00e8 costituita da un concentrato di principi attivi naturali che preservano l\u2019elasticit\u00e0 e la luminosit\u00e0 della cute. L\u2019integrazione con Collagene marino idrolizzato di tipo I e III, ricavato dalla pelle dei pesci, apporta peptidi e aminoacidi con basso peso molecolare, che vengono quindi rapidamente assorbiti. L\u2019Acido Ialuronico ha la capacit\u00e0 di assorbire e trattenere l\u2019acqua, rallentando in modo fisiologico il processo di evaporazione e ripristinando il giusto tasso di umidit\u00e0 della pelle. Il Resveratrolo protegge dagli agenti patogeni esterni. L&#8217;azione sinergica di questi componenti naturali produce un effetto visibile di distensione e ringiovanimento della pelle del viso che permane a lungo.<br><\/p>\n\n\n\n<div style=\"height:20px\" aria-hidden=\"true\" class=\"wp-block-spacer\"><\/div>\n\n\n<style id=\"kt-blocks_dfcf67-81\">.wp-block-kadence-advancedbtn.kt-btns_dfcf67-81 .kt-btn-wrap-0 .kt-button{padding-left:25px;padding-right:25px;padding-top:15px;padding-bottom:15px;color:#184489;font-size:15px;background:transparent;border-color:#184489;}.wp-block-kadence-advancedbtn.kt-btns_dfcf67-81 .kt-btn-wrap-0 .kt-button:hover, .wp-block-kadence-advancedbtn.kt-btns_dfcf67-81 .kt-btn-wrap-0 .kt-button:focus{color:#ffffff;border-color:#184489;}.wp-block-kadence-advancedbtn.kt-btns_dfcf67-81 .kt-btn-wrap-0 .kt-button::before{display:none;}.wp-block-kadence-advancedbtn.kt-btns_dfcf67-81 .kt-btn-wrap-0 .kt-button:hover, .wp-block-kadence-advancedbtn.kt-btns_dfcf67-81 .kt-btn-wrap-0 .kt-button:focus{background:#184489;}<\/style>\n<div class=\"wp-block-kadence-advancedbtn kt-btn-align-left kt-btn-tablet-align-inherit kt-btn-mobile-align-inherit kt-btns-wrap kt-btns_dfcf67-81\"><div class=\"kt-btn-wrap kt-btn-wrap-0\"><a class=\"kt-button button kt-btn-0-action kt-btn-size-custom kt-btn-style-basic kt-btn-svg-show-always kt-btn-has-text-true kt-btn-has-svg-true\" href=\"\/it\/stop-allinvecchiamento\/componenti-integratore-antirughe\/\" style=\"border-radius:0px;border-width:2px\"><div style=\"display:inline-flex;justify-content:center;align-items:center\" class=\"kt-btn-svg-icon kt-btn-svg-icon-fe_arrowRight kt-btn-side-left\"><svg style=\"display:inline-block;vertical-align:middle\" viewbox=\"0 0 24 24\" height=\"15\" width=\"15\" fill=\"none\" stroke=\"currentColor\" xmlns=\"http:\/\/www.w3.org\/2000\/svg\" stroke-width=\"2\" stroke-linecap=\"round\" stroke-linejoin=\"round\"><line x1=\"5\" y1=\"12\" x2=\"19\" y2=\"12\"><\/line><polyline points=\"12 5 19 12 12 19\"><\/polyline><\/svg><\/div><span class=\"kt-btn-inner-text\">SCOPRI DI PI\u00d9 SUI PRINCIPI ATTIVI<\/span><\/a><\/div><\/div>\n<\/div><\/div>\n<\/div><\/div><\/div>\n\n\n<div class=\"products\">\n    <div class=\"container\">\n        <h3 class=\"products__title\">\n            Scopri i prodotti al collagene        <\/h3>\n        <div class=\"products__list\">\n                                                <div class=\"product\">\n                        <div class=\"product__image\">\n                            <a href=\"https:\/\/www.biocollagenix.com\/it\/biocollagenix-crema-antieta-plus\/\"><img decoding=\"async\" src=\"https:\/\/www.biocollagenix.com\/wp-content\/uploads\/2022\/02\/biocollagenix-crema-antieta-plus-200x285-1.png\"><\/a>\n                        <\/div>\n                        <div class=\"product__name\">\n                            <a href=\"https:\/\/www.biocollagenix.com\/it\/biocollagenix-crema-antieta-plus\/\">Biocollagenix Crema antiet\u00e0 plus<\/a>\n                        <\/div>\n                        <div class=\"product__excerpt\">\n                            Trattamento antiet\u00e0 globale formulato per fortificare la pelle matura                        <\/div>\n                    <\/div>\n                                                                <div class=\"product\">\n                        <div class=\"product__image\">\n                            <a href=\"https:\/\/www.biocollagenix.com\/it\/biocollagenix-crema-antieta\/\"><img decoding=\"async\" src=\"https:\/\/www.biocollagenix.com\/wp-content\/uploads\/2022\/02\/biocollagenix-crema-antieta-200x285-1.png\"><\/a>\n                        <\/div>\n                        <div class=\"product__name\">\n                            <a href=\"https:\/\/www.biocollagenix.com\/it\/biocollagenix-crema-antieta\/\">Biocollagenix Crema antiet\u00e0<\/a>\n                        <\/div>\n                        <div class=\"product__excerpt\">\n                            Crema antiet\u00e0 per combattere l\u2019invecchiamento cutaneo.                        <\/div>\n                    <\/div>\n                                                                <div class=\"product\">\n                        <div class=\"product__image\">\n                            <a href=\"https:\/\/www.biocollagenix.com\/it\/compresse-azione-antiossidante\/\"><img decoding=\"async\" src=\"https:\/\/www.biocollagenix.com\/wp-content\/uploads\/2022\/02\/biocollagenix-antiossidante-60cpr-200x285-1.png\"><\/a>\n                        <\/div>\n                        <div class=\"product__name\">\n                            <a href=\"https:\/\/www.biocollagenix.com\/it\/compresse-azione-antiossidante\/\">Biocollagenix azione antiossidante compresse<\/a>\n                        <\/div>\n                        <div class=\"product__excerpt\">\n                            Integratore in pratiche compresse per combattere l\u2019invecchiamento cutaneo                        <\/div>\n                    <\/div>\n                                                                <div class=\"product\">\n                        <div class=\"product__image\">\n                            <a href=\"https:\/\/www.biocollagenix.com\/it\/biocollagenix-maschera\/\"><img decoding=\"async\" src=\"https:\/\/www.biocollagenix.com\/wp-content\/uploads\/2020\/08\/face-mask-200x285-.png\"><\/a>\n                        <\/div>\n                        <div class=\"product__name\">\n                            <a href=\"https:\/\/www.biocollagenix.com\/it\/biocollagenix-maschera\/\">Biocollagenix Maschera<\/a>\n                        <\/div>\n                        <div class=\"product__excerpt\">\n                            Maschera Viso Hydrogel ad azione anti-age, idratante e levigante                        <\/div>\n                    <\/div>\n                                                                <div class=\"product\">\n                        <div class=\"product__image\">\n                            <a href=\"https:\/\/www.biocollagenix.com\/it\/biocollagenix-trattamento-concentrato-anti-eta\/\"><img decoding=\"async\" src=\"https:\/\/www.biocollagenix.com\/wp-content\/uploads\/2020\/08\/ampolle-200x285-1.png\"><\/a>\n                        <\/div>\n                        <div class=\"product__name\">\n                            <a href=\"https:\/\/www.biocollagenix.com\/it\/biocollagenix-trattamento-concentrato-anti-eta\/\">Biocollagenix Trattamento Concentrato anti-et\u00e0<\/a>\n                        <\/div>\n                        <div class=\"product__excerpt\">\n                            Trattamento concentrato anti-et\u00e0 in ampolle a base di Collagene per ridurre le rughe                        <\/div>\n                    <\/div>\n                                                                <div class=\"product\">\n                        <div class=\"product__image\">\n                            <a href=\"https:\/\/www.biocollagenix.com\/it\/biocollagenix-ovalette\/\"><img decoding=\"async\" src=\"https:\/\/www.biocollagenix.com\/wp-content\/uploads\/2019\/10\/ovalette.png\"><\/a>\n                        <\/div>\n                        <div class=\"product__name\">\n                            <a href=\"https:\/\/www.biocollagenix.com\/it\/biocollagenix-ovalette\/\">Biocollagenix Ovalette<\/a>\n                        <\/div>\n                        <div class=\"product__excerpt\">\n                            Integratore alimentare a base di Collagene marino idrolizzato.                        <\/div>\n                    <\/div>\n                                                                <div class=\"product\">\n                        <div class=\"product__image\">\n                            <a href=\"https:\/\/www.biocollagenix.com\/it\/eye-patch-al-collagene\/\"><img decoding=\"async\" src=\"https:\/\/www.biocollagenix.com\/wp-content\/uploads\/2020\/08\/eye-patch-200x285-1.png\"><\/a>\n                        <\/div>\n                        <div class=\"product__name\">\n                            <a href=\"https:\/\/www.biocollagenix.com\/it\/eye-patch-al-collagene\/\">Eye Patch al Collagene<\/a>\n                        <\/div>\n                        <div class=\"product__excerpt\">\n                            Eye patch al Collagene: cerotti per il trattamento anti-occhiaie.                        <\/div>\n                    <\/div>\n                                                                <div class=\"product\">\n                        <div class=\"product__image\">\n                            <a href=\"https:\/\/www.biocollagenix.com\/it\/collagene-in-compresse-antirughe\/\"><img decoding=\"async\" src=\"https:\/\/www.biocollagenix.com\/wp-content\/uploads\/2019\/07\/tavolette-collagene-biocollagenix-new.png\"><\/a>\n                        <\/div>\n                        <div class=\"product__name\">\n                            <a href=\"https:\/\/www.biocollagenix.com\/it\/collagene-in-compresse-antirughe\/\">Collagene in compresse<\/a>\n                        <\/div>\n                        <div class=\"product__excerpt\">\n                            Integratore a base di Collagene marino idrolizzato in pratiche compresse                        <\/div>\n                    <\/div>\n                                                                <div class=\"product\">\n                        <div class=\"product__image\">\n                            <a href=\"https:\/\/www.biocollagenix.com\/it\/integratore-antiage-da-bere-con-collagene\/\"><img decoding=\"async\" src=\"https:\/\/www.biocollagenix.com\/wp-content\/uploads\/2019\/07\/collagene-bere-new.png\"><\/a>\n                        <\/div>\n                        <div class=\"product__name\">\n                            <a href=\"https:\/\/www.biocollagenix.com\/it\/integratore-antiage-da-bere-con-collagene\/\">Collagene da bere<\/a>\n                        <\/div>\n                        <div class=\"product__excerpt\">\n                            \ufeffIntegratore da bere a base di Collagene Marino I e III, Acido Ialuronico e Resveratrolo.                        <\/div>\n                    <\/div>\n                                    <\/div>\n    <\/div>\n<\/div>\n\n\n\n\n<p><\/p>\n","protected":false},"excerpt":{"rendered":"","protected":false},"author":14,"featured_media":0,"parent":4901,"menu_order":0,"comment_status":"closed","ping_status":"closed","template":"","meta":{"kt_blocks_editor_width":"","footnotes":""},"class_list":["post-4955","page","type-page","status-publish","hentry"],"_links":{"self":[{"href":"https:\/\/www.biocollagenix.com\/it\/wp-json\/wp\/v2\/pages\/4955"}],"collection":[{"href":"https:\/\/www.biocollagenix.com\/it\/wp-json\/wp\/v2\/pages"}],"about":[{"href":"https:\/\/www.biocollagenix.com\/it\/wp-json\/wp\/v2\/types\/page"}],"author":[{"embeddable":true,"href":"https:\/\/www.biocollagenix.com\/it\/wp-json\/wp\/v2\/users\/14"}],"replies":[{"embeddable":true,"href":"https:\/\/www.biocollagenix.com\/it\/wp-json\/wp\/v2\/comments?post=4955"}],"version-history":[{"count":5,"href":"https:\/\/www.biocollagenix.com\/it\/wp-json\/wp\/v2\/pages\/4955\/revisions"}],"predecessor-version":[{"id":5210,"href":"https:\/\/www.biocollagenix.com\/it\/wp-json\/wp\/v2\/pages\/4955\/revisions\/5210"}],"up":[{"embeddable":true,"href":"https:\/\/www.biocollagenix.com\/it\/wp-json\/wp\/v2\/pages\/4901"}],"wp:attachment":[{"href":"https:\/\/www.biocollagenix.com\/it\/wp-json\/wp\/v2\/media?parent=4955"}],"curies":[{"name":"wp","href":"https:\/\/api.w.org\/{rel}","templated":true}]}}