{"id":38,"date":"2016-08-02T16:58:41","date_gmt":"2016-08-02T14:58:41","guid":{"rendered":"https:\/\/www.biocollagenix.com\/?page_id=38"},"modified":"2019-09-25T10:23:39","modified_gmt":"2019-09-25T08:23:39","slug":"domande-frequenti-integratore-da-bere-antiage","status":"publish","type":"page","link":"https:\/\/www.biocollagenix.com\/it\/domande-frequenti-integratore-da-bere-antiage\/","title":{"rendered":"Faq"},"content":{"rendered":"<style id=\"kt-blocks_9084f9-15\">#kt-layout-id_9084f9-15{background-color:#f7f7f7;}#kt-layout-id_9084f9-15 > .kt-row-column-wrap{padding-top:0px;max-width:1170px;margin-left:auto;margin-right:auto;}<\/style>\n<div class=\"wp-block-kadence-rowlayout alignnone\"><div id=\"kt-layout-id_9084f9-15\" class=\"kt-row-layout-inner kt-row-has-bg kt-layout-id_9084f9-15\"><div class=\"kt-row-column-wrap kt-has-1-columns kt-gutter-default kt-row-valign-top kt-row-layout-equal kt-tab-layout-inherit kt-m-colapse-left-to-right kt-mobile-layout-row\">\n<div class=\"wp-block-kadence-column kadence-column8425 inner-column-1\"><div class=\"kt-inside-inner-col\">\t<div class=\"breadcrumb-container \">\n\t\t<div class=\"breadcrumbs\">\n\t\t\t<span property=\"itemListElement\" typeof=\"ListItem\"><a property=\"item\" typeof=\"WebPage\" title=\"Vai a Home.\" href=\"https:\/\/www.biocollagenix.com\/it\/\" class=\"home\" aria-current=\"page\"><span property=\"name\">Home<\/span><\/a><meta property=\"position\" content=\"1\"><\/span>\t\t<\/div>\n\t<\/div>\n\n\n\n\n<h1 id=\"kt-adv-heading_da3e29-81\" class=\"wp-block-kadence-advancedheading\">Faq<\/h1>\n<\/div><\/div>\n<\/div><\/div><\/div>\n\n\n<style id=\"kt-blocks_051eaa-20\">#kt-layout-id_051eaa-20 > .kt-row-column-wrap{max-width:1170px;margin-left:auto;margin-right:auto;}@media all and (max-width: 767px){#kt-layout-id_051eaa-20 > .kt-row-column-wrap{padding-left:15px;padding-right:15px;}}<\/style>\n<div class=\"wp-block-kadence-rowlayout alignnone\"><div id=\"kt-layout-id_051eaa-20\" class=\"kt-row-layout-inner  kt-layout-id_051eaa-20\"><div class=\"kt-row-column-wrap kt-has-1-columns kt-gutter-default kt-row-valign-top kt-row-layout-equal kt-tab-layout-inherit kt-m-colapse-left-to-right kt-mobile-layout-row\">\n<div class=\"wp-block-kadence-column kadence-column2120 inner-column-1\"><div class=\"kt-inside-inner-col\">\n<p>Leggi tutte le informazioni su Biocollagenix.<br>Per ulteriori informazioni <a href=\"contatti\">contattaci<\/a><\/p>\n<\/div><\/div>\n<\/div><\/div><\/div>\n\n\n<div class=\"internal-section faq\">\n    <div class=\"container clearfix\">\n        <div class=\"content clearfix\">\n            <div id=\"accordion\">\n                <h3>Perch\u00e9 si formano le rughe?<\/h3>\n                <div>\n                    <p>Man mano che si invecchia, la rigenerazione cellulare avviene pi\u00f9 lentamente e la pelle diventa\n                        sempre pi\u00f9 sottile e fragile. La comparsa delle rughe non \u00e8 provocata solo dall&#8217;invecchiamento,\n                        ma anche da una diminuzione dell&#8217;elasticit\u00e0 e dell&#8217;idratazione della pelle. Infatti, \u00e8 possibile\n                        riscontrare rughe anche in persone giovani: le rughe si formano dove avvengono i movimenti\n                        muscolari pi\u00f9 importanti, che richiedono alla pelle un&#8217;elasticit\u00e0 particolare.<\/p>\n                    <p>Quando il metabolismo cellulare rallenta, la pelle affronta una rivoluzione profonda, che si\n                        manifesta sul viso con la comparsa di rilassamento, perdita di elasticit\u00e0 e rughe profonde. Le\n                        prime rughe sono quelle d&#8217;espressione, causate dalle contrazioni facciali che, diventando\n                        ripetute, si imprimono nel derma sottostante che sta contemporaneamente perdendo tono. Con la\n                        perdita e l&#8217;alterazione di Collagene e fibre elastiche, i tessuti iniziano a rilassarsi, la\n                        pelle perde il suo sostegno e l&#8217;ovale del viso inizia a deformarsi. La carenza di Collagene si\n                        manifesta nella mancanza di tonicit\u00e0, perdita di elasticit\u00e0 e idratazione e quindi nella\n                        comparsa di rughe.<\/p>\n                <\/div>\n                <h3>Che cos&#8217;\u00e8 il Collagene?<\/h3>\n                <div>\n                    <p>E&#8217; la proteina strutturale pi\u00f9 abbondante del corpo umano, rappresenta il 25% del peso totale.\n                        Viene sintetizzata dal nostro organismo e fornisce elasticit\u00e0 e resistenza ai nostri organi e\n                        tessuti. Costituisce il 75% della nostra pelle e la sua carenza si manifesta nella mancanza di\n                        tonicit\u00e0, perdita di elasticit\u00e0 e nella comparsa di rughe.<\/p>\n                <\/div>\n                <h3>Quanti tipi di Collagene esistono nel nostro corpo?<\/h3>\n                <div>\n                    <p>I mammiferi possiedono circa 30 tipi di catene di Collagene. Il Collagene di tipo I rappresenta\n                        il 90% del Collagene totale ed entra nella composizione dei principali tessuti connettivi, come\n                        pelle, tendini, ossa e cornea.<\/p>\n                <\/div>\n                <h3>Il Collagene \u00e8 utile anche per le articolazioni?<\/h3>\n                <div>\n                    <p>Nel nostro organismo esistono molti tipi di Collagene (oltre 30): il Collagene di tipo I \u00e8\n                        principalmente presente nella pelle, il Collagene di tipo II invece \u00e8 presente nelle\n                        articolazioni. Il Collagene contenuto in Biocollagenix \u00e8 del tipo I, quindi adatto al benessere\n                        e alla cura della pelle.<\/p>\n                <\/div>\n                <h3>Ma se il Collagene \u00e8 una proteina, posso usare un qualunque integratore proteico per migliorare la\n                    mia pelle?<\/h3>\n                <div>\n                    <p>Il Collagene ha una composizione in aminoacidi molto caratteristica: circa un terzo dei suoi\n                        residui sono Glicina; un altro 15-30% \u00e8 costituito da Prolina e 4-idrossiprolina. Questi\n                        aminoacidi si ritrovano in quantit\u00e0 minime nei cibi e negli integratori proteici rivolti ad\n                        altre applicazioni. Quindi, per ripristinare il Collagene della mia pelle, devo utilizzare una\n                        fonte di Collagene, come Biocollagenix.<\/p>\n                <\/div>\n                <h3>Per chi \u00e8 stato studiato Biocollagenix?<\/h3>\n                <div>\n                    <p>La formulazione di Biocollagenix \u00e8 stata messa a punto dai laboratori di ricerca ESI pensando a\n                        tutte le persone che vogliono prendersi cura della propria pelle, con un&#8217;azione di stimolo\n                        proveniente dall&#8217;interno dell&#8217;organismo. Ideale in caso di eccessiva esposizione al sole, per le\n                        persone che lavorano al chiuso e in locali climatizzati che disidratano la pelle.<\/p>\n                <\/div>\n                <h3>Dove posso acquistare Biocollagenix?<\/h3>\n                <div>\n                    <p>Come tutti i prodotti ESI, Biocollagenix \u00e8 acquistabile in farmacia, parafarmacia ed\n                        erboristeria.<\/p>\n                <\/div>\n                <h3>Dov&#8217;\u00e8 prodotto Biocollagenix?<\/h3>\n                <div>\n                    <p>Biocollagenix \u00e8 prodotto in Italia, dalla ESI s.r.l, azienda che da oltre 40 anni opera ai massimi\n                        livelli nel settore degli integratori alimentari, nutraceutici, cosmetici naturali e dispositivi\n                        medici. ESI \u00e8 stata una delle prime aziende del settore a conseguire la certificazione ISO 9001,\n                        nel lontano 1999. Oggi i prodotti ESI sono distribuiti in oltre 50 nazioni.<\/p>\n                <\/div>\n                <h3>A quali test \u00e8 sottoposto Biocollagenix per garantire qualit\u00e0 e sicurezza?<\/h3>\n                <div>\n                    <p>Gli standard di produzione ESI sono ai pi\u00f9 alti livelli qualitativi e sono il frutto di impianti\n                        di produzione di ultima generazione e di ricerca, sviluppo e controlli di qualit\u00e0\n                        all&#8217;avanguardia. Gli scrupolosi controlli ESI iniziano dalle singole materie prime: il\n                        Laboratorio di Controllo Qualit\u00e0 interno si occupa direttamente di analisi organolettiche,\n                        chimico-fisiche e microbiologiche. Ogni lotto di materia prima viene analizzato prima di essere\n                        utilizzato, cos\u00ec come ogni intermedio di produzione ed ogni prodotto finito.<\/p>\n                <\/div>\n                <h3>Perch\u00e9 usare Biocollagenix invece delle creme antiet\u00e0?<\/h3>\n                <div>\n                    <p>La pelle \u00e8 formata da 2 strati sovrapposti, il derma (pi\u00f9 profondo) e l\u2019epidermide\n                        (superficiale). Il derma \u00e8 lo strato pi\u00f9 profondo della pelle. \u00c8 costituito da tessuto\n                        connettivo, ricco di fibre di collagene che conferisce elasticit\u00e0 e resistenza alla cute.\n                        L\u2019epidermide \u00e8 invece costituita da cellule chiamate cheratinociti, disposte su 5 strati, che\n                        corrispondono alle stesse cellule in momenti diversi del loro ciclo vitale. L\u2019epidermide si\n                        rinnova continuamente attraverso un processo di proliferazione e differenziazione che porta\n                        nuove cellule, generate nello strato pi\u00f9 profondo, a migrare e trasformarsi attraversando gli\n                        strati sovrastanti, fino ad essere disperse per desquamazione. L&#8217;ultimo strato \u00e8 infatti\n                        costituito da cheratinociti morti. L\u2019applicazione di una crema sull\u2019epidermide non riesce a\n                        veicolare i principi nutrienti negli strati pi\u00f9 interni del derma. Il nutrimento invece arriva\n                        tramite il sangue alle cellule degli strati pi\u00f9 profondi; man mano che le cellule vengono spinte\n                        verso l\u2019esterno muoiono e si sfaldano. Per questo motivo, il giusto nutrimento della pelle deve\n                        arrivare tramite il sangue, quindi tramite l\u2019alimentazione, e non solo dall\u2019esterno con l\u2019uso di\n                        prodotti cosmetici.<\/p>\n                <\/div>\n                <h3>Per quanto tempo \u00e8 necessario utilizzare Biocollagenix per vedere i primi risultati?<\/h3>\n                <div>\n                    <p>Come per tutti i prodotti per uso esterno o interno, siano essi naturali o farmaceutici,\n                        l\u2019efficacia pu\u00f2 variare, anche di molto, da un individuo all\u2019altro. In questo caso,\n                        l\u2019ottenimento dei risultati dipende dal tipo di pelle, dallo stile di vita, dall\u2019alimentazione,\n                        dalla salute generale. Ad esempio, un\u2019eccessiva esposizione ai raggi solari allungher\u00e0 i tempi\n                        necessari per ottenere i risultati sperati. Un primo miglioramento dei parametri cutanei pu\u00f2\n                        essere ottenuto con un paio di confezioni , quindi in circa 20 giorni. Continuando il\n                        trattamento, dopo un mese la pelle potr\u00e0 apparire pi\u00f9 liscia e soda. Consigliamo un trattamento\n                        iniziale di 1-2 mesi, dopodich\u00e9 il consumatore potr\u00e0 decidere se continuare oppure alternare\n                        periodi di trattamento di un mese a periodi di sospensione.<\/p>\n                <\/div>\n                <h3>Da dove viene estratto il Collagene impiegato in Biocollagenix?<\/h3>\n                <div>\n                    <p>ESI s.r.l usa Collagene marino idrolizzato estratto dalla pelle del pesce; non vengono utilizzate\n                        altre fonti animali, come suini, bovini o pollame. I pesci impiegati provengono da allevamenti\n                        rigidamente controllati e garantiti per il consumo umano.<\/p>\n                <\/div>\n                <h3>Il Collagene della mia pelle \u00e8 uguale al Collagene di Biocollagenix?<\/h3>\n                <div>\n                    <p>Il Collagene presente nel nostro organismo \u00e8 una proteina molto grande, costituita da molti\n                        aminoacidi legati insieme. E\u2019 talmente grande che, applicato sulla pelle o ingerito, non sarebbe\n                        assorbito dall&#8217;organismo. Pertanto, il Collagene utilizzato in Biocollagenix \u00e8 idrolizzato, cio\u00e8\n                        frammentato in molecole pi\u00f9 piccole (peptidi contenenti aminoacidi necessari per attivare la\n                        sintesi di Collagene): facilmente digerite, assimilate e trasportate fino agli strati profondi\n                        della pelle dove verr\u00e0 attivata la sintesi di nuovo Collagene.<\/p>\n                <\/div>\n                <h3>Cos\u2019\u00e8 l&#8217;Acido Ialuronico e che funzioni ha nella pelle?<\/h3>\n                <div>\n                    <p>L&#8217;Acido Ialuronico \u00e8 uno dei principali costituenti del tessuto connettivo. Con l&#8217;et\u00e0, la sua\n                        concentrazione nella cute si riduce e di conseguenza si generano le rughe.<\/p>\n                <\/div>\n                <h3>Qual \u00e8 l&#8217;origine dell&#8217;Acido Ialuronico?<\/h3>\n                <div>\n                    <p>L&#8217;Acido Ialuronico utilizzato in Biocollagenix, sotto forma di sodio ialuronato, \u00e8 ottenuto\n                        tramite un processo naturale di fermentazione batterica.<\/p>\n                <\/div>\n                <h3>Che cos&#8217;\u00e8 il Resveratrolo?<\/h3>\n                <div>\n                    <p>E&#8217; una molecola di origine vegetale spesso estratta dalle bucce degli acini d&#8217;uva: ad esso sono\n                        legati i benefici effetti del vino rosso.<\/p>\n                <\/div>\n                <h3>Perch\u00e9 Biocollagenix contiene dei principi antiossidanti?<\/h3>\n                <div>\n                    <p>L&#8217;ossidazione cellulare \u00e8 una delle principali cause dell&#8217;invecchiamento cutaneo: provoca la\n                        formazione dei radicali liberi e partecipa alla degenerazione delle cellule della pelle. Il\n                        processo di ossidazione cellulare \u00e8 generato da diversi fattori esterni, quali lo stress, i\n                        raggi UV e l&#8217;inquinamento. Il processo \u00e8 caratterizzato dalla destabilizzazione di una molecola\n                        dovuta alla perdita di un elettrone. Ne deriva una reazione a cascata che pu\u00f2 avere diverse\n                        conseguenze: il metabolismo delle cellule della pelle viene alterato e l&#8217;epidermide si rigenera\n                        male e meno velocemente. Per tale motivo, Biocollagenix contiene i frutti di Mirtillo, Vitamina\n                        C, Zinco e Rame, che hanno azione antiossidante e proteggono le cellule dallo stress ossidativo.\n                    <\/p>\n                <\/div>\n                <h3>La Vitamina C \u00e8 utile per la pelle?<\/h3>\n                <div>\n                    <p>Oltre alle numerose attivit\u00e0 che esplica nel nostro organismo, la Vitamina C contribuisce anche\n                        alla formazione del collagene per la normale funzione della pelle. Inoltre, grazie alle\n                        propriet\u00e0 antiossidanti, contribuisce alla protezione delle cellule dallo stress ossidativo.<\/p>\n                <\/div>\n                <h3>Qual \u00e8 la funzione del Rame e dello Zinco?<\/h3>\n                <div>\n                    <p>Il Rame contribuisce al mantenimento dei tessuti connettivi normali e lo Zinco contribuisce al\n                        mantenimento di una pelle normale.<\/p>\n                <\/div>\n                <h3>I succhi gastrici possono inattivare il Collagene e gli altri componenti di Biocollagenix rendendoli\n                    inefficaci?<\/h3>\n                <div>\n                    <p>La formulazione \u00e8 studiata per mantenere inalterate le caratteristiche degli ingredienti, ed i\n                        peptidi di Collagene mantengono la loro struttura per essere rapidamente assorbiti a livello\n                        intestinale e trasportati nel derma. A tale proposito diversi studi hanno dimostrato che alcuni\n                        dei peptidi presenti nel Collagene idrolizzato, in particolare quelli contenenti idrossiprolina,\n                        sono in grado di attraversare la barriera intestinale ed il peptide prolina-idrossiprolina\n                        risulta essere il peptide pi\u00f9 abbondante nel plasma.<\/p>\n                <\/div>\n                <h3>Posso assumere Biocollagenix insieme ad altri integratori alimentari?<\/h3>\n                <div>\n                    <p>Non sono note interazioni con altri integratori. E\u2019 comunque importante considerare le quantit\u00e0\n                        di vitamine e minerali contenute nei vari integratori ed evitare di superare le esigenze\n                        nutrizionali quotidiane; infatti sulle confezioni sono indicati i VNR, Valori Nutrizionali di\n                        Riferimento. In caso di dubbi sull&#8217;interpretazione, \u00e8 opportuno rivolgersi al medico o ad un\n                        professionista in campo salutistico.<\/p>\n                <\/div>\n                <h3>Biocollagenix pu\u00f2 essere assunta insieme a farmaci?<\/h3>\n                <div>\n                    <p>Non sono mai state riscontrate interazioni con i farmaci dovute ai componenti di Biocollagenix.\n                        Tuttavia si consiglia, per chi soffre di patologie particolari ed \u00e8 in trattamento\n                        farmacologico, di consultare il proprio medico prima di assumere il prodotto.<\/p>\n                <\/div>\n                <h3>Che sapore ha il prodotto?<\/h3>\n                <div>\n                    <p>Biocollagenix \u00e8 al gusto di guava, frutto tipico del centro America, dal sapore estremamente\n                        fragrante e dal profumo spiccato e attraente.<\/p>\n                <\/div>\n                <h3>L&#8217;assunzione per lunghi periodi di Biocollagenix pu\u00f2 far aumentare il mio peso corporeo?<\/h3>\n                <div>\n                    <p>Sicuramente no. Biocollagenix contiene zuccheri e grassi in misura inferiore allo 0,5%, per cui\n                        si pu\u00f2 dichiarare senza zuccheri e senza grassi. Quindi non pu\u00f2 contribuire all&#8217;aumento del peso\n                        corporeo.<\/p>\n                <\/div>\n                <h3>Si pu\u00f2 utilizzare in gravidanza e allattamento?<\/h3>\n                <div>\n                    <p>Al momento non sono stati eseguiti studi clinici su donne in gravidanza e allattamento, per cui\n                        non \u00e8 possibile suggerire l&#8217;utilizzo in questi particolari casi.<\/p>\n                <\/div>\n                <h3>Si pu\u00f2 usare in menopausa?<\/h3>\n                <div>\n                    <p>Non \u00e8 sconsigliato l&#8217;uso in menopausa. In caso di trattamento farmacologico, \u00e8 consigliabile\n                        sentire il parere del medico.<\/p>\n                <\/div>\n                <h3>I soggetti diabetici possono assumere Biocollagenix?<\/h3>\n                <div>\n                    <p>Il nostro prodotto contiene stevia, dolcificante naturale a zero calorie. Inoltre il prodotto\n                        contiene una quantit\u00e0 di zuccheri inferiore allo 0,5%, pertanto si pu\u00f2 dichiarare senza\n                        zuccheri.<\/p>\n                <\/div>\n                <h3>Quali possono essere gli effetti collaterali dovuti a Biocollagenix?<\/h3>\n                <div>\n                    <p>Biocollagenix contiene collagene proveniente da pesce ed anche lecitina di soia: quindi il\n                        prodotto \u00e8 sconsigliato alle persone allergiche a tali alimenti. Non sono noti altri effetti\n                        collaterali.<\/p>\n                <\/div>\n                <h3>Biocollagenix contiene glutine?<\/h3>\n                <div>\n                    <p>No, come tutti gli integratori ESI, anche Biocollagenix non contiene glutine.<\/p>\n                <\/div>\n                <h3>Biocollagenix potrebbe contenere tracce di ogm, antibiotici, ormoni, coloranti o aromi artificiali o\n                    sostanze ottenute tramite le nanotecnologie?<\/h3>\n                <div>\n                    <p>No, non contiene nessuno di questi elementi.<\/p>\n                <\/div>\n                <h3>Biocollagenix \u00e8 adatto a vegetariani e\/o vegani?<\/h3>\n                <div>\n                    <p>Biocollagenix contiene Collagene estratto dalla pelle di pesce.<\/p>\n                <\/div>\n            <\/div>\n        <\/div>\n    <\/div>\n<\/div>","protected":false},"excerpt":{"rendered":"<p>Perch\u00e9 si formano le rughe? Man mano che si invecchia, la rigenerazione cellulare avviene pi\u00f9 lentamente e la pelle diventa sempre pi\u00f9 sottile e fragile. La comparsa delle rughe non \u00e8 provocata solo dall&#8217;invecchiamento, ma anche da una diminuzione dell&#8217;elasticit\u00e0 e dell&#8217;idratazione della pelle. Infatti, \u00e8 possibile riscontrare rughe anche in persone giovani: le rughe [&hellip;]<\/p>\n","protected":false},"author":3,"featured_media":0,"parent":0,"menu_order":0,"comment_status":"closed","ping_status":"closed","template":"","meta":{"kt_blocks_editor_width":"fullwidth","footnotes":""},"class_list":["post-38","page","type-page","status-publish","hentry"],"_links":{"self":[{"href":"https:\/\/www.biocollagenix.com\/it\/wp-json\/wp\/v2\/pages\/38"}],"collection":[{"href":"https:\/\/www.biocollagenix.com\/it\/wp-json\/wp\/v2\/pages"}],"about":[{"href":"https:\/\/www.biocollagenix.com\/it\/wp-json\/wp\/v2\/types\/page"}],"author":[{"embeddable":true,"href":"https:\/\/www.biocollagenix.com\/it\/wp-json\/wp\/v2\/users\/3"}],"replies":[{"embeddable":true,"href":"https:\/\/www.biocollagenix.com\/it\/wp-json\/wp\/v2\/comments?post=38"}],"version-history":[{"count":43,"href":"https:\/\/www.biocollagenix.com\/it\/wp-json\/wp\/v2\/pages\/38\/revisions"}],"predecessor-version":[{"id":4141,"href":"https:\/\/www.biocollagenix.com\/it\/wp-json\/wp\/v2\/pages\/38\/revisions\/4141"}],"wp:attachment":[{"href":"https:\/\/www.biocollagenix.com\/it\/wp-json\/wp\/v2\/media?parent=38"}],"curies":[{"name":"wp","href":"https:\/\/api.w.org\/{rel}","templated":true}]}}