{"id":297,"date":"2016-09-02T12:45:38","date_gmt":"2016-09-02T10:45:38","guid":{"rendered":"https:\/\/www.biocollagenix.com\/?page_id=297"},"modified":"2019-12-05T10:21:51","modified_gmt":"2019-12-05T09:21:51","slug":"company","status":"publish","type":"page","link":"https:\/\/www.biocollagenix.com\/it\/company\/","title":{"rendered":"Azienda"},"content":{"rendered":"<style id=\"kt-blocks_9f9c35-09\">#kt-layout-id_9f9c35-09{background-color:#f7f7f7;}#kt-layout-id_9f9c35-09 > .kt-row-column-wrap{padding-top:0px;max-width:1170px;margin-left:auto;margin-right:auto;}<\/style>\n<div class=\"wp-block-kadence-rowlayout alignnone\"><div id=\"kt-layout-id_9f9c35-09\" class=\"kt-row-layout-inner kt-row-has-bg kt-layout-id_9f9c35-09\"><div class=\"kt-row-column-wrap kt-has-1-columns kt-gutter-default kt-row-valign-top kt-row-layout-equal kt-tab-layout-inherit kt-m-colapse-left-to-right kt-mobile-layout-row\">\n<div class=\"wp-block-kadence-column kadence-column5983 inner-column-1\"><div class=\"kt-inside-inner-col\">\t<div class=\"breadcrumb-container \">\n\t\t<div class=\"breadcrumbs\">\n\t\t\t<span property=\"itemListElement\" typeof=\"ListItem\"><a property=\"item\" typeof=\"WebPage\" title=\"Vai a Home.\" href=\"https:\/\/www.biocollagenix.com\/it\/\" class=\"home\" aria-current=\"page\"><span property=\"name\">Home<\/span><\/a><meta property=\"position\" content=\"1\"><\/span>\t\t<\/div>\n\t<\/div>\n\n\n\n\n<h1 id=\"kt-adv-heading_1b750c-a6\" class=\"wp-block-kadence-advancedheading\">Azienda<\/h1>\n<\/div><\/div>\n<\/div><\/div><\/div>\n\n\n<style id=\"kt-blocks_0abbd5-57\">#kt-layout-id_0abbd5-57 > .kt-row-column-wrap{padding-left:15px;padding-right:15px;max-width:1170px;margin-left:auto;margin-right:auto;}@media all and (max-width: 767px){#kt-layout-id_0abbd5-57 > .kt-row-column-wrap{padding-left:15px;padding-right:15px;}}<\/style>\n<div class=\"wp-block-kadence-rowlayout alignnone\"><div id=\"kt-layout-id_0abbd5-57\" class=\"kt-row-layout-inner  kt-layout-id_0abbd5-57\"><div class=\"kt-row-column-wrap kt-has-2-columns kt-gutter-default kt-row-valign-top kt-row-layout-left-golden kt-tab-layout-inherit kt-m-colapse-left-to-right kt-mobile-layout-row\">\n<div class=\"wp-block-kadence-column kadence-column1717 inner-column-1\"><div class=\"kt-inside-inner-col\">\n<p>ESI,\nsociet\u00e0 che opera nel settore dei&nbsp;<strong>prodotti\nfitoterapici, nutraceutici, dietetici ed integratori alimentari<\/strong>,\nviene costituita nel 1975 dall\u2019attuale Presidente, Antonio Maria\nGalleano.<br>\nInizialmente\nil marchio ESI srl identificava una linea di formulazioni brevettate\nimportate dalla Svizzera. In breve \u00e8 arrivata la scelta di produrre\nin proprio creando nuove formulazioni in linea con le tendenze\nscientifiche e le necessit\u00e0 del mercato. \n<\/p>\n\n\n\n<p>L\u2019azienda ha inizialmente operato a Genova. Nel 1992, al fine di usufruire di spazi produttivi pi\u00f9 ampi, si \u00e8 trasferita ad Albissola Marina, nelle immediate vicinanze di Savona.<\/p>\n\n\n\n<p>Attualmente lo stabilimento si sviluppa su una superficie di <strong>circa 19.000 mq<\/strong>, di cui 10.000 mq coperti, con una parte riservata alla produzione ed un\u2019altra all\u2019area amministrativa e commerciale per un totale di 96 dipendenti.<br>Gli impianti produttivi aziendali si posizionano ai pi\u00f9 alti livelli qualitativi presenti sul mercato<\/p>\n\n\n\n<div style=\"height:20px\" aria-hidden=\"true\" class=\"wp-block-spacer\"><\/div>\n\n\n\n<p><strong>MISSIONE<\/strong><br>La missione della ESI \u00e8 contribuire al benessere dell\u2019individuo con prodotti di elevato standard qualitativo.<\/p>\n\n\n\n<p><strong>OBIETTIVO<\/strong><br>L\u2019obiettivo \u00e8 diventare l\u2019Azienda di riferimento nel campo della&nbsp;<strong>Fitoterapia<\/strong>&nbsp;e dell\u2019<strong>Integrazione Dietetica<\/strong>&nbsp;e competere efficacemente, in campo salutistico, con i pi\u00f9 importanti concorrenti sui maggiori mercati mondiali.<\/p>\n<\/div><\/div>\n\n\n\n<div class=\"wp-block-kadence-column kadence-column9763 inner-column-2\"><div class=\"kt-inside-inner-col\">\n<figure class=\"wp-block-image\"><img loading=\"lazy\" decoding=\"async\" width=\"289\" height=\"290\" src=\"https:\/\/www.biocollagenix.com\/wp-content\/uploads\/2019\/01\/logo_esi_company.png\" alt=\"\" class=\"wp-image-2543\" srcset=\"https:\/\/www.biocollagenix.com\/wp-content\/uploads\/2019\/01\/logo_esi_company.png 289w, https:\/\/www.biocollagenix.com\/wp-content\/uploads\/2019\/01\/logo_esi_company-150x150.png 150w\" sizes=\"(max-width: 289px) 100vw, 289px\" \/><\/figure>\n\n\n\n<p><\/p>\n<\/div><\/div>\n<\/div><\/div><\/div>\n\n\n<style id=\"kt-blocks_507981-e9\">#kt-layout-id_507981-e9{background-image:url('https:\/\/www.biocollagenix.com\/wp-content\/uploads\/2019\/01\/company3.jpg');background-size:cover;background-position:center center;background-attachment:scroll;background-repeat:no-repeat;}#kt-layout-id_507981-e9 > .kt-row-column-wrap{padding-left:15px;padding-right:15px;max-width:1170px;margin-left:auto;margin-right:auto;}@media all and (max-width: 767px){#kt-layout-id_507981-e9 > .kt-row-column-wrap{padding-top:30px;padding-bottom:30px;padding-left:15px;padding-right:15px;}}<\/style>\n<div class=\"wp-block-kadence-rowlayout alignnone hide-bg-mobile\"><div id=\"kt-layout-id_507981-e9\" class=\"kt-row-layout-inner kt-row-has-bg kt-layout-id_507981-e9\"><div class=\"kt-row-column-wrap kt-has-2-columns kt-gutter-default kt-row-valign-top kt-row-layout-equal kt-tab-layout-inherit kt-m-colapse-left-to-right kt-mobile-layout-row\">\n<div class=\"wp-block-kadence-column kadence-column820 inner-column-1\"><div class=\"kt-inside-inner-col\">\n<p><\/p>\n<\/div><\/div>\n\n\n\n<div class=\"wp-block-kadence-column kadence-column3551 inner-column-2\"><div class=\"kt-inside-inner-col\">\n<figure class=\"wp-block-image is-resized hide-on-desk\"><img loading=\"lazy\" decoding=\"async\" src=\"https:\/\/www.biocollagenix.com\/wp-content\/uploads\/2019\/01\/azienda-mob-01.jpg\" alt=\"\" class=\"wp-image-2579\" width=\"560\" height=\"560\" srcset=\"https:\/\/www.biocollagenix.com\/wp-content\/uploads\/2019\/01\/azienda-mob-01.jpg 560w, https:\/\/www.biocollagenix.com\/wp-content\/uploads\/2019\/01\/azienda-mob-01-150x150.jpg 150w, https:\/\/www.biocollagenix.com\/wp-content\/uploads\/2019\/01\/azienda-mob-01-300x300.jpg 300w\" sizes=\"(max-width: 560px) 100vw, 560px\" \/><\/figure>\n\n\n\n<h2 id=\"kt-adv-heading_4a45c6-4c\" class=\"wp-block-kadence-advancedheading\">40 Anni di Esperienza<\/h2>\n\n\n\n<p>L\u2019esperienza maturata in oltre 40 anni di attivit\u00e0, grazie al costante impegno posto nella ricerca scientifica e nello sviluppo di prodotti validi, nell\u2019innovazione di formulazioni e nella selezione accurata delle materie prime, hanno portato la ESI ad attestarsi tra le prime ditte produttrici. La produzione ai pi\u00f9 alti livelli qualitativi \u00e8 resa possibile dalla presenza di impianti di produzione di ultima generazione e dai laboratori allo stato dell\u2019arte dedicati alla ricerca e sviluppo. Il&nbsp;<strong>Laboratorio di Controllo Qualit\u00e0<\/strong> si occupa direttamente di analisi organolettiche, chimico-fisiche e microbiologiche delle migliori materie prime.<\/p>\n\n\n\n<div style=\"height:20px\" aria-hidden=\"true\" class=\"wp-block-spacer\"><\/div>\n\n\n\n<p><strong>Internazionalit\u00e0<\/strong><br>Fin dai primi anni di attivit\u00e0, l\u2019obiettivo di ESI \u00e8 stato quello di&nbsp;<strong><em>\u201cdiventare l\u2019azienda di riferimento nel campo della Fitoterapia e dell\u2019Integrazione Dietetica e di competere efficacemente con i pi\u00f9 importanti concorrenti sui maggiori mercati mondiali\u201d<\/em><\/strong>. Dopo 40 anni di impegno costante questo obiettivo \u00e8 stato raggiunto. Infatti, grazie ad una rete capillare di distributori internazionali, i prodotti ESI sono diffusi in pi\u00f9 di 50 nazioni: dal SudAfrica alla Finlandia, dagli USA al Medio ed Estremo oriente. Questo processo di internazionalizzazione \u00e8 in costante crescita: ogni anno nuove nazioni si aggiungono alle precedenti. E sulle confezioni vendute all\u2019estero riportiamo con orgoglio la bandiera italiana: un piccolo gesto per contribuire, con prodotti di elevata qualit\u00e0, all\u2019immagine dell\u2019Italia nel mondo.<\/p>\n<\/div><\/div>\n<\/div><\/div><\/div>\n\n\n<style id=\"kt-blocks_111112-66\">#kt-layout-id_111112-66{background-image:url('https:\/\/www.biocollagenix.com\/wp-content\/uploads\/2019\/01\/testata-controllo-qualita.jpg');background-size:cover;background-position:center center;background-attachment:scroll;background-repeat:no-repeat;}#kt-layout-id_111112-66 > .kt-row-column-wrap{min-height:495px;max-width:1170px;margin-left:auto;margin-right:auto;}@media all and (max-width: 767px){#kt-layout-id_111112-66 > .kt-row-column-wrap{padding-top:30px;padding-bottom:30px;padding-left:15px;padding-right:15px;}}<\/style>\n<div class=\"wp-block-kadence-rowlayout alignnone hide-bg-mobile\"><div id=\"kt-layout-id_111112-66\" class=\"kt-row-layout-inner kt-row-has-bg kt-layout-id_111112-66\"><div class=\"kt-row-column-wrap kt-has-2-columns kt-gutter-default kt-row-valign-middle kt-row-layout-equal kt-tab-layout-inherit kt-m-colapse-left-to-right kt-mobile-layout-row\">\n<div class=\"wp-block-kadence-column kadence-column9841 inner-column-1\"><div class=\"kt-inside-inner-col\">\n<figure class=\"wp-block-image is-resized hide-on-desk\"><img loading=\"lazy\" decoding=\"async\" src=\"https:\/\/www.biocollagenix.com\/wp-content\/uploads\/2019\/01\/azienda-mob-02.jpg\" alt=\"\" class=\"wp-image-2580\" width=\"560\" height=\"560\" srcset=\"https:\/\/www.biocollagenix.com\/wp-content\/uploads\/2019\/01\/azienda-mob-02.jpg 560w, https:\/\/www.biocollagenix.com\/wp-content\/uploads\/2019\/01\/azienda-mob-02-150x150.jpg 150w, https:\/\/www.biocollagenix.com\/wp-content\/uploads\/2019\/01\/azienda-mob-02-300x300.jpg 300w\" sizes=\"(max-width: 560px) 100vw, 560px\" \/><\/figure>\n\n\n\n<h2 id=\"kt-adv-heading_7782a1-f3\" class=\"wp-block-kadence-advancedheading\">Controllo qualit\u00e0<\/h2>\n\n\n\n<p>La qualit\u00e0 dei prodotti \u00e8 la prima regola aziendale che si realizza:<\/p>\n\n\n\n<ul class=\"wp-block-list\"><li>Nella scelta e nell\u2019impiego di&nbsp;<strong>materie prime selezionate<\/strong>.<\/li><li>Nei&nbsp;<strong>controlli di qualit\u00e0 rigorosi<\/strong>&nbsp;realizzati in laboratori specificamente attrezzati.<\/li><li>Negli standard ai&nbsp;<strong>pi\u00f9 alti livelli qualitativi, <\/strong>grazie ai&nbsp;<strong>moderni impianti di produzione<\/strong>&nbsp;e controllo.<\/li><\/ul>\n<\/div><\/div>\n\n\n\n<div class=\"wp-block-kadence-column kadence-column4333 inner-column-2\"><div class=\"kt-inside-inner-col\">\n<p><\/p>\n<\/div><\/div>\n<\/div><\/div><\/div>\n\n\n<style id=\"kt-blocks_63f48a-3c\">#kt-layout-id_63f48a-3c > .kt-row-column-wrap{padding-left:15px;padding-right:15px;max-width:1170px;margin-left:auto;margin-right:auto;}@media all and (max-width: 767px){#kt-layout-id_63f48a-3c > .kt-row-column-wrap{padding-left:15px;padding-right:15px;}}<\/style>\n<div class=\"wp-block-kadence-rowlayout alignnone\"><div id=\"kt-layout-id_63f48a-3c\" class=\"kt-row-layout-inner  kt-layout-id_63f48a-3c\"><div class=\"kt-row-column-wrap kt-has-1-columns kt-gutter-default kt-row-valign-top kt-row-layout-equal kt-tab-layout-inherit kt-m-colapse-left-to-right kt-mobile-layout-row\">\n<div class=\"wp-block-kadence-column kadence-column5782 inner-column-1\"><div class=\"kt-inside-inner-col\">\n<h2 id=\"kt-adv-heading_9c1576-be\" class=\"wp-block-kadence-advancedheading\">21 Punti Chiave del Controllo Qualit\u00e0<\/h2>\n\n\n\n<ol class=\"elenco-numerato wp-block-list\"><li>Acquistare solo le migliori materie prime da fornitori qualificati e validati dalla ESI.<\/li><li>Immagazzinare le materie prime in locali idonei, al riparo da calore e umidit\u00e0.<\/li><li>Testare e valutare tutti i lotti di tutte le materie prime al momento della ricezione, eseguendo analisi chimico-fisiche e microbiologiche, utilizzando protocolli consolidati e sofisticati metodi di controllo, nel rispetto delle specifiche tecniche concordate con i fornitori.<\/li><li>Avvicendare i lotti per assicurare l\u2019utilizzo di materie prime sempre recenti.<\/li><li>Ove necessario, prevedere un sovra-dosaggio degli ingredienti per assicurare sempre che il quantitativo a fine shelf life concordi con quanto dichiarato in etichetta.<\/li><li>Utilizzare riempitivi, leganti ed eccipienti di origine naturale e\/o vegetale.<\/li><li>Granulare, ove necessario, alcuni nutrienti per assicurare una miscelazione uniforme degli ingredienti.<\/li><li>Produrre in ambienti deumidificati per prevenire danni ai nutrienti sensibili all\u2019umidit\u00e0.<\/li><li>Utilizzare le ultime tecniche di compressione evitando di utilizzare elementi dannosi.<\/li><li>Quando risulta necessario, rivestire uniformemente le tavolette subito dopo la produzione, per evitare che l\u2019umidit\u00e0 e l\u2019ossidazione danneggino il prodotto finito.<\/li><li>Condurre test di disaggregazione per assicurare che le tavolette e le capsule si dissolvano nei tempi previsti dalla farmacopea, a seconda della tipologia del prodotto.<\/li><li>Controllare analiticamente tutti i lotti di semilavorato, prima di autorizzare il confezionamento.<\/li><li>Confezionare il prodotto sfuso subito dopo le analisi.<\/li><li>Confezionare in flaconi e blisters tavolette, capsule e liquidi seguendo le vigenti normative in materia di igiene e sicurezza degli alimenti.<\/li><li>Imballare i prodotti in modo tale da ridurre quanto pi\u00f9 possibile gli effetti della luce, del caldo e dell\u2019umidit\u00e0.<\/li><li>Utilizzare contenitori idonei agli alimenti.<\/li><li>Controllare periodicamente gli ingredienti caratterizzanti nei prodotti, per assicurarne l\u2019efficacia fino alla fine della shelf life.<\/li><li>Testare e controllare tutti i lotti di tutti i prodotti finiti, eseguendo analisi chimico-fisiche e microbiologiche, prima dell\u2019autorizzazione alla commercializzazione.<\/li><li>Tenere un inventario con un sofisticato sistema computerizzato, consentendo di controllare accuratamente le scorte ed offrire prodotti freschi e di recente produzione.<\/li><li>Garantire comunque e sempre l\u2019applicazione e l\u2019aggiornamento di adeguate procedure di sicurezza, avvalendosi dei principi su cui si basa il sistema di analisi dei rischi e di controllo dei punti critici.<\/li><li>Garantire la completa tracciabilit\u00e0, a partire dal ricevimento di ciascun lotto di materia prima e fino alla consegna dei prodotti al punto vendita, secondo quanto previsto dal regolamento CE n. 178\/2002.<\/li><\/ol>\n<\/div><\/div>\n<\/div><\/div><\/div>\n\n\n<style id=\"kt-blocks_4663a4-5f\">#kt-layout-id_4663a4-5f{background-image:url('https:\/\/www.biocollagenix.com\/wp-content\/uploads\/2019\/01\/company-cert-qualita.jpg');background-size:cover;background-position:center center;background-attachment:scroll;background-repeat:no-repeat;}#kt-layout-id_4663a4-5f > .kt-row-column-wrap{padding-left:15px;padding-right:15px;min-height:620px;max-width:1170px;margin-left:auto;margin-right:auto;}@media all and (max-width: 767px){#kt-layout-id_4663a4-5f > .kt-row-column-wrap{padding-top:30px;padding-bottom:30px;padding-left:15px;padding-right:15px;}}<\/style>\n<div class=\"wp-block-kadence-rowlayout alignnone hide-bg-mobile\"><div id=\"kt-layout-id_4663a4-5f\" class=\"kt-row-layout-inner kt-row-has-bg kt-layout-id_4663a4-5f\"><div class=\"kt-row-column-wrap kt-has-2-columns kt-gutter-default kt-row-valign-middle kt-row-layout-equal kt-tab-layout-inherit kt-m-colapse-left-to-right kt-mobile-layout-row\">\n<div class=\"wp-block-kadence-column kadence-column6696 inner-column-1\"><div class=\"kt-inside-inner-col\">\n<p><\/p>\n<\/div><\/div>\n\n\n\n<div class=\"wp-block-kadence-column kadence-column9186 inner-column-2\"><div class=\"kt-inside-inner-col\">\n<figure class=\"wp-block-image is-resized hide-on-desk\"><img loading=\"lazy\" decoding=\"async\" src=\"https:\/\/www.biocollagenix.com\/wp-content\/uploads\/2019\/01\/azienda-mob-03.jpg\" alt=\"\" class=\"wp-image-2582\" width=\"560\" height=\"560\" srcset=\"https:\/\/www.biocollagenix.com\/wp-content\/uploads\/2019\/01\/azienda-mob-03.jpg 560w, https:\/\/www.biocollagenix.com\/wp-content\/uploads\/2019\/01\/azienda-mob-03-150x150.jpg 150w, https:\/\/www.biocollagenix.com\/wp-content\/uploads\/2019\/01\/azienda-mob-03-300x300.jpg 300w\" sizes=\"(max-width: 560px) 100vw, 560px\" \/><\/figure>\n\n\n\n<h2 id=\"kt-adv-heading_cb8ca8-5d\" class=\"wp-block-kadence-advancedheading\">Certificazioni di qualit\u00e0<\/h2>\n\n\n\n<p>La qualit\u00e0 ESI ha ottenuto:<\/p>\n\n\n\n<ul class=\"wp-block-list\"><li><strong>1995<\/strong>&nbsp;\u2013 l\u2019autorizzazione dal Ministero della Sanit\u00e0 a produrre prodotti dietetici e integratori.<\/li><li><strong>1999&nbsp;<\/strong>\u2013 la certificazione ISO 9001 che garantisce la qualit\u00e0 totale della produzione ESI.<\/li><li><strong>2002<\/strong>&nbsp;\u2013 l\u2019aggiornamento del sistema qualit\u00e0 alle norme europee ISO 9001:2000.<\/li><li><strong>2004<\/strong>&nbsp;\u2013 la certificazione di prodotto per i succhi della linea Aloe Vera ESI.<\/li><li><strong>2009<\/strong>&nbsp;\u2013 ESI ottiene dal CCPB l\u2019autorizzazione alla commercializzazione di prodotti biologici.<\/li><li><strong>2017<\/strong>\u2013 l\u2019aggiornamento del sistema qualit\u00e0 alle norme europee ISO 9001:2015.<\/li><\/ul>\n<\/div><\/div>\n<\/div><\/div><\/div>\n\n\n<style id=\"kt-blocks_7d1761-e7\">#kt-layout-id_7d1761-e7{background-color:#e3eeee;}#kt-layout-id_7d1761-e7 > .kt-row-column-wrap{padding-left:15px;padding-right:15px;max-width:1170px;margin-left:auto;margin-right:auto;}@media all and (max-width: 767px){#kt-layout-id_7d1761-e7 > .kt-row-column-wrap{padding-left:15px;padding-right:15px;}}<\/style>\n<div class=\"wp-block-kadence-rowlayout alignnone\"><div id=\"kt-layout-id_7d1761-e7\" class=\"kt-row-layout-inner kt-row-has-bg kt-layout-id_7d1761-e7\"><div class=\"kt-row-column-wrap kt-has-2-columns kt-gutter-default kt-row-valign-top kt-row-layout-equal kt-tab-layout-inherit kt-m-colapse-left-to-right kt-mobile-layout-row\">\n<div class=\"wp-block-kadence-column kadence-column6852 inner-column-1\"><div class=\"kt-inside-inner-col\">\n<h2 id=\"kt-adv-heading_9fdb81-8f\" class=\"wp-block-kadence-advancedheading\">Certiquality<\/h2>\n\n\n\n<p>La crescente competitivit\u00e0 dei mercati e le giuste esigenze dei consumatori, sempre pi\u00f9 informati e selettivi, stimolano sempre pi\u00f9 le societ\u00e0 produttive e commerciali ad operare in condizioni di&nbsp;<strong>Garanzia di Qualit\u00e0<\/strong>. In particolare, per quanto riguarda le industrie alimentari, sono state attuate le direttive&nbsp;<strong>CEE&nbsp;<\/strong>concernenti l\u2019igiene dei prodotti, e, con il D.L. n. 155\/97, \u00e8 stata resa obbligatoria l\u2019introduzione di un<strong>&nbsp;Piano di Autocontrollo Aziendale (HACCP)<\/strong>&nbsp;per garantire la salubrit\u00e0 degli stessi. Il sistema&nbsp;<strong>HACCP<\/strong>&nbsp;\u00e8 quindi un inizio, obbligatorio per legge, verso una organizzazione di sistemi orientati alla qualit\u00e0 globale. La ESI, all\u2019avanguardia tra le societ\u00e0 del settore dietetico\/salutistico, ha proseguito l\u2019iter di qualit\u00e0 globale abbracciando la filosofia della qualit\u00e0 certificata che pone l\u2019azienda in un confronto diretto con i consumatori. La ESI, quindi, non solo ha ottemperato pienamente alle norme del sistema HACCP, garantendo produzioni fabbricate, immagazzinate e trasportate nel rispetto delle normative vigenti, ma ha ottenuto anche la&nbsp;<strong>CERTIFICAZIONE ISO 9001<\/strong>&nbsp;che garantisce la&nbsp;<strong>Qualit\u00e0 Totale,&nbsp;<\/strong>dalla&nbsp;<strong>PROGETTAZIONE<\/strong>&nbsp;alla&nbsp;<strong>PRODUZIONE<\/strong>&nbsp;alla <strong>COMMERCIALIZZAZIONE<\/strong>&nbsp;dei suoi prodotti. Grazie ai mutui riconoscimenti con i prestigiosi organismi che partecipano a&nbsp;<strong>IQ Net (The International Certification Network)<\/strong>, la certificazione ottenuta ha validit\u00e0 in tutti i Paesi europei, Canada, Giappone e negli altri Paesi pi\u00f9 sviluppati del mondo. L\u2019introduzione contemporanea dell\u2019<strong>HACCP<\/strong>&nbsp;e del&nbsp;<strong>Sistema di Qualit\u00e0 ISO 9001<\/strong>&nbsp;comporta rilevanti effetti di sinergia ai fini del raggiungimento della qualit\u00e0 globale. Per la ESI, operare in condizioni di Garanzia di Qualit\u00e0 significa avere la possibilit\u00e0 di offrire prodotti e servizi conformi non solo a quanto stabilito dalla legislazione o da normative specifiche ma, soprattutto, alle aspettative dei consumatori.<\/p>\n<\/div><\/div>\n\n\n\n<div class=\"wp-block-kadence-column kadence-column9177 inner-column-2\"><div class=\"kt-inside-inner-col\">\n<figure class=\"wp-block-image is-resized\"><img loading=\"lazy\" decoding=\"async\" src=\"https:\/\/www.biocollagenix.com\/wp-content\/uploads\/2019\/01\/img_certiquality.png\" alt=\"\" class=\"wp-image-2560\" width=\"487\" height=\"473\" srcset=\"https:\/\/www.biocollagenix.com\/wp-content\/uploads\/2019\/01\/img_certiquality.png 487w, https:\/\/www.biocollagenix.com\/wp-content\/uploads\/2019\/01\/img_certiquality-300x291.png 300w\" sizes=\"(max-width: 487px) 100vw, 487px\" \/><\/figure>\n<\/div><\/div>\n<\/div><\/div><\/div>\n\n\n<style id=\"kt-blocks_a662e5-e4\">#kt-layout-id_a662e5-e4{background-image:url('https:\/\/www.biocollagenix.com\/wp-content\/uploads\/2019\/01\/company-impianti2.jpg');background-size:cover;background-position:center center;background-attachment:scroll;background-repeat:no-repeat;}#kt-layout-id_a662e5-e4 > .kt-row-column-wrap{padding-left:15px;padding-right:15px;min-height:620px;max-width:1170px;margin-left:auto;margin-right:auto;}@media all and (max-width: 767px){#kt-layout-id_a662e5-e4 > .kt-row-column-wrap{padding-top:30px;padding-bottom:30px;padding-left:15px;padding-right:15px;}}<\/style>\n<div class=\"wp-block-kadence-rowlayout alignnone hide-bg-mobile\"><div id=\"kt-layout-id_a662e5-e4\" class=\"kt-row-layout-inner kt-row-has-bg kt-layout-id_a662e5-e4\"><div class=\"kt-row-column-wrap kt-has-2-columns kt-gutter-default kt-row-valign-middle kt-row-layout-equal kt-tab-layout-inherit kt-m-colapse-left-to-right kt-mobile-layout-row\">\n<div class=\"wp-block-kadence-column kadence-column644 inner-column-1\"><div class=\"kt-inside-inner-col\">\n<p><\/p>\n<\/div><\/div>\n\n\n\n<div class=\"wp-block-kadence-column kadence-column8598 inner-column-2\"><div class=\"kt-inside-inner-col\">\n<figure class=\"wp-block-image is-resized hide-on-desk\"><img loading=\"lazy\" decoding=\"async\" src=\"https:\/\/www.biocollagenix.com\/wp-content\/uploads\/2019\/01\/azienda-mob-04.jpg\" alt=\"\" class=\"wp-image-2583\" width=\"560\" height=\"560\" srcset=\"https:\/\/www.biocollagenix.com\/wp-content\/uploads\/2019\/01\/azienda-mob-04.jpg 560w, https:\/\/www.biocollagenix.com\/wp-content\/uploads\/2019\/01\/azienda-mob-04-150x150.jpg 150w, https:\/\/www.biocollagenix.com\/wp-content\/uploads\/2019\/01\/azienda-mob-04-300x300.jpg 300w\" sizes=\"(max-width: 560px) 100vw, 560px\" \/><\/figure>\n\n\n\n<h2 id=\"kt-adv-heading_02247c-b4\" class=\"wp-block-kadence-advancedheading\">Impianti produttivi<\/h2>\n\n\n\n<p>Tecnologia ed innovazione sono sempre stati due dei punti di forza della ESI: prodotti naturali, tecnologicamente avanzati e investimenti continui garantiscono da sempre la migliore capacit\u00e0 produttiva. ESI produce oltre 80.000 capsule, 12.000 flaconi e 300.000 compresse all\u2019ora in vari formati. ESI ha anche sviluppato e brevettato un sistema speciale per le Capsule Retard: le famose compresse a rilascio differenziato. Un sofisticato impianto per la filmatura delle compresse le rende pi\u00f9 facilmente deglutibili, mentre il reparto confezionamento liquidi \u00e8 stato ampliato con l\u2019introduzione dei Pocket Drink, le pratiche bustine monodose. Sfruttare le opportunit\u00e0 della moderna tecnologia consente di perfezionare le procedure di confezionamento e offrire al consumatore un prodotto pratico e di alta qualit\u00e0.<\/p>\n<\/div><\/div>\n<\/div><\/div><\/div>\n","protected":false},"excerpt":{"rendered":"","protected":false},"author":3,"featured_media":0,"parent":0,"menu_order":0,"comment_status":"closed","ping_status":"closed","template":"","meta":{"kt_blocks_editor_width":"fullwidth","footnotes":""},"class_list":["post-297","page","type-page","status-publish","hentry"],"_links":{"self":[{"href":"https:\/\/www.biocollagenix.com\/it\/wp-json\/wp\/v2\/pages\/297"}],"collection":[{"href":"https:\/\/www.biocollagenix.com\/it\/wp-json\/wp\/v2\/pages"}],"about":[{"href":"https:\/\/www.biocollagenix.com\/it\/wp-json\/wp\/v2\/types\/page"}],"author":[{"embeddable":true,"href":"https:\/\/www.biocollagenix.com\/it\/wp-json\/wp\/v2\/users\/3"}],"replies":[{"embeddable":true,"href":"https:\/\/www.biocollagenix.com\/it\/wp-json\/wp\/v2\/comments?post=297"}],"version-history":[{"count":57,"href":"https:\/\/www.biocollagenix.com\/it\/wp-json\/wp\/v2\/pages\/297\/revisions"}],"predecessor-version":[{"id":4752,"href":"https:\/\/www.biocollagenix.com\/it\/wp-json\/wp\/v2\/pages\/297\/revisions\/4752"}],"wp:attachment":[{"href":"https:\/\/www.biocollagenix.com\/it\/wp-json\/wp\/v2\/media?parent=297"}],"curies":[{"name":"wp","href":"https:\/\/api.w.org\/{rel}","templated":true}]}}