{"id":1352,"date":"2018-12-27T14:36:19","date_gmt":"2018-12-27T13:36:19","guid":{"rendered":"https:\/\/www.biocollagenix.com\/?page_id=1352"},"modified":"2019-11-19T10:39:40","modified_gmt":"2019-11-19T09:39:40","slug":"i-nostri-test-clinici","status":"publish","type":"page","link":"https:\/\/www.biocollagenix.com\/it\/stop-allinvecchiamento\/i-nostri-test-clinici\/","title":{"rendered":"I nostri test clinici"},"content":{"rendered":"<style id=\"kt-blocks_dbdf79-81\">#kt-layout-id_dbdf79-81{background-color:#6bb8d4;background-image:url('https:\/\/www.biocollagenix.com\/wp-content\/uploads\/2019\/01\/bg-h1-page.jpg');background-size:cover;background-position:center center;background-attachment:scroll;background-repeat:no-repeat;}#kt-layout-id_dbdf79-81 > .kt-row-column-wrap{padding-top:0px;max-width:1170px;margin-left:auto;margin-right:auto;}<\/style>\n<div class=\"wp-block-kadence-rowlayout alignnone\"><div id=\"kt-layout-id_dbdf79-81\" class=\"kt-row-layout-inner kt-row-has-bg kt-layout-id_dbdf79-81\"><div class=\"kt-row-column-wrap kt-has-1-columns kt-gutter-default kt-row-valign-top kt-row-layout-equal kt-tab-layout-inherit kt-m-colapse-left-to-right kt-mobile-layout-row\">\n<div class=\"wp-block-kadence-column kadence-column8858 inner-column-1\"><div class=\"kt-inside-inner-col\">\t<div class=\"breadcrumb-container white\">\n\t\t<div class=\"breadcrumbs\">\n\t\t\t<span property=\"itemListElement\" typeof=\"ListItem\"><a property=\"item\" typeof=\"WebPage\" title=\"Vai a Home.\" href=\"https:\/\/www.biocollagenix.com\/it\/\" class=\"home\" aria-current=\"page\"><span property=\"name\">Home<\/span><\/a><meta property=\"position\" content=\"1\"><\/span>\t\t<\/div>\n\t<\/div>\n\n\n\n<style id=\"kt-blocks_4697cd-88\">#kt-adv-heading_4697cd-88, #kt-adv-heading_4697cd-88 .wp-block-kadence-advancedheading, .wp-block-kadence-advancedheading.kt-adv-heading_4697cd-88[data-kb-block=\"kb-adv-heading_4697cd-88\"], .kadence-advanced-heading-wrapper .kt-adv-heading_4697cd-88[data-kb-block=\"kb-adv-heading_4697cd-88\"]{color:#ffffff;margin-bottom:1em;}<\/style>\n<h1 id=\"kt-adv-heading_4697cd-88\" style=\"color:#ffffff;margin-bottom:1em\" class=\"wp-block-kadence-advancedheading\">Collagene marino: l\u2019efficacia dimostrata dai nostri test clinici<\/h1>\n\n\n\n<p style=\"color:#ffffff\" class=\"has-text-color\">Test clinici hanno studiato gli <strong>effetti del Collagene marino<\/strong> nella normale dieta quotidiana. I risultati hanno portato a considerare <strong>Biocollagenix\u00ae ESI<\/strong> come un integratore sicuro ed efficace per combattere l\u2019invecchiamento cutaneo*.<\/p>\n<\/div><\/div>\n<\/div><\/div><\/div>\n\n\n<style id=\"kt-blocks_3bd71f-96\">#kt-layout-id_3bd71f-96{background-color:#f1f1f3;background-image:url('https:\/\/www.biocollagenix.com\/wp-content\/uploads\/2019\/01\/bg-home-riequilibrare.jpg');background-size:cover;background-position:center center;background-attachment:scroll;background-repeat:no-repeat;}#kt-layout-id_3bd71f-96 > .kt-row-column-wrap{padding-top:70px;padding-bottom:70px;padding-left:30px;padding-right:30px;min-height:700px;max-width:1170px;margin-left:auto;margin-right:auto;}@media all and (max-width: 767px){#kt-layout-id_3bd71f-96 > .kt-row-column-wrap{padding-top:30px;padding-bottom:30px;}}<\/style>\n<div class=\"wp-block-kadence-rowlayout aligncenter hide-bg-mobile\"><div id=\"kt-layout-id_3bd71f-96\" class=\"kt-row-layout-inner kt-row-has-bg kt-layout-id_3bd71f-96\"><div class=\"kt-row-column-wrap kt-has-2-columns kt-gutter-default kt-row-valign-middle kt-row-layout-equal kt-tab-layout-inherit kt-m-colapse-left-to-right kt-mobile-layout-row\">\n<div class=\"wp-block-kadence-column kadence-column2165 inner-column-1\"><div class=\"kt-inside-inner-col\"><\/div><\/div>\n\n\n\n<div class=\"wp-block-kadence-column kadence-column3124 inner-column-2\"><div class=\"kt-inside-inner-col\">\n<figure class=\"wp-block-image is-resized hide-on-desk\"><img loading=\"lazy\" decoding=\"async\" src=\"https:\/\/www.biocollagenix.com\/wp-content\/uploads\/2019\/01\/test-laboratorio-mob-01.jpg\" alt=\"\" class=\"wp-image-2509\" width=\"560\" height=\"560\" srcset=\"https:\/\/www.biocollagenix.com\/wp-content\/uploads\/2019\/01\/test-laboratorio-mob-01.jpg 560w, https:\/\/www.biocollagenix.com\/wp-content\/uploads\/2019\/01\/test-laboratorio-mob-01-150x150.jpg 150w, https:\/\/www.biocollagenix.com\/wp-content\/uploads\/2019\/01\/test-laboratorio-mob-01-300x300.jpg 300w\" sizes=\"(max-width: 560px) 100vw, 560px\" \/><\/figure>\n\n\n\n<h2 id=\"kt-adv-heading_f380ec-2b\" class=\"wp-block-kadence-advancedheading\">Gli effetti degli integratori al Collagene per via orale.<\/h2>\n\n\n\n<p>L\u2019invecchiamento della pelle \u00e8 uno degli ambiti di ricerca pi\u00f9 attivi sia in campo medico sia nella chirurgia estetica. In particolare, si studiano sempre di pi\u00f9 i metodi non invasivi per prevenire e rallentare la comparsa delle rughe o prolungare l\u2019effetto di un intervento pi\u00f9 invasivo come le iniezioni. Un recente studio pubblicato sulla rivista <em>Aesthetic Medicine*<\/em>, ha analizzato gli <strong>effetti del Collagene assunto per via orale.<\/strong> Un team di medici e ricercatori ha testato <strong>Biocollagenix\u00ae ESI<\/strong> su una coorte di 70 pazienti e valutato la sua efficacia con misurazioni a ultrasuoni dello spessore dermico e dopo il trattamento. <\/p>\n<\/div><\/div>\n<\/div><\/div><\/div>\n\n\n<style id=\"kt-blocks_e18223-a0\">#kt-layout-id_e18223-a0{background-color:#e7efe1;background-image:url('https:\/\/www.biocollagenix.com\/wp-content\/uploads\/2019\/01\/bg-invecchiamento-secondo-fascione.jpg');background-size:cover;background-position:center center;background-attachment:scroll;background-repeat:no-repeat;}#kt-layout-id_e18223-a0 > .kt-row-column-wrap{padding-top:70px;padding-bottom:70px;padding-left:30px;padding-right:30px;min-height:700px;max-width:1170px;margin-left:auto;margin-right:auto;}@media all and (max-width: 767px){#kt-layout-id_e18223-a0 > .kt-row-column-wrap{padding-top:30px;padding-bottom:30px;}}<\/style>\n<div class=\"wp-block-kadence-rowlayout aligncenter hide-bg-mobile\"><div id=\"kt-layout-id_e18223-a0\" class=\"kt-row-layout-inner kt-row-has-bg kt-layout-id_e18223-a0\"><div class=\"kt-row-column-wrap kt-has-2-columns kt-gutter-default kt-row-valign-middle kt-row-layout-equal kt-tab-layout-inherit kt-m-colapse-left-to-right kt-mobile-layout-row\">\n<div class=\"wp-block-kadence-column kadence-column111 inner-column-1\"><div class=\"kt-inside-inner-col\">\n<figure class=\"wp-block-image is-resized hide-on-desk\"><img loading=\"lazy\" decoding=\"async\" src=\"https:\/\/www.biocollagenix.com\/wp-content\/uploads\/2019\/01\/invecchiamento-cutaneo-mob-02.jpg\" alt=\"\" class=\"wp-image-2498\" width=\"560\" height=\"560\" srcset=\"https:\/\/www.biocollagenix.com\/wp-content\/uploads\/2019\/01\/invecchiamento-cutaneo-mob-02.jpg 560w, https:\/\/www.biocollagenix.com\/wp-content\/uploads\/2019\/01\/invecchiamento-cutaneo-mob-02-150x150.jpg 150w, https:\/\/www.biocollagenix.com\/wp-content\/uploads\/2019\/01\/invecchiamento-cutaneo-mob-02-300x300.jpg 300w\" sizes=\"(max-width: 560px) 100vw, 560px\" \/><\/figure>\n\n\n\n<h2 id=\"kt-adv-heading_e478da-47\" class=\"wp-block-kadence-advancedheading\">Lo studio in laboratorio.<br\/><\/h2>\n\n\n\n<p><strong>L\u2019invecchiamento cronologico<\/strong> o intrinseco \u00e8 un processo cumulativo nel tempo che porta alla riduzione dello spessore della matrice dermica. Inoltre, nella pelle invecchiata cronologicamente l\u2019omeostasi del collagene \u00e8 aberrante e mostra una sintesi ridotta dei pro-collageni di tipi I e III. A partire da queste premesse, lo <strong>studio sui prodotti Biocollagenix\u00ae ESI aveva l\u2019obiettivo di valutare l\u2019effetto in vivo e le propriet\u00e0 antiossidanti dell\u2019idrolisato di collagene<\/strong> proveniente da pesci marini.<\/p>\n\n\n\n<p>Lo studio multicentrico ha coinvolto 70 persone \u2013 non fumatrici- residenti in diverse citt\u00e0 italiane e di et\u00e0 compresa tra 45 e 65 anni. <strong>Biocollagenix\u00ae \u00e8 stata somministrata per 20 giorni nella dose di una fiala al giorno.<\/strong> Le pazienti hanno dovuto compilare un modulo di valutazione prima e dopo il trattamento indicando un punteggio su una scala da 1 a 5 per indicare <strong>lo stato dell\u2019elasticit\u00e0, idratazione, tono e luminosit\u00e0 della pelle.<\/strong> Tutte le pazienti sono state sottoposte a <strong>un\u2019ultrasonografia del tessuto facciale prima e dopo per valutare il trofismo dermico<\/strong>. <br><\/p>\n<\/div><\/div>\n\n\n\n<div class=\"wp-block-kadence-column kadence-column7215 inner-column-2\"><div class=\"kt-inside-inner-col\">\n<p><\/p>\n<\/div><\/div>\n<\/div><\/div><\/div>\n\n\n<style id=\"kt-blocks_f78784-29\">#kt-layout-id_f78784-29{background-color:#eefaf6;background-image:url('https:\/\/www.biocollagenix.com\/wp-content\/uploads\/2019\/01\/bg-invecchiamento-terzo-fascione.jpg');background-size:cover;background-position:center center;background-attachment:scroll;background-repeat:no-repeat;}#kt-layout-id_f78784-29 > .kt-row-column-wrap{padding-top:70px;padding-bottom:70px;padding-left:30px;padding-right:30px;min-height:700px;max-width:1170px;margin-left:auto;margin-right:auto;}@media all and (max-width: 767px){#kt-layout-id_f78784-29 > .kt-row-column-wrap{padding-top:30px;padding-bottom:30px;}}<\/style>\n<div class=\"wp-block-kadence-rowlayout aligncenter hide-bg-mobile\"><div id=\"kt-layout-id_f78784-29\" class=\"kt-row-layout-inner kt-row-has-bg kt-layout-id_f78784-29\"><div class=\"kt-row-column-wrap kt-has-2-columns kt-gutter-default kt-row-valign-middle kt-row-layout-equal kt-tab-layout-inherit kt-m-colapse-left-to-right kt-mobile-layout-row\">\n<div class=\"wp-block-kadence-column kadence-column1598 inner-column-1\"><div class=\"kt-inside-inner-col\">\n<p><\/p>\n<\/div><\/div>\n\n\n\n<div class=\"wp-block-kadence-column kadence-column7244 inner-column-2\"><div class=\"kt-inside-inner-col\">\n<figure class=\"wp-block-image is-resized hide-on-desk\"><img loading=\"lazy\" decoding=\"async\" src=\"https:\/\/www.biocollagenix.com\/wp-content\/uploads\/2019\/01\/invecchiamento-cutaneo-mob-03.jpg\" alt=\"\" class=\"wp-image-2500\" width=\"560\" height=\"560\" srcset=\"https:\/\/www.biocollagenix.com\/wp-content\/uploads\/2019\/01\/invecchiamento-cutaneo-mob-03.jpg 560w, https:\/\/www.biocollagenix.com\/wp-content\/uploads\/2019\/01\/invecchiamento-cutaneo-mob-03-150x150.jpg 150w, https:\/\/www.biocollagenix.com\/wp-content\/uploads\/2019\/01\/invecchiamento-cutaneo-mob-03-300x300.jpg 300w\" sizes=\"(max-width: 560px) 100vw, 560px\" \/><\/figure>\n\n\n\n<h2 id=\"kt-adv-heading_3cbc7d-7a\" class=\"wp-block-kadence-advancedheading\">I risultati dello studio sui prodotti Biocollagenix\u00ae.<br\/><\/h2>\n\n\n\n<p>Riportiamo di seguito in sintesi i risultati dello studio <strong>sull\u2019efficacia di Biocollagenix<\/strong>\u00ae. Il valore medio per ciascun parametro \u00e8 stato calcolato in base ai moduli di valutazione compilati dai partecipanti.<\/p>\n\n\n\n<table class=\"wp-block-table is-style-regular\"><tbody><tr><td>70 PAZIENTI<\/td><td>Prima del trattamento <br>(valore medio)<\/td><td>Dopo il trattamento<br>(valore medio)<\/td><\/tr><tr><td>Elasticit\u00e0<\/td><td>2<\/td><td>4<\/td><\/tr><tr><td>Idratazione<\/td><td>3<\/td><td>5<\/td><\/tr><tr><td>Tono<\/td><td>2<\/td><td>5<\/td><\/tr><tr><td>Luminosit\u00e0<\/td><td>2<\/td><td>3<\/td><\/tr><\/tbody><\/table>\n\n\n\n<p style=\"font-size:10px\"><strong>Tabella 1<\/strong>&#8211; Il valore medio per l&#8217;elasticit\u00e0 del trattamento era 2 punti al termine del trattamento. Il valore medio per l&#8217;idratazione prima del trattamento era 3 con un miglioramento medio di 2 punti al termine del trattamento. Il valore medio per il tono era 2 con un miglioramento medio di 3 punti al termine del trattamento. Il valore medio per la luminosit\u00e0 prima del trattamento era 2 con un miglioramento medio di 1 punto al termine del trattamento.<\/p>\n\n\n\n<p>Inoltre, prima del trattamento lo <strong>spessore medio della pelle era di 0.11 cm, mentre al termine del trattamento era di 0.13 cm, <\/strong>con un aumento medio di 0.02 cm. <\/p>\n<\/div><\/div>\n<\/div><\/div><\/div>\n\n\n<style id=\"kt-blocks_ea9dbb-ca\">#kt-layout-id_ea9dbb-ca{background-color:#eaf8fe;}#kt-layout-id_ea9dbb-ca > .kt-row-column-wrap{padding-top:70px;padding-bottom:70px;padding-left:30px;padding-right:30px;min-height:700px;max-width:1170px;margin-left:auto;margin-right:auto;}<\/style>\n<div class=\"wp-block-kadence-rowlayout aligncenter\"><div id=\"kt-layout-id_ea9dbb-ca\" class=\"kt-row-layout-inner kt-row-has-bg kt-layout-id_ea9dbb-ca\"><div class=\"kt-row-column-wrap kt-has-2-columns kt-gutter-default kt-row-valign-middle kt-row-layout-equal kt-tab-layout-inherit kt-m-colapse-left-to-right kt-mobile-layout-row\">\n<div class=\"wp-block-kadence-column kadence-column6922 inner-column-1\"><div class=\"kt-inside-inner-col\">\n<h2 id=\"kt-adv-heading_3fd507-51\" class=\"wp-block-kadence-advancedheading\">Biocollagenix\u00ae: una linea sicura testata in laboratorio.<br\/><\/h2>\n\n\n\n<p><strong>La pelle \u00e8 la parte del corpo che pi\u00f9 mette in risalto il passare del tempo<\/strong>. In alcune zone pi\u00f9 sensibili, i <strong>segni del tempo sono pi\u00f9 evidenti<\/strong> che in altre parti. Stiamo parlando in particolare di <strong>viso e collo<\/strong>. Lo studio ha dimostrato che <strong>la somministrazione di Biocollagenix\u00ae ha effetti benefici su pelle, capelli e unghie<\/strong>. I nutrimenti contenuti nell&#8217;<strong>integratore per via orale<\/strong> raggiungono l\u2019epidermide attraverso il sangue fino agli strati pi\u00f9 profondi delle cellule. La sua <strong>azione \u00e8 ideale per le persone che lavorano in luoghi climatizzati<\/strong> che seccano la cute, che non seguono una dieta appropriata, per la cura del corpo post-parto e dopo aver seguito delle diete ipocaloriche, al fine di <strong>contrastare il processo di invecchiamento<\/strong>.<\/p>\n\n\n\n<p>I dati emersi dal test clinici indicano <strong>Biocollagenix\u00ae<\/strong> come un <strong>integratore<\/strong> che pu\u00f2 essere assunto come un <strong>valido aiuto nella prevenzione dell\u2019invecchiamento della pelle<\/strong> e per il <strong>miglioramento del trofismo della pelle<\/strong>. <br><\/p>\n<\/div><\/div>\n\n\n\n<div class=\"wp-block-kadence-column kadence-column3045 inner-column-2\"><div class=\"kt-inside-inner-col\">\n<p><\/p>\n<\/div><\/div>\n<\/div><\/div><\/div>\n\n\n\n<div class=\"wp-block-kadence-rowlayout alignnone container\"><div id=\"kt-layout-id_12bdda-ef\" class=\"kt-row-layout-inner  kt-layout-id_12bdda-ef\"><div class=\"kt-row-column-wrap kt-has-1-columns kt-gutter-default kt-row-valign-top kt-row-layout-equal kt-tab-layout-inherit kt-m-colapse-left-to-right kt-mobile-layout-row\">\n<div class=\"wp-block-kadence-column kadence-column9150 inner-column-1\"><div class=\"kt-inside-inner-col\">\n<p style=\"font-size:12px\">*Effectiveness and effects of the introduction of ESI collagen in the diet, pubblicato sulla Rivista Aesthetic Medicine, 2017; 3(3):22-27.<\/p>\n<\/div><\/div>\n<\/div><\/div><\/div>\n\n\n<div class=\"products\">\n    <div class=\"container\">\n        <h3 class=\"products__title\">\n            Scopri i prodotti al collagene        <\/h3>\n        <div class=\"products__list\">\n                                                <div class=\"product\">\n                        <div class=\"product__image\">\n                            <a href=\"https:\/\/www.biocollagenix.com\/it\/biocollagenix-crema-antieta-plus\/\"><img decoding=\"async\" src=\"https:\/\/www.biocollagenix.com\/wp-content\/uploads\/2022\/02\/biocollagenix-crema-antieta-plus-200x285-1.png\"><\/a>\n                        <\/div>\n                        <div class=\"product__name\">\n                            <a href=\"https:\/\/www.biocollagenix.com\/it\/biocollagenix-crema-antieta-plus\/\">Biocollagenix Crema antiet\u00e0 plus<\/a>\n                        <\/div>\n                        <div class=\"product__excerpt\">\n                            Trattamento antiet\u00e0 globale formulato per fortificare la pelle matura                        <\/div>\n                    <\/div>\n                                                                <div class=\"product\">\n                        <div class=\"product__image\">\n                            <a href=\"https:\/\/www.biocollagenix.com\/it\/biocollagenix-crema-antieta\/\"><img decoding=\"async\" src=\"https:\/\/www.biocollagenix.com\/wp-content\/uploads\/2022\/02\/biocollagenix-crema-antieta-200x285-1.png\"><\/a>\n                        <\/div>\n                        <div class=\"product__name\">\n                            <a href=\"https:\/\/www.biocollagenix.com\/it\/biocollagenix-crema-antieta\/\">Biocollagenix Crema antiet\u00e0<\/a>\n                        <\/div>\n                        <div class=\"product__excerpt\">\n                            Crema antiet\u00e0 per combattere l\u2019invecchiamento cutaneo.                        <\/div>\n                    <\/div>\n                                                                <div class=\"product\">\n                        <div class=\"product__image\">\n                            <a href=\"https:\/\/www.biocollagenix.com\/it\/compresse-azione-antiossidante\/\"><img decoding=\"async\" src=\"https:\/\/www.biocollagenix.com\/wp-content\/uploads\/2022\/02\/biocollagenix-antiossidante-60cpr-200x285-1.png\"><\/a>\n                        <\/div>\n                        <div class=\"product__name\">\n                            <a href=\"https:\/\/www.biocollagenix.com\/it\/compresse-azione-antiossidante\/\">Biocollagenix azione antiossidante compresse<\/a>\n                        <\/div>\n                        <div class=\"product__excerpt\">\n                            Integratore in pratiche compresse per combattere l\u2019invecchiamento cutaneo                        <\/div>\n                    <\/div>\n                                                                <div class=\"product\">\n                        <div class=\"product__image\">\n                            <a href=\"https:\/\/www.biocollagenix.com\/it\/biocollagenix-maschera\/\"><img decoding=\"async\" src=\"https:\/\/www.biocollagenix.com\/wp-content\/uploads\/2020\/08\/face-mask-200x285-.png\"><\/a>\n                        <\/div>\n                        <div class=\"product__name\">\n                            <a href=\"https:\/\/www.biocollagenix.com\/it\/biocollagenix-maschera\/\">Biocollagenix Maschera<\/a>\n                        <\/div>\n                        <div class=\"product__excerpt\">\n                            Maschera Viso Hydrogel ad azione anti-age, idratante e levigante                        <\/div>\n                    <\/div>\n                                                                <div class=\"product\">\n                        <div class=\"product__image\">\n                            <a href=\"https:\/\/www.biocollagenix.com\/it\/biocollagenix-trattamento-concentrato-anti-eta\/\"><img decoding=\"async\" src=\"https:\/\/www.biocollagenix.com\/wp-content\/uploads\/2020\/08\/ampolle-200x285-1.png\"><\/a>\n                        <\/div>\n                        <div class=\"product__name\">\n                            <a href=\"https:\/\/www.biocollagenix.com\/it\/biocollagenix-trattamento-concentrato-anti-eta\/\">Biocollagenix Trattamento Concentrato anti-et\u00e0<\/a>\n                        <\/div>\n                        <div class=\"product__excerpt\">\n                            Trattamento concentrato anti-et\u00e0 in ampolle a base di Collagene per ridurre le rughe                        <\/div>\n                    <\/div>\n                                                                <div class=\"product\">\n                        <div class=\"product__image\">\n                            <a href=\"https:\/\/www.biocollagenix.com\/it\/biocollagenix-ovalette\/\"><img decoding=\"async\" src=\"https:\/\/www.biocollagenix.com\/wp-content\/uploads\/2019\/10\/ovalette.png\"><\/a>\n                        <\/div>\n                        <div class=\"product__name\">\n                            <a href=\"https:\/\/www.biocollagenix.com\/it\/biocollagenix-ovalette\/\">Biocollagenix Ovalette<\/a>\n                        <\/div>\n                        <div class=\"product__excerpt\">\n                            Integratore alimentare a base di Collagene marino idrolizzato.                        <\/div>\n                    <\/div>\n                                                                <div class=\"product\">\n                        <div class=\"product__image\">\n                            <a href=\"https:\/\/www.biocollagenix.com\/it\/eye-patch-al-collagene\/\"><img decoding=\"async\" src=\"https:\/\/www.biocollagenix.com\/wp-content\/uploads\/2020\/08\/eye-patch-200x285-1.png\"><\/a>\n                        <\/div>\n                        <div class=\"product__name\">\n                            <a href=\"https:\/\/www.biocollagenix.com\/it\/eye-patch-al-collagene\/\">Eye Patch al Collagene<\/a>\n                        <\/div>\n                        <div class=\"product__excerpt\">\n                            Eye patch al Collagene: cerotti per il trattamento anti-occhiaie.                        <\/div>\n                    <\/div>\n                                                                <div class=\"product\">\n                        <div class=\"product__image\">\n                            <a href=\"https:\/\/www.biocollagenix.com\/it\/collagene-in-compresse-antirughe\/\"><img decoding=\"async\" src=\"https:\/\/www.biocollagenix.com\/wp-content\/uploads\/2019\/07\/tavolette-collagene-biocollagenix-new.png\"><\/a>\n                        <\/div>\n                        <div class=\"product__name\">\n                            <a href=\"https:\/\/www.biocollagenix.com\/it\/collagene-in-compresse-antirughe\/\">Collagene in compresse<\/a>\n                        <\/div>\n                        <div class=\"product__excerpt\">\n                            Integratore a base di Collagene marino idrolizzato in pratiche compresse                        <\/div>\n                    <\/div>\n                                                                <div class=\"product\">\n                        <div class=\"product__image\">\n                            <a href=\"https:\/\/www.biocollagenix.com\/it\/integratore-antiage-da-bere-con-collagene\/\"><img decoding=\"async\" src=\"https:\/\/www.biocollagenix.com\/wp-content\/uploads\/2019\/07\/collagene-bere-new.png\"><\/a>\n                        <\/div>\n                        <div class=\"product__name\">\n                            <a href=\"https:\/\/www.biocollagenix.com\/it\/integratore-antiage-da-bere-con-collagene\/\">Collagene da bere<\/a>\n                        <\/div>\n                        <div class=\"product__excerpt\">\n                            \ufeffIntegratore da bere a base di Collagene Marino I e III, Acido Ialuronico e Resveratrolo.                        <\/div>\n                    <\/div>\n                                    <\/div>\n    <\/div>\n<\/div>\n\n\n\n\n<p><\/p>\n","protected":false},"excerpt":{"rendered":"","protected":false},"author":4,"featured_media":0,"parent":1354,"menu_order":0,"comment_status":"closed","ping_status":"closed","template":"","meta":{"kt_blocks_editor_width":"fullwidth","footnotes":""},"class_list":["post-1352","page","type-page","status-publish","hentry"],"_links":{"self":[{"href":"https:\/\/www.biocollagenix.com\/it\/wp-json\/wp\/v2\/pages\/1352"}],"collection":[{"href":"https:\/\/www.biocollagenix.com\/it\/wp-json\/wp\/v2\/pages"}],"about":[{"href":"https:\/\/www.biocollagenix.com\/it\/wp-json\/wp\/v2\/types\/page"}],"author":[{"embeddable":true,"href":"https:\/\/www.biocollagenix.com\/it\/wp-json\/wp\/v2\/users\/4"}],"replies":[{"embeddable":true,"href":"https:\/\/www.biocollagenix.com\/it\/wp-json\/wp\/v2\/comments?post=1352"}],"version-history":[{"count":35,"href":"https:\/\/www.biocollagenix.com\/it\/wp-json\/wp\/v2\/pages\/1352\/revisions"}],"predecessor-version":[{"id":4618,"href":"https:\/\/www.biocollagenix.com\/it\/wp-json\/wp\/v2\/pages\/1352\/revisions\/4618"}],"up":[{"embeddable":true,"href":"https:\/\/www.biocollagenix.com\/it\/wp-json\/wp\/v2\/pages\/1354"}],"wp:attachment":[{"href":"https:\/\/www.biocollagenix.com\/it\/wp-json\/wp\/v2\/media?parent=1352"}],"curies":[{"name":"wp","href":"https:\/\/api.w.org\/{rel}","templated":true}]}}