{"id":1346,"date":"2018-12-27T14:33:14","date_gmt":"2018-12-27T13:33:14","guid":{"rendered":"https:\/\/www.biocollagenix.com\/?page_id=1346"},"modified":"2020-08-25T14:14:12","modified_gmt":"2020-08-25T12:14:12","slug":"proprieta-dei-cerotti-per-occhi","status":"publish","type":"page","link":"https:\/\/www.biocollagenix.com\/it\/vantaggi-del-collagene\/proprieta-dei-cerotti-per-occhi\/","title":{"rendered":"Propriet\u00e0 dei cerotti per occhi"},"content":{"rendered":"<style id=\"kt-blocks_702389-09\">#kt-layout-id_702389-09{background-color:#6bb8d4;background-image:url('https:\/\/www.biocollagenix.com\/wp-content\/uploads\/2019\/01\/bg-h1-page.jpg');background-size:cover;background-position:center center;background-attachment:scroll;background-repeat:no-repeat;}#kt-layout-id_702389-09 > .kt-row-column-wrap{padding-top:0px;max-width:1170px;margin-left:auto;margin-right:auto;}<\/style>\n<div class=\"wp-block-kadence-rowlayout alignnone\"><div id=\"kt-layout-id_702389-09\" class=\"kt-row-layout-inner kt-row-has-bg kt-layout-id_702389-09\"><div class=\"kt-row-column-wrap kt-has-1-columns kt-gutter-default kt-v-gutter-default kt-row-valign-top kt-row-layout-equal kt-tab-layout-inherit kt-m-colapse-left-to-right kt-mobile-layout-row\">\n<div class=\"wp-block-kadence-column inner-column-1 kadence-column_823f38-ab\"><div class=\"kt-inside-inner-col\">\t<div class=\"breadcrumb-container white\">\n\t\t<div class=\"breadcrumbs\">\n\t\t\t<span property=\"itemListElement\" typeof=\"ListItem\"><a property=\"item\" typeof=\"WebPage\" title=\"Vai a Home.\" href=\"https:\/\/www.biocollagenix.com\/it\/\" class=\"home\" aria-current=\"page\"><span property=\"name\">Home<\/span><\/a><meta property=\"position\" content=\"1\"><\/span>\t\t<\/div>\n\t<\/div>\n\n\n\n<style id=\"kt-blocks_4ab746-d5\">#kt-adv-heading_4ab746-d5, #kt-adv-heading_4ab746-d5 .wp-block-kadence-advancedheading, .wp-block-kadence-advancedheading.kt-adv-heading_4ab746-d5[data-kb-block=\"kb-adv-heading_4ab746-d5\"], .kadence-advanced-heading-wrapper .kt-adv-heading_4ab746-d5[data-kb-block=\"kb-adv-heading_4ab746-d5\"]{color:#ffffff;margin-bottom:1em;}#kt-adv-heading_4ab746-d5 mark, #kt-adv-heading_4ab746-d5 .wp-block-kadence-advancedheading mark, .kt-adv-heading_4ab746-d5[data-kb-block=\"kb-adv-heading_4ab746-d5\"] mark{padding:0px 0px 0px 0px;}<\/style>\n<h1 id=\"kt-adv-heading_4ab746-d5\" class=\"kt-adv-heading_4ab746-d5 wp-block-kadence-advancedheading\" style=\"color:#ffffff;margin-bottom:1em\"> I vantaggi e i benefici dell\u2019Eye Patch  <\/h1>\n\n\n\n<p style=\"color:#ffffff\" class=\"has-text-color\">Innovativi <strong>patches per il trattamento del contorno occhi<\/strong>, realizzati con uno speciale hydrogel contenente un concentrato di principi attivi naturali: Collagene marino idrolizzato di tipo I, Caffeina, tre Acidi Ialuronici con tre diversi pesi molecolari per limitare l\u2019evaporazione dell\u2019acqua dalla cute e preservarne l\u2019elasticit\u00e0. <\/p>\n<\/div><\/div>\n<\/div><\/div><\/div>\n\n\n<style id=\"kt-blocks_10a968-06\">#kt-layout-id_10a968-06{background-color:#eef9fb;background-image:url('https:\/\/www.biocollagenix.com\/wp-content\/uploads\/2020\/08\/fascia-eyepatch-1.jpg');background-size:cover;background-position:center center;background-attachment:scroll;background-repeat:no-repeat;}#kt-layout-id_10a968-06 > .kt-row-column-wrap{padding-top:70px;padding-bottom:70px;padding-left:30px;padding-right:30px;min-height:700px;max-width:1170px;margin-left:auto;margin-right:auto;}@media all and (max-width: 767px){#kt-layout-id_10a968-06 > .kt-row-column-wrap{padding-top:30px;padding-bottom:30px;}}<\/style>\n<div class=\"wp-block-kadence-rowlayout alignnone hide-bg-mobile section-bg__left\"><div id=\"kt-layout-id_10a968-06\" class=\"kt-row-layout-inner kt-row-has-bg kt-layout-id_10a968-06\"><div class=\"kt-row-column-wrap kt-has-2-columns kt-gutter-default kt-v-gutter-default kt-row-valign-middle kt-row-layout-equal kt-tab-layout-inherit kt-m-colapse-left-to-right kt-mobile-layout-row\">\n<div class=\"wp-block-kadence-column inner-column-1 kadence-column_1c0f38-17\"><div class=\"kt-inside-inner-col\"><\/div><\/div>\n\n\n\n<div class=\"wp-block-kadence-column inner-column-2 kadence-column_2d3914-57\"><div class=\"kt-inside-inner-col\">\n<figure class=\"wp-block-image size-large hide-on-desk\"><img loading=\"lazy\" decoding=\"async\" width=\"560\" height=\"560\" src=\"https:\/\/www.biocollagenix.com\/wp-content\/uploads\/2020\/08\/fascia-eyepatch-mobile.png\" alt=\"\" class=\"wp-image-5211\" srcset=\"https:\/\/www.biocollagenix.com\/wp-content\/uploads\/2020\/08\/fascia-eyepatch-mobile.png 560w, https:\/\/www.biocollagenix.com\/wp-content\/uploads\/2020\/08\/fascia-eyepatch-mobile-300x300.png 300w, https:\/\/www.biocollagenix.com\/wp-content\/uploads\/2020\/08\/fascia-eyepatch-mobile-150x150.png 150w\" sizes=\"(max-width: 560px) 100vw, 560px\" \/><\/figure>\n\n\n<style id=\"kt-blocks_f6ca8c-cd\">#kt-adv-heading_f6ca8c-cd mark, #kt-adv-heading_f6ca8c-cd .wp-block-kadence-advancedheading mark, .kt-adv-heading_f6ca8c-cd[data-kb-block=\"kb-adv-heading_f6ca8c-cd\"] mark{padding:0px 0px 0px 0px;}<\/style>\n<h2 id=\"kt-adv-heading_f6ca8c-cd\" class=\"kt-adv-heading_f6ca8c-cd wp-block-kadence-advancedheading\">Vantaggi e benefici del Collagene per la pelle<\/h2>\n\n\n\n<p>A ringiovanire lo sguardo ci pensano gli <strong>Eye Patch:<\/strong> un elisir di bellezza in cerotti in tessuto bioadesivo con concentrato di <strong>principi attivi e Collagene marino<\/strong>. Un\u2019innovazione dermocosmetica pensata per contrastare rughe d\u2019espressione, occhi gonfi, occhiaie e segni di stanchezza.  Gli Eye Patch sono delle vere e proprie mascherine per la zona dello sguardo che <strong>idratano e defatigano il contorno occhi.  <\/strong><\/p>\n<\/div><\/div>\n<\/div><\/div><\/div>\n\n\n<style id=\"kt-blocks_18a7e4-3c\">#kt-layout-id_18a7e4-3c{background-color:#f1f3f2;background-image:url('https:\/\/www.biocollagenix.com\/wp-content\/uploads\/2020\/08\/eyepatch-2-1.jpg');background-size:cover;background-position:center center;background-attachment:scroll;background-repeat:no-repeat;}#kt-layout-id_18a7e4-3c > .kt-row-column-wrap{padding-top:70px;padding-bottom:70px;padding-left:30px;padding-right:30px;min-height:700px;max-width:1170px;margin-left:auto;margin-right:auto;}@media all and (max-width: 767px){#kt-layout-id_18a7e4-3c > .kt-row-column-wrap{padding-top:30px;padding-bottom:30px;}}<\/style>\n<div class=\"wp-block-kadence-rowlayout alignnone hide-bg-mobile section-bg__right\"><div id=\"kt-layout-id_18a7e4-3c\" class=\"kt-row-layout-inner kt-row-has-bg kt-layout-id_18a7e4-3c\"><div class=\"kt-row-column-wrap kt-has-2-columns kt-gutter-default kt-v-gutter-default kt-row-valign-middle kt-row-layout-equal kt-tab-layout-inherit kt-m-colapse-left-to-right kt-mobile-layout-row\">\n<div class=\"wp-block-kadence-column inner-column-1 kadence-column_fe58d9-f0\"><div class=\"kt-inside-inner-col\">\n<figure class=\"wp-block-image size-large hide-on-desk\"><img loading=\"lazy\" decoding=\"async\" width=\"560\" height=\"560\" src=\"https:\/\/www.biocollagenix.com\/wp-content\/uploads\/2020\/08\/eyepatch-2-mobile.png\" alt=\"\" class=\"wp-image-5219\" srcset=\"https:\/\/www.biocollagenix.com\/wp-content\/uploads\/2020\/08\/eyepatch-2-mobile.png 560w, https:\/\/www.biocollagenix.com\/wp-content\/uploads\/2020\/08\/eyepatch-2-mobile-300x300.png 300w, https:\/\/www.biocollagenix.com\/wp-content\/uploads\/2020\/08\/eyepatch-2-mobile-150x150.png 150w\" sizes=\"(max-width: 560px) 100vw, 560px\" \/><\/figure>\n\n\n<style id=\"kt-blocks_690645-83\">#kt-adv-heading_690645-83 mark, #kt-adv-heading_690645-83 .wp-block-kadence-advancedheading mark, .kt-adv-heading_690645-83[data-kb-block=\"kb-adv-heading_690645-83\"] mark{padding:0px 0px 0px 0px;}<\/style>\n<h2 id=\"kt-adv-heading_690645-83\" class=\"kt-adv-heading_690645-83 wp-block-kadence-advancedheading\">Eye patch: la rivoluzione per il contorno occhi <\/h2>\n\n\n\n<p>Occhiaie e rughe nel contorno occhi sono un problema comune e fastidioso. Da queste zone dipende gran parte della luminosit\u00e0 del viso. <strong>L\u2019Eye Patch Biocollagenix<\/strong> \u00e8 il rimedio definitivo e naturale per risolvere il problema delle occhiaie e dei primi <strong>segni dell\u2019invecchiamento della pelle.<\/strong>&nbsp; L\u2019Eye Patch Biocollagenix idrata e distende la pelle, attenua i segni di stanchezza, riduce il gonfiore e i segni delle occhiaie.&nbsp; Lo speciale hydrogel \u00e8 fornito su un supporto morbido di non tessuto, pratico e facile da usare. &nbsp;<br><\/p>\n\n\n\n<div style=\"height:20px\" aria-hidden=\"true\" class=\"wp-block-spacer\"><\/div>\n\n\n<style id=\"kt-blocks_3c9b51-5b\">.wp-block-kadence-advancedbtn.kt-btns_3c9b51-5b .kt-btn-wrap-0 .kt-button{padding-left:25px;padding-right:25px;padding-top:15px;padding-bottom:15px;color:#184489;font-size:15px;background:transparent;border-color:#184489;}.wp-block-kadence-advancedbtn.kt-btns_3c9b51-5b .kt-btn-wrap-0 .kt-button:hover, .wp-block-kadence-advancedbtn.kt-btns_3c9b51-5b .kt-btn-wrap-0 .kt-button:focus{color:#ffffff;border-color:#184489;}.wp-block-kadence-advancedbtn.kt-btns_3c9b51-5b .kt-btn-wrap-0 .kt-button::before{display:none;}.wp-block-kadence-advancedbtn.kt-btns_3c9b51-5b .kt-btn-wrap-0 .kt-button:hover, .wp-block-kadence-advancedbtn.kt-btns_3c9b51-5b .kt-btn-wrap-0 .kt-button:focus{background:#184489;}<\/style>\n<div class=\"wp-block-kadence-advancedbtn kt-btn-align-left kt-btn-tablet-align-inherit kt-btn-mobile-align-inherit kt-btns-wrap kt-btns_3c9b51-5b\"><div class=\"kt-btn-wrap kt-btn-wrap-0\"><a class=\"kt-button button kt-btn-0-action kt-btn-size-custom kt-btn-style-basic kt-btn-svg-show-always kt-btn-has-text-true kt-btn-has-svg-true\" href=\"https:\/\/www.biocollagenix.com\/it\/eye-patch-al-collagene\/\" style=\"border-radius:0px;border-width:2px\"><div style=\"display:inline-flex;justify-content:center;align-items:center\" class=\"kt-btn-svg-icon kt-btn-svg-icon-fe_arrowRight kt-btn-side-left\"><svg style=\"display:inline-block;vertical-align:middle\" viewbox=\"0 0 24 24\" height=\"15\" width=\"15\" fill=\"none\" stroke=\"currentColor\" xmlns=\"http:\/\/www.w3.org\/2000\/svg\" stroke-width=\"2\" stroke-linecap=\"round\" stroke-linejoin=\"round\"><line x1=\"5\" y1=\"12\" x2=\"19\" y2=\"12\"><\/line><polyline points=\"12 5 19 12 12 19\"><\/polyline><\/svg><\/div><span class=\"kt-btn-inner-text\">VAI AL PRODOTTO<\/span><\/a><\/div><\/div>\n<\/div><\/div>\n\n\n\n<div class=\"wp-block-kadence-column inner-column-2 kadence-column_122312-aa\"><div class=\"kt-inside-inner-col\">\n<p><\/p>\n<\/div><\/div>\n<\/div><\/div><\/div>\n\n\n<style id=\"kt-blocks_5d18b8-27\">#kt-layout-id_5d18b8-27{background-color:#dde8f6;background-image:url('https:\/\/www.biocollagenix.com\/wp-content\/uploads\/2018\/12\/slider-04.jpg');background-size:cover;background-position:center center;background-attachment:scroll;background-repeat:no-repeat;}#kt-layout-id_5d18b8-27 > .kt-row-column-wrap{padding-top:70px;padding-bottom:70px;padding-left:30px;padding-right:30px;min-height:700px;max-width:1170px;margin-left:auto;margin-right:auto;}@media all and (max-width: 767px){#kt-layout-id_5d18b8-27 > .kt-row-column-wrap{padding-top:30px;padding-bottom:30px;}}<\/style>\n<div class=\"wp-block-kadence-rowlayout alignnone hide-bg-mobile\"><div id=\"kt-layout-id_5d18b8-27\" class=\"kt-row-layout-inner kt-row-has-bg kt-layout-id_5d18b8-27\"><div class=\"kt-row-column-wrap kt-has-2-columns kt-gutter-default kt-v-gutter-default kt-row-valign-middle kt-row-layout-equal kt-tab-layout-inherit kt-m-colapse-left-to-right kt-mobile-layout-row\">\n<div class=\"wp-block-kadence-column inner-column-1 kadence-column_9cd364-04\"><div class=\"kt-inside-inner-col\">\n<p><\/p>\n<\/div><\/div>\n\n\n\n<div class=\"wp-block-kadence-column inner-column-2 kadence-column_656eb8-b0\"><div class=\"kt-inside-inner-col\">\n<figure class=\"wp-block-image is-resized hide-on-desk\"><img loading=\"lazy\" decoding=\"async\" src=\"https:\/\/www.biocollagenix.com\/wp-content\/uploads\/2019\/01\/vantaggi-collagene-eye-mob-03.jpg\" alt=\"\" class=\"wp-image-2455\" width=\"560\" height=\"560\" srcset=\"https:\/\/www.biocollagenix.com\/wp-content\/uploads\/2019\/01\/vantaggi-collagene-eye-mob-03.jpg 560w, https:\/\/www.biocollagenix.com\/wp-content\/uploads\/2019\/01\/vantaggi-collagene-eye-mob-03-150x150.jpg 150w, https:\/\/www.biocollagenix.com\/wp-content\/uploads\/2019\/01\/vantaggi-collagene-eye-mob-03-300x300.jpg 300w\" sizes=\"(max-width: 560px) 100vw, 560px\" \/><\/figure>\n\n\n<style id=\"kt-blocks_6eeec1-ff\">#kt-adv-heading_6eeec1-ff mark, #kt-adv-heading_6eeec1-ff .wp-block-kadence-advancedheading mark, .kt-adv-heading_6eeec1-ff[data-kb-block=\"kb-adv-heading_6eeec1-ff\"] mark{padding:0px 0px 0px 0px;}<\/style>\n<h2 id=\"kt-adv-heading_6eeec1-ff\" class=\"kt-adv-heading_6eeec1-ff wp-block-kadence-advancedheading\">Il Patch al Collagene che cancella gli anni dal viso <\/h2>\n\n\n\n<p>Le <strong>occhiaie e la stanchezza nel contorno occhi<\/strong> sono causati da diversi fattori come la stanchezza, la mancanza di sonno, troppo ore passate davanti al computer o al televisore. Anche il processo di invecchiamento cutaneo contribuisce e influenza la comparsa delle occhiaie, in quanto il contorno occhi \u00e8 una delle zone pi\u00f9 delicate e la pelle \u00e8 molto sottile. Con l\u2019avanzare dell\u2019et\u00e0 la pelle in quella zona si assottiglia e i vasi sanguigni diventano pi\u00f9 visibili, esaltando il colore blu-viola. <br><\/p>\n\n\n\n<p>Risulta quindi fondamentale prendersi cura del proprio contorno occhi se si vuole migliorare l\u2019impatto estetico della pelle del viso. L\u2019idratazione \u00e8 la prima <strong>arma contro l\u2019invecchiamento della pelle<\/strong>, grazie all\u2019utilizzo di prodotti pensati per <strong>reidratare la zona del contorno occhi.<\/strong> I cerotti a base di Collagene marino sono un prodotto pensato appositamente come rimedio contro rughe e stanchezza della zona occhi. <\/p>\n\n\n\n<div style=\"height:20px\" aria-hidden=\"true\" class=\"wp-block-spacer\"><\/div>\n\n\n<style id=\"kt-blocks_cc187b-c6\">.wp-block-kadence-advancedbtn.kt-btns_cc187b-c6 .kt-btn-wrap-0 .kt-button{padding-left:25px;padding-right:25px;padding-top:15px;padding-bottom:15px;color:#184489;font-size:15px;background:transparent;border-color:#184489;}.wp-block-kadence-advancedbtn.kt-btns_cc187b-c6 .kt-btn-wrap-0 .kt-button:hover, .wp-block-kadence-advancedbtn.kt-btns_cc187b-c6 .kt-btn-wrap-0 .kt-button:focus{color:#ffffff;border-color:#184489;}.wp-block-kadence-advancedbtn.kt-btns_cc187b-c6 .kt-btn-wrap-0 .kt-button::before{display:none;}.wp-block-kadence-advancedbtn.kt-btns_cc187b-c6 .kt-btn-wrap-0 .kt-button:hover, .wp-block-kadence-advancedbtn.kt-btns_cc187b-c6 .kt-btn-wrap-0 .kt-button:focus{background:#184489;}<\/style>\n<div class=\"wp-block-kadence-advancedbtn kt-btn-align-left kt-btn-tablet-align-inherit kt-btn-mobile-align-inherit kt-btns-wrap kt-btns_cc187b-c6\"><div class=\"kt-btn-wrap kt-btn-wrap-0\"><a class=\"kt-button button kt-btn-0-action kt-btn-size-custom kt-btn-style-basic kt-btn-svg-show-always kt-btn-has-text-true kt-btn-has-svg-true\" href=\"https:\/\/www.biocollagenix.com\/it\/stop-allinvecchiamento\/componenti-integratore-antirughe\/\" style=\"border-radius:0px;border-width:2px\"><div style=\"display:inline-flex;justify-content:center;align-items:center\" class=\"kt-btn-svg-icon kt-btn-svg-icon-fe_arrowRight kt-btn-side-left\"><svg style=\"display:inline-block;vertical-align:middle\" viewbox=\"0 0 24 24\" height=\"15\" width=\"15\" fill=\"none\" stroke=\"currentColor\" xmlns=\"http:\/\/www.w3.org\/2000\/svg\" stroke-width=\"2\" stroke-linecap=\"round\" stroke-linejoin=\"round\"><line x1=\"5\" y1=\"12\" x2=\"19\" y2=\"12\"><\/line><polyline points=\"12 5 19 12 12 19\"><\/polyline><\/svg><\/div><span class=\"kt-btn-inner-text\">SCOPRI DI PI\u00d9 SUI PRINCIPI ATTIVI<\/span><\/a><\/div><\/div>\n<\/div><\/div>\n<\/div><\/div><\/div>\n\n\n<div class=\"products\">\n    <div class=\"container\">\n        <h3 class=\"products__title\">\n            Scopri i prodotti al collagene        <\/h3>\n        <div class=\"products__list\">\n                                                <div class=\"product\">\n                        <div class=\"product__image\">\n                            <a href=\"https:\/\/www.biocollagenix.com\/it\/biocollagenix-crema-antieta-plus\/\"><img decoding=\"async\" src=\"https:\/\/www.biocollagenix.com\/wp-content\/uploads\/2022\/02\/biocollagenix-crema-antieta-plus-200x285-1.png\"><\/a>\n                        <\/div>\n                        <div class=\"product__name\">\n                            <a href=\"https:\/\/www.biocollagenix.com\/it\/biocollagenix-crema-antieta-plus\/\">Biocollagenix Crema antiet\u00e0 plus<\/a>\n                        <\/div>\n                        <div class=\"product__excerpt\">\n                            Trattamento antiet\u00e0 globale formulato per fortificare la pelle matura                        <\/div>\n                    <\/div>\n                                                                <div class=\"product\">\n                        <div class=\"product__image\">\n                            <a href=\"https:\/\/www.biocollagenix.com\/it\/biocollagenix-crema-antieta\/\"><img decoding=\"async\" src=\"https:\/\/www.biocollagenix.com\/wp-content\/uploads\/2022\/02\/biocollagenix-crema-antieta-200x285-1.png\"><\/a>\n                        <\/div>\n                        <div class=\"product__name\">\n                            <a href=\"https:\/\/www.biocollagenix.com\/it\/biocollagenix-crema-antieta\/\">Biocollagenix Crema antiet\u00e0<\/a>\n                        <\/div>\n                        <div class=\"product__excerpt\">\n                            Crema antiet\u00e0 per combattere l\u2019invecchiamento cutaneo.                        <\/div>\n                    <\/div>\n                                                                <div class=\"product\">\n                        <div class=\"product__image\">\n                            <a href=\"https:\/\/www.biocollagenix.com\/it\/compresse-azione-antiossidante\/\"><img decoding=\"async\" src=\"https:\/\/www.biocollagenix.com\/wp-content\/uploads\/2022\/02\/biocollagenix-antiossidante-60cpr-200x285-1.png\"><\/a>\n                        <\/div>\n                        <div class=\"product__name\">\n                            <a href=\"https:\/\/www.biocollagenix.com\/it\/compresse-azione-antiossidante\/\">Biocollagenix azione antiossidante compresse<\/a>\n                        <\/div>\n                        <div class=\"product__excerpt\">\n                            Integratore in pratiche compresse per combattere l\u2019invecchiamento cutaneo                        <\/div>\n                    <\/div>\n                                                                <div class=\"product\">\n                        <div class=\"product__image\">\n                            <a href=\"https:\/\/www.biocollagenix.com\/it\/biocollagenix-maschera\/\"><img decoding=\"async\" src=\"https:\/\/www.biocollagenix.com\/wp-content\/uploads\/2020\/08\/face-mask-200x285-.png\"><\/a>\n                        <\/div>\n                        <div class=\"product__name\">\n                            <a href=\"https:\/\/www.biocollagenix.com\/it\/biocollagenix-maschera\/\">Biocollagenix Maschera<\/a>\n                        <\/div>\n                        <div class=\"product__excerpt\">\n                            Maschera Viso Hydrogel ad azione anti-age, idratante e levigante                        <\/div>\n                    <\/div>\n                                                                <div class=\"product\">\n                        <div class=\"product__image\">\n                            <a href=\"https:\/\/www.biocollagenix.com\/it\/biocollagenix-trattamento-concentrato-anti-eta\/\"><img decoding=\"async\" src=\"https:\/\/www.biocollagenix.com\/wp-content\/uploads\/2020\/08\/ampolle-200x285-1.png\"><\/a>\n                        <\/div>\n                        <div class=\"product__name\">\n                            <a href=\"https:\/\/www.biocollagenix.com\/it\/biocollagenix-trattamento-concentrato-anti-eta\/\">Biocollagenix Trattamento Concentrato anti-et\u00e0<\/a>\n                        <\/div>\n                        <div class=\"product__excerpt\">\n                            Trattamento concentrato anti-et\u00e0 in ampolle a base di Collagene per ridurre le rughe                        <\/div>\n                    <\/div>\n                                                                <div class=\"product\">\n                        <div class=\"product__image\">\n                            <a href=\"https:\/\/www.biocollagenix.com\/it\/biocollagenix-ovalette\/\"><img decoding=\"async\" src=\"https:\/\/www.biocollagenix.com\/wp-content\/uploads\/2019\/10\/ovalette.png\"><\/a>\n                        <\/div>\n                        <div class=\"product__name\">\n                            <a href=\"https:\/\/www.biocollagenix.com\/it\/biocollagenix-ovalette\/\">Biocollagenix Ovalette<\/a>\n                        <\/div>\n                        <div class=\"product__excerpt\">\n                            Integratore alimentare a base di Collagene marino idrolizzato.                        <\/div>\n                    <\/div>\n                                                                <div class=\"product\">\n                        <div class=\"product__image\">\n                            <a href=\"https:\/\/www.biocollagenix.com\/it\/eye-patch-al-collagene\/\"><img decoding=\"async\" src=\"https:\/\/www.biocollagenix.com\/wp-content\/uploads\/2020\/08\/eye-patch-200x285-1.png\"><\/a>\n                        <\/div>\n                        <div class=\"product__name\">\n                            <a href=\"https:\/\/www.biocollagenix.com\/it\/eye-patch-al-collagene\/\">Eye Patch al Collagene<\/a>\n                        <\/div>\n                        <div class=\"product__excerpt\">\n                            Eye patch al Collagene: cerotti per il trattamento anti-occhiaie.                        <\/div>\n                    <\/div>\n                                                                <div class=\"product\">\n                        <div class=\"product__image\">\n                            <a href=\"https:\/\/www.biocollagenix.com\/it\/collagene-in-compresse-antirughe\/\"><img decoding=\"async\" src=\"https:\/\/www.biocollagenix.com\/wp-content\/uploads\/2019\/07\/tavolette-collagene-biocollagenix-new.png\"><\/a>\n                        <\/div>\n                        <div class=\"product__name\">\n                            <a href=\"https:\/\/www.biocollagenix.com\/it\/collagene-in-compresse-antirughe\/\">Collagene in compresse<\/a>\n                        <\/div>\n                        <div class=\"product__excerpt\">\n                            Integratore a base di Collagene marino idrolizzato in pratiche compresse                        <\/div>\n                    <\/div>\n                                                                <div class=\"product\">\n                        <div class=\"product__image\">\n                            <a href=\"https:\/\/www.biocollagenix.com\/it\/integratore-antiage-da-bere-con-collagene\/\"><img decoding=\"async\" src=\"https:\/\/www.biocollagenix.com\/wp-content\/uploads\/2019\/07\/collagene-bere-new.png\"><\/a>\n                        <\/div>\n                        <div class=\"product__name\">\n                            <a href=\"https:\/\/www.biocollagenix.com\/it\/integratore-antiage-da-bere-con-collagene\/\">Collagene da bere<\/a>\n                        <\/div>\n                        <div class=\"product__excerpt\">\n                            \ufeffIntegratore da bere a base di Collagene Marino I e III, Acido Ialuronico e Resveratrolo.                        <\/div>\n                    <\/div>\n                                    <\/div>\n    <\/div>\n<\/div>\n\n","protected":false},"excerpt":{"rendered":"","protected":false},"author":4,"featured_media":0,"parent":1348,"menu_order":0,"comment_status":"closed","ping_status":"closed","template":"","meta":{"kt_blocks_editor_width":"fullwidth","footnotes":""},"class_list":["post-1346","page","type-page","status-publish","hentry"],"_links":{"self":[{"href":"https:\/\/www.biocollagenix.com\/it\/wp-json\/wp\/v2\/pages\/1346"}],"collection":[{"href":"https:\/\/www.biocollagenix.com\/it\/wp-json\/wp\/v2\/pages"}],"about":[{"href":"https:\/\/www.biocollagenix.com\/it\/wp-json\/wp\/v2\/types\/page"}],"author":[{"embeddable":true,"href":"https:\/\/www.biocollagenix.com\/it\/wp-json\/wp\/v2\/users\/4"}],"replies":[{"embeddable":true,"href":"https:\/\/www.biocollagenix.com\/it\/wp-json\/wp\/v2\/comments?post=1346"}],"version-history":[{"count":24,"href":"https:\/\/www.biocollagenix.com\/it\/wp-json\/wp\/v2\/pages\/1346\/revisions"}],"predecessor-version":[{"id":5227,"href":"https:\/\/www.biocollagenix.com\/it\/wp-json\/wp\/v2\/pages\/1346\/revisions\/5227"}],"up":[{"embeddable":true,"href":"https:\/\/www.biocollagenix.com\/it\/wp-json\/wp\/v2\/pages\/1348"}],"wp:attachment":[{"href":"https:\/\/www.biocollagenix.com\/it\/wp-json\/wp\/v2\/media?parent=1346"}],"curies":[{"name":"wp","href":"https:\/\/api.w.org\/{rel}","templated":true}]}}