{"id":1342,"date":"2018-12-27T14:32:44","date_gmt":"2018-12-27T13:32:44","guid":{"rendered":"https:\/\/www.biocollagenix.com\/?page_id=1342"},"modified":"2020-08-25T15:47:13","modified_gmt":"2020-08-25T13:47:13","slug":"vantaggi-del-collagene-benefici-del-collagene-in-compresse","status":"publish","type":"page","link":"https:\/\/www.biocollagenix.com\/it\/vantaggi-del-collagene\/vantaggi-del-collagene-benefici-del-collagene-in-compresse\/","title":{"rendered":"Benefici del collagene in compresse"},"content":{"rendered":"<style id=\"kt-blocks_38c18e-e4\">#kt-layout-id_38c18e-e4{background-color:#6bb8d4;background-image:url('https:\/\/www.biocollagenix.com\/wp-content\/uploads\/2019\/01\/bg-h1-page.jpg');background-size:cover;background-position:center center;background-attachment:scroll;background-repeat:no-repeat;}#kt-layout-id_38c18e-e4 > .kt-row-column-wrap{padding-top:0px;max-width:1170px;margin-left:auto;margin-right:auto;}<\/style>\n<div class=\"wp-block-kadence-rowlayout alignnone\"><div id=\"kt-layout-id_38c18e-e4\" class=\"kt-row-layout-inner kt-row-has-bg kt-layout-id_38c18e-e4\"><div class=\"kt-row-column-wrap kt-has-1-columns kt-gutter-default kt-v-gutter-default kt-row-valign-top kt-row-layout-equal kt-tab-layout-inherit kt-m-colapse-left-to-right kt-mobile-layout-row\">\n<div class=\"wp-block-kadence-column inner-column-1 kadence-column_fb04f1-4c\"><div class=\"kt-inside-inner-col\">\t<div class=\"breadcrumb-container white\">\n\t\t<div class=\"breadcrumbs\">\n\t\t\t<span property=\"itemListElement\" typeof=\"ListItem\"><a property=\"item\" typeof=\"WebPage\" title=\"Vai a Home.\" href=\"https:\/\/www.biocollagenix.com\/it\/\" class=\"home\" aria-current=\"page\"><span property=\"name\">Home<\/span><\/a><meta property=\"position\" content=\"1\"><\/span>\t\t<\/div>\n\t<\/div>\n\n\n\n<style id=\"kt-blocks_d44010-6b\">#kt-adv-heading_d44010-6b, #kt-adv-heading_d44010-6b .wp-block-kadence-advancedheading, .wp-block-kadence-advancedheading.kt-adv-heading_d44010-6b[data-kb-block=\"kb-adv-heading_d44010-6b\"], .kadence-advanced-heading-wrapper .kt-adv-heading_d44010-6b[data-kb-block=\"kb-adv-heading_d44010-6b\"]{color:#ffffff;margin-bottom:1em;}#kt-adv-heading_d44010-6b mark, #kt-adv-heading_d44010-6b .wp-block-kadence-advancedheading mark, .kt-adv-heading_d44010-6b[data-kb-block=\"kb-adv-heading_d44010-6b\"] mark{padding:0px 0px 0px 0px;}<\/style>\n<h1 id=\"kt-adv-heading_d44010-6b\" class=\"kt-adv-heading_d44010-6b wp-block-kadence-advancedheading\" style=\"color:#ffffff;margin-bottom:1em\">I vantaggi e i benefici del Collagene in compresse <\/h1>\n\n\n\n<p style=\"color:#ffffff\" class=\"has-text-color\">Il <strong>Collagene in compresse<\/strong> \u00e8 ad oggi la soluzione pi\u00f9 scelta tra i <strong>rimedi antiet\u00e0 e antirughe<\/strong>. Biocollagenix compresse a base di Collagene marino idrolizzato \u00e8 indicato per stimolare l\u2019elasticit\u00e0 della pelle e il rinnovamento cellulare. <\/p>\n<\/div><\/div>\n<\/div><\/div><\/div>\n\n\n<style id=\"kt-blocks_b858e4-54\">#kt-layout-id_b858e4-54{background-color:#eef9fb;background-image:url('https:\/\/www.biocollagenix.com\/wp-content\/uploads\/2020\/08\/fascia-compresse.jpg');background-size:cover;background-position:center center;background-attachment:scroll;background-repeat:no-repeat;}#kt-layout-id_b858e4-54 > .kt-row-column-wrap{padding-top:70px;padding-bottom:70px;padding-left:30px;padding-right:30px;min-height:700px;max-width:1170px;margin-left:auto;margin-right:auto;}@media all and (max-width: 767px){#kt-layout-id_b858e4-54 > .kt-row-column-wrap{padding-top:30px;padding-bottom:30px;}}<\/style>\n<div class=\"wp-block-kadence-rowlayout alignnone hide-bg-mobile section-bg__left\"><div id=\"kt-layout-id_b858e4-54\" class=\"kt-row-layout-inner kt-row-has-bg kt-layout-id_b858e4-54\"><div class=\"kt-row-column-wrap kt-has-2-columns kt-gutter-default kt-v-gutter-default kt-row-valign-middle kt-row-layout-equal kt-tab-layout-inherit kt-m-colapse-left-to-right kt-mobile-layout-row\">\n<div class=\"wp-block-kadence-column inner-column-1 kadence-column_77706b-05\"><div class=\"kt-inside-inner-col\"><\/div><\/div>\n\n\n\n<div class=\"wp-block-kadence-column inner-column-2 kadence-column_a525a4-82\"><div class=\"kt-inside-inner-col\">\n<figure class=\"wp-block-image size-large hide-on-desk\"><img loading=\"lazy\" decoding=\"async\" width=\"560\" height=\"560\" src=\"https:\/\/www.biocollagenix.com\/wp-content\/uploads\/2020\/08\/fascia-compresse-mobile.png\" alt=\"\" class=\"wp-image-5262\" srcset=\"https:\/\/www.biocollagenix.com\/wp-content\/uploads\/2020\/08\/fascia-compresse-mobile.png 560w, https:\/\/www.biocollagenix.com\/wp-content\/uploads\/2020\/08\/fascia-compresse-mobile-300x300.png 300w, https:\/\/www.biocollagenix.com\/wp-content\/uploads\/2020\/08\/fascia-compresse-mobile-150x150.png 150w\" sizes=\"(max-width: 560px) 100vw, 560px\" \/><\/figure>\n\n\n<style id=\"kt-blocks_805369-91\">#kt-adv-heading_805369-91 mark, #kt-adv-heading_805369-91 .wp-block-kadence-advancedheading mark, .kt-adv-heading_805369-91[data-kb-block=\"kb-adv-heading_805369-91\"] mark{padding:0px 0px 0px 0px;}<\/style>\n<h2 id=\"kt-adv-heading_805369-91\" class=\"kt-adv-heading_805369-91 wp-block-kadence-advancedheading\">Il Collagene marino: la tua soluzione antiage<\/h2>\n\n\n\n<p>Dopo i 30 anni la pelle inizia a perdere di tono ed elasticit\u00e0. Per questo agire per tempo \u00e8 la soluzione vincente per mantenere una cute sana e giovane. Per rigenerare la pelle per\u00f2 il trattamento cosmetico esterno da solo non basta, per questo il segreto \u00e8 ricorrere a un rimedio che agisca anche dall\u2019interno. Le <strong>compresse a base di Collagene marino<\/strong> hanno un\u2019azione pi\u00f9 duratura e profonda. &nbsp;L\u2019assunzione per via orale aiuta a ricostruire la struttura delle cellule dall\u2019interno, contrastando le rughe e ricostituendo la base dei tessuti cutanei. <\/p>\n<\/div><\/div>\n<\/div><\/div><\/div>\n\n\n<style id=\"kt-blocks_225615-91\">#kt-layout-id_225615-91{background-color:#f1f3f2;background-image:url('https:\/\/www.biocollagenix.com\/wp-content\/uploads\/2020\/08\/compresse-2.jpg');background-size:cover;background-position:center center;background-attachment:scroll;background-repeat:no-repeat;}#kt-layout-id_225615-91 > .kt-row-column-wrap{padding-top:70px;padding-bottom:70px;padding-left:30px;padding-right:30px;min-height:700px;max-width:1170px;margin-left:auto;margin-right:auto;}@media all and (max-width: 767px){#kt-layout-id_225615-91 > .kt-row-column-wrap{padding-top:30px;padding-bottom:30px;}}<\/style>\n<div class=\"wp-block-kadence-rowlayout alignnone hide-bg-mobile section-bg__right\"><div id=\"kt-layout-id_225615-91\" class=\"kt-row-layout-inner kt-row-has-bg kt-layout-id_225615-91\"><div class=\"kt-row-column-wrap kt-has-2-columns kt-gutter-default kt-v-gutter-default kt-row-valign-middle kt-row-layout-equal kt-tab-layout-inherit kt-m-colapse-left-to-right kt-mobile-layout-row\">\n<div class=\"wp-block-kadence-column inner-column-1 kadence-column_e8acd7-1f\"><div class=\"kt-inside-inner-col\">\n<figure class=\"wp-block-image size-large hide-on-desk\"><img loading=\"lazy\" decoding=\"async\" width=\"522\" height=\"551\" src=\"https:\/\/www.biocollagenix.com\/wp-content\/uploads\/2020\/08\/compresse-2-mobile.png\" alt=\"\" class=\"wp-image-5270\" srcset=\"https:\/\/www.biocollagenix.com\/wp-content\/uploads\/2020\/08\/compresse-2-mobile.png 522w, https:\/\/www.biocollagenix.com\/wp-content\/uploads\/2020\/08\/compresse-2-mobile-284x300.png 284w\" sizes=\"(max-width: 522px) 100vw, 522px\" \/><\/figure>\n\n\n<style id=\"kt-blocks_1b2968-93\">#kt-adv-heading_1b2968-93 mark, #kt-adv-heading_1b2968-93 .wp-block-kadence-advancedheading mark, .kt-adv-heading_1b2968-93[data-kb-block=\"kb-adv-heading_1b2968-93\"] mark{padding:0px 0px 0px 0px;}<\/style>\n<h2 id=\"kt-adv-heading_1b2968-93\" class=\"kt-adv-heading_1b2968-93 wp-block-kadence-advancedheading\">L\u2019efficacia delle compresse al Collagene marino idrolizzato <\/h2>\n\n\n\n<p>Il Collagene \u00e8 la principale proteina del tessuto connettivo del corpo. Esistono molti tipi di Collagene nel corpo umano: il 75% della pelle \u00e8 composta dal Collagene di tipi I e III, che garantiscono <strong>tono, elasticit\u00e0 e resistenza della pelle.<\/strong> In particolare, il Collagene di tipo III \u00e8 il pi\u00f9 abbondante, ma allo stesso tempo \u00e8 il primo a diminuire con l\u2019avanzare dell\u2019et\u00e0. Per questo motivo la sua integrazione \u00e8 molto importante se si vuole mantenere la pelle giovane e sana o ripristinare l\u2019elasticit\u00e0 cutanea. <br><\/p>\n\n\n\n<div style=\"height:20px\" aria-hidden=\"true\" class=\"wp-block-spacer\"><\/div>\n\n\n<style id=\"kt-blocks_eb0926-94\">.wp-block-kadence-advancedbtn.kt-btns_eb0926-94 .kt-btn-wrap-0 .kt-button{padding-left:25px;padding-right:25px;padding-top:15px;padding-bottom:15px;color:#184489;font-size:15px;background:transparent;border-color:#184489;}.wp-block-kadence-advancedbtn.kt-btns_eb0926-94 .kt-btn-wrap-0 .kt-button:hover, .wp-block-kadence-advancedbtn.kt-btns_eb0926-94 .kt-btn-wrap-0 .kt-button:focus{color:#ffffff;border-color:#184489;}.wp-block-kadence-advancedbtn.kt-btns_eb0926-94 .kt-btn-wrap-0 .kt-button::before{display:none;}.wp-block-kadence-advancedbtn.kt-btns_eb0926-94 .kt-btn-wrap-0 .kt-button:hover, .wp-block-kadence-advancedbtn.kt-btns_eb0926-94 .kt-btn-wrap-0 .kt-button:focus{background:#184489;}<\/style>\n<div class=\"wp-block-kadence-advancedbtn kt-btn-align-left kt-btn-tablet-align-inherit kt-btn-mobile-align-inherit kt-btns-wrap kt-btns_eb0926-94\"><div class=\"kt-btn-wrap kt-btn-wrap-0\"><a class=\"kt-button button kt-btn-0-action kt-btn-size-custom kt-btn-style-basic kt-btn-svg-show-always kt-btn-has-text-true kt-btn-has-svg-true\" href=\"https:\/\/www.biocollagenix.com\/it\/collagene-in-compresse-antirughe\/\" style=\"border-radius:0px;border-width:2px\"><div style=\"display:inline-flex;justify-content:center;align-items:center\" class=\"kt-btn-svg-icon kt-btn-svg-icon-fe_arrowRight kt-btn-side-left\"><svg style=\"display:inline-block;vertical-align:middle\" viewbox=\"0 0 24 24\" height=\"15\" width=\"15\" fill=\"none\" stroke=\"currentColor\" xmlns=\"http:\/\/www.w3.org\/2000\/svg\" stroke-width=\"2\" stroke-linecap=\"round\" stroke-linejoin=\"round\"><line x1=\"5\" y1=\"12\" x2=\"19\" y2=\"12\"><\/line><polyline points=\"12 5 19 12 12 19\"><\/polyline><\/svg><\/div><span class=\"kt-btn-inner-text\">VAI AL PRODOTTO<\/span><\/a><\/div><\/div>\n<\/div><\/div>\n\n\n\n<div class=\"wp-block-kadence-column inner-column-2 kadence-column_731616-6f\"><div class=\"kt-inside-inner-col\">\n<p><\/p>\n<\/div><\/div>\n<\/div><\/div><\/div>\n\n\n<style id=\"kt-blocks_2ff132-0a\">#kt-layout-id_2ff132-0a{background-color:#e8ded6;background-image:url('https:\/\/www.biocollagenix.com\/wp-content\/uploads\/2018\/12\/slider-02.jpg');background-size:cover;background-position:center center;background-attachment:scroll;background-repeat:no-repeat;}#kt-layout-id_2ff132-0a > .kt-row-column-wrap{padding-top:70px;padding-bottom:70px;padding-left:30px;padding-right:30px;min-height:700px;max-width:1170px;margin-left:auto;margin-right:auto;}@media all and (max-width: 767px){#kt-layout-id_2ff132-0a > .kt-row-column-wrap{padding-top:30px;padding-bottom:30px;}}<\/style>\n<div class=\"wp-block-kadence-rowlayout alignnone hide-bg-mobile\"><div id=\"kt-layout-id_2ff132-0a\" class=\"kt-row-layout-inner kt-row-has-bg kt-layout-id_2ff132-0a\"><div class=\"kt-row-column-wrap kt-has-2-columns kt-gutter-default kt-v-gutter-default kt-row-valign-middle kt-row-layout-equal kt-tab-layout-inherit kt-m-colapse-left-to-right kt-mobile-layout-row\">\n<div class=\"wp-block-kadence-column inner-column-1 kadence-column_1534ad-52\"><div class=\"kt-inside-inner-col\">\n<p><\/p>\n<\/div><\/div>\n\n\n\n<div class=\"wp-block-kadence-column inner-column-2 kadence-column_c377af-f8\"><div class=\"kt-inside-inner-col\">\n<figure class=\"wp-block-image is-resized hide-on-desk\"><img loading=\"lazy\" decoding=\"async\" src=\"https:\/\/www.biocollagenix.com\/wp-content\/uploads\/2019\/01\/vantaggi-collagene-compresse-mob-03.jpg\" alt=\"\" class=\"wp-image-2433\" width=\"560\" height=\"560\" srcset=\"https:\/\/www.biocollagenix.com\/wp-content\/uploads\/2019\/01\/vantaggi-collagene-compresse-mob-03.jpg 560w, https:\/\/www.biocollagenix.com\/wp-content\/uploads\/2019\/01\/vantaggi-collagene-compresse-mob-03-150x150.jpg 150w, https:\/\/www.biocollagenix.com\/wp-content\/uploads\/2019\/01\/vantaggi-collagene-compresse-mob-03-300x300.jpg 300w\" sizes=\"(max-width: 560px) 100vw, 560px\" \/><\/figure>\n\n\n<style id=\"kt-blocks_a98ba6-f6\">#kt-adv-heading_a98ba6-f6 mark, #kt-adv-heading_a98ba6-f6 .wp-block-kadence-advancedheading mark, .kt-adv-heading_a98ba6-f6[data-kb-block=\"kb-adv-heading_a98ba6-f6\"] mark{padding:0px 0px 0px 0px;}<\/style>\n<h2 id=\"kt-adv-heading_a98ba6-f6\" class=\"kt-adv-heading_a98ba6-f6 wp-block-kadence-advancedheading\">Prevenire le rughe e tonificare la pelle<\/h2>\n\n\n\n<p>Gli <strong>integratori nutricosmetici per la pelle<\/strong> sono in grado di fornire sostanze che possono contrastare i radicali liberi con un\u2019azione antiossidante, oppure favoriscono l\u2019integrazione di componenti cutanei che sono diminuiti e di cui la pelle ha bisogno.<br><\/p>\n\n\n\n<p>Per apportare benefici all\u2019organismo \u00e8 necessario che un composto assunto per via orale sia in grado di superare la barriera intestinale e, attraverso il circolo sanguigno, raggiunga i comparti del corpo in cui viene immagazzinato o impiegato nei processi metabolici. Diversi studi hanno dimostrato che il Collagene idrolizzato \u00e8 in grado di attraversare la barriera intestinale. Il bilanciato mix di ingredienti naturali e di sintesi presente in Biocollagenix contribuisce a proteggere dai <strong>danni causati dall\u2019invecchiamento, migliorare l\u2019idratazione cutanea e schiarire le macchie pigmentate. <\/strong><\/p>\n\n\n\n<div style=\"height:20px\" aria-hidden=\"true\" class=\"wp-block-spacer\"><\/div>\n\n\n<style id=\"kt-blocks_92a5bd-d1\">.wp-block-kadence-advancedbtn.kt-btns_92a5bd-d1 .kt-btn-wrap-0 .kt-button{padding-left:25px;padding-right:25px;padding-top:15px;padding-bottom:15px;color:#184489;font-size:15px;background:transparent;border-color:#184489;}.wp-block-kadence-advancedbtn.kt-btns_92a5bd-d1 .kt-btn-wrap-0 .kt-button:hover, .wp-block-kadence-advancedbtn.kt-btns_92a5bd-d1 .kt-btn-wrap-0 .kt-button:focus{color:#ffffff;border-color:#184489;}.wp-block-kadence-advancedbtn.kt-btns_92a5bd-d1 .kt-btn-wrap-0 .kt-button::before{display:none;}.wp-block-kadence-advancedbtn.kt-btns_92a5bd-d1 .kt-btn-wrap-0 .kt-button:hover, .wp-block-kadence-advancedbtn.kt-btns_92a5bd-d1 .kt-btn-wrap-0 .kt-button:focus{background:#184489;}<\/style>\n<div class=\"wp-block-kadence-advancedbtn kt-btn-align-left kt-btn-tablet-align-inherit kt-btn-mobile-align-inherit kt-btns-wrap kt-btns_92a5bd-d1\"><div class=\"kt-btn-wrap kt-btn-wrap-0\"><a class=\"kt-button button kt-btn-0-action kt-btn-size-custom kt-btn-style-basic kt-btn-svg-show-always kt-btn-has-text-true kt-btn-has-svg-true\" href=\"https:\/\/www.biocollagenix.com\/it\/stop-allinvecchiamento\/componenti-integratore-antirughe\/\" style=\"border-radius:0px;border-width:2px\"><div style=\"display:inline-flex;justify-content:center;align-items:center\" class=\"kt-btn-svg-icon kt-btn-svg-icon-fe_arrowRight kt-btn-side-left\"><svg style=\"display:inline-block;vertical-align:middle\" viewbox=\"0 0 24 24\" height=\"15\" width=\"15\" fill=\"none\" stroke=\"currentColor\" xmlns=\"http:\/\/www.w3.org\/2000\/svg\" stroke-width=\"2\" stroke-linecap=\"round\" stroke-linejoin=\"round\"><line x1=\"5\" y1=\"12\" x2=\"19\" y2=\"12\"><\/line><polyline points=\"12 5 19 12 12 19\"><\/polyline><\/svg><\/div><span class=\"kt-btn-inner-text\">SCOPRI DI PI\u00d9 SUI PRINCIPI ATTIVI<\/span><\/a><\/div><\/div>\n<\/div><\/div>\n<\/div><\/div><\/div>\n\n\n<div class=\"products\">\n    <div class=\"container\">\n        <h3 class=\"products__title\">\n            Scopri i prodotti al collagene        <\/h3>\n        <div class=\"products__list\">\n                                                <div class=\"product\">\n                        <div class=\"product__image\">\n                            <a href=\"https:\/\/www.biocollagenix.com\/it\/biocollagenix-crema-antieta-plus\/\"><img decoding=\"async\" src=\"https:\/\/www.biocollagenix.com\/wp-content\/uploads\/2022\/02\/biocollagenix-crema-antieta-plus-200x285-1.png\"><\/a>\n                        <\/div>\n                        <div class=\"product__name\">\n                            <a href=\"https:\/\/www.biocollagenix.com\/it\/biocollagenix-crema-antieta-plus\/\">Biocollagenix Crema antiet\u00e0 plus<\/a>\n                        <\/div>\n                        <div class=\"product__excerpt\">\n                            Trattamento antiet\u00e0 globale formulato per fortificare la pelle matura                        <\/div>\n                    <\/div>\n                                                                <div class=\"product\">\n                        <div class=\"product__image\">\n                            <a href=\"https:\/\/www.biocollagenix.com\/it\/biocollagenix-crema-antieta\/\"><img decoding=\"async\" src=\"https:\/\/www.biocollagenix.com\/wp-content\/uploads\/2022\/02\/biocollagenix-crema-antieta-200x285-1.png\"><\/a>\n                        <\/div>\n                        <div class=\"product__name\">\n                            <a href=\"https:\/\/www.biocollagenix.com\/it\/biocollagenix-crema-antieta\/\">Biocollagenix Crema antiet\u00e0<\/a>\n                        <\/div>\n                        <div class=\"product__excerpt\">\n                            Crema antiet\u00e0 per combattere l\u2019invecchiamento cutaneo.                        <\/div>\n                    <\/div>\n                                                                <div class=\"product\">\n                        <div class=\"product__image\">\n                            <a href=\"https:\/\/www.biocollagenix.com\/it\/compresse-azione-antiossidante\/\"><img decoding=\"async\" src=\"https:\/\/www.biocollagenix.com\/wp-content\/uploads\/2022\/02\/biocollagenix-antiossidante-60cpr-200x285-1.png\"><\/a>\n                        <\/div>\n                        <div class=\"product__name\">\n                            <a href=\"https:\/\/www.biocollagenix.com\/it\/compresse-azione-antiossidante\/\">Biocollagenix azione antiossidante compresse<\/a>\n                        <\/div>\n                        <div class=\"product__excerpt\">\n                            Integratore in pratiche compresse per combattere l\u2019invecchiamento cutaneo                        <\/div>\n                    <\/div>\n                                                                <div class=\"product\">\n                        <div class=\"product__image\">\n                            <a href=\"https:\/\/www.biocollagenix.com\/it\/biocollagenix-maschera\/\"><img decoding=\"async\" src=\"https:\/\/www.biocollagenix.com\/wp-content\/uploads\/2020\/08\/face-mask-200x285-.png\"><\/a>\n                        <\/div>\n                        <div class=\"product__name\">\n                            <a href=\"https:\/\/www.biocollagenix.com\/it\/biocollagenix-maschera\/\">Biocollagenix Maschera<\/a>\n                        <\/div>\n                        <div class=\"product__excerpt\">\n                            Maschera Viso Hydrogel ad azione anti-age, idratante e levigante                        <\/div>\n                    <\/div>\n                                                                <div class=\"product\">\n                        <div class=\"product__image\">\n                            <a href=\"https:\/\/www.biocollagenix.com\/it\/biocollagenix-trattamento-concentrato-anti-eta\/\"><img decoding=\"async\" src=\"https:\/\/www.biocollagenix.com\/wp-content\/uploads\/2020\/08\/ampolle-200x285-1.png\"><\/a>\n                        <\/div>\n                        <div class=\"product__name\">\n                            <a href=\"https:\/\/www.biocollagenix.com\/it\/biocollagenix-trattamento-concentrato-anti-eta\/\">Biocollagenix Trattamento Concentrato anti-et\u00e0<\/a>\n                        <\/div>\n                        <div class=\"product__excerpt\">\n                            Trattamento concentrato anti-et\u00e0 in ampolle a base di Collagene per ridurre le rughe                        <\/div>\n                    <\/div>\n                                                                <div class=\"product\">\n                        <div class=\"product__image\">\n                            <a href=\"https:\/\/www.biocollagenix.com\/it\/biocollagenix-ovalette\/\"><img decoding=\"async\" src=\"https:\/\/www.biocollagenix.com\/wp-content\/uploads\/2019\/10\/ovalette.png\"><\/a>\n                        <\/div>\n                        <div class=\"product__name\">\n                            <a href=\"https:\/\/www.biocollagenix.com\/it\/biocollagenix-ovalette\/\">Biocollagenix Ovalette<\/a>\n                        <\/div>\n                        <div class=\"product__excerpt\">\n                            Integratore alimentare a base di Collagene marino idrolizzato.                        <\/div>\n                    <\/div>\n                                                                <div class=\"product\">\n                        <div class=\"product__image\">\n                            <a href=\"https:\/\/www.biocollagenix.com\/it\/eye-patch-al-collagene\/\"><img decoding=\"async\" src=\"https:\/\/www.biocollagenix.com\/wp-content\/uploads\/2020\/08\/eye-patch-200x285-1.png\"><\/a>\n                        <\/div>\n                        <div class=\"product__name\">\n                            <a href=\"https:\/\/www.biocollagenix.com\/it\/eye-patch-al-collagene\/\">Eye Patch al Collagene<\/a>\n                        <\/div>\n                        <div class=\"product__excerpt\">\n                            Eye patch al Collagene: cerotti per il trattamento anti-occhiaie.                        <\/div>\n                    <\/div>\n                                                                <div class=\"product\">\n                        <div class=\"product__image\">\n                            <a href=\"https:\/\/www.biocollagenix.com\/it\/collagene-in-compresse-antirughe\/\"><img decoding=\"async\" src=\"https:\/\/www.biocollagenix.com\/wp-content\/uploads\/2019\/07\/tavolette-collagene-biocollagenix-new.png\"><\/a>\n                        <\/div>\n                        <div class=\"product__name\">\n                            <a href=\"https:\/\/www.biocollagenix.com\/it\/collagene-in-compresse-antirughe\/\">Collagene in compresse<\/a>\n                        <\/div>\n                        <div class=\"product__excerpt\">\n                            Integratore a base di Collagene marino idrolizzato in pratiche compresse                        <\/div>\n                    <\/div>\n                                                                <div class=\"product\">\n                        <div class=\"product__image\">\n                            <a href=\"https:\/\/www.biocollagenix.com\/it\/integratore-antiage-da-bere-con-collagene\/\"><img decoding=\"async\" src=\"https:\/\/www.biocollagenix.com\/wp-content\/uploads\/2019\/07\/collagene-bere-new.png\"><\/a>\n                        <\/div>\n                        <div class=\"product__name\">\n                            <a href=\"https:\/\/www.biocollagenix.com\/it\/integratore-antiage-da-bere-con-collagene\/\">Collagene da bere<\/a>\n                        <\/div>\n                        <div class=\"product__excerpt\">\n                            \ufeffIntegratore da bere a base di Collagene Marino I e III, Acido Ialuronico e Resveratrolo.                        <\/div>\n                    <\/div>\n                                    <\/div>\n    <\/div>\n<\/div>\n\n","protected":false},"excerpt":{"rendered":"","protected":false},"author":4,"featured_media":0,"parent":1348,"menu_order":0,"comment_status":"closed","ping_status":"closed","template":"","meta":{"kt_blocks_editor_width":"fullwidth","footnotes":""},"class_list":["post-1342","page","type-page","status-publish","hentry"],"_links":{"self":[{"href":"https:\/\/www.biocollagenix.com\/it\/wp-json\/wp\/v2\/pages\/1342"}],"collection":[{"href":"https:\/\/www.biocollagenix.com\/it\/wp-json\/wp\/v2\/pages"}],"about":[{"href":"https:\/\/www.biocollagenix.com\/it\/wp-json\/wp\/v2\/types\/page"}],"author":[{"embeddable":true,"href":"https:\/\/www.biocollagenix.com\/it\/wp-json\/wp\/v2\/users\/4"}],"replies":[{"embeddable":true,"href":"https:\/\/www.biocollagenix.com\/it\/wp-json\/wp\/v2\/comments?post=1342"}],"version-history":[{"count":29,"href":"https:\/\/www.biocollagenix.com\/it\/wp-json\/wp\/v2\/pages\/1342\/revisions"}],"predecessor-version":[{"id":5278,"href":"https:\/\/www.biocollagenix.com\/it\/wp-json\/wp\/v2\/pages\/1342\/revisions\/5278"}],"up":[{"embeddable":true,"href":"https:\/\/www.biocollagenix.com\/it\/wp-json\/wp\/v2\/pages\/1348"}],"wp:attachment":[{"href":"https:\/\/www.biocollagenix.com\/it\/wp-json\/wp\/v2\/media?parent=1342"}],"curies":[{"name":"wp","href":"https:\/\/api.w.org\/{rel}","templated":true}]}}