{"id":4328,"date":"2019-10-22T12:38:17","date_gmt":"2019-10-22T10:38:17","guid":{"rendered":"https:\/\/www.biocollagenix.com\/?page_id=4328"},"modified":"2019-10-23T11:47:49","modified_gmt":"2019-10-23T09:47:49","slug":"avantages-et-bienfaits-du-collagene-en-comprimes","status":"publish","type":"page","link":"https:\/\/www.biocollagenix.com\/fr\/biocollagenix-tablettes\/avantages-et-bienfaits-du-collagene-en-comprimes\/","title":{"rendered":"Avantages et bienfaits du collag\u00e8ne en comprim\u00e9s"},"content":{"rendered":"<style id=\"kt-blocks_76aeb0-1a\">#kt-layout-id_76aeb0-1a{background-color:#6bb8d4;background-image:url('\/wp-content\/uploads\/2019\/01\/bg-h1-page.jpg');background-size:cover;background-position:center center;background-attachment:scroll;background-repeat:no-repeat;}#kt-layout-id_76aeb0-1a > .kt-row-column-wrap{padding-top:0px;max-width:1170px;margin-left:auto;margin-right:auto;}<\/style>\n<div class=\"wp-block-kadence-rowlayout alignnone\"><div id=\"kt-layout-id_76aeb0-1a\" class=\"kt-row-layout-inner kt-row-has-bg kt-layout-id_76aeb0-1a\"><div class=\"kt-row-column-wrap kt-has-1-columns kt-gutter-default kt-row-valign-top kt-row-layout-equal kt-tab-layout-inherit kt-m-colapse-left-to-right kt-mobile-layout-row\">\n<div class=\"wp-block-kadence-column kadence-column9385 inner-column-1\"><div class=\"kt-inside-inner-col\">\t<div class=\"breadcrumb-container white\">\n\t\t<div class=\"breadcrumbs\">\n\t\t\t<span property=\"itemListElement\" typeof=\"ListItem\"><a property=\"item\" typeof=\"WebPage\" title=\"Aller \u00e0 Accueil.\" href=\"https:\/\/www.biocollagenix.com\/fr\/\" class=\"home\" aria-current=\"page\"><span property=\"name\">Accueil<\/span><\/a><meta property=\"position\" content=\"1\"><\/span>\t\t<\/div>\n\t<\/div>\n\n\n\n<style id=\"kt-blocks_80476d-7d\">#kt-adv-heading_80476d-7d, #kt-adv-heading_80476d-7d .wp-block-kadence-advancedheading, .wp-block-kadence-advancedheading.kt-adv-heading_80476d-7d[data-kb-block=\"kb-adv-heading_80476d-7d\"], .kadence-advanced-heading-wrapper .kt-adv-heading_80476d-7d[data-kb-block=\"kb-adv-heading_80476d-7d\"]{color:#ffffff;margin-bottom:1em;}<\/style>\n<h1 id=\"kt-adv-heading_80476d-7d\" style=\"color:#ffffff;margin-bottom:1em\" class=\"wp-block-kadence-advancedheading\">Avantages et bienfaits du collag\u00e8ne en comprim\u00e9s<\/h1>\n\n\n\n<p style=\"color:#ffffff\" class=\"has-text-color\">Le collag\u00e8ne en comprim\u00e9s est un rem\u00e8de anti-\u00e2ge tr\u00e8s efficace. Gr\u00e2ce \u00e0 sa formulation \u00e0 base de collag\u00e8ne marin hydrolys\u00e9, d&rsquo;acide hyaluronique et de resv\u00e9ratrol, Biocollagenix apporte les nutriments dont votre peau a besoin afin de lui rendre toute son \u00e9lasticit\u00e9 et sa tonicit\u00e9.<\/p>\n<\/div><\/div>\n<\/div><\/div><\/div>\n\n\n<style id=\"kt-blocks_260cca-6b\">#kt-layout-id_260cca-6b{background-color:#eef9fb;background-image:url('https:\/\/www.biocollagenix.com\/wp-content\/uploads\/2019\/10\/slider-ovalette2-1-fascia-1.jpg');background-size:cover;background-position:center center;background-attachment:scroll;background-repeat:no-repeat;}#kt-layout-id_260cca-6b > .kt-row-column-wrap{padding-top:70px;padding-bottom:70px;padding-left:30px;padding-right:30px;min-height:700px;max-width:1170px;margin-left:auto;margin-right:auto;}@media all and (max-width: 767px){#kt-layout-id_260cca-6b > .kt-row-column-wrap{padding-top:30px;padding-bottom:30px;}}<\/style>\n<div class=\"wp-block-kadence-rowlayout aligncenter hide-bg-mobile\"><div id=\"kt-layout-id_260cca-6b\" class=\"kt-row-layout-inner kt-row-has-bg kt-layout-id_260cca-6b\"><div class=\"kt-row-column-wrap kt-has-2-columns kt-gutter-default kt-row-valign-middle kt-row-layout-equal kt-tab-layout-inherit kt-m-colapse-left-to-right kt-mobile-layout-row\">\n<div class=\"wp-block-kadence-column kadence-column8590 inner-column-1\"><div class=\"kt-inside-inner-col\"><\/div><\/div>\n\n\n\n<div class=\"wp-block-kadence-column kadence-column8475 inner-column-2\"><div class=\"kt-inside-inner-col\">\n<figure class=\"wp-block-image hide-on-desk\"><img loading=\"lazy\" decoding=\"async\" width=\"480\" height=\"480\" src=\"https:\/\/www.biocollagenix.com\/wp-content\/uploads\/2019\/10\/slider-ovalette-mobile2-1-fascia.jpg\" alt=\"\" class=\"wp-image-4263\" srcset=\"https:\/\/www.biocollagenix.com\/wp-content\/uploads\/2019\/10\/slider-ovalette-mobile2-1-fascia.jpg 480w, https:\/\/www.biocollagenix.com\/wp-content\/uploads\/2019\/10\/slider-ovalette-mobile2-1-fascia-150x150.jpg 150w, https:\/\/www.biocollagenix.com\/wp-content\/uploads\/2019\/10\/slider-ovalette-mobile2-1-fascia-300x300.jpg 300w\" sizes=\"(max-width: 480px) 100vw, 480px\" \/><\/figure>\n\n\n\n<h2 id=\"kt-adv-heading_ae5a23-5f\" class=\"wp-block-kadence-advancedheading\">L&rsquo;efficacit\u00e9 anti-\u00e2ge des comprim\u00e9s Biocollagenix<\/h2>\n\n\n\n<p>Biocollagenix est le premier produit en Italie contenant du collag\u00e8ne de types I et III. Il est donc le premier produit \u00e0 diminuer les signes de l&rsquo;\u00e2ge \u00e0 l&rsquo;origine de l&rsquo;apparition des rides et du vieillissement. <\/p>\n<\/div><\/div>\n<\/div><\/div><\/div>\n\n\n<style id=\"kt-blocks_5fa7d0-30\">#kt-layout-id_5fa7d0-30{background-color:#f1f3f2;background-image:url('https:\/\/www.biocollagenix.com\/wp-content\/uploads\/2019\/10\/fascione-biocollagenix-ovalette.jpg');background-size:cover;background-position:center center;background-attachment:scroll;background-repeat:no-repeat;}#kt-layout-id_5fa7d0-30 > .kt-row-column-wrap{padding-top:70px;padding-bottom:70px;padding-left:30px;padding-right:30px;min-height:700px;max-width:1170px;margin-left:auto;margin-right:auto;}@media all and (max-width: 767px){#kt-layout-id_5fa7d0-30 > .kt-row-column-wrap{padding-top:30px;padding-bottom:30px;}}<\/style>\n<div class=\"wp-block-kadence-rowlayout aligncenter hide-bg-mobile\"><div id=\"kt-layout-id_5fa7d0-30\" class=\"kt-row-layout-inner kt-row-has-bg kt-layout-id_5fa7d0-30\"><div class=\"kt-row-column-wrap kt-has-2-columns kt-gutter-default kt-row-valign-middle kt-row-layout-equal kt-tab-layout-inherit kt-m-colapse-left-to-right kt-mobile-layout-row\">\n<div class=\"wp-block-kadence-column kadence-column7858 inner-column-1\"><div class=\"kt-inside-inner-col\">\n<figure class=\"wp-block-image hide-on-desk\"><img loading=\"lazy\" decoding=\"async\" width=\"560\" height=\"560\" src=\"https:\/\/www.biocollagenix.com\/wp-content\/uploads\/2019\/10\/biocollagenix-ovalette-mobile.jpg\" alt=\"\" class=\"wp-image-4271\" srcset=\"https:\/\/www.biocollagenix.com\/wp-content\/uploads\/2019\/10\/biocollagenix-ovalette-mobile.jpg 560w, https:\/\/www.biocollagenix.com\/wp-content\/uploads\/2019\/10\/biocollagenix-ovalette-mobile-150x150.jpg 150w, https:\/\/www.biocollagenix.com\/wp-content\/uploads\/2019\/10\/biocollagenix-ovalette-mobile-300x300.jpg 300w\" sizes=\"(max-width: 560px) 100vw, 560px\" \/><\/figure>\n\n\n\n<h2 id=\"kt-adv-heading_2a1a05-2e\" class=\"wp-block-kadence-advancedheading\"><strong>Neutraliser les signes du temps<\/strong><\/h2>\n\n\n\n<p>Pour ralentir ce processus, les traitements anti-\u00e2ge ne suffisent pas. En effet, les produits cosm\u00e9tiques ne parviennent pas \u00e0 p\u00e9n\u00e9trer efficacement dans le derme. <br>\nLes comprim\u00e9s Biocollagenix sont pr\u00e9sent\u00e9s dans un format pratique pour apporter les nutriments n\u00e9cessaires \u00e0 la peau par le biais de la circulation sanguine.<\/p>\n\n\n\n<p><\/p>\n\n\n\n<div style=\"height:20px\" aria-hidden=\"true\" class=\"wp-block-spacer\"><\/div>\n\n\n<style id=\"kt-blocks_e437b3-74\">.wp-block-kadence-advancedbtn.kt-btns_e437b3-74 .kt-btn-wrap-0 .kt-button{padding-left:25px;padding-right:25px;padding-top:15px;padding-bottom:15px;color:#184489;font-size:15px;background:transparent;border-color:#184489;}.wp-block-kadence-advancedbtn.kt-btns_e437b3-74 .kt-btn-wrap-0 .kt-button:hover, .wp-block-kadence-advancedbtn.kt-btns_e437b3-74 .kt-btn-wrap-0 .kt-button:focus{color:#ffffff;border-color:#184489;}.wp-block-kadence-advancedbtn.kt-btns_e437b3-74 .kt-btn-wrap-0 .kt-button::before{display:none;}.wp-block-kadence-advancedbtn.kt-btns_e437b3-74 .kt-btn-wrap-0 .kt-button:hover, .wp-block-kadence-advancedbtn.kt-btns_e437b3-74 .kt-btn-wrap-0 .kt-button:focus{background:#184489;}<\/style>\n<div class=\"wp-block-kadence-advancedbtn kt-btn-align-left kt-btns-wrap kt-btns_e437b3-74\"><div class=\"kt-btn-wrap kt-btn-wrap-0\"><a class=\"kt-button kt-btn-0-action kt-btn-svg-show-always kt-btn-has-text-true kt-btn-has-svg-false\" href=\"\/fr\/biocollagenix-tablettes\" target=\"_self\" style=\"font-size:15px;border-width:2px;padding-left:25px;padding-right:25px;padding-top:15px;padding-bottom:15px\"><span class=\"kt-btn-inner-text\">DECOUVRIR LE PRODUIT<\/span><\/a><\/div><\/div>\n<\/div><\/div>\n\n\n\n<div class=\"wp-block-kadence-column kadence-column7854 inner-column-2\"><div class=\"kt-inside-inner-col\">\n<p><\/p>\n<\/div><\/div>\n<\/div><\/div><\/div>\n\n\n<style id=\"kt-blocks_e04ef2-82\">#kt-layout-id_e04ef2-82{background-color:#d7eaf8;background-image:url('https:\/\/www.biocollagenix.com\/wp-content\/uploads\/2019\/10\/fascione-collagene-ovalette2-3fascia-flip.jpg');background-size:cover;background-position:center center;background-attachment:scroll;background-repeat:no-repeat;}#kt-layout-id_e04ef2-82 > .kt-row-column-wrap{padding-top:70px;padding-bottom:70px;padding-left:30px;padding-right:30px;min-height:700px;max-width:1170px;margin-left:auto;margin-right:auto;}@media all and (max-width: 767px){#kt-layout-id_e04ef2-82 > .kt-row-column-wrap{padding-top:30px;padding-bottom:30px;}}<\/style>\n<div class=\"wp-block-kadence-rowlayout aligncenter hide-bg-mobile\"><div id=\"kt-layout-id_e04ef2-82\" class=\"kt-row-layout-inner kt-row-has-bg kt-layout-id_e04ef2-82\"><div class=\"kt-row-column-wrap kt-has-2-columns kt-gutter-default kt-row-valign-middle kt-row-layout-equal kt-tab-layout-inherit kt-m-colapse-left-to-right kt-mobile-layout-row\">\n<div class=\"wp-block-kadence-column kadence-column1500 inner-column-1\"><div class=\"kt-inside-inner-col\">\n<p><\/p>\n<\/div><\/div>\n\n\n\n<div class=\"wp-block-kadence-column kadence-column8651 inner-column-2\"><div class=\"kt-inside-inner-col\">\n<figure class=\"wp-block-image hide-on-desk\"><img loading=\"lazy\" decoding=\"async\" width=\"560\" height=\"560\" src=\"https:\/\/www.biocollagenix.com\/wp-content\/uploads\/2019\/10\/fascione-collagene-ovalette-mobile2-3fascia-flip.jpg\" alt=\"\" class=\"wp-image-4279\" srcset=\"https:\/\/www.biocollagenix.com\/wp-content\/uploads\/2019\/10\/fascione-collagene-ovalette-mobile2-3fascia-flip.jpg 560w, https:\/\/www.biocollagenix.com\/wp-content\/uploads\/2019\/10\/fascione-collagene-ovalette-mobile2-3fascia-flip-150x150.jpg 150w, https:\/\/www.biocollagenix.com\/wp-content\/uploads\/2019\/10\/fascione-collagene-ovalette-mobile2-3fascia-flip-300x300.jpg 300w\" sizes=\"(max-width: 560px) 100vw, 560px\" \/><\/figure>\n\n\n\n<h2 id=\"kt-adv-heading_ff92b6-33\" class=\"wp-block-kadence-advancedheading\">Pr\u00e9venir les rides et tonifier la peau<\/h2>\n\n\n\n<p>La peau repr\u00e9sente bien plus que la couche protectrice de notre corps, elle constitue une partie essentielle de notre image. C&rsquo;est la raison pour laquelle il faut absolument la maintenir en bonne sant\u00e9 en d\u00e9pit du temps qui passe. Une alimentation saine ne suffit pas. Il faut donc apporter les nutriments n\u00e9cessaires \u00e0 travers le sang \u00e0 l&rsquo;aide d&rsquo;une int\u00e9gration ad\u00e9quate de collag\u00e8ne qui constitue la prot\u00e9ine principale des tissus conjonctifs du corps.<br><\/p>\n\n\n\n<div style=\"height:20px\" aria-hidden=\"true\" class=\"wp-block-spacer\"><\/div>\n\n\n<style id=\"kt-blocks_16aa0a-02\">.wp-block-kadence-advancedbtn.kt-btns_16aa0a-02 .kt-btn-wrap-0 .kt-button{padding-left:25px;padding-right:25px;padding-top:15px;padding-bottom:15px;color:#184489;font-size:15px;background:transparent;border-color:#184489;}.wp-block-kadence-advancedbtn.kt-btns_16aa0a-02 .kt-btn-wrap-0 .kt-button:hover, .wp-block-kadence-advancedbtn.kt-btns_16aa0a-02 .kt-btn-wrap-0 .kt-button:focus{color:#ffffff;border-color:#184489;}.wp-block-kadence-advancedbtn.kt-btns_16aa0a-02 .kt-btn-wrap-0 .kt-button::before{display:none;}.wp-block-kadence-advancedbtn.kt-btns_16aa0a-02 .kt-btn-wrap-0 .kt-button:hover, .wp-block-kadence-advancedbtn.kt-btns_16aa0a-02 .kt-btn-wrap-0 .kt-button:focus{background:#184489;}<\/style>\n<div class=\"wp-block-kadence-advancedbtn kt-btn-align-left kt-btns-wrap kt-btns_16aa0a-02\"><div class=\"kt-btn-wrap kt-btn-wrap-0\"><a class=\"kt-button kt-btn-0-action kt-btn-svg-show-always kt-btn-has-text-true kt-btn-has-svg-false\" href=\"\/fr\/vieillissement-de-la-peau\/principes-naturels\/\" target=\"_self\" style=\"font-size:15px;border-width:2px;padding-left:25px;padding-right:25px;padding-top:15px;padding-bottom:15px\"><span class=\"kt-btn-inner-text\">EN SAVOIR PLUS SUR LES PRINCIPES ACTIFS<\/span><\/a><\/div><\/div>\n<\/div><\/div>\n<\/div><\/div><\/div>\n\n\n<div class=\"products\">\n    <div class=\"container\">\n        <h3 class=\"products__title\">\n            D\u00e9couvrir les produits \u00e0 base de collag\u00e8ne         <\/h3>\n        <div class=\"products__list\">\n                                                <div class=\"product\">\n                        <div class=\"product__image\">\n                            <a href=\"https:\/\/www.biocollagenix.com\/fr\/biocollagenix-tablettes\/\"><img decoding=\"async\" src=\"https:\/\/www.biocollagenix.com\/wp-content\/uploads\/2019\/10\/ovalette.png\"><\/a>\n                        <\/div>\n                        <div class=\"product__name\">\n                            <a href=\"https:\/\/www.biocollagenix.com\/fr\/biocollagenix-tablettes\/\">Biocollagenix tablettes<\/a>\n                        <\/div>\n                        <div class=\"product__excerpt\">\n                            Compl\u00e9ment alimentaire \u00e0 base de Collag\u00e8ne marin hydrolys\u00e9.                        <\/div>\n                    <\/div>\n                                                                <div class=\"product\">\n                        <div class=\"product__image\">\n                            <a href=\"https:\/\/www.biocollagenix.com\/fr\/patch-pour-les-yeux-biocollagenix\/\"><img decoding=\"async\" src=\"https:\/\/www.biocollagenix.com\/wp-content\/uploads\/2019\/07\/eye-patch-collagene-biocollagenix-new.png\"><\/a>\n                        <\/div>\n                        <div class=\"product__name\">\n                            <a href=\"https:\/\/www.biocollagenix.com\/fr\/patch-pour-les-yeux-biocollagenix\/\">Patch pour les yeux Biocollagenix<\/a>\n                        <\/div>\n                        <div class=\"product__excerpt\">\n                            Patch au collag\u00e8ne pour les yeux : patchs pour un traitement anti-cernes.                        <\/div>\n                    <\/div>\n                                                                <div class=\"product\">\n                        <div class=\"product__image\">\n                            <a href=\"https:\/\/www.biocollagenix.com\/fr\/collagene-en-comprimes\/\"><img decoding=\"async\" src=\"https:\/\/www.biocollagenix.com\/wp-content\/uploads\/2019\/07\/tavolette-collagene-biocollagenix-new.png\"><\/a>\n                        <\/div>\n                        <div class=\"product__name\">\n                            <a href=\"https:\/\/www.biocollagenix.com\/fr\/collagene-en-comprimes\/\">Collag\u00e8ne en comprim\u00e9s<\/a>\n                        <\/div>\n                        <div class=\"product__excerpt\">\n                            Compl\u00e9ment \u00e0 base de collag\u00e8ne marin hydrolys\u00e9 sous la forme pratique de comprim\u00e9s.                        <\/div>\n                    <\/div>\n                                                                <div class=\"product\">\n                        <div class=\"product__image\">\n                            <a href=\"https:\/\/www.biocollagenix.com\/fr\/collagene-a-boire\/\"><img decoding=\"async\" src=\"https:\/\/www.biocollagenix.com\/wp-content\/uploads\/2019\/07\/collagene-bere-new.png\"><\/a>\n                        <\/div>\n                        <div class=\"product__name\">\n                            <a href=\"https:\/\/www.biocollagenix.com\/fr\/collagene-a-boire\/\">Collag\u00e8ne \u00e0 boire<\/a>\n                        <\/div>\n                        <div class=\"product__excerpt\">\n                            Compl\u00e9ment alimentaire \u00e0 boire \u00e0 base de collag\u00e8ne marin I et III, d'acide hyaluronique et de resv\u00e9ratrol.                         <\/div>\n                    <\/div>\n                                    <\/div>\n    <\/div>\n<\/div>\n\n","protected":false},"excerpt":{"rendered":"","protected":false},"author":14,"featured_media":0,"parent":4320,"menu_order":0,"comment_status":"closed","ping_status":"closed","template":"","meta":{"kt_blocks_editor_width":"","footnotes":""},"class_list":["post-4328","page","type-page","status-publish","hentry"],"_links":{"self":[{"href":"https:\/\/www.biocollagenix.com\/fr\/wp-json\/wp\/v2\/pages\/4328"}],"collection":[{"href":"https:\/\/www.biocollagenix.com\/fr\/wp-json\/wp\/v2\/pages"}],"about":[{"href":"https:\/\/www.biocollagenix.com\/fr\/wp-json\/wp\/v2\/types\/page"}],"author":[{"embeddable":true,"href":"https:\/\/www.biocollagenix.com\/fr\/wp-json\/wp\/v2\/users\/14"}],"replies":[{"embeddable":true,"href":"https:\/\/www.biocollagenix.com\/fr\/wp-json\/wp\/v2\/comments?post=4328"}],"version-history":[{"count":11,"href":"https:\/\/www.biocollagenix.com\/fr\/wp-json\/wp\/v2\/pages\/4328\/revisions"}],"predecessor-version":[{"id":4522,"href":"https:\/\/www.biocollagenix.com\/fr\/wp-json\/wp\/v2\/pages\/4328\/revisions\/4522"}],"up":[{"embeddable":true,"href":"https:\/\/www.biocollagenix.com\/fr\/wp-json\/wp\/v2\/pages\/4320"}],"wp:attachment":[{"href":"https:\/\/www.biocollagenix.com\/fr\/wp-json\/wp\/v2\/media?parent=4328"}],"curies":[{"name":"wp","href":"https:\/\/api.w.org\/{rel}","templated":true}]}}