{"id":4320,"date":"2019-10-22T12:37:48","date_gmt":"2019-10-22T10:37:48","guid":{"rendered":"https:\/\/www.biocollagenix.com\/?page_id=4320"},"modified":"2020-08-05T12:31:42","modified_gmt":"2020-08-05T10:31:42","slug":"biocollagenix-tablettes","status":"publish","type":"page","link":"https:\/\/www.biocollagenix.com\/fr\/biocollagenix-tablettes\/","title":{"rendered":"Biocollagenix tablettes"},"content":{"rendered":"<style id=\"kt-blocks_70b3d6-ec\">@media all and (max-width: 767px){#kt-layout-id_70b3d6-ec > .kt-row-column-wrap{padding-top:0px;}}<\/style>\n<div class=\"wp-block-kadence-rowlayout alignnone container\"><div id=\"kt-layout-id_70b3d6-ec\" class=\"kt-row-layout-inner kt-layout-id_70b3d6-ec\"><div class=\"kt-row-column-wrap kt-has-2-columns kt-gutter-default kt-v-gutter-default kt-row-valign-top kt-row-layout-equal kt-tab-layout-inherit kt-m-colapse-left-to-right kt-mobile-layout-row\">\n<div class=\"wp-block-kadence-column inner-column-1 kadence-column_ea18ab-f8 img-prodotto\"><div class=\"kt-inside-inner-col\">\n<figure class=\"wp-block-image\"><img loading=\"lazy\" decoding=\"async\" width=\"1000\" height=\"1000\" src=\"https:\/\/www.biocollagenix.com\/wp-content\/uploads\/2019\/09\/Biocollagenix-ovalette1.jpg\" alt=\"\" class=\"wp-image-3929\" srcset=\"https:\/\/www.biocollagenix.com\/wp-content\/uploads\/2019\/09\/Biocollagenix-ovalette1.jpg 1000w, https:\/\/www.biocollagenix.com\/wp-content\/uploads\/2019\/09\/Biocollagenix-ovalette1-150x150.jpg 150w, https:\/\/www.biocollagenix.com\/wp-content\/uploads\/2019\/09\/Biocollagenix-ovalette1-300x300.jpg 300w, https:\/\/www.biocollagenix.com\/wp-content\/uploads\/2019\/09\/Biocollagenix-ovalette1-768x768.jpg 768w\" sizes=\"(max-width: 1000px) 100vw, 1000px\" \/><\/figure>\n\n\n\n<div class=\"social-share\">\n   [fb_button]\n   <div class=\"twitter\">\n       <a href=\"https:\/\/twitter.com\/share\" class=\"twitter-share-button\" data-via=\"esi_italia\">Tweet<\/a>\n       <script>!function(d,s,id){var js,fjs=d.getElementsByTagName(s)[0],p=\/^http:\/.test(d.location)?'http':'https';if(!d.getElementById(id)){js=d.createElement(s);js.id=id;js.src=p+':\/\/platform.twitter.com\/widgets.js';fjs.parentNode.insertBefore(js,fjs);}}(document, 'script', 'twitter-wjs');<\/script>\n   <\/div>\n   <div class=\"google\">\n       <div class=\"g-plusone\" data-size=\"medium\" data-annotation=\"none\"><\/div>\n   <\/div>\n   <div class=\"pinterest\">\n       <a href=\"\/\/www.pinterest.com\/pin\/create\/button\/\" data-pin-do=\"buttonBookmark\" data-pin-color=\"white\"><img decoding=\"async\" src=\"\/\/assets.pinterest.com\/images\/pidgets\/pinit_fg_en_rect_white_20.png\"><\/a>\n       <script type=\"text\/javascript\" async=\"\" defer=\"\" src=\"\/\/assets.pinterest.com\/js\/pinit.js\"><\/script>\n   <\/div>\n<\/div>\n<\/div><\/div>\n\n\n\n<div class=\"wp-block-kadence-column inner-column-2 kadence-column_0465a6-84 info-prodotto\"><div class=\"kt-inside-inner-col\"><style id=\"kt-blocks_d7f9a7-1a\">#kt-layout-id_d7f9a7-1a > .kt-row-column-wrap{padding-top:0px;padding-bottom:0px;}<\/style>\n<div class=\"wp-block-kadence-rowlayout alignnone title-and-price\"><div id=\"kt-layout-id_d7f9a7-1a\" class=\"kt-row-layout-inner kt-layout-id_d7f9a7-1a\"><div class=\"kt-row-column-wrap kt-has-1-columns kt-gutter-default kt-v-gutter-default kt-row-valign-middle kt-row-layout-equal kt-tab-layout-inherit kt-m-colapse-left-to-right kt-mobile-layout-row\">\n<div class=\"wp-block-kadence-column inner-column-1 kadence-column_329b49-14\"><div class=\"kt-inside-inner-col\"><style id=\"kt-blocks_09c7cc-d8\">#kt-adv-heading_09c7cc-d8 mark, #kt-adv-heading_09c7cc-d8 .wp-block-kadence-advancedheading mark, .kt-adv-heading_09c7cc-d8[data-kb-block=\"kb-adv-heading_09c7cc-d8\"] mark{padding:0px 0px 0px 0px;}<\/style>\n<h1 id=\"kt-adv-heading_09c7cc-d8\" class=\"kt-adv-heading_09c7cc-d8 wp-block-kadence-advancedheading\">Biocollagenix tablettes<\/h1>\n<\/div><\/div>\n<\/div><\/div><\/div>\n\n\n\n<p><strong>Compl\u00e9ment alimentaire \u00e0 base de Collag\u00e8ne marin hydrolys\u00e9 de type I et III hautement purifi\u00e9, Acide Hyaluronique, Resv\u00e9ratrol, Vitamine C, Cuivre et Zinc. <\/strong><\/p>\n\n\n\n<p>Le Collag\u00e8ne, associ\u00e9 \u00e0 l&rsquo;Acide Hyaluronique aide \u00e0 maintenir l&rsquo;\u00e9lasticit\u00e9 et la fermet\u00e9 de la peau. La Vitamine C aide \u00e0 la formation normale de collag\u00e8ne pour une fonction cutan\u00e9e normale. Le Cuivre contribue au maintien des tissus conjonctifs normaux et, avec la Vitamine C et le Zinc, aide \u00e0 prot\u00e9ger les cellules du stress oxydatif. Le Zinc favorise \u00e9galement le maintien d&rsquo;une peau normale.<br><\/p>\n\n\n\n<p><strong>Conditionnement<\/strong>: \u00e9tuis de 60 tablettes<br><\/p>\n\n\n\n<p><strong>Conseils d\u2019utilisation<\/strong> : il est conseill\u00e9 de prendre 2 tablettes par jour, l\u2019estomac plein, avec un grand verre d&rsquo;eau.<\/p>\n\n\n\n<div class='btn-test-clinici'><a href='\/fr\/vieillissement-de-la-peau\/nos-essais-cliniques\/'>ALLER AUX ESSAIS CLINIQUES<\/a><\/div>\n<\/div><\/div>\n<\/div><\/div><\/div>\n\n\n<style id=\"kt-blocks_6c9e75-e3\">#kt-layout-id_6c9e75-e3 > .kt-row-column-wrap{padding-top:40px;padding-bottom:40px;padding-left:40px;padding-right:40px;}@media all and (max-width: 767px){#kt-layout-id_6c9e75-e3 > .kt-row-column-wrap{padding-top:15px;padding-bottom:15px;padding-left:15px;padding-right:15px;}}<\/style>\n<div class=\"wp-block-kadence-rowlayout alignnone box-ingredienti container\"><div id=\"kt-layout-id_6c9e75-e3\" class=\"kt-row-layout-inner kt-layout-id_6c9e75-e3\"><div class=\"kt-row-column-wrap kt-has-1-columns kt-gutter-default kt-v-gutter-default kt-row-valign-top kt-row-layout-equal kt-tab-layout-inherit kt-m-colapse-left-to-right kt-mobile-layout-row\">\n<div class=\"wp-block-kadence-column inner-column-1 kadence-column_63dab3-79\"><div class=\"kt-inside-inner-col\"><style id=\"kt-blocks_7d35cc-83\">#kt-adv-heading_7d35cc-83 mark, #kt-adv-heading_7d35cc-83 .wp-block-kadence-advancedheading mark, .kt-adv-heading_7d35cc-83[data-kb-block=\"kb-adv-heading_7d35cc-83\"] mark{padding:0px 0px 0px 0px;}<\/style>\n<h2 id=\"kt-adv-heading_7d35cc-83\" class=\"kt-adv-heading_7d35cc-83 wp-block-kadence-advancedheading\">Ingr\u00e9dients<\/h2>\n\n\n<style id=\"kt-blocks_8434a7-57\">#kt-layout-id_8434a7-57 > .kt-row-column-wrap{padding-bottom:0px;}<\/style>\n<div class=\"wp-block-kadence-rowlayout alignnone\"><div id=\"kt-layout-id_8434a7-57\" class=\"kt-row-layout-inner kt-layout-id_8434a7-57\"><div class=\"kt-row-column-wrap kt-has-3-columns kt-gutter-default kt-v-gutter-default kt-row-valign-top kt-row-layout-equal kt-tab-layout-inherit kt-m-colapse-left-to-right kt-mobile-layout-row\">\n<div class=\"wp-block-kadence-column inner-column-1 kadence-column_e624d1-b3\"><div class=\"kt-inside-inner-col\"><style id=\"kt-blocks_5e61c1-9f\">#kt-layout-id_5e61c1-9f > .kt-row-column-wrap{padding-top:0px;padding-bottom:0px;}<\/style>\n<div class=\"wp-block-kadence-rowlayout alignnone\"><div id=\"kt-layout-id_5e61c1-9f\" class=\"kt-row-layout-inner kt-layout-id_5e61c1-9f\"><div class=\"kt-row-column-wrap kt-has-2-columns kt-gutter-default kt-v-gutter-default kt-row-valign-top kt-row-layout-left-golden kt-tab-layout-left-golden kt-m-colapse-left-to-right kt-mobile-layout-left-golden\">\n<div class=\"wp-block-kadence-column inner-column-1 kadence-column_bac2aa-73\"><div class=\"kt-inside-inner-col\">\n<p>Collag\u00e8ne hydrolys\u00e9 de type I et III de POISSON<br>Acide Hyaluronique<br>Resv\u00e9ratrol<br>Vitamine C<br>Cuivre<br>Zinc<\/p>\n<\/div><\/div>\n\n\n\n<div class=\"wp-block-kadence-column inner-column-2 kadence-column_7954a0-af\"><div class=\"kt-inside-inner-col\">\n<p class=\"has-text-align-right\">800 mg<br><br>150 mg<br>50 mg<br>30 mg<br>0,5 mg<br>1,5 mg<\/p>\n<\/div><\/div>\n<\/div><\/div><\/div>\n<\/div><\/div>\n\n\n<style id=\"kt-blocks_2dd9b8-c8\">.kt-row-layout-inner > .kt-row-column-wrap > .kadence-column_2dd9b8-c8 > .kt-inside-inner-col{padding-left:40px;padding-right:40px;}@media all and (max-width: 767px){.kt-row-layout-inner > .kt-row-column-wrap > .kadence-column_2dd9b8-c8 > .kt-inside-inner-col{padding-left:0px;padding-right:0px;margin-top:20px;margin-bottom:20px;}}<\/style>\n<div class=\"wp-block-kadence-column inner-column-2 kadence-column_2dd9b8-c8\"><div class=\"kt-inside-inner-col\">\n<p><strong>Ne contient pas<\/strong>:<br> Ar\u00f4mes artificiels<br> Colorants artificiels<br> Conservateurs<br> D\u00e9riv\u00e9s du lait<br> \u00c9dulcorants<br> Gluten<br> Lactose<br> OGM<br> Sucres ajout\u00e9s<\/p>\n\n\n\n<p><strong>Rem\u00e8de pour<\/strong>:<br> Bien-\u00eatre de la peau<\/p>\n\n\n<style id=\"kt-blocks_ae1b51-91\">.kt-btns_ae1b51-91 .kt-button{font-family:'Source Sans Pro';font-weight:600;}.wp-block-kadence-advancedbtn.kt-btns_ae1b51-91 .kt-btn-wrap-0 .kt-button{padding-left:1px;padding-right:1px;padding-top:15px;padding-bottom:15px;color:#1d4d93;font-size:17px;background:transparent;border-color:#555555;}.wp-block-kadence-advancedbtn.kt-btns_ae1b51-91 .kt-btn-wrap-0 .kt-button:hover, .wp-block-kadence-advancedbtn.kt-btns_ae1b51-91 .kt-btn-wrap-0 .kt-button:focus{color:#61a940;}.wp-block-kadence-advancedbtn.kt-btns_ae1b51-91 .kt-btn-wrap-0 .kt-button::before{display:none;}.wp-block-kadence-advancedbtn.kt-btns_ae1b51-91 .kt-btn-wrap-0 .kt-button:hover, .wp-block-kadence-advancedbtn.kt-btns_ae1b51-91 .kt-btn-wrap-0 .kt-button:focus{background:#444444;}.wp-block-kadence-advancedbtn.kt-btns_ae1b51-91 .kt-btn-wrap-1 .kt-button{color:#555555;font-size:18px;background:transparent;border-color:#555555;}.wp-block-kadence-advancedbtn.kt-btns_ae1b51-91 .kt-btn-wrap-1 .kt-button:hover, .wp-block-kadence-advancedbtn.kt-btns_ae1b51-91 .kt-btn-wrap-1 .kt-button:focus{color:#ffffff;border-color:#444444;}.wp-block-kadence-advancedbtn.kt-btns_ae1b51-91 .kt-btn-wrap-1 .kt-button::before{display:none;}.wp-block-kadence-advancedbtn.kt-btns_ae1b51-91 .kt-btn-wrap-1 .kt-button:hover, .wp-block-kadence-advancedbtn.kt-btns_ae1b51-91 .kt-btn-wrap-1 .kt-button:focus{background:#444444;}<\/style>\n<div class=\"wp-block-kadence-advancedbtn kt-btn-align-left kt-btn-tablet-align-inherit kt-btn-mobile-align-inherit kt-btns-wrap kt-btns_ae1b51-91\"><div class=\"kt-btn-wrap kt-btn-wrap-0\"><a class=\"kt-button button kt-btn-0-action kt-btn-size-custom kt-btn-style-basic kt-btn-svg-show-always kt-btn-has-text-true kt-btn-has-svg-true\" href=\"\/fr\/vieillissement-de-la-peau\/principes-naturels\/\" style=\"border-radius:0px;border-width:0px\"><div style=\"display:inline-flex;justify-content:center;align-items:center\" class=\"kt-btn-svg-icon kt-btn-svg-icon-fe_arrowRight kt-btn-side-left\"><svg style=\"display:inline-block;vertical-align:middle\" viewbox=\"0 0 24 24\" height=\"17\" width=\"17\" fill=\"none\" stroke=\"currentColor\" xmlns=\"http:\/\/www.w3.org\/2000\/svg\" stroke-width=\"2\" stroke-linecap=\"round\" stroke-linejoin=\"round\"><line x1=\"5\" y1=\"12\" x2=\"19\" y2=\"12\"><\/line><polyline points=\"12 5 19 12 12 19\"><\/polyline><\/svg><\/div><span class=\"kt-btn-inner-text\">Caract\u00e9ristiques des ingr\u00e9dients<\/span><\/a><\/div><\/div>\n<\/div><\/div>\n\n\n\n<div class=\"wp-block-kadence-column inner-column-3 kadence-column_9671e8-ae\"><div class=\"kt-inside-inner-col\">\n<figure class=\"wp-block-image\"><img loading=\"lazy\" decoding=\"async\" width=\"175\" height=\"22\" src=\"https:\/\/www.biocollagenix.com\/wp-content\/uploads\/2019\/08\/fr.png\" alt=\"\" class=\"wp-image-3821\"\/><\/figure>\n\n\n\n<div class=\"wp-block-image\"><figure class=\"alignleft\"><img loading=\"lazy\" decoding=\"async\" width=\"75\" height=\"75\" src=\"\/wp-content\/uploads\/2019\/01\/clinicamente-testato.png\" alt=\"\" class=\"wp-image-1703\"\/><\/figure><\/div>\n\n\n\n<div class=\"wp-block-image\"><figure class=\"alignleft is-resized\"><img loading=\"lazy\" decoding=\"async\" src=\"\/wp-content\/uploads\/2019\/01\/gluten-free.png\" alt=\"\" class=\"wp-image-1704\" width=\"61\" height=\"66\"\/><\/figure><\/div>\n<\/div><\/div>\n<\/div><\/div><\/div>\n<\/div><\/div>\n<\/div><\/div><\/div>\n\n\n<style id=\"kt-blocks_6533f0-45\">#kt-layout-id_6533f0-45 > .kt-row-column-wrap{padding-top:60px;padding-bottom:60px;}<\/style>\n<div class=\"wp-block-kadence-rowlayout alignnone box-recensioni container\"><div id=\"kt-layout-id_6533f0-45\" class=\"kt-row-layout-inner kt-layout-id_6533f0-45\"><div class=\"kt-row-column-wrap kt-has-1-columns kt-gutter-default kt-v-gutter-default kt-row-valign-top kt-row-layout-equal kt-tab-layout-inherit kt-m-colapse-left-to-right kt-mobile-layout-row\">\n<div class=\"wp-block-kadence-column inner-column-1 kadence-column_feb77e-3a\"><div class=\"kt-inside-inner-col\">\n\n\n\n<p style=\"font-size:19px\" class=\"has-text-align-center\">Collag\u00e8ne \u00e0 boire a \u00e9t\u00e9 comment\u00e9 0 fois!<\/p>\n\n\n<div class=\"container comments-wrapper\">\n    <div class=\"content bg-form-comment\">\n\n        \t<div id=\"respond\" class=\"comment-respond\">\n\t\t<h3 id=\"reply-title\" class=\"comment-reply-title\">\u00c9crire une critique<\/h3><form action=\"https:\/\/www.biocollagenix.com\/wp-comments-post.php\" method=\"post\" id=\"commentform\" class=\"comment-form\">\n    <div class=\"comment-rating\">\n\t    <label class=\"rating\" for=\"rating\">Valuta: <\/label>\n        <fieldset class=\"comments-rating\">\n            <span class=\"rating-container\">\n                                    <input type=\"radio\" id=\"rating-5\" name=\"rating\" value=\"5\"  \/>\n                    <label for=\"rating-5\">5<\/label>\n                                    <input type=\"radio\" id=\"rating-4\" name=\"rating\" value=\"4\"  \/>\n                    <label for=\"rating-4\">4<\/label>\n                                    <input type=\"radio\" id=\"rating-3\" name=\"rating\" value=\"3\"  \/>\n                    <label for=\"rating-3\">3<\/label>\n                                    <input type=\"radio\" id=\"rating-2\" name=\"rating\" value=\"2\"  \/>\n                    <label for=\"rating-2\">2<\/label>\n                                    <input type=\"radio\" id=\"rating-1\" name=\"rating\" value=\"1\" required \/>\n                    <label for=\"rating-1\">1<\/label>\n                            <\/span>\n        <\/fieldset>\n    <\/div>\n\n    <p class=\"comment-title\">\n        <label for =\"title\"> Aggiungi un titolo: <\/label>\n        <input id=\"title\" name=\"title\" value=\"\" size=\"30\" maxlength=\"245\" required=\"required\" type=\"text\">\n    <\/p>\n\n<p class=\"comment-form-author\"><label for=\"author\">Aggiungi il nome che apparir\u00e0:<\/label> <input id=\"author\" name=\"author\" value=\"\" size=\"30\" maxlength=\"245\" type=\"text\" required><\/p>\n<p class=\"comment-form-comment\"><label for=\"comment\">Aggiungi una recensione:<\/label> <textarea id=\"comment\" name=\"comment\" cols=\"45\" rows=\"8\" maxlength=\"65525\" required=\"required\"><\/textarea><\/p><p class=\"comment-form-privacy\"><input type=\"checkbox\" name=\"privacy-disc\" required> Informativa sulla<a href=\"\/privacy\" target=\"_blank\"> privacy<\/a><\/p><input name=\"wpml_language_code\" type=\"hidden\" value=\"fr\" \/><p class=\"form-submit\"><input name=\"submit\" type=\"submit\" id=\"submit\" class=\"submit\" value=\"envoyer\" \/> <input type='hidden' name='comment_post_ID' value='4320' id='comment_post_ID' \/>\n<input type='hidden' name='comment_parent' id='comment_parent' value='0' \/>\n<\/p><\/form>\t<\/div><!-- #respond -->\n\t\n    <\/div>\n\n        <\/div>\n<\/div><\/div>\n<\/div><\/div><\/div>\n\n\n<style id=\"kt-blocks_7092a4-66\">#kt-layout-id_7092a4-66{background-color:#ffe1d7;background-image:url('\/wp-content\/uploads\/2019\/10\/fascione-collagene-ovalette2-3-fascia.jpg');background-size:cover;background-position:center center;background-attachment:scroll;background-repeat:no-repeat;}#kt-layout-id_7092a4-66 > .kt-row-column-wrap{padding-top:70px;padding-bottom:70px;padding-left:30px;padding-right:30px;max-width:1170px;margin-left:auto;margin-right:auto;}@media all and (max-width: 767px){#kt-layout-id_7092a4-66 > .kt-row-column-wrap{padding-top:30px;padding-bottom:30px;}}<\/style>\n<div class=\"wp-block-kadence-rowlayout alignnone alignundefined hide-bg-mobile\"><div id=\"kt-layout-id_7092a4-66\" class=\"kt-row-layout-inner kt-row-has-bg kt-layout-id_7092a4-66\"><div class=\"kt-row-column-wrap kt-has-2-columns kt-gutter-default kt-v-gutter-default kt-row-valign-middle kt-row-layout-equal kt-tab-layout-inherit kt-m-colapse-left-to-right kt-mobile-layout-row\">\n<div class=\"wp-block-kadence-column inner-column-1 kadence-column_0c9bd0-d8\"><div class=\"kt-inside-inner-col\">\n<figure class=\"wp-block-image hide-on-desk\"><img decoding=\"async\" src=\"\/wp-content\/uploads\/2019\/10\/fascione-collagene-ovalette-mobile2-3-fascia.jpg\" alt=\"\" class=\"wp-image-2835\"\/><\/figure>\n\n\n<style id=\"kt-blocks_54000e-8b\">#kt-adv-heading_54000e-8b mark, #kt-adv-heading_54000e-8b .wp-block-kadence-advancedheading mark, .kt-adv-heading_54000e-8b[data-kb-block=\"kb-adv-heading_54000e-8b\"] mark{padding:0px 0px 0px 0px;}<\/style>\n<h2 id=\"kt-adv-heading_54000e-8b\" class=\"kt-adv-heading_54000e-8b wp-block-kadence-advancedheading\">L&rsquo;action r\u00e9g\u00e9n\u00e9ratrice de Biocollagenix<\/h2>\n\n\n\n<p>Le vieillissement de l&rsquo;organisme n&rsquo;est pas la seule cause de l&rsquo;apparition des rides. D&rsquo;autres facteurs, comme le tabac, l&rsquo;alcool ou l&rsquo;exposition aux rayons ultraviolets, contribuent au fil du temps \u00e0 la diminution du collag\u00e8ne et de l&rsquo;\u00e9lastine du corps, entra\u00eenant ainsi une diminution de l&rsquo;\u00e9lasticit\u00e9 de la peau. <\/p>\n\n\n\n<p>Gr\u00e2ce \u00e0 leur formulation sp\u00e9cifique \u00e0 base de collag\u00e8ne marin hydrolys\u00e9, d&rsquo;acide hyaluronique et de resv\u00e9ratrol, les comprim\u00e9s Biocollagenix aident \u00e0 ralentir ce processus en offrant \u00e0 votre peau les nutriments dont elle a besoin.<\/p>\n\n\n\n<div style=\"height:20px\" aria-hidden=\"true\" class=\"wp-block-spacer\"><\/div>\n\n\n<style id=\"kt-blocks_97dc6c-7e\">.wp-block-kadence-advancedbtn.kt-btns_97dc6c-7e .kt-btn-wrap-0 .kt-button{padding-left:25px;padding-right:25px;padding-top:15px;padding-bottom:15px;color:#184489;font-size:15px;background:transparent;border-color:#184489;}.wp-block-kadence-advancedbtn.kt-btns_97dc6c-7e .kt-btn-wrap-0 .kt-button:hover, .wp-block-kadence-advancedbtn.kt-btns_97dc6c-7e .kt-btn-wrap-0 .kt-button:focus{color:#ffffff;border-color:#184489;}.wp-block-kadence-advancedbtn.kt-btns_97dc6c-7e .kt-btn-wrap-0 .kt-button::before{display:none;}.wp-block-kadence-advancedbtn.kt-btns_97dc6c-7e .kt-btn-wrap-0 .kt-button:hover, .wp-block-kadence-advancedbtn.kt-btns_97dc6c-7e .kt-btn-wrap-0 .kt-button:focus{background:#184489;}.wp-block-kadence-advancedbtn.kt-btns_97dc6c-7e .kt-btn-wrap-1 .kt-button{color:#555555;font-size:18px;background:transparent;border-color:#555555;}.wp-block-kadence-advancedbtn.kt-btns_97dc6c-7e .kt-btn-wrap-1 .kt-button:hover, .wp-block-kadence-advancedbtn.kt-btns_97dc6c-7e .kt-btn-wrap-1 .kt-button:focus{color:#ffffff;border-color:#444444;}.wp-block-kadence-advancedbtn.kt-btns_97dc6c-7e .kt-btn-wrap-1 .kt-button::before{display:none;}.wp-block-kadence-advancedbtn.kt-btns_97dc6c-7e .kt-btn-wrap-1 .kt-button:hover, .wp-block-kadence-advancedbtn.kt-btns_97dc6c-7e .kt-btn-wrap-1 .kt-button:focus{background:#444444;}<\/style>\n<div class=\"wp-block-kadence-advancedbtn kt-btn-align-left kt-btn-tablet-align-inherit kt-btn-mobile-align-inherit kt-btns-wrap kt-btns_97dc6c-7e\"><div class=\"kt-btn-wrap kt-btn-wrap-0\"><a class=\"kt-button button kt-btn-0-action kt-btn-size-custom kt-btn-style-basic kt-btn-svg-show-always kt-btn-has-text-true kt-btn-has-svg-false\" href=\"\/fr\/vieillissement-de-la-peau\/principes-naturels\/\" style=\"border-radius:0px;border-width:2px\"><span class=\"kt-btn-inner-text\">EN SAVOIR PLUS SUR LES AVANTAGES<\/span><\/a><\/div><\/div>\n<\/div><\/div>\n\n\n\n<div class=\"wp-block-kadence-column inner-column-2 kadence-column_acc035-64\"><div class=\"kt-inside-inner-col\"><\/div><\/div>\n<\/div><\/div><\/div>\n\n\n<style id=\"kt-blocks_84f1d3-69\">#kt-layout-id_84f1d3-69 > .kt-row-column-wrap{padding-top:0px;padding-bottom:0px;}<\/style>\n<div class=\"wp-block-kadence-rowlayout alignnone\"><div id=\"kt-layout-id_84f1d3-69\" class=\"kt-row-layout-inner kt-layout-id_84f1d3-69\"><div class=\"kt-row-column-wrap kt-has-1-columns kt-gutter-default kt-v-gutter-default kt-row-valign-top kt-row-layout-equal kt-tab-layout-inherit kt-m-colapse-left-to-right kt-mobile-layout-row\">\n<div class=\"wp-block-kadence-column inner-column-1 kadence-column_8f7ab1-af\"><div class=\"kt-inside-inner-col\"><div class=\"products\">\n    <div class=\"container\">\n        <h3 class=\"products__title\">\n            D\u00e9couvrir les produits \u00e0 base de collag\u00e8ne         <\/h3>\n        <div class=\"products__list\">\n                                                                            <div class=\"product\">\n                        <div class=\"product__image\">\n                            <a href=\"https:\/\/www.biocollagenix.com\/fr\/patch-pour-les-yeux-biocollagenix\/\"><img decoding=\"async\" src=\"https:\/\/www.biocollagenix.com\/wp-content\/uploads\/2019\/07\/eye-patch-collagene-biocollagenix-new.png\"><\/a>\n                        <\/div>\n                        <div class=\"product__name\">\n                            <a href=\"https:\/\/www.biocollagenix.com\/fr\/patch-pour-les-yeux-biocollagenix\/\">Patch pour les yeux Biocollagenix<\/a>\n                        <\/div>\n                        <div class=\"product__excerpt\">\n                            Patch au collag\u00e8ne pour les yeux : patchs pour un traitement anti-cernes.                        <\/div>\n                    <\/div>\n                                                                <div class=\"product\">\n                        <div class=\"product__image\">\n                            <a href=\"https:\/\/www.biocollagenix.com\/fr\/collagene-en-comprimes\/\"><img decoding=\"async\" src=\"https:\/\/www.biocollagenix.com\/wp-content\/uploads\/2019\/07\/tavolette-collagene-biocollagenix-new.png\"><\/a>\n                        <\/div>\n                        <div class=\"product__name\">\n                            <a href=\"https:\/\/www.biocollagenix.com\/fr\/collagene-en-comprimes\/\">Collag\u00e8ne en comprim\u00e9s<\/a>\n                        <\/div>\n                        <div class=\"product__excerpt\">\n                            Compl\u00e9ment \u00e0 base de collag\u00e8ne marin hydrolys\u00e9 sous la forme pratique de comprim\u00e9s.                        <\/div>\n                    <\/div>\n                                                                <div class=\"product\">\n                        <div class=\"product__image\">\n                            <a href=\"https:\/\/www.biocollagenix.com\/fr\/collagene-a-boire\/\"><img decoding=\"async\" src=\"https:\/\/www.biocollagenix.com\/wp-content\/uploads\/2019\/07\/collagene-bere-new.png\"><\/a>\n                        <\/div>\n                        <div class=\"product__name\">\n                            <a href=\"https:\/\/www.biocollagenix.com\/fr\/collagene-a-boire\/\">Collag\u00e8ne \u00e0 boire<\/a>\n                        <\/div>\n                        <div class=\"product__excerpt\">\n                            Compl\u00e9ment alimentaire \u00e0 boire \u00e0 base de collag\u00e8ne marin I et III, d'acide hyaluronique et de resv\u00e9ratrol.                         <\/div>\n                    <\/div>\n                                    <\/div>\n    <\/div>\n<\/div>\n\n<\/div><\/div>\n<\/div><\/div><\/div>\n","protected":false},"excerpt":{"rendered":"<p>Compl\u00e9ment alimentaire \u00e0 base de Collag\u00e8ne marin hydrolys\u00e9.<\/p>\n","protected":false},"author":14,"featured_media":4421,"parent":0,"menu_order":0,"comment_status":"open","ping_status":"closed","template":"template-product.php","meta":{"kt_blocks_editor_width":"","footnotes":""},"class_list":["post-4320","page","type-page","status-publish","has-post-thumbnail","hentry"],"_links":{"self":[{"href":"https:\/\/www.biocollagenix.com\/fr\/wp-json\/wp\/v2\/pages\/4320"}],"collection":[{"href":"https:\/\/www.biocollagenix.com\/fr\/wp-json\/wp\/v2\/pages"}],"about":[{"href":"https:\/\/www.biocollagenix.com\/fr\/wp-json\/wp\/v2\/types\/page"}],"author":[{"embeddable":true,"href":"https:\/\/www.biocollagenix.com\/fr\/wp-json\/wp\/v2\/users\/14"}],"replies":[{"embeddable":true,"href":"https:\/\/www.biocollagenix.com\/fr\/wp-json\/wp\/v2\/comments?post=4320"}],"version-history":[{"count":22,"href":"https:\/\/www.biocollagenix.com\/fr\/wp-json\/wp\/v2\/pages\/4320\/revisions"}],"predecessor-version":[{"id":4857,"href":"https:\/\/www.biocollagenix.com\/fr\/wp-json\/wp\/v2\/pages\/4320\/revisions\/4857"}],"wp:featuredmedia":[{"embeddable":true,"href":"https:\/\/www.biocollagenix.com\/fr\/wp-json\/wp\/v2\/media\/4421"}],"wp:attachment":[{"href":"https:\/\/www.biocollagenix.com\/fr\/wp-json\/wp\/v2\/media?parent=4320"}],"curies":[{"name":"wp","href":"https:\/\/api.w.org\/{rel}","templated":true}]}}