{"id":3039,"date":"2017-01-26T12:32:24","date_gmt":"2017-01-26T11:32:24","guid":{"rendered":"https:\/\/www.biocollagenix.com\/opinioni-biocollagenix-integratore-antirughe\/"},"modified":"2019-10-10T16:43:07","modified_gmt":"2019-10-10T14:43:07","slug":"ce-qu-on-dit-de-nous","status":"publish","type":"page","link":"https:\/\/www.biocollagenix.com\/fr\/ce-qu-on-dit-de-nous\/","title":{"rendered":"Ce qu&rsquo;on dit de nous"},"content":{"rendered":"<style id=\"kt-blocks_7236d5-af\">#kt-layout-id_7236d5-af{background-image:url('https:\/\/www.biocollagenix.com\/wp-content\/uploads\/2019\/01\/bg-dicono-dinoi.jpg');background-size:cover;background-position:center center;background-attachment:scroll;background-repeat:no-repeat;}#kt-layout-id_7236d5-af > .kt-row-column-wrap{padding-top:0px;max-width:1170px;margin-left:auto;margin-right:auto;}<\/style>\n<div class=\"wp-block-kadence-rowlayout alignnone\"><div id=\"kt-layout-id_7236d5-af\" class=\"kt-row-layout-inner kt-row-has-bg kt-layout-id_7236d5-af\"><div class=\"kt-row-column-wrap kt-has-1-columns kt-gutter-default kt-row-valign-top kt-row-layout-equal kt-tab-layout-inherit kt-m-colapse-left-to-right kt-mobile-layout-row\">\n<div class=\"wp-block-kadence-column kadence-column8260 inner-column-1\"><div class=\"kt-inside-inner-col\">\t<div class=\"breadcrumb-container \">\n\t\t<div class=\"breadcrumbs\">\n\t\t\t<span property=\"itemListElement\" typeof=\"ListItem\"><a property=\"item\" typeof=\"WebPage\" title=\"Aller \u00e0 Accueil.\" href=\"https:\/\/www.biocollagenix.com\/fr\/\" class=\"home\" aria-current=\"page\"><span property=\"name\">Accueil<\/span><\/a><meta property=\"position\" content=\"1\"><\/span>\t\t<\/div>\n\t<\/div>\n\n\n\n\n<h1 id=\"kt-adv-heading_73b6f4-19\" class=\"wp-block-kadence-advancedheading\">Pour en savoir davantage sur Biocollagenix,\u00a0<br\/>demandez \u00e0 ceux qui ont d\u00e9j\u00e0 essay\u00e9 la boisson beaut\u00e9\u00a0!<br\/><\/h1>\n<\/div><\/div>\n<\/div><\/div><\/div>\n\n\n\n<div class=\"internal-section blogger-page\">\n<div class=\"container clearfix\">\n<div class=\"content clearfix\">\n<h3 class=\"titolo\">Lisez ce que disent les blogueurs qui ont essay\u00e9 Biocollagenix.<\/h3>\n<p class=\"sottotitolo\">Voici un extrait de leurs articles, photos d&rsquo;Instagram et posts Facebook que nous avons collect\u00e9s pour vous&nbsp;!<\/p>\n<div class=\"box\">\n<figure><img loading=\"lazy\" decoding=\"async\" src=\"https:\/\/www.biocollagenix.com\/wp-content\/uploads\/2017\/01\/icona-instagram.gif\" alt=\"Ic\u00f4ne Instagram\" width=\"26\" height=\"27\"><\/figure><p class=\"name\"><a href=\"https:\/\/www.instagram.com\/p\/BLHMO_dBn2k\/?taken-by=laurachiari_8\" target=\"_blank\" rel=\"noopener\">laurachiari_8<\/a><\/p>\n<p class=\"extra\">Un apr\u00e8s-midi \u00e0 se faire dorloter. J&rsquo;ai essay\u00e9 <b>#beautyDrink<\/b> de <b>@esi.italia<\/b> avec du collag\u00e8ne marin et de l&rsquo;acide hyaluronique. Biocollagenix, <b>#antiage<\/b> \u00e0 boire pour une peau plus belle et plus \u00e9clatante&nbsp;!<\/p>\n<figure><img loading=\"lazy\" decoding=\"async\" class=\"alignnone size-full wp-image-1080\" src=\"https:\/\/www.biocollagenix.com\/wp-content\/uploads\/2017\/01\/icina-facebook.gif\" alt=\"Ic\u00f4ne Facebook\" width=\"28\" height=\"28\"><\/figure><p class=\"name\"><a href=\"https:\/\/m.facebook.com\/story.php?story_fbid=882559855177090&amp;substory_index=0&amp;id=346827715416976\" target=\"_blank\" rel=\"noopener\"> Maquillage blanc neige<\/a><\/p>\n<p class=\"title bg\"><a href=\"http:\/\/www.mysecretroom.it\/Biocollagenina-un-sorso-di-bellezza\/\" target=\"_blank\" rel=\"noopener\">Biocollagenix, une gorg\u00e9e de beaut\u00e9<\/a><\/p>\n<p class=\"extra bg\">Par o\u00f9 commencer quand on veut parler de beaut\u00e9&nbsp;? Chacun d&rsquo;entre nous en a une vision personnelle. On dit que la beaut\u00e9 est dans l&rsquo;\u0153il du spectateur. En fait, je ne pense pas que quelque chose soit beau et excitant pour tout le monde de la m\u00eame mani\u00e8re&#8230;<\/p>\n<figure><img loading=\"lazy\" decoding=\"async\" class=\"alignnone size-full wp-image-1071\" src=\"https:\/\/www.biocollagenix.com\/wp-content\/uploads\/2017\/01\/icona-blog.png\" alt=\"Ic\u00f4ne Blog\" width=\"29\" height=\"28\"><\/figure><p><em><b>Mysecretroom<\/b> de Maria Teresa Calce<\/em><\/p>\n<figure><img loading=\"lazy\" decoding=\"async\" class=\"alignnone size-full wp-image-1068\" src=\"https:\/\/www.biocollagenix.com\/wp-content\/uploads\/2017\/01\/icona-instagram.gif\" alt=\"Ic\u00f4ne Instagram\" width=\"26\" height=\"27\"><\/figure><p class=\"name\"><a href=\"http:\/\/www.imgrum.net\/media\/1359581260955348186_3150998165\" target=\"_blank\" rel=\"noopener\"> cristiana_banchetti<\/a><\/p>\n<p class=\"border\">&nbsp;<\/p>\n<\/div>\n<div class=\"box\">\n<p class=\"title\"><a href=\"http:\/\/tasteofstyle.it\/prendersi-cura-di-se\/\" target=\"_blank\" rel=\"noopener\">Prendre soin de soi<\/a><\/p>\n<p class=\"sottotitolo\"><b>Taste of style<\/b> par Federica Visconti<\/p>\n<p class=\"title bg\"><a href=\"http:\/\/tasteofstyle.it\/prendersi-cura-di-se\/\" target=\"_blank\" rel=\"noopener\">Formule de Biocollagenix Beauty Drink<\/a><\/p>\n<p class=\"extra bg\">Il est \u00e0 base de collag\u00e8ne marin hydrolys\u00e9, d&rsquo;acide hyaluronique, de resv\u00e9ratol, de jus de myrtille, de vitamine C, de cuivre et de zinc. Ce sont des boissons pratiques, \u00e0 prendre une fois par jour qui garantissent une action antioxydante gr\u00e2ce aux baies de myrtilles&#8230;<\/p>\n<figure><img loading=\"lazy\" decoding=\"async\" class=\"alignnone size-full wp-image-1071\" src=\"https:\/\/www.biocollagenix.com\/wp-content\/uploads\/2017\/01\/icona-blog.png\" alt=\"Ic\u00f4ne Blog\" width=\"29\" height=\"28\"><\/figure><p> <em><b>Missandmakeup<\/b> par Sara Aiello<\/em><\/p>\n<p class=\"title bg\"><a href=\"https:\/\/www.alessiafoglia.com\/beauty\/stop-alle-rughe-beauty-drink-biocollagenina-esi\/\" target=\"_blank\" rel=\"noopener\">Stop aux rides avec la boisson de beaut\u00e9 Biocollagenix d&rsquo;ESI<\/a><\/p>\n<p class=\"extra bg\">Arr\u00eater les rides avec la boisson de beaut\u00e9 Biocollagenix d&rsquo;ESI. Je dois avouer que je ne me sens pas \u00e0 l&rsquo;abri de l&rsquo;int\u00e9r\u00eat croissant&#8230;<\/p>\n<figure><img loading=\"lazy\" decoding=\"async\" class=\"alignnone size-full wp-image-1071\" src=\"https:\/\/www.biocollagenix.com\/wp-content\/uploads\/2017\/01\/icona-blog.png\" alt=\"Ic\u00f4ne Blog\" width=\"29\" height=\"28\"><\/figure><p><em><b>Nothingtoamend<\/b> par Alessia Foglia<\/em><\/p>\n<p class=\"title bg\"><a href=\"http:\/\/www.uptowngirl.it\/2016\/10\/biocollagenina-il-mio-naturale-segreto-di-bellezza.html\" target=\"_blank\" rel=\"noopener\">Biocollagenix, mon secret de beaut\u00e9 naturelle<\/a><\/p>\n<p class=\"extra bg\">Il \u00e9tait une fois l&rsquo;insouciance, les super nuits et les sorties entre amis. Puis on avance en \u00e2ge et la trousse de maquillage doit laisser de la place pour les cr\u00e8mes anti-rides, les gommages et les s\u00e9rums de jeunesse.<\/p>\n<figure><img loading=\"lazy\" decoding=\"async\" class=\"alignnone size-full wp-image-1071\" src=\"https:\/\/www.biocollagenix.com\/wp-content\/uploads\/2017\/01\/icona-blog.png\" alt=\"Ic\u00f4ne Blog\" width=\"29\" height=\"28\"><\/figure><p><em><b>Uptowngirl<\/b><\/em><\/p>\n<p class=\"border\">&nbsp;<\/p>\n<\/div>\n<div class=\"box no-margin\">\n<figure><img loading=\"lazy\" decoding=\"async\" class=\"alignnone size-full wp-image-1068\" src=\"https:\/\/www.biocollagenix.com\/wp-content\/uploads\/2017\/01\/icona-instagram.gif\" alt=\"Ic\u00f4ne Instagram\" width=\"26\" height=\"27\"><\/figure><p class=\"name\"><a href=\"https:\/\/www.instagram.com\/p\/BL-kojFjNgP\/\" target=\"_blank\" rel=\"noopener\"> biancanevemakeup<\/a><\/p>\n<p class=\"extra\">Bonne nouvelle pour ma peau&nbsp;! Un jour, on a l&rsquo;\u00e2ge qu&rsquo;on a et une aide suppl\u00e9mentaire est la bienvenue pour conserver une peau souple, ferme et jeune.<\/p>\n<p class=\"name\"><b>Miss And Makeup<\/b><\/p>\n<p class=\"title bg\"><a href=\"http:\/\/www.mariarosaneri.it\/bellezza-coccole\/\" target=\"_blank\" rel=\"noopener\">Beaut\u00e9 et c\u00e2lins<\/a><\/p>\n<p class=\"extra bg\">Les c\u00e2lins ne suffisent jamais, jetelaitoujoursdit. J&rsquo;aime les faire, les recevoir et les donner \u00e0 moi-m\u00eame&nbsp;: ce sont les moins habituels et les plus d\u00e9licieux.<\/p>\n<figure><img loading=\"lazy\" decoding=\"async\" class=\"alignnone size-full wp-image-1071\" src=\"https:\/\/www.biocollagenix.com\/wp-content\/uploads\/2017\/01\/icona-blog.png\" alt=\"Ic\u00f4ne Blog\" width=\"29\" height=\"28\"><\/figure><p><em><b>Maria Rosa Neri<\/b><\/em><\/p>\n<p class=\"title\"><a href=\"http:\/\/www.sarahbalivo.com\/Biocollagenina-un-sorso-di-bellezza-ogni-mattina\/\" target=\"_blank\" rel=\"noopener\">Une gorg\u00e9e de beaut\u00e9 tous les matins<\/a><\/p>\n<p class=\"sottotitolo\"><b>2 biscuits dans le th\u00e9<\/b> par Sara Balivo<\/p>\n<\/div>\n<\/div>\n<\/div>\n<\/div>\n","protected":false},"excerpt":{"rendered":"<p>Lisez ce que disent les blogueurs qui ont essay\u00e9 Biocollagenix. Voici un extrait de leurs articles, photos d&rsquo;Instagram et posts Facebook que nous avons collect\u00e9s pour vous&nbsp;! laurachiari_8 Un apr\u00e8s-midi \u00e0 se faire dorloter. J&rsquo;ai essay\u00e9 #beautyDrink de @esi.italia avec du collag\u00e8ne marin et de l&rsquo;acide hyaluronique. Biocollagenix, #antiage \u00e0 boire pour une peau plus [&hellip;]<\/p>\n","protected":false},"author":3,"featured_media":0,"parent":0,"menu_order":0,"comment_status":"closed","ping_status":"closed","template":"","meta":{"kt_blocks_editor_width":"fullwidth","footnotes":""},"class_list":["post-3039","page","type-page","status-publish","hentry"],"_links":{"self":[{"href":"https:\/\/www.biocollagenix.com\/fr\/wp-json\/wp\/v2\/pages\/3039"}],"collection":[{"href":"https:\/\/www.biocollagenix.com\/fr\/wp-json\/wp\/v2\/pages"}],"about":[{"href":"https:\/\/www.biocollagenix.com\/fr\/wp-json\/wp\/v2\/types\/page"}],"author":[{"embeddable":true,"href":"https:\/\/www.biocollagenix.com\/fr\/wp-json\/wp\/v2\/users\/3"}],"replies":[{"embeddable":true,"href":"https:\/\/www.biocollagenix.com\/fr\/wp-json\/wp\/v2\/comments?post=3039"}],"version-history":[{"count":4,"href":"https:\/\/www.biocollagenix.com\/fr\/wp-json\/wp\/v2\/pages\/3039\/revisions"}],"predecessor-version":[{"id":4237,"href":"https:\/\/www.biocollagenix.com\/fr\/wp-json\/wp\/v2\/pages\/3039\/revisions\/4237"}],"wp:attachment":[{"href":"https:\/\/www.biocollagenix.com\/fr\/wp-json\/wp\/v2\/media?parent=3039"}],"curies":[{"name":"wp","href":"https:\/\/api.w.org\/{rel}","templated":true}]}}