{"id":3035,"date":"2018-12-27T14:33:14","date_gmt":"2018-12-27T13:33:14","guid":{"rendered":"https:\/\/www.biocollagenix.com\/proprieta-dei-cerotti-per-occhi\/"},"modified":"2019-10-10T16:42:33","modified_gmt":"2019-10-10T14:42:33","slug":"proprietes-des-patchs-pour-les-yeux","status":"publish","type":"page","link":"https:\/\/www.biocollagenix.com\/fr\/avantages-du-collagene\/proprietes-des-patchs-pour-les-yeux\/","title":{"rendered":"Propri\u00e9t\u00e9s des patchs pour les yeux"},"content":{"rendered":"<style id=\"kt-blocks_524f8d-e7\">#kt-layout-id_524f8d-e7{background-color:#6bb8d4;background-image:url('https:\/\/www.biocollagenix.com\/wp-content\/uploads\/2019\/01\/bg-h1-page.jpg');background-size:cover;background-position:center center;background-attachment:scroll;background-repeat:no-repeat;}#kt-layout-id_524f8d-e7 > .kt-row-column-wrap{padding-top:0px;max-width:1170px;margin-left:auto;margin-right:auto;}<\/style>\n<div class=\"wp-block-kadence-rowlayout alignnone\"><div id=\"kt-layout-id_524f8d-e7\" class=\"kt-row-layout-inner kt-row-has-bg kt-layout-id_524f8d-e7\"><div class=\"kt-row-column-wrap kt-has-1-columns kt-gutter-default kt-row-valign-top kt-row-layout-equal kt-tab-layout-inherit kt-m-colapse-left-to-right kt-mobile-layout-row\">\n<div class=\"wp-block-kadence-column kadence-column6812 inner-column-1\"><div class=\"kt-inside-inner-col\">\t<div class=\"breadcrumb-container white\">\n\t\t<div class=\"breadcrumbs\">\n\t\t\t<span property=\"itemListElement\" typeof=\"ListItem\"><a property=\"item\" typeof=\"WebPage\" title=\"Aller \u00e0 Accueil.\" href=\"https:\/\/www.biocollagenix.com\/fr\/\" class=\"home\" aria-current=\"page\"><span property=\"name\">Accueil<\/span><\/a><meta property=\"position\" content=\"1\"><\/span>\t\t<\/div>\n\t<\/div>\n\n\n\n<style id=\"kt-blocks_1e7a95-e1\">#kt-adv-heading_1e7a95-e1, #kt-adv-heading_1e7a95-e1 .wp-block-kadence-advancedheading, .wp-block-kadence-advancedheading.kt-adv-heading_1e7a95-e1[data-kb-block=\"kb-adv-heading_1e7a95-e1\"], .kadence-advanced-heading-wrapper .kt-adv-heading_1e7a95-e1[data-kb-block=\"kb-adv-heading_1e7a95-e1\"]{color:#ffffff;margin-bottom:1em;}<\/style>\n<h1 id=\"kt-adv-heading_1e7a95-e1\" style=\"color:#ffffff;margin-bottom:1em\" class=\"wp-block-kadence-advancedheading\"> <br\/>Les avantages et les bienfaits du Eye Patch<br\/><\/h1>\n\n\n\n<p style=\"color:#ffffff\" class=\"has-text-color\"><strong>Patchs innovants pour le traitement du contour de l&rsquo;\u0153il<\/strong>, \u00e0 base d&rsquo;un hydrogel sp\u00e9cial contenant un concentr\u00e9 de principes actifs naturels&nbsp;: Collag\u00e8ne marin hydrolys\u00e9 de type I, caf\u00e9ine, trois acides hyaluroniques de trois poids mol\u00e9culaires diff\u00e9rents pour limiter l&rsquo;\u00e9vaporation de l&rsquo;eau de la peau et pr\u00e9server son \u00e9lasticit\u00e9.<br><\/p>\n<\/div><\/div>\n<\/div><\/div><\/div>\n\n\n<style id=\"kt-blocks_7ad52e-32\">#kt-layout-id_7ad52e-32{background-color:#eef9fb;background-image:url('https:\/\/www.biocollagenix.com\/wp-content\/uploads\/2019\/07\/bg-vantaggi-eye-primo-fascion-newe.jpg');background-size:cover;background-position:center center;background-attachment:scroll;background-repeat:no-repeat;}#kt-layout-id_7ad52e-32 > .kt-row-column-wrap{padding-top:70px;padding-bottom:70px;padding-left:30px;padding-right:30px;min-height:700px;max-width:1170px;margin-left:auto;margin-right:auto;}@media all and (max-width: 767px){#kt-layout-id_7ad52e-32 > .kt-row-column-wrap{padding-top:30px;padding-bottom:30px;}}<\/style>\n<div class=\"wp-block-kadence-rowlayout aligncenter hide-bg-mobile\"><div id=\"kt-layout-id_7ad52e-32\" class=\"kt-row-layout-inner kt-row-has-bg kt-layout-id_7ad52e-32\"><div class=\"kt-row-column-wrap kt-has-2-columns kt-gutter-default kt-row-valign-middle kt-row-layout-equal kt-tab-layout-inherit kt-m-colapse-left-to-right kt-mobile-layout-row\">\n<div class=\"wp-block-kadence-column kadence-column9077 inner-column-1\"><div class=\"kt-inside-inner-col\"><\/div><\/div>\n\n\n\n<div class=\"wp-block-kadence-column kadence-column5181 inner-column-2\"><div class=\"kt-inside-inner-col\">\n<figure class=\"wp-block-image hide-on-desk\"><img loading=\"lazy\" decoding=\"async\" width=\"560\" height=\"560\" src=\"https:\/\/www.biocollagenix.com\/wp-content\/uploads\/2019\/07\/vantaggi-collagene-eye-mob-01-new.jpg\" alt=\"\" class=\"wp-image-2924\" srcset=\"https:\/\/www.biocollagenix.com\/wp-content\/uploads\/2019\/07\/vantaggi-collagene-eye-mob-01-new.jpg 560w, https:\/\/www.biocollagenix.com\/wp-content\/uploads\/2019\/07\/vantaggi-collagene-eye-mob-01-new-150x150.jpg 150w, https:\/\/www.biocollagenix.com\/wp-content\/uploads\/2019\/07\/vantaggi-collagene-eye-mob-01-new-300x300.jpg 300w\" sizes=\"(max-width: 560px) 100vw, 560px\" \/><\/figure>\n\n\n\n<h2 id=\"kt-adv-heading_481943-77\" class=\"wp-block-kadence-advancedheading\"> <br\/>Avantages et bienfaits du collag\u00e8ne pour la peau<br\/><\/h2>\n\n\n\n<p>Les&nbsp;<strong>Eye Patch<\/strong>&nbsp;rajeunissent le regard&nbsp;: il s&rsquo;agit de patchs pour les yeux en tissu bioadh\u00e9sif, impr\u00e9gn\u00e9 d&rsquo;un \u00e9lixir de beaut\u00e9 \u00e0 base d&rsquo;un concentr\u00e9&nbsp;<strong>de principes actifs et de collag\u00e8ne marin<\/strong>. Une innovation dermocosm\u00e9tique con\u00e7ue pour lutter contre les rides d&rsquo;expression, les yeux gonfl\u00e9s, les cernes et les signes de fatigue. Les Eye Patchs sont de v\u00e9ritables masques pour le contour des yeux, qui&nbsp;<strong>hydratent et relaxent le contour des yeux<\/strong>.<br><\/p>\n<\/div><\/div>\n<\/div><\/div><\/div>\n\n\n<style id=\"kt-blocks_795cb7-95\">#kt-layout-id_795cb7-95{background-color:#f1f3f2;background-image:url('https:\/\/www.biocollagenix.com\/wp-content\/uploads\/2019\/07\/bg-vantaggi-eye-secondo-fascione-new.jpg');background-size:cover;background-position:center center;background-attachment:scroll;background-repeat:no-repeat;}#kt-layout-id_795cb7-95 > .kt-row-column-wrap{padding-top:70px;padding-bottom:70px;padding-left:30px;padding-right:30px;min-height:700px;max-width:1170px;margin-left:auto;margin-right:auto;}@media all and (max-width: 767px){#kt-layout-id_795cb7-95 > .kt-row-column-wrap{padding-top:30px;padding-bottom:30px;}}<\/style>\n<div class=\"wp-block-kadence-rowlayout aligncenter hide-bg-mobile\"><div id=\"kt-layout-id_795cb7-95\" class=\"kt-row-layout-inner kt-row-has-bg kt-layout-id_795cb7-95\"><div class=\"kt-row-column-wrap kt-has-2-columns kt-gutter-default kt-row-valign-middle kt-row-layout-equal kt-tab-layout-inherit kt-m-colapse-left-to-right kt-mobile-layout-row\">\n<div class=\"wp-block-kadence-column kadence-column2425 inner-column-1\"><div class=\"kt-inside-inner-col\">\n<figure class=\"wp-block-image hide-on-desk\"><img loading=\"lazy\" decoding=\"async\" width=\"560\" height=\"560\" src=\"https:\/\/www.biocollagenix.com\/wp-content\/uploads\/2019\/07\/vantaggi-collagene-eye-mob-02-new.jpg\" alt=\"\" class=\"wp-image-2925\" srcset=\"https:\/\/www.biocollagenix.com\/wp-content\/uploads\/2019\/07\/vantaggi-collagene-eye-mob-02-new.jpg 560w, https:\/\/www.biocollagenix.com\/wp-content\/uploads\/2019\/07\/vantaggi-collagene-eye-mob-02-new-150x150.jpg 150w, https:\/\/www.biocollagenix.com\/wp-content\/uploads\/2019\/07\/vantaggi-collagene-eye-mob-02-new-300x300.jpg 300w\" sizes=\"(max-width: 560px) 100vw, 560px\" \/><\/figure>\n\n\n\n<h2 id=\"kt-adv-heading_dd6f30-08\" class=\"wp-block-kadence-advancedheading\"> <br\/>Le patch pour les yeux\u00a0: une r\u00e9volution pour le contour des yeux<br\/><\/h2>\n\n\n\n<p> <br>Les cernes et les rides autour des yeux sont un probl\u00e8me fr\u00e9quent et ennuyeux. L&rsquo;\u00e9clat du visage d\u00e9pend en grande partie de ces zones. Le&nbsp;<strong>Eye Patch Biocollagenix<\/strong>&nbsp;est le rem\u00e8de d\u00e9finitif et naturel pour r\u00e9soudre le probl\u00e8me des cernes et des premiers&nbsp;<strong>signes du vieillissement cutan\u00e9<\/strong>.&nbsp;Le Eye Patch Biocollagenix hydrate et d\u00e9tend la peau, r\u00e9duit les signes de fatigue, diminue les cernes et le gonflement des yeux.&nbsp;L&rsquo;hydrogel sp\u00e9cial est fourni sur un support non tiss\u00e9 souple, pratique et facile \u00e0 utiliser&nbsp;<br><\/p>\n\n\n\n<div style=\"height:20px\" aria-hidden=\"true\" class=\"wp-block-spacer\"><\/div>\n\n\n<style id=\"kt-blocks_f5f793-24\">.wp-block-kadence-advancedbtn.kt-btns_f5f793-24 .kt-btn-wrap-0 .kt-button{padding-left:25px;padding-right:25px;padding-top:15px;padding-bottom:15px;color:#184489;font-size:15px;background:transparent;border-color:#184489;}.wp-block-kadence-advancedbtn.kt-btns_f5f793-24 .kt-btn-wrap-0 .kt-button:hover, .wp-block-kadence-advancedbtn.kt-btns_f5f793-24 .kt-btn-wrap-0 .kt-button:focus{color:#ffffff;border-color:#184489;}.wp-block-kadence-advancedbtn.kt-btns_f5f793-24 .kt-btn-wrap-0 .kt-button::before{display:none;}.wp-block-kadence-advancedbtn.kt-btns_f5f793-24 .kt-btn-wrap-0 .kt-button:hover, .wp-block-kadence-advancedbtn.kt-btns_f5f793-24 .kt-btn-wrap-0 .kt-button:focus{background:#184489;}<\/style>\n<div class=\"wp-block-kadence-advancedbtn kt-btn-align-left kt-btns-wrap kt-btns_f5f793-24\"><div class=\"kt-btn-wrap kt-btn-wrap-0\"><a class=\"kt-button kt-btn-0-action kt-btn-svg-show-always kt-btn-has-text-true kt-btn-has-svg-false\" href=\"https:\/\/www.biocollagenix.com\/fr\/patch-pour-les-yeux-biocollagenix\/\" target=\"_self\" style=\"font-size:15px;border-width:2px;padding-left:25px;padding-right:25px;padding-top:15px;padding-bottom:15px\"><span class=\"kt-btn-inner-text\">DECOUVRIR LE PRODUIT<\/span><\/a><\/div><\/div>\n\n\n\n<p><\/p>\n<\/div><\/div>\n\n\n\n<div class=\"wp-block-kadence-column kadence-column7282 inner-column-2\"><div class=\"kt-inside-inner-col\">\n<p><\/p>\n<\/div><\/div>\n<\/div><\/div><\/div>\n\n\n<style id=\"kt-blocks_a59351-29\">#kt-layout-id_a59351-29{background-color:#dde8f6;background-image:url('https:\/\/www.biocollagenix.com\/wp-content\/uploads\/2018\/12\/slider-04.jpg');background-size:cover;background-position:center center;background-attachment:scroll;background-repeat:no-repeat;}#kt-layout-id_a59351-29 > .kt-row-column-wrap{padding-top:70px;padding-bottom:70px;padding-left:30px;padding-right:30px;min-height:700px;max-width:1170px;margin-left:auto;margin-right:auto;}@media all and (max-width: 767px){#kt-layout-id_a59351-29 > .kt-row-column-wrap{padding-top:30px;padding-bottom:30px;}}<\/style>\n<div class=\"wp-block-kadence-rowlayout aligncenter hide-bg-mobile\"><div id=\"kt-layout-id_a59351-29\" class=\"kt-row-layout-inner kt-row-has-bg kt-layout-id_a59351-29\"><div class=\"kt-row-column-wrap kt-has-2-columns kt-gutter-default kt-row-valign-middle kt-row-layout-equal kt-tab-layout-inherit kt-m-colapse-left-to-right kt-mobile-layout-row\">\n<div class=\"wp-block-kadence-column kadence-column6114 inner-column-1\"><div class=\"kt-inside-inner-col\">\n<p><\/p>\n<\/div><\/div>\n\n\n\n<div class=\"wp-block-kadence-column kadence-column6639 inner-column-2\"><div class=\"kt-inside-inner-col\">\n<figure class=\"wp-block-image is-resized hide-on-desk\"><img loading=\"lazy\" decoding=\"async\" src=\"https:\/\/www.biocollagenix.com\/wp-content\/uploads\/2019\/01\/vantaggi-collagene-eye-mob-03.jpg\" alt=\"\" class=\"wp-image-2455\" width=\"560\" height=\"560\" srcset=\"https:\/\/www.biocollagenix.com\/wp-content\/uploads\/2019\/01\/vantaggi-collagene-eye-mob-03.jpg 560w, https:\/\/www.biocollagenix.com\/wp-content\/uploads\/2019\/01\/vantaggi-collagene-eye-mob-03-150x150.jpg 150w, https:\/\/www.biocollagenix.com\/wp-content\/uploads\/2019\/01\/vantaggi-collagene-eye-mob-03-300x300.jpg 300w\" sizes=\"(max-width: 560px) 100vw, 560px\" \/><\/figure>\n\n\n\n<h2 id=\"kt-adv-heading_081c80-d0\" class=\"wp-block-kadence-advancedheading\"> <br\/>Le Patch au Collag\u00e8ne qui efface du visage les traces du temps<br\/><\/h2>\n\n\n\n<p>Les&nbsp;<strong>cernes et le rel\u00e2chement du contour des yeux<\/strong>&nbsp;sont caus\u00e9s par divers facteurs tels que la fatigue, le manque de sommeil, le temps trop long pass\u00e9 devant l&rsquo;ordinateur ou la t\u00e9l\u00e9vision. Le processus de vieillissement de la peau contribue \u00e0 l&rsquo;apparition de cernes, car la zone situ\u00e9e autour des yeux est une des plus d\u00e9licates du visage et la peau y est tr\u00e8s fine. Avec l&rsquo;\u00e2ge, la peau de cette zone s&rsquo;amincit et les vaisseaux sanguins deviennent plus visibles, ce qui accentue la couleur bleu-violet des cernes.<br><\/p>\n\n\n\n<p>Il est donc essentiel de prendre soin du contour de vos yeux si vous voulez am\u00e9liorer l&rsquo;esth\u00e9tique globale de la peau de votre visage. L&rsquo;hydratation est la premi\u00e8re&nbsp;<strong>arme contre le vieillissement cutan\u00e9<\/strong>&nbsp;: pour y parvenir, il suffit d&rsquo;utiliser des produits con\u00e7us pour&nbsp;<strong>r\u00e9hydrater le contour des yeux.<\/strong>&nbsp;Le patch \u00e0 base de collag\u00e8ne marin est un produit sp\u00e9cialement con\u00e7u pour rem\u00e9dier aux rides et \u00e0 la fatigue du contour des yeux.<br><\/p>\n\n\n\n<div style=\"height:20px\" aria-hidden=\"true\" class=\"wp-block-spacer\"><\/div>\n\n\n<style id=\"kt-blocks_2b1fe0-5f\">.wp-block-kadence-advancedbtn.kt-btns_2b1fe0-5f .kt-btn-wrap-0 .kt-button{padding-left:25px;padding-right:25px;padding-top:15px;padding-bottom:15px;color:#184489;font-size:15px;background:transparent;border-color:#184489;}.wp-block-kadence-advancedbtn.kt-btns_2b1fe0-5f .kt-btn-wrap-0 .kt-button:hover, .wp-block-kadence-advancedbtn.kt-btns_2b1fe0-5f .kt-btn-wrap-0 .kt-button:focus{color:#ffffff;border-color:#184489;}.wp-block-kadence-advancedbtn.kt-btns_2b1fe0-5f .kt-btn-wrap-0 .kt-button::before{display:none;}.wp-block-kadence-advancedbtn.kt-btns_2b1fe0-5f .kt-btn-wrap-0 .kt-button:hover, .wp-block-kadence-advancedbtn.kt-btns_2b1fe0-5f .kt-btn-wrap-0 .kt-button:focus{background:#184489;}<\/style>\n<div class=\"wp-block-kadence-advancedbtn kt-btn-align-left kt-btns-wrap kt-btns_2b1fe0-5f\"><div class=\"kt-btn-wrap kt-btn-wrap-0\"><a class=\"kt-button kt-btn-0-action kt-btn-svg-show-always kt-btn-has-text-true kt-btn-has-svg-false\" href=\"https:\/\/www.biocollagenix.com\/fr\/vieillissement-de-la-peau\/principes-naturels\/\" target=\"_self\" style=\"font-size:15px;border-width:2px;padding-left:25px;padding-right:25px;padding-top:15px;padding-bottom:15px\"><span class=\"kt-btn-inner-text\">EN SAVOIR PLUS SUR LES PRINCIPES ACTIFS<\/span><\/a><\/div><\/div>\n<\/div><\/div>\n<\/div><\/div><\/div>\n\n\n<div class=\"products\">\n    <div class=\"container\">\n        <h3 class=\"products__title\">\n            D\u00e9couvrir les produits \u00e0 base de collag\u00e8ne         <\/h3>\n        <div class=\"products__list\">\n                                                <div class=\"product\">\n                        <div class=\"product__image\">\n                            <a href=\"https:\/\/www.biocollagenix.com\/fr\/biocollagenix-tablettes\/\"><img decoding=\"async\" src=\"https:\/\/www.biocollagenix.com\/wp-content\/uploads\/2019\/10\/ovalette.png\"><\/a>\n                        <\/div>\n                        <div class=\"product__name\">\n                            <a href=\"https:\/\/www.biocollagenix.com\/fr\/biocollagenix-tablettes\/\">Biocollagenix tablettes<\/a>\n                        <\/div>\n                        <div class=\"product__excerpt\">\n                            Compl\u00e9ment alimentaire \u00e0 base de Collag\u00e8ne marin hydrolys\u00e9.                        <\/div>\n                    <\/div>\n                                                                <div class=\"product\">\n                        <div class=\"product__image\">\n                            <a href=\"https:\/\/www.biocollagenix.com\/fr\/patch-pour-les-yeux-biocollagenix\/\"><img decoding=\"async\" src=\"https:\/\/www.biocollagenix.com\/wp-content\/uploads\/2019\/07\/eye-patch-collagene-biocollagenix-new.png\"><\/a>\n                        <\/div>\n                        <div class=\"product__name\">\n                            <a href=\"https:\/\/www.biocollagenix.com\/fr\/patch-pour-les-yeux-biocollagenix\/\">Patch pour les yeux Biocollagenix<\/a>\n                        <\/div>\n                        <div class=\"product__excerpt\">\n                            Patch au collag\u00e8ne pour les yeux : patchs pour un traitement anti-cernes.                        <\/div>\n                    <\/div>\n                                                                <div class=\"product\">\n                        <div class=\"product__image\">\n                            <a href=\"https:\/\/www.biocollagenix.com\/fr\/collagene-en-comprimes\/\"><img decoding=\"async\" src=\"https:\/\/www.biocollagenix.com\/wp-content\/uploads\/2019\/07\/tavolette-collagene-biocollagenix-new.png\"><\/a>\n                        <\/div>\n                        <div class=\"product__name\">\n                            <a href=\"https:\/\/www.biocollagenix.com\/fr\/collagene-en-comprimes\/\">Collag\u00e8ne en comprim\u00e9s<\/a>\n                        <\/div>\n                        <div class=\"product__excerpt\">\n                            Compl\u00e9ment \u00e0 base de collag\u00e8ne marin hydrolys\u00e9 sous la forme pratique de comprim\u00e9s.                        <\/div>\n                    <\/div>\n                                                                <div class=\"product\">\n                        <div class=\"product__image\">\n                            <a href=\"https:\/\/www.biocollagenix.com\/fr\/collagene-a-boire\/\"><img decoding=\"async\" src=\"https:\/\/www.biocollagenix.com\/wp-content\/uploads\/2019\/07\/collagene-bere-new.png\"><\/a>\n                        <\/div>\n                        <div class=\"product__name\">\n                            <a href=\"https:\/\/www.biocollagenix.com\/fr\/collagene-a-boire\/\">Collag\u00e8ne \u00e0 boire<\/a>\n                        <\/div>\n                        <div class=\"product__excerpt\">\n                            Compl\u00e9ment alimentaire \u00e0 boire \u00e0 base de collag\u00e8ne marin I et III, d'acide hyaluronique et de resv\u00e9ratrol.                         <\/div>\n                    <\/div>\n                                    <\/div>\n    <\/div>\n<\/div>\n\n","protected":false},"excerpt":{"rendered":"","protected":false},"author":4,"featured_media":0,"parent":3055,"menu_order":0,"comment_status":"closed","ping_status":"closed","template":"","meta":{"kt_blocks_editor_width":"fullwidth","footnotes":""},"class_list":["post-3035","page","type-page","status-publish","hentry"],"_links":{"self":[{"href":"https:\/\/www.biocollagenix.com\/fr\/wp-json\/wp\/v2\/pages\/3035"}],"collection":[{"href":"https:\/\/www.biocollagenix.com\/fr\/wp-json\/wp\/v2\/pages"}],"about":[{"href":"https:\/\/www.biocollagenix.com\/fr\/wp-json\/wp\/v2\/types\/page"}],"author":[{"embeddable":true,"href":"https:\/\/www.biocollagenix.com\/fr\/wp-json\/wp\/v2\/users\/4"}],"replies":[{"embeddable":true,"href":"https:\/\/www.biocollagenix.com\/fr\/wp-json\/wp\/v2\/comments?post=3035"}],"version-history":[{"count":5,"href":"https:\/\/www.biocollagenix.com\/fr\/wp-json\/wp\/v2\/pages\/3035\/revisions"}],"predecessor-version":[{"id":4700,"href":"https:\/\/www.biocollagenix.com\/fr\/wp-json\/wp\/v2\/pages\/3035\/revisions\/4700"}],"up":[{"embeddable":true,"href":"https:\/\/www.biocollagenix.com\/fr\/wp-json\/wp\/v2\/pages\/3055"}],"wp:attachment":[{"href":"https:\/\/www.biocollagenix.com\/fr\/wp-json\/wp\/v2\/media?parent=3035"}],"curies":[{"name":"wp","href":"https:\/\/api.w.org\/{rel}","templated":true}]}}