{"id":3027,"date":"2017-01-25T16:11:40","date_gmt":"2017-01-25T15:11:40","guid":{"rendered":"https:\/\/www.biocollagenix.com\/vantaggi-integratore-antiage-da-bere\/"},"modified":"2019-11-25T10:40:35","modified_gmt":"2019-11-25T09:40:35","slug":"avantages-du-collagene-a-boire","status":"publish","type":"page","link":"https:\/\/www.biocollagenix.com\/fr\/avantages-du-collagene\/avantages-du-collagene-a-boire\/","title":{"rendered":"Avantages du collag\u00e8ne \u00e0 boire"},"content":{"rendered":"<style id=\"kt-blocks_1f8cf6-24\">#kt-layout-id_1f8cf6-24{background-color:#6bb8d4;background-image:url('https:\/\/www.biocollagenix.com\/wp-content\/uploads\/2019\/01\/bg-h1-page.jpg');background-size:cover;background-position:center center;background-attachment:scroll;background-repeat:no-repeat;}#kt-layout-id_1f8cf6-24 > .kt-row-column-wrap{padding-top:0px;max-width:1170px;margin-left:auto;margin-right:auto;}<\/style>\n<div class=\"wp-block-kadence-rowlayout alignnone\"><div id=\"kt-layout-id_1f8cf6-24\" class=\"kt-row-layout-inner kt-row-has-bg kt-layout-id_1f8cf6-24\"><div class=\"kt-row-column-wrap kt-has-1-columns kt-gutter-default kt-row-valign-top kt-row-layout-equal kt-tab-layout-inherit kt-m-colapse-left-to-right kt-mobile-layout-row\">\n<div class=\"wp-block-kadence-column kadence-column7687 inner-column-1\"><div class=\"kt-inside-inner-col\">\t<div class=\"breadcrumb-container white\">\n\t\t<div class=\"breadcrumbs\">\n\t\t\t<span property=\"itemListElement\" typeof=\"ListItem\"><a property=\"item\" typeof=\"WebPage\" title=\"Aller \u00e0 Accueil.\" href=\"https:\/\/www.biocollagenix.com\/fr\/\" class=\"home\" aria-current=\"page\"><span property=\"name\">Accueil<\/span><\/a><meta property=\"position\" content=\"1\"><\/span>\t\t<\/div>\n\t<\/div>\n\n\n\n<style id=\"kt-blocks_d7ac5d-87\">#kt-adv-heading_d7ac5d-87, #kt-adv-heading_d7ac5d-87 .wp-block-kadence-advancedheading, .wp-block-kadence-advancedheading.kt-adv-heading_d7ac5d-87[data-kb-block=\"kb-adv-heading_d7ac5d-87\"], .kadence-advanced-heading-wrapper .kt-adv-heading_d7ac5d-87[data-kb-block=\"kb-adv-heading_d7ac5d-87\"]{color:#ffffff;margin-bottom:1em;}<\/style>\n<h1 id=\"kt-adv-heading_d7ac5d-87\" style=\"color:#ffffff;margin-bottom:1em\" class=\"wp-block-kadence-advancedheading\">Les avantages et les bienfaits du collag\u00e8ne \u00e0 boire pour votre peau<br\/><\/h1>\n\n\n\n<p style=\"color:#ffffff\" class=\"has-text-color\">Le Biocollagenix Beauty Drink a \u00e9t\u00e9 con\u00e7u pour profiter de tous les bienfaits du collag\u00e8ne marin \u00e0 boire, propos\u00e9 dans des flacons pratiques monodoses de 30 ml, \u00e0 consommer facilement et \u00e0 tout moment.<br><\/p>\n<\/div><\/div>\n<\/div><\/div><\/div>\n\n\n<style id=\"kt-blocks_bbdb00-e5\">#kt-layout-id_bbdb00-e5{background-color:#eef9fb;background-image:url('https:\/\/www.biocollagenix.com\/wp-content\/uploads\/2019\/07\/bg-vantaggi-primo-fascione-1-new.jpg');background-size:cover;background-position:center center;background-attachment:scroll;background-repeat:no-repeat;}#kt-layout-id_bbdb00-e5 > .kt-row-column-wrap{padding-top:70px;padding-bottom:70px;padding-left:30px;padding-right:30px;min-height:700px;max-width:1170px;margin-left:auto;margin-right:auto;}@media all and (max-width: 767px){#kt-layout-id_bbdb00-e5 > .kt-row-column-wrap{padding-top:30px;padding-bottom:30px;}}<\/style>\n<div class=\"wp-block-kadence-rowlayout aligncenter hide-bg-mobile\"><div id=\"kt-layout-id_bbdb00-e5\" class=\"kt-row-layout-inner kt-row-has-bg kt-layout-id_bbdb00-e5\"><div class=\"kt-row-column-wrap kt-has-2-columns kt-gutter-default kt-row-valign-middle kt-row-layout-equal kt-tab-layout-inherit kt-m-colapse-left-to-right kt-mobile-layout-row\">\n<div class=\"wp-block-kadence-column kadence-column9505 inner-column-1\"><div class=\"kt-inside-inner-col\"><\/div><\/div>\n\n\n\n<div class=\"wp-block-kadence-column kadence-column7378 inner-column-2\"><div class=\"kt-inside-inner-col\">\n<figure class=\"wp-block-image hide-on-desk\"><img loading=\"lazy\" decoding=\"async\" width=\"560\" height=\"560\" src=\"https:\/\/www.biocollagenix.com\/wp-content\/uploads\/2019\/07\/vantaggi-collagene-bere-mob-01-new.jpg\" alt=\"\" class=\"wp-image-2898\" srcset=\"https:\/\/www.biocollagenix.com\/wp-content\/uploads\/2019\/07\/vantaggi-collagene-bere-mob-01-new.jpg 560w, https:\/\/www.biocollagenix.com\/wp-content\/uploads\/2019\/07\/vantaggi-collagene-bere-mob-01-new-150x150.jpg 150w, https:\/\/www.biocollagenix.com\/wp-content\/uploads\/2019\/07\/vantaggi-collagene-bere-mob-01-new-300x300.jpg 300w\" sizes=\"(max-width: 560px) 100vw, 560px\" \/><\/figure>\n\n\n\n<h2 id=\"kt-adv-heading_66e1a2-b4\" class=\"wp-block-kadence-advancedheading\"> <br\/>Pourquoi choisir le collag\u00e8ne \u00e0 boire\u00a0?<br\/><\/h2>\n\n\n\n<p>Contrairement aux cr\u00e8mes anti-rides, Biocollagenix agit de l&rsquo;int\u00e9rieur lorsqu&rsquo;il est ing\u00e9r\u00e9&nbsp;: il pr\u00e9sente ainsi une plus grande efficacit\u00e9 dans la lutte contre&nbsp;<strong>les signes du vieillissement cutan\u00e9<\/strong>. Les traitements anti-rides sous forme de cr\u00e8mes ne peuvent pas transf\u00e9rer les principes actifs jusqu&rsquo;aux couches profondes de la peau. Gr\u00e2ce \u00e0 la formule Beauty Drink, les \u00e9l\u00e9ments nutritifs de Biocollagenix sont transport\u00e9s par le sang vers les cellules les plus profondes de l&rsquo;\u00e9piderme.&nbsp;<br><\/p>\n<\/div><\/div>\n<\/div><\/div><\/div>\n\n\n<style id=\"kt-blocks_e72ad8-c6\">#kt-layout-id_e72ad8-c6{background-color:#f1f3f2;background-image:url('https:\/\/www.biocollagenix.com\/wp-content\/uploads\/2019\/07\/bg-vantaggi-secondo-fascione-new.jpg');background-size:cover;background-position:center center;background-attachment:scroll;background-repeat:no-repeat;}#kt-layout-id_e72ad8-c6 > .kt-row-column-wrap{padding-top:70px;padding-bottom:70px;padding-left:30px;padding-right:30px;min-height:700px;max-width:1170px;margin-left:auto;margin-right:auto;}@media all and (max-width: 767px){#kt-layout-id_e72ad8-c6 > .kt-row-column-wrap{padding-top:30px;padding-bottom:30px;}}<\/style>\n<div class=\"wp-block-kadence-rowlayout aligncenter hide-bg-mobile\"><div id=\"kt-layout-id_e72ad8-c6\" class=\"kt-row-layout-inner kt-row-has-bg kt-layout-id_e72ad8-c6\"><div class=\"kt-row-column-wrap kt-has-2-columns kt-gutter-default kt-row-valign-middle kt-row-layout-equal kt-tab-layout-inherit kt-m-colapse-left-to-right kt-mobile-layout-row\">\n<div class=\"wp-block-kadence-column kadence-column8105 inner-column-1\"><div class=\"kt-inside-inner-col\">\n<figure class=\"wp-block-image hide-on-desk\"><img loading=\"lazy\" decoding=\"async\" width=\"560\" height=\"560\" src=\"https:\/\/www.biocollagenix.com\/wp-content\/uploads\/2019\/07\/vantaggi-collagene-bere-mob-02-new.jpg\" alt=\"\" class=\"wp-image-2901\" srcset=\"https:\/\/www.biocollagenix.com\/wp-content\/uploads\/2019\/07\/vantaggi-collagene-bere-mob-02-new.jpg 560w, https:\/\/www.biocollagenix.com\/wp-content\/uploads\/2019\/07\/vantaggi-collagene-bere-mob-02-new-150x150.jpg 150w, https:\/\/www.biocollagenix.com\/wp-content\/uploads\/2019\/07\/vantaggi-collagene-bere-mob-02-new-300x300.jpg 300w\" sizes=\"(max-width: 560px) 100vw, 560px\" \/><\/figure>\n\n\n\n<h2 id=\"kt-adv-heading_4ba12d-e3\" class=\"wp-block-kadence-advancedheading\"> <br\/>L&rsquo;efficacit\u00e9 du collag\u00e8ne hydrolys\u00e9<br\/><\/h2>\n\n\n\n<p>Notre peau est compos\u00e9e \u00e0 75% de collag\u00e8ne. D\u00e8s l&rsquo;\u00e2ge de 30 ans, la production de cette prot\u00e9ine diminue chaque ann\u00e9e jusqu&rsquo;\u00e0 ce qu&rsquo;elle atteigne une perte de 40%, avec pour cons\u00e9quence les rides, la perte de tonicit\u00e9 et l&rsquo;affaissement des tissus.<br><\/p>\n\n\n\n<p>Le&nbsp;<strong>collag\u00e8ne contenu dans les cr\u00e8mes<\/strong>&nbsp;n&rsquo;est pas capable de restaurer les dommages cutan\u00e9s en raison de sa trop grande structure mol\u00e9culaire. A ce stade, la substance ne peut pas p\u00e9n\u00e9trer dans les couches profondes du derme et reste \u00e0 la surface. C&rsquo;est pourquoi Biocollagenix Beauty Drink est con\u00e7u sous forme d&rsquo;un compl\u00e9ment oral anti-rides et anti-\u00e2ge. L&rsquo;utilisation du collag\u00e8ne en tant que tel n&rsquo;est pas vraiment fonctionnelle en tant que traitement anti-rides. Nous avons donc choisi de d\u00e9velopper un produit nutricosm\u00e9tique de haute qualit\u00e9 en utilisant le collag\u00e8ne sous une forme hydrolys\u00e9e. Le&nbsp;<strong>collag\u00e8ne hydrolys\u00e9<\/strong>&nbsp;est soumis \u00e0 un traitement qui le r\u00e9duit en fragments plus petits pour le rendre plus facilement soluble, digestible et donc efficace.<br><\/p>\n\n\n\n<div style=\"height:20px\" aria-hidden=\"true\" class=\"wp-block-spacer\"><\/div>\n\n\n<style id=\"kt-blocks_39a878-ab\">.wp-block-kadence-advancedbtn.kt-btns_39a878-ab .kt-btn-wrap-0 .kt-button{padding-left:25px;padding-right:25px;padding-top:15px;padding-bottom:15px;color:#184489;font-size:15px;background:transparent;border-color:#184489;}.wp-block-kadence-advancedbtn.kt-btns_39a878-ab .kt-btn-wrap-0 .kt-button:hover, .wp-block-kadence-advancedbtn.kt-btns_39a878-ab .kt-btn-wrap-0 .kt-button:focus{color:#ffffff;border-color:#184489;}.wp-block-kadence-advancedbtn.kt-btns_39a878-ab .kt-btn-wrap-0 .kt-button::before{display:none;}.wp-block-kadence-advancedbtn.kt-btns_39a878-ab .kt-btn-wrap-0 .kt-button:hover, .wp-block-kadence-advancedbtn.kt-btns_39a878-ab .kt-btn-wrap-0 .kt-button:focus{background:#184489;}<\/style>\n<div class=\"wp-block-kadence-advancedbtn kt-btn-align-left kt-btns-wrap kt-btns_39a878-ab\"><div class=\"kt-btn-wrap kt-btn-wrap-0\"><a class=\"kt-button kt-btn-0-action kt-btn-svg-show-always kt-btn-has-text-true kt-btn-has-svg-false\" href=\"https:\/\/www.biocollagenix.com\/fr\/collagene-a-boire\/\" target=\"_self\" style=\"font-size:15px;border-width:2px;padding-left:25px;padding-right:25px;padding-top:15px;padding-bottom:15px\"><span class=\"kt-btn-inner-text\">DECOUVRIR LE PRODUIT<\/span><\/a><\/div><\/div>\n<\/div><\/div>\n\n\n\n<div class=\"wp-block-kadence-column kadence-column8869 inner-column-2\"><div class=\"kt-inside-inner-col\">\n<p><\/p>\n<\/div><\/div>\n<\/div><\/div><\/div>\n\n\n<style id=\"kt-blocks_be6b99-dc\">#kt-layout-id_be6b99-dc{background-color:#d7eaf8;background-image:url('https:\/\/www.biocollagenix.com\/wp-content\/uploads\/2019\/01\/bg-vantaggi-terzo-fascione.jpg');background-size:cover;background-position:center center;background-attachment:scroll;background-repeat:no-repeat;}#kt-layout-id_be6b99-dc > .kt-row-column-wrap{padding-top:70px;padding-bottom:70px;padding-left:30px;padding-right:30px;min-height:700px;max-width:1170px;margin-left:auto;margin-right:auto;}@media all and (max-width: 767px){#kt-layout-id_be6b99-dc > .kt-row-column-wrap{padding-top:30px;padding-bottom:30px;}}<\/style>\n<div class=\"wp-block-kadence-rowlayout aligncenter hide-bg-mobile\"><div id=\"kt-layout-id_be6b99-dc\" class=\"kt-row-layout-inner kt-row-has-bg kt-layout-id_be6b99-dc\"><div class=\"kt-row-column-wrap kt-has-2-columns kt-gutter-default kt-row-valign-middle kt-row-layout-equal kt-tab-layout-inherit kt-m-colapse-left-to-right kt-mobile-layout-row\">\n<div class=\"wp-block-kadence-column kadence-column1971 inner-column-1\"><div class=\"kt-inside-inner-col\">\n<p><\/p>\n<\/div><\/div>\n\n\n\n<div class=\"wp-block-kadence-column kadence-column6779 inner-column-2\"><div class=\"kt-inside-inner-col\">\n<figure class=\"wp-block-image is-resized hide-on-desk\"><img loading=\"lazy\" decoding=\"async\" src=\"https:\/\/www.biocollagenix.com\/wp-content\/uploads\/2019\/01\/vantaggi-collagene-bere-mob-03.jpg\" alt=\"\" class=\"wp-image-2428\" width=\"560\" height=\"560\" srcset=\"https:\/\/www.biocollagenix.com\/wp-content\/uploads\/2019\/01\/vantaggi-collagene-bere-mob-03.jpg 560w, https:\/\/www.biocollagenix.com\/wp-content\/uploads\/2019\/01\/vantaggi-collagene-bere-mob-03-150x150.jpg 150w, https:\/\/www.biocollagenix.com\/wp-content\/uploads\/2019\/01\/vantaggi-collagene-bere-mob-03-300x300.jpg 300w\" sizes=\"(max-width: 560px) 100vw, 560px\" \/><\/figure>\n\n\n\n<h2 id=\"kt-adv-heading_2aea8d-af\" class=\"wp-block-kadence-advancedheading\">Pr\u00e9venir les rides et tonifier la peau<br\/><\/h2>\n\n\n\n<p>Pour \u00eatre b\u00e9n\u00e9fique \u00e0 l&rsquo;organisme, un compos\u00e9 absorb\u00e9 par voie orale doit \u00eatre capable de franchir la barri\u00e8re intestinale et, \u00e0 travers la circulation sanguine, d&rsquo;atteindre les parties du corps o\u00f9 il sera stock\u00e9 ou utilis\u00e9 dans le cadre des processus m\u00e9taboliques. De nombreuses \u00e9tudes ont prouv\u00e9 que le&nbsp;<strong>collag\u00e8ne hydrolys\u00e9 a la capacit\u00e9 de traverser la barri\u00e8re intestinale.<\/strong><br><\/p>\n\n\n\n<p><strong>Le collag\u00e8ne hydrolys\u00e9<\/strong>&nbsp;\u00e0 boire, gr\u00e2ce \u00e0 sa capacit\u00e9 \u00e0 s&rsquo;accumuler dans la peau, joue un r\u00f4le important dans l&rsquo;am\u00e9lioration de l&rsquo;\u00e9tat de la peau, non seulement en retardant le processus de vieillissement (chrono-vieillissement) mais aussi en le pr\u00e9servant d&rsquo;autres dommages tels que ceux photo-induits (photo-vieillissement).<br><\/p>\n\n\n\n<div style=\"height:20px\" aria-hidden=\"true\" class=\"wp-block-spacer\"><\/div>\n\n\n<style id=\"kt-blocks_a2fdd0-71\">.wp-block-kadence-advancedbtn.kt-btns_a2fdd0-71 .kt-btn-wrap-0 .kt-button{padding-left:25px;padding-right:25px;padding-top:15px;padding-bottom:15px;color:#184489;font-size:15px;background:transparent;border-color:#184489;}.wp-block-kadence-advancedbtn.kt-btns_a2fdd0-71 .kt-btn-wrap-0 .kt-button:hover, .wp-block-kadence-advancedbtn.kt-btns_a2fdd0-71 .kt-btn-wrap-0 .kt-button:focus{color:#ffffff;border-color:#184489;}.wp-block-kadence-advancedbtn.kt-btns_a2fdd0-71 .kt-btn-wrap-0 .kt-button::before{display:none;}.wp-block-kadence-advancedbtn.kt-btns_a2fdd0-71 .kt-btn-wrap-0 .kt-button:hover, .wp-block-kadence-advancedbtn.kt-btns_a2fdd0-71 .kt-btn-wrap-0 .kt-button:focus{background:#184489;}<\/style>\n<div class=\"wp-block-kadence-advancedbtn kt-btn-align-left kt-btns-wrap kt-btns_a2fdd0-71\"><div class=\"kt-btn-wrap kt-btn-wrap-0\"><a class=\"kt-button kt-btn-0-action kt-btn-svg-show-always kt-btn-has-text-true kt-btn-has-svg-false\" href=\"https:\/\/www.biocollagenix.com\/fr\/vieillissement-de-la-peau\/principes-naturels\/\" target=\"_self\" style=\"font-size:15px;border-width:2px;padding-left:25px;padding-right:25px;padding-top:15px;padding-bottom:15px\"><span class=\"kt-btn-inner-text\">EN SAVOIR PLUS SUR LES PRINCIPES ACTIFS<\/span><\/a><\/div><\/div>\n<\/div><\/div>\n<\/div><\/div><\/div>\n\n\n<div class=\"products\">\n    <div class=\"container\">\n        <h3 class=\"products__title\">\n            D\u00e9couvrir les produits \u00e0 base de collag\u00e8ne         <\/h3>\n        <div class=\"products__list\">\n                                                <div class=\"product\">\n                        <div class=\"product__image\">\n                            <a href=\"https:\/\/www.biocollagenix.com\/fr\/biocollagenix-tablettes\/\"><img decoding=\"async\" src=\"https:\/\/www.biocollagenix.com\/wp-content\/uploads\/2019\/10\/ovalette.png\"><\/a>\n                        <\/div>\n                        <div class=\"product__name\">\n                            <a href=\"https:\/\/www.biocollagenix.com\/fr\/biocollagenix-tablettes\/\">Biocollagenix tablettes<\/a>\n                        <\/div>\n                        <div class=\"product__excerpt\">\n                            Compl\u00e9ment alimentaire \u00e0 base de Collag\u00e8ne marin hydrolys\u00e9.                        <\/div>\n                    <\/div>\n                                                                <div class=\"product\">\n                        <div class=\"product__image\">\n                            <a href=\"https:\/\/www.biocollagenix.com\/fr\/patch-pour-les-yeux-biocollagenix\/\"><img decoding=\"async\" src=\"https:\/\/www.biocollagenix.com\/wp-content\/uploads\/2019\/07\/eye-patch-collagene-biocollagenix-new.png\"><\/a>\n                        <\/div>\n                        <div class=\"product__name\">\n                            <a href=\"https:\/\/www.biocollagenix.com\/fr\/patch-pour-les-yeux-biocollagenix\/\">Patch pour les yeux Biocollagenix<\/a>\n                        <\/div>\n                        <div class=\"product__excerpt\">\n                            Patch au collag\u00e8ne pour les yeux : patchs pour un traitement anti-cernes.                        <\/div>\n                    <\/div>\n                                                                <div class=\"product\">\n                        <div class=\"product__image\">\n                            <a href=\"https:\/\/www.biocollagenix.com\/fr\/collagene-en-comprimes\/\"><img decoding=\"async\" src=\"https:\/\/www.biocollagenix.com\/wp-content\/uploads\/2019\/07\/tavolette-collagene-biocollagenix-new.png\"><\/a>\n                        <\/div>\n                        <div class=\"product__name\">\n                            <a href=\"https:\/\/www.biocollagenix.com\/fr\/collagene-en-comprimes\/\">Collag\u00e8ne en comprim\u00e9s<\/a>\n                        <\/div>\n                        <div class=\"product__excerpt\">\n                            Compl\u00e9ment \u00e0 base de collag\u00e8ne marin hydrolys\u00e9 sous la forme pratique de comprim\u00e9s.                        <\/div>\n                    <\/div>\n                                                                <div class=\"product\">\n                        <div class=\"product__image\">\n                            <a href=\"https:\/\/www.biocollagenix.com\/fr\/collagene-a-boire\/\"><img decoding=\"async\" src=\"https:\/\/www.biocollagenix.com\/wp-content\/uploads\/2019\/07\/collagene-bere-new.png\"><\/a>\n                        <\/div>\n                        <div class=\"product__name\">\n                            <a href=\"https:\/\/www.biocollagenix.com\/fr\/collagene-a-boire\/\">Collag\u00e8ne \u00e0 boire<\/a>\n                        <\/div>\n                        <div class=\"product__excerpt\">\n                            Compl\u00e9ment alimentaire \u00e0 boire \u00e0 base de collag\u00e8ne marin I et III, d'acide hyaluronique et de resv\u00e9ratrol.                         <\/div>\n                    <\/div>\n                                    <\/div>\n    <\/div>\n<\/div>\n\n","protected":false},"excerpt":{"rendered":"","protected":false},"author":3,"featured_media":0,"parent":3055,"menu_order":0,"comment_status":"closed","ping_status":"closed","template":"","meta":{"kt_blocks_editor_width":"fullwidth","footnotes":""},"class_list":["post-3027","page","type-page","status-publish","hentry"],"_links":{"self":[{"href":"https:\/\/www.biocollagenix.com\/fr\/wp-json\/wp\/v2\/pages\/3027"}],"collection":[{"href":"https:\/\/www.biocollagenix.com\/fr\/wp-json\/wp\/v2\/pages"}],"about":[{"href":"https:\/\/www.biocollagenix.com\/fr\/wp-json\/wp\/v2\/types\/page"}],"author":[{"embeddable":true,"href":"https:\/\/www.biocollagenix.com\/fr\/wp-json\/wp\/v2\/users\/3"}],"replies":[{"embeddable":true,"href":"https:\/\/www.biocollagenix.com\/fr\/wp-json\/wp\/v2\/comments?post=3027"}],"version-history":[{"count":6,"href":"https:\/\/www.biocollagenix.com\/fr\/wp-json\/wp\/v2\/pages\/3027\/revisions"}],"predecessor-version":[{"id":4695,"href":"https:\/\/www.biocollagenix.com\/fr\/wp-json\/wp\/v2\/pages\/3027\/revisions\/4695"}],"up":[{"embeddable":true,"href":"https:\/\/www.biocollagenix.com\/fr\/wp-json\/wp\/v2\/pages\/3055"}],"wp:attachment":[{"href":"https:\/\/www.biocollagenix.com\/fr\/wp-json\/wp\/v2\/media?parent=3027"}],"curies":[{"name":"wp","href":"https:\/\/api.w.org\/{rel}","templated":true}]}}