{"id":3022,"date":"2018-12-27T14:36:19","date_gmt":"2018-12-27T13:36:19","guid":{"rendered":"https:\/\/www.biocollagenix.com\/i-nostri-test-clinici\/"},"modified":"2019-10-10T16:37:37","modified_gmt":"2019-10-10T14:37:37","slug":"nos-essais-cliniques","status":"publish","type":"page","link":"https:\/\/www.biocollagenix.com\/fr\/vieillissement-de-la-peau\/nos-essais-cliniques\/","title":{"rendered":"Nos essais cliniques"},"content":{"rendered":"<style id=\"kt-blocks_100b86-87\">#kt-layout-id_100b86-87{background-color:#6bb8d4;background-image:url('https:\/\/www.biocollagenix.com\/wp-content\/uploads\/2019\/01\/bg-h1-page.jpg');background-size:cover;background-position:center center;background-attachment:scroll;background-repeat:no-repeat;}#kt-layout-id_100b86-87 > .kt-row-column-wrap{padding-top:0px;max-width:1170px;margin-left:auto;margin-right:auto;}<\/style>\n<div class=\"wp-block-kadence-rowlayout alignnone\"><div id=\"kt-layout-id_100b86-87\" class=\"kt-row-layout-inner kt-row-has-bg kt-layout-id_100b86-87\"><div class=\"kt-row-column-wrap kt-has-1-columns kt-gutter-default kt-row-valign-top kt-row-layout-equal kt-tab-layout-inherit kt-m-colapse-left-to-right kt-mobile-layout-row\">\n<div class=\"wp-block-kadence-column kadence-column1536 inner-column-1\"><div class=\"kt-inside-inner-col\">\t<div class=\"breadcrumb-container white\">\n\t\t<div class=\"breadcrumbs\">\n\t\t\t<span property=\"itemListElement\" typeof=\"ListItem\"><a property=\"item\" typeof=\"WebPage\" title=\"Aller \u00e0 Accueil.\" href=\"https:\/\/www.biocollagenix.com\/fr\/\" class=\"home\" aria-current=\"page\"><span property=\"name\">Accueil<\/span><\/a><meta property=\"position\" content=\"1\"><\/span>\t\t<\/div>\n\t<\/div>\n\n\n\n<style id=\"kt-blocks_e4f8b1-aa\">#kt-adv-heading_e4f8b1-aa, #kt-adv-heading_e4f8b1-aa .wp-block-kadence-advancedheading, .wp-block-kadence-advancedheading.kt-adv-heading_e4f8b1-aa[data-kb-block=\"kb-adv-heading_e4f8b1-aa\"], .kadence-advanced-heading-wrapper .kt-adv-heading_e4f8b1-aa[data-kb-block=\"kb-adv-heading_e4f8b1-aa\"]{color:#ffffff;margin-bottom:1em;}<\/style>\n<h1 id=\"kt-adv-heading_e4f8b1-aa\" style=\"color:#ffffff;margin-bottom:1em\" class=\"wp-block-kadence-advancedheading\"> <br\/>Collag\u00e8ne marin\u00a0: une efficacit\u00e9 d\u00e9montr\u00e9e par nos essais cliniques<br\/><\/h1>\n\n\n\n<p style=\"color:#ffffff\" class=\"has-text-color\">Des tests cliniques ont \u00e9tudi\u00e9 les&nbsp;<strong>effets du collag\u00e8ne marin<\/strong>&nbsp;dans l&rsquo;alimentation quotidienne habituelle. Les r\u00e9sultats ont conduit \u00e0 consid\u00e9rer&nbsp;<strong>Biocollagenix\u00ae ESI<\/strong>&nbsp;comme un compl\u00e9ment s\u00fbr et efficace pour lutter contre le vieillissement cutan\u00e9*.<br><\/p>\n<\/div><\/div>\n<\/div><\/div><\/div>\n\n\n<style id=\"kt-blocks_38a7eb-7c\">#kt-layout-id_38a7eb-7c{background-color:#f1f1f3;background-image:url('https:\/\/www.biocollagenix.com\/wp-content\/uploads\/2019\/01\/bg-home-riequilibrare.jpg');background-size:cover;background-position:center center;background-attachment:scroll;background-repeat:no-repeat;}#kt-layout-id_38a7eb-7c > .kt-row-column-wrap{padding-top:70px;padding-bottom:70px;padding-left:30px;padding-right:30px;min-height:700px;max-width:1170px;margin-left:auto;margin-right:auto;}@media all and (max-width: 767px){#kt-layout-id_38a7eb-7c > .kt-row-column-wrap{padding-top:30px;padding-bottom:30px;}}<\/style>\n<div class=\"wp-block-kadence-rowlayout aligncenter hide-bg-mobile\"><div id=\"kt-layout-id_38a7eb-7c\" class=\"kt-row-layout-inner kt-row-has-bg kt-layout-id_38a7eb-7c\"><div class=\"kt-row-column-wrap kt-has-2-columns kt-gutter-default kt-row-valign-middle kt-row-layout-equal kt-tab-layout-inherit kt-m-colapse-left-to-right kt-mobile-layout-row\">\n<div class=\"wp-block-kadence-column kadence-column9270 inner-column-1\"><div class=\"kt-inside-inner-col\"><\/div><\/div>\n\n\n\n<div class=\"wp-block-kadence-column kadence-column9684 inner-column-2\"><div class=\"kt-inside-inner-col\">\n<figure class=\"wp-block-image is-resized hide-on-desk\"><img loading=\"lazy\" decoding=\"async\" src=\"https:\/\/www.biocollagenix.com\/wp-content\/uploads\/2019\/01\/test-laboratorio-mob-01.jpg\" alt=\"\" class=\"wp-image-2509\" width=\"560\" height=\"560\" srcset=\"https:\/\/www.biocollagenix.com\/wp-content\/uploads\/2019\/01\/test-laboratorio-mob-01.jpg 560w, https:\/\/www.biocollagenix.com\/wp-content\/uploads\/2019\/01\/test-laboratorio-mob-01-150x150.jpg 150w, https:\/\/www.biocollagenix.com\/wp-content\/uploads\/2019\/01\/test-laboratorio-mob-01-300x300.jpg 300w\" sizes=\"(max-width: 560px) 100vw, 560px\" \/><\/figure>\n\n\n\n<h2 id=\"kt-adv-heading_40489b-bc\" class=\"wp-block-kadence-advancedheading\"> <br\/>Les effets des compl\u00e9ments au collag\u00e8ne \u00e0 ing\u00e9rer.<br\/><\/h2>\n\n\n\n<p>Le vieillissement cutan\u00e9 est l&rsquo;un des domaines de recherche les plus actifs, tant dans le domaine m\u00e9dical que dans celui de la chirurgie esth\u00e9tique. En particulier, un nombre croissant de m\u00e9thodes non invasives sont \u00e9tudi\u00e9es pour pr\u00e9venir et ralentir l&rsquo;apparition des rides ou pour prolonger l&rsquo;effet d&rsquo;une intervention plus invasive, comme les injections. Une \u00e9tude r\u00e9cente publi\u00e9e dans la revue&nbsp;<em>Aesthetic Medicine*<\/em>&nbsp;a analys\u00e9 les&nbsp;<strong>effets du collag\u00e8ne absorb\u00e9 par voie orale<\/strong>. Une \u00e9quipe de m\u00e9decins et de chercheurs a test\u00e9&nbsp;<strong>Biocollagenix\u00ae ESI<\/strong>&nbsp;sur une cohorte de 70 patients et a \u00e9valu\u00e9 son efficacit\u00e9 au moyen de mesures \u00e9chographiques de l&rsquo;\u00e9paisseur dermique apr\u00e8s traitement.<br><\/p>\n<\/div><\/div>\n<\/div><\/div><\/div>\n\n\n<style id=\"kt-blocks_e97ce9-aa\">#kt-layout-id_e97ce9-aa{background-color:#e7efe1;background-image:url('https:\/\/www.biocollagenix.com\/wp-content\/uploads\/2019\/01\/bg-invecchiamento-secondo-fascione.jpg');background-size:cover;background-position:center center;background-attachment:scroll;background-repeat:no-repeat;}#kt-layout-id_e97ce9-aa > .kt-row-column-wrap{padding-top:70px;padding-bottom:70px;padding-left:30px;padding-right:30px;min-height:700px;max-width:1170px;margin-left:auto;margin-right:auto;}@media all and (max-width: 767px){#kt-layout-id_e97ce9-aa > .kt-row-column-wrap{padding-top:30px;padding-bottom:30px;}}<\/style>\n<div class=\"wp-block-kadence-rowlayout aligncenter hide-bg-mobile\"><div id=\"kt-layout-id_e97ce9-aa\" class=\"kt-row-layout-inner kt-row-has-bg kt-layout-id_e97ce9-aa\"><div class=\"kt-row-column-wrap kt-has-2-columns kt-gutter-default kt-row-valign-middle kt-row-layout-equal kt-tab-layout-inherit kt-m-colapse-left-to-right kt-mobile-layout-row\">\n<div class=\"wp-block-kadence-column kadence-column4574 inner-column-1\"><div class=\"kt-inside-inner-col\">\n<figure class=\"wp-block-image is-resized hide-on-desk\"><img loading=\"lazy\" decoding=\"async\" src=\"https:\/\/www.biocollagenix.com\/wp-content\/uploads\/2019\/01\/invecchiamento-cutaneo-mob-02.jpg\" alt=\"\" class=\"wp-image-2498\" width=\"560\" height=\"560\" srcset=\"https:\/\/www.biocollagenix.com\/wp-content\/uploads\/2019\/01\/invecchiamento-cutaneo-mob-02.jpg 560w, https:\/\/www.biocollagenix.com\/wp-content\/uploads\/2019\/01\/invecchiamento-cutaneo-mob-02-150x150.jpg 150w, https:\/\/www.biocollagenix.com\/wp-content\/uploads\/2019\/01\/invecchiamento-cutaneo-mob-02-300x300.jpg 300w\" sizes=\"(max-width: 560px) 100vw, 560px\" \/><\/figure>\n\n\n\n<h2 id=\"kt-adv-heading_08079b-7d\" class=\"wp-block-kadence-advancedheading\"> <br\/>La recherche en laboratoire.<br\/><\/h2>\n\n\n\n<p>Le&nbsp;<strong>vieillissement chronologique<\/strong>&nbsp;ou intrins\u00e8que est un processus cumulatif dans le temps, qui conduit \u00e0 une r\u00e9duction de l&rsquo;\u00e9paisseur de la matrice dermique. En outre, chez les peaux chronologiquement \u00e2g\u00e9es, l&rsquo;hom\u00e9ostasie du collag\u00e8ne est aberrante et pr\u00e9sente une synth\u00e8se r\u00e9duite des pro-collag\u00e8nes de type I et de type III. Sur la base de ces pr\u00e9misses,&nbsp;<strong>l&rsquo;\u00e9tude sur les produits Biocollagenix\u00ae ESI visait \u00e0 \u00e9valuer l&rsquo;effet in vivo et les propri\u00e9t\u00e9s antioxydantes de l&rsquo;hydrolysat de collag\u00e8ne<\/strong>&nbsp;des poissons marins.<br><\/p>\n\n\n\n<p>L&rsquo;\u00e9tude multicentrique a \u00e9t\u00e9 men\u00e9e aupr\u00e8s de 70 non-fumeurs \u00e2g\u00e9s de 45 \u00e0 65 ans, vivant dans diff\u00e9rentes villes italiennes.&nbsp;<strong>Biocollagenix\u00ae a \u00e9t\u00e9 administr\u00e9 pendant 20 jours \u00e0 raison d&rsquo;une ampoule par jour.<\/strong>&nbsp;Les patients devaient remplir un formulaire d&rsquo;\u00e9valuation avant et apr\u00e8s le traitement indiquant un score sur une \u00e9chelle de 1 \u00e0 5 pour indiquer&nbsp;<strong>l&rsquo;\u00e9tat d&rsquo;\u00e9lasticit\u00e9, d&rsquo;hydratation, de tonicit\u00e9 et d&rsquo;\u00e9clat de la peau<\/strong>. Tous les patients ont \u00e9t\u00e9 soumis \u00e0&nbsp;<strong>une \u00e9chographie des tissus faciaux avant et apr\u00e8s pour \u00e9valuer le trophisme dermique<\/strong>.&nbsp;<br><br><br><\/p>\n<\/div><\/div>\n\n\n\n<div class=\"wp-block-kadence-column kadence-column8941 inner-column-2\"><div class=\"kt-inside-inner-col\">\n<p><\/p>\n<\/div><\/div>\n<\/div><\/div><\/div>\n\n\n<style id=\"kt-blocks_e7bc6e-e5\">#kt-layout-id_e7bc6e-e5{background-color:#eefaf6;background-image:url('https:\/\/www.biocollagenix.com\/wp-content\/uploads\/2019\/01\/bg-invecchiamento-terzo-fascione.jpg');background-size:cover;background-position:center center;background-attachment:scroll;background-repeat:no-repeat;}#kt-layout-id_e7bc6e-e5 > .kt-row-column-wrap{padding-top:70px;padding-bottom:70px;padding-left:30px;padding-right:30px;min-height:700px;max-width:1170px;margin-left:auto;margin-right:auto;}@media all and (max-width: 767px){#kt-layout-id_e7bc6e-e5 > .kt-row-column-wrap{padding-top:30px;padding-bottom:30px;}}<\/style>\n<div class=\"wp-block-kadence-rowlayout aligncenter hide-bg-mobile\"><div id=\"kt-layout-id_e7bc6e-e5\" class=\"kt-row-layout-inner kt-row-has-bg kt-layout-id_e7bc6e-e5\"><div class=\"kt-row-column-wrap kt-has-2-columns kt-gutter-default kt-row-valign-middle kt-row-layout-equal kt-tab-layout-inherit kt-m-colapse-left-to-right kt-mobile-layout-row\">\n<div class=\"wp-block-kadence-column kadence-column8091 inner-column-1\"><div class=\"kt-inside-inner-col\">\n<p><\/p>\n<\/div><\/div>\n\n\n\n<div class=\"wp-block-kadence-column kadence-column5850 inner-column-2\"><div class=\"kt-inside-inner-col\">\n<figure class=\"wp-block-image is-resized hide-on-desk\"><img loading=\"lazy\" decoding=\"async\" src=\"https:\/\/www.biocollagenix.com\/wp-content\/uploads\/2019\/01\/invecchiamento-cutaneo-mob-03.jpg\" alt=\"\" class=\"wp-image-2500\" width=\"560\" height=\"560\" srcset=\"https:\/\/www.biocollagenix.com\/wp-content\/uploads\/2019\/01\/invecchiamento-cutaneo-mob-03.jpg 560w, https:\/\/www.biocollagenix.com\/wp-content\/uploads\/2019\/01\/invecchiamento-cutaneo-mob-03-150x150.jpg 150w, https:\/\/www.biocollagenix.com\/wp-content\/uploads\/2019\/01\/invecchiamento-cutaneo-mob-03-300x300.jpg 300w\" sizes=\"(max-width: 560px) 100vw, 560px\" \/><\/figure>\n\n\n\n<h2 id=\"kt-adv-heading_c38061-de\" class=\"wp-block-kadence-advancedheading\"> <br\/>R\u00e9sultats de l&rsquo;\u00e9tude sur les produits Biocollagenix\u00ae<br\/><\/h2>\n\n\n\n<p>Voici un r\u00e9sum\u00e9 des r\u00e9sultats de l&rsquo;\u00e9tude sur&nbsp;<strong>l&rsquo;efficacit\u00e9 de Biocollagenix\u00ae<\/strong>. La valeur moyenne de chaque param\u00e8tre a \u00e9t\u00e9 calcul\u00e9e sur la base des formulaires d&rsquo;\u00e9valuation remplis par les participants.<br><\/p>\n\n\n\n<table class=\"wp-block-table is-style-regular\"><tbody><tr><td> 70 PATIENTS<br><\/td><td> Prime de traitement&nbsp;<br>(valeur moyenne)<br><\/td><td>Apr\u00e8s traitement&nbsp;<br>(valeur moyenne) <\/td><\/tr><tr><td> \u00c9lasticit\u00e9 <\/td><td>2<\/td><td>4<\/td><\/tr><tr><td> Hydratation<br><\/td><td>3<\/td><td>5<\/td><\/tr><tr><td> Tonus<br><\/td><td>2<\/td><td>5<\/td><\/tr><tr><td>Luminosit\u00e9 <\/td><td>2<\/td><td>3<\/td><\/tr><\/tbody><\/table>\n\n\n\n<p style=\"font-size:10px\"><strong>Tableau 1<\/strong>&nbsp;&#8211; La valeur moyenne de gain l&rsquo;\u00e9lasticit\u00e9 par le traitement \u00e9tait de 2 points \u00e0 la fin du traitement. La valeur moyenne d&rsquo;hydratation avant traitement \u00e9tait de 3 avec une am\u00e9lioration moyenne de 2 points \u00e0 la fin du traitement. La valeur moyenne du tonus \u00e9tait de 2 avec une am\u00e9lioration moyenne de 3 points \u00e0 la fin du traitement. La valeur moyenne de la luminosit\u00e9 avant traitement \u00e9tait de 2 avec une am\u00e9lioration moyenne de 1 point \u00e0 la fin du traitement.<br><\/p>\n\n\n\n<p>De plus, avant le traitement,&nbsp;<strong>l&rsquo;\u00e9paisseur moyenne de la peau \u00e9tait de 0,11 cm, alors qu&rsquo;\u00e0 la fin du traitement elle \u00e9tait de 0,13 cm,<\/strong>&nbsp;avec une augmentation moyenne de 0,02 cm.<br><\/p>\n<\/div><\/div>\n<\/div><\/div><\/div>\n\n\n<style id=\"kt-blocks_3e4af4-e2\">#kt-layout-id_3e4af4-e2{background-color:#eaf8fe;}#kt-layout-id_3e4af4-e2 > .kt-row-column-wrap{padding-top:70px;padding-bottom:70px;padding-left:30px;padding-right:30px;min-height:700px;max-width:1170px;margin-left:auto;margin-right:auto;}<\/style>\n<div class=\"wp-block-kadence-rowlayout aligncenter\"><div id=\"kt-layout-id_3e4af4-e2\" class=\"kt-row-layout-inner kt-row-has-bg kt-layout-id_3e4af4-e2\"><div class=\"kt-row-column-wrap kt-has-2-columns kt-gutter-default kt-row-valign-middle kt-row-layout-equal kt-tab-layout-inherit kt-m-colapse-left-to-right kt-mobile-layout-row\">\n<div class=\"wp-block-kadence-column kadence-column2409 inner-column-1\"><div class=\"kt-inside-inner-col\">\n<h2 id=\"kt-adv-heading_2c9ca9-ef\" class=\"wp-block-kadence-advancedheading\"> <br\/>Biocollagenix\u00ae\u00a0: une ligne s\u00fbre test\u00e9e en laboratoire<br\/><\/h2>\n\n\n\n<p><strong>La peau est la partie du corps qui refl\u00e8te le plus l&rsquo;\u00e9coulement du temps.&nbsp;<\/strong>L&rsquo;\u00e9tude a prouv\u00e9 que l&rsquo;administration de&nbsp;<strong>Biocollagenix\u00ae a des effets b\u00e9n\u00e9fiques sur la peau, les cheveux et les ongles.<\/strong>&nbsp;Les nutriments contenus dans le compl\u00e9ment oral atteignent l&rsquo;\u00e9piderme \u00e0 travers le sang, jusqu&rsquo;aux couches les plus profondes des cellules. Son action est id\u00e9ale pour les personnes qui travaillent dans des endroits climatis\u00e9s qui ass\u00e8chent la peau, pour ceux qui ne suivent pas un r\u00e9gime alimentaire appropri\u00e9, pour les soins post-natals du corps et apr\u00e8s un r\u00e9gime hypocalorique,&nbsp;<strong>afin d&rsquo;enrayer le processus de vieillissement<\/strong>.<br><\/p>\n\n\n\n<p>Les r\u00e9sultats des essais cliniques indiquent que&nbsp;<strong>Biocollagenix\u00ae<\/strong>&nbsp;est un compl\u00e9ment pouvant \u00eatre consid\u00e9r\u00e9 comme une aide&nbsp;<strong>pr\u00e9cieuse pour pr\u00e9venir le vieillissement de la peau et am\u00e9liorer le trophisme cutan\u00e9<\/strong>.&nbsp;<strong>Il s&rsquo;agit en particulier du visage et du cou.<\/strong><br><\/p>\n<\/div><\/div>\n\n\n\n<div class=\"wp-block-kadence-column kadence-column4449 inner-column-2\"><div class=\"kt-inside-inner-col\">\n<p><\/p>\n<\/div><\/div>\n<\/div><\/div><\/div>\n\n\n\n<div class=\"wp-block-kadence-rowlayout alignnone container\"><div id=\"kt-layout-id_f5bb7f-3f\" class=\"kt-row-layout-inner  kt-layout-id_f5bb7f-3f\"><div class=\"kt-row-column-wrap kt-has-1-columns kt-gutter-default kt-row-valign-top kt-row-layout-equal kt-tab-layout-inherit kt-m-colapse-left-to-right kt-mobile-layout-row\">\n<div class=\"wp-block-kadence-column kadence-column6704 inner-column-1\"><div class=\"kt-inside-inner-col\">\n<p style=\"font-size:12px\"> <br>*Effectiveness and effects of the introduction of ESI collagen in the diet, publi\u00e9 dans la revue Aesthetic Medicine, 2017&nbsp;; 3(3):22-27. <\/p>\n<\/div><\/div>\n<\/div><\/div><\/div>\n\n\n<div class=\"products\">\n    <div class=\"container\">\n        <h3 class=\"products__title\">\n            D\u00e9couvrir les produits \u00e0 base de collag\u00e8ne         <\/h3>\n        <div class=\"products__list\">\n                                                <div class=\"product\">\n                        <div class=\"product__image\">\n                            <a href=\"https:\/\/www.biocollagenix.com\/fr\/biocollagenix-tablettes\/\"><img decoding=\"async\" src=\"https:\/\/www.biocollagenix.com\/wp-content\/uploads\/2019\/10\/ovalette.png\"><\/a>\n                        <\/div>\n                        <div class=\"product__name\">\n                            <a href=\"https:\/\/www.biocollagenix.com\/fr\/biocollagenix-tablettes\/\">Biocollagenix tablettes<\/a>\n                        <\/div>\n                        <div class=\"product__excerpt\">\n                            Compl\u00e9ment alimentaire \u00e0 base de Collag\u00e8ne marin hydrolys\u00e9.                        <\/div>\n                    <\/div>\n                                                                <div class=\"product\">\n                        <div class=\"product__image\">\n                            <a href=\"https:\/\/www.biocollagenix.com\/fr\/patch-pour-les-yeux-biocollagenix\/\"><img decoding=\"async\" src=\"https:\/\/www.biocollagenix.com\/wp-content\/uploads\/2019\/07\/eye-patch-collagene-biocollagenix-new.png\"><\/a>\n                        <\/div>\n                        <div class=\"product__name\">\n                            <a href=\"https:\/\/www.biocollagenix.com\/fr\/patch-pour-les-yeux-biocollagenix\/\">Patch pour les yeux Biocollagenix<\/a>\n                        <\/div>\n                        <div class=\"product__excerpt\">\n                            Patch au collag\u00e8ne pour les yeux : patchs pour un traitement anti-cernes.                        <\/div>\n                    <\/div>\n                                                                <div class=\"product\">\n                        <div class=\"product__image\">\n                            <a href=\"https:\/\/www.biocollagenix.com\/fr\/collagene-en-comprimes\/\"><img decoding=\"async\" src=\"https:\/\/www.biocollagenix.com\/wp-content\/uploads\/2019\/07\/tavolette-collagene-biocollagenix-new.png\"><\/a>\n                        <\/div>\n                        <div class=\"product__name\">\n                            <a href=\"https:\/\/www.biocollagenix.com\/fr\/collagene-en-comprimes\/\">Collag\u00e8ne en comprim\u00e9s<\/a>\n                        <\/div>\n                        <div class=\"product__excerpt\">\n                            Compl\u00e9ment \u00e0 base de collag\u00e8ne marin hydrolys\u00e9 sous la forme pratique de comprim\u00e9s.                        <\/div>\n                    <\/div>\n                                                                <div class=\"product\">\n                        <div class=\"product__image\">\n                            <a href=\"https:\/\/www.biocollagenix.com\/fr\/collagene-a-boire\/\"><img decoding=\"async\" src=\"https:\/\/www.biocollagenix.com\/wp-content\/uploads\/2019\/07\/collagene-bere-new.png\"><\/a>\n                        <\/div>\n                        <div class=\"product__name\">\n                            <a href=\"https:\/\/www.biocollagenix.com\/fr\/collagene-a-boire\/\">Collag\u00e8ne \u00e0 boire<\/a>\n                        <\/div>\n                        <div class=\"product__excerpt\">\n                            Compl\u00e9ment alimentaire \u00e0 boire \u00e0 base de collag\u00e8ne marin I et III, d'acide hyaluronique et de resv\u00e9ratrol.                         <\/div>\n                    <\/div>\n                                    <\/div>\n    <\/div>\n<\/div>\n\n\n\n\n<p><\/p>\n","protected":false},"excerpt":{"rendered":"","protected":false},"author":4,"featured_media":0,"parent":3053,"menu_order":0,"comment_status":"closed","ping_status":"closed","template":"","meta":{"kt_blocks_editor_width":"fullwidth","footnotes":""},"class_list":["post-3022","page","type-page","status-publish","hentry"],"_links":{"self":[{"href":"https:\/\/www.biocollagenix.com\/fr\/wp-json\/wp\/v2\/pages\/3022"}],"collection":[{"href":"https:\/\/www.biocollagenix.com\/fr\/wp-json\/wp\/v2\/pages"}],"about":[{"href":"https:\/\/www.biocollagenix.com\/fr\/wp-json\/wp\/v2\/types\/page"}],"author":[{"embeddable":true,"href":"https:\/\/www.biocollagenix.com\/fr\/wp-json\/wp\/v2\/users\/4"}],"replies":[{"embeddable":true,"href":"https:\/\/www.biocollagenix.com\/fr\/wp-json\/wp\/v2\/comments?post=3022"}],"version-history":[{"count":4,"href":"https:\/\/www.biocollagenix.com\/fr\/wp-json\/wp\/v2\/pages\/3022\/revisions"}],"predecessor-version":[{"id":4227,"href":"https:\/\/www.biocollagenix.com\/fr\/wp-json\/wp\/v2\/pages\/3022\/revisions\/4227"}],"up":[{"embeddable":true,"href":"https:\/\/www.biocollagenix.com\/fr\/wp-json\/wp\/v2\/pages\/3053"}],"wp:attachment":[{"href":"https:\/\/www.biocollagenix.com\/fr\/wp-json\/wp\/v2\/media?parent=3022"}],"curies":[{"name":"wp","href":"https:\/\/api.w.org\/{rel}","templated":true}]}}