{"id":3018,"date":"2018-12-27T14:29:24","date_gmt":"2018-12-27T13:29:24","guid":{"rendered":"https:\/\/www.biocollagenix.com\/eye-patch-al-collagene\/"},"modified":"2020-08-05T12:43:39","modified_gmt":"2020-08-05T10:43:39","slug":"patch-pour-les-yeux-biocollagenix","status":"publish","type":"page","link":"https:\/\/www.biocollagenix.com\/fr\/patch-pour-les-yeux-biocollagenix\/","title":{"rendered":"Patch pour les yeux Biocollagenix"},"content":{"rendered":"<style id=\"kt-blocks_8bed1b-fe\">@media all and (max-width: 767px){#kt-layout-id_8bed1b-fe > .kt-row-column-wrap{padding-top:0px;padding-bottom:0px;}}<\/style>\n<div class=\"wp-block-kadence-rowlayout alignnone container\"><div id=\"kt-layout-id_8bed1b-fe\" class=\"kt-row-layout-inner kt-layout-id_8bed1b-fe\"><div class=\"kt-row-column-wrap kt-has-2-columns kt-gutter-default kt-v-gutter-default kt-row-valign-top kt-row-layout-equal kt-tab-layout-inherit kt-m-colapse-left-to-right kt-mobile-layout-row\">\n<div class=\"wp-block-kadence-column inner-column-1 kadence-column_a3d251-73 img-prodotto\"><div class=\"kt-inside-inner-col\">\n<figure class=\"wp-block-image size-large\"><img loading=\"lazy\" decoding=\"async\" width=\"1000\" height=\"1000\" src=\"https:\/\/www.biocollagenix.com\/wp-content\/uploads\/2020\/08\/eyepatch.jpg\" alt=\"\" class=\"wp-image-4819\" srcset=\"https:\/\/www.biocollagenix.com\/wp-content\/uploads\/2020\/08\/eyepatch.jpg 1000w, https:\/\/www.biocollagenix.com\/wp-content\/uploads\/2020\/08\/eyepatch-300x300.jpg 300w, https:\/\/www.biocollagenix.com\/wp-content\/uploads\/2020\/08\/eyepatch-150x150.jpg 150w, https:\/\/www.biocollagenix.com\/wp-content\/uploads\/2020\/08\/eyepatch-768x768.jpg 768w\" sizes=\"(max-width: 1000px) 100vw, 1000px\" \/><\/figure>\n\n\n\n<div class=\"social-share\">\n   [fb_button]\n   <div class=\"twitter\">\n       <a href=\"https:\/\/twitter.com\/share\" class=\"twitter-share-button\" data-via=\"esi_italia\">Tweet<\/a>\n       <script>!function(d,s,id){var js,fjs=d.getElementsByTagName(s)[0],p=\/^http:\/.test(d.location)?'http':'https';if(!d.getElementById(id)){js=d.createElement(s);js.id=id;js.src=p+':\/\/platform.twitter.com\/widgets.js';fjs.parentNode.insertBefore(js,fjs);}}(document, 'script', 'twitter-wjs');<\/script>\n   <\/div>\n   <div class=\"google\">\n       <div class=\"g-plusone\" data-size=\"medium\" data-annotation=\"none\"><\/div>\n   <\/div>\n   <div class=\"pinterest\">\n       <a href=\"\/\/www.pinterest.com\/pin\/create\/button\/\" data-pin-do=\"buttonBookmark\" data-pin-color=\"white\"><img decoding=\"async\" src=\"\/\/assets.pinterest.com\/images\/pidgets\/pinit_fg_en_rect_white_20.png\"><\/a>\n       <script type=\"text\/javascript\" async=\"\" defer=\"\" src=\"\/\/assets.pinterest.com\/js\/pinit.js\"><\/script>\n   <\/div>\n<\/div>\n<\/div><\/div>\n\n\n\n<div class=\"wp-block-kadence-column inner-column-2 kadence-column_2d95a6-8a info-prodotto\"><div class=\"kt-inside-inner-col\"><style id=\"kt-blocks_c7c267-20\">#kt-layout-id_c7c267-20 > .kt-row-column-wrap{padding-top:0px;padding-bottom:0px;}<\/style>\n<div class=\"wp-block-kadence-rowlayout alignnone title-and-price\"><div id=\"kt-layout-id_c7c267-20\" class=\"kt-row-layout-inner kt-layout-id_c7c267-20\"><div class=\"kt-row-column-wrap kt-has-1-columns kt-gutter-default kt-v-gutter-default kt-row-valign-top kt-row-layout-equal kt-tab-layout-inherit kt-m-colapse-left-to-right kt-mobile-layout-row\">\n<div class=\"wp-block-kadence-column inner-column-1 kadence-column_44ae7d-f3\"><div class=\"kt-inside-inner-col\"><style id=\"kt-blocks_410a93-ae\">#kt-adv-heading_410a93-ae mark, #kt-adv-heading_410a93-ae .wp-block-kadence-advancedheading mark, .kt-adv-heading_410a93-ae[data-kb-block=\"kb-adv-heading_410a93-ae\"] mark{padding:0px 0px 0px 0px;}<\/style>\n<h1 id=\"kt-adv-heading_410a93-ae\" class=\"kt-adv-heading_410a93-ae wp-block-kadence-advancedheading\">Patch pour les yeux Biocollagenix<br><\/h1>\n<\/div><\/div>\n<\/div><\/div><\/div>\n\n\n\n<p class=\"has-medium-font-size\"><strong>Patch au collag\u00e8ne pour les yeux&nbsp;: patchs pour un traitement anti-cernes.<\/strong><br><\/p>\n\n\n\n<p>Des&nbsp;<strong>patchs innovants pour le traitement du contour des yeux,<\/strong> r\u00e9alis\u00e9s avec un hydrogel sp\u00e9cial \u00e0 base d&rsquo;un concentr\u00e9 de principes actifs naturels&nbsp;: Collag\u00e8ne marin hydrolys\u00e9 de type I, caf\u00e9ine, trois acides hyaluroniques de trois poids mol\u00e9culaires diff\u00e9rents pour limiter l&rsquo;\u00e9vaporation de l&rsquo;eau de la peau et pr\u00e9server son \u00e9lasticit\u00e9.&nbsp;<strong>Le Biocollagenix Eye Patch<\/strong>&nbsp;hydrate et d\u00e9tend la peau,&nbsp;<strong>att\u00e9nue les signes de fatigue, les poches et les cernes<\/strong>. L&rsquo;hydrogel sp\u00e9cial est fourni sur un support non tiss\u00e9 souple, pratique et facile \u00e0 utiliser. Pour mieux profiter de ses avantages, il est recommand\u00e9 de r\u00e9frig\u00e9rer le produit pendant 10 \u00e0 15 minutes avant de l&rsquo;appliquer. Il est conseill\u00e9 d&rsquo;utiliser le produit 1 \u00e0 2 fois par semaine, ou selon les besoins.<br><\/p>\n\n\n\n<p> <br><strong>Emballage&nbsp;:<\/strong>&nbsp;14 patchs (non r\u00e9utilisables)<br><strong>Mode d&#8217;emploi&nbsp;:<\/strong>&nbsp;nettoyer et s\u00e9cher le visage, retirer le patch de son enveloppe protectrice sans toucher le gel, appliquer le patch sur le contour des yeux pendant 15 \u00e0 25 minutes.<br><\/p>\n\n\n\n<div class='btn-test-clinici'><a href='\/fr\/vieillissement-de-la-peau\/nos-essais-cliniques\/'>ALLER AUX ESSAIS CLINIQUES<\/a><\/div>\n\n\n\n<p><\/p>\n<\/div><\/div>\n<\/div><\/div><\/div>\n\n\n<style id=\"kt-blocks_a60d45-d9\">#kt-layout-id_a60d45-d9 > .kt-row-column-wrap{padding-top:40px;padding-bottom:40px;padding-left:40px;padding-right:40px;}@media all and (max-width: 767px){#kt-layout-id_a60d45-d9 > .kt-row-column-wrap{padding-top:15px;padding-bottom:15px;padding-left:15px;padding-right:15px;}}<\/style>\n<div class=\"wp-block-kadence-rowlayout alignnone box-ingredienti container\"><div id=\"kt-layout-id_a60d45-d9\" class=\"kt-row-layout-inner kt-layout-id_a60d45-d9\"><div class=\"kt-row-column-wrap kt-has-1-columns kt-gutter-default kt-v-gutter-default kt-row-valign-top kt-row-layout-equal kt-tab-layout-inherit kt-m-colapse-left-to-right kt-mobile-layout-row\">\n<div class=\"wp-block-kadence-column inner-column-1 kadence-column_490096-94\"><div class=\"kt-inside-inner-col\"><style id=\"kt-blocks_72080c-5a\">#kt-adv-heading_72080c-5a mark, #kt-adv-heading_72080c-5a .wp-block-kadence-advancedheading mark, .kt-adv-heading_72080c-5a[data-kb-block=\"kb-adv-heading_72080c-5a\"] mark{padding:0px 0px 0px 0px;}<\/style>\n<h2 id=\"kt-adv-heading_72080c-5a\" class=\"kt-adv-heading_72080c-5a wp-block-kadence-advancedheading\">Ingr\u00e9dients<\/h2>\n\n\n<style id=\"kt-blocks_863d8f-b5\">#kt-layout-id_863d8f-b5 > .kt-row-column-wrap{padding-bottom:0px;}<\/style>\n<div class=\"wp-block-kadence-rowlayout alignnone\"><div id=\"kt-layout-id_863d8f-b5\" class=\"kt-row-layout-inner kt-layout-id_863d8f-b5\"><div class=\"kt-row-column-wrap kt-has-3-columns kt-gutter-default kt-v-gutter-default kt-row-valign-top kt-row-layout-equal kt-tab-layout-inherit kt-m-colapse-left-to-right kt-mobile-layout-row\">\n<div class=\"wp-block-kadence-column inner-column-1 kadence-column_525858-d0\"><div class=\"kt-inside-inner-col\"><style id=\"kt-blocks_50c725-23\">#kt-layout-id_50c725-23 > .kt-row-column-wrap{padding-top:0px;padding-bottom:0px;}<\/style>\n<div class=\"wp-block-kadence-rowlayout alignnone\"><div id=\"kt-layout-id_50c725-23\" class=\"kt-row-layout-inner kt-layout-id_50c725-23\"><div class=\"kt-row-column-wrap kt-has-1-columns kt-gutter-default kt-v-gutter-default kt-row-valign-top kt-row-layout-equal kt-tab-layout-inherit kt-m-colapse-left-to-right kt-mobile-layout-row\">\n<div class=\"wp-block-kadence-column inner-column-1 kadence-column_8d204b-3c\"><div class=\"kt-inside-inner-col\">\n<p>Aqua, Polyvinyl Alcohol, Kaolin, Polyacrylic Acid, Gelatin, Sodium, Hydroxid, Cellulose Gum, Glycerin, Parfum, Ginkgo Biloba Leaf Extract, Sodium, Hyaluronate, Benzoic Acid, Caffeine, Aesculus, Hippocastanum Leaf Extract, Hydrolized Collagen, Phenylpropanol, Propanediol, Caprylyl Glycol, Tocopherol<br><\/p>\n<\/div><\/div>\n<\/div><\/div><\/div>\n<\/div><\/div>\n\n\n<style id=\"kt-blocks_a7bac8-49\">.kt-row-layout-inner > .kt-row-column-wrap > .kadence-column_a7bac8-49 > .kt-inside-inner-col{padding-left:40px;padding-right:40px;}@media all and (max-width: 767px){.kt-row-layout-inner > .kt-row-column-wrap > .kadence-column_a7bac8-49 > .kt-inside-inner-col{padding-left:0px;padding-right:0px;margin-top:20px;margin-bottom:20px;}}<\/style>\n<div class=\"wp-block-kadence-column inner-column-2 kadence-column_a7bac8-49\"><div class=\"kt-inside-inner-col\">\n<p><strong>Ne contient pas de:<\/strong><br>Ar\u00f4mes artificiels, Colorants artificiels, Gluten, Lactose, OGM, Sucres  <strong><br><br>Rem\u00e8de pour:<\/strong><br>Antioxydants, Bien-\u00eatre de la peau<\/p>\n\n\n\n<p><strong>Ne contient pas de&nbsp;:<\/strong><br>ar\u00f4mes artificiels, colorants artificiels, gluten, lactose, OGM, sucres<\/p>\n\n\n\n<p><strong>Rem\u00e8de pour&nbsp;:<\/strong><br>antioxydants, bien-\u00eatre de la peau\n\n<\/p>\n\n\n<style id=\"kt-blocks_d86124-02\">.kt-btns_d86124-02 .kt-button{font-family:'Source Sans Pro';font-weight:600;}.wp-block-kadence-advancedbtn.kt-btns_d86124-02 .kt-btn-wrap-0 .kt-button{padding-left:1px;padding-right:1px;padding-top:15px;padding-bottom:15px;color:#1d4d93;font-size:17px;background:transparent;border-color:#555555;}.wp-block-kadence-advancedbtn.kt-btns_d86124-02 .kt-btn-wrap-0 .kt-button:hover, .wp-block-kadence-advancedbtn.kt-btns_d86124-02 .kt-btn-wrap-0 .kt-button:focus{color:#61a940;}.wp-block-kadence-advancedbtn.kt-btns_d86124-02 .kt-btn-wrap-0 .kt-button::before{display:none;}.wp-block-kadence-advancedbtn.kt-btns_d86124-02 .kt-btn-wrap-0 .kt-button:hover, .wp-block-kadence-advancedbtn.kt-btns_d86124-02 .kt-btn-wrap-0 .kt-button:focus{background:#444444;}.wp-block-kadence-advancedbtn.kt-btns_d86124-02 .kt-btn-wrap-1 .kt-button{color:#555555;font-size:18px;background:transparent;border-color:#555555;}.wp-block-kadence-advancedbtn.kt-btns_d86124-02 .kt-btn-wrap-1 .kt-button:hover, .wp-block-kadence-advancedbtn.kt-btns_d86124-02 .kt-btn-wrap-1 .kt-button:focus{color:#ffffff;border-color:#444444;}.wp-block-kadence-advancedbtn.kt-btns_d86124-02 .kt-btn-wrap-1 .kt-button::before{display:none;}.wp-block-kadence-advancedbtn.kt-btns_d86124-02 .kt-btn-wrap-1 .kt-button:hover, .wp-block-kadence-advancedbtn.kt-btns_d86124-02 .kt-btn-wrap-1 .kt-button:focus{background:#444444;}<\/style>\n<div class=\"wp-block-kadence-advancedbtn kt-btn-align-left kt-btn-tablet-align-inherit kt-btn-mobile-align-inherit kt-btns-wrap kt-btns_d86124-02\"><div class=\"kt-btn-wrap kt-btn-wrap-0\"><a class=\"kt-button button kt-btn-0-action kt-btn-size-custom kt-btn-style-basic kt-btn-svg-show-always kt-btn-has-text-true kt-btn-has-svg-true\" href=\"https:\/\/www.biocollagenix.com\/fr\/vieillissement-de-la-peau\/principes-naturels\/\" style=\"border-radius:0px;border-width:0px\"><div style=\"display:inline-flex;justify-content:center;align-items:center\" class=\"kt-btn-svg-icon kt-btn-svg-icon-fe_arrowRight kt-btn-side-left\"><svg style=\"display:inline-block;vertical-align:middle\" viewbox=\"0 0 24 24\" height=\"17\" width=\"17\" fill=\"none\" stroke=\"currentColor\" xmlns=\"http:\/\/www.w3.org\/2000\/svg\" stroke-width=\"2\" stroke-linecap=\"round\" stroke-linejoin=\"round\"><line x1=\"5\" y1=\"12\" x2=\"19\" y2=\"12\"><\/line><polyline points=\"12 5 19 12 12 19\"><\/polyline><\/svg><\/div><span class=\"kt-btn-inner-text\">Caract\u00e9ristiques des ingr\u00e9dients<\/span><\/a><\/div><\/div>\n<\/div><\/div>\n\n\n\n<div class=\"wp-block-kadence-column inner-column-3 kadence-column_5e895c-77\"><div class=\"kt-inside-inner-col\">\n<figure class=\"wp-block-image\"><img loading=\"lazy\" decoding=\"async\" width=\"175\" height=\"22\" src=\"https:\/\/www.biocollagenix.com\/wp-content\/uploads\/2019\/08\/fr.png\" alt=\"\" class=\"wp-image-3821\"\/><\/figure>\n\n\n\n<div class=\"wp-block-image\"><figure class=\"alignleft is-resized\"><img loading=\"lazy\" decoding=\"async\" src=\"https:\/\/www.biocollagenix.com\/wp-content\/uploads\/2019\/08\/Logo-ClinicallyTested.jpg\" alt=\"\" class=\"wp-image-3845\" width=\"75\" height=\"75\" srcset=\"https:\/\/www.biocollagenix.com\/wp-content\/uploads\/2019\/08\/Logo-ClinicallyTested.jpg 472w, https:\/\/www.biocollagenix.com\/wp-content\/uploads\/2019\/08\/Logo-ClinicallyTested-150x150.jpg 150w, https:\/\/www.biocollagenix.com\/wp-content\/uploads\/2019\/08\/Logo-ClinicallyTested-300x300.jpg 300w\" sizes=\"(max-width: 75px) 100vw, 75px\" \/><\/figure><\/div>\n<\/div><\/div>\n<\/div><\/div><\/div>\n<\/div><\/div>\n<\/div><\/div><\/div>\n\n\n<style id=\"kt-blocks_ac0993-a1\">#kt-layout-id_ac0993-a1 > .kt-row-column-wrap{padding-top:60px;padding-bottom:60px;}<\/style>\n<div class=\"wp-block-kadence-rowlayout alignnone box-recensioni container\"><div id=\"kt-layout-id_ac0993-a1\" class=\"kt-row-layout-inner kt-layout-id_ac0993-a1\"><div class=\"kt-row-column-wrap kt-has-1-columns kt-gutter-default kt-v-gutter-default kt-row-valign-top kt-row-layout-equal kt-tab-layout-inherit kt-m-colapse-left-to-right kt-mobile-layout-row\">\n<div class=\"wp-block-kadence-column inner-column-1 kadence-column_f5be98-0e\"><div class=\"kt-inside-inner-col\">\n\n\n\n<p style=\"font-size:19px\" class=\"has-text-align-center\">Patch pour les yeux Biocollagenix a \u00e9t\u00e9 comment\u00e9 0 fois!<\/p>\n\n\n<div class=\"container comments-wrapper\">\n    <div class=\"content bg-form-comment\">\n\n        \t<div id=\"respond\" class=\"comment-respond\">\n\t\t<h3 id=\"reply-title\" class=\"comment-reply-title\">\u00c9crire une critique<\/h3><form action=\"https:\/\/www.biocollagenix.com\/wp-comments-post.php\" method=\"post\" id=\"commentform\" class=\"comment-form\">\n    <div class=\"comment-rating\">\n\t    <label class=\"rating\" for=\"rating\">Valuta: <\/label>\n        <fieldset class=\"comments-rating\">\n            <span class=\"rating-container\">\n                                    <input type=\"radio\" id=\"rating-5\" name=\"rating\" value=\"5\"  \/>\n                    <label for=\"rating-5\">5<\/label>\n                                    <input type=\"radio\" id=\"rating-4\" name=\"rating\" value=\"4\"  \/>\n                    <label for=\"rating-4\">4<\/label>\n                                    <input type=\"radio\" id=\"rating-3\" name=\"rating\" value=\"3\"  \/>\n                    <label for=\"rating-3\">3<\/label>\n                                    <input type=\"radio\" id=\"rating-2\" name=\"rating\" value=\"2\"  \/>\n                    <label for=\"rating-2\">2<\/label>\n                                    <input type=\"radio\" id=\"rating-1\" name=\"rating\" value=\"1\" required \/>\n                    <label for=\"rating-1\">1<\/label>\n                            <\/span>\n        <\/fieldset>\n    <\/div>\n\n    <p class=\"comment-title\">\n        <label for =\"title\"> Aggiungi un titolo: <\/label>\n        <input id=\"title\" name=\"title\" value=\"\" size=\"30\" maxlength=\"245\" required=\"required\" type=\"text\">\n    <\/p>\n\n<p class=\"comment-form-author\"><label for=\"author\">Aggiungi il nome che apparir\u00e0:<\/label> <input id=\"author\" name=\"author\" value=\"\" size=\"30\" maxlength=\"245\" type=\"text\" required><\/p>\n<p class=\"comment-form-comment\"><label for=\"comment\">Aggiungi una recensione:<\/label> <textarea id=\"comment\" name=\"comment\" cols=\"45\" rows=\"8\" maxlength=\"65525\" required=\"required\"><\/textarea><\/p><p class=\"comment-form-privacy\"><input type=\"checkbox\" name=\"privacy-disc\" required> Informativa sulla<a href=\"\/privacy\" target=\"_blank\"> privacy<\/a><\/p><input name=\"wpml_language_code\" type=\"hidden\" value=\"fr\" \/><p class=\"form-submit\"><input name=\"submit\" type=\"submit\" id=\"submit\" class=\"submit\" value=\"envoyer\" \/> <input type='hidden' name='comment_post_ID' value='3018' id='comment_post_ID' \/>\n<input type='hidden' name='comment_parent' id='comment_parent' value='0' \/>\n<\/p><\/form>\t<\/div><!-- #respond -->\n\t\n    <\/div>\n\n        <\/div>\n<\/div><\/div>\n<\/div><\/div><\/div>\n\n\n<style id=\"kt-blocks_2fc932-05\">#kt-layout-id_2fc932-05{background-color:#ffe1d7;background-image:url('https:\/\/www.biocollagenix.com\/wp-content\/uploads\/2019\/01\/fascione-scheda-prodotto-eye-patch.jpg');background-size:cover;background-position:center center;background-attachment:scroll;background-repeat:no-repeat;}#kt-layout-id_2fc932-05 > .kt-row-column-wrap{padding-top:70px;padding-bottom:70px;padding-left:30px;padding-right:30px;max-width:1170px;margin-left:auto;margin-right:auto;}@media all and (max-width: 767px){#kt-layout-id_2fc932-05 > .kt-row-column-wrap{padding-top:30px;padding-bottom:30px;}}<\/style>\n<div class=\"wp-block-kadence-rowlayout alignnone alignundefined hide-bg-mobile\"><div id=\"kt-layout-id_2fc932-05\" class=\"kt-row-layout-inner kt-row-has-bg kt-layout-id_2fc932-05\"><div class=\"kt-row-column-wrap kt-has-2-columns kt-gutter-default kt-v-gutter-default kt-row-valign-middle kt-row-layout-equal kt-tab-layout-inherit kt-m-colapse-left-to-right kt-mobile-layout-row\">\n<div class=\"wp-block-kadence-column inner-column-1 kadence-column_ebd85f-a4\"><div class=\"kt-inside-inner-col\">\n<figure class=\"wp-block-image is-resized hide-on-desk\"><img loading=\"lazy\" decoding=\"async\" src=\"https:\/\/www.biocollagenix.com\/wp-content\/uploads\/2019\/01\/fascione-prodotto-collagene-eye-mob.jpg\" alt=\"\" class=\"wp-image-2402\" width=\"560\" height=\"560\" srcset=\"https:\/\/www.biocollagenix.com\/wp-content\/uploads\/2019\/01\/fascione-prodotto-collagene-eye-mob.jpg 560w, https:\/\/www.biocollagenix.com\/wp-content\/uploads\/2019\/01\/fascione-prodotto-collagene-eye-mob-150x150.jpg 150w, https:\/\/www.biocollagenix.com\/wp-content\/uploads\/2019\/01\/fascione-prodotto-collagene-eye-mob-300x300.jpg 300w\" sizes=\"(max-width: 560px) 100vw, 560px\" \/><\/figure>\n\n\n<style id=\"kt-blocks_00c15d-c9\">#kt-adv-heading_00c15d-c9 mark, #kt-adv-heading_00c15d-c9 .wp-block-kadence-advancedheading mark, .kt-adv-heading_00c15d-c9[data-kb-block=\"kb-adv-heading_00c15d-c9\"] mark{padding:0px 0px 0px 0px;}<\/style>\n<h2 id=\"kt-adv-heading_00c15d-c9\" class=\"kt-adv-heading_00c15d-c9 wp-block-kadence-advancedheading\"> <br>Patch pour les yeux&nbsp;: la solution d\u00e9finitive contre les cernes.<br><br> <\/h2>\n\n\n\n<p><strong>Les cernes et les rides autour des yeux<\/strong>&nbsp;sont un probl\u00e8me fr\u00e9quent et ennuyeux. L&rsquo;\u00e9clat du visage d\u00e9pend en grande partie de ces zones.<br><\/p>\n\n\n\n<p><strong>L&rsquo;Eye Patch Biocollagenix<\/strong>&nbsp;hydrate et d\u00e9tend la peau, att\u00e9nue les signes de fatigue, diminue le gonflement des yeux et les cernes.&nbsp;L&rsquo;hydrogel sp\u00e9cial est fourni sur un support non tiss\u00e9 souple, pratique et facile \u00e0 utiliser.&nbsp;<br><\/p>\n\n\n\n<div style=\"height:20px\" aria-hidden=\"true\" class=\"wp-block-spacer\"><\/div>\n\n\n<style id=\"kt-blocks_c08299-b1\">.wp-block-kadence-advancedbtn.kt-btns_c08299-b1 .kt-btn-wrap-0 .kt-button{padding-left:25px;padding-right:25px;padding-top:15px;padding-bottom:15px;color:#184489;font-size:15px;background:transparent;border-color:#184489;}.wp-block-kadence-advancedbtn.kt-btns_c08299-b1 .kt-btn-wrap-0 .kt-button:hover, .wp-block-kadence-advancedbtn.kt-btns_c08299-b1 .kt-btn-wrap-0 .kt-button:focus{color:#ffffff;border-color:#184489;}.wp-block-kadence-advancedbtn.kt-btns_c08299-b1 .kt-btn-wrap-0 .kt-button::before{display:none;}.wp-block-kadence-advancedbtn.kt-btns_c08299-b1 .kt-btn-wrap-0 .kt-button:hover, .wp-block-kadence-advancedbtn.kt-btns_c08299-b1 .kt-btn-wrap-0 .kt-button:focus{background:#184489;}.wp-block-kadence-advancedbtn.kt-btns_c08299-b1 .kt-btn-wrap-1 .kt-button{color:#555555;font-size:18px;background:transparent;border-color:#555555;}.wp-block-kadence-advancedbtn.kt-btns_c08299-b1 .kt-btn-wrap-1 .kt-button:hover, .wp-block-kadence-advancedbtn.kt-btns_c08299-b1 .kt-btn-wrap-1 .kt-button:focus{color:#ffffff;border-color:#444444;}.wp-block-kadence-advancedbtn.kt-btns_c08299-b1 .kt-btn-wrap-1 .kt-button::before{display:none;}.wp-block-kadence-advancedbtn.kt-btns_c08299-b1 .kt-btn-wrap-1 .kt-button:hover, .wp-block-kadence-advancedbtn.kt-btns_c08299-b1 .kt-btn-wrap-1 .kt-button:focus{background:#444444;}<\/style>\n<div class=\"wp-block-kadence-advancedbtn kt-btn-align-left kt-btn-tablet-align-inherit kt-btn-mobile-align-inherit kt-btns-wrap kt-btns_c08299-b1\"><div class=\"kt-btn-wrap kt-btn-wrap-0\"><a class=\"kt-button button kt-btn-0-action kt-btn-size-custom kt-btn-style-basic kt-btn-svg-show-always kt-btn-has-text-true kt-btn-has-svg-false\" href=\"https:\/\/www.biocollagenix.com\/fr\/avantages-du-collagene\/proprietes-des-patchs-pour-les-yeux\/\" style=\"border-radius:0px;border-width:2px\"><span class=\"kt-btn-inner-text\">EN SAVOIR PLUS SUR LES AVANTAGES<\/span><\/a><\/div><\/div>\n\n\n\n<p><\/p>\n<\/div><\/div>\n\n\n\n<div class=\"wp-block-kadence-column inner-column-2 kadence-column_7247d5-bf\"><div class=\"kt-inside-inner-col\"><\/div><\/div>\n<\/div><\/div><\/div>\n\n\n<div class=\"products\">\n    <div class=\"container\">\n        <h3 class=\"products__title\">\n            D\u00e9couvrir les produits \u00e0 base de collag\u00e8ne         <\/h3>\n        <div class=\"products__list\">\n                                                <div class=\"product\">\n                        <div class=\"product__image\">\n                            <a href=\"https:\/\/www.biocollagenix.com\/fr\/biocollagenix-tablettes\/\"><img decoding=\"async\" src=\"https:\/\/www.biocollagenix.com\/wp-content\/uploads\/2019\/10\/ovalette.png\"><\/a>\n                        <\/div>\n                        <div class=\"product__name\">\n                            <a href=\"https:\/\/www.biocollagenix.com\/fr\/biocollagenix-tablettes\/\">Biocollagenix tablettes<\/a>\n                        <\/div>\n                        <div class=\"product__excerpt\">\n                            Compl\u00e9ment alimentaire \u00e0 base de Collag\u00e8ne marin hydrolys\u00e9.                        <\/div>\n                    <\/div>\n                                                                                            <div class=\"product\">\n                        <div class=\"product__image\">\n                            <a href=\"https:\/\/www.biocollagenix.com\/fr\/collagene-en-comprimes\/\"><img decoding=\"async\" src=\"https:\/\/www.biocollagenix.com\/wp-content\/uploads\/2019\/07\/tavolette-collagene-biocollagenix-new.png\"><\/a>\n                        <\/div>\n                        <div class=\"product__name\">\n                            <a href=\"https:\/\/www.biocollagenix.com\/fr\/collagene-en-comprimes\/\">Collag\u00e8ne en comprim\u00e9s<\/a>\n                        <\/div>\n                        <div class=\"product__excerpt\">\n                            Compl\u00e9ment \u00e0 base de collag\u00e8ne marin hydrolys\u00e9 sous la forme pratique de comprim\u00e9s.                        <\/div>\n                    <\/div>\n                                                                <div class=\"product\">\n                        <div class=\"product__image\">\n                            <a href=\"https:\/\/www.biocollagenix.com\/fr\/collagene-a-boire\/\"><img decoding=\"async\" src=\"https:\/\/www.biocollagenix.com\/wp-content\/uploads\/2019\/07\/collagene-bere-new.png\"><\/a>\n                        <\/div>\n                        <div class=\"product__name\">\n                            <a href=\"https:\/\/www.biocollagenix.com\/fr\/collagene-a-boire\/\">Collag\u00e8ne \u00e0 boire<\/a>\n                        <\/div>\n                        <div class=\"product__excerpt\">\n                            Compl\u00e9ment alimentaire \u00e0 boire \u00e0 base de collag\u00e8ne marin I et III, d'acide hyaluronique et de resv\u00e9ratrol.                         <\/div>\n                    <\/div>\n                                    <\/div>\n    <\/div>\n<\/div>\n\n","protected":false},"excerpt":{"rendered":"<p>Patch au collag\u00e8ne pour les yeux : patchs pour un traitement anti-cernes.<\/p>\n","protected":false},"author":4,"featured_media":2944,"parent":0,"menu_order":0,"comment_status":"open","ping_status":"closed","template":"template-product.php","meta":{"kt_blocks_editor_width":"fullwidth","footnotes":""},"class_list":["post-3018","page","type-page","status-publish","has-post-thumbnail","hentry"],"_links":{"self":[{"href":"https:\/\/www.biocollagenix.com\/fr\/wp-json\/wp\/v2\/pages\/3018"}],"collection":[{"href":"https:\/\/www.biocollagenix.com\/fr\/wp-json\/wp\/v2\/pages"}],"about":[{"href":"https:\/\/www.biocollagenix.com\/fr\/wp-json\/wp\/v2\/types\/page"}],"author":[{"embeddable":true,"href":"https:\/\/www.biocollagenix.com\/fr\/wp-json\/wp\/v2\/users\/4"}],"replies":[{"embeddable":true,"href":"https:\/\/www.biocollagenix.com\/fr\/wp-json\/wp\/v2\/comments?post=3018"}],"version-history":[{"count":21,"href":"https:\/\/www.biocollagenix.com\/fr\/wp-json\/wp\/v2\/pages\/3018\/revisions"}],"predecessor-version":[{"id":4872,"href":"https:\/\/www.biocollagenix.com\/fr\/wp-json\/wp\/v2\/pages\/3018\/revisions\/4872"}],"wp:featuredmedia":[{"embeddable":true,"href":"https:\/\/www.biocollagenix.com\/fr\/wp-json\/wp\/v2\/media\/2944"}],"wp:attachment":[{"href":"https:\/\/www.biocollagenix.com\/fr\/wp-json\/wp\/v2\/media?parent=3018"}],"curies":[{"name":"wp","href":"https:\/\/api.w.org\/{rel}","templated":true}]}}