{"id":3012,"date":"2016-08-02T16:58:41","date_gmt":"2016-08-02T14:58:41","guid":{"rendered":"https:\/\/www.biocollagenix.com\/domande-frequenti-integratore-da-bere-antiage\/"},"modified":"2019-07-23T11:50:46","modified_gmt":"2019-07-23T09:50:46","slug":"domande-frequenti-integratore-da-bere-antiage","status":"publish","type":"page","link":"https:\/\/www.biocollagenix.com\/fr\/domande-frequenti-integratore-da-bere-antiage\/","title":{"rendered":"Foire aux questions"},"content":{"rendered":"<style id=\"kt-blocks_b92f3e-c0\">#kt-layout-id_b92f3e-c0{background-color:#f7f7f7;}#kt-layout-id_b92f3e-c0 > .kt-row-column-wrap{padding-top:0px;max-width:1170px;margin-left:auto;margin-right:auto;}<\/style>\n<div class=\"wp-block-kadence-rowlayout alignnone\"><div id=\"kt-layout-id_b92f3e-c0\" class=\"kt-row-layout-inner kt-row-has-bg kt-layout-id_b92f3e-c0\"><div class=\"kt-row-column-wrap kt-has-1-columns kt-gutter-default kt-row-valign-top kt-row-layout-equal kt-tab-layout-inherit kt-m-colapse-left-to-right kt-mobile-layout-row\">\n<div class=\"wp-block-kadence-column kadence-column6785 inner-column-1\"><div class=\"kt-inside-inner-col\">\t<div class=\"breadcrumb-container \">\n\t\t<div class=\"breadcrumbs\">\n\t\t\t<span property=\"itemListElement\" typeof=\"ListItem\"><a property=\"item\" typeof=\"WebPage\" title=\"Aller \u00e0 Accueil.\" href=\"https:\/\/www.biocollagenix.com\/fr\/\" class=\"home\" aria-current=\"page\"><span property=\"name\">Accueil<\/span><\/a><meta property=\"position\" content=\"1\"><\/span>\t\t<\/div>\n\t<\/div>\n\n\n\n\n<h1 id=\"kt-adv-heading_31ca9d-e4\" class=\"wp-block-kadence-advancedheading\">Foire aux questions<\/h1>\n<\/div><\/div>\n<\/div><\/div><\/div>\n\n\n<style id=\"kt-blocks_844abc-b0\">#kt-layout-id_844abc-b0 > .kt-row-column-wrap{max-width:1170px;margin-left:auto;margin-right:auto;}@media all and (max-width: 767px){#kt-layout-id_844abc-b0 > .kt-row-column-wrap{padding-left:15px;padding-right:15px;}}<\/style>\n<div class=\"wp-block-kadence-rowlayout alignnone\"><div id=\"kt-layout-id_844abc-b0\" class=\"kt-row-layout-inner  kt-layout-id_844abc-b0\"><div class=\"kt-row-column-wrap kt-has-1-columns kt-gutter-default kt-row-valign-top kt-row-layout-equal kt-tab-layout-inherit kt-m-colapse-left-to-right kt-mobile-layout-row\">\n<div class=\"wp-block-kadence-column kadence-column4729 inner-column-1\"><div class=\"kt-inside-inner-col\">\n<p>Tout savoir sur Biocollagenix. <br> Pour plus d&rsquo;informations, n&rsquo;h\u00e9sitez pas \u00e0 nous contacter.<\/p>\n<\/div><\/div>\n<\/div><\/div><\/div>\n\n\n<div class=\"internal-section faq\">\n<div class=\"container clearfix\">\n<div class=\"content clearfix\">\n<div id=\"accordion\">\n<h3>Pourquoi les rides se forment-elles\u00a0?<\/h3>\n<div>\n<p>Avec l&rsquo;\u00e2ge, la r\u00e9g\u00e9n\u00e9ration cellulaire se fait plus lentement et la peau devient plus mince et plus fragile. L&rsquo;apparition des rides n&rsquo;est pas seulement caus\u00e9e par le vieillissement, mais aussi par une diminution de l&rsquo;\u00e9lasticit\u00e9 et de l&rsquo;hydratation de la peau. En fait, il est possible de voir l&rsquo;apparition de rides chez des jeunes\u00a0: les rides se forment l\u00e0 o\u00f9 ont lieu les mouvements musculaires les plus importants, qui n\u00e9cessitent une \u00e9lasticit\u00e9 particuli\u00e8re de la peau.<\/p>\n<div>\n<p>Lorsque le m\u00e9tabolisme cellulaire ralentit, la peau subit une r\u00e9volution profonde\u00a0: elle se manifeste au niveau du visage par l&rsquo;apparition de rel\u00e2chement, de perte d&rsquo;\u00e9lasticit\u00e9 et de rides profondes. Les premi\u00e8res rides sont celles d&rsquo;expression, caus\u00e9es par des contractions faciales qui, en se r\u00e9p\u00e9tant, s&rsquo;impriment dans le derme sous-jacent qui perd simultan\u00e9ment sa tonicit\u00e9. En raison de la perte et de l&rsquo;alt\u00e9ration du collag\u00e8ne et des fibres \u00e9lastiques, les tissus commencent \u00e0 se d\u00e9tendre, la peau perd son soutien et l&rsquo;ovale du visage commence \u00e0 se d\u00e9former. La carence en collag\u00e8ne se manifeste par un manque de fermet\u00e9, une perte d&rsquo;\u00e9lasticit\u00e9 et d&rsquo;hydratation et donc par l&rsquo;apparition de rides.<\/p>\n<\/div>\n<\/div>\n<h3>Qu&rsquo;est-ce que le collag\u00e8ne\u00a0?<\/h3>\n<div>\n<p>C&rsquo;est la prot\u00e9ine structurelle la plus abondante dans le corps humain, elle repr\u00e9sente 25% du poids total. Il est synth\u00e9tis\u00e9 par notre corps et procure l&rsquo;\u00e9lasticit\u00e9 et la r\u00e9sistance n\u00e9cessaires \u00e0 nos organes et nos tissus. Il constitue 75% de notre peau et son d\u00e9ficit se manifeste par un manque de tonus, une perte d&rsquo;\u00e9lasticit\u00e9 et l&rsquo;apparition de rides.<\/p>\n<\/div>\n<h3>Combien de types de collag\u00e8ne y a-t-il dans notre corps\u00a0?<\/h3>\n<div>\n<p>Les mammif\u00e8res ont environ 30 types de cha\u00eenes de collag\u00e8ne. Le collag\u00e8ne de type I repr\u00e9sente 90% du collag\u00e8ne total et entre dans la composition des principaux tissus conjonctifs, tels que la peau, les tendons, les os et la corn\u00e9e.<\/p>\n<\/div>\n<h3>Le collag\u00e8ne est-il \u00e9galement utile pour les articulations\u00a0?<\/h3>\n<div>\n<p>Dans notre corps, il existe de nombreux types de collag\u00e8ne (plus de 30)\u00a0: le collag\u00e8ne de type I est principalement pr\u00e9sent dans la peau, le collag\u00e8ne de type II en revanche se trouve dans les articulations. Le collag\u00e8ne contenu dans Biocollagenix appartient au type I\u00a0: il est donc appropri\u00e9 pour le bien-\u00eatre et le soin de la peau.<\/p>\n<\/div>\n<h3>Mais si le collag\u00e8ne est une prot\u00e9ine, je peux donc utiliser n&rsquo;importe quel compl\u00e9ment prot\u00e9in\u00e9 pour am\u00e9liorer ma peau\u00a0?<\/h3>\n<div>\n<p>Le collag\u00e8ne a une composition en acides amin\u00e9s tr\u00e8s caract\u00e9ristique\u00a0: environ un tiers de ses r\u00e9sidus est de la glycine\u00a0; d&rsquo;autres 15-30% sont compos\u00e9s de proline et de 4-hydroxyproline. Ces acides amin\u00e9s ne sont contenus qu&rsquo;en tr\u00e8s petites quantit\u00e9s dans les aliments et dans les compl\u00e9ments prot\u00e9in\u00e9s destin\u00e9s \u00e0 d&rsquo;autres applications. Donc, pour reconstituer le collag\u00e8ne de ma peau, j&rsquo;ai besoin d&rsquo;utiliser une source de collag\u00e8ne, comme Biocollagenix.<\/p>\n<\/div>\n<h3>Pour quel public Biocollagenix a-t-il \u00e9t\u00e9 d\u00e9velopp\u00e9\u00a0?<\/h3>\n<div>\n<p>La formulation de Biocollagenix a \u00e9t\u00e9 d\u00e9velopp\u00e9e par les laboratoires de recherche d&rsquo;ESI en pensant \u00e0 toutes les personnes qui veulent prendre soin de leur peau, avec une action stimulante provenant de l&rsquo;int\u00e9rieur du corps. Id\u00e9al en cas d&rsquo;exposition excessive au soleil mais aussi pour les personnes travaillant \u00e0 l&rsquo;int\u00e9rieur et dans des pi\u00e8ces climatis\u00e9es qui d\u00e9shydratent la peau.<\/p>\n<\/div>\n<h3>O\u00f9 puis-je acheter Biocollagenix\u00a0?<\/h3>\n<div>\n<p>Comme tous les produits ESI, Biocollagenix est disponible en pharmacie, parapharmacie et herboristerie.<\/p>\n<\/div>\n<h3>O\u00f9 Biocollagenix est-il produit\u00a0?<\/h3>\n<div>\n<div>\n<p>Biocollagenix est produit en Italie par ESI Spa, une entreprise qui op\u00e8re depuis plus de 40 ans au plus haut niveau dans le domaine des compl\u00e9ments alimentaires, des nutraceutiques, des cosm\u00e9tiques naturels et des dispositifs m\u00e9dicaux. ESI a \u00e9t\u00e9 l&rsquo;une des premi\u00e8res entreprises du secteur \u00e0 obtenir la certification ISO 9001 en 1999. Aujourd&rsquo;hui, les produits ESI sont distribu\u00e9s dans plus de 50 pays.<\/p>\n<\/div>\n<h3>Quels sont les tests auxquels Biocollagenix est soumis pour en assurer la qualit\u00e9 et la s\u00e9curit\u00e9\u00a0?<\/h3>\n<div>\n<p>Les standards de production d&rsquo;ESI sont situ\u00e9s au plus haut niveau de qualit\u00e9 et sont le r\u00e9sultat d&rsquo;installations de production de la derni\u00e8re g\u00e9n\u00e9ration et d&rsquo;une recherche, d&rsquo;un d\u00e9veloppement et d&rsquo;un contr\u00f4le de qualit\u00e9 \u00e0 la pointe de la technologie. ESI exerce des contr\u00f4les stricts d\u00e8s l&rsquo;arriv\u00e9e des mati\u00e8res premi\u00e8res\u00a0: le laboratoire de contr\u00f4le qualit\u00e9 interne se charge directement des analyses organoleptiques, chimico-physiques et microbiologiques. Chaque lot de mati\u00e8re premi\u00e8re est analys\u00e9 avant d&rsquo;\u00eatre utilis\u00e9, ainsi que chaque production interm\u00e9diaire et chaque produit fini.<\/p>\n<\/div>\n<h3>Pourquoi utiliser Biocollagenix au lieu de cr\u00e8mes anti-\u00e2ge\u00a0?<\/h3>\n<div>\n<p>La peau est compos\u00e9e de 2 couches superpos\u00e9es, le derme (plus profond) et l&rsquo;\u00e9piderme (superficiel). Le derme est la couche la plus profonde de la peau. Il est compos\u00e9 de tissu conjonctif et riche en fibres de collag\u00e8ne qui conf\u00e8rent \u00e9lasticit\u00e9 et r\u00e9sistance \u00e0 la peau. L&rsquo;\u00e9piderme, en revanche, est constitu\u00e9 de cellules appel\u00e9es k\u00e9ratinocytes, dispos\u00e9es en 5 couches qui contiennent les m\u00eames cellules \u00e0 diff\u00e9rentes \u00e9tapes de leur cycle de vie. L&rsquo;\u00e9piderme est constamment renouvel\u00e9 \u00e0 travers un processus de prolif\u00e9ration et de diff\u00e9renciation qui conduit de nouvelles cellules, g\u00e9n\u00e9r\u00e9es dans la couche la plus profonde, \u00e0 migrer et \u00e0 se transformer en traversant les couches sup\u00e9rieures, jusqu&rsquo;\u00e0 leur \u00e9limination par desquamation. La derni\u00e8re couche est en effet constitu\u00e9e de k\u00e9ratinocytes morts. L&rsquo;application d&rsquo;une cr\u00e8me sur l&rsquo;\u00e9piderme ne parvient pas \u00e0 transporter les principaux nutriments jusqu&rsquo;aux couches plus internes du derme. C&rsquo;est le sang, en effet, qui nourrit les cellules des couches plus profondes\u00a0; au fur et \u00e0 mesure que les cellules sont pouss\u00e9es vers l&rsquo;ext\u00e9rieur, elles meurent et s&rsquo;exfolient. Pour cette raison, une bonne nutrition de la peau doit se faire \u00e0 partir du sang, donc de l&rsquo;alimentation, et pas seulement de l&rsquo;ext\u00e9rieur au moyen de produits cosm\u00e9tiques.<\/p>\n<\/div>\n<h3>Combien de temps faut-il pour obtenir les premiers r\u00e9sultats avec Biocollagenix\u00a0?<\/h3>\n<div>\n<p>Comme pour tous les produits \u00e0 usage externe ou interne, qu&rsquo;ils soient naturels ou pharmaceutiques, le degr\u00e9 d&rsquo;efficacit\u00e9 peut varier, m\u00eame de beaucoup, d&rsquo;un individu \u00e0 l&rsquo;autre. A savoir, les r\u00e9sultats d\u00e9pendent du type de peau, du mode de vie, du r\u00e9gime alimentaire et de l&rsquo;\u00e9tat g\u00e9n\u00e9ral de sant\u00e9. Une exposition excessive aux rayons solaires, par exemple, allongera le d\u00e9lai n\u00e9cessaire pour obtenir les r\u00e9sultats souhait\u00e9s. Une premi\u00e8re am\u00e9lioration des param\u00e8tres cutan\u00e9s peut \u00eatre atteinte avec deux emballages, c&rsquo;est-\u00e0-dire en une vingtaine de jours. En continuant le traitement, votre peau appara\u00eetra au bout d&rsquo;un mois plus lisse et plus ferme. Nous recommandons un traitement initial de 1 \u00e0 2 mois, au bout desquels le consommateur pourra d\u00e9cider de poursuivre le traitement ou d&rsquo;alterner des p\u00e9riodes de prise d&rsquo;un mois avec des p\u00e9riodes de pause.<\/p>\n<\/div>\n<h3>D&rsquo;o\u00f9 est extrait le collag\u00e8ne utilis\u00e9 dans Biocollagenix\u00a0?<\/h3>\n<div>\n<p>ESI Spa utilise du collag\u00e8ne marin hydrolys\u00e9, extrait de la peau des poissons\u00a0; aucune autre source animale (comme le porc, le b\u00e9tail ou la volaille) n&rsquo;est utilis\u00e9e. Les poissons utilis\u00e9s proviennent d&rsquo;\u00e9levages strictement contr\u00f4l\u00e9s et sont garantis pour la consommation humaine.<\/p>\n<\/div>\n<h3>Le collag\u00e8ne contenu dans ma peau est-il le m\u00eame que celui de Biocollagenix\u00a0?<\/h3>\n<div>\n<p>Le collag\u00e8ne pr\u00e9sent dans notre corps est une tr\u00e8s grosse prot\u00e9ine, constitu\u00e9e de nombreux acides amin\u00e9s li\u00e9s entre eux. Elle est si grande qu&rsquo;en cas d&rsquo;application ou d&rsquo;ingestion, elle ne serait pas absorb\u00e9e par le corps. Le collag\u00e8ne utilis\u00e9 dans Biocollagenix est donc hydrolys\u00e9, c&rsquo;est-\u00e0-dire fragment\u00e9 en mol\u00e9cules plus petites (peptides contenant les acides amin\u00e9s n\u00e9cessaires pour activer la synth\u00e8se du collag\u00e8ne)\u00a0: ces mol\u00e9cules sont facilement dig\u00e9r\u00e9es, assimil\u00e9es et transport\u00e9es vers les couches profondes de la peau o\u00f9 la synth\u00e8se du nouveau collag\u00e8ne sera activ\u00e9e.<\/p>\n<\/div>\n<h3>Qu&rsquo;est-ce que l&rsquo;acide hyaluronique et quelles sont ses fonctions en ce qui concerne la peau\u00a0?<\/h3>\n<div>\n<p>L&rsquo;acide hyaluronique est l&rsquo;un des principaux constituants du tissu conjonctif. Avec l&rsquo;\u00e2ge, sa concentration dans la peau diminue, d&rsquo;o\u00f9 la g\u00e9n\u00e9ration de rides.<\/p>\n<\/div>\n<h3>Quelle est l&rsquo;origine de l&rsquo;acide hyaluronique\u00a0?<\/h3>\n<div>\n<p>L&rsquo;acide hyaluronique utilis\u00e9 dans Biocollagenix, sous forme de hyaluronate de sodium, est obtenu au moyen d&rsquo;un processus naturel de fermentation bact\u00e9rienne.<\/p>\n<\/div>\n<h3>Qu&rsquo;est-ce que le resv\u00e9ratrol\u00a0?<\/h3>\n<div>\n<p>C&rsquo;est une mol\u00e9cule d&rsquo;origine v\u00e9g\u00e9tale, souvent extraite de la peau des grains de raisin\u00a0: les effets b\u00e9n\u00e9fiques du vin rouge en proviennent.<\/p>\n<\/div>\n<h3>Pourquoi Biocollagenix contient-il des principes antioxydants\u00a0?<\/h3>\n<div>\n<p>L&rsquo;oxydation cellulaire est l&rsquo;une des principales causes du vieillissement cutan\u00e9\u00a0: elle provoque la formation de radicaux libres et est une des causes de la d\u00e9g\u00e9n\u00e9rescence des cellules cutan\u00e9es. Le processus d&rsquo;oxydation cellulaire est g\u00e9n\u00e9r\u00e9 par plusieurs facteurs externes, tels que le stress, les rayons UV et la pollution. Il se caract\u00e9rise par la d\u00e9stabilisation d&rsquo;une mol\u00e9cule, due \u00e0 la perte d&rsquo;un \u00e9lectron. Il en r\u00e9sulte une r\u00e9action en cascade qui peut avoir des cons\u00e9quences diverses\u00a0: le m\u00e9tabolisme des cellules de la peau est alt\u00e9r\u00e9 et l&rsquo;\u00e9piderme se r\u00e9g\u00e9n\u00e8re mal et moins vite. Pour cette raison, Biocollagenix contient des myrtilles, de la vitamine C, du zinc et du cuivre, qui ont une action antioxydante et prot\u00e8gent les cellules du stress oxydant.<\/p>\n<\/div>\n<h3>La vitamine C est-elle utile pour la peau\u00a0?<\/h3>\n<div>\n<p>En suppl\u00e9ment des nombreuses activit\u00e9s qu&rsquo;elle exerce dans notre corps, la vitamine C contribue \u00e0 la formation du collag\u00e8ne n\u00e9cessaire au fonctionnement normal de la peau. De plus, gr\u00e2ce \u00e0 ses propri\u00e9t\u00e9s anti-oxydantes, elle contribue \u00e0 la protection des cellules contre le stress oxydatif.<\/p>\n<\/div>\n<h3>Quelle est la fonction du cuivre et du zinc\u00a0?<\/h3>\n<div>\n<p>Le cuivre permet de maintenir les tissus conjonctifs dans un \u00e9tat normal et le zinc contribue \u00e0 la pr\u00e9servation d&rsquo;une peau normale.<\/p>\n<\/div>\n<h3>Les sucs gastriques peuvent-ils inactiver le collag\u00e8ne et les autres composants de Biocollagenix, les rendant ainsi inefficaces\u00a0?<\/h3>\n<div>\n<p>La formulation est con\u00e7ue pour pr\u00e9server les caract\u00e9ristiques des ingr\u00e9dients\u00a0: les peptides de collag\u00e8ne conservent ainsi leur structure, de mani\u00e8re \u00e0 \u00eatre rapidement absorb\u00e9s dans l&rsquo;intestin et transport\u00e9s dans le derme. \u00c0 ce propos, plusieurs \u00e9tudes ont d\u00e9montr\u00e9 que certains des peptides pr\u00e9sents dans l&rsquo;hydrolysat de collag\u00e8ne, particuli\u00e8rement ceux qui contiennent de l&rsquo;hydroxyproline, sont capables de traverser la barri\u00e8re intestinale et le peptide proline-hydroxyproline est le plus abondant des peptides dans le plasma.<\/p>\n<\/div>\n<h3>Puis-je prendre Biocollagenix avec d&rsquo;autres compl\u00e9ments alimentaires\u00a0?<\/h3>\n<div>\n<p>Il n&rsquo;existe aucune interaction connue avec d&rsquo;autres compl\u00e9ments. Il est toutefois important de tenir compte des quantit\u00e9s de vitamines et de min\u00e9raux contenus dans les diff\u00e9rents compl\u00e9ments et d&rsquo;\u00e9viter de d\u00e9passer les besoins nutritionnels quotidiens\u00a0; vous trouverez ainsi les VNR, Valeurs Nutritionnelles de R\u00e9f\u00e9rence, indiqu\u00e9es sur les emballages. Si vous avez des doutes au niveau de leur interpr\u00e9tation, vous pouvez consulter votre m\u00e9decin ou un professionnel de la sant\u00e9.<\/p>\n<\/div>\n<h3>Peut-on prendre Biocollagenix avec des m\u00e9dicaments\u00a0?<\/h3>\n<div>\n<p>On ne conna\u00eet aucune interaction entre des m\u00e9dicaments et les composants de Biocollagenix. Cependant, si vous souffrez de pathologies particuli\u00e8res et suivez un traitement m\u00e9dicamenteux, nous vous conseillons de consulter votre m\u00e9decin avant de prendre le produit.<\/p>\n<\/div>\n<h3>Quel est le go\u00fbt du produit\u00a0?<\/h3>\n<div>\n<p>Biocollagenix a un gout de goyave, un fruit caract\u00e9ristique d&rsquo;Am\u00e9rique centrale qui a une saveur parfum\u00e9e et une odeur prononc\u00e9e et attrayante.<\/p>\n<\/div>\n<h3>La prise prolong\u00e9e de Biocollagenix peut-elle me faire prendre du poids\u00a0?<\/h3>\n<div>\n<p>Certainement pas. Biocollagenix contient moins de 0,5 % de sucre et de mati\u00e8res grasses, de sorte qu&rsquo;il peut \u00eatre d\u00e9clar\u00e9 sans sucre et sans mati\u00e8res grasses. Il ne peut donc pas entra\u00eener une augmentation de poids.<\/p>\n<\/div>\n<h3>Peut-on l&rsquo;utiliser pendant la grossesse et l&rsquo;allaitement\u00a0?<\/h3>\n<div>\n<p>Pour le moment, aucune \u00e9tude clinique n&rsquo;a \u00e9t\u00e9 r\u00e9alis\u00e9e sur des femmes enceintes et allaitantes\u00a0: il n&rsquo;est donc pas possible de conseiller l&rsquo;utilisation du produit dans ces cas particuliers.<\/p>\n<\/div>\n<h3>Peut-on l&rsquo;utiliser pendant la m\u00e9nopause\u00a0?<\/h3>\n<div>\n<p>L&rsquo;utilisation pendant la m\u00e9nopause n&rsquo;est pas recommand\u00e9e. En cas de traitement pharmacologique, il est conseill\u00e9 de consulter un m\u00e9decin.<\/p>\n<\/div>\n<h3>Les diab\u00e9tiques peuvent-ils prendre du Biocollagenix\u00a0?<\/h3>\n<div>\n<p>Notre produit contient du st\u00e9via, un \u00e9dulcorant naturel sans calories. De plus, il contient moins de 0,5 % de sucre, de sorte qu&rsquo;il peut \u00eatre d\u00e9clar\u00e9 sans sucre.<\/p>\n<\/div>\n<h3>Quels sont les effets secondaires \u00e9ventuels de Biocollagenix\u00a0?<\/h3>\n<div>\n<p>Biocollagenix contient du collag\u00e8ne de poisson ainsi que de la l\u00e9cithine de soja\u00a0: le produit n&rsquo;est donc pas recommand\u00e9 aux personnes allergiques \u00e0 ces aliments. Il n&rsquo;y a pas d&rsquo;autres effets secondaires connus.<\/p>\n<\/div>\n<h3>Biocollagenix contient-il du gluten\u00a0?<\/h3>\n<div>\n<p>Non, comme tous les compl\u00e9ments ESI, Biocollagenix ne contient pas de gluten.<\/p>\n<\/div>\n<h3>Biocollagenix pourrait-il contenir des traces d&rsquo;OGM, d&rsquo;antibiotiques, d&rsquo;hormones, de colorants ou ar\u00f4mes artificiels, ou de substances obtenues \u00e0 travers la nanotechnologie\u00a0?<\/h3>\n<div>\n<p>Non, il ne contient aucun de ces \u00e9l\u00e9ments.<\/p>\n<\/div>\n<h3>Est-ce que Biocollagenix convient aux v\u00e9g\u00e9tariens et\/ou aux v\u00e9g\u00e9taliens\u00a0?<\/h3>\n<div>\n<p>Biocollagenix contient du collag\u00e8ne extrait de la peau de poisson.<\/p>\n<\/div>\n<\/div>\n<\/div>\n<\/div>\n<\/div>\n<\/div>","protected":false},"excerpt":{"rendered":"<p>Pourquoi les rides se forment-elles\u00a0? Avec l&rsquo;\u00e2ge, la r\u00e9g\u00e9n\u00e9ration cellulaire se fait plus lentement et la peau devient plus mince et plus fragile. L&rsquo;apparition des rides n&rsquo;est pas seulement caus\u00e9e par le vieillissement, mais aussi par une diminution de l&rsquo;\u00e9lasticit\u00e9 et de l&rsquo;hydratation de la peau. En fait, il est possible de voir l&rsquo;apparition de [&hellip;]<\/p>\n","protected":false},"author":3,"featured_media":0,"parent":0,"menu_order":0,"comment_status":"closed","ping_status":"closed","template":"","meta":{"kt_blocks_editor_width":"fullwidth","footnotes":""},"class_list":["post-3012","page","type-page","status-publish","hentry"],"_links":{"self":[{"href":"https:\/\/www.biocollagenix.com\/fr\/wp-json\/wp\/v2\/pages\/3012"}],"collection":[{"href":"https:\/\/www.biocollagenix.com\/fr\/wp-json\/wp\/v2\/pages"}],"about":[{"href":"https:\/\/www.biocollagenix.com\/fr\/wp-json\/wp\/v2\/types\/page"}],"author":[{"embeddable":true,"href":"https:\/\/www.biocollagenix.com\/fr\/wp-json\/wp\/v2\/users\/3"}],"replies":[{"embeddable":true,"href":"https:\/\/www.biocollagenix.com\/fr\/wp-json\/wp\/v2\/comments?post=3012"}],"version-history":[{"count":1,"href":"https:\/\/www.biocollagenix.com\/fr\/wp-json\/wp\/v2\/pages\/3012\/revisions"}],"predecessor-version":[{"id":3016,"href":"https:\/\/www.biocollagenix.com\/fr\/wp-json\/wp\/v2\/pages\/3012\/revisions\/3016"}],"wp:attachment":[{"href":"https:\/\/www.biocollagenix.com\/fr\/wp-json\/wp\/v2\/media?parent=3012"}],"curies":[{"name":"wp","href":"https:\/\/api.w.org\/{rel}","templated":true}]}}