{"id":2997,"date":"2016-09-02T09:05:11","date_gmt":"2016-09-02T07:05:11","guid":{"rendered":"https:\/\/www.biocollagenix.com\/contatti\/"},"modified":"2019-11-19T11:48:34","modified_gmt":"2019-11-19T10:48:34","slug":"contacts","status":"publish","type":"page","link":"https:\/\/www.biocollagenix.com\/fr\/contacts\/","title":{"rendered":"Contacts"},"content":{"rendered":"<style id=\"kt-blocks_5ce9f8-4b\">#kt-layout-id_5ce9f8-4b{background-color:#f7f7f7;}#kt-layout-id_5ce9f8-4b > .kt-row-column-wrap{padding-top:0px;max-width:1170px;margin-left:auto;margin-right:auto;}<\/style>\n<div class=\"wp-block-kadence-rowlayout alignnone\"><div id=\"kt-layout-id_5ce9f8-4b\" class=\"kt-row-layout-inner kt-row-has-bg kt-layout-id_5ce9f8-4b\"><div class=\"kt-row-column-wrap kt-has-1-columns kt-gutter-default kt-row-valign-top kt-row-layout-equal kt-tab-layout-inherit kt-m-colapse-left-to-right kt-mobile-layout-row\">\n<div class=\"wp-block-kadence-column kadence-column952 inner-column-1\"><div class=\"kt-inside-inner-col\">\t<div class=\"breadcrumb-container \">\n\t\t<div class=\"breadcrumbs\">\n\t\t\t<span property=\"itemListElement\" typeof=\"ListItem\"><a property=\"item\" typeof=\"WebPage\" title=\"Aller \u00e0 Accueil.\" href=\"https:\/\/www.biocollagenix.com\/fr\/\" class=\"home\" aria-current=\"page\"><span property=\"name\">Accueil<\/span><\/a><meta property=\"position\" content=\"1\"><\/span>\t\t<\/div>\n\t<\/div>\n\n\n\n\n<h1 id=\"kt-adv-heading_78483b-78\" class=\"wp-block-kadence-advancedheading\">Contacts<\/h1>\n<\/div><\/div>\n<\/div><\/div><\/div>\n\n\n<style id=\"kt-blocks_17922e-b0\">@media all and (min-width: 768px){#kt-layout-id_17922e-b0 > .kt-row-column-wrap > .inner-column-1{flex:0 1 70%;-webkit-flex:0 1 70%;}#kt-layout-id_17922e-b0 > .kt-row-column-wrap > .inner-column-2{flex:0 1 30%;-webkit-flex:0 1 30%;}}#kt-layout-id_17922e-b0 > .kt-row-column-wrap{padding-left:15px;padding-right:15px;max-width:1170px;margin-left:auto;margin-right:auto;}@media all and (max-width: 767px){#kt-layout-id_17922e-b0 > .kt-row-column-wrap{padding-left:15px;padding-right:15px;}}<\/style>\n<div class=\"wp-block-kadence-rowlayout alignnone\"><div id=\"kt-layout-id_17922e-b0\" class=\"kt-row-layout-inner  kt-layout-id_17922e-b0\"><div class=\"kt-row-column-wrap kt-has-2-columns kt-gutter-wider kt-row-valign-top kt-row-layout-equal kt-tab-layout-inherit kt-m-colapse-left-to-right kt-mobile-layout-row kt-custom-first-width-70\">\n<div class=\"wp-block-kadence-column kadence-column1789 inner-column-1\"><div class=\"kt-inside-inner-col\">\n<p>Remplissez les champs, entrez vos nom, pr\u00e9nom, courriel et nous r\u00e9pondrons \u00e0 vos besoins<br><\/p>\n\n\n\n<div class=\"wpcf7 no-js\" id=\"wpcf7-f758-o1\" lang=\"it-IT\" dir=\"ltr\" data-wpcf7-id=\"758\">\n<div class=\"screen-reader-response\"><p role=\"status\" aria-live=\"polite\" aria-atomic=\"true\"><\/p> <ul><\/ul><\/div>\n<form action=\"\/fr\/wp-json\/wp\/v2\/pages\/2997#wpcf7-f758-o1\" method=\"post\" class=\"wpcf7-form init wpcf7-acceptance-as-validation\" aria-label=\"Modulo di contatto\" novalidate=\"novalidate\" data-status=\"init\">\n<div style=\"display: none;\">\n<input type=\"hidden\" name=\"_wpcf7\" value=\"758\" \/>\n<input type=\"hidden\" name=\"_wpcf7_version\" value=\"6.0.6\" \/>\n<input type=\"hidden\" name=\"_wpcf7_locale\" value=\"it_IT\" \/>\n<input type=\"hidden\" name=\"_wpcf7_unit_tag\" value=\"wpcf7-f758-o1\" \/>\n<input type=\"hidden\" name=\"_wpcf7_container_post\" value=\"0\" \/>\n<input type=\"hidden\" name=\"_wpcf7_posted_data_hash\" value=\"\" \/>\n<input type=\"hidden\" name=\"_wpcf7_recaptcha_response\" value=\"\" \/>\n<\/div>\n<div class=\"wpcf7-response-output\" aria-hidden=\"true\"><\/div>\n<p>Nom <span class=\"verde\">*<\/span>\n<\/p>\n<p><span class=\"wpcf7-form-control-wrap\" data-name=\"first-name\"><input size=\"40\" maxlength=\"400\" class=\"wpcf7-form-control wpcf7-text wpcf7-validates-as-required\" aria-required=\"true\" aria-invalid=\"false\" value=\"\" type=\"text\" name=\"first-name\" \/><\/span>\n<\/p>\n<p>Pr\u00e9nom <span class=\"verde\">*<\/span>\n<\/p>\n<p><span class=\"wpcf7-form-control-wrap\" data-name=\"last-name\"><input size=\"40\" maxlength=\"400\" class=\"wpcf7-form-control wpcf7-text wpcf7-validates-as-required\" aria-required=\"true\" aria-invalid=\"false\" value=\"\" type=\"text\" name=\"last-name\" \/><\/span>\n<\/p>\n<p>Adresse \u00e9lectronique <span class=\"verde\">*<\/span>\n<\/p>\n<p><span class=\"wpcf7-form-control-wrap\" data-name=\"email\"><input size=\"40\" maxlength=\"400\" class=\"wpcf7-form-control wpcf7-email wpcf7-validates-as-required wpcf7-text wpcf7-validates-as-email\" aria-required=\"true\" aria-invalid=\"false\" value=\"\" type=\"email\" name=\"email\" \/><\/span>\n<\/p>\n<p>Message\n<\/p>\n<p><span class=\"wpcf7-form-control-wrap\" data-name=\"message\"><textarea cols=\"40\" rows=\"10\" maxlength=\"2000\" class=\"wpcf7-form-control wpcf7-textarea\" aria-invalid=\"false\" name=\"message\"><\/textarea><\/span>\n<\/p>\n<p><span class=\"wpcf7-form-control-wrap\" data-name=\"privacy\"><span class=\"wpcf7-form-control wpcf7-acceptance\"><span class=\"wpcf7-list-item\"><input type=\"checkbox\" name=\"privacy\" value=\"1\" aria-invalid=\"false\" \/><\/span><\/span><\/span> J'accepte la <a href=\"\/fr\/privacy\/\">note d'information en mati\u00e8re de protection des donn\u00e9es personnelles privacy<\/a>\n<\/p>\n<p><input class=\"wpcf7-form-control wpcf7-submit has-spinner\" type=\"submit\" value=\"Envoyer\" \/>\n<\/p>\n<div class=\"wpcf7-response-output\" aria-hidden=\"true\"><\/div>\n<\/form>\n<\/div>\n\n<\/div><\/div>\n\n\n\n<div class=\"wp-block-kadence-column kadence-column8059 inner-column-2\"><div class=\"kt-inside-inner-col\">\n<h3 id=\"kt-adv-heading_d885d8-b0\" class=\"wp-block-kadence-advancedheading\">ESI srl<\/h3>\n\n\n\n<p><strong>Si\u00e8ge social<\/strong><br>Corso Ferrari 74\/6\u00a0<br>17011 Albisola Superiore (SV) Italie\u00a0<br>Code fiscal\u00a0: 01099380105<br>Num\u00e9ro de TVA\u00a0: 11264680155<br>Num\u00e9ro REA\u00a0: VS-102611<\/p>\n\n\n\n<p><strong>Si\u00e8ge op\u00e9rationnel<\/strong><br>Via delle Industrie 1<br>17012 Albissola Marina (SV) Italie<br>client\u00e8le&nbsp;: +39 01940192234&nbsp;<br>t\u00e9l\u00e9phone&nbsp;: +39 019486923&nbsp;<br>fax&nbsp;: +39 019486925&nbsp;<br>courriel&nbsp;:&nbsp;<a href=\"mailto:esi@esi.it\">esi@esi.it<\/a><\/p>\n\n\n\n<p><br><\/p>\n<\/div><\/div>\n<\/div><\/div><\/div>\n","protected":false},"excerpt":{"rendered":"","protected":false},"author":3,"featured_media":0,"parent":0,"menu_order":0,"comment_status":"closed","ping_status":"closed","template":"","meta":{"kt_blocks_editor_width":"fullwidth","footnotes":""},"class_list":["post-2997","page","type-page","status-publish","hentry"],"_links":{"self":[{"href":"https:\/\/www.biocollagenix.com\/fr\/wp-json\/wp\/v2\/pages\/2997"}],"collection":[{"href":"https:\/\/www.biocollagenix.com\/fr\/wp-json\/wp\/v2\/pages"}],"about":[{"href":"https:\/\/www.biocollagenix.com\/fr\/wp-json\/wp\/v2\/types\/page"}],"author":[{"embeddable":true,"href":"https:\/\/www.biocollagenix.com\/fr\/wp-json\/wp\/v2\/users\/3"}],"replies":[{"embeddable":true,"href":"https:\/\/www.biocollagenix.com\/fr\/wp-json\/wp\/v2\/comments?post=2997"}],"version-history":[{"count":7,"href":"https:\/\/www.biocollagenix.com\/fr\/wp-json\/wp\/v2\/pages\/2997\/revisions"}],"predecessor-version":[{"id":4647,"href":"https:\/\/www.biocollagenix.com\/fr\/wp-json\/wp\/v2\/pages\/2997\/revisions\/4647"}],"wp:attachment":[{"href":"https:\/\/www.biocollagenix.com\/fr\/wp-json\/wp\/v2\/media?parent=2997"}],"curies":[{"name":"wp","href":"https:\/\/api.w.org\/{rel}","templated":true}]}}