{"id":2993,"date":"2017-01-25T17:08:36","date_gmt":"2017-01-25T16:08:36","guid":{"rendered":"https:\/\/www.biocollagenix.com\/componenti-integratore-antirughe\/"},"modified":"2019-11-25T11:16:33","modified_gmt":"2019-11-25T10:16:33","slug":"principes-naturels","status":"publish","type":"page","link":"https:\/\/www.biocollagenix.com\/fr\/vieillissement-de-la-peau\/principes-naturels\/","title":{"rendered":"Principes naturels"},"content":{"rendered":"<style id=\"kt-blocks_9864c7-10\">#kt-layout-id_9864c7-10{background-color:#6bb8d4;background-image:url('https:\/\/www.biocollagenix.com\/wp-content\/uploads\/2019\/01\/bg-h1-page.jpg');background-size:cover;background-position:center center;background-attachment:scroll;background-repeat:no-repeat;}#kt-layout-id_9864c7-10 > .kt-row-column-wrap{padding-top:0px;max-width:1170px;margin-left:auto;margin-right:auto;}<\/style>\n<div class=\"wp-block-kadence-rowlayout alignnone\"><div id=\"kt-layout-id_9864c7-10\" class=\"kt-row-layout-inner kt-row-has-bg kt-layout-id_9864c7-10\"><div class=\"kt-row-column-wrap kt-has-1-columns kt-gutter-default kt-row-valign-top kt-row-layout-equal kt-tab-layout-inherit kt-m-colapse-left-to-right kt-mobile-layout-row\">\n<div class=\"wp-block-kadence-column kadence-column2373 inner-column-1\"><div class=\"kt-inside-inner-col\">\t<div class=\"breadcrumb-container white\">\n\t\t<div class=\"breadcrumbs\">\n\t\t\t<span property=\"itemListElement\" typeof=\"ListItem\"><a property=\"item\" typeof=\"WebPage\" title=\"Aller \u00e0 Accueil.\" href=\"https:\/\/www.biocollagenix.com\/fr\/\" class=\"home\" aria-current=\"page\"><span property=\"name\">Accueil<\/span><\/a><meta property=\"position\" content=\"1\"><\/span>\t\t<\/div>\n\t<\/div>\n\n\n\n<style id=\"kt-blocks_8308df-61\">#kt-adv-heading_8308df-61, #kt-adv-heading_8308df-61 .wp-block-kadence-advancedheading, .wp-block-kadence-advancedheading.kt-adv-heading_8308df-61[data-kb-block=\"kb-adv-heading_8308df-61\"], .kadence-advanced-heading-wrapper .kt-adv-heading_8308df-61[data-kb-block=\"kb-adv-heading_8308df-61\"]{color:#ffffff;margin-bottom:1em;}<\/style>\n<h1 id=\"kt-adv-heading_8308df-61\" style=\"color:#ffffff;margin-bottom:1em\" class=\"wp-block-kadence-advancedheading\">Principes naturels<\/h1>\n\n\n\n<p style=\"color:#ffffff\" class=\"has-text-color\">La gamme de compl\u00e9ments Biocollagenix contient tous les principes naturels n\u00e9cessaires \u00e0 un traitement antirides et anti-\u00e2ge efficace.  <br>Tous les bienfaits du<strong>\u00a0collag\u00e8ne marin, de l&rsquo;acide hyaluronique et du resv\u00e9ratrol<\/strong>\u00a0r\u00e9unis en un seul produit, pour une peau saine, jeune et lumineuse. <\/p>\n<\/div><\/div>\n<\/div><\/div><\/div>\n\n\n<style id=\"kt-blocks_31934a-4f\">#kt-layout-id_31934a-4f{background-color:#f1f1f3;background-image:url('https:\/\/www.biocollagenix.com\/wp-content\/uploads\/2019\/01\/bg-componenti-primo-fascione.jpg');background-size:cover;background-position:center center;background-attachment:scroll;background-repeat:no-repeat;}#kt-layout-id_31934a-4f > .kt-row-column-wrap{padding-top:70px;padding-bottom:70px;padding-left:30px;padding-right:30px;min-height:700px;max-width:1170px;margin-left:auto;margin-right:auto;}@media all and (max-width: 767px){#kt-layout-id_31934a-4f > .kt-row-column-wrap{padding-top:30px;padding-bottom:30px;}}<\/style>\n<div class=\"wp-block-kadence-rowlayout aligncenter\"><div id=\"kt-layout-id_31934a-4f\" class=\"kt-row-layout-inner kt-row-has-bg kt-layout-id_31934a-4f\"><div class=\"kt-row-column-wrap kt-has-2-columns kt-gutter-default kt-row-valign-middle kt-row-layout-equal kt-tab-layout-inherit kt-m-colapse-left-to-right kt-mobile-layout-row\">\n<div class=\"wp-block-kadence-column kadence-column9912 inner-column-1\"><div class=\"kt-inside-inner-col\">\n<p><\/p>\n<\/div><\/div>\n\n\n\n<div class=\"wp-block-kadence-column kadence-column6449 inner-column-2\"><div class=\"kt-inside-inner-col\">\n<h2 id=\"kt-adv-heading_601d69-ec\" class=\"wp-block-kadence-advancedheading\">Collag\u00e8ne et sant\u00e9 de la peau<\/h2>\n\n\n\n<p><strong>Le collag\u00e8ne est la prot\u00e9ine pr\u00e9sente en plus grande quantit\u00e9 dans l&rsquo;organisme<\/strong>: elle y joue un r\u00f4le structurel, qui consiste \u00e0 prot\u00e9ger et \u00e0 soutenir les tissus mous.<br> Les fibres de collag\u00e8ne se trouvent principalement dans la peau, les ligaments, les tendons, les os et le cartilage.<br> Avec l&rsquo;\u00e2ge, l&rsquo;exposition au soleil et la pollution, on assiste \u00e0 une r\u00e9duction progressive et graduelle des pr\u00e9curseurs du collag\u00e8ne et l&rsquo;augmentation cons\u00e9quente de la d\u00e9gradation du collag\u00e8ne mature.<br> La diminution de la production de collag\u00e8ne est la principale raison pour laquelle les articulations s&rsquo;affaiblissent, les muscles perdent leur tonus et des rides apparaissent sur la peau.<\/p>\n\n\n\n<p><\/p>\n<\/div><\/div>\n<\/div><\/div><\/div>\n\n\n<style id=\"kt-blocks_bd8e9c-3d\">#kt-layout-id_bd8e9c-3d{background-color:#e7efe1;background-image:url('https:\/\/www.biocollagenix.com\/wp-content\/uploads\/2019\/01\/bg-componenti-secondo-fascione.jpg');background-size:cover;background-position:center center;background-attachment:scroll;background-repeat:no-repeat;}#kt-layout-id_bd8e9c-3d > .kt-row-column-wrap{padding-top:70px;padding-bottom:70px;padding-left:30px;padding-right:30px;min-height:700px;max-width:1170px;margin-left:auto;margin-right:auto;}@media all and (max-width: 767px){#kt-layout-id_bd8e9c-3d > .kt-row-column-wrap{padding-top:30px;padding-bottom:30px;}}<\/style>\n<div class=\"wp-block-kadence-rowlayout aligncenter\"><div id=\"kt-layout-id_bd8e9c-3d\" class=\"kt-row-layout-inner kt-row-has-bg kt-layout-id_bd8e9c-3d\"><div class=\"kt-row-column-wrap kt-has-2-columns kt-gutter-default kt-row-valign-middle kt-row-layout-equal kt-tab-layout-inherit kt-m-colapse-left-to-right kt-mobile-layout-row\">\n<div class=\"wp-block-kadence-column kadence-column6623 inner-column-1\"><div class=\"kt-inside-inner-col\">\n<h2 id=\"kt-adv-heading_edd4f6-aa\" class=\"wp-block-kadence-advancedheading\">Acide hyaluronique\u00a0: propri\u00e9t\u00e9s et b\u00e9n\u00e9fice<\/h2>\n\n\n\n<p><strong>L&rsquo;acide hyaluronique<\/strong> est une substance naturellement produite par l&rsquo;organisme et l&rsquo;un des composants les plus importants en ce qui concerne la sant\u00e9 des tissus.<br> C&rsquo;est gr\u00e2ce \u00e0 l&rsquo;acide hyaluronique que la peau reste \u00e9lastique, r\u00e9sistante et prot\u00e9g\u00e9e des agents ext\u00e9rieurs.<br> L&rsquo;acide hyaluronique joue un r\u00f4le important dans le bien-\u00eatre du corps. En g\u00e9n\u00e9ral, l&rsquo;acide hyaluronique est responsable de la bonne hydratation et de la fermet\u00e9 de la peau, gr\u00e2ce \u00e0 sa capacit\u00e9 \u00e0 fixer une grande quantit\u00e9 de mol\u00e9cules d&rsquo;eau servant \u00e0 hydrater tous les tissus.<br> Avec l&rsquo;\u00e2ge, le niveau d&rsquo;acide hyaluronique diminue dans le corps. C&rsquo;est pourquoi <strong>Biocollagenix contient aussi de l&rsquo;acide hyaluronique.<\/strong><\/p>\n\n\n\n<div style=\"height:20px\" aria-hidden=\"true\" class=\"wp-block-spacer\"><\/div>\n\n\n<style id=\"kt-blocks_c7990c-fd\">.wp-block-kadence-advancedbtn.kt-btns_c7990c-fd .kt-btn-wrap-0 .kt-button{padding-left:25px;padding-right:25px;padding-top:15px;padding-bottom:15px;color:#184489;font-size:15px;background:transparent;border-color:#184489;}.wp-block-kadence-advancedbtn.kt-btns_c7990c-fd .kt-btn-wrap-0 .kt-button:hover, .wp-block-kadence-advancedbtn.kt-btns_c7990c-fd .kt-btn-wrap-0 .kt-button:focus{color:#ffffff;border-color:#184489;}.wp-block-kadence-advancedbtn.kt-btns_c7990c-fd .kt-btn-wrap-0 .kt-button::before{display:none;}.wp-block-kadence-advancedbtn.kt-btns_c7990c-fd .kt-btn-wrap-0 .kt-button:hover, .wp-block-kadence-advancedbtn.kt-btns_c7990c-fd .kt-btn-wrap-0 .kt-button:focus{background:#184489;}<\/style>\n<div class=\"wp-block-kadence-advancedbtn kt-btn-align-left kt-btns-wrap kt-btns_c7990c-fd\"><div class=\"kt-btn-wrap kt-btn-wrap-0\"><a class=\"kt-button kt-btn-0-action kt-btn-svg-show-always kt-btn-has-text-true kt-btn-has-svg-false\" href=\"\/fr\/vieillissement-de-la-peau\/nos-essais-cliniques\/\" target=\"_self\" style=\"font-size:15px;border-width:2px;padding-left:25px;padding-right:25px;padding-top:15px;padding-bottom:15px\"><span class=\"kt-btn-inner-text\">ALLER AUX ESSAIS CLINIQUES<\/span><\/a><\/div><\/div>\n<\/div><\/div>\n\n\n\n<div class=\"wp-block-kadence-column kadence-column6731 inner-column-2\"><div class=\"kt-inside-inner-col\">\n<p><\/p>\n<\/div><\/div>\n<\/div><\/div><\/div>\n\n\n<style id=\"kt-blocks_e18d77-dc\">#kt-layout-id_e18d77-dc{background-color:#eefaf6;background-image:url('https:\/\/www.biocollagenix.com\/wp-content\/uploads\/2019\/01\/bg-componenti-terzo-fascione.jpg');background-size:cover;background-position:center center;background-attachment:scroll;background-repeat:no-repeat;}#kt-layout-id_e18d77-dc > .kt-row-column-wrap{padding-top:70px;padding-bottom:70px;padding-left:30px;padding-right:30px;min-height:400px;max-width:1170px;margin-left:auto;margin-right:auto;}@media all and (max-width: 767px){#kt-layout-id_e18d77-dc > .kt-row-column-wrap{padding-top:0px;padding-bottom:30px;}}<\/style>\n<div class=\"wp-block-kadence-rowlayout aligncenter\"><div id=\"kt-layout-id_e18d77-dc\" class=\"kt-row-layout-inner kt-row-has-bg kt-layout-id_e18d77-dc\"><div class=\"kt-row-column-wrap kt-has-2-columns kt-gutter-default kt-row-valign-middle kt-row-layout-equal kt-tab-layout-inherit kt-m-colapse-left-to-right kt-mobile-layout-row\">\n<div class=\"wp-block-kadence-column kadence-column2712 inner-column-1\"><div class=\"kt-inside-inner-col\">\n<p><\/p>\n<\/div><\/div>\n\n\n\n<div class=\"wp-block-kadence-column kadence-column1274 inner-column-2\"><div class=\"kt-inside-inner-col\">\n<h2 id=\"kt-adv-heading_a24a12-43\" class=\"wp-block-kadence-advancedheading\">Resv\u00e9ratrol\u00a0: antioxydant et anti-\u00e2ge<\/h2>\n\n\n\n<p>Le resv\u00e9ratrol est une mol\u00e9cule d&rsquo;origine v\u00e9g\u00e9tale souvent extraite de la peau des grains de raisin<\/p>\n\n\n\n<div style=\"height:20px\" aria-hidden=\"true\" class=\"wp-block-spacer\"><\/div>\n\n\n<style id=\"kt-blocks_210572-04\">.wp-block-kadence-advancedbtn.kt-btns_210572-04 .kt-btn-wrap-0 .kt-button{padding-left:25px;padding-right:25px;padding-top:15px;padding-bottom:15px;color:#184489;font-size:15px;background:transparent;border-color:#184489;}.wp-block-kadence-advancedbtn.kt-btns_210572-04 .kt-btn-wrap-0 .kt-button:hover, .wp-block-kadence-advancedbtn.kt-btns_210572-04 .kt-btn-wrap-0 .kt-button:focus{color:#ffffff;border-color:#184489;}.wp-block-kadence-advancedbtn.kt-btns_210572-04 .kt-btn-wrap-0 .kt-button::before{display:none;}.wp-block-kadence-advancedbtn.kt-btns_210572-04 .kt-btn-wrap-0 .kt-button:hover, .wp-block-kadence-advancedbtn.kt-btns_210572-04 .kt-btn-wrap-0 .kt-button:focus{background:#184489;}<\/style>\n<div class=\"wp-block-kadence-advancedbtn kt-btn-align-left kt-btns-wrap kt-btns_210572-04\"><div class=\"kt-btn-wrap kt-btn-wrap-0\"><a class=\"kt-button kt-btn-0-action kt-btn-svg-show-always kt-btn-has-text-true kt-btn-has-svg-false\" href=\"\/fr\/vieillissement-de-la-peau\/pourquoi-la-peau-vieillit-elle\/\" target=\"_self\" style=\"font-size:15px;border-width:2px;padding-left:25px;padding-right:25px;padding-top:15px;padding-bottom:15px\"><span class=\"kt-btn-inner-text\">POURQUOI LA PEAU VIEILLIT-ELLE\u00a0?<\/span><\/a><\/div><\/div>\n<\/div><\/div>\n<\/div><\/div><\/div>\n\n\n<style id=\"kt-blocks_8c2709-83\">#kt-layout-id_8c2709-83{background-color:#e7efe1;background-image:url('https:\/\/www.biocollagenix.com\/wp-content\/uploads\/2019\/01\/bg-componenti-quarto-fascione.jpg');background-size:cover;background-position:center center;background-attachment:scroll;background-repeat:no-repeat;}#kt-layout-id_8c2709-83 > .kt-row-column-wrap{padding-top:70px;padding-bottom:70px;padding-left:30px;padding-right:30px;min-height:700px;max-width:1170px;margin-left:auto;margin-right:auto;}@media all and (max-width: 767px){#kt-layout-id_8c2709-83 > .kt-row-column-wrap{padding-top:30px;padding-bottom:30px;}}<\/style>\n<div class=\"wp-block-kadence-rowlayout aligncenter\"><div id=\"kt-layout-id_8c2709-83\" class=\"kt-row-layout-inner kt-row-has-bg kt-layout-id_8c2709-83\"><div class=\"kt-row-column-wrap kt-has-2-columns kt-gutter-default kt-row-valign-middle kt-row-layout-equal kt-tab-layout-inherit kt-m-colapse-left-to-right kt-mobile-layout-row\">\n<div class=\"wp-block-kadence-column kadence-column2387 inner-column-1\"><div class=\"kt-inside-inner-col\">\n<h2 id=\"kt-adv-heading_68f3aa-cd\" class=\"wp-block-kadence-advancedheading\">Antioxydants et radicaux libres<\/h2>\n\n\n\n<p>Les antioxydants et les anti-radicaux libres sont des substances aptes \u00e0 emp\u00eacher les dommages caus\u00e9s par les radicaux libres.<br>\nCes compos\u00e9s sont capables de r\u00e9agir en pr\u00e9sence de radicaux libres, en r\u00e9duisant leur r\u00e9activit\u00e9 et en g\u00e9n\u00e9rant des mol\u00e9cules moins dangereuses, facilement \u00e9limin\u00e9es par l&rsquo;organisme.<br>\nDans ce contexte, nous rappelons qu&rsquo;il n&rsquo;existe pas d&rsquo;antioxydant universel efficace et actif contre tous les types de radicaux libres, d&rsquo;o\u00f9 la n\u00e9cessit\u00e9 d&rsquo;associer diff\u00e9rents antioxydants afin que les diff\u00e9rentes mol\u00e9cules puissent agir de mani\u00e8re compl\u00e9mentaire ou en synergie.<br>\nBiocollagenix contient des vitamines et des antioxydants, notamment&nbsp;:<\/p>\n\n\n\n<p><strong>Vitamine C &#8211; Contribue \u00e0 la formation du collag\u00e8ne<\/strong>. En suppl\u00e9ment des nombreuses activit\u00e9s qu&rsquo;elle exerce dans notre corps, la vitamine C contribue \u00e9galement \u00e0 la formation du collag\u00e8ne n\u00e9cessaire \u00e0 un fonctionnement normal de la peau.<br> De plus, gr\u00e2ce \u00e0 ses propri\u00e9t\u00e9s anti-oxydantes, elle contribue \u00e0 la protection des cellules contre le stress oxydatif.<\/p>\n\n\n\n<p><strong>Myrtille &#8211; Action antioxydante pour une peau brillante.<\/strong> La myrtille est riche en propri\u00e9t\u00e9s qui am\u00e9liorent l&rsquo;\u00e9lasticit\u00e9 et l&rsquo;\u00e9clat de la peau du visage&nbsp;; elle renforce les parois des vaisseaux sanguins, freinant ainsi le processus de vieillissement.<br> Gr\u00e2ce \u00e0 la richesse de leurs propri\u00e9t\u00e9s, les myrtilles sont l&rsquo;un des meilleurs rem\u00e8des naturels pour avoir une peau toujours jeune.<\/p>\n\n\n\n<p><strong>Cuivre &#8211; Prot\u00e8ge la peau du stress oxydatif<\/strong>. Le cuivre est un oligo-\u00e9l\u00e9ment essentiel qui contribue \u00e0 la pr\u00e9servation des tissus conjonctifs, \u00e0 la pigmentation normale des cheveux et de la peau et \u00e0 la protection des cellules contre le stress oxydatif.<\/p>\n\n\n\n<p><strong>Zinc &#8211; Aide \u00e0 avoir une peau saine et ferme<\/strong>. Parmi ses nombreuses fonctions, le zinc joue un r\u00f4le important dans les soins de la peau, en prot\u00e9geant la sant\u00e9 de l&rsquo;\u00e9piderme.<br><\/p>\n<\/div><\/div>\n\n\n\n<div class=\"wp-block-kadence-column kadence-column1175 inner-column-2\"><div class=\"kt-inside-inner-col\">\n<p><\/p>\n<\/div><\/div>\n<\/div><\/div><\/div>\n\n\n<div class=\"products\">\n    <div class=\"container\">\n        <h3 class=\"products__title\">\n            D\u00e9couvrir les produits \u00e0 base de collag\u00e8ne         <\/h3>\n        <div class=\"products__list\">\n                                                <div class=\"product\">\n                        <div class=\"product__image\">\n                            <a href=\"https:\/\/www.biocollagenix.com\/fr\/biocollagenix-tablettes\/\"><img decoding=\"async\" src=\"https:\/\/www.biocollagenix.com\/wp-content\/uploads\/2019\/10\/ovalette.png\"><\/a>\n                        <\/div>\n                        <div class=\"product__name\">\n                            <a href=\"https:\/\/www.biocollagenix.com\/fr\/biocollagenix-tablettes\/\">Biocollagenix tablettes<\/a>\n                        <\/div>\n                        <div class=\"product__excerpt\">\n                            Compl\u00e9ment alimentaire \u00e0 base de Collag\u00e8ne marin hydrolys\u00e9.                        <\/div>\n                    <\/div>\n                                                                <div class=\"product\">\n                        <div class=\"product__image\">\n                            <a href=\"https:\/\/www.biocollagenix.com\/fr\/patch-pour-les-yeux-biocollagenix\/\"><img decoding=\"async\" src=\"https:\/\/www.biocollagenix.com\/wp-content\/uploads\/2019\/07\/eye-patch-collagene-biocollagenix-new.png\"><\/a>\n                        <\/div>\n                        <div class=\"product__name\">\n                            <a href=\"https:\/\/www.biocollagenix.com\/fr\/patch-pour-les-yeux-biocollagenix\/\">Patch pour les yeux Biocollagenix<\/a>\n                        <\/div>\n                        <div class=\"product__excerpt\">\n                            Patch au collag\u00e8ne pour les yeux : patchs pour un traitement anti-cernes.                        <\/div>\n                    <\/div>\n                                                                <div class=\"product\">\n                        <div class=\"product__image\">\n                            <a href=\"https:\/\/www.biocollagenix.com\/fr\/collagene-en-comprimes\/\"><img decoding=\"async\" src=\"https:\/\/www.biocollagenix.com\/wp-content\/uploads\/2019\/07\/tavolette-collagene-biocollagenix-new.png\"><\/a>\n                        <\/div>\n                        <div class=\"product__name\">\n                            <a href=\"https:\/\/www.biocollagenix.com\/fr\/collagene-en-comprimes\/\">Collag\u00e8ne en comprim\u00e9s<\/a>\n                        <\/div>\n                        <div class=\"product__excerpt\">\n                            Compl\u00e9ment \u00e0 base de collag\u00e8ne marin hydrolys\u00e9 sous la forme pratique de comprim\u00e9s.                        <\/div>\n                    <\/div>\n                                                                <div class=\"product\">\n                        <div class=\"product__image\">\n                            <a href=\"https:\/\/www.biocollagenix.com\/fr\/collagene-a-boire\/\"><img decoding=\"async\" src=\"https:\/\/www.biocollagenix.com\/wp-content\/uploads\/2019\/07\/collagene-bere-new.png\"><\/a>\n                        <\/div>\n                        <div class=\"product__name\">\n                            <a href=\"https:\/\/www.biocollagenix.com\/fr\/collagene-a-boire\/\">Collag\u00e8ne \u00e0 boire<\/a>\n                        <\/div>\n                        <div class=\"product__excerpt\">\n                            Compl\u00e9ment alimentaire \u00e0 boire \u00e0 base de collag\u00e8ne marin I et III, d'acide hyaluronique et de resv\u00e9ratrol.                         <\/div>\n                    <\/div>\n                                    <\/div>\n    <\/div>\n<\/div>\n\n","protected":false},"excerpt":{"rendered":"","protected":false},"author":3,"featured_media":0,"parent":3053,"menu_order":0,"comment_status":"closed","ping_status":"closed","template":"","meta":{"kt_blocks_editor_width":"fullwidth","footnotes":""},"class_list":["post-2993","page","type-page","status-publish","hentry"],"_links":{"self":[{"href":"https:\/\/www.biocollagenix.com\/fr\/wp-json\/wp\/v2\/pages\/2993"}],"collection":[{"href":"https:\/\/www.biocollagenix.com\/fr\/wp-json\/wp\/v2\/pages"}],"about":[{"href":"https:\/\/www.biocollagenix.com\/fr\/wp-json\/wp\/v2\/types\/page"}],"author":[{"embeddable":true,"href":"https:\/\/www.biocollagenix.com\/fr\/wp-json\/wp\/v2\/users\/3"}],"replies":[{"embeddable":true,"href":"https:\/\/www.biocollagenix.com\/fr\/wp-json\/wp\/v2\/comments?post=2993"}],"version-history":[{"count":9,"href":"https:\/\/www.biocollagenix.com\/fr\/wp-json\/wp\/v2\/pages\/2993\/revisions"}],"predecessor-version":[{"id":4703,"href":"https:\/\/www.biocollagenix.com\/fr\/wp-json\/wp\/v2\/pages\/2993\/revisions\/4703"}],"up":[{"embeddable":true,"href":"https:\/\/www.biocollagenix.com\/fr\/wp-json\/wp\/v2\/pages\/3053"}],"wp:attachment":[{"href":"https:\/\/www.biocollagenix.com\/fr\/wp-json\/wp\/v2\/media?parent=2993"}],"curies":[{"name":"wp","href":"https:\/\/api.w.org\/{rel}","templated":true}]}}