{"id":2988,"date":"2016-09-02T12:45:38","date_gmt":"2016-09-02T10:45:38","guid":{"rendered":"https:\/\/www.biocollagenix.com\/company\/"},"modified":"2019-11-19T12:49:08","modified_gmt":"2019-11-19T11:49:08","slug":"societe","status":"publish","type":"page","link":"https:\/\/www.biocollagenix.com\/fr\/societe\/","title":{"rendered":"Soci\u00e9t\u00e9"},"content":{"rendered":"<style id=\"kt-blocks_9df3ff-b2\">#kt-layout-id_9df3ff-b2{background-color:#f7f7f7;}#kt-layout-id_9df3ff-b2 > .kt-row-column-wrap{padding-top:0px;max-width:1170px;margin-left:auto;margin-right:auto;}<\/style>\n<div class=\"wp-block-kadence-rowlayout alignnone\"><div id=\"kt-layout-id_9df3ff-b2\" class=\"kt-row-layout-inner kt-row-has-bg kt-layout-id_9df3ff-b2\"><div class=\"kt-row-column-wrap kt-has-1-columns kt-gutter-default kt-row-valign-top kt-row-layout-equal kt-tab-layout-inherit kt-m-colapse-left-to-right kt-mobile-layout-row\">\n<div class=\"wp-block-kadence-column kadence-column9975 inner-column-1\"><div class=\"kt-inside-inner-col\">\t<div class=\"breadcrumb-container \">\n\t\t<div class=\"breadcrumbs\">\n\t\t\t<span property=\"itemListElement\" typeof=\"ListItem\"><a property=\"item\" typeof=\"WebPage\" title=\"Aller \u00e0 Accueil.\" href=\"https:\/\/www.biocollagenix.com\/fr\/\" class=\"home\" aria-current=\"page\"><span property=\"name\">Accueil<\/span><\/a><meta property=\"position\" content=\"1\"><\/span>\t\t<\/div>\n\t<\/div>\n\n\n\n\n<h1 id=\"kt-adv-heading_3eb32f-b5\" class=\"wp-block-kadence-advancedheading\"> Soci\u00e9t\u00e9 <\/h1>\n<\/div><\/div>\n<\/div><\/div><\/div>\n\n\n<style id=\"kt-blocks_f780e1-21\">#kt-layout-id_f780e1-21 > .kt-row-column-wrap{padding-left:15px;padding-right:15px;max-width:1170px;margin-left:auto;margin-right:auto;}@media all and (max-width: 767px){#kt-layout-id_f780e1-21 > .kt-row-column-wrap{padding-left:15px;padding-right:15px;}}<\/style>\n<div class=\"wp-block-kadence-rowlayout alignnone\"><div id=\"kt-layout-id_f780e1-21\" class=\"kt-row-layout-inner  kt-layout-id_f780e1-21\"><div class=\"kt-row-column-wrap kt-has-2-columns kt-gutter-default kt-row-valign-top kt-row-layout-left-golden kt-tab-layout-inherit kt-m-colapse-left-to-right kt-mobile-layout-row\">\n<div class=\"wp-block-kadence-column kadence-column3138 inner-column-1\"><div class=\"kt-inside-inner-col\">\n<p>ESI srl, une entreprise qui op\u00e8re dans le domaine des produits phytoth\u00e9rapeutiques, nutraceutiques, di\u00e9t\u00e9tiques et de compl\u00e9ments alimentaires, a \u00e9t\u00e9 fond\u00e9e en 1975 par son actuel Pr\u00e9sident, Antonio Maria Galleano. Dans un premier temps, la marque ESI a utilis\u00e9 une ligne de formules brevet\u00e9es import\u00e9es de Suisse. Par la suite, Esi a d\u00e9cid\u00e9 de produire ses propres produits, en cr\u00e9ant de nouvelles formules adapt\u00e9es aux d\u00e9couvertes scientifiques et aux besoins du march\u00e9.<br><\/p>\n\n\n\n<p>L&rsquo;entreprise a d&rsquo;abord op\u00e9r\u00e9 \u00e0 G\u00eanes. En 1992, afin de disposer d&rsquo;espaces de production plus \u00e9tendus, elle s&rsquo;est install\u00e9e \u00e0 Albissola Marina, dans les environs imm\u00e9diats de Savone.<br><\/p>\n\n\n\n<p>Actuellement, l&rsquo;usine couvre une superficie d&rsquo;environ &nbsp;<strong>19.000 m\u00e8tres carr\u00e9s<\/strong>, dont 10.000 m\u00e8tres carr\u00e9s construits, avec une partie r\u00e9serv\u00e9e \u00e0 la production et une autre \u00e0 la zone administrative et commerciale. Les sites de production de l&rsquo;entreprise se positionnent au plus haut niveau de qualit\u00e9 sur le march\u00e9.<br><\/p>\n\n\n\n<div style=\"height:20px\" aria-hidden=\"true\" class=\"wp-block-spacer\"><\/div>\n\n\n\n<p> <br><strong>MISSION<\/strong> <br>La mission d&rsquo;ESI est de contribuer au bien-\u00eatre de l&rsquo;individu avec des produits de haute qualit\u00e9.<br><\/p>\n\n\n\n<p> <br><strong>OBJECTIF<\/strong> <br>L&rsquo;objectif est de devenir la soci\u00e9t\u00e9 de r\u00e9f\u00e9rence dans le domaine de la &nbsp;<strong>phytoth\u00e9rapie<\/strong>&nbsp; et des&nbsp;<strong>compl\u00e9ments alimentaires<\/strong>&nbsp; et de concurrencer efficacement, dans le domaine de la sant\u00e9, les entreprises majeures du secteur sur les march\u00e9s mondiaux.<br><\/p>\n<\/div><\/div>\n\n\n\n<div class=\"wp-block-kadence-column kadence-column958 inner-column-2\"><div class=\"kt-inside-inner-col\">\n<figure class=\"wp-block-image\"><img loading=\"lazy\" decoding=\"async\" width=\"289\" height=\"290\" src=\"https:\/\/www.biocollagenix.com\/wp-content\/uploads\/2019\/01\/logo_esi_company.png\" alt=\"\" class=\"wp-image-2543\" srcset=\"https:\/\/www.biocollagenix.com\/wp-content\/uploads\/2019\/01\/logo_esi_company.png 289w, https:\/\/www.biocollagenix.com\/wp-content\/uploads\/2019\/01\/logo_esi_company-150x150.png 150w\" sizes=\"(max-width: 289px) 100vw, 289px\" \/><\/figure>\n<\/div><\/div>\n<\/div><\/div><\/div>\n\n\n<style id=\"kt-blocks_29d8e4-4b\">#kt-layout-id_29d8e4-4b{background-image:url('https:\/\/www.biocollagenix.com\/wp-content\/uploads\/2019\/01\/company3.jpg');background-size:cover;background-position:center center;background-attachment:scroll;background-repeat:no-repeat;}#kt-layout-id_29d8e4-4b > .kt-row-column-wrap{padding-left:15px;padding-right:15px;max-width:1170px;margin-left:auto;margin-right:auto;}@media all and (max-width: 767px){#kt-layout-id_29d8e4-4b > .kt-row-column-wrap{padding-top:30px;padding-bottom:30px;padding-left:15px;padding-right:15px;}}<\/style>\n<div class=\"wp-block-kadence-rowlayout alignnone hide-bg-mobile\"><div id=\"kt-layout-id_29d8e4-4b\" class=\"kt-row-layout-inner kt-row-has-bg kt-layout-id_29d8e4-4b\"><div class=\"kt-row-column-wrap kt-has-2-columns kt-gutter-default kt-row-valign-top kt-row-layout-equal kt-tab-layout-inherit kt-m-colapse-left-to-right kt-mobile-layout-row\">\n<div class=\"wp-block-kadence-column kadence-column1984 inner-column-1\"><div class=\"kt-inside-inner-col\">\n<p><\/p>\n<\/div><\/div>\n\n\n\n<div class=\"wp-block-kadence-column kadence-column1745 inner-column-2\"><div class=\"kt-inside-inner-col\">\n<figure class=\"wp-block-image is-resized hide-on-desk\"><img loading=\"lazy\" decoding=\"async\" src=\"https:\/\/www.biocollagenix.com\/wp-content\/uploads\/2019\/01\/azienda-mob-01.jpg\" alt=\"\" class=\"wp-image-2579\" width=\"560\" height=\"560\" srcset=\"https:\/\/www.biocollagenix.com\/wp-content\/uploads\/2019\/01\/azienda-mob-01.jpg 560w, https:\/\/www.biocollagenix.com\/wp-content\/uploads\/2019\/01\/azienda-mob-01-150x150.jpg 150w, https:\/\/www.biocollagenix.com\/wp-content\/uploads\/2019\/01\/azienda-mob-01-300x300.jpg 300w\" sizes=\"(max-width: 560px) 100vw, 560px\" \/><\/figure>\n\n\n\n<h2 id=\"kt-adv-heading_959bf9-84\" class=\"wp-block-kadence-advancedheading\"> <br\/>40 ans d&rsquo;exp\u00e9rience<br\/><\/h2>\n\n\n\n<p>L&rsquo;exp\u00e9rience acquise en plus de 40 ans d&rsquo;activit\u00e9, gr\u00e2ce \u00e0 un engagement constant dans la recherche scientifique et le d\u00e9veloppement de produits efficaces, des formules innovantes et la s\u00e9lection rigoureuse des mati\u00e8res premi\u00e8res, a permis \u00e0 ESI de faire partie des premiers fabricants du secteur. Notre production au plus haut niveau de qualit\u00e9 est facilit\u00e9e par la pr\u00e9sence d&rsquo;installations de production de derni\u00e8re g\u00e9n\u00e9ration et de laboratoires \u00e0 la pointe de la technologie, d\u00e9di\u00e9s \u00e0 la recherche et au d\u00e9veloppement. Le \u00a0<strong>laboratoire de contr\u00f4le qualit\u00e9<\/strong>\u00a0s&rsquo;occupe directement des analyses organoleptiques, physico-chimiques et microbiologiques des meilleures mati\u00e8res premi\u00e8res.<br><\/p>\n\n\n\n<div style=\"height:20px\" aria-hidden=\"true\" class=\"wp-block-spacer\"><\/div>\n\n\n\n<p> <br><strong>Internationalit\u00e9<\/strong><\/p>\n\n\n\n<p>D\u00e8s le d\u00e9but, l&rsquo;objectif de la mission d&rsquo;ESI a \u00e9t\u00e9 de \u00ab&nbsp;&nbsp;<strong><em>devenir l&rsquo;entreprise de r\u00e9f\u00e9rence dans le domaine de la phytoth\u00e9rapie et des compl\u00e9ments alimentaires et de concurrencer efficacement les acteurs les plus importants sur les grands march\u00e9s mondiaux&nbsp;\u00bb<\/em><\/strong>. Apr\u00e8s 40 ans d&rsquo;engagement constant, cet objectif a \u00e9t\u00e9 atteint. En effet, gr\u00e2ce \u00e0 un vaste r\u00e9seau de distributeurs internationaux, les produits ESI sont distribu\u00e9s dans plus de 50 pays&nbsp;: de l&rsquo;Afrique du Sud \u00e0 la Finlande, des Etats-Unis au Moyen-Orient et en Extr\u00eame-Orient. Ce processus d&rsquo;internationalisation est en constante augmentation&nbsp;: chaque ann\u00e9e, de nouveaux pays viennent s&rsquo;ajouter aux pr\u00e9c\u00e9dents. Et sur les emballages des produits vendus \u00e0 l&rsquo;\u00e9tranger, nous affichons fi\u00e8rement le drapeau italien&nbsp;: un petit geste pour contribuer, avec des produits de haute qualit\u00e9, \u00e0 l&rsquo;image de l&rsquo;Italie dans le monde.<br><\/p>\n<\/div><\/div>\n<\/div><\/div><\/div>\n\n\n<style id=\"kt-blocks_940fb6-11\">#kt-layout-id_940fb6-11{background-image:url('https:\/\/www.biocollagenix.com\/wp-content\/uploads\/2019\/01\/testata-controllo-qualita.jpg');background-size:cover;background-position:center center;background-attachment:scroll;background-repeat:no-repeat;}#kt-layout-id_940fb6-11 > .kt-row-column-wrap{min-height:495px;max-width:1170px;margin-left:auto;margin-right:auto;}@media all and (max-width: 767px){#kt-layout-id_940fb6-11 > .kt-row-column-wrap{padding-top:30px;padding-bottom:30px;padding-left:15px;padding-right:15px;}}<\/style>\n<div class=\"wp-block-kadence-rowlayout alignnone hide-bg-mobile\"><div id=\"kt-layout-id_940fb6-11\" class=\"kt-row-layout-inner kt-row-has-bg kt-layout-id_940fb6-11\"><div class=\"kt-row-column-wrap kt-has-2-columns kt-gutter-default kt-row-valign-middle kt-row-layout-equal kt-tab-layout-inherit kt-m-colapse-left-to-right kt-mobile-layout-row\">\n<div class=\"wp-block-kadence-column kadence-column3483 inner-column-1\"><div class=\"kt-inside-inner-col\">\n<figure class=\"wp-block-image is-resized hide-on-desk\"><img loading=\"lazy\" decoding=\"async\" src=\"https:\/\/www.biocollagenix.com\/wp-content\/uploads\/2019\/01\/azienda-mob-02.jpg\" alt=\"\" class=\"wp-image-2580\" width=\"560\" height=\"560\" srcset=\"https:\/\/www.biocollagenix.com\/wp-content\/uploads\/2019\/01\/azienda-mob-02.jpg 560w, https:\/\/www.biocollagenix.com\/wp-content\/uploads\/2019\/01\/azienda-mob-02-150x150.jpg 150w, https:\/\/www.biocollagenix.com\/wp-content\/uploads\/2019\/01\/azienda-mob-02-300x300.jpg 300w\" sizes=\"(max-width: 560px) 100vw, 560px\" \/><\/figure>\n\n\n\n<h2 id=\"kt-adv-heading_37cdd5-93\" class=\"wp-block-kadence-advancedheading\"> <br\/>Contr\u00f4le qualit\u00e9<br\/><\/h2>\n\n\n\n<p>La qualit\u00e9 des produits est la premi\u00e8re r\u00e8gle d&rsquo;entreprise qui est r\u00e9alis\u00e9e&nbsp;:<\/p>\n\n\n\n<ul class=\"wp-block-list\"><li>Par le choix et l&rsquo;utilisation de &nbsp;<strong>mati\u00e8res premi\u00e8res s\u00e9lectionn\u00e9es<\/strong>.<\/li><li>Par des &nbsp;<strong>contr\u00f4les de qualit\u00e9 stricts<\/strong>&nbsp; effectu\u00e9s dans des laboratoires sp\u00e9cialement \u00e9quip\u00e9s.<\/li><li>Par les &nbsp;<strong>plus hauts standards de qualit\u00e9.<\/strong><\/li><li>Gr\u00e2ce \u00e0 des &nbsp;<strong>moyens de production et de contr\u00f4le de pointe<\/strong>&nbsp;. <\/li><\/ul>\n<\/div><\/div>\n\n\n\n<div class=\"wp-block-kadence-column kadence-column6542 inner-column-2\"><div class=\"kt-inside-inner-col\">\n<p><\/p>\n<\/div><\/div>\n<\/div><\/div><\/div>\n\n\n<style id=\"kt-blocks_377766-cd\">#kt-layout-id_377766-cd > .kt-row-column-wrap{padding-left:15px;padding-right:15px;max-width:1170px;margin-left:auto;margin-right:auto;}@media all and (max-width: 767px){#kt-layout-id_377766-cd > .kt-row-column-wrap{padding-left:15px;padding-right:15px;}}<\/style>\n<div class=\"wp-block-kadence-rowlayout alignnone\"><div id=\"kt-layout-id_377766-cd\" class=\"kt-row-layout-inner  kt-layout-id_377766-cd\"><div class=\"kt-row-column-wrap kt-has-1-columns kt-gutter-default kt-row-valign-top kt-row-layout-equal kt-tab-layout-inherit kt-m-colapse-left-to-right kt-mobile-layout-row\">\n<div class=\"wp-block-kadence-column kadence-column7052 inner-column-1\"><div class=\"kt-inside-inner-col\">\n<h2 id=\"kt-adv-heading_99be41-64\" class=\"wp-block-kadence-advancedheading\">21 points cl\u00e9s du contr\u00f4le qualit\u00e9<\/h2>\n\n\n\n<ol class=\"elenco-numerato wp-block-list\"><li>N&rsquo;acheter que les meilleures mati\u00e8res premi\u00e8res aupr\u00e8s de fournisseurs qualifi\u00e9s et valid\u00e9s par ESI.<\/li><li> Stocker les mati\u00e8res premi\u00e8res dans des locaux appropri\u00e9s, \u00e0 l&rsquo;abri de la chaleur et de l&rsquo;humidit\u00e9.<\/li><li> Tester et \u00e9valuer tous les lots de toutes les mati\u00e8res premi\u00e8res d\u00e8s r\u00e9ception, en effectuant des analyses physico-chimiques et microbiologiques, en utilisant des protocoles \u00e9tablis et des m\u00e9thodes de contr\u00f4le sophistiqu\u00e9es, en conformit\u00e9 avec les sp\u00e9cifications techniques convenues avec les fournisseurs.<\/li><li> Alterner les lots pour assurer une utilisation constante de mati\u00e8res premi\u00e8res r\u00e9centes.<\/li><li> Si n\u00e9cessaire, pr\u00e9voir un surdosage des ingr\u00e9dients pour \u00eatre certain que la quantit\u00e9 d\u00e9tenue \u00e0 la fin de la dur\u00e9e de conservation correspond toujours \u00e0 ce qui est indiqu\u00e9 sur l&rsquo;\u00e9tiquette.<\/li><li> Utiliser des additifs, liants et excipients d&rsquo;origine naturelle et\/ou v\u00e9g\u00e9tale.<br><\/li><li> Granuler, si besoin, certains \u00e9l\u00e9ments nutritifs pour assurer un m\u00e9lange uniforme des ingr\u00e9dients.<\/li><li> Produire dans des environnements d\u00e9shumidifi\u00e9s afin d&rsquo;\u00e9viter tout endommagement des \u00e9l\u00e9ments nutritifs sensibles \u00e0 l&rsquo;humidit\u00e9.<br><\/li><li> Appliquer les techniques de compression les plus r\u00e9centes en \u00e9vitant l&rsquo;utilisation d&rsquo;\u00e9l\u00e9ments nuisibles.<\/li><li> Au besoin, appliquer une couche uniforme sur les panneaux imm\u00e9diatement apr\u00e8s la production, pour \u00e9viter que l&rsquo;humidit\u00e9 et l&rsquo;oxydation n&rsquo;endommagent le produit fini.<br><\/li><li> Effectuer des tests de d\u00e9sagr\u00e9gation pour s&rsquo;assurer que les comprim\u00e9s et les capsules se dissolvent dans le d\u00e9lai prescrit par la pharmacop\u00e9e, conform\u00e9ment au type de produit.<br><\/li><li> Contr\u00f4ler analytiquement tous les lots de produits semi-finis avant d&rsquo;autoriser le conditionnement.<br><\/li><li> Emballer le produit en vrac imm\u00e9diatement apr\u00e8s les analyses.<br><\/li><li> Conditionner les comprim\u00e9s, g\u00e9lules et liquides en bouteilles et blisters, conform\u00e9ment aux r\u00e9glementations en vigueur en mati\u00e8re d&rsquo;hygi\u00e8ne et de s\u00e9curit\u00e9 alimentaire.<br><\/li><li> Emballer les produits de mani\u00e8re \u00e0 r\u00e9duire autant que possible les effets de la lumi\u00e8re, de la chaleur et de l&rsquo;humidit\u00e9.<br><\/li><li> Utiliser des r\u00e9cipients adapt\u00e9s aux aliments.<br><\/li><li> V\u00e9rifier p\u00e9riodiquement les ingr\u00e9dients caract\u00e9ristiques des produits, afin de s&rsquo;assurer de leur efficacit\u00e9 jusqu&rsquo;\u00e0 la fin de leur dur\u00e9e de conservation.<br><\/li><li> Tester et contr\u00f4ler tous les lots de tous les produits finis, en effectuant des analyses physico-chimiques et microbiologiques, avant l&rsquo;autorisation de mise sur le march\u00e9.<br><\/li><li> A l&rsquo;aide d&rsquo;un syst\u00e8me informatis\u00e9 de pointe, tenir un inventaire permettant d&rsquo;exercer un contr\u00f4le pr\u00e9cis sur les stocks et d&rsquo;offrir des produits frais, produits r\u00e9cemment.<br><\/li><li> En tout \u00e9tat de cause, veiller \u00e0 tout moment \u00e0 l&rsquo;application et \u00e0 la mise \u00e0 jour de proc\u00e9dures de s\u00e9curit\u00e9 ad\u00e9quates, en utilisant les principes sur lesquels repose le syst\u00e8me d&rsquo;analyse des risques et de contr\u00f4le des points critiques.<br><\/li><li>Garantir une tra\u00e7abilit\u00e9 compl\u00e8te, d\u00e8s la r\u00e9ception de chaque lot de mati\u00e8re premi\u00e8re jusqu&rsquo;\u00e0 la livraison des produits au point de vente, conform\u00e9ment aux disposition pr\u00e9vues au r\u00e8glement (CE) no 178\/2002.<br><\/li><\/ol>\n<\/div><\/div>\n<\/div><\/div><\/div>\n\n\n<style id=\"kt-blocks_6de309-db\">#kt-layout-id_6de309-db{background-image:url('https:\/\/www.biocollagenix.com\/wp-content\/uploads\/2019\/01\/company-cert-qualita.jpg');background-size:cover;background-position:center center;background-attachment:scroll;background-repeat:no-repeat;}#kt-layout-id_6de309-db > .kt-row-column-wrap{padding-left:15px;padding-right:15px;min-height:620px;max-width:1170px;margin-left:auto;margin-right:auto;}@media all and (max-width: 767px){#kt-layout-id_6de309-db > .kt-row-column-wrap{padding-top:30px;padding-bottom:30px;padding-left:15px;padding-right:15px;}}<\/style>\n<div class=\"wp-block-kadence-rowlayout alignnone hide-bg-mobile\"><div id=\"kt-layout-id_6de309-db\" class=\"kt-row-layout-inner kt-row-has-bg kt-layout-id_6de309-db\"><div class=\"kt-row-column-wrap kt-has-2-columns kt-gutter-default kt-row-valign-middle kt-row-layout-equal kt-tab-layout-inherit kt-m-colapse-left-to-right kt-mobile-layout-row\">\n<div class=\"wp-block-kadence-column kadence-column643 inner-column-1\"><div class=\"kt-inside-inner-col\">\n<p><\/p>\n<\/div><\/div>\n\n\n\n<div class=\"wp-block-kadence-column kadence-column3739 inner-column-2\"><div class=\"kt-inside-inner-col\">\n<figure class=\"wp-block-image is-resized hide-on-desk\"><img loading=\"lazy\" decoding=\"async\" src=\"https:\/\/www.biocollagenix.com\/wp-content\/uploads\/2019\/01\/azienda-mob-03.jpg\" alt=\"\" class=\"wp-image-2582\" width=\"560\" height=\"560\" srcset=\"https:\/\/www.biocollagenix.com\/wp-content\/uploads\/2019\/01\/azienda-mob-03.jpg 560w, https:\/\/www.biocollagenix.com\/wp-content\/uploads\/2019\/01\/azienda-mob-03-150x150.jpg 150w, https:\/\/www.biocollagenix.com\/wp-content\/uploads\/2019\/01\/azienda-mob-03-300x300.jpg 300w\" sizes=\"(max-width: 560px) 100vw, 560px\" \/><\/figure>\n\n\n\n<h2 id=\"kt-adv-heading_4eaeda-65\" class=\"wp-block-kadence-advancedheading\"> <br\/>Labels de qualit\u00e9<br\/><\/h2>\n\n\n\n<p>La qualit\u00e9 ESI a obtenu&nbsp;:<\/p>\n\n\n\n<ul class=\"wp-block-list\"><li> <strong>1995<\/strong>&nbsp; &#8211; L&rsquo;autorisation par le Minist\u00e8re de la Sant\u00e9 de produire des produits di\u00e9t\u00e9tiques et des compl\u00e9ments alimentaires.<\/li><li><strong>1999&nbsp;<\/strong>&nbsp;&#8211; La certification ISO 9001 qui garantit la qualit\u00e9 totale de la production ESI<\/li><li><strong>2002<\/strong>&nbsp; &#8211; La mise \u00e0 jour du syst\u00e8me qualit\u00e9 aux normes europ\u00e9ennes ISO 9001:2000<br><\/li><li><strong>2004<\/strong>&nbsp; &#8211; La certification de produit pour les jus de la ligne Aloe Vera ESI<br><\/li><li><strong>2009<\/strong>&nbsp; &#8211; La mise \u00e0 jour du syst\u00e8me qualit\u00e9 aux normes europ\u00e9ennes ISO 9001:2008 <\/li><\/ul>\n<\/div><\/div>\n<\/div><\/div><\/div>\n\n\n<style id=\"kt-blocks_d5771e-eb\">#kt-layout-id_d5771e-eb{background-color:#e3eeee;}#kt-layout-id_d5771e-eb > .kt-row-column-wrap{padding-left:15px;padding-right:15px;max-width:1170px;margin-left:auto;margin-right:auto;}@media all and (max-width: 767px){#kt-layout-id_d5771e-eb > .kt-row-column-wrap{padding-left:15px;padding-right:15px;}}<\/style>\n<div class=\"wp-block-kadence-rowlayout alignnone\"><div id=\"kt-layout-id_d5771e-eb\" class=\"kt-row-layout-inner kt-row-has-bg kt-layout-id_d5771e-eb\"><div class=\"kt-row-column-wrap kt-has-2-columns kt-gutter-default kt-row-valign-top kt-row-layout-equal kt-tab-layout-inherit kt-m-colapse-left-to-right kt-mobile-layout-row\">\n<div class=\"wp-block-kadence-column kadence-column5560 inner-column-1\"><div class=\"kt-inside-inner-col\">\n<h2 id=\"kt-adv-heading_36a907-5c\" class=\"wp-block-kadence-advancedheading\">Certiquality<\/h2>\n\n\n\n<p>La comp\u00e9titivit\u00e9 croissante des march\u00e9s et les besoins justifi\u00e9s des consommateurs, de mieux en plus inform\u00e9s et s\u00e9lectifs, incitent de plus en plus les fabricants et les entreprises commerciales \u00e0 op\u00e9rer dans des conditions &nbsp;<strong>d&rsquo;assurance qualit\u00e9<\/strong>. En particulier en ce qui concerne l&rsquo;industrie alimentaire, les directives de la &nbsp;<strong>CEE&nbsp;<\/strong>&nbsp;relatives \u00e0 l&rsquo;hygi\u00e8ne des produits ont \u00e9t\u00e9 mises en \u0153uvre et, avec le d\u00e9cret l\u00e9gislatif n\u00b0 155\/97, l&rsquo;introduction d&rsquo;un&nbsp;<strong>&nbsp;plan d&rsquo;autocontr\u00f4le d&rsquo;entreprise (HACCP)<\/strong>&nbsp; a \u00e9t\u00e9 rendue obligatoire pour garantir la salubrit\u00e9 des produits. Le syst\u00e8me &nbsp;<strong>HACCP<\/strong>&nbsp;constitue ainsi la base, l\u00e9galement obligatoire, d&rsquo;une organisation de syst\u00e8mes orient\u00e9s vers une qualit\u00e9 globale. ESI, \u00e0 l&rsquo;avant-garde du secteur di\u00e9t\u00e9tique\/sant\u00e9, a suivi un processus de qualit\u00e9 globale en adoptant une philosophie de qualit\u00e9 certifi\u00e9e qui place l&rsquo;entreprise dans une comparaison directe au niveau des consommateurs. Ainsi, ESI a non seulement respect\u00e9 les normes du syst\u00e8me HACCP en garantissant une production fabriqu\u00e9e, stock\u00e9e et transport\u00e9e dans le respect de la r\u00e9glementation en vigueur, mais a \u00e9galement obtenu la &nbsp;<strong>CERTIFICATION ISO 9001<\/strong>&nbsp; qui garantit la &nbsp;<strong>Qualit\u00e9 Totale&nbsp;<\/strong>, de la &nbsp;<strong>CONCEPTION<\/strong>&nbsp; \u00e0 la &nbsp;<strong>PRODUCTION<\/strong>&nbsp; et \u00e0 la&nbsp;<strong>COMMERCIALISATION<\/strong>&nbsp; de ses produits. Gr\u00e2ce \u00e0 la reconnaissance mutuelle avec les organismes prestigieux qui participent \u00e0&nbsp;<strong>IQ Net (The International Certification Network)<\/strong>, la certification obtenue est valable dans tous les pays europ\u00e9ens, au Canada, au Japon et dans d&rsquo;autres pays parmi les plus d\u00e9velopp\u00e9s du monde. L&rsquo;introduction simultan\u00e9e du syst\u00e8me&nbsp;<strong>HACCP<\/strong>&nbsp; et du &nbsp;<strong>syst\u00e8me de qualit\u00e9 ISO 9001<\/strong>&nbsp; a des effets de synergie importants, permettant l&rsquo;obtention d&rsquo;une qualit\u00e9 globale. Pour ESI, op\u00e9rer dans un cadre d&rsquo;assurance qualit\u00e9 signifie avoir la possibilit\u00e9 d&rsquo;offrir des produits et des services conformes non seulement \u00e0 ce qui est \u00e9tabli par la l\u00e9gislation ou des r\u00e9glementations sp\u00e9cifiques, mais surtout aux attentes des consommateurs.<br><\/p>\n<\/div><\/div>\n\n\n\n<div class=\"wp-block-kadence-column kadence-column574 inner-column-2\"><div class=\"kt-inside-inner-col\">\n<figure class=\"wp-block-image is-resized\"><img loading=\"lazy\" decoding=\"async\" src=\"https:\/\/www.biocollagenix.com\/wp-content\/uploads\/2019\/01\/img_certiquality.png\" alt=\"\" class=\"wp-image-2560\" width=\"487\" height=\"473\" srcset=\"https:\/\/www.biocollagenix.com\/wp-content\/uploads\/2019\/01\/img_certiquality.png 487w, https:\/\/www.biocollagenix.com\/wp-content\/uploads\/2019\/01\/img_certiquality-300x291.png 300w\" sizes=\"(max-width: 487px) 100vw, 487px\" \/><\/figure>\n<\/div><\/div>\n<\/div><\/div><\/div>\n\n\n<style id=\"kt-blocks_93ef6f-c3\">#kt-layout-id_93ef6f-c3{background-image:url('https:\/\/www.biocollagenix.com\/wp-content\/uploads\/2019\/01\/company-impianti2.jpg');background-size:cover;background-position:center center;background-attachment:scroll;background-repeat:no-repeat;}#kt-layout-id_93ef6f-c3 > .kt-row-column-wrap{padding-left:15px;padding-right:15px;min-height:620px;max-width:1170px;margin-left:auto;margin-right:auto;}@media all and (max-width: 767px){#kt-layout-id_93ef6f-c3 > .kt-row-column-wrap{padding-top:30px;padding-bottom:30px;padding-left:15px;padding-right:15px;}}<\/style>\n<div class=\"wp-block-kadence-rowlayout alignnone hide-bg-mobile\"><div id=\"kt-layout-id_93ef6f-c3\" class=\"kt-row-layout-inner kt-row-has-bg kt-layout-id_93ef6f-c3\"><div class=\"kt-row-column-wrap kt-has-2-columns kt-gutter-default kt-row-valign-middle kt-row-layout-equal kt-tab-layout-inherit kt-m-colapse-left-to-right kt-mobile-layout-row\">\n<div class=\"wp-block-kadence-column kadence-column3690 inner-column-1\"><div class=\"kt-inside-inner-col\">\n<p><\/p>\n<\/div><\/div>\n\n\n\n<div class=\"wp-block-kadence-column kadence-column3067 inner-column-2\"><div class=\"kt-inside-inner-col\">\n<figure class=\"wp-block-image is-resized hide-on-desk\"><img loading=\"lazy\" decoding=\"async\" src=\"https:\/\/www.biocollagenix.com\/wp-content\/uploads\/2019\/01\/azienda-mob-04.jpg\" alt=\"\" class=\"wp-image-2583\" width=\"560\" height=\"560\" srcset=\"https:\/\/www.biocollagenix.com\/wp-content\/uploads\/2019\/01\/azienda-mob-04.jpg 560w, https:\/\/www.biocollagenix.com\/wp-content\/uploads\/2019\/01\/azienda-mob-04-150x150.jpg 150w, https:\/\/www.biocollagenix.com\/wp-content\/uploads\/2019\/01\/azienda-mob-04-300x300.jpg 300w\" sizes=\"(max-width: 560px) 100vw, 560px\" \/><\/figure>\n\n\n\n<h2 id=\"kt-adv-heading_b79994-3a\" class=\"wp-block-kadence-advancedheading\"> <br\/>Usines de production<br\/><\/h2>\n\n\n\n<p>La technologie et l&rsquo;innovation ont toujours \u00e9t\u00e9 deux des points forts d&rsquo;ESI&nbsp;: les produits naturels, les technologies avanc\u00e9es et les investissements continus ont toujours garanti la meilleure capacit\u00e9 de production possible. ESI produit plus de 80 000 capsules, 12 000 bouteilles et 300 000 comprim\u00e9s par heure, sous diff\u00e9rents formats. ESI a \u00e9galement d\u00e9velopp\u00e9 et brevet\u00e9 un syst\u00e8me sp\u00e9cial pour les Capsules Retard, les fameux comprim\u00e9s \u00e0 lib\u00e9ration diff\u00e9renci\u00e9e. Une installation sophistiqu\u00e9e pour le pelliculage des comprim\u00e9s facilite l&rsquo;ingestion, tandis que le d\u00e9partement d&#8217;emballage des liquides a \u00e9t\u00e9 \u00e9largi avec l&rsquo;introduction du Pocket Drink, le sachet monodose au format convivial. En profitant des possibilit\u00e9s offertes par la technologie moderne, nous pouvons ainsi perfectionner nos proc\u00e9d\u00e9s d&#8217;emballage et offrir aux consommateurs un produit pratique et de haute qualit\u00e9. <\/p>\n<\/div><\/div>\n<\/div><\/div><\/div>\n","protected":false},"excerpt":{"rendered":"","protected":false},"author":3,"featured_media":0,"parent":0,"menu_order":0,"comment_status":"closed","ping_status":"closed","template":"","meta":{"kt_blocks_editor_width":"fullwidth","footnotes":""},"class_list":["post-2988","page","type-page","status-publish","hentry"],"_links":{"self":[{"href":"https:\/\/www.biocollagenix.com\/fr\/wp-json\/wp\/v2\/pages\/2988"}],"collection":[{"href":"https:\/\/www.biocollagenix.com\/fr\/wp-json\/wp\/v2\/pages"}],"about":[{"href":"https:\/\/www.biocollagenix.com\/fr\/wp-json\/wp\/v2\/types\/page"}],"author":[{"embeddable":true,"href":"https:\/\/www.biocollagenix.com\/fr\/wp-json\/wp\/v2\/users\/3"}],"replies":[{"embeddable":true,"href":"https:\/\/www.biocollagenix.com\/fr\/wp-json\/wp\/v2\/comments?post=2988"}],"version-history":[{"count":8,"href":"https:\/\/www.biocollagenix.com\/fr\/wp-json\/wp\/v2\/pages\/2988\/revisions"}],"predecessor-version":[{"id":4663,"href":"https:\/\/www.biocollagenix.com\/fr\/wp-json\/wp\/v2\/pages\/2988\/revisions\/4663"}],"wp:attachment":[{"href":"https:\/\/www.biocollagenix.com\/fr\/wp-json\/wp\/v2\/media?parent=2988"}],"curies":[{"name":"wp","href":"https:\/\/api.w.org\/{rel}","templated":true}]}}