{"id":2980,"date":"2018-12-27T14:29:13","date_gmt":"2018-12-27T13:29:13","guid":{"rendered":"https:\/\/www.biocollagenix.com\/collagene-in-compresse-antirughe\/"},"modified":"2020-08-05T12:34:39","modified_gmt":"2020-08-05T10:34:39","slug":"collagene-en-comprimes","status":"publish","type":"page","link":"https:\/\/www.biocollagenix.com\/fr\/collagene-en-comprimes\/","title":{"rendered":"Collag\u00e8ne en comprim\u00e9s"},"content":{"rendered":"<style id=\"kt-blocks_83ef87-cb\">@media all and (max-width: 767px){#kt-layout-id_83ef87-cb > .kt-row-column-wrap{padding-top:0px;padding-bottom:0px;}}<\/style>\n<div class=\"wp-block-kadence-rowlayout alignnone container\"><div id=\"kt-layout-id_83ef87-cb\" class=\"kt-row-layout-inner kt-layout-id_83ef87-cb\"><div class=\"kt-row-column-wrap kt-has-2-columns kt-gutter-default kt-v-gutter-default kt-row-valign-top kt-row-layout-equal kt-tab-layout-inherit kt-m-colapse-left-to-right kt-mobile-layout-row\">\n<div class=\"wp-block-kadence-column inner-column-1 kadence-column_e250e1-ac img-prodotto\"><div class=\"kt-inside-inner-col\">\n<figure class=\"wp-block-image\"><img loading=\"lazy\" decoding=\"async\" width=\"560\" height=\"560\" src=\"https:\/\/www.biocollagenix.com\/wp-content\/uploads\/2019\/07\/vantaggi-collagene-compresse-mob-02-new3.png\" alt=\"\" class=\"wp-image-3887\" srcset=\"https:\/\/www.biocollagenix.com\/wp-content\/uploads\/2019\/07\/vantaggi-collagene-compresse-mob-02-new3.png 560w, https:\/\/www.biocollagenix.com\/wp-content\/uploads\/2019\/07\/vantaggi-collagene-compresse-mob-02-new3-150x150.png 150w, https:\/\/www.biocollagenix.com\/wp-content\/uploads\/2019\/07\/vantaggi-collagene-compresse-mob-02-new3-300x300.png 300w\" sizes=\"(max-width: 560px) 100vw, 560px\" \/><\/figure>\n\n\n\n<div class=\"social-share\">\n   [fb_button]\n   <div class=\"twitter\">\n       <a href=\"https:\/\/twitter.com\/share\" class=\"twitter-share-button\" data-via=\"esi_italia\">Tweet<\/a>\n       <script>!function(d,s,id){var js,fjs=d.getElementsByTagName(s)[0],p=\/^http:\/.test(d.location)?'http':'https';if(!d.getElementById(id)){js=d.createElement(s);js.id=id;js.src=p+':\/\/platform.twitter.com\/widgets.js';fjs.parentNode.insertBefore(js,fjs);}}(document, 'script', 'twitter-wjs');<\/script>\n   <\/div>\n   <div class=\"google\">\n       <div class=\"g-plusone\" data-size=\"medium\" data-annotation=\"none\"><\/div>\n   <\/div>\n   <div class=\"pinterest\">\n       <a href=\"\/\/www.pinterest.com\/pin\/create\/button\/\" data-pin-do=\"buttonBookmark\" data-pin-color=\"white\"><img decoding=\"async\" src=\"\/\/assets.pinterest.com\/images\/pidgets\/pinit_fg_en_rect_white_20.png\"><\/a>\n       <script type=\"text\/javascript\" async=\"\" defer=\"\" src=\"\/\/assets.pinterest.com\/js\/pinit.js\"><\/script>\n   <\/div>\n<\/div>\n<\/div><\/div>\n\n\n\n<div class=\"wp-block-kadence-column inner-column-2 kadence-column_3f19e0-d1 info-prodotto\"><div class=\"kt-inside-inner-col\"><style id=\"kt-blocks_648551-bb\">#kt-layout-id_648551-bb > .kt-row-column-wrap{padding-top:0px;padding-bottom:0px;}<\/style>\n<div class=\"wp-block-kadence-rowlayout alignnone title-and-price\"><div id=\"kt-layout-id_648551-bb\" class=\"kt-row-layout-inner kt-layout-id_648551-bb\"><div class=\"kt-row-column-wrap kt-has-1-columns kt-gutter-default kt-v-gutter-default kt-row-valign-top kt-row-layout-equal kt-tab-layout-inherit kt-m-colapse-left-to-right kt-mobile-layout-row\">\n<div class=\"wp-block-kadence-column inner-column-1 kadence-column_abfa70-1f\"><div class=\"kt-inside-inner-col\"><style id=\"kt-blocks_f46792-58\">#kt-adv-heading_f46792-58 mark, #kt-adv-heading_f46792-58 .wp-block-kadence-advancedheading mark, .kt-adv-heading_f46792-58[data-kb-block=\"kb-adv-heading_f46792-58\"] mark{padding:0px 0px 0px 0px;}<\/style>\n<h1 id=\"kt-adv-heading_f46792-58\" class=\"kt-adv-heading_f46792-58 wp-block-kadence-advancedheading\">Biocollagenix en comprim\u00e9s<br\/><\/h1>\n<\/div><\/div>\n<\/div><\/div><\/div>\n\n\n\n<p class=\"has-medium-font-size\"><strong>Compl\u00e9ment \u00e0 base de collag\u00e8ne marin hydrolys\u00e9 sous la forme pratique de comprim\u00e9s<\/strong>.<br><\/p>\n\n\n\n<p>Biocollagenix en comprim\u00e9s est le compl\u00e9ment anti-rides et anti-\u00e2ge \u00e0 base de collag\u00e8ne marin de type I et III hautement purifi\u00e9, \u00e0 dose \u00e9lev\u00e9e (1000 mg par comprim\u00e9). Le collag\u00e8ne marin hydrolys\u00e9 en comprim\u00e9s agit de l&rsquo;int\u00e9rieur pour am\u00e9liorer le tonus, l&rsquo;\u00e9lasticit\u00e9 et la r\u00e9sistance de la peau.  Il est recommand\u00e9 de prendre 2 \u00e0 4 comprim\u00e9s par jour, avec beaucoup d&rsquo;eau. Entreposer dans un endroit frais et sec, \u00e0 l&rsquo;abri de la lumi\u00e8re et\/ou des sources de chaleur et de l&rsquo;humidit\u00e9. La dur\u00e9e minimale de stockage se r\u00e9f\u00e8re au produit correctement conserv\u00e9 dans un emballage encore ferm\u00e9.<\/p>\n\n\n\n<p> <strong>Emballage&nbsp;:<\/strong>&nbsp;120 comprim\u00e9s (1000mg)&nbsp;<br><strong>Posologie&nbsp;:<\/strong>&nbsp;2 \u00e0 4 comprim\u00e9s par jour avec beaucoup d&rsquo;eau. <\/p>\n\n\n\n<div class='btn-test-clinici'><a href='\/fr\/vieillissement-de-la-peau\/nos-essais-cliniques\/'>ALLER AUX ESSAIS CLINIQUES<\/a><\/div>\n<\/div><\/div>\n<\/div><\/div><\/div>\n\n\n<style id=\"kt-blocks_0ffb7d-12\">#kt-layout-id_0ffb7d-12 > .kt-row-column-wrap{padding-top:40px;padding-bottom:40px;padding-left:40px;padding-right:40px;}@media all and (max-width: 767px){#kt-layout-id_0ffb7d-12 > .kt-row-column-wrap{padding-top:15px;padding-bottom:15px;padding-left:15px;padding-right:15px;}}<\/style>\n<div class=\"wp-block-kadence-rowlayout alignnone box-ingredienti container\"><div id=\"kt-layout-id_0ffb7d-12\" class=\"kt-row-layout-inner kt-layout-id_0ffb7d-12\"><div class=\"kt-row-column-wrap kt-has-1-columns kt-gutter-default kt-v-gutter-default kt-row-valign-top kt-row-layout-equal kt-tab-layout-inherit kt-m-colapse-left-to-right kt-mobile-layout-row\">\n<div class=\"wp-block-kadence-column inner-column-1 kadence-column_6f4020-57\"><div class=\"kt-inside-inner-col\"><style id=\"kt-blocks_a2b429-9a\">#kt-adv-heading_a2b429-9a mark, #kt-adv-heading_a2b429-9a .wp-block-kadence-advancedheading mark, .kt-adv-heading_a2b429-9a[data-kb-block=\"kb-adv-heading_a2b429-9a\"] mark{padding:0px 0px 0px 0px;}<\/style>\n<h2 id=\"kt-adv-heading_a2b429-9a\" class=\"kt-adv-heading_a2b429-9a wp-block-kadence-advancedheading\">Ingr\u00e9dients<\/h2>\n\n\n<style id=\"kt-blocks_2ecb68-d6\">#kt-layout-id_2ecb68-d6 > .kt-row-column-wrap{padding-bottom:0px;}<\/style>\n<div class=\"wp-block-kadence-rowlayout alignnone\"><div id=\"kt-layout-id_2ecb68-d6\" class=\"kt-row-layout-inner kt-layout-id_2ecb68-d6\"><div class=\"kt-row-column-wrap kt-has-3-columns kt-gutter-default kt-v-gutter-default kt-row-valign-top kt-row-layout-equal kt-tab-layout-inherit kt-m-colapse-left-to-right kt-mobile-layout-row\">\n<div class=\"wp-block-kadence-column inner-column-1 kadence-column_39ea96-32\"><div class=\"kt-inside-inner-col\"><style id=\"kt-blocks_ac3966-d5\">#kt-layout-id_ac3966-d5 > .kt-row-column-wrap{padding-top:0px;padding-bottom:0px;}<\/style>\n<div class=\"wp-block-kadence-rowlayout alignnone\"><div id=\"kt-layout-id_ac3966-d5\" class=\"kt-row-layout-inner kt-layout-id_ac3966-d5\"><div class=\"kt-row-column-wrap kt-has-2-columns kt-gutter-default kt-v-gutter-default kt-row-valign-top kt-row-layout-left-golden kt-tab-layout-left-golden kt-m-colapse-left-to-right kt-mobile-layout-left-golden\">\n<div class=\"wp-block-kadence-column inner-column-1 kadence-column_81f519-0f\"><div class=\"kt-inside-inner-col\">\n<p>Collag\u00e8ne marin hydrolys\u00e9 de type I et de type III (de POISSON)<br><\/p>\n\n\n\n<p><\/p>\n\n\n\n<p><\/p>\n<\/div><\/div>\n\n\n\n<div class=\"wp-block-kadence-column inner-column-2 kadence-column_29b608-60\"><div class=\"kt-inside-inner-col\">\n<p class=\"has-text-align-right\">1000 mg<br> <\/p>\n<\/div><\/div>\n<\/div><\/div><\/div>\n<\/div><\/div>\n\n\n<style id=\"kt-blocks_6cc532-bc\">.kt-row-layout-inner > .kt-row-column-wrap > .kadence-column_6cc532-bc > .kt-inside-inner-col{padding-left:40px;padding-right:40px;}@media all and (max-width: 767px){.kt-row-layout-inner > .kt-row-column-wrap > .kadence-column_6cc532-bc > .kt-inside-inner-col{padding-left:0px;padding-right:0px;margin-top:20px;margin-bottom:20px;}}<\/style>\n<div class=\"wp-block-kadence-column inner-column-2 kadence-column_6cc532-bc\"><div class=\"kt-inside-inner-col\">\n<p> <strong>Ne contient pas de&nbsp;:<\/strong><br>Ar\u00f4mes artificiels, colorants artificiels, gluten, lactose, OGM, sucres<br> <br><br><br><strong>Rem\u00e8de pour&nbsp;:<\/strong><\/p>\n\n\n\n<p>Antioxydants, bien-\u00eatre de la peau<br><br><\/p>\n\n\n<style id=\"kt-blocks_fffa5b-c5\">.kt-btns_fffa5b-c5 .kt-button{font-family:'Source Sans Pro';font-weight:600;}.wp-block-kadence-advancedbtn.kt-btns_fffa5b-c5 .kt-btn-wrap-0 .kt-button{padding-left:1px;padding-right:1px;padding-top:15px;padding-bottom:15px;color:#1d4d93;font-size:17px;background:transparent;border-color:#555555;}.wp-block-kadence-advancedbtn.kt-btns_fffa5b-c5 .kt-btn-wrap-0 .kt-button:hover, .wp-block-kadence-advancedbtn.kt-btns_fffa5b-c5 .kt-btn-wrap-0 .kt-button:focus{color:#61a940;border-color:#444444;}.wp-block-kadence-advancedbtn.kt-btns_fffa5b-c5 .kt-btn-wrap-0 .kt-button::before{display:none;}.wp-block-kadence-advancedbtn.kt-btns_fffa5b-c5 .kt-btn-wrap-0 .kt-button:hover, .wp-block-kadence-advancedbtn.kt-btns_fffa5b-c5 .kt-btn-wrap-0 .kt-button:focus{background:#444444;}.wp-block-kadence-advancedbtn.kt-btns_fffa5b-c5 .kt-btn-wrap-1 .kt-button{color:#555555;font-size:18px;background:transparent;border-color:#555555;}.wp-block-kadence-advancedbtn.kt-btns_fffa5b-c5 .kt-btn-wrap-1 .kt-button:hover, .wp-block-kadence-advancedbtn.kt-btns_fffa5b-c5 .kt-btn-wrap-1 .kt-button:focus{color:#ffffff;border-color:#444444;}.wp-block-kadence-advancedbtn.kt-btns_fffa5b-c5 .kt-btn-wrap-1 .kt-button::before{display:none;}.wp-block-kadence-advancedbtn.kt-btns_fffa5b-c5 .kt-btn-wrap-1 .kt-button:hover, .wp-block-kadence-advancedbtn.kt-btns_fffa5b-c5 .kt-btn-wrap-1 .kt-button:focus{background:#444444;}<\/style>\n<div class=\"wp-block-kadence-advancedbtn kt-btn-align-left kt-btn-tablet-align-inherit kt-btn-mobile-align-inherit kt-btns-wrap kt-btns_fffa5b-c5\"><div class=\"kt-btn-wrap kt-btn-wrap-0\"><a class=\"kt-button button kt-btn-0-action kt-btn-size-custom kt-btn-style-basic kt-btn-svg-show-always kt-btn-has-text-true kt-btn-has-svg-true\" href=\"https:\/\/www.biocollagenix.com\/fr\/vieillissement-de-la-peau\/principes-naturels\/\" style=\"border-radius:0px;border-width:0px\"><div style=\"display:inline-flex;justify-content:center;align-items:center\" class=\"kt-btn-svg-icon kt-btn-svg-icon-fe_arrowRight kt-btn-side-left\"><svg style=\"display:inline-block;vertical-align:middle\" viewbox=\"0 0 24 24\" height=\"17\" width=\"17\" fill=\"none\" stroke=\"currentColor\" xmlns=\"http:\/\/www.w3.org\/2000\/svg\" stroke-width=\"2\" stroke-linecap=\"round\" stroke-linejoin=\"round\"><line x1=\"5\" y1=\"12\" x2=\"19\" y2=\"12\"><\/line><polyline points=\"12 5 19 12 12 19\"><\/polyline><\/svg><\/div><span class=\"kt-btn-inner-text\">Caract\u00e9ristiques des ingr\u00e9dients<\/span><\/a><\/div><\/div>\n<\/div><\/div>\n\n\n\n<div class=\"wp-block-kadence-column inner-column-3 kadence-column_5ec7d6-79\"><div class=\"kt-inside-inner-col\">\n<figure class=\"wp-block-image\"><img loading=\"lazy\" decoding=\"async\" width=\"175\" height=\"22\" src=\"https:\/\/www.biocollagenix.com\/wp-content\/uploads\/2019\/08\/fr.png\" alt=\"\" class=\"wp-image-3821\"\/><\/figure>\n\n\n\n<div class=\"wp-block-image\"><figure class=\"alignleft is-resized\"><img loading=\"lazy\" decoding=\"async\" src=\"https:\/\/www.biocollagenix.com\/wp-content\/uploads\/2019\/08\/Logo-ClinicallyTested.jpg\" alt=\"\" class=\"wp-image-3845\" width=\"75\" height=\"75\" srcset=\"https:\/\/www.biocollagenix.com\/wp-content\/uploads\/2019\/08\/Logo-ClinicallyTested.jpg 472w, https:\/\/www.biocollagenix.com\/wp-content\/uploads\/2019\/08\/Logo-ClinicallyTested-150x150.jpg 150w, https:\/\/www.biocollagenix.com\/wp-content\/uploads\/2019\/08\/Logo-ClinicallyTested-300x300.jpg 300w\" sizes=\"(max-width: 75px) 100vw, 75px\" \/><\/figure><\/div>\n\n\n\n<div class=\"wp-block-image\"><figure class=\"alignleft is-resized\"><img loading=\"lazy\" decoding=\"async\" src=\"https:\/\/www.biocollagenix.com\/wp-content\/uploads\/2019\/01\/gluten-free.png\" alt=\"\" class=\"wp-image-1704\" width=\"61\" height=\"66\"\/><\/figure><\/div>\n<\/div><\/div>\n<\/div><\/div><\/div>\n<\/div><\/div>\n<\/div><\/div><\/div>\n\n\n<style id=\"kt-blocks_951c49-b8\">#kt-layout-id_951c49-b8 > .kt-row-column-wrap{padding-top:60px;padding-bottom:60px;}<\/style>\n<div class=\"wp-block-kadence-rowlayout alignnone box-recensioni container\"><div id=\"kt-layout-id_951c49-b8\" class=\"kt-row-layout-inner kt-layout-id_951c49-b8\"><div class=\"kt-row-column-wrap kt-has-1-columns kt-gutter-default kt-v-gutter-default kt-row-valign-top kt-row-layout-equal kt-tab-layout-inherit kt-m-colapse-left-to-right kt-mobile-layout-row\">\n<div class=\"wp-block-kadence-column inner-column-1 kadence-column_805511-4e\"><div class=\"kt-inside-inner-col\">\n\n\n\n<p style=\"font-size:19px\" class=\"has-text-align-center\">Le collag\u00e8ne en comprim\u00e9s a \u00e9t\u00e9 comment\u00e9 0 fois!<\/p>\n\n\n<div class=\"container comments-wrapper\">\n    <div class=\"content bg-form-comment\">\n\n        \t<div id=\"respond\" class=\"comment-respond\">\n\t\t<h3 id=\"reply-title\" class=\"comment-reply-title\">\u00c9crire une critique<\/h3><form action=\"https:\/\/www.biocollagenix.com\/wp-comments-post.php\" method=\"post\" id=\"commentform\" class=\"comment-form\">\n    <div class=\"comment-rating\">\n\t    <label class=\"rating\" for=\"rating\">Valuta: <\/label>\n        <fieldset class=\"comments-rating\">\n            <span class=\"rating-container\">\n                                    <input type=\"radio\" id=\"rating-5\" name=\"rating\" value=\"5\"  \/>\n                    <label for=\"rating-5\">5<\/label>\n                                    <input type=\"radio\" id=\"rating-4\" name=\"rating\" value=\"4\"  \/>\n                    <label for=\"rating-4\">4<\/label>\n                                    <input type=\"radio\" id=\"rating-3\" name=\"rating\" value=\"3\"  \/>\n                    <label for=\"rating-3\">3<\/label>\n                                    <input type=\"radio\" id=\"rating-2\" name=\"rating\" value=\"2\"  \/>\n                    <label for=\"rating-2\">2<\/label>\n                                    <input type=\"radio\" id=\"rating-1\" name=\"rating\" value=\"1\" required \/>\n                    <label for=\"rating-1\">1<\/label>\n                            <\/span>\n        <\/fieldset>\n    <\/div>\n\n    <p class=\"comment-title\">\n        <label for =\"title\"> Aggiungi un titolo: <\/label>\n        <input id=\"title\" name=\"title\" value=\"\" size=\"30\" maxlength=\"245\" required=\"required\" type=\"text\">\n    <\/p>\n\n<p class=\"comment-form-author\"><label for=\"author\">Aggiungi il nome che apparir\u00e0:<\/label> <input id=\"author\" name=\"author\" value=\"\" size=\"30\" maxlength=\"245\" type=\"text\" required><\/p>\n<p class=\"comment-form-comment\"><label for=\"comment\">Aggiungi una recensione:<\/label> <textarea id=\"comment\" name=\"comment\" cols=\"45\" rows=\"8\" maxlength=\"65525\" required=\"required\"><\/textarea><\/p><p class=\"comment-form-privacy\"><input type=\"checkbox\" name=\"privacy-disc\" required> Informativa sulla<a href=\"\/privacy\" target=\"_blank\"> privacy<\/a><\/p><input name=\"wpml_language_code\" type=\"hidden\" value=\"fr\" \/><p class=\"form-submit\"><input name=\"submit\" type=\"submit\" id=\"submit\" class=\"submit\" value=\"envoyer\" \/> <input type='hidden' name='comment_post_ID' value='2980' id='comment_post_ID' \/>\n<input type='hidden' name='comment_parent' id='comment_parent' value='0' \/>\n<\/p><\/form>\t<\/div><!-- #respond -->\n\t\n    <\/div>\n\n        <\/div>\n\n\n\n<p><\/p>\n<\/div><\/div>\n<\/div><\/div><\/div>\n\n\n<style id=\"kt-blocks_45a911-7c\">#kt-layout-id_45a911-7c{background-color:#ffe1d7;background-image:url('https:\/\/www.biocollagenix.com\/wp-content\/uploads\/2016\/08\/bg-azione-rigenerante.jpg');background-size:cover;background-position:center center;background-attachment:scroll;background-repeat:no-repeat;}#kt-layout-id_45a911-7c > .kt-row-column-wrap{padding-top:70px;padding-bottom:70px;padding-left:30px;padding-right:30px;max-width:1170px;margin-left:auto;margin-right:auto;}@media all and (max-width: 767px){#kt-layout-id_45a911-7c > .kt-row-column-wrap{padding-top:30px;padding-bottom:30px;}}<\/style>\n<div class=\"wp-block-kadence-rowlayout alignnone alignundefined hide-bg-mobile\"><div id=\"kt-layout-id_45a911-7c\" class=\"kt-row-layout-inner kt-row-has-bg kt-layout-id_45a911-7c\"><div class=\"kt-row-column-wrap kt-has-2-columns kt-gutter-default kt-v-gutter-default kt-row-valign-middle kt-row-layout-equal kt-tab-layout-inherit kt-m-colapse-left-to-right kt-mobile-layout-row\">\n<div class=\"wp-block-kadence-column inner-column-1 kadence-column_b311a1-44\"><div class=\"kt-inside-inner-col\">\n<figure class=\"wp-block-image is-resized hide-on-desk\"><img loading=\"lazy\" decoding=\"async\" src=\"https:\/\/www.biocollagenix.com\/wp-content\/uploads\/2019\/01\/fascione-prodotto-collagene-polvere-mob.jpg\" alt=\"\" class=\"wp-image-2397\" width=\"560\" height=\"560\" srcset=\"https:\/\/www.biocollagenix.com\/wp-content\/uploads\/2019\/01\/fascione-prodotto-collagene-polvere-mob.jpg 560w, https:\/\/www.biocollagenix.com\/wp-content\/uploads\/2019\/01\/fascione-prodotto-collagene-polvere-mob-150x150.jpg 150w, https:\/\/www.biocollagenix.com\/wp-content\/uploads\/2019\/01\/fascione-prodotto-collagene-polvere-mob-300x300.jpg 300w\" sizes=\"(max-width: 560px) 100vw, 560px\" \/><\/figure>\n\n\n<style id=\"kt-blocks_533b71-e0\">#kt-adv-heading_533b71-e0 mark, #kt-adv-heading_533b71-e0 .wp-block-kadence-advancedheading mark, .kt-adv-heading_533b71-e0[data-kb-block=\"kb-adv-heading_533b71-e0\"] mark{padding:0px 0px 0px 0px;}<\/style>\n<h2 id=\"kt-adv-heading_533b71-e0\" class=\"kt-adv-heading_533b71-e0 wp-block-kadence-advancedheading\"> <br\/>R\u00e9\u00e9quilibrer les propri\u00e9t\u00e9s fonctionnelles du derme.<br\/><\/h2>\n\n\n\n<p>Le processus naturel de&nbsp;<strong>vieillissement cutan\u00e9<\/strong>&nbsp;peut \u00eatre acc\u00e9l\u00e9r\u00e9 et aggrav\u00e9 par un certain nombre de facteurs externes, tels que les rayons ultraviolets, la fum\u00e9e de cigarette (active ou passive), le stress, la consommation d&rsquo;alcool, une mauvaise alimentation, des traitements cosm\u00e9tiques erron\u00e9s.<br><\/p>\n\n\n\n<p>Gr\u00e2ce au propri\u00e9t\u00e9s de leurs ingr\u00e9dients,&nbsp;<strong>les compl\u00e9ments nutricosm\u00e9tiques<\/strong>&nbsp;aident \u00e0 maintenir la fermet\u00e9 de la peau, \u00e0 en am\u00e9liorer l&rsquo;hydratation, \u00e0 diminuer la profondeur des rides, et \u00e0 obtenir une plus grande luminosit\u00e9 et uniformit\u00e9 de la pigmentation.<br><strong>Les comprim\u00e9s de Biocollagenix \u00e0 base de collag\u00e8ne marin<\/strong>&nbsp;hydrolys\u00e9 sont indiqu\u00e9s pour stimuler l&rsquo;\u00e9lasticit\u00e9 de la peau et le renouvellement cellulaire.<br><\/p>\n\n\n\n<div style=\"height:20px\" aria-hidden=\"true\" class=\"wp-block-spacer\"><\/div>\n\n\n<style id=\"kt-blocks_e64244-6a\">.wp-block-kadence-advancedbtn.kt-btns_e64244-6a .kt-btn-wrap-0 .kt-button{padding-left:25px;padding-right:25px;padding-top:15px;padding-bottom:15px;color:#184489;font-size:15px;background:transparent;border-color:#184489;}.wp-block-kadence-advancedbtn.kt-btns_e64244-6a .kt-btn-wrap-0 .kt-button:hover, .wp-block-kadence-advancedbtn.kt-btns_e64244-6a .kt-btn-wrap-0 .kt-button:focus{color:#ffffff;border-color:#184489;}.wp-block-kadence-advancedbtn.kt-btns_e64244-6a .kt-btn-wrap-0 .kt-button::before{display:none;}.wp-block-kadence-advancedbtn.kt-btns_e64244-6a .kt-btn-wrap-0 .kt-button:hover, .wp-block-kadence-advancedbtn.kt-btns_e64244-6a .kt-btn-wrap-0 .kt-button:focus{background:#184489;}.wp-block-kadence-advancedbtn.kt-btns_e64244-6a .kt-btn-wrap-1 .kt-button{color:#555555;font-size:18px;background:transparent;border-color:#555555;}.wp-block-kadence-advancedbtn.kt-btns_e64244-6a .kt-btn-wrap-1 .kt-button:hover, .wp-block-kadence-advancedbtn.kt-btns_e64244-6a .kt-btn-wrap-1 .kt-button:focus{color:#ffffff;border-color:#444444;}.wp-block-kadence-advancedbtn.kt-btns_e64244-6a .kt-btn-wrap-1 .kt-button::before{display:none;}.wp-block-kadence-advancedbtn.kt-btns_e64244-6a .kt-btn-wrap-1 .kt-button:hover, .wp-block-kadence-advancedbtn.kt-btns_e64244-6a .kt-btn-wrap-1 .kt-button:focus{background:#444444;}<\/style>\n<div class=\"wp-block-kadence-advancedbtn kt-btn-align-left kt-btn-tablet-align-inherit kt-btn-mobile-align-inherit kt-btns-wrap kt-btns_e64244-6a\"><div class=\"kt-btn-wrap kt-btn-wrap-0\"><a class=\"kt-button button kt-btn-0-action kt-btn-size-custom kt-btn-style-basic kt-btn-svg-show-always kt-btn-has-text-true kt-btn-has-svg-false\" href=\"https:\/\/www.biocollagenix.com\/fr\/vantaggi-del-collagene\/benefici-del-collagene-in-compresse\/\" style=\"border-radius:0px;border-width:2px\"><span class=\"kt-btn-inner-text\">EN SAVOIR PLUS SUR LES AVANTAGES<\/span><\/a><\/div><\/div>\n<\/div><\/div>\n\n\n\n<div class=\"wp-block-kadence-column inner-column-2 kadence-column_866899-2c\"><div class=\"kt-inside-inner-col\"><\/div><\/div>\n<\/div><\/div><\/div>\n\n\n<div class=\"products\">\n    <div class=\"container\">\n        <h3 class=\"products__title\">\n            D\u00e9couvrir les produits \u00e0 base de collag\u00e8ne         <\/h3>\n        <div class=\"products__list\">\n                                                <div class=\"product\">\n                        <div class=\"product__image\">\n                            <a href=\"https:\/\/www.biocollagenix.com\/fr\/biocollagenix-tablettes\/\"><img decoding=\"async\" src=\"https:\/\/www.biocollagenix.com\/wp-content\/uploads\/2019\/10\/ovalette.png\"><\/a>\n                        <\/div>\n                        <div class=\"product__name\">\n                            <a href=\"https:\/\/www.biocollagenix.com\/fr\/biocollagenix-tablettes\/\">Biocollagenix tablettes<\/a>\n                        <\/div>\n                        <div class=\"product__excerpt\">\n                            Compl\u00e9ment alimentaire \u00e0 base de Collag\u00e8ne marin hydrolys\u00e9.                        <\/div>\n                    <\/div>\n                                                                <div class=\"product\">\n                        <div class=\"product__image\">\n                            <a href=\"https:\/\/www.biocollagenix.com\/fr\/patch-pour-les-yeux-biocollagenix\/\"><img decoding=\"async\" src=\"https:\/\/www.biocollagenix.com\/wp-content\/uploads\/2019\/07\/eye-patch-collagene-biocollagenix-new.png\"><\/a>\n                        <\/div>\n                        <div class=\"product__name\">\n                            <a href=\"https:\/\/www.biocollagenix.com\/fr\/patch-pour-les-yeux-biocollagenix\/\">Patch pour les yeux Biocollagenix<\/a>\n                        <\/div>\n                        <div class=\"product__excerpt\">\n                            Patch au collag\u00e8ne pour les yeux : patchs pour un traitement anti-cernes.                        <\/div>\n                    <\/div>\n                                                                                            <div class=\"product\">\n                        <div class=\"product__image\">\n                            <a href=\"https:\/\/www.biocollagenix.com\/fr\/collagene-a-boire\/\"><img decoding=\"async\" src=\"https:\/\/www.biocollagenix.com\/wp-content\/uploads\/2019\/07\/collagene-bere-new.png\"><\/a>\n                        <\/div>\n                        <div class=\"product__name\">\n                            <a href=\"https:\/\/www.biocollagenix.com\/fr\/collagene-a-boire\/\">Collag\u00e8ne \u00e0 boire<\/a>\n                        <\/div>\n                        <div class=\"product__excerpt\">\n                            Compl\u00e9ment alimentaire \u00e0 boire \u00e0 base de collag\u00e8ne marin I et III, d'acide hyaluronique et de resv\u00e9ratrol.                         <\/div>\n                    <\/div>\n                                    <\/div>\n    <\/div>\n<\/div>\n\n","protected":false},"excerpt":{"rendered":"<p>Compl\u00e9ment \u00e0 base de collag\u00e8ne marin hydrolys\u00e9 sous la forme pratique de comprim\u00e9s.<\/p>\n","protected":false},"author":4,"featured_media":2941,"parent":0,"menu_order":0,"comment_status":"open","ping_status":"closed","template":"template-product.php","meta":{"kt_blocks_editor_width":"fullwidth","footnotes":""},"class_list":["post-2980","page","type-page","status-publish","has-post-thumbnail","hentry"],"_links":{"self":[{"href":"https:\/\/www.biocollagenix.com\/fr\/wp-json\/wp\/v2\/pages\/2980"}],"collection":[{"href":"https:\/\/www.biocollagenix.com\/fr\/wp-json\/wp\/v2\/pages"}],"about":[{"href":"https:\/\/www.biocollagenix.com\/fr\/wp-json\/wp\/v2\/types\/page"}],"author":[{"embeddable":true,"href":"https:\/\/www.biocollagenix.com\/fr\/wp-json\/wp\/v2\/users\/4"}],"replies":[{"embeddable":true,"href":"https:\/\/www.biocollagenix.com\/fr\/wp-json\/wp\/v2\/comments?post=2980"}],"version-history":[{"count":13,"href":"https:\/\/www.biocollagenix.com\/fr\/wp-json\/wp\/v2\/pages\/2980\/revisions"}],"predecessor-version":[{"id":4864,"href":"https:\/\/www.biocollagenix.com\/fr\/wp-json\/wp\/v2\/pages\/2980\/revisions\/4864"}],"wp:featuredmedia":[{"embeddable":true,"href":"https:\/\/www.biocollagenix.com\/fr\/wp-json\/wp\/v2\/media\/2941"}],"wp:attachment":[{"href":"https:\/\/www.biocollagenix.com\/fr\/wp-json\/wp\/v2\/media?parent=2980"}],"curies":[{"name":"wp","href":"https:\/\/api.w.org\/{rel}","templated":true}]}}