{"id":2976,"date":"2017-01-24T11:51:03","date_gmt":"2017-01-24T10:51:03","guid":{"rendered":"https:\/\/www.biocollagenix.com\/cause-invecchiamento-della-pelle\/"},"modified":"2019-10-10T16:26:52","modified_gmt":"2019-10-10T14:26:52","slug":"pourquoi-la-peau-vieillit-elle","status":"publish","type":"page","link":"https:\/\/www.biocollagenix.com\/fr\/vieillissement-de-la-peau\/pourquoi-la-peau-vieillit-elle\/","title":{"rendered":"Pourquoi la peau vieillit-elle ?"},"content":{"rendered":"<style id=\"kt-blocks_541fe0-f5\">#kt-layout-id_541fe0-f5{background-color:#6bb8d4;background-image:url('https:\/\/www.biocollagenix.com\/wp-content\/uploads\/2019\/01\/bg-h1-page.jpg');background-size:cover;background-position:center center;background-attachment:scroll;background-repeat:no-repeat;}#kt-layout-id_541fe0-f5 > .kt-row-column-wrap{padding-top:0px;max-width:1170px;margin-left:auto;margin-right:auto;}<\/style>\n<div class=\"wp-block-kadence-rowlayout alignnone\"><div id=\"kt-layout-id_541fe0-f5\" class=\"kt-row-layout-inner kt-row-has-bg kt-layout-id_541fe0-f5\"><div class=\"kt-row-column-wrap kt-has-1-columns kt-gutter-default kt-row-valign-top kt-row-layout-equal kt-tab-layout-inherit kt-m-colapse-left-to-right kt-mobile-layout-row\">\n<div class=\"wp-block-kadence-column kadence-column2081 inner-column-1\"><div class=\"kt-inside-inner-col\">\t<div class=\"breadcrumb-container white\">\n\t\t<div class=\"breadcrumbs\">\n\t\t\t<span property=\"itemListElement\" typeof=\"ListItem\"><a property=\"item\" typeof=\"WebPage\" title=\"Aller \u00e0 Accueil.\" href=\"https:\/\/www.biocollagenix.com\/fr\/\" class=\"home\" aria-current=\"page\"><span property=\"name\">Accueil<\/span><\/a><meta property=\"position\" content=\"1\"><\/span>\t\t<\/div>\n\t<\/div>\n\n\n\n<style id=\"kt-blocks_4d3dca-1f\">#kt-adv-heading_4d3dca-1f, #kt-adv-heading_4d3dca-1f .wp-block-kadence-advancedheading, .wp-block-kadence-advancedheading.kt-adv-heading_4d3dca-1f[data-kb-block=\"kb-adv-heading_4d3dca-1f\"], .kadence-advanced-heading-wrapper .kt-adv-heading_4d3dca-1f[data-kb-block=\"kb-adv-heading_4d3dca-1f\"]{color:#ffffff;margin-bottom:1em;}<\/style>\n<h1 id=\"kt-adv-heading_4d3dca-1f\" style=\"color:#ffffff;margin-bottom:1em\" class=\"wp-block-kadence-advancedheading\">Pourquoi la peau vieillit-elle\u00a0<\/h1>\n\n\n\n<p style=\"color:#ffffff\" class=\"has-text-color\">La\nligne Biocollagenix a \u00e9t\u00e9 con\u00e7ue pour profiter de tous les\nbienfaits du collag\u00e8ne marin sous diff\u00e9rentes formes (\u00e0 boire, en\ncomprim\u00e9s, en poudre et m\u00eame en patchs), de mani\u00e8re \u00e0 r\u00e9pondre \u00e0\ndiff\u00e9rents besoins et \u00e0 disposer d&rsquo;un alli\u00e9 beaut\u00e9 disponible \u00e0\nchaque moment de la journ\u00e9e.<\/p>\n<\/div><\/div>\n<\/div><\/div><\/div>\n\n\n<style id=\"kt-blocks_eacc6d-17\">#kt-layout-id_eacc6d-17{background-color:#f1f1f3;background-image:url('https:\/\/www.biocollagenix.com\/wp-content\/uploads\/2019\/01\/bg-invecchiamento-primo-fascione.jpg');background-size:cover;background-position:center center;background-attachment:scroll;background-repeat:no-repeat;}#kt-layout-id_eacc6d-17 > .kt-row-column-wrap{padding-top:70px;padding-bottom:70px;padding-left:30px;padding-right:30px;min-height:700px;max-width:1170px;margin-left:auto;margin-right:auto;}@media all and (max-width: 767px){#kt-layout-id_eacc6d-17 > .kt-row-column-wrap{padding-top:30px;padding-bottom:30px;}}<\/style>\n<div class=\"wp-block-kadence-rowlayout aligncenter hide-bg-mobile\"><div id=\"kt-layout-id_eacc6d-17\" class=\"kt-row-layout-inner kt-row-has-bg kt-layout-id_eacc6d-17\"><div class=\"kt-row-column-wrap kt-has-2-columns kt-gutter-default kt-row-valign-middle kt-row-layout-equal kt-tab-layout-inherit kt-m-colapse-left-to-right kt-mobile-layout-row\">\n<div class=\"wp-block-kadence-column kadence-column5704 inner-column-1\"><div class=\"kt-inside-inner-col\"><\/div><\/div>\n\n\n\n<div class=\"wp-block-kadence-column kadence-column6789 inner-column-2\"><div class=\"kt-inside-inner-col\">\n<figure class=\"wp-block-image is-resized hide-on-desk\"><img loading=\"lazy\" decoding=\"async\" src=\"https:\/\/www.biocollagenix.com\/wp-content\/uploads\/2019\/01\/invecchiamento-cutaneo-mob-01.jpg\" alt=\"\" class=\"wp-image-2496\" width=\"560\" height=\"560\" srcset=\"https:\/\/www.biocollagenix.com\/wp-content\/uploads\/2019\/01\/invecchiamento-cutaneo-mob-01.jpg 560w, https:\/\/www.biocollagenix.com\/wp-content\/uploads\/2019\/01\/invecchiamento-cutaneo-mob-01-150x150.jpg 150w, https:\/\/www.biocollagenix.com\/wp-content\/uploads\/2019\/01\/invecchiamento-cutaneo-mob-01-300x300.jpg 300w\" sizes=\"(max-width: 560px) 100vw, 560px\" \/><\/figure>\n\n\n\n<h2 id=\"kt-adv-heading_8ee07a-f6\" class=\"wp-block-kadence-advancedheading\"> Vieillissement de la peau<br\/><\/h2>\n\n\n\n<p>Le vieillissement cutan\u00e9 est un processus \u00e9volutif naturel et irr\u00e9versible.<\/p>\n\n\n\n<p>Il n&rsquo;y a pas d&rsquo;\u00e2ge pr\u00e9cis pour commencer \u00e0 pr\u00e9venir le  vieillissement cutan\u00e9  et il est important de prendre correctement soin de la peau. Le vieillissement de la peau  est un processus naturel mais il importe de savoir qu&rsquo;avec les rem\u00e8des ad\u00e9quats et un mode de vie sain, vous pouvez ralentir et contr\u00f4ler ce processus et donc  l&rsquo;apparition de rides. Lorsque le corps commence \u00e0 vieillir, de nombreux signes se traduisent par des changements visibles sur la peau : d\u00e9shydratation, affaiblissement du derme, d\u00e9veloppement de taches, rupture des capillaires, diminution de la graisse, rel\u00e2chement musculaire et enfin augmentation des rides  et sillons sur la peau du visage, les fameuses  rides d&rsquo;expression.<\/p>\n<\/div><\/div>\n<\/div><\/div><\/div>\n\n\n<style id=\"kt-blocks_2495f6-74\">#kt-layout-id_2495f6-74{background-color:#e7efe1;background-image:url('https:\/\/www.biocollagenix.com\/wp-content\/uploads\/2019\/01\/bg-invecchiamento-secondo-fascione.jpg');background-size:cover;background-position:center center;background-attachment:scroll;background-repeat:no-repeat;}#kt-layout-id_2495f6-74 > .kt-row-column-wrap{padding-top:70px;padding-bottom:70px;padding-left:30px;padding-right:30px;min-height:700px;max-width:1170px;margin-left:auto;margin-right:auto;}@media all and (max-width: 767px){#kt-layout-id_2495f6-74 > .kt-row-column-wrap{padding-top:30px;padding-bottom:30px;}}<\/style>\n<div class=\"wp-block-kadence-rowlayout aligncenter hide-bg-mobile\"><div id=\"kt-layout-id_2495f6-74\" class=\"kt-row-layout-inner kt-row-has-bg kt-layout-id_2495f6-74\"><div class=\"kt-row-column-wrap kt-has-2-columns kt-gutter-default kt-row-valign-middle kt-row-layout-equal kt-tab-layout-inherit kt-m-colapse-left-to-right kt-mobile-layout-row\">\n<div class=\"wp-block-kadence-column kadence-column942 inner-column-1\"><div class=\"kt-inside-inner-col\">\n<figure class=\"wp-block-image is-resized hide-on-desk\"><img loading=\"lazy\" decoding=\"async\" src=\"https:\/\/www.biocollagenix.com\/wp-content\/uploads\/2019\/01\/invecchiamento-cutaneo-mob-02.jpg\" alt=\"\" class=\"wp-image-2498\" width=\"560\" height=\"560\" srcset=\"https:\/\/www.biocollagenix.com\/wp-content\/uploads\/2019\/01\/invecchiamento-cutaneo-mob-02.jpg 560w, https:\/\/www.biocollagenix.com\/wp-content\/uploads\/2019\/01\/invecchiamento-cutaneo-mob-02-150x150.jpg 150w, https:\/\/www.biocollagenix.com\/wp-content\/uploads\/2019\/01\/invecchiamento-cutaneo-mob-02-300x300.jpg 300w\" sizes=\"(max-width: 560px) 100vw, 560px\" \/><\/figure>\n\n\n\n<h2 id=\"kt-adv-heading_fde487-2f\" class=\"wp-block-kadence-advancedheading\">Les rides de la peau : ce qu&rsquo;elles sont et quelles sont leurs causes<br\/><\/h2>\n\n\n\n<p>Les rides sont une des cons\u00e9quences du vieillissement du corps.  Cependant, le vieillissement n&rsquo;est pas la seule cause des rides : le mode de vie lui-m\u00eame et certaines mauvaises habitudes ont une influence significative sur la sant\u00e9 et la  jeunesse de la peau. Le tabac, l&rsquo;alcool, le stress et le manque de sommeil sont tous des facteurs qui contribuent \u00e0 la  formation des rides. L&rsquo;exposition aux  rayons ultraviolets du soleil  a \u00e9galement un impact significatif sur la  formation des rides. Enfin, le facteur g\u00e9n\u00e9tique joue un r\u00f4le. Au fil du temps, le mode de vie et les conditions ext\u00e9rieures contribuent \u00e0  diminuer la quantit\u00e9 de collag\u00e8ne  et d&rsquo;\u00e9lastine produite par l&rsquo;organisme, ce qui entra\u00eene une diminution de l&rsquo;\u00e9lasticit\u00e9 et de la fermet\u00e9 de la peau :  c&rsquo;est alors que les rides apparaissent.  Le collag\u00e8ne  est fabriqu\u00e9 au niveau de la couche moyenne de la peau (le derme), o\u00f9 il renforce les tissus conjonctifs sous forme de fibres. Ce qui, de l&rsquo;ext\u00e9rieur, appara\u00eet comme des  rides a donc son origine  au niveau de la couche m\u00e9diane de la peau.<br><\/p>\n<\/div><\/div>\n\n\n\n<div class=\"wp-block-kadence-column kadence-column9131 inner-column-2\"><div class=\"kt-inside-inner-col\">\n<p><\/p>\n<\/div><\/div>\n<\/div><\/div><\/div>\n\n\n<style id=\"kt-blocks_e3ed23-e7\">#kt-layout-id_e3ed23-e7{background-color:#eefaf6;background-image:url('https:\/\/www.biocollagenix.com\/wp-content\/uploads\/2019\/01\/bg-invecchiamento-terzo-fascione.jpg');background-size:cover;background-position:center center;background-attachment:scroll;background-repeat:no-repeat;}#kt-layout-id_e3ed23-e7 > .kt-row-column-wrap{padding-top:70px;padding-bottom:70px;padding-left:30px;padding-right:30px;min-height:700px;max-width:1170px;margin-left:auto;margin-right:auto;}@media all and (max-width: 767px){#kt-layout-id_e3ed23-e7 > .kt-row-column-wrap{padding-top:30px;padding-bottom:30px;}}<\/style>\n<div class=\"wp-block-kadence-rowlayout aligncenter hide-bg-mobile\"><div id=\"kt-layout-id_e3ed23-e7\" class=\"kt-row-layout-inner kt-row-has-bg kt-layout-id_e3ed23-e7\"><div class=\"kt-row-column-wrap kt-has-2-columns kt-gutter-default kt-row-valign-middle kt-row-layout-equal kt-tab-layout-inherit kt-m-colapse-left-to-right kt-mobile-layout-row\">\n<div class=\"wp-block-kadence-column kadence-column9565 inner-column-1\"><div class=\"kt-inside-inner-col\">\n<p><\/p>\n<\/div><\/div>\n\n\n\n<div class=\"wp-block-kadence-column kadence-column6600 inner-column-2\"><div class=\"kt-inside-inner-col\">\n<figure class=\"wp-block-image is-resized hide-on-desk\"><img loading=\"lazy\" decoding=\"async\" src=\"https:\/\/www.biocollagenix.com\/wp-content\/uploads\/2019\/01\/invecchiamento-cutaneo-mob-03.jpg\" alt=\"\" class=\"wp-image-2500\" width=\"560\" height=\"560\" srcset=\"https:\/\/www.biocollagenix.com\/wp-content\/uploads\/2019\/01\/invecchiamento-cutaneo-mob-03.jpg 560w, https:\/\/www.biocollagenix.com\/wp-content\/uploads\/2019\/01\/invecchiamento-cutaneo-mob-03-150x150.jpg 150w, https:\/\/www.biocollagenix.com\/wp-content\/uploads\/2019\/01\/invecchiamento-cutaneo-mob-03-300x300.jpg 300w\" sizes=\"(max-width: 560px) 100vw, 560px\" \/><\/figure>\n\n\n\n<h2 id=\"kt-adv-heading_b654aa-30\" class=\"wp-block-kadence-advancedheading\"> Comment ralentir le vieillissement cutan\u00e9<br\/><\/h2>\n\n\n\n<p>La peau est la partie du corps qui refl\u00e8te le plus l&rsquo;\u00e9coulement du temps. Dans certaines zones plus sensibles, les signes du temps sont plus \u00e9vidents que dans d&rsquo;autres parties. Il s&rsquo;agit en particulier du visage et du cou.<br><\/p>\n\n\n\n<p>Chez certains types de peau, le vieillissement se traduit imm\u00e9diatement par l&rsquo;apparition des rides, alors que d&rsquo;autres pr\u00e9sentent une  perte de tonus et d&rsquo;\u00e9lasticit\u00e9 , ou commencent \u00e0 pr\u00e9senter des  taches d\u00e9plaisantes. De nos jours, un mode de vie sain et des  compl\u00e9ments  pour la peau \u00e0 base de collag\u00e8ne marin et  d&rsquo;acide hyaluronique  peuvent servir \u00e0 pr\u00e9venir les rides et  \u00e0 tonifier la peau. Pour \u00eatre efficaces, les  traitements anti-\u00e2ge  doivent \u00eatre r\u00e9guliers et ont un meilleur effet s&rsquo;ils sont faits \u00e0 titre pr\u00e9ventif. Pour cette raison, les laboratoires ESI ont cr\u00e9\u00e9 une ligne de  compl\u00e9ments  qui agissent de l&rsquo;int\u00e9rieur et contiennent une formule enrichie en collag\u00e8ne marin, en acide hyaluronique et en ingr\u00e9dients antioxydants, en vue d&rsquo;augmenter l&rsquo;\u00e9lasticit\u00e9 de la peau et d&rsquo;att\u00e9nuer les rides.<\/p>\n<\/div><\/div>\n<\/div><\/div><\/div>\n\n\n<div class=\"products\">\n    <div class=\"container\">\n        <h3 class=\"products__title\">\n            D\u00e9couvrir les produits \u00e0 base de collag\u00e8ne         <\/h3>\n        <div class=\"products__list\">\n                                                <div class=\"product\">\n                        <div class=\"product__image\">\n                            <a href=\"https:\/\/www.biocollagenix.com\/fr\/biocollagenix-tablettes\/\"><img decoding=\"async\" src=\"https:\/\/www.biocollagenix.com\/wp-content\/uploads\/2019\/10\/ovalette.png\"><\/a>\n                        <\/div>\n                        <div class=\"product__name\">\n                            <a href=\"https:\/\/www.biocollagenix.com\/fr\/biocollagenix-tablettes\/\">Biocollagenix tablettes<\/a>\n                        <\/div>\n                        <div class=\"product__excerpt\">\n                            Compl\u00e9ment alimentaire \u00e0 base de Collag\u00e8ne marin hydrolys\u00e9.                        <\/div>\n                    <\/div>\n                                                                <div class=\"product\">\n                        <div class=\"product__image\">\n                            <a href=\"https:\/\/www.biocollagenix.com\/fr\/patch-pour-les-yeux-biocollagenix\/\"><img decoding=\"async\" src=\"https:\/\/www.biocollagenix.com\/wp-content\/uploads\/2019\/07\/eye-patch-collagene-biocollagenix-new.png\"><\/a>\n                        <\/div>\n                        <div class=\"product__name\">\n                            <a href=\"https:\/\/www.biocollagenix.com\/fr\/patch-pour-les-yeux-biocollagenix\/\">Patch pour les yeux Biocollagenix<\/a>\n                        <\/div>\n                        <div class=\"product__excerpt\">\n                            Patch au collag\u00e8ne pour les yeux : patchs pour un traitement anti-cernes.                        <\/div>\n                    <\/div>\n                                                                <div class=\"product\">\n                        <div class=\"product__image\">\n                            <a href=\"https:\/\/www.biocollagenix.com\/fr\/collagene-en-comprimes\/\"><img decoding=\"async\" src=\"https:\/\/www.biocollagenix.com\/wp-content\/uploads\/2019\/07\/tavolette-collagene-biocollagenix-new.png\"><\/a>\n                        <\/div>\n                        <div class=\"product__name\">\n                            <a href=\"https:\/\/www.biocollagenix.com\/fr\/collagene-en-comprimes\/\">Collag\u00e8ne en comprim\u00e9s<\/a>\n                        <\/div>\n                        <div class=\"product__excerpt\">\n                            Compl\u00e9ment \u00e0 base de collag\u00e8ne marin hydrolys\u00e9 sous la forme pratique de comprim\u00e9s.                        <\/div>\n                    <\/div>\n                                                                <div class=\"product\">\n                        <div class=\"product__image\">\n                            <a href=\"https:\/\/www.biocollagenix.com\/fr\/collagene-a-boire\/\"><img decoding=\"async\" src=\"https:\/\/www.biocollagenix.com\/wp-content\/uploads\/2019\/07\/collagene-bere-new.png\"><\/a>\n                        <\/div>\n                        <div class=\"product__name\">\n                            <a href=\"https:\/\/www.biocollagenix.com\/fr\/collagene-a-boire\/\">Collag\u00e8ne \u00e0 boire<\/a>\n                        <\/div>\n                        <div class=\"product__excerpt\">\n                            Compl\u00e9ment alimentaire \u00e0 boire \u00e0 base de collag\u00e8ne marin I et III, d'acide hyaluronique et de resv\u00e9ratrol.                         <\/div>\n                    <\/div>\n                                    <\/div>\n    <\/div>\n<\/div>\n\n","protected":false},"excerpt":{"rendered":"","protected":false},"author":3,"featured_media":0,"parent":3053,"menu_order":0,"comment_status":"closed","ping_status":"closed","template":"","meta":{"kt_blocks_editor_width":"fullwidth","footnotes":""},"class_list":["post-2976","page","type-page","status-publish","hentry"],"_links":{"self":[{"href":"https:\/\/www.biocollagenix.com\/fr\/wp-json\/wp\/v2\/pages\/2976"}],"collection":[{"href":"https:\/\/www.biocollagenix.com\/fr\/wp-json\/wp\/v2\/pages"}],"about":[{"href":"https:\/\/www.biocollagenix.com\/fr\/wp-json\/wp\/v2\/types\/page"}],"author":[{"embeddable":true,"href":"https:\/\/www.biocollagenix.com\/fr\/wp-json\/wp\/v2\/users\/3"}],"replies":[{"embeddable":true,"href":"https:\/\/www.biocollagenix.com\/fr\/wp-json\/wp\/v2\/comments?post=2976"}],"version-history":[{"count":5,"href":"https:\/\/www.biocollagenix.com\/fr\/wp-json\/wp\/v2\/pages\/2976\/revisions"}],"predecessor-version":[{"id":4220,"href":"https:\/\/www.biocollagenix.com\/fr\/wp-json\/wp\/v2\/pages\/2976\/revisions\/4220"}],"up":[{"embeddable":true,"href":"https:\/\/www.biocollagenix.com\/fr\/wp-json\/wp\/v2\/pages\/3053"}],"wp:attachment":[{"href":"https:\/\/www.biocollagenix.com\/fr\/wp-json\/wp\/v2\/media?parent=2976"}],"curies":[{"name":"wp","href":"https:\/\/api.w.org\/{rel}","templated":true}]}}