{"id":2972,"date":"2018-12-27T14:33:02","date_gmt":"2018-12-27T13:33:02","guid":{"rendered":"https:\/\/www.biocollagenix.com\/benefici-del-collagene-in-polvere\/"},"modified":"2019-11-19T12:25:39","modified_gmt":"2019-11-19T11:25:39","slug":"avantages-du-collagene-en-poudre","status":"publish","type":"page","link":"https:\/\/www.biocollagenix.com\/fr\/avantages-du-collagene\/avantages-du-collagene-en-poudre\/","title":{"rendered":"Avantages du collag\u00e8ne en poudre"},"content":{"rendered":"<style id=\"kt-blocks_c6ed26-01\">#kt-layout-id_c6ed26-01{background-color:#6bb8d4;background-image:url('https:\/\/www.biocollagenix.com\/wp-content\/uploads\/2019\/01\/bg-h1-page.jpg');background-size:cover;background-position:center center;background-attachment:scroll;background-repeat:no-repeat;}#kt-layout-id_c6ed26-01 > .kt-row-column-wrap{padding-top:0px;max-width:1170px;margin-left:auto;margin-right:auto;}<\/style>\n<div class=\"wp-block-kadence-rowlayout alignnone\"><div id=\"kt-layout-id_c6ed26-01\" class=\"kt-row-layout-inner kt-row-has-bg kt-layout-id_c6ed26-01\"><div class=\"kt-row-column-wrap kt-has-1-columns kt-gutter-default kt-row-valign-top kt-row-layout-equal kt-tab-layout-inherit kt-m-colapse-left-to-right kt-mobile-layout-row\">\n<div class=\"wp-block-kadence-column kadence-column2274 inner-column-1\"><div class=\"kt-inside-inner-col\">\t<div class=\"breadcrumb-container white\">\n\t\t<div class=\"breadcrumbs\">\n\t\t\t<span property=\"itemListElement\" typeof=\"ListItem\"><a property=\"item\" typeof=\"WebPage\" title=\"Aller \u00e0 Accueil.\" href=\"https:\/\/www.biocollagenix.com\/fr\/\" class=\"home\" aria-current=\"page\"><span property=\"name\">Accueil<\/span><\/a><meta property=\"position\" content=\"1\"><\/span>\t\t<\/div>\n\t<\/div>\n\n\n\n<style id=\"kt-blocks_f2da0c-3a\">#kt-adv-heading_f2da0c-3a, #kt-adv-heading_f2da0c-3a .wp-block-kadence-advancedheading, .wp-block-kadence-advancedheading.kt-adv-heading_f2da0c-3a[data-kb-block=\"kb-adv-heading_f2da0c-3a\"], .kadence-advanced-heading-wrapper .kt-adv-heading_f2da0c-3a[data-kb-block=\"kb-adv-heading_f2da0c-3a\"]{color:#ffffff;margin-bottom:1em;}<\/style>\n<h1 id=\"kt-adv-heading_f2da0c-3a\" style=\"color:#ffffff;margin-bottom:1em\" class=\"wp-block-kadence-advancedheading\">Avantages et bienfaits du collag\u00e8ne en poudre<\/h1>\n\n\n\n<p style=\"color:#ffffff\" class=\"has-text-color\">La poudre de collag\u00e8ne marin Biocollagenix est obtenue \u00e0 partir de sources marines de la plus haute qualit\u00e9. Il suffit d&rsquo;ajouter une cuiller\u00e9e de cette poudre \u00e0 un verre d&rsquo;eau ou \u00e0 une autre boisson, comme un jus ou un shake, pour faire le plein de nutriments essentiels \u00e0 la sant\u00e9 de la peau.<\/p>\n<\/div><\/div>\n<\/div><\/div><\/div>\n\n\n<style id=\"kt-blocks_ff3c23-cb\">#kt-layout-id_ff3c23-cb{background-color:#eef9fb;background-image:url('https:\/\/www.biocollagenix.com\/wp-content\/uploads\/2019\/07\/bg-vantaggi-compresse-primo-fascione-new.jpg');background-size:cover;background-position:center center;background-attachment:scroll;background-repeat:no-repeat;}#kt-layout-id_ff3c23-cb > .kt-row-column-wrap{padding-top:70px;padding-bottom:70px;padding-left:30px;padding-right:30px;min-height:700px;max-width:1170px;margin-left:auto;margin-right:auto;}@media all and (max-width: 767px){#kt-layout-id_ff3c23-cb > .kt-row-column-wrap{padding-top:30px;padding-bottom:30px;}}<\/style>\n<div class=\"wp-block-kadence-rowlayout aligncenter hide-bg-mobile\"><div id=\"kt-layout-id_ff3c23-cb\" class=\"kt-row-layout-inner kt-row-has-bg kt-layout-id_ff3c23-cb\"><div class=\"kt-row-column-wrap kt-has-2-columns kt-gutter-default kt-row-valign-middle kt-row-layout-equal kt-tab-layout-inherit kt-m-colapse-left-to-right kt-mobile-layout-row\">\n<div class=\"wp-block-kadence-column kadence-column7517 inner-column-1\"><div class=\"kt-inside-inner-col\"><\/div><\/div>\n\n\n\n<div class=\"wp-block-kadence-column kadence-column8711 inner-column-2\"><div class=\"kt-inside-inner-col\">\n<figure class=\"wp-block-image hide-on-desk\"><img loading=\"lazy\" decoding=\"async\" width=\"560\" height=\"560\" src=\"https:\/\/www.biocollagenix.com\/wp-content\/uploads\/2019\/07\/vantaggi-collagene-polvere-mob-01-new.jpg\" alt=\"\" class=\"wp-image-2910\" srcset=\"https:\/\/www.biocollagenix.com\/wp-content\/uploads\/2019\/07\/vantaggi-collagene-polvere-mob-01-new.jpg 560w, https:\/\/www.biocollagenix.com\/wp-content\/uploads\/2019\/07\/vantaggi-collagene-polvere-mob-01-new-150x150.jpg 150w, https:\/\/www.biocollagenix.com\/wp-content\/uploads\/2019\/07\/vantaggi-collagene-polvere-mob-01-new-300x300.jpg 300w\" sizes=\"(max-width: 560px) 100vw, 560px\" \/><\/figure>\n\n\n\n<h2 id=\"kt-adv-heading_fb4709-29\" class=\"wp-block-kadence-advancedheading\"> <br\/>Efficacit\u00e9 des nutricosm\u00e9tiques \u00e0 base de collag\u00e8ne marin.<br\/><\/h2>\n\n\n\n<p>Les compl\u00e9ments nutricosm\u00e9tiques pour la peau &#8211; comme la poudre Biocollagenix &#8211; fournissent des substances capables de neutraliser les radicaux libres gr\u00e2ce \u00e0 leur action antioxydante et de favoriser l&rsquo;int\u00e9gration des composants cutan\u00e9s qui ont diminu\u00e9 et dont la peau a besoin. Un compl\u00e9ment avec du collag\u00e8ne hydrolys\u00e9 est essentiel pour augmenter la production de collag\u00e8ne et d&rsquo;acide hyaluronique dans le derme, ce qui r\u00e9sulte en une meilleure hydratation de la peau.<\/p>\n<\/div><\/div>\n<\/div><\/div><\/div>\n\n\n<style id=\"kt-blocks_2f0b0c-0e\">#kt-layout-id_2f0b0c-0e{background-color:#f1f3f2;background-image:url('https:\/\/www.biocollagenix.com\/wp-content\/uploads\/2019\/07\/bg-vantaggi-polvere-secondo-fascion-newe.jpg');background-size:cover;background-position:center center;background-attachment:scroll;background-repeat:no-repeat;}#kt-layout-id_2f0b0c-0e > .kt-row-column-wrap{padding-top:70px;padding-bottom:70px;padding-left:30px;padding-right:30px;min-height:700px;max-width:1170px;margin-left:auto;margin-right:auto;}@media all and (max-width: 767px){#kt-layout-id_2f0b0c-0e > .kt-row-column-wrap{padding-top:30px;padding-bottom:30px;}}<\/style>\n<div class=\"wp-block-kadence-rowlayout aligncenter hide-bg-mobile\"><div id=\"kt-layout-id_2f0b0c-0e\" class=\"kt-row-layout-inner kt-row-has-bg kt-layout-id_2f0b0c-0e\"><div class=\"kt-row-column-wrap kt-has-2-columns kt-gutter-default kt-row-valign-middle kt-row-layout-equal kt-tab-layout-inherit kt-m-colapse-left-to-right kt-mobile-layout-row\">\n<div class=\"wp-block-kadence-column kadence-column1001 inner-column-1\"><div class=\"kt-inside-inner-col\">\n<figure class=\"wp-block-image hide-on-desk\"><img loading=\"lazy\" decoding=\"async\" width=\"560\" height=\"560\" src=\"https:\/\/www.biocollagenix.com\/wp-content\/uploads\/2019\/07\/vantaggi-collagene-polvere-mob-0-new2.jpg\" alt=\"\" class=\"wp-image-2909\" srcset=\"https:\/\/www.biocollagenix.com\/wp-content\/uploads\/2019\/07\/vantaggi-collagene-polvere-mob-0-new2.jpg 560w, https:\/\/www.biocollagenix.com\/wp-content\/uploads\/2019\/07\/vantaggi-collagene-polvere-mob-0-new2-150x150.jpg 150w, https:\/\/www.biocollagenix.com\/wp-content\/uploads\/2019\/07\/vantaggi-collagene-polvere-mob-0-new2-300x300.jpg 300w\" sizes=\"(max-width: 560px) 100vw, 560px\" \/><\/figure>\n\n\n\n<h2 id=\"kt-adv-heading_8d0090-21\" class=\"wp-block-kadence-advancedheading\"> <br\/>Poudre de collag\u00e8ne hydrolys\u00e9 pour combattre les rides<br\/><\/h2>\n\n\n\n<p>Le collag\u00e8ne repr\u00e9sente une prot\u00e9ine importante pour la sant\u00e9 de notre corps car il contribue \u00e0 la fabrication et \u00e0 la pr\u00e9servation de la peau, des os, des dents et des articulations. Avec l&rsquo;\u00e2ge, le collag\u00e8ne diminue, avec pour premi\u00e8res cons\u00e9quences apparentes la formation de rides sur le cou et le visage.  La poudre de collag\u00e8ne hydrolys\u00e9 offre deux grands avantages : elle combat de l&rsquo;int\u00e9rieur le vieillissement cutan\u00e9 , en intervenant \u00e0 la base du probl\u00e8me et en restaurant les cellules cutan\u00e9es. Vous pouvez aussi la dissoudre dans de l&rsquo;eau ou d&rsquo;autres boissons \u00e0 base de fruits ou de l\u00e9gumes : vous aurez ainsi un v\u00e9ritable \u00e9lixir de beaut\u00e9 \u00e0 savourer pendant toute la journ\u00e9e. <br><\/p>\n\n\n\n<div style=\"height:20px\" aria-hidden=\"true\" class=\"wp-block-spacer\"><\/div>\n\n\n<style id=\"kt-blocks_be17ce-9e\">.wp-block-kadence-advancedbtn.kt-btns_be17ce-9e .kt-btn-wrap-0 .kt-button{padding-left:25px;padding-right:25px;padding-top:15px;padding-bottom:15px;color:#184489;font-size:15px;background:transparent;border-color:#184489;}.wp-block-kadence-advancedbtn.kt-btns_be17ce-9e .kt-btn-wrap-0 .kt-button:hover, .wp-block-kadence-advancedbtn.kt-btns_be17ce-9e .kt-btn-wrap-0 .kt-button:focus{color:#ffffff;border-color:#184489;}.wp-block-kadence-advancedbtn.kt-btns_be17ce-9e .kt-btn-wrap-0 .kt-button::before{display:none;}.wp-block-kadence-advancedbtn.kt-btns_be17ce-9e .kt-btn-wrap-0 .kt-button:hover, .wp-block-kadence-advancedbtn.kt-btns_be17ce-9e .kt-btn-wrap-0 .kt-button:focus{background:#184489;}<\/style>\n<div class=\"wp-block-kadence-advancedbtn kt-btn-align-left kt-btns-wrap kt-btns_be17ce-9e\"><div class=\"kt-btn-wrap kt-btn-wrap-0\"><a class=\"kt-button kt-btn-0-action kt-btn-svg-show-always kt-btn-has-text-true kt-btn-has-svg-false\" href=\"https:\/\/www.biocollagenix.com\/fr\/collagene-en-poudre\/\" target=\"_self\" style=\"font-size:15px;border-width:2px;padding-left:25px;padding-right:25px;padding-top:15px;padding-bottom:15px\"><span class=\"kt-btn-inner-text\">DECOUVRIR LE PRODUIT<\/span><\/a><\/div><\/div>\n<\/div><\/div>\n\n\n\n<div class=\"wp-block-kadence-column kadence-column5580 inner-column-2\"><div class=\"kt-inside-inner-col\">\n<p><\/p>\n<\/div><\/div>\n<\/div><\/div><\/div>\n\n\n<style id=\"kt-blocks_b91b3b-6f\">#kt-layout-id_b91b3b-6f{background-color:#d7eaf8;background-image:url('https:\/\/www.biocollagenix.com\/wp-content\/uploads\/2019\/01\/bg-vantaggi-terzo-fascione.jpg');background-size:cover;background-position:center center;background-attachment:scroll;background-repeat:no-repeat;}#kt-layout-id_b91b3b-6f > .kt-row-column-wrap{padding-top:70px;padding-bottom:70px;padding-left:30px;padding-right:30px;min-height:700px;max-width:1170px;margin-left:auto;margin-right:auto;}@media all and (max-width: 767px){#kt-layout-id_b91b3b-6f > .kt-row-column-wrap{padding-top:30px;padding-bottom:30px;}}<\/style>\n<div class=\"wp-block-kadence-rowlayout aligncenter hide-bg-mobile\"><div id=\"kt-layout-id_b91b3b-6f\" class=\"kt-row-layout-inner kt-row-has-bg kt-layout-id_b91b3b-6f\"><div class=\"kt-row-column-wrap kt-has-2-columns kt-gutter-default kt-row-valign-middle kt-row-layout-equal kt-tab-layout-inherit kt-m-colapse-left-to-right kt-mobile-layout-row\">\n<div class=\"wp-block-kadence-column kadence-column5547 inner-column-1\"><div class=\"kt-inside-inner-col\">\n<p><\/p>\n<\/div><\/div>\n\n\n\n<div class=\"wp-block-kadence-column kadence-column910 inner-column-2\"><div class=\"kt-inside-inner-col\">\n<figure class=\"wp-block-image is-resized hide-on-desk\"><img loading=\"lazy\" decoding=\"async\" src=\"https:\/\/www.biocollagenix.com\/wp-content\/uploads\/2019\/01\/vantaggi-collagene-bere-mob-03.jpg\" alt=\"\" class=\"wp-image-2428\" width=\"560\" height=\"560\" srcset=\"https:\/\/www.biocollagenix.com\/wp-content\/uploads\/2019\/01\/vantaggi-collagene-bere-mob-03.jpg 560w, https:\/\/www.biocollagenix.com\/wp-content\/uploads\/2019\/01\/vantaggi-collagene-bere-mob-03-150x150.jpg 150w, https:\/\/www.biocollagenix.com\/wp-content\/uploads\/2019\/01\/vantaggi-collagene-bere-mob-03-300x300.jpg 300w\" sizes=\"(max-width: 560px) 100vw, 560px\" \/><\/figure>\n\n\n\n<h2 id=\"kt-adv-heading_d79269-60\" class=\"wp-block-kadence-advancedheading\">Pr\u00e9venir les rides et tonifier la peau<\/h2>\n\n\n\n<p>Gr\u00e2ce aux propri\u00e9t\u00e9s de leurs ingr\u00e9dients, les compl\u00e9ments nutricosm\u00e9tiques aident \u00e0 maintenir la fermet\u00e9 de la peau et \u00e0 en am\u00e9liorer l&rsquo;hydratation, \u00e0 diminuer la profondeur des rides et \u00e0 obtenir une plus grande luminosit\u00e9 et uniformit\u00e9 de la pigmentation. <br><\/p>\n\n\n\n<p>Le collag\u00e8ne, l&rsquo;acide hyaluronique, les vitamines et les antioxydants repr\u00e9sentent les principaux ingr\u00e9dients et leur action b\u00e9n\u00e9fique est apparente d\u00e8s les premiers cycles de traitement.  L&rsquo;utilisation de compl\u00e9ments de collag\u00e8ne hydrolys\u00e9 a des  effets b\u00e9n\u00e9fiques sur les articulations, une action antioxydante et des effets contre l&rsquo;hypertension. L&rsquo;utilisation r\u00e9guli\u00e8re d&rsquo;un compl\u00e9ment \u00e0 base de collag\u00e8ne marin permet de lisser efficacement les rides les plus fines et d&rsquo;am\u00e9liorer de mani\u00e8re sensible la fermet\u00e9 de l&rsquo;\u00e9piderme.<br><\/p>\n\n\n\n<div style=\"height:20px\" aria-hidden=\"true\" class=\"wp-block-spacer\"><\/div>\n\n\n<style id=\"kt-blocks_c80d26-31\">.wp-block-kadence-advancedbtn.kt-btns_c80d26-31 .kt-btn-wrap-0 .kt-button{padding-left:25px;padding-right:25px;padding-top:15px;padding-bottom:15px;color:#184489;font-size:15px;background:transparent;border-color:#184489;}.wp-block-kadence-advancedbtn.kt-btns_c80d26-31 .kt-btn-wrap-0 .kt-button:hover, .wp-block-kadence-advancedbtn.kt-btns_c80d26-31 .kt-btn-wrap-0 .kt-button:focus{color:#ffffff;border-color:#184489;}.wp-block-kadence-advancedbtn.kt-btns_c80d26-31 .kt-btn-wrap-0 .kt-button::before{display:none;}.wp-block-kadence-advancedbtn.kt-btns_c80d26-31 .kt-btn-wrap-0 .kt-button:hover, .wp-block-kadence-advancedbtn.kt-btns_c80d26-31 .kt-btn-wrap-0 .kt-button:focus{background:#184489;}<\/style>\n<div class=\"wp-block-kadence-advancedbtn kt-btn-align-left kt-btns-wrap kt-btns_c80d26-31\"><div class=\"kt-btn-wrap kt-btn-wrap-0\"><a class=\"kt-button kt-btn-0-action kt-btn-svg-show-always kt-btn-has-text-true kt-btn-has-svg-false\" href=\"https:\/\/www.biocollagenix.com\/fr\/vieillissement-de-la-peau\/principes-naturels\/\" target=\"_self\" style=\"font-size:15px;border-width:2px;padding-left:25px;padding-right:25px;padding-top:15px;padding-bottom:15px\"><span class=\"kt-btn-inner-text\">EN SAVOIR PLUS SUR LES PRINCIPES ACTIFS<\/span><\/a><\/div><\/div>\n<\/div><\/div>\n<\/div><\/div><\/div>\n\n\n<div class=\"products\">\n    <div class=\"container\">\n        <h3 class=\"products__title\">\n            D\u00e9couvrir les produits \u00e0 base de collag\u00e8ne         <\/h3>\n        <div class=\"products__list\">\n                                                <div class=\"product\">\n                        <div class=\"product__image\">\n                            <a href=\"https:\/\/www.biocollagenix.com\/fr\/biocollagenix-tablettes\/\"><img decoding=\"async\" src=\"https:\/\/www.biocollagenix.com\/wp-content\/uploads\/2019\/10\/ovalette.png\"><\/a>\n                        <\/div>\n                        <div class=\"product__name\">\n                            <a href=\"https:\/\/www.biocollagenix.com\/fr\/biocollagenix-tablettes\/\">Biocollagenix tablettes<\/a>\n                        <\/div>\n                        <div class=\"product__excerpt\">\n                            Compl\u00e9ment alimentaire \u00e0 base de Collag\u00e8ne marin hydrolys\u00e9.                        <\/div>\n                    <\/div>\n                                                                <div class=\"product\">\n                        <div class=\"product__image\">\n                            <a href=\"https:\/\/www.biocollagenix.com\/fr\/patch-pour-les-yeux-biocollagenix\/\"><img decoding=\"async\" src=\"https:\/\/www.biocollagenix.com\/wp-content\/uploads\/2019\/07\/eye-patch-collagene-biocollagenix-new.png\"><\/a>\n                        <\/div>\n                        <div class=\"product__name\">\n                            <a href=\"https:\/\/www.biocollagenix.com\/fr\/patch-pour-les-yeux-biocollagenix\/\">Patch pour les yeux Biocollagenix<\/a>\n                        <\/div>\n                        <div class=\"product__excerpt\">\n                            Patch au collag\u00e8ne pour les yeux : patchs pour un traitement anti-cernes.                        <\/div>\n                    <\/div>\n                                                                <div class=\"product\">\n                        <div class=\"product__image\">\n                            <a href=\"https:\/\/www.biocollagenix.com\/fr\/collagene-en-comprimes\/\"><img decoding=\"async\" src=\"https:\/\/www.biocollagenix.com\/wp-content\/uploads\/2019\/07\/tavolette-collagene-biocollagenix-new.png\"><\/a>\n                        <\/div>\n                        <div class=\"product__name\">\n                            <a href=\"https:\/\/www.biocollagenix.com\/fr\/collagene-en-comprimes\/\">Collag\u00e8ne en comprim\u00e9s<\/a>\n                        <\/div>\n                        <div class=\"product__excerpt\">\n                            Compl\u00e9ment \u00e0 base de collag\u00e8ne marin hydrolys\u00e9 sous la forme pratique de comprim\u00e9s.                        <\/div>\n                    <\/div>\n                                                                <div class=\"product\">\n                        <div class=\"product__image\">\n                            <a href=\"https:\/\/www.biocollagenix.com\/fr\/collagene-a-boire\/\"><img decoding=\"async\" src=\"https:\/\/www.biocollagenix.com\/wp-content\/uploads\/2019\/07\/collagene-bere-new.png\"><\/a>\n                        <\/div>\n                        <div class=\"product__name\">\n                            <a href=\"https:\/\/www.biocollagenix.com\/fr\/collagene-a-boire\/\">Collag\u00e8ne \u00e0 boire<\/a>\n                        <\/div>\n                        <div class=\"product__excerpt\">\n                            Compl\u00e9ment alimentaire \u00e0 boire \u00e0 base de collag\u00e8ne marin I et III, d'acide hyaluronique et de resv\u00e9ratrol.                         <\/div>\n                    <\/div>\n                                    <\/div>\n    <\/div>\n<\/div>\n\n","protected":false},"excerpt":{"rendered":"","protected":false},"author":4,"featured_media":0,"parent":3055,"menu_order":0,"comment_status":"closed","ping_status":"closed","template":"","meta":{"kt_blocks_editor_width":"fullwidth","footnotes":""},"class_list":["post-2972","page","type-page","status-publish","hentry"],"_links":{"self":[{"href":"https:\/\/www.biocollagenix.com\/fr\/wp-json\/wp\/v2\/pages\/2972"}],"collection":[{"href":"https:\/\/www.biocollagenix.com\/fr\/wp-json\/wp\/v2\/pages"}],"about":[{"href":"https:\/\/www.biocollagenix.com\/fr\/wp-json\/wp\/v2\/types\/page"}],"author":[{"embeddable":true,"href":"https:\/\/www.biocollagenix.com\/fr\/wp-json\/wp\/v2\/users\/4"}],"replies":[{"embeddable":true,"href":"https:\/\/www.biocollagenix.com\/fr\/wp-json\/wp\/v2\/comments?post=2972"}],"version-history":[{"count":6,"href":"https:\/\/www.biocollagenix.com\/fr\/wp-json\/wp\/v2\/pages\/2972\/revisions"}],"predecessor-version":[{"id":4659,"href":"https:\/\/www.biocollagenix.com\/fr\/wp-json\/wp\/v2\/pages\/2972\/revisions\/4659"}],"up":[{"embeddable":true,"href":"https:\/\/www.biocollagenix.com\/fr\/wp-json\/wp\/v2\/pages\/3055"}],"wp:attachment":[{"href":"https:\/\/www.biocollagenix.com\/fr\/wp-json\/wp\/v2\/media?parent=2972"}],"curies":[{"name":"wp","href":"https:\/\/api.w.org\/{rel}","templated":true}]}}