{"id":2957,"date":"2016-08-02T14:12:51","date_gmt":"2016-08-02T12:12:51","guid":{"rendered":"https:\/\/www.biocollagenix.com\/home\/"},"modified":"2019-08-08T09:40:04","modified_gmt":"2019-08-08T07:40:04","slug":"home","status":"publish","type":"page","link":"https:\/\/www.biocollagenix.com\/fr\/","title":{"rendered":"Home"},"content":{"rendered":"<style id=\"kt-blocks_f83990-0a\">#kt-layout-id_f83990-0a > .kt-row-column-wrap{padding-top:0px;padding-bottom:0px;padding-left:0px;padding-right:0px;}<\/style>\n<div class=\"wp-block-kadence-rowlayout aligncenter home-twobox-intro\"><div id=\"kt-layout-id_f83990-0a\" class=\"kt-row-layout-inner  kt-layout-id_f83990-0a\"><div class=\"kt-row-column-wrap kt-has-2-columns kt-gutter-none kt-row-valign-middle kt-row-layout-equal kt-tab-layout-equal kt-m-colapse-left-to-right kt-mobile-layout-row\">\n<div class=\"wp-block-kadence-column kadence-column8382 inner-column-1 hide-bg-tablet\"><div class=\"kt-inside-inner-col\">\n<h2 id=\"kt-adv-heading_082e37-21\" class=\"wp-block-kadence-advancedheading\">Le collag\u00e8ne pour lutter contre le vieillissement cutan\u00e9<\/h2>\n\n\n\n<p>Lorsque les niveaux de collag\u00e8ne dans le corps diminuent, la peau perd de son \u00e9lasticit\u00e9 et de son tonus, d&rsquo;o\u00f9 l&rsquo;apparition de rides. La production de collag\u00e8ne est influenc\u00e9e par l&rsquo;alimentation, les agents externes tels que les rayons UV et, bien s\u00fbr, le vieillissement biologique du corps. Les compl\u00e9ments \u00e0 base de collag\u00e8ne marin aident \u00e0 lisser efficacement les rides les plus fines, ce qui am\u00e9liore nettement la fermet\u00e9 et l&rsquo;aspect esth\u00e9tique de la peau.<\/p>\n\n\n\n<div style=\"height:20px\" aria-hidden=\"true\" class=\"wp-block-spacer\"><\/div>\n\n\n<style id=\"kt-blocks_014a3c-2f\">.wp-block-kadence-advancedbtn.kt-btns_014a3c-2f .kt-btn-wrap-0 .kt-button{color:#184489;font-size:18px;background:transparent;border-color:#184489;}.wp-block-kadence-advancedbtn.kt-btns_014a3c-2f .kt-btn-wrap-0 .kt-button:hover, .wp-block-kadence-advancedbtn.kt-btns_014a3c-2f .kt-btn-wrap-0 .kt-button:focus{color:#ffffff;border-color:#184489;}.wp-block-kadence-advancedbtn.kt-btns_014a3c-2f .kt-btn-wrap-0 .kt-button::before{display:none;}.wp-block-kadence-advancedbtn.kt-btns_014a3c-2f .kt-btn-wrap-0 .kt-button:hover, .wp-block-kadence-advancedbtn.kt-btns_014a3c-2f .kt-btn-wrap-0 .kt-button:focus{background:#184489;}.wp-block-kadence-advancedbtn.kt-btns_014a3c-2f .kt-btn-wrap-1 .kt-button{color:#555555;font-size:18px;background:transparent;border-color:#555555;}.wp-block-kadence-advancedbtn.kt-btns_014a3c-2f .kt-btn-wrap-1 .kt-button:hover, .wp-block-kadence-advancedbtn.kt-btns_014a3c-2f .kt-btn-wrap-1 .kt-button:focus{color:#ffffff;border-color:#444444;}.wp-block-kadence-advancedbtn.kt-btns_014a3c-2f .kt-btn-wrap-1 .kt-button::before{display:none;}.wp-block-kadence-advancedbtn.kt-btns_014a3c-2f .kt-btn-wrap-1 .kt-button:hover, .wp-block-kadence-advancedbtn.kt-btns_014a3c-2f .kt-btn-wrap-1 .kt-button:focus{background:#444444;}<\/style>\n<div class=\"wp-block-kadence-advancedbtn kt-btn-align-left kt-btns-wrap kt-btns_014a3c-2f\"><div class=\"kt-btn-wrap kt-btn-wrap-0\"><a class=\"kt-button kt-btn-0-action kt-btn-svg-show-always kt-btn-has-text-true kt-btn-has-svg-true\" href=\"https:\/\/www.biocollagenix.com\/it\/stop-allinvecchiamento\/cause-invecchiamento-della-pelle\/\" target=\"_self\" style=\"font-size:18px;border-width:2px\"><div style=\"display:inline-flex;justify-content:center;align-items:center\" class=\"kt-btn-svg-icon kt-btn-svg-icon-fe_arrowRight kt-btn-side-left\"><svg style=\"display:inline-block;vertical-align:middle\" viewbox=\"0 0 24 24\" height=\"18\" width=\"18\" fill=\"none\" stroke=\"currentColor\" xmlns=\"http:\/\/www.w3.org\/2000\/svg\" stroke-width=\"2\" stroke-linecap=\"round\" stroke-linejoin=\"round\"><line x1=\"5\" y1=\"12\" x2=\"19\" y2=\"12\"><\/line><polyline points=\"12 5 19 12 12 19\"><\/polyline><\/svg><\/div><span class=\"kt-btn-inner-text\">Pour en savoir plus<\/span><\/a><\/div><\/div>\n<\/div><\/div>\n\n\n\n<div class=\"wp-block-kadence-column kadence-column7113 inner-column-2 hide-bg-tablet\"><div class=\"kt-inside-inner-col\">\n<h2 id=\"kt-adv-heading_fd9055-95\" class=\"wp-block-kadence-advancedheading\">Nutricosm\u00e9tiques\u00a0: les bienfaits des compl\u00e9ments au collag\u00e8ne<\/h2>\n\n\n\n<p>La principale fonction des nutricosm\u00e9tiques est de s&rsquo;opposer aux effets du vieillissement physiologique de la peau et du photo-vieillissement cutan\u00e9. Ce dernier est provoqu\u00e9 par une exposition intense et prolong\u00e9e aux rayons du soleil, \u00e0 laquelle viennent s&rsquo;ajouter la pollution, le tabac et les produits chimiques. Les nutricosm\u00e9tiques pour la peau fournissent des substances qui combattent les radicaux libres et ont un effet antioxydant ; ils contiennent des composants cutan\u00e9s dont la production tend \u00e0 diminuer avec le temps et dont la peau a besoin.<\/p>\n\n\n\n<div style=\"height:20px\" aria-hidden=\"true\" class=\"wp-block-spacer\"><\/div>\n\n\n<style id=\"kt-blocks_97f3d9-56\">.wp-block-kadence-advancedbtn.kt-btns_97f3d9-56 .kt-btn-wrap-0 .kt-button{color:#184489;font-size:18px;background:transparent;border-color:#184489;}.wp-block-kadence-advancedbtn.kt-btns_97f3d9-56 .kt-btn-wrap-0 .kt-button:hover, .wp-block-kadence-advancedbtn.kt-btns_97f3d9-56 .kt-btn-wrap-0 .kt-button:focus{color:#ffffff;border-color:#184489;}.wp-block-kadence-advancedbtn.kt-btns_97f3d9-56 .kt-btn-wrap-0 .kt-button::before{display:none;}.wp-block-kadence-advancedbtn.kt-btns_97f3d9-56 .kt-btn-wrap-0 .kt-button:hover, .wp-block-kadence-advancedbtn.kt-btns_97f3d9-56 .kt-btn-wrap-0 .kt-button:focus{background:#184489;}.wp-block-kadence-advancedbtn.kt-btns_97f3d9-56 .kt-btn-wrap-1 .kt-button{color:#555555;font-size:18px;background:transparent;border-color:#555555;}.wp-block-kadence-advancedbtn.kt-btns_97f3d9-56 .kt-btn-wrap-1 .kt-button:hover, .wp-block-kadence-advancedbtn.kt-btns_97f3d9-56 .kt-btn-wrap-1 .kt-button:focus{color:#ffffff;border-color:#444444;}.wp-block-kadence-advancedbtn.kt-btns_97f3d9-56 .kt-btn-wrap-1 .kt-button::before{display:none;}.wp-block-kadence-advancedbtn.kt-btns_97f3d9-56 .kt-btn-wrap-1 .kt-button:hover, .wp-block-kadence-advancedbtn.kt-btns_97f3d9-56 .kt-btn-wrap-1 .kt-button:focus{background:#444444;}<\/style>\n<div class=\"wp-block-kadence-advancedbtn kt-btn-align-left kt-btns-wrap kt-btns_97f3d9-56\"><div class=\"kt-btn-wrap kt-btn-wrap-0\"><a class=\"kt-button kt-btn-0-action kt-btn-svg-show-always kt-btn-has-text-true kt-btn-has-svg-true\" href=\"https:\/\/www.biocollagenix.com\/it\/stop-allinvecchiamento\/componenti-integratore-antirughe\/\" target=\"_self\" style=\"font-size:18px;border-width:2px\"><div style=\"display:inline-flex;justify-content:center;align-items:center\" class=\"kt-btn-svg-icon kt-btn-svg-icon-fe_arrowRight kt-btn-side-left\"><svg style=\"display:inline-block;vertical-align:middle\" viewbox=\"0 0 24 24\" height=\"18\" width=\"18\" fill=\"none\" stroke=\"currentColor\" xmlns=\"http:\/\/www.w3.org\/2000\/svg\" stroke-width=\"2\" stroke-linecap=\"round\" stroke-linejoin=\"round\"><line x1=\"5\" y1=\"12\" x2=\"19\" y2=\"12\"><\/line><polyline points=\"12 5 19 12 12 19\"><\/polyline><\/svg><\/div><span class=\"kt-btn-inner-text\">D\u00e9couvrez tous les composants<\/span><\/a><\/div><\/div>\n<\/div><\/div>\n<\/div><\/div><\/div>\n","protected":false},"excerpt":{"rendered":"","protected":false},"author":4,"featured_media":0,"parent":0,"menu_order":0,"comment_status":"closed","ping_status":"closed","template":"template-home.php","meta":{"kt_blocks_editor_width":"fullwidth","footnotes":""},"class_list":["post-2957","page","type-page","status-publish","hentry"],"_links":{"self":[{"href":"https:\/\/www.biocollagenix.com\/fr\/wp-json\/wp\/v2\/pages\/2957"}],"collection":[{"href":"https:\/\/www.biocollagenix.com\/fr\/wp-json\/wp\/v2\/pages"}],"about":[{"href":"https:\/\/www.biocollagenix.com\/fr\/wp-json\/wp\/v2\/types\/page"}],"author":[{"embeddable":true,"href":"https:\/\/www.biocollagenix.com\/fr\/wp-json\/wp\/v2\/users\/4"}],"replies":[{"embeddable":true,"href":"https:\/\/www.biocollagenix.com\/fr\/wp-json\/wp\/v2\/comments?post=2957"}],"version-history":[{"count":5,"href":"https:\/\/www.biocollagenix.com\/fr\/wp-json\/wp\/v2\/pages\/2957\/revisions"}],"predecessor-version":[{"id":3769,"href":"https:\/\/www.biocollagenix.com\/fr\/wp-json\/wp\/v2\/pages\/2957\/revisions\/3769"}],"wp:attachment":[{"href":"https:\/\/www.biocollagenix.com\/fr\/wp-json\/wp\/v2\/media?parent=2957"}],"curies":[{"name":"wp","href":"https:\/\/api.w.org\/{rel}","templated":true}]}}