{"id":554,"date":"2016-08-02T14:12:51","date_gmt":"2016-08-02T12:12:51","guid":{"rendered":"https:\/\/www.biocollagenix.com\/es\/?page_id=554"},"modified":"2019-08-08T09:43:00","modified_gmt":"2019-08-08T07:43:00","slug":"home","status":"publish","type":"page","link":"https:\/\/www.biocollagenix.com\/es\/","title":{"rendered":"Home"},"content":{"rendered":"<style id=\"kt-blocks_9c4722-6a\">#kt-layout-id_9c4722-6a > .kt-row-column-wrap{padding-top:0px;padding-bottom:0px;padding-left:0px;padding-right:0px;}<\/style>\n<div class=\"wp-block-kadence-rowlayout aligncenter home-twobox-intro\"><div id=\"kt-layout-id_9c4722-6a\" class=\"kt-row-layout-inner  kt-layout-id_9c4722-6a\"><div class=\"kt-row-column-wrap kt-has-2-columns kt-gutter-none kt-row-valign-middle kt-row-layout-equal kt-tab-layout-equal kt-m-colapse-left-to-right kt-mobile-layout-row\">\n<div class=\"wp-block-kadence-column kadence-column6535 inner-column-1 hide-bg-tablet\"><div class=\"kt-inside-inner-col\">\n<h2 id=\"kt-adv-heading_4b00e3-72\" class=\"wp-block-kadence-advancedheading\">El col\u00e1geno para combatir el envejecimiento cut\u00e1neo<\/h2>\n\n\n\n<p>Cuando se reducen los niveles de col\u00e1geno en el organismo, la piel pierde elasticidad y vigor, lo que provoca la aparici\u00f3n de arrugas. Existen diversos factores que afectan a la producci\u00f3n de col\u00e1geno: la nutrici\u00f3n, los agentes externos (como los rayos ultravioleta) y, naturalmente, el envejecimiento biol\u00f3gico del cuerpo. Los suplementos con base de col\u00e1geno marino facilitan el alisado eficaz de las arrugas m\u00e1s finas, con lo que se mejora visiblemente la firmeza y el aspecto de la piel.<\/p>\n\n\n\n<div style=\"height:20px\" aria-hidden=\"true\" class=\"wp-block-spacer\"><\/div>\n\n\n<style id=\"kt-blocks_cb4439-fc\">.wp-block-kadence-advancedbtn.kt-btns_cb4439-fc .kt-btn-wrap-0 .kt-button{color:#184489;font-size:18px;background:transparent;border-color:#184489;}.wp-block-kadence-advancedbtn.kt-btns_cb4439-fc .kt-btn-wrap-0 .kt-button:hover, .wp-block-kadence-advancedbtn.kt-btns_cb4439-fc .kt-btn-wrap-0 .kt-button:focus{color:#ffffff;border-color:#184489;}.wp-block-kadence-advancedbtn.kt-btns_cb4439-fc .kt-btn-wrap-0 .kt-button::before{display:none;}.wp-block-kadence-advancedbtn.kt-btns_cb4439-fc .kt-btn-wrap-0 .kt-button:hover, .wp-block-kadence-advancedbtn.kt-btns_cb4439-fc .kt-btn-wrap-0 .kt-button:focus{background:#184489;}.wp-block-kadence-advancedbtn.kt-btns_cb4439-fc .kt-btn-wrap-1 .kt-button{color:#555555;font-size:18px;background:transparent;border-color:#555555;}.wp-block-kadence-advancedbtn.kt-btns_cb4439-fc .kt-btn-wrap-1 .kt-button:hover, .wp-block-kadence-advancedbtn.kt-btns_cb4439-fc .kt-btn-wrap-1 .kt-button:focus{color:#ffffff;border-color:#444444;}.wp-block-kadence-advancedbtn.kt-btns_cb4439-fc .kt-btn-wrap-1 .kt-button::before{display:none;}.wp-block-kadence-advancedbtn.kt-btns_cb4439-fc .kt-btn-wrap-1 .kt-button:hover, .wp-block-kadence-advancedbtn.kt-btns_cb4439-fc .kt-btn-wrap-1 .kt-button:focus{background:#444444;}<\/style>\n<div class=\"wp-block-kadence-advancedbtn kt-btn-align-left kt-btns-wrap kt-btns_cb4439-fc\"><div class=\"kt-btn-wrap kt-btn-wrap-0\"><a class=\"kt-button kt-btn-0-action kt-btn-svg-show-always kt-btn-has-text-true kt-btn-has-svg-true\" href=\"https:\/\/www.biocollagenix.com\/it\/stop-allinvecchiamento\/cause-invecchiamento-della-pelle\/\" target=\"_self\" style=\"font-size:18px;border-width:2px\"><div style=\"display:inline-flex;justify-content:center;align-items:center\" class=\"kt-btn-svg-icon kt-btn-svg-icon-fe_arrowRight kt-btn-side-left\"><svg style=\"display:inline-block;vertical-align:middle\" viewbox=\"0 0 24 24\" height=\"18\" width=\"18\" fill=\"none\" stroke=\"currentColor\" xmlns=\"http:\/\/www.w3.org\/2000\/svg\" stroke-width=\"2\" stroke-linecap=\"round\" stroke-linejoin=\"round\"><line x1=\"5\" y1=\"12\" x2=\"19\" y2=\"12\"><\/line><polyline points=\"12 5 19 12 12 19\"><\/polyline><\/svg><\/div><span class=\"kt-btn-inner-text\">Inf\u00f3rmate<\/span><\/a><\/div><\/div>\n<\/div><\/div>\n\n\n\n<div class=\"wp-block-kadence-column kadence-column1795 inner-column-2 hide-bg-tablet\"><div class=\"kt-inside-inner-col\">\n<h2 id=\"kt-adv-heading_2739b0-18\" class=\"wp-block-kadence-advancedheading\">Nutricosm\u00e9ticos: los beneficios de los suplementos con col\u00e1geno<\/h2>\n\n\n\n<p>La funci\u00f3n principal de los nutricosm\u00e9ticos es contrarrestar los efectos del envejecimiento fisiol\u00f3gico de la piel y el fotoenvejecimiento. Este \u00faltimo es consecuencia de la exposici\u00f3n intensa y prolongada a la luz solar, adem\u00e1s de la contaminaci\u00f3n, el humo y los productos qu\u00edmicos. Los nutricosm\u00e9ticos para la piel proporcionan sustancias que contrarrestan los radicales libres y generan un efecto antioxidante, y aportan componentes necesarios para la piel que tienden a producirse en menor cantidad con el tiempo.<\/p>\n\n\n\n<div style=\"height:20px\" aria-hidden=\"true\" class=\"wp-block-spacer\"><\/div>\n\n\n<style id=\"kt-blocks_cea122-ef\">.wp-block-kadence-advancedbtn.kt-btns_cea122-ef .kt-btn-wrap-0 .kt-button{color:#184489;font-size:18px;background:transparent;border-color:#184489;}.wp-block-kadence-advancedbtn.kt-btns_cea122-ef .kt-btn-wrap-0 .kt-button:hover, .wp-block-kadence-advancedbtn.kt-btns_cea122-ef .kt-btn-wrap-0 .kt-button:focus{color:#ffffff;border-color:#184489;}.wp-block-kadence-advancedbtn.kt-btns_cea122-ef .kt-btn-wrap-0 .kt-button::before{display:none;}.wp-block-kadence-advancedbtn.kt-btns_cea122-ef .kt-btn-wrap-0 .kt-button:hover, .wp-block-kadence-advancedbtn.kt-btns_cea122-ef .kt-btn-wrap-0 .kt-button:focus{background:#184489;}.wp-block-kadence-advancedbtn.kt-btns_cea122-ef .kt-btn-wrap-1 .kt-button{color:#555555;font-size:18px;background:transparent;border-color:#555555;}.wp-block-kadence-advancedbtn.kt-btns_cea122-ef .kt-btn-wrap-1 .kt-button:hover, .wp-block-kadence-advancedbtn.kt-btns_cea122-ef .kt-btn-wrap-1 .kt-button:focus{color:#ffffff;border-color:#444444;}.wp-block-kadence-advancedbtn.kt-btns_cea122-ef .kt-btn-wrap-1 .kt-button::before{display:none;}.wp-block-kadence-advancedbtn.kt-btns_cea122-ef .kt-btn-wrap-1 .kt-button:hover, .wp-block-kadence-advancedbtn.kt-btns_cea122-ef .kt-btn-wrap-1 .kt-button:focus{background:#444444;}<\/style>\n<div class=\"wp-block-kadence-advancedbtn kt-btn-align-left kt-btns-wrap kt-btns_cea122-ef\"><div class=\"kt-btn-wrap kt-btn-wrap-0\"><a class=\"kt-button kt-btn-0-action kt-btn-svg-show-always kt-btn-has-text-true kt-btn-has-svg-true\" href=\"https:\/\/www.biocollagenix.com\/it\/stop-allinvecchiamento\/componenti-integratore-antirughe\/\" target=\"_self\" style=\"font-size:18px;border-width:2px\"><div style=\"display:inline-flex;justify-content:center;align-items:center\" class=\"kt-btn-svg-icon kt-btn-svg-icon-fe_arrowRight kt-btn-side-left\"><svg style=\"display:inline-block;vertical-align:middle\" viewbox=\"0 0 24 24\" height=\"18\" width=\"18\" fill=\"none\" stroke=\"currentColor\" xmlns=\"http:\/\/www.w3.org\/2000\/svg\" stroke-width=\"2\" stroke-linecap=\"round\" stroke-linejoin=\"round\"><line x1=\"5\" y1=\"12\" x2=\"19\" y2=\"12\"><\/line><polyline points=\"12 5 19 12 12 19\"><\/polyline><\/svg><\/div><span class=\"kt-btn-inner-text\">Descubre los componentes<\/span><\/a><\/div><\/div>\n<\/div><\/div>\n<\/div><\/div><\/div>\n","protected":false},"excerpt":{"rendered":"","protected":false},"author":4,"featured_media":0,"parent":0,"menu_order":0,"comment_status":"closed","ping_status":"closed","template":"template-home.php","meta":{"kt_blocks_editor_width":"fullwidth","footnotes":""},"class_list":["post-554","page","type-page","status-publish","hentry"],"_links":{"self":[{"href":"https:\/\/www.biocollagenix.com\/es\/wp-json\/wp\/v2\/pages\/554"}],"collection":[{"href":"https:\/\/www.biocollagenix.com\/es\/wp-json\/wp\/v2\/pages"}],"about":[{"href":"https:\/\/www.biocollagenix.com\/es\/wp-json\/wp\/v2\/types\/page"}],"author":[{"embeddable":true,"href":"https:\/\/www.biocollagenix.com\/es\/wp-json\/wp\/v2\/users\/4"}],"replies":[{"embeddable":true,"href":"https:\/\/www.biocollagenix.com\/es\/wp-json\/wp\/v2\/comments?post=554"}],"version-history":[{"count":7,"href":"https:\/\/www.biocollagenix.com\/es\/wp-json\/wp\/v2\/pages\/554\/revisions"}],"predecessor-version":[{"id":4198,"href":"https:\/\/www.biocollagenix.com\/es\/wp-json\/wp\/v2\/pages\/554\/revisions\/4198"}],"wp:attachment":[{"href":"https:\/\/www.biocollagenix.com\/es\/wp-json\/wp\/v2\/media?parent=554"}],"curies":[{"name":"wp","href":"https:\/\/api.w.org\/{rel}","templated":true}]}}