{"id":4483,"date":"2019-10-23T11:49:57","date_gmt":"2019-10-23T09:49:57","guid":{"rendered":"https:\/\/www.biocollagenix.com\/?page_id=4483"},"modified":"2020-08-05T12:31:52","modified_gmt":"2020-08-05T10:31:52","slug":"biocollagenix-en-tabletas-ovalette","status":"publish","type":"page","link":"https:\/\/www.biocollagenix.com\/es\/biocollagenix-en-tabletas-ovalette\/","title":{"rendered":"Biocollagenix en tabletas ovalette"},"content":{"rendered":"<style id=\"kt-blocks_2542c8-e1\">@media all and (max-width: 767px){#kt-layout-id_2542c8-e1 > .kt-row-column-wrap{padding-top:0px;}}<\/style>\n<div class=\"wp-block-kadence-rowlayout alignnone container\"><div id=\"kt-layout-id_2542c8-e1\" class=\"kt-row-layout-inner kt-layout-id_2542c8-e1\"><div class=\"kt-row-column-wrap kt-has-2-columns kt-gutter-default kt-v-gutter-default kt-row-valign-top kt-row-layout-equal kt-tab-layout-inherit kt-m-colapse-left-to-right kt-mobile-layout-row\">\n<div class=\"wp-block-kadence-column inner-column-1 kadence-column_408a5e-4b img-prodotto\"><div class=\"kt-inside-inner-col\">\n<figure class=\"wp-block-image\"><img loading=\"lazy\" decoding=\"async\" width=\"1000\" height=\"1000\" src=\"https:\/\/www.biocollagenix.com\/wp-content\/uploads\/2019\/09\/Biocollagenix-ovalette1.jpg\" alt=\"\" class=\"wp-image-3929\" srcset=\"https:\/\/www.biocollagenix.com\/wp-content\/uploads\/2019\/09\/Biocollagenix-ovalette1.jpg 1000w, https:\/\/www.biocollagenix.com\/wp-content\/uploads\/2019\/09\/Biocollagenix-ovalette1-150x150.jpg 150w, https:\/\/www.biocollagenix.com\/wp-content\/uploads\/2019\/09\/Biocollagenix-ovalette1-300x300.jpg 300w, https:\/\/www.biocollagenix.com\/wp-content\/uploads\/2019\/09\/Biocollagenix-ovalette1-768x768.jpg 768w\" sizes=\"(max-width: 1000px) 100vw, 1000px\" \/><\/figure>\n\n\n\n<div class=\"social-share\">\n   [fb_button]\n   <div class=\"twitter\">\n       <a href=\"https:\/\/twitter.com\/share\" class=\"twitter-share-button\" data-via=\"esi_italia\">Tweet<\/a>\n       <script>!function(d,s,id){var js,fjs=d.getElementsByTagName(s)[0],p=\/^http:\/.test(d.location)?'http':'https';if(!d.getElementById(id)){js=d.createElement(s);js.id=id;js.src=p+':\/\/platform.twitter.com\/widgets.js';fjs.parentNode.insertBefore(js,fjs);}}(document, 'script', 'twitter-wjs');<\/script>\n   <\/div>\n   <div class=\"google\">\n       <div class=\"g-plusone\" data-size=\"medium\" data-annotation=\"none\"><\/div>\n   <\/div>\n   <div class=\"pinterest\">\n       <a href=\"\/\/www.pinterest.com\/pin\/create\/button\/\" data-pin-do=\"buttonBookmark\" data-pin-color=\"white\"><img decoding=\"async\" src=\"\/\/assets.pinterest.com\/images\/pidgets\/pinit_fg_en_rect_white_20.png\"><\/a>\n       <script type=\"text\/javascript\" async=\"\" defer=\"\" src=\"\/\/assets.pinterest.com\/js\/pinit.js\"><\/script>\n   <\/div>\n<\/div>\n<\/div><\/div>\n\n\n\n<div class=\"wp-block-kadence-column inner-column-2 kadence-column_6bef1d-cb info-prodotto\"><div class=\"kt-inside-inner-col\"><style id=\"kt-blocks_8f0e37-dd\">#kt-layout-id_8f0e37-dd > .kt-row-column-wrap{padding-top:0px;padding-bottom:0px;}<\/style>\n<div class=\"wp-block-kadence-rowlayout alignnone title-and-price\"><div id=\"kt-layout-id_8f0e37-dd\" class=\"kt-row-layout-inner kt-layout-id_8f0e37-dd\"><div class=\"kt-row-column-wrap kt-has-1-columns kt-gutter-default kt-v-gutter-default kt-row-valign-middle kt-row-layout-equal kt-tab-layout-inherit kt-m-colapse-left-to-right kt-mobile-layout-row\">\n<div class=\"wp-block-kadence-column inner-column-1 kadence-column_053470-e2\"><div class=\"kt-inside-inner-col\"><style id=\"kt-blocks_801f94-89\">#kt-adv-heading_801f94-89 mark, #kt-adv-heading_801f94-89 .wp-block-kadence-advancedheading mark, .kt-adv-heading_801f94-89[data-kb-block=\"kb-adv-heading_801f94-89\"] mark{padding:0px 0px 0px 0px;}<\/style>\n<h1 id=\"kt-adv-heading_801f94-89\" class=\"kt-adv-heading_801f94-89 wp-block-kadence-advancedheading\">Biocollagenix ovales<\/h1>\n<\/div><\/div>\n<\/div><\/div><\/div>\n\n\n\n<p class=\"has-medium-font-size\"><strong>Complemento alimenticio a base de Col\u00e1geno marino hidrolizado de tipo I y III, altamente purificado, \u00c1cido Hialur\u00f3nico, Resveratrol, Vitamina C, Cobre y Zinc.<\/strong><\/p>\n\n\n\n<p>El col\u00e1geno, junto con el \u00e1cido hialur\u00f3nico, ayuda a mantener la elasticidad y firmeza de la piel. La Vitamina C contribuye a la formaci\u00f3n normal de Col\u00e1geno para el funcionamiento normal de la piel. El Cobre contribuye al mantenimiento del tejido conectivo y, junto con la Vitamina C y el Zinc, contribuye a la protecci\u00f3n de las c\u00e9lulas frente al da\u00f1o oxidativo. El Zinc contribuye tambi\u00e9n al mantenimiento de la piel en condiciones normales.<br><\/p>\n\n\n\n<p><strong>Presentaci\u00f3n:<\/strong>&nbsp;estuche de 60 tabletas ovales<br><\/p>\n\n\n\n<p><strong>Modo de empleo:<\/strong>Se aconseja tomar 2 tabletas ovales al d\u00eda con la comida, trag\u00e1ndolas con bastante agua.<br><\/p>\n\n\n\n<div class='btn-test-clinici'><a href='\/es\/envejecimiento-cutaneo\/nuestras-pruebas-clinicas\/'>IR A PRUEBAS CL\u00cdNICAS<\/a><\/div>\n<\/div><\/div>\n<\/div><\/div><\/div>\n\n\n<style id=\"kt-blocks_ef4047-17\">#kt-layout-id_ef4047-17 > .kt-row-column-wrap{padding-top:40px;padding-bottom:40px;padding-left:40px;padding-right:40px;}@media all and (max-width: 767px){#kt-layout-id_ef4047-17 > .kt-row-column-wrap{padding-top:15px;padding-bottom:15px;padding-left:15px;padding-right:15px;}}<\/style>\n<div class=\"wp-block-kadence-rowlayout alignnone box-ingredienti container\"><div id=\"kt-layout-id_ef4047-17\" class=\"kt-row-layout-inner kt-layout-id_ef4047-17\"><div class=\"kt-row-column-wrap kt-has-1-columns kt-gutter-default kt-v-gutter-default kt-row-valign-top kt-row-layout-equal kt-tab-layout-inherit kt-m-colapse-left-to-right kt-mobile-layout-row\">\n<div class=\"wp-block-kadence-column inner-column-1 kadence-column_34cfd4-74\"><div class=\"kt-inside-inner-col\"><style id=\"kt-blocks_3c7e20-b4\">#kt-adv-heading_3c7e20-b4 mark, #kt-adv-heading_3c7e20-b4 .wp-block-kadence-advancedheading mark, .kt-adv-heading_3c7e20-b4[data-kb-block=\"kb-adv-heading_3c7e20-b4\"] mark{padding:0px 0px 0px 0px;}<\/style>\n<h2 id=\"kt-adv-heading_3c7e20-b4\" class=\"kt-adv-heading_3c7e20-b4 wp-block-kadence-advancedheading\">Ingredientes<\/h2>\n\n\n<style id=\"kt-blocks_8541fa-27\">#kt-layout-id_8541fa-27 > .kt-row-column-wrap{padding-bottom:0px;}<\/style>\n<div class=\"wp-block-kadence-rowlayout alignnone\"><div id=\"kt-layout-id_8541fa-27\" class=\"kt-row-layout-inner kt-layout-id_8541fa-27\"><div class=\"kt-row-column-wrap kt-has-3-columns kt-gutter-default kt-v-gutter-default kt-row-valign-top kt-row-layout-equal kt-tab-layout-inherit kt-m-colapse-left-to-right kt-mobile-layout-row\">\n<div class=\"wp-block-kadence-column inner-column-1 kadence-column_ed2582-de\"><div class=\"kt-inside-inner-col\"><style id=\"kt-blocks_24dbd1-82\">#kt-layout-id_24dbd1-82 > .kt-row-column-wrap{padding-top:0px;padding-bottom:0px;}<\/style>\n<div class=\"wp-block-kadence-rowlayout alignnone\"><div id=\"kt-layout-id_24dbd1-82\" class=\"kt-row-layout-inner kt-layout-id_24dbd1-82\"><div class=\"kt-row-column-wrap kt-has-2-columns kt-gutter-default kt-v-gutter-default kt-row-valign-top kt-row-layout-left-golden kt-tab-layout-left-golden kt-m-colapse-left-to-right kt-mobile-layout-left-golden\">\n<div class=\"wp-block-kadence-column inner-column-1 kadence-column_c68a74-40\"><div class=\"kt-inside-inner-col\">\n<p>Col\u00e1geno hidrolizado tipo I y III de PESCADO<br>\u00c1cido Hialur\u00f3nico<br>Resveratrol<br>Vitamina C<br>Cobre<br>Zinc<\/p>\n<\/div><\/div>\n\n\n\n<div class=\"wp-block-kadence-column inner-column-2 kadence-column_7431e8-6e\"><div class=\"kt-inside-inner-col\">\n<p class=\"has-text-align-right\">800 mg<br><br>150 mg<br>50 mg<br>30 mg<br>0,5 mg<br>1,5 mg<\/p>\n<\/div><\/div>\n<\/div><\/div><\/div>\n\n\n\n<p><\/p>\n<\/div><\/div>\n\n\n<style id=\"kt-blocks_04f02c-3c\">.kt-row-layout-inner > .kt-row-column-wrap > .kadence-column_04f02c-3c > .kt-inside-inner-col{padding-left:40px;padding-right:40px;}@media all and (max-width: 767px){.kt-row-layout-inner > .kt-row-column-wrap > .kadence-column_04f02c-3c > .kt-inside-inner-col{padding-left:0px;padding-right:0px;margin-top:20px;margin-bottom:20px;}}<\/style>\n<div class=\"wp-block-kadence-column inner-column-2 kadence-column_04f02c-3c\"><div class=\"kt-inside-inner-col\">\n<p><strong>No contiene:<\/strong><br><\/p>\n\n\n\n<p>Aromas artificiales<br> Az\u00facares a\u00f1adidos<br> Colorantes artificiales<br> Conservantes<br> Derivados de la leche<br> Edulcorantes<\/p>\n\n\n\n<p><strong>Rimedio para:<\/strong><br>Salud natural de la piel<\/p>\n\n\n<style id=\"kt-blocks_53cb49-6b\">.kt-btns_53cb49-6b .kt-button{font-family:'Source Sans Pro';font-weight:600;}.wp-block-kadence-advancedbtn.kt-btns_53cb49-6b .kt-btn-wrap-0 .kt-button{padding-left:1px;padding-right:1px;padding-top:15px;padding-bottom:15px;color:#1d4d93;font-size:17px;background:transparent;border-color:#555555;}.wp-block-kadence-advancedbtn.kt-btns_53cb49-6b .kt-btn-wrap-0 .kt-button:hover, .wp-block-kadence-advancedbtn.kt-btns_53cb49-6b .kt-btn-wrap-0 .kt-button:focus{color:#61a940;}.wp-block-kadence-advancedbtn.kt-btns_53cb49-6b .kt-btn-wrap-0 .kt-button::before{display:none;}.wp-block-kadence-advancedbtn.kt-btns_53cb49-6b .kt-btn-wrap-0 .kt-button:hover, .wp-block-kadence-advancedbtn.kt-btns_53cb49-6b .kt-btn-wrap-0 .kt-button:focus{background:#444444;}.wp-block-kadence-advancedbtn.kt-btns_53cb49-6b .kt-btn-wrap-1 .kt-button{color:#555555;font-size:18px;background:transparent;border-color:#555555;}.wp-block-kadence-advancedbtn.kt-btns_53cb49-6b .kt-btn-wrap-1 .kt-button:hover, .wp-block-kadence-advancedbtn.kt-btns_53cb49-6b .kt-btn-wrap-1 .kt-button:focus{color:#ffffff;border-color:#444444;}.wp-block-kadence-advancedbtn.kt-btns_53cb49-6b .kt-btn-wrap-1 .kt-button::before{display:none;}.wp-block-kadence-advancedbtn.kt-btns_53cb49-6b .kt-btn-wrap-1 .kt-button:hover, .wp-block-kadence-advancedbtn.kt-btns_53cb49-6b .kt-btn-wrap-1 .kt-button:focus{background:#444444;}<\/style>\n<div class=\"wp-block-kadence-advancedbtn kt-btn-align-left kt-btn-tablet-align-inherit kt-btn-mobile-align-inherit kt-btns-wrap kt-btns_53cb49-6b\"><div class=\"kt-btn-wrap kt-btn-wrap-0\"><a class=\"kt-button button kt-btn-0-action kt-btn-size-custom kt-btn-style-basic kt-btn-svg-show-always kt-btn-has-text-true kt-btn-has-svg-true\" href=\"\/es\/envejecimiento-cutaneo\/los-principios-naturales\/\" style=\"border-radius:0px;border-width:0px\"><div style=\"display:inline-flex;justify-content:center;align-items:center\" class=\"kt-btn-svg-icon kt-btn-svg-icon-fe_arrowRight kt-btn-side-left\"><svg style=\"display:inline-block;vertical-align:middle\" viewbox=\"0 0 24 24\" height=\"17\" width=\"17\" fill=\"none\" stroke=\"currentColor\" xmlns=\"http:\/\/www.w3.org\/2000\/svg\" stroke-width=\"2\" stroke-linecap=\"round\" stroke-linejoin=\"round\"><line x1=\"5\" y1=\"12\" x2=\"19\" y2=\"12\"><\/line><polyline points=\"12 5 19 12 12 19\"><\/polyline><\/svg><\/div><span class=\"kt-btn-inner-text\">Propiedades de los ingredientes<\/span><\/a><\/div><\/div>\n<\/div><\/div>\n\n\n\n<div class=\"wp-block-kadence-column inner-column-3 kadence-column_dea4aa-08\"><div class=\"kt-inside-inner-col\">\n<figure class=\"wp-block-image\"><img loading=\"lazy\" decoding=\"async\" width=\"148\" height=\"19\" src=\"https:\/\/www.biocollagenix.com\/wp-content\/uploads\/2019\/08\/es.png\" alt=\"\" class=\"wp-image-3818\"\/><\/figure>\n\n\n\n<div class=\"wp-block-image\"><figure class=\"alignleft\"><img loading=\"lazy\" decoding=\"async\" width=\"75\" height=\"75\" src=\"\/wp-content\/uploads\/2019\/01\/clinicamente-testato.png\" alt=\"\" class=\"wp-image-1703\"\/><\/figure><\/div>\n\n\n\n<div class=\"wp-block-image\"><figure class=\"alignleft is-resized\"><img loading=\"lazy\" decoding=\"async\" src=\"\/wp-content\/uploads\/2019\/01\/gluten-free.png\" alt=\"\" class=\"wp-image-1704\" width=\"61\" height=\"66\"\/><\/figure><\/div>\n<\/div><\/div>\n<\/div><\/div><\/div>\n\n\n\n<p><\/p>\n<\/div><\/div>\n<\/div><\/div><\/div>\n\n\n<style id=\"kt-blocks_c79c9f-a6\">#kt-layout-id_c79c9f-a6 > .kt-row-column-wrap{padding-top:60px;padding-bottom:60px;}<\/style>\n<div class=\"wp-block-kadence-rowlayout alignnone box-recensioni container\"><div id=\"kt-layout-id_c79c9f-a6\" class=\"kt-row-layout-inner kt-layout-id_c79c9f-a6\"><div class=\"kt-row-column-wrap kt-has-1-columns kt-gutter-default kt-v-gutter-default kt-row-valign-top kt-row-layout-equal kt-tab-layout-inherit kt-m-colapse-left-to-right kt-mobile-layout-row\">\n<div class=\"wp-block-kadence-column inner-column-1 kadence-column_9d8202-cd\"><div class=\"kt-inside-inner-col\">\n\n\n\n<p style=\"font-size:19px\" class=\"has-text-align-center\">Beber col\u00e1geno ha sido revisado 0 veces!<\/p>\n\n\n<div class=\"container comments-wrapper\">\n    <div class=\"content bg-form-comment\">\n\n        \t<div id=\"respond\" class=\"comment-respond\">\n\t\t<h3 id=\"reply-title\" class=\"comment-reply-title\">Escribe una rese\u00f1a<\/h3><form action=\"https:\/\/www.biocollagenix.com\/wp-comments-post.php\" method=\"post\" id=\"commentform\" class=\"comment-form\">\n    <div class=\"comment-rating\">\n\t    <label class=\"rating\" for=\"rating\">Valuta: <\/label>\n        <fieldset class=\"comments-rating\">\n            <span class=\"rating-container\">\n                                    <input type=\"radio\" id=\"rating-5\" name=\"rating\" value=\"5\"  \/>\n                    <label for=\"rating-5\">5<\/label>\n                                    <input type=\"radio\" id=\"rating-4\" name=\"rating\" value=\"4\"  \/>\n                    <label for=\"rating-4\">4<\/label>\n                                    <input type=\"radio\" id=\"rating-3\" name=\"rating\" value=\"3\"  \/>\n                    <label for=\"rating-3\">3<\/label>\n                                    <input type=\"radio\" id=\"rating-2\" name=\"rating\" value=\"2\"  \/>\n                    <label for=\"rating-2\">2<\/label>\n                                    <input type=\"radio\" id=\"rating-1\" name=\"rating\" value=\"1\" required \/>\n                    <label for=\"rating-1\">1<\/label>\n                            <\/span>\n        <\/fieldset>\n    <\/div>\n\n    <p class=\"comment-title\">\n        <label for =\"title\"> Aggiungi un titolo: <\/label>\n        <input id=\"title\" name=\"title\" value=\"\" size=\"30\" maxlength=\"245\" required=\"required\" type=\"text\">\n    <\/p>\n\n<p class=\"comment-form-author\"><label for=\"author\">Aggiungi il nome che apparir\u00e0:<\/label> <input id=\"author\" name=\"author\" value=\"\" size=\"30\" maxlength=\"245\" type=\"text\" required><\/p>\n<p class=\"comment-form-comment\"><label for=\"comment\">Aggiungi una recensione:<\/label> <textarea id=\"comment\" name=\"comment\" cols=\"45\" rows=\"8\" maxlength=\"65525\" required=\"required\"><\/textarea><\/p><p class=\"comment-form-privacy\"><input type=\"checkbox\" name=\"privacy-disc\" required> Informativa sulla<a href=\"\/privacy\" target=\"_blank\"> privacy<\/a><\/p><input name=\"wpml_language_code\" type=\"hidden\" value=\"es\" \/><p class=\"form-submit\"><input name=\"submit\" type=\"submit\" id=\"submit\" class=\"submit\" value=\"enviar\" \/> <input type='hidden' name='comment_post_ID' value='4483' id='comment_post_ID' \/>\n<input type='hidden' name='comment_parent' id='comment_parent' value='0' \/>\n<\/p><\/form>\t<\/div><!-- #respond -->\n\t\n    <\/div>\n\n        <\/div>\n<\/div><\/div>\n<\/div><\/div><\/div>\n\n\n<style id=\"kt-blocks_c9f805-7d\">#kt-layout-id_c9f805-7d{background-color:#ffe1d7;background-image:url('\/wp-content\/uploads\/2019\/10\/fascione-collagene-ovalette2-3-fascia.jpg');background-size:cover;background-position:center center;background-attachment:scroll;background-repeat:no-repeat;}#kt-layout-id_c9f805-7d > .kt-row-column-wrap{padding-top:70px;padding-bottom:70px;padding-left:30px;padding-right:30px;max-width:1170px;margin-left:auto;margin-right:auto;}@media all and (max-width: 767px){#kt-layout-id_c9f805-7d > .kt-row-column-wrap{padding-top:30px;padding-bottom:30px;}}<\/style>\n<div class=\"wp-block-kadence-rowlayout alignnone alignundefined hide-bg-mobile\"><div id=\"kt-layout-id_c9f805-7d\" class=\"kt-row-layout-inner kt-row-has-bg kt-layout-id_c9f805-7d\"><div class=\"kt-row-column-wrap kt-has-2-columns kt-gutter-default kt-v-gutter-default kt-row-valign-middle kt-row-layout-equal kt-tab-layout-inherit kt-m-colapse-left-to-right kt-mobile-layout-row\">\n<div class=\"wp-block-kadence-column inner-column-1 kadence-column_87d072-4f\"><div class=\"kt-inside-inner-col\">\n<figure class=\"wp-block-image hide-on-desk\"><img decoding=\"async\" src=\"\/wp-content\/uploads\/2019\/10\/fascione-collagene-ovalette-mobile2-3-fascia.jpg\" alt=\"\" class=\"wp-image-2835\"\/><\/figure>\n\n\n<style id=\"kt-blocks_8067ff-06\">#kt-adv-heading_8067ff-06 mark, #kt-adv-heading_8067ff-06 .wp-block-kadence-advancedheading mark, .kt-adv-heading_8067ff-06[data-kb-block=\"kb-adv-heading_8067ff-06\"] mark{padding:0px 0px 0px 0px;}<\/style>\n<h2 id=\"kt-adv-heading_8067ff-06\" class=\"kt-adv-heading_8067ff-06 wp-block-kadence-advancedheading\">El efecto regenerador de Biocollagenix<\/h2>\n\n\n\n<p>El envejecimiento del cuerpo no es la \u00fanica causa de la aparici\u00f3n de arrugas. Otros factores como el humo, el alcohol, el estr\u00e9s o la exposici\u00f3n a los rayos ultravioleta del sol contribuyen con el tiempo a la disminuci\u00f3n de col\u00e1geno y elastina en nuestro cuerpo, lo que disminuye a su vez la elasticidad de la piel. <\/p>\n\n\n\n<p>Gracias a su caracter\u00edstica f\u00f3rmula a base de col\u00e1geno marino hidrolizado, \u00e1cido hialur\u00f3nico y resveratrol, las tabletas Biocollagenix ayudan a ralentizar este proceso al darle a la piel la nutrici\u00f3n justa desde el interior.<\/p>\n\n\n\n<div style=\"height:20px\" aria-hidden=\"true\" class=\"wp-block-spacer\"><\/div>\n\n\n<style id=\"kt-blocks_82a035-40\">.wp-block-kadence-advancedbtn.kt-btns_82a035-40 .kt-btn-wrap-0 .kt-button{padding-left:25px;padding-right:25px;padding-top:15px;padding-bottom:15px;color:#184489;font-size:15px;background:transparent;border-color:#184489;}.wp-block-kadence-advancedbtn.kt-btns_82a035-40 .kt-btn-wrap-0 .kt-button:hover, .wp-block-kadence-advancedbtn.kt-btns_82a035-40 .kt-btn-wrap-0 .kt-button:focus{color:#ffffff;border-color:#184489;}.wp-block-kadence-advancedbtn.kt-btns_82a035-40 .kt-btn-wrap-0 .kt-button::before{display:none;}.wp-block-kadence-advancedbtn.kt-btns_82a035-40 .kt-btn-wrap-0 .kt-button:hover, .wp-block-kadence-advancedbtn.kt-btns_82a035-40 .kt-btn-wrap-0 .kt-button:focus{background:#184489;}.wp-block-kadence-advancedbtn.kt-btns_82a035-40 .kt-btn-wrap-1 .kt-button{color:#555555;font-size:18px;background:transparent;border-color:#555555;}.wp-block-kadence-advancedbtn.kt-btns_82a035-40 .kt-btn-wrap-1 .kt-button:hover, .wp-block-kadence-advancedbtn.kt-btns_82a035-40 .kt-btn-wrap-1 .kt-button:focus{color:#ffffff;border-color:#444444;}.wp-block-kadence-advancedbtn.kt-btns_82a035-40 .kt-btn-wrap-1 .kt-button::before{display:none;}.wp-block-kadence-advancedbtn.kt-btns_82a035-40 .kt-btn-wrap-1 .kt-button:hover, .wp-block-kadence-advancedbtn.kt-btns_82a035-40 .kt-btn-wrap-1 .kt-button:focus{background:#444444;}<\/style>\n<div class=\"wp-block-kadence-advancedbtn kt-btn-align-left kt-btn-tablet-align-inherit kt-btn-mobile-align-inherit kt-btns-wrap kt-btns_82a035-40\"><div class=\"kt-btn-wrap kt-btn-wrap-0\"><a class=\"kt-button button kt-btn-0-action kt-btn-size-custom kt-btn-style-basic kt-btn-svg-show-always kt-btn-has-text-true kt-btn-has-svg-false\" href=\"\/es\/biocollagenix-en-tabletas-ovalette\/las-ventajas-del-colageno-en-tabletas\/\" style=\"border-radius:0px;border-width:2px\"><span class=\"kt-btn-inner-text\">INF\u00d3RMATE SOBRE SUS VENTAJAS<\/span><\/a><\/div><\/div>\n<\/div><\/div>\n\n\n\n<div class=\"wp-block-kadence-column inner-column-2 kadence-column_afe37d-2f\"><div class=\"kt-inside-inner-col\"><\/div><\/div>\n<\/div><\/div><\/div>\n\n\n<style id=\"kt-blocks_29f5be-c9\">#kt-layout-id_29f5be-c9 > .kt-row-column-wrap{padding-top:0px;padding-bottom:0px;}<\/style>\n<div class=\"wp-block-kadence-rowlayout alignnone\"><div id=\"kt-layout-id_29f5be-c9\" class=\"kt-row-layout-inner kt-layout-id_29f5be-c9\"><div class=\"kt-row-column-wrap kt-has-1-columns kt-gutter-default kt-v-gutter-default kt-row-valign-top kt-row-layout-equal kt-tab-layout-inherit kt-m-colapse-left-to-right kt-mobile-layout-row\">\n<div class=\"wp-block-kadence-column inner-column-1 kadence-column_6ed81a-e0\"><div class=\"kt-inside-inner-col\"><div class=\"products\">\n    <div class=\"container\">\n        <h3 class=\"products__title\">\n            Descubre los productos de col\u00e1geno         <\/h3>\n        <div class=\"products__list\">\n                                                                            <div class=\"product\">\n                        <div class=\"product__image\">\n                            <a href=\"https:\/\/www.biocollagenix.com\/es\/colageno-en-parches-oculares\/\"><img decoding=\"async\" src=\"https:\/\/www.biocollagenix.com\/wp-content\/uploads\/2019\/07\/eye-patch-collagene-biocollagenix-new.png\"><\/a>\n                        <\/div>\n                        <div class=\"product__name\">\n                            <a href=\"https:\/\/www.biocollagenix.com\/es\/colageno-en-parches-oculares\/\">Col\u00e1geno en parches oculares<\/a>\n                        <\/div>\n                        <div class=\"product__excerpt\">\n                            Col\u00e1geno en parches oculares: un producto para el tratamiento antiojeras                         <\/div>\n                    <\/div>\n                                                                <div class=\"product\">\n                        <div class=\"product__image\">\n                            <a href=\"https:\/\/www.biocollagenix.com\/es\/colageno-en-comprimidos\/\"><img decoding=\"async\" src=\"https:\/\/www.biocollagenix.com\/wp-content\/uploads\/2019\/07\/tavolette-collagene-biocollagenix-new.png\"><\/a>\n                        <\/div>\n                        <div class=\"product__name\">\n                            <a href=\"https:\/\/www.biocollagenix.com\/es\/colageno-en-comprimidos\/\">Col\u00e1geno en comprimidos<\/a>\n                        <\/div>\n                        <div class=\"product__excerpt\">\n                            Suplemento con base de col\u00e1geno marino hidrolizado en comprimidos                         <\/div>\n                    <\/div>\n                                                                <div class=\"product\">\n                        <div class=\"product__image\">\n                            <a href=\"https:\/\/www.biocollagenix.com\/es\/bebida-de-colageno\/\"><img decoding=\"async\" src=\"https:\/\/www.biocollagenix.com\/wp-content\/uploads\/2019\/07\/collagene-bere-new.png\"><\/a>\n                        <\/div>\n                        <div class=\"product__name\">\n                            <a href=\"https:\/\/www.biocollagenix.com\/es\/bebida-de-colageno\/\">Bebida de col\u00e1geno<\/a>\n                        <\/div>\n                        <div class=\"product__excerpt\">\n                            Col\u00e1geno en parches oculares: un producto para el tratamiento antiojeras                         <\/div>\n                    <\/div>\n                                    <\/div>\n    <\/div>\n<\/div>\n\n<\/div><\/div>\n<\/div><\/div><\/div>\n","protected":false},"excerpt":{"rendered":"<p>Complemento alimenticio a base de Col\u00e1geno marino .<\/p>\n","protected":false},"author":14,"featured_media":4423,"parent":0,"menu_order":0,"comment_status":"open","ping_status":"closed","template":"template-product.php","meta":{"kt_blocks_editor_width":"fullwidth","footnotes":""},"class_list":["post-4483","page","type-page","status-publish","has-post-thumbnail","hentry"],"_links":{"self":[{"href":"https:\/\/www.biocollagenix.com\/es\/wp-json\/wp\/v2\/pages\/4483"}],"collection":[{"href":"https:\/\/www.biocollagenix.com\/es\/wp-json\/wp\/v2\/pages"}],"about":[{"href":"https:\/\/www.biocollagenix.com\/es\/wp-json\/wp\/v2\/types\/page"}],"author":[{"embeddable":true,"href":"https:\/\/www.biocollagenix.com\/es\/wp-json\/wp\/v2\/users\/14"}],"replies":[{"embeddable":true,"href":"https:\/\/www.biocollagenix.com\/es\/wp-json\/wp\/v2\/comments?post=4483"}],"version-history":[{"count":11,"href":"https:\/\/www.biocollagenix.com\/es\/wp-json\/wp\/v2\/pages\/4483\/revisions"}],"predecessor-version":[{"id":4858,"href":"https:\/\/www.biocollagenix.com\/es\/wp-json\/wp\/v2\/pages\/4483\/revisions\/4858"}],"wp:featuredmedia":[{"embeddable":true,"href":"https:\/\/www.biocollagenix.com\/es\/wp-json\/wp\/v2\/media\/4423"}],"wp:attachment":[{"href":"https:\/\/www.biocollagenix.com\/es\/wp-json\/wp\/v2\/media?parent=4483"}],"curies":[{"name":"wp","href":"https:\/\/api.w.org\/{rel}","templated":true}]}}