{"id":3141,"date":"2017-01-25T16:11:40","date_gmt":"2017-01-25T15:11:40","guid":{"rendered":"https:\/\/www.biocollagenix.com\/vantaggi-del-collagene\/vantaggi-integratore-antiage-da-bere\/"},"modified":"2019-10-10T16:19:47","modified_gmt":"2019-10-10T14:19:47","slug":"ventajas-de-la-bebida-de-colageno","status":"publish","type":"page","link":"https:\/\/www.biocollagenix.com\/es\/ventajas-del-colageno\/ventajas-de-la-bebida-de-colageno\/","title":{"rendered":"Ventajas de la bebida de col\u00e1geno"},"content":{"rendered":"<style id=\"kt-blocks_d32ecb-aa\">#kt-layout-id_d32ecb-aa{background-color:#6bb8d4;background-image:url('https:\/\/www.biocollagenix.com\/wp-content\/uploads\/2019\/01\/bg-h1-page.jpg');background-size:cover;background-position:center center;background-attachment:scroll;background-repeat:no-repeat;}#kt-layout-id_d32ecb-aa > .kt-row-column-wrap{padding-top:0px;max-width:1170px;margin-left:auto;margin-right:auto;}<\/style>\n<div class=\"wp-block-kadence-rowlayout alignnone\"><div id=\"kt-layout-id_d32ecb-aa\" class=\"kt-row-layout-inner kt-row-has-bg kt-layout-id_d32ecb-aa\"><div class=\"kt-row-column-wrap kt-has-1-columns kt-gutter-default kt-row-valign-top kt-row-layout-equal kt-tab-layout-inherit kt-m-colapse-left-to-right kt-mobile-layout-row\">\n<div class=\"wp-block-kadence-column kadence-column6515 inner-column-1\"><div class=\"kt-inside-inner-col\">\t<div class=\"breadcrumb-container white\">\n\t\t<div class=\"breadcrumbs\">\n\t\t\t<span property=\"itemListElement\" typeof=\"ListItem\"><a property=\"item\" typeof=\"WebPage\" title=\"Ir a Inicio.\" href=\"https:\/\/www.biocollagenix.com\/es\/\" class=\"home\" aria-current=\"page\"><span property=\"name\">Inicio<\/span><\/a><meta property=\"position\" content=\"1\"><\/span>\t\t<\/div>\n\t<\/div>\n\n\n\n<style id=\"kt-blocks_4ad37a-83\">#kt-adv-heading_4ad37a-83, #kt-adv-heading_4ad37a-83 .wp-block-kadence-advancedheading, .wp-block-kadence-advancedheading.kt-adv-heading_4ad37a-83[data-kb-block=\"kb-adv-heading_4ad37a-83\"], .kadence-advanced-heading-wrapper .kt-adv-heading_4ad37a-83[data-kb-block=\"kb-adv-heading_4ad37a-83\"]{color:#ffffff;margin-bottom:1em;}<\/style>\n<h1 id=\"kt-adv-heading_4ad37a-83\" style=\"color:#ffffff;margin-bottom:1em\" class=\"wp-block-kadence-advancedheading\">Las ventajas y beneficios de las bebidas de col\u00e1geno para la piel<br\/><br\/><\/h1>\n\n\n\n<p style=\"color:#ffffff\" class=\"has-text-color\">Biocollagenix Beauty Drink est\u00e1 dise\u00f1ada para disfrutar de todas las ventajas del col\u00e1geno marino para beber, ofrecido en pr\u00e1cticas dosis de 30&nbsp;ml que se pueden tomar f\u00e1cilmente y en cualquier momento.<br><\/p>\n<\/div><\/div>\n<\/div><\/div><\/div>\n\n\n<style id=\"kt-blocks_c84af8-59\">#kt-layout-id_c84af8-59{background-color:#eef9fb;background-image:url('https:\/\/www.biocollagenix.com\/wp-content\/uploads\/2019\/07\/bg-vantaggi-primo-fascione-1-new.jpg');background-size:cover;background-position:center center;background-attachment:scroll;background-repeat:no-repeat;}#kt-layout-id_c84af8-59 > .kt-row-column-wrap{padding-top:70px;padding-bottom:70px;padding-left:30px;padding-right:30px;min-height:700px;max-width:1170px;margin-left:auto;margin-right:auto;}@media all and (max-width: 767px){#kt-layout-id_c84af8-59 > .kt-row-column-wrap{padding-top:30px;padding-bottom:30px;}}<\/style>\n<div class=\"wp-block-kadence-rowlayout aligncenter hide-bg-mobile\"><div id=\"kt-layout-id_c84af8-59\" class=\"kt-row-layout-inner kt-row-has-bg kt-layout-id_c84af8-59\"><div class=\"kt-row-column-wrap kt-has-2-columns kt-gutter-default kt-row-valign-middle kt-row-layout-equal kt-tab-layout-inherit kt-m-colapse-left-to-right kt-mobile-layout-row\">\n<div class=\"wp-block-kadence-column kadence-column4754 inner-column-1\"><div class=\"kt-inside-inner-col\"><\/div><\/div>\n\n\n\n<div class=\"wp-block-kadence-column kadence-column3769 inner-column-2\"><div class=\"kt-inside-inner-col\">\n<figure class=\"wp-block-image hide-on-desk\"><img loading=\"lazy\" decoding=\"async\" width=\"560\" height=\"560\" src=\"https:\/\/www.biocollagenix.com\/wp-content\/uploads\/2019\/07\/vantaggi-collagene-bere-mob-01-new.jpg\" alt=\"\" class=\"wp-image-2898\" srcset=\"https:\/\/www.biocollagenix.com\/wp-content\/uploads\/2019\/07\/vantaggi-collagene-bere-mob-01-new.jpg 560w, https:\/\/www.biocollagenix.com\/wp-content\/uploads\/2019\/07\/vantaggi-collagene-bere-mob-01-new-150x150.jpg 150w, https:\/\/www.biocollagenix.com\/wp-content\/uploads\/2019\/07\/vantaggi-collagene-bere-mob-01-new-300x300.jpg 300w\" sizes=\"(max-width: 560px) 100vw, 560px\" \/><\/figure>\n\n\n\n<h2 id=\"kt-adv-heading_44cbe6-22\" class=\"wp-block-kadence-advancedheading\">\u00bfPor qu\u00e9 elegir la bebida de col\u00e1geno?<br\/><br\/><\/h2>\n\n\n\n<p>A diferencia de las cremas antiarrugas, la bebida de Biocollagenix act\u00faa desde dentro y garantiza una mayor eficacia para&nbsp;<strong>combatir los signos del envejecimiento de la piel<\/strong>. Los tratamientos con cremas antiarrugas no logran transferir los principios a las capas menos superficiales de la piel. Gracias a la f\u00f3rmula de Beauty&nbsp;Drink, los nutrientes de Biocollagenix llegan, transportados por la sangre, a las c\u00e9lulas m\u00e1s profundas de la epidermis.&nbsp;<br><\/p>\n<\/div><\/div>\n<\/div><\/div><\/div>\n\n\n<style id=\"kt-blocks_9dc58c-b4\">#kt-layout-id_9dc58c-b4{background-color:#f1f3f2;background-image:url('https:\/\/www.biocollagenix.com\/wp-content\/uploads\/2019\/07\/bg-vantaggi-secondo-fascione-new.jpg');background-size:cover;background-position:center center;background-attachment:scroll;background-repeat:no-repeat;}#kt-layout-id_9dc58c-b4 > .kt-row-column-wrap{padding-top:70px;padding-bottom:70px;padding-left:30px;padding-right:30px;min-height:700px;max-width:1170px;margin-left:auto;margin-right:auto;}@media all and (max-width: 767px){#kt-layout-id_9dc58c-b4 > .kt-row-column-wrap{padding-top:30px;padding-bottom:30px;}}<\/style>\n<div class=\"wp-block-kadence-rowlayout aligncenter hide-bg-mobile\"><div id=\"kt-layout-id_9dc58c-b4\" class=\"kt-row-layout-inner kt-row-has-bg kt-layout-id_9dc58c-b4\"><div class=\"kt-row-column-wrap kt-has-2-columns kt-gutter-default kt-row-valign-middle kt-row-layout-equal kt-tab-layout-inherit kt-m-colapse-left-to-right kt-mobile-layout-row\">\n<div class=\"wp-block-kadence-column kadence-column1864 inner-column-1\"><div class=\"kt-inside-inner-col\">\n<figure class=\"wp-block-image hide-on-desk\"><img loading=\"lazy\" decoding=\"async\" width=\"560\" height=\"560\" src=\"https:\/\/www.biocollagenix.com\/wp-content\/uploads\/2019\/07\/vantaggi-collagene-bere-mob-02-new.jpg\" alt=\"\" class=\"wp-image-2901\" srcset=\"https:\/\/www.biocollagenix.com\/wp-content\/uploads\/2019\/07\/vantaggi-collagene-bere-mob-02-new.jpg 560w, https:\/\/www.biocollagenix.com\/wp-content\/uploads\/2019\/07\/vantaggi-collagene-bere-mob-02-new-150x150.jpg 150w, https:\/\/www.biocollagenix.com\/wp-content\/uploads\/2019\/07\/vantaggi-collagene-bere-mob-02-new-300x300.jpg 300w\" sizes=\"(max-width: 560px) 100vw, 560px\" \/><\/figure>\n\n\n\n<h2 id=\"kt-adv-heading_41d5aa-9e\" class=\"wp-block-kadence-advancedheading\">La eficacia del col\u00e1geno hidrolizado<br\/><br\/><\/h2>\n\n\n\n<p>La composici\u00f3n de la piel tiene un 75&nbsp;% de col\u00e1geno. A partir de los 30&nbsp;a\u00f1os, la producci\u00f3n de esta prote\u00edna disminuye cada a\u00f1o hasta alcanzar una p\u00e9rdida del 40&nbsp;%, lo que origina arrugas, p\u00e9rdida de tono y flacidez.<br><br><br><\/p>\n\n\n\n<p>El&nbsp;<strong>col\u00e1geno administrado en cremas<\/strong>&nbsp;no consigue restaurar los da\u00f1os de la piel debido a que se encuentra en una estructura molecular demasiado grande. En ese estado, la sustancia no penetra en las capas profundas de la dermis y permanece en la superficie. Esta es la raz\u00f3n por la que Biocollagenix Beauty&nbsp;Drink se dise\u00f1\u00f3 para ser un suplemento antiarrugas y antienvejecimiento. El uso de col\u00e1geno como tal no puede considerarse realmente funcional como antiarrugas. Es precisamente por este motivo que hemos optado por crear un producto nutricosm\u00e9tico de alta calidad utilizando col\u00e1geno en forma hidrolizada. El&nbsp;<strong>col\u00e1geno hidrolizado<\/strong>&nbsp;se somete a un tratamiento que lo reduce a fragmentos m\u00e1s peque\u00f1os para que sea m\u00e1s f\u00e1cilmente soluble, digestible y, por tanto, eficaz.<br><\/p>\n\n\n\n<div style=\"height:20px\" aria-hidden=\"true\" class=\"wp-block-spacer\"><\/div>\n\n\n<style id=\"kt-blocks_02d01c-69\">.wp-block-kadence-advancedbtn.kt-btns_02d01c-69 .kt-btn-wrap-0 .kt-button{padding-left:25px;padding-right:25px;padding-top:15px;padding-bottom:15px;color:#184489;font-size:15px;background:transparent;border-color:#184489;}.wp-block-kadence-advancedbtn.kt-btns_02d01c-69 .kt-btn-wrap-0 .kt-button:hover, .wp-block-kadence-advancedbtn.kt-btns_02d01c-69 .kt-btn-wrap-0 .kt-button:focus{color:#ffffff;border-color:#184489;}.wp-block-kadence-advancedbtn.kt-btns_02d01c-69 .kt-btn-wrap-0 .kt-button::before{display:none;}.wp-block-kadence-advancedbtn.kt-btns_02d01c-69 .kt-btn-wrap-0 .kt-button:hover, .wp-block-kadence-advancedbtn.kt-btns_02d01c-69 .kt-btn-wrap-0 .kt-button:focus{background:#184489;}<\/style>\n<div class=\"wp-block-kadence-advancedbtn kt-btn-align-left kt-btns-wrap kt-btns_02d01c-69\"><div class=\"kt-btn-wrap kt-btn-wrap-0\"><a class=\"kt-button kt-btn-0-action kt-btn-svg-show-always kt-btn-has-text-true kt-btn-has-svg-false\" href=\"https:\/\/www.biocollagenix.com\/es\/bebida-de-colageno\/\" target=\"_self\" style=\"font-size:15px;border-width:2px;padding-left:25px;padding-right:25px;padding-top:15px;padding-bottom:15px\"><span class=\"kt-btn-inner-text\">IR AL PRODUCTO<\/span><\/a><\/div><\/div>\n<\/div><\/div>\n\n\n\n<div class=\"wp-block-kadence-column kadence-column1281 inner-column-2\"><div class=\"kt-inside-inner-col\">\n<p><\/p>\n<\/div><\/div>\n<\/div><\/div><\/div>\n\n\n<style id=\"kt-blocks_0cd91d-b5\">#kt-layout-id_0cd91d-b5{background-color:#d7eaf8;background-image:url('https:\/\/www.biocollagenix.com\/wp-content\/uploads\/2019\/01\/bg-vantaggi-terzo-fascione.jpg');background-size:cover;background-position:center center;background-attachment:scroll;background-repeat:no-repeat;}#kt-layout-id_0cd91d-b5 > .kt-row-column-wrap{padding-top:70px;padding-bottom:70px;padding-left:30px;padding-right:30px;min-height:700px;max-width:1170px;margin-left:auto;margin-right:auto;}@media all and (max-width: 767px){#kt-layout-id_0cd91d-b5 > .kt-row-column-wrap{padding-top:30px;padding-bottom:30px;}}<\/style>\n<div class=\"wp-block-kadence-rowlayout aligncenter hide-bg-mobile\"><div id=\"kt-layout-id_0cd91d-b5\" class=\"kt-row-layout-inner kt-row-has-bg kt-layout-id_0cd91d-b5\"><div class=\"kt-row-column-wrap kt-has-2-columns kt-gutter-default kt-row-valign-middle kt-row-layout-equal kt-tab-layout-inherit kt-m-colapse-left-to-right kt-mobile-layout-row\">\n<div class=\"wp-block-kadence-column kadence-column452 inner-column-1\"><div class=\"kt-inside-inner-col\">\n<p><\/p>\n<\/div><\/div>\n\n\n\n<div class=\"wp-block-kadence-column kadence-column381 inner-column-2\"><div class=\"kt-inside-inner-col\">\n<figure class=\"wp-block-image is-resized hide-on-desk\"><img loading=\"lazy\" decoding=\"async\" src=\"https:\/\/www.biocollagenix.com\/wp-content\/uploads\/2019\/01\/vantaggi-collagene-bere-mob-03.jpg\" alt=\"\" class=\"wp-image-2428\" width=\"560\" height=\"560\" srcset=\"https:\/\/www.biocollagenix.com\/wp-content\/uploads\/2019\/01\/vantaggi-collagene-bere-mob-03.jpg 560w, https:\/\/www.biocollagenix.com\/wp-content\/uploads\/2019\/01\/vantaggi-collagene-bere-mob-03-150x150.jpg 150w, https:\/\/www.biocollagenix.com\/wp-content\/uploads\/2019\/01\/vantaggi-collagene-bere-mob-03-300x300.jpg 300w\" sizes=\"(max-width: 560px) 100vw, 560px\" \/><\/figure>\n\n\n\n<h2 id=\"kt-adv-heading_168c46-a6\" class=\"wp-block-kadence-advancedheading\">Prev\u00e9n las arrugas y tonifica la piel<br\/><br\/><\/h2>\n\n\n\n<p>Para aportar beneficios al organismo, es necesario que un compuesto tomado por v\u00eda oral sea capaz de superar la barrera intestinal y, a trav\u00e9s del torrente sangu\u00edneo, llegar a las partes del cuerpo donde se acumula o se emplea en los procesos metab\u00f3licos. Varios estudios han demostrado que&nbsp;<strong>el col\u00e1geno hidrolizado tiene la capacidad de cruzar la barrera intestinal<\/strong>.<br><br><br><\/p>\n\n\n\n<p><strong>El col\u00e1geno hidrolizado<\/strong>&nbsp;en formato de bebida, gracias a su capacidad para acumularse en la piel, tiene un efecto importante para mejorar las condiciones de la piel y no solo retrasa el proceso de envejecimiento (cronoenvejecimiento), sino que tambi\u00e9n la protege de otros da\u00f1os, como los fotoinducidos (fotoenvejecimiento).<br><\/p>\n\n\n\n<div style=\"height:20px\" aria-hidden=\"true\" class=\"wp-block-spacer\"><\/div>\n\n\n<style id=\"kt-blocks_85c2c7-fe\">.wp-block-kadence-advancedbtn.kt-btns_85c2c7-fe .kt-btn-wrap-0 .kt-button{padding-left:25px;padding-right:25px;padding-top:15px;padding-bottom:15px;color:#184489;font-size:15px;background:transparent;border-color:#184489;}.wp-block-kadence-advancedbtn.kt-btns_85c2c7-fe .kt-btn-wrap-0 .kt-button:hover, .wp-block-kadence-advancedbtn.kt-btns_85c2c7-fe .kt-btn-wrap-0 .kt-button:focus{color:#ffffff;border-color:#184489;}.wp-block-kadence-advancedbtn.kt-btns_85c2c7-fe .kt-btn-wrap-0 .kt-button::before{display:none;}.wp-block-kadence-advancedbtn.kt-btns_85c2c7-fe .kt-btn-wrap-0 .kt-button:hover, .wp-block-kadence-advancedbtn.kt-btns_85c2c7-fe .kt-btn-wrap-0 .kt-button:focus{background:#184489;}<\/style>\n<div class=\"wp-block-kadence-advancedbtn kt-btn-align-left kt-btns-wrap kt-btns_85c2c7-fe\"><div class=\"kt-btn-wrap kt-btn-wrap-0\"><a class=\"kt-button kt-btn-0-action kt-btn-svg-show-always kt-btn-has-text-true kt-btn-has-svg-false\" href=\"https:\/\/www.biocollagenix.com\/es\/envejecimiento-cutaneo\/los-principios-naturales\/\" target=\"_self\" style=\"font-size:15px;border-width:2px;padding-left:25px;padding-right:25px;padding-top:15px;padding-bottom:15px\"><span class=\"kt-btn-inner-text\">INF\u00d3RMATE SOBRE LOS PRINCIPIOS ACTIVOS<\/span><\/a><\/div><\/div>\n<\/div><\/div>\n<\/div><\/div><\/div>\n\n\n<div class=\"products\">\n    <div class=\"container\">\n        <h3 class=\"products__title\">\n            Descubre los productos de col\u00e1geno         <\/h3>\n        <div class=\"products__list\">\n                                                <div class=\"product\">\n                        <div class=\"product__image\">\n                            <a href=\"https:\/\/www.biocollagenix.com\/es\/biocollagenix-en-tabletas-ovalette\/\"><img decoding=\"async\" src=\"https:\/\/www.biocollagenix.com\/wp-content\/uploads\/2019\/10\/ovalette.png\"><\/a>\n                        <\/div>\n                        <div class=\"product__name\">\n                            <a href=\"https:\/\/www.biocollagenix.com\/es\/biocollagenix-en-tabletas-ovalette\/\">Biocollagenix en tabletas ovalette<\/a>\n                        <\/div>\n                        <div class=\"product__excerpt\">\n                            Complemento alimenticio a base de Col\u00e1geno marino .                        <\/div>\n                    <\/div>\n                                                                <div class=\"product\">\n                        <div class=\"product__image\">\n                            <a href=\"https:\/\/www.biocollagenix.com\/es\/colageno-en-parches-oculares\/\"><img decoding=\"async\" src=\"https:\/\/www.biocollagenix.com\/wp-content\/uploads\/2019\/07\/eye-patch-collagene-biocollagenix-new.png\"><\/a>\n                        <\/div>\n                        <div class=\"product__name\">\n                            <a href=\"https:\/\/www.biocollagenix.com\/es\/colageno-en-parches-oculares\/\">Col\u00e1geno en parches oculares<\/a>\n                        <\/div>\n                        <div class=\"product__excerpt\">\n                            Col\u00e1geno en parches oculares: un producto para el tratamiento antiojeras                         <\/div>\n                    <\/div>\n                                                                <div class=\"product\">\n                        <div class=\"product__image\">\n                            <a href=\"https:\/\/www.biocollagenix.com\/es\/colageno-en-comprimidos\/\"><img decoding=\"async\" src=\"https:\/\/www.biocollagenix.com\/wp-content\/uploads\/2019\/07\/tavolette-collagene-biocollagenix-new.png\"><\/a>\n                        <\/div>\n                        <div class=\"product__name\">\n                            <a href=\"https:\/\/www.biocollagenix.com\/es\/colageno-en-comprimidos\/\">Col\u00e1geno en comprimidos<\/a>\n                        <\/div>\n                        <div class=\"product__excerpt\">\n                            Suplemento con base de col\u00e1geno marino hidrolizado en comprimidos                         <\/div>\n                    <\/div>\n                                                                <div class=\"product\">\n                        <div class=\"product__image\">\n                            <a href=\"https:\/\/www.biocollagenix.com\/es\/bebida-de-colageno\/\"><img decoding=\"async\" src=\"https:\/\/www.biocollagenix.com\/wp-content\/uploads\/2019\/07\/collagene-bere-new.png\"><\/a>\n                        <\/div>\n                        <div class=\"product__name\">\n                            <a href=\"https:\/\/www.biocollagenix.com\/es\/bebida-de-colageno\/\">Bebida de col\u00e1geno<\/a>\n                        <\/div>\n                        <div class=\"product__excerpt\">\n                            Col\u00e1geno en parches oculares: un producto para el tratamiento antiojeras                         <\/div>\n                    <\/div>\n                                    <\/div>\n    <\/div>\n<\/div>\n\n","protected":false},"excerpt":{"rendered":"","protected":false},"author":3,"featured_media":0,"parent":3063,"menu_order":0,"comment_status":"closed","ping_status":"closed","template":"","meta":{"kt_blocks_editor_width":"fullwidth","footnotes":""},"class_list":["post-3141","page","type-page","status-publish","hentry"],"_links":{"self":[{"href":"https:\/\/www.biocollagenix.com\/es\/wp-json\/wp\/v2\/pages\/3141"}],"collection":[{"href":"https:\/\/www.biocollagenix.com\/es\/wp-json\/wp\/v2\/pages"}],"about":[{"href":"https:\/\/www.biocollagenix.com\/es\/wp-json\/wp\/v2\/types\/page"}],"author":[{"embeddable":true,"href":"https:\/\/www.biocollagenix.com\/es\/wp-json\/wp\/v2\/users\/3"}],"replies":[{"embeddable":true,"href":"https:\/\/www.biocollagenix.com\/es\/wp-json\/wp\/v2\/comments?post=3141"}],"version-history":[{"count":7,"href":"https:\/\/www.biocollagenix.com\/es\/wp-json\/wp\/v2\/pages\/3141\/revisions"}],"predecessor-version":[{"id":4212,"href":"https:\/\/www.biocollagenix.com\/es\/wp-json\/wp\/v2\/pages\/3141\/revisions\/4212"}],"up":[{"embeddable":true,"href":"https:\/\/www.biocollagenix.com\/es\/wp-json\/wp\/v2\/pages\/3063"}],"wp:attachment":[{"href":"https:\/\/www.biocollagenix.com\/es\/wp-json\/wp\/v2\/media?parent=3141"}],"curies":[{"name":"wp","href":"https:\/\/api.w.org\/{rel}","templated":true}]}}