{"id":3133,"date":"2018-12-27T14:33:02","date_gmt":"2018-12-27T13:33:02","guid":{"rendered":"https:\/\/www.biocollagenix.com\/vantaggi-del-collagene\/benefici-del-collagene-in-polvere\/"},"modified":"2019-10-10T16:24:57","modified_gmt":"2019-10-10T14:24:57","slug":"ventajas-del-colageno-en-polvo","status":"publish","type":"page","link":"https:\/\/www.biocollagenix.com\/es\/ventajas-del-colageno\/ventajas-del-colageno-en-polvo\/","title":{"rendered":"Ventajas del col\u00e1geno en polvo"},"content":{"rendered":"<style id=\"kt-blocks_689718-78\">#kt-layout-id_689718-78{background-color:#6bb8d4;background-image:url('https:\/\/www.biocollagenix.com\/wp-content\/uploads\/2019\/01\/bg-h1-page.jpg');background-size:cover;background-position:center center;background-attachment:scroll;background-repeat:no-repeat;}#kt-layout-id_689718-78 > .kt-row-column-wrap{padding-top:0px;max-width:1170px;margin-left:auto;margin-right:auto;}<\/style>\n<div class=\"wp-block-kadence-rowlayout alignnone\"><div id=\"kt-layout-id_689718-78\" class=\"kt-row-layout-inner kt-row-has-bg kt-layout-id_689718-78\"><div class=\"kt-row-column-wrap kt-has-1-columns kt-gutter-default kt-row-valign-top kt-row-layout-equal kt-tab-layout-inherit kt-m-colapse-left-to-right kt-mobile-layout-row\">\n<div class=\"wp-block-kadence-column kadence-column2699 inner-column-1\"><div class=\"kt-inside-inner-col\">\t<div class=\"breadcrumb-container white\">\n\t\t<div class=\"breadcrumbs\">\n\t\t\t<span property=\"itemListElement\" typeof=\"ListItem\"><a property=\"item\" typeof=\"WebPage\" title=\"Ir a Inicio.\" href=\"https:\/\/www.biocollagenix.com\/es\/\" class=\"home\" aria-current=\"page\"><span property=\"name\">Inicio<\/span><\/a><meta property=\"position\" content=\"1\"><\/span>\t\t<\/div>\n\t<\/div>\n\n\n\n<style id=\"kt-blocks_971769-32\">#kt-adv-heading_971769-32, #kt-adv-heading_971769-32 .wp-block-kadence-advancedheading, .wp-block-kadence-advancedheading.kt-adv-heading_971769-32[data-kb-block=\"kb-adv-heading_971769-32\"], .kadence-advanced-heading-wrapper .kt-adv-heading_971769-32[data-kb-block=\"kb-adv-heading_971769-32\"]{color:#ffffff;margin-bottom:1em;}<\/style>\n<h1 id=\"kt-adv-heading_971769-32\" style=\"color:#ffffff;margin-bottom:1em\" class=\"wp-block-kadence-advancedheading\">Las ventajas y beneficios del col\u00e1geno en polvo<br\/><\/h1>\n\n\n\n<p style=\"color:#ffffff\" class=\"has-text-color\">El&nbsp;<strong>polvo de col\u00e1geno marino<\/strong>&nbsp;Biocollagenix se obtiene de las fuentes marinas de mayor calidad. Basta con echar una cucharada de polvo a un vaso de agua u otra bebida, como zumos y batidos, para obtener la dosis de nutrientes esenciales para una piel saludable.<br><\/p>\n<\/div><\/div>\n<\/div><\/div><\/div>\n\n\n<style id=\"kt-blocks_a0a11d-f6\">#kt-layout-id_a0a11d-f6{background-color:#eef9fb;background-image:url('https:\/\/www.biocollagenix.com\/wp-content\/uploads\/2019\/07\/bg-vantaggi-compresse-primo-fascione-new.jpg');background-size:cover;background-position:center center;background-attachment:scroll;background-repeat:no-repeat;}#kt-layout-id_a0a11d-f6 > .kt-row-column-wrap{padding-top:70px;padding-bottom:70px;padding-left:30px;padding-right:30px;min-height:700px;max-width:1170px;margin-left:auto;margin-right:auto;}@media all and (max-width: 767px){#kt-layout-id_a0a11d-f6 > .kt-row-column-wrap{padding-top:30px;padding-bottom:30px;}}<\/style>\n<div class=\"wp-block-kadence-rowlayout aligncenter hide-bg-mobile\"><div id=\"kt-layout-id_a0a11d-f6\" class=\"kt-row-layout-inner kt-row-has-bg kt-layout-id_a0a11d-f6\"><div class=\"kt-row-column-wrap kt-has-2-columns kt-gutter-default kt-row-valign-middle kt-row-layout-equal kt-tab-layout-inherit kt-m-colapse-left-to-right kt-mobile-layout-row\">\n<div class=\"wp-block-kadence-column kadence-column7149 inner-column-1\"><div class=\"kt-inside-inner-col\"><\/div><\/div>\n\n\n\n<div class=\"wp-block-kadence-column kadence-column1153 inner-column-2\"><div class=\"kt-inside-inner-col\">\n<figure class=\"wp-block-image hide-on-desk\"><img loading=\"lazy\" decoding=\"async\" width=\"560\" height=\"560\" src=\"https:\/\/www.biocollagenix.com\/wp-content\/uploads\/2019\/07\/vantaggi-collagene-polvere-mob-01-new.jpg\" alt=\"\" class=\"wp-image-2910\" srcset=\"https:\/\/www.biocollagenix.com\/wp-content\/uploads\/2019\/07\/vantaggi-collagene-polvere-mob-01-new.jpg 560w, https:\/\/www.biocollagenix.com\/wp-content\/uploads\/2019\/07\/vantaggi-collagene-polvere-mob-01-new-150x150.jpg 150w, https:\/\/www.biocollagenix.com\/wp-content\/uploads\/2019\/07\/vantaggi-collagene-polvere-mob-01-new-300x300.jpg 300w\" sizes=\"(max-width: 560px) 100vw, 560px\" \/><\/figure>\n\n\n\n<h2 id=\"kt-adv-heading_53b1fc-f4\" class=\"wp-block-kadence-advancedheading\">La eficacia de los nutricosm\u00e9ticos con col\u00e1geno marino<br\/><br\/><\/h2>\n\n\n\n<p>Los suplementos nutricosm\u00e9ticos para la piel (como&nbsp;<strong>Biocollagenix en polvo<\/strong>) pueden suministrar sustancias capaces de contrarrestar los radicales libres con una acci\u00f3n antioxidante y favorecen la integraci\u00f3n de los componentes cut\u00e1neos que han disminuido y resultan necesarios para la piel. La integraci\u00f3n con&nbsp;<strong>col\u00e1geno hidrolizado<\/strong>&nbsp;es fundamental para un aumento en la producci\u00f3n de&nbsp;<strong>col\u00e1geno y \u00e1cido hialur\u00f3nico<\/strong>&nbsp;en la dermis, con lo que se obtiene un alto grado de hidrataci\u00f3n cut\u00e1nea.<br><\/p>\n<\/div><\/div>\n<\/div><\/div><\/div>\n\n\n<style id=\"kt-blocks_92f331-8d\">#kt-layout-id_92f331-8d{background-color:#f1f3f2;background-image:url('https:\/\/www.biocollagenix.com\/wp-content\/uploads\/2019\/07\/bg-vantaggi-polvere-secondo-fascion-newe.jpg');background-size:cover;background-position:center center;background-attachment:scroll;background-repeat:no-repeat;}#kt-layout-id_92f331-8d > .kt-row-column-wrap{padding-top:70px;padding-bottom:70px;padding-left:30px;padding-right:30px;min-height:700px;max-width:1170px;margin-left:auto;margin-right:auto;}@media all and (max-width: 767px){#kt-layout-id_92f331-8d > .kt-row-column-wrap{padding-top:30px;padding-bottom:30px;}}<\/style>\n<div class=\"wp-block-kadence-rowlayout aligncenter hide-bg-mobile\"><div id=\"kt-layout-id_92f331-8d\" class=\"kt-row-layout-inner kt-row-has-bg kt-layout-id_92f331-8d\"><div class=\"kt-row-column-wrap kt-has-2-columns kt-gutter-default kt-row-valign-middle kt-row-layout-equal kt-tab-layout-inherit kt-m-colapse-left-to-right kt-mobile-layout-row\">\n<div class=\"wp-block-kadence-column kadence-column5459 inner-column-1\"><div class=\"kt-inside-inner-col\">\n<figure class=\"wp-block-image hide-on-desk\"><img loading=\"lazy\" decoding=\"async\" width=\"560\" height=\"560\" src=\"https:\/\/www.biocollagenix.com\/wp-content\/uploads\/2019\/07\/vantaggi-collagene-polvere-mob-0-new2.jpg\" alt=\"\" class=\"wp-image-2909\" srcset=\"https:\/\/www.biocollagenix.com\/wp-content\/uploads\/2019\/07\/vantaggi-collagene-polvere-mob-0-new2.jpg 560w, https:\/\/www.biocollagenix.com\/wp-content\/uploads\/2019\/07\/vantaggi-collagene-polvere-mob-0-new2-150x150.jpg 150w, https:\/\/www.biocollagenix.com\/wp-content\/uploads\/2019\/07\/vantaggi-collagene-polvere-mob-0-new2-300x300.jpg 300w\" sizes=\"(max-width: 560px) 100vw, 560px\" \/><\/figure>\n\n\n\n<h2 id=\"kt-adv-heading_65ad1e-f5\" class=\"wp-block-kadence-advancedheading\"> <br\/>Polvo de col\u00e1geno hidrolizado para combatir las arrugas<br\/><br\/><\/h2>\n\n\n\n<p>El col\u00e1geno es una prote\u00edna importante para la salud del cuerpo que contribuye a la formaci\u00f3n y el cuidado de la piel, los huesos, los dientes y las articulaciones. Con el paso de los a\u00f1os, el col\u00e1geno disminuye y las primeras consecuencias son inmediatamente visibles con&nbsp;<strong>aparici\u00f3n de arrugas en el cuello y el rostro<\/strong>. &nbsp;El&nbsp;<strong>polvo con base de col\u00e1geno hidrolizado<\/strong>&nbsp;ofrece dos grandes ventajas: puesto que&nbsp;<strong>combate el envejecimiento de la piel desde el interior<\/strong>, el problema se soluciona de ra\u00edz y las c\u00e9lulas cut\u00e1neas se restauran. Adem\u00e1s, puedes mezclarlo en agua u otras bebidas hechas con frutas y verduras, creando aut\u00e9nticos elixires de belleza para disfrutar durante el d\u00eda.&nbsp;<br><br><br><\/p>\n\n\n\n<div style=\"height:20px\" aria-hidden=\"true\" class=\"wp-block-spacer\"><\/div>\n\n\n<style id=\"kt-blocks_ea79bc-78\">.wp-block-kadence-advancedbtn.kt-btns_ea79bc-78 .kt-btn-wrap-0 .kt-button{padding-left:25px;padding-right:25px;padding-top:15px;padding-bottom:15px;color:#184489;font-size:15px;background:transparent;border-color:#184489;}.wp-block-kadence-advancedbtn.kt-btns_ea79bc-78 .kt-btn-wrap-0 .kt-button:hover, .wp-block-kadence-advancedbtn.kt-btns_ea79bc-78 .kt-btn-wrap-0 .kt-button:focus{color:#ffffff;border-color:#184489;}.wp-block-kadence-advancedbtn.kt-btns_ea79bc-78 .kt-btn-wrap-0 .kt-button::before{display:none;}.wp-block-kadence-advancedbtn.kt-btns_ea79bc-78 .kt-btn-wrap-0 .kt-button:hover, .wp-block-kadence-advancedbtn.kt-btns_ea79bc-78 .kt-btn-wrap-0 .kt-button:focus{background:#184489;}<\/style>\n<div class=\"wp-block-kadence-advancedbtn kt-btn-align-left kt-btns-wrap kt-btns_ea79bc-78\"><div class=\"kt-btn-wrap kt-btn-wrap-0\"><a class=\"kt-button kt-btn-0-action kt-btn-svg-show-always kt-btn-has-text-true kt-btn-has-svg-false\" href=\"https:\/\/www.biocollagenix.com\/es\/colageno-en-polvo\/\" target=\"_self\" style=\"font-size:15px;border-width:2px;padding-left:25px;padding-right:25px;padding-top:15px;padding-bottom:15px\"><span class=\"kt-btn-inner-text\">IR AL PRODUCTO<\/span><\/a><\/div><\/div>\n<\/div><\/div>\n\n\n\n<div class=\"wp-block-kadence-column kadence-column9958 inner-column-2\"><div class=\"kt-inside-inner-col\">\n<p><\/p>\n<\/div><\/div>\n<\/div><\/div><\/div>\n\n\n<style id=\"kt-blocks_c7af1b-8b\">#kt-layout-id_c7af1b-8b{background-color:#d7eaf8;background-image:url('https:\/\/www.biocollagenix.com\/wp-content\/uploads\/2019\/01\/bg-vantaggi-terzo-fascione.jpg');background-size:cover;background-position:center center;background-attachment:scroll;background-repeat:no-repeat;}#kt-layout-id_c7af1b-8b > .kt-row-column-wrap{padding-top:70px;padding-bottom:70px;padding-left:30px;padding-right:30px;min-height:700px;max-width:1170px;margin-left:auto;margin-right:auto;}@media all and (max-width: 767px){#kt-layout-id_c7af1b-8b > .kt-row-column-wrap{padding-top:30px;padding-bottom:30px;}}<\/style>\n<div class=\"wp-block-kadence-rowlayout aligncenter hide-bg-mobile\"><div id=\"kt-layout-id_c7af1b-8b\" class=\"kt-row-layout-inner kt-row-has-bg kt-layout-id_c7af1b-8b\"><div class=\"kt-row-column-wrap kt-has-2-columns kt-gutter-default kt-row-valign-middle kt-row-layout-equal kt-tab-layout-inherit kt-m-colapse-left-to-right kt-mobile-layout-row\">\n<div class=\"wp-block-kadence-column kadence-column6623 inner-column-1\"><div class=\"kt-inside-inner-col\">\n<p><\/p>\n<\/div><\/div>\n\n\n\n<div class=\"wp-block-kadence-column kadence-column7051 inner-column-2\"><div class=\"kt-inside-inner-col\">\n<figure class=\"wp-block-image is-resized hide-on-desk\"><img loading=\"lazy\" decoding=\"async\" src=\"https:\/\/www.biocollagenix.com\/wp-content\/uploads\/2019\/01\/vantaggi-collagene-bere-mob-03.jpg\" alt=\"\" class=\"wp-image-2428\" width=\"560\" height=\"560\" srcset=\"https:\/\/www.biocollagenix.com\/wp-content\/uploads\/2019\/01\/vantaggi-collagene-bere-mob-03.jpg 560w, https:\/\/www.biocollagenix.com\/wp-content\/uploads\/2019\/01\/vantaggi-collagene-bere-mob-03-150x150.jpg 150w, https:\/\/www.biocollagenix.com\/wp-content\/uploads\/2019\/01\/vantaggi-collagene-bere-mob-03-300x300.jpg 300w\" sizes=\"(max-width: 560px) 100vw, 560px\" \/><\/figure>\n\n\n\n<h2 id=\"kt-adv-heading_af75d0-ee\" class=\"wp-block-kadence-advancedheading\">Prev\u00e9n las arrugas y tonifica la piel<br\/><\/h2>\n\n\n\n<p>Las propiedades de los ingredientes de los&nbsp;<strong>suplementos nutricosm\u00e9ticos<\/strong>&nbsp;ayudan a mantener la densidad, mejorar la hidrataci\u00f3n,&nbsp;<strong>disminuir la profundidad de las arrugas<\/strong>, obtener un mayor brillo y uniformizar la pigmentaci\u00f3n.&nbsp;<br><\/p>\n\n\n\n<p><strong>El col\u00e1geno, el \u00e1cido hialur\u00f3nico<\/strong>, las vitaminas y los antioxidantes son los ingredientes principales, cuyos beneficios pueden ser evidentes a partir de los primeros ciclos de tratamiento. &nbsp;El uso de suplementos con col\u00e1geno hidrolizado tiene efectos&nbsp;beneficiosos para las articulaciones, adem\u00e1s de mostrar actividad antioxidante y propiedades antihipertensivas.&nbsp;El uso constante de un&nbsp;<strong>suplemento con base de col\u00e1geno marino<\/strong>&nbsp;puede facilitar el alisado eficaz de las arrugas finas, con lo que se mejora visiblemente la firmeza de la epidermis.<br><\/p>\n\n\n\n<div style=\"height:20px\" aria-hidden=\"true\" class=\"wp-block-spacer\"><\/div>\n\n\n<style id=\"kt-blocks_61ceae-4a\">.wp-block-kadence-advancedbtn.kt-btns_61ceae-4a .kt-btn-wrap-0 .kt-button{padding-left:25px;padding-right:25px;padding-top:15px;padding-bottom:15px;color:#184489;font-size:15px;background:transparent;border-color:#184489;}.wp-block-kadence-advancedbtn.kt-btns_61ceae-4a .kt-btn-wrap-0 .kt-button:hover, .wp-block-kadence-advancedbtn.kt-btns_61ceae-4a .kt-btn-wrap-0 .kt-button:focus{color:#ffffff;border-color:#184489;}.wp-block-kadence-advancedbtn.kt-btns_61ceae-4a .kt-btn-wrap-0 .kt-button::before{display:none;}.wp-block-kadence-advancedbtn.kt-btns_61ceae-4a .kt-btn-wrap-0 .kt-button:hover, .wp-block-kadence-advancedbtn.kt-btns_61ceae-4a .kt-btn-wrap-0 .kt-button:focus{background:#184489;}<\/style>\n<div class=\"wp-block-kadence-advancedbtn kt-btn-align-left kt-btns-wrap kt-btns_61ceae-4a\"><div class=\"kt-btn-wrap kt-btn-wrap-0\"><a class=\"kt-button kt-btn-0-action kt-btn-svg-show-always kt-btn-has-text-true kt-btn-has-svg-false\" href=\"https:\/\/www.biocollagenix.com\/es\/envejecimiento-cutaneo\/los-principios-naturales\/\" target=\"_self\" style=\"font-size:15px;border-width:2px;padding-left:25px;padding-right:25px;padding-top:15px;padding-bottom:15px\"><span class=\"kt-btn-inner-text\">INF\u00d3RMATE SOBRE LOS PRINCIPIOS ACTIVOS<\/span><\/a><\/div><\/div>\n<\/div><\/div>\n<\/div><\/div><\/div>\n\n\n<div class=\"products\">\n    <div class=\"container\">\n        <h3 class=\"products__title\">\n            Descubre los productos de col\u00e1geno         <\/h3>\n        <div class=\"products__list\">\n                                                <div class=\"product\">\n                        <div class=\"product__image\">\n                            <a href=\"https:\/\/www.biocollagenix.com\/es\/biocollagenix-en-tabletas-ovalette\/\"><img decoding=\"async\" src=\"https:\/\/www.biocollagenix.com\/wp-content\/uploads\/2019\/10\/ovalette.png\"><\/a>\n                        <\/div>\n                        <div class=\"product__name\">\n                            <a href=\"https:\/\/www.biocollagenix.com\/es\/biocollagenix-en-tabletas-ovalette\/\">Biocollagenix en tabletas ovalette<\/a>\n                        <\/div>\n                        <div class=\"product__excerpt\">\n                            Complemento alimenticio a base de Col\u00e1geno marino .                        <\/div>\n                    <\/div>\n                                                                <div class=\"product\">\n                        <div class=\"product__image\">\n                            <a href=\"https:\/\/www.biocollagenix.com\/es\/colageno-en-parches-oculares\/\"><img decoding=\"async\" src=\"https:\/\/www.biocollagenix.com\/wp-content\/uploads\/2019\/07\/eye-patch-collagene-biocollagenix-new.png\"><\/a>\n                        <\/div>\n                        <div class=\"product__name\">\n                            <a href=\"https:\/\/www.biocollagenix.com\/es\/colageno-en-parches-oculares\/\">Col\u00e1geno en parches oculares<\/a>\n                        <\/div>\n                        <div class=\"product__excerpt\">\n                            Col\u00e1geno en parches oculares: un producto para el tratamiento antiojeras                         <\/div>\n                    <\/div>\n                                                                <div class=\"product\">\n                        <div class=\"product__image\">\n                            <a href=\"https:\/\/www.biocollagenix.com\/es\/colageno-en-comprimidos\/\"><img decoding=\"async\" src=\"https:\/\/www.biocollagenix.com\/wp-content\/uploads\/2019\/07\/tavolette-collagene-biocollagenix-new.png\"><\/a>\n                        <\/div>\n                        <div class=\"product__name\">\n                            <a href=\"https:\/\/www.biocollagenix.com\/es\/colageno-en-comprimidos\/\">Col\u00e1geno en comprimidos<\/a>\n                        <\/div>\n                        <div class=\"product__excerpt\">\n                            Suplemento con base de col\u00e1geno marino hidrolizado en comprimidos                         <\/div>\n                    <\/div>\n                                                                <div class=\"product\">\n                        <div class=\"product__image\">\n                            <a href=\"https:\/\/www.biocollagenix.com\/es\/bebida-de-colageno\/\"><img decoding=\"async\" src=\"https:\/\/www.biocollagenix.com\/wp-content\/uploads\/2019\/07\/collagene-bere-new.png\"><\/a>\n                        <\/div>\n                        <div class=\"product__name\">\n                            <a href=\"https:\/\/www.biocollagenix.com\/es\/bebida-de-colageno\/\">Bebida de col\u00e1geno<\/a>\n                        <\/div>\n                        <div class=\"product__excerpt\">\n                            Col\u00e1geno en parches oculares: un producto para el tratamiento antiojeras                         <\/div>\n                    <\/div>\n                                    <\/div>\n    <\/div>\n<\/div>\n\n","protected":false},"excerpt":{"rendered":"","protected":false},"author":4,"featured_media":0,"parent":3063,"menu_order":0,"comment_status":"closed","ping_status":"closed","template":"","meta":{"kt_blocks_editor_width":"fullwidth","footnotes":""},"class_list":["post-3133","page","type-page","status-publish","hentry"],"_links":{"self":[{"href":"https:\/\/www.biocollagenix.com\/es\/wp-json\/wp\/v2\/pages\/3133"}],"collection":[{"href":"https:\/\/www.biocollagenix.com\/es\/wp-json\/wp\/v2\/pages"}],"about":[{"href":"https:\/\/www.biocollagenix.com\/es\/wp-json\/wp\/v2\/types\/page"}],"author":[{"embeddable":true,"href":"https:\/\/www.biocollagenix.com\/es\/wp-json\/wp\/v2\/users\/4"}],"replies":[{"embeddable":true,"href":"https:\/\/www.biocollagenix.com\/es\/wp-json\/wp\/v2\/comments?post=3133"}],"version-history":[{"count":4,"href":"https:\/\/www.biocollagenix.com\/es\/wp-json\/wp\/v2\/pages\/3133\/revisions"}],"predecessor-version":[{"id":4217,"href":"https:\/\/www.biocollagenix.com\/es\/wp-json\/wp\/v2\/pages\/3133\/revisions\/4217"}],"up":[{"embeddable":true,"href":"https:\/\/www.biocollagenix.com\/es\/wp-json\/wp\/v2\/pages\/3063"}],"wp:attachment":[{"href":"https:\/\/www.biocollagenix.com\/es\/wp-json\/wp\/v2\/media?parent=3133"}],"curies":[{"name":"wp","href":"https:\/\/api.w.org\/{rel}","templated":true}]}}