{"id":3129,"date":"2018-12-27T14:32:44","date_gmt":"2018-12-27T13:32:44","guid":{"rendered":"https:\/\/www.biocollagenix.com\/vantaggi-del-collagene\/benefici-del-collagene-in-compresse\/"},"modified":"2019-10-10T16:23:25","modified_gmt":"2019-10-10T14:23:25","slug":"ventajas-del-colageno-en-comprimidos","status":"publish","type":"page","link":"https:\/\/www.biocollagenix.com\/es\/ventajas-del-colageno\/ventajas-del-colageno-en-comprimidos\/","title":{"rendered":"Ventajas del col\u00e1geno en comprimidos"},"content":{"rendered":"<style id=\"kt-blocks_7c2c83-4b\">#kt-layout-id_7c2c83-4b{background-color:#6bb8d4;background-image:url('https:\/\/www.biocollagenix.com\/wp-content\/uploads\/2019\/01\/bg-h1-page.jpg');background-size:cover;background-position:center center;background-attachment:scroll;background-repeat:no-repeat;}#kt-layout-id_7c2c83-4b > .kt-row-column-wrap{padding-top:0px;max-width:1170px;margin-left:auto;margin-right:auto;}<\/style>\n<div class=\"wp-block-kadence-rowlayout alignnone\"><div id=\"kt-layout-id_7c2c83-4b\" class=\"kt-row-layout-inner kt-row-has-bg kt-layout-id_7c2c83-4b\"><div class=\"kt-row-column-wrap kt-has-1-columns kt-gutter-default kt-row-valign-top kt-row-layout-equal kt-tab-layout-inherit kt-m-colapse-left-to-right kt-mobile-layout-row\">\n<div class=\"wp-block-kadence-column kadence-column7215 inner-column-1\"><div class=\"kt-inside-inner-col\">\t<div class=\"breadcrumb-container white\">\n\t\t<div class=\"breadcrumbs\">\n\t\t\t<span property=\"itemListElement\" typeof=\"ListItem\"><a property=\"item\" typeof=\"WebPage\" title=\"Ir a Inicio.\" href=\"https:\/\/www.biocollagenix.com\/es\/\" class=\"home\" aria-current=\"page\"><span property=\"name\">Inicio<\/span><\/a><meta property=\"position\" content=\"1\"><\/span>\t\t<\/div>\n\t<\/div>\n\n\n\n<style id=\"kt-blocks_8bdb24-eb\">#kt-adv-heading_8bdb24-eb, #kt-adv-heading_8bdb24-eb .wp-block-kadence-advancedheading, .wp-block-kadence-advancedheading.kt-adv-heading_8bdb24-eb[data-kb-block=\"kb-adv-heading_8bdb24-eb\"], .kadence-advanced-heading-wrapper .kt-adv-heading_8bdb24-eb[data-kb-block=\"kb-adv-heading_8bdb24-eb\"]{color:#ffffff;margin-bottom:1em;}<\/style>\n<h1 id=\"kt-adv-heading_8bdb24-eb\" style=\"color:#ffffff;margin-bottom:1em\" class=\"wp-block-kadence-advancedheading\">Las ventajas y beneficios del col\u00e1geno en comprimidos<br\/><\/h1>\n\n\n\n<p style=\"color:#ffffff\" class=\"has-text-color\">Hoy en d\u00eda, el&nbsp;<strong>col\u00e1geno en comprimidos<\/strong>&nbsp;es la soluci\u00f3n m\u00e1s elegida entre los&nbsp;<strong>remedios antienvejecimiento y antiarrugas<\/strong>. Los comprimidos de Biocollagenix, con base de col\u00e1geno marino hidrolizado, resultan id\u00f3neos para estimular la elasticidad de la piel y la renovaci\u00f3n celular.<br><\/p>\n<\/div><\/div>\n<\/div><\/div><\/div>\n\n\n<style id=\"kt-blocks_d2ed4e-f4\">#kt-layout-id_d2ed4e-f4{background-color:#eef9fb;background-image:url('https:\/\/www.biocollagenix.com\/wp-content\/uploads\/2019\/07\/bg-vantaggi-compresse-primo-fascione-1-new2.jpg');background-size:cover;background-position:center center;background-attachment:scroll;background-repeat:no-repeat;}#kt-layout-id_d2ed4e-f4 > .kt-row-column-wrap{padding-top:70px;padding-bottom:70px;padding-left:30px;padding-right:30px;min-height:700px;max-width:1170px;margin-left:auto;margin-right:auto;}@media all and (max-width: 767px){#kt-layout-id_d2ed4e-f4 > .kt-row-column-wrap{padding-top:30px;padding-bottom:30px;}}<\/style>\n<div class=\"wp-block-kadence-rowlayout aligncenter hide-bg-mobile\"><div id=\"kt-layout-id_d2ed4e-f4\" class=\"kt-row-layout-inner kt-row-has-bg kt-layout-id_d2ed4e-f4\"><div class=\"kt-row-column-wrap kt-has-2-columns kt-gutter-default kt-row-valign-middle kt-row-layout-equal kt-tab-layout-inherit kt-m-colapse-left-to-right kt-mobile-layout-row\">\n<div class=\"wp-block-kadence-column kadence-column4625 inner-column-1\"><div class=\"kt-inside-inner-col\"><\/div><\/div>\n\n\n\n<div class=\"wp-block-kadence-column kadence-column4960 inner-column-2\"><div class=\"kt-inside-inner-col\">\n<figure class=\"wp-block-image hide-on-desk\"><img loading=\"lazy\" decoding=\"async\" width=\"560\" height=\"560\" src=\"https:\/\/www.biocollagenix.com\/wp-content\/uploads\/2019\/07\/vantaggi-collagene-compresse-mob-01-new.jpg\" alt=\"\" class=\"wp-image-2915\" srcset=\"https:\/\/www.biocollagenix.com\/wp-content\/uploads\/2019\/07\/vantaggi-collagene-compresse-mob-01-new.jpg 560w, https:\/\/www.biocollagenix.com\/wp-content\/uploads\/2019\/07\/vantaggi-collagene-compresse-mob-01-new-150x150.jpg 150w, https:\/\/www.biocollagenix.com\/wp-content\/uploads\/2019\/07\/vantaggi-collagene-compresse-mob-01-new-300x300.jpg 300w\" sizes=\"(max-width: 560px) 100vw, 560px\" \/><\/figure>\n\n\n\n<h2 id=\"kt-adv-heading_7110ec-f8\" class=\"wp-block-kadence-advancedheading\">El col\u00e1geno marino: tu soluci\u00f3n antienvejecimiento<br\/><\/h2>\n\n\n\n<p>A partir de los 30&nbsp;a\u00f1os, la piel comienza a perder su tono y elasticidad. Por esta raz\u00f3n, actuar a tiempo es la mejor soluci\u00f3n para conservar una piel sana y joven. Sin embargo, no basta con un tratamiento cosm\u00e9tico externo para regenerar la piel: el secreto est\u00e1 en recurrir a un remedio que tambi\u00e9n act\u00fae desde dentro. Los&nbsp;<strong>comprimidos con base de col\u00e1geno marino<\/strong>&nbsp;tienen un efecto m\u00e1s duradero y profundo. &nbsp;La ingesta oral ayuda a reconstruir la estructura de las c\u00e9lulas desde el interior, contrarrestando las arrugas y restaurando la base de los tejidos cut\u00e1neos.<br><\/p>\n<\/div><\/div>\n<\/div><\/div><\/div>\n\n\n<style id=\"kt-blocks_d2a86d-b7\">#kt-layout-id_d2a86d-b7{background-color:#f1f3f2;background-image:url('https:\/\/www.biocollagenix.com\/wp-content\/uploads\/2019\/07\/bg-vantaggi-compresse-secondo-fascione-new.jpg');background-size:cover;background-position:center center;background-attachment:scroll;background-repeat:no-repeat;}#kt-layout-id_d2a86d-b7 > .kt-row-column-wrap{padding-top:70px;padding-bottom:70px;padding-left:30px;padding-right:30px;min-height:700px;max-width:1170px;margin-left:auto;margin-right:auto;}@media all and (max-width: 767px){#kt-layout-id_d2a86d-b7 > .kt-row-column-wrap{padding-top:30px;padding-bottom:30px;}}<\/style>\n<div class=\"wp-block-kadence-rowlayout aligncenter hide-bg-mobile\"><div id=\"kt-layout-id_d2a86d-b7\" class=\"kt-row-layout-inner kt-row-has-bg kt-layout-id_d2a86d-b7\"><div class=\"kt-row-column-wrap kt-has-2-columns kt-gutter-default kt-row-valign-middle kt-row-layout-equal kt-tab-layout-inherit kt-m-colapse-left-to-right kt-mobile-layout-row\">\n<div class=\"wp-block-kadence-column kadence-column1091 inner-column-1\"><div class=\"kt-inside-inner-col\">\n<figure class=\"wp-block-image hide-on-desk\"><img loading=\"lazy\" decoding=\"async\" width=\"560\" height=\"560\" src=\"https:\/\/www.biocollagenix.com\/wp-content\/uploads\/2019\/07\/vantaggi-collagene-compresse-mob-02-new.jpg\" alt=\"\" class=\"wp-image-2916\" srcset=\"https:\/\/www.biocollagenix.com\/wp-content\/uploads\/2019\/07\/vantaggi-collagene-compresse-mob-02-new.jpg 560w, https:\/\/www.biocollagenix.com\/wp-content\/uploads\/2019\/07\/vantaggi-collagene-compresse-mob-02-new-150x150.jpg 150w, https:\/\/www.biocollagenix.com\/wp-content\/uploads\/2019\/07\/vantaggi-collagene-compresse-mob-02-new-300x300.jpg 300w\" sizes=\"(max-width: 560px) 100vw, 560px\" \/><\/figure>\n\n\n\n<h2 id=\"kt-adv-heading_7d820a-bf\" class=\"wp-block-kadence-advancedheading\">La eficacia de los comprimidos con col\u00e1geno marino hidrolizado<br\/><\/h2>\n\n\n\n<p>El col\u00e1geno es la prote\u00edna principal del tejido conectivo del cuerpo. Existen muchos tipos de col\u00e1geno en el cuerpo humano: el 75&nbsp;% de la piel est\u00e1 compuesta por los tipos&nbsp;I y&nbsp;III, que garantizan&nbsp;<strong>el tono, la elasticidad y la resistencia de la piel<\/strong>. En concreto, el m\u00e1s abundante es el col\u00e1geno tipo&nbsp;III, pero ese es precisamente el primero en disminuir con la edad. Por esta raz\u00f3n, conservarlo es muy importante si se desea mantener una piel joven y saludable o restaurar la elasticidad cut\u00e1nea.&nbsp;<br><\/p>\n\n\n\n<div style=\"height:20px\" aria-hidden=\"true\" class=\"wp-block-spacer\"><\/div>\n\n\n<style id=\"kt-blocks_184f12-9f\">.wp-block-kadence-advancedbtn.kt-btns_184f12-9f .kt-btn-wrap-0 .kt-button{padding-left:25px;padding-right:25px;padding-top:15px;padding-bottom:15px;color:#184489;font-size:15px;background:transparent;border-color:#184489;}.wp-block-kadence-advancedbtn.kt-btns_184f12-9f .kt-btn-wrap-0 .kt-button:hover, .wp-block-kadence-advancedbtn.kt-btns_184f12-9f .kt-btn-wrap-0 .kt-button:focus{color:#ffffff;border-color:#184489;}.wp-block-kadence-advancedbtn.kt-btns_184f12-9f .kt-btn-wrap-0 .kt-button::before{display:none;}.wp-block-kadence-advancedbtn.kt-btns_184f12-9f .kt-btn-wrap-0 .kt-button:hover, .wp-block-kadence-advancedbtn.kt-btns_184f12-9f .kt-btn-wrap-0 .kt-button:focus{background:#184489;}<\/style>\n<div class=\"wp-block-kadence-advancedbtn kt-btn-align-left kt-btns-wrap kt-btns_184f12-9f\"><div class=\"kt-btn-wrap kt-btn-wrap-0\"><a class=\"kt-button kt-btn-0-action kt-btn-svg-show-always kt-btn-has-text-true kt-btn-has-svg-false\" href=\"https:\/\/www.biocollagenix.com\/es\/colageno-en-comprimidos\/\" target=\"_self\" style=\"font-size:15px;border-width:2px;padding-left:25px;padding-right:25px;padding-top:15px;padding-bottom:15px\"><span class=\"kt-btn-inner-text\">IR AL PRODUCTO<\/span><\/a><\/div><\/div>\n<\/div><\/div>\n\n\n\n<div class=\"wp-block-kadence-column kadence-column1892 inner-column-2\"><div class=\"kt-inside-inner-col\">\n<p><\/p>\n<\/div><\/div>\n<\/div><\/div><\/div>\n\n\n<style id=\"kt-blocks_acc703-b0\">#kt-layout-id_acc703-b0{background-color:#e8ded6;background-image:url('https:\/\/www.biocollagenix.com\/wp-content\/uploads\/2018\/12\/slider-02.jpg');background-size:cover;background-position:center center;background-attachment:scroll;background-repeat:no-repeat;}#kt-layout-id_acc703-b0 > .kt-row-column-wrap{padding-top:70px;padding-bottom:70px;padding-left:30px;padding-right:30px;min-height:700px;max-width:1170px;margin-left:auto;margin-right:auto;}@media all and (max-width: 767px){#kt-layout-id_acc703-b0 > .kt-row-column-wrap{padding-top:30px;padding-bottom:30px;}}<\/style>\n<div class=\"wp-block-kadence-rowlayout aligncenter hide-bg-mobile\"><div id=\"kt-layout-id_acc703-b0\" class=\"kt-row-layout-inner kt-row-has-bg kt-layout-id_acc703-b0\"><div class=\"kt-row-column-wrap kt-has-2-columns kt-gutter-default kt-row-valign-middle kt-row-layout-equal kt-tab-layout-inherit kt-m-colapse-left-to-right kt-mobile-layout-row\">\n<div class=\"wp-block-kadence-column kadence-column5221 inner-column-1\"><div class=\"kt-inside-inner-col\">\n<p><\/p>\n<\/div><\/div>\n\n\n\n<div class=\"wp-block-kadence-column kadence-column8724 inner-column-2\"><div class=\"kt-inside-inner-col\">\n<figure class=\"wp-block-image is-resized hide-on-desk\"><img loading=\"lazy\" decoding=\"async\" src=\"https:\/\/www.biocollagenix.com\/wp-content\/uploads\/2019\/01\/vantaggi-collagene-compresse-mob-03.jpg\" alt=\"\" class=\"wp-image-2433\" width=\"560\" height=\"560\" srcset=\"https:\/\/www.biocollagenix.com\/wp-content\/uploads\/2019\/01\/vantaggi-collagene-compresse-mob-03.jpg 560w, https:\/\/www.biocollagenix.com\/wp-content\/uploads\/2019\/01\/vantaggi-collagene-compresse-mob-03-150x150.jpg 150w, https:\/\/www.biocollagenix.com\/wp-content\/uploads\/2019\/01\/vantaggi-collagene-compresse-mob-03-300x300.jpg 300w\" sizes=\"(max-width: 560px) 100vw, 560px\" \/><\/figure>\n\n\n\n<h2 id=\"kt-adv-heading_d1efda-5c\" class=\"wp-block-kadence-advancedheading\">Prev\u00e9n las arrugas y tonifica la piel<br\/><\/h2>\n\n\n\n<p>Los&nbsp;<strong>suplementos nutricosm\u00e9ticos para la piel<\/strong>&nbsp;pueden suministrar sustancias capaces de contrarrestar los radicales libres con una acci\u00f3n antioxidante, adem\u00e1s de favorecer la integraci\u00f3n de los componentes cut\u00e1neos que han disminuido y resultan necesarios para la piel.<br><\/p>\n\n\n\n<p>Para aportar beneficios al organismo, es necesario que un compuesto tomado por v\u00eda oral sea capaz de superar la barrera intestinal y, a trav\u00e9s del torrente sangu\u00edneo, llegar a las partes del cuerpo donde se acumula o se emplea en los procesos metab\u00f3licos. Varios estudios han demostrado que el col\u00e1geno hidrolizado tiene la capacidad de cruzar la barrera intestinal. La mezcla equilibrada de ingredientes naturales y s\u00edntesis que caracteriza a Biocollagenix ayuda a&nbsp;<strong>proteger contra los da\u00f1os causados por el envejecimiento, mejorar la hidrataci\u00f3n de la piel y aclarar la pigmentaci\u00f3n<\/strong>.<br><\/p>\n\n\n\n<div style=\"height:20px\" aria-hidden=\"true\" class=\"wp-block-spacer\"><\/div>\n\n\n<style id=\"kt-blocks_a1abda-af\">.wp-block-kadence-advancedbtn.kt-btns_a1abda-af .kt-btn-wrap-0 .kt-button{padding-left:25px;padding-right:25px;padding-top:15px;padding-bottom:15px;color:#184489;font-size:15px;background:transparent;border-color:#184489;}.wp-block-kadence-advancedbtn.kt-btns_a1abda-af .kt-btn-wrap-0 .kt-button:hover, .wp-block-kadence-advancedbtn.kt-btns_a1abda-af .kt-btn-wrap-0 .kt-button:focus{color:#ffffff;border-color:#184489;}.wp-block-kadence-advancedbtn.kt-btns_a1abda-af .kt-btn-wrap-0 .kt-button::before{display:none;}.wp-block-kadence-advancedbtn.kt-btns_a1abda-af .kt-btn-wrap-0 .kt-button:hover, .wp-block-kadence-advancedbtn.kt-btns_a1abda-af .kt-btn-wrap-0 .kt-button:focus{background:#184489;}<\/style>\n<div class=\"wp-block-kadence-advancedbtn kt-btn-align-left kt-btns-wrap kt-btns_a1abda-af\"><div class=\"kt-btn-wrap kt-btn-wrap-0\"><a class=\"kt-button kt-btn-0-action kt-btn-svg-show-always kt-btn-has-text-true kt-btn-has-svg-false\" href=\"https:\/\/www.biocollagenix.com\/es\/envejecimiento-cutaneo\/los-principios-naturales\/\" target=\"_self\" style=\"font-size:15px;border-width:2px;padding-left:25px;padding-right:25px;padding-top:15px;padding-bottom:15px\"><span class=\"kt-btn-inner-text\">INF\u00d3RMATE SOBRE LOS PRINCIPIOS ACTIVOS<\/span><\/a><\/div><\/div>\n<\/div><\/div>\n<\/div><\/div><\/div>\n\n\n<div class=\"products\">\n    <div class=\"container\">\n        <h3 class=\"products__title\">\n            Descubre los productos de col\u00e1geno         <\/h3>\n        <div class=\"products__list\">\n                                                <div class=\"product\">\n                        <div class=\"product__image\">\n                            <a href=\"https:\/\/www.biocollagenix.com\/es\/biocollagenix-en-tabletas-ovalette\/\"><img decoding=\"async\" src=\"https:\/\/www.biocollagenix.com\/wp-content\/uploads\/2019\/10\/ovalette.png\"><\/a>\n                        <\/div>\n                        <div class=\"product__name\">\n                            <a href=\"https:\/\/www.biocollagenix.com\/es\/biocollagenix-en-tabletas-ovalette\/\">Biocollagenix en tabletas ovalette<\/a>\n                        <\/div>\n                        <div class=\"product__excerpt\">\n                            Complemento alimenticio a base de Col\u00e1geno marino .                        <\/div>\n                    <\/div>\n                                                                <div class=\"product\">\n                        <div class=\"product__image\">\n                            <a href=\"https:\/\/www.biocollagenix.com\/es\/colageno-en-parches-oculares\/\"><img decoding=\"async\" src=\"https:\/\/www.biocollagenix.com\/wp-content\/uploads\/2019\/07\/eye-patch-collagene-biocollagenix-new.png\"><\/a>\n                        <\/div>\n                        <div class=\"product__name\">\n                            <a href=\"https:\/\/www.biocollagenix.com\/es\/colageno-en-parches-oculares\/\">Col\u00e1geno en parches oculares<\/a>\n                        <\/div>\n                        <div class=\"product__excerpt\">\n                            Col\u00e1geno en parches oculares: un producto para el tratamiento antiojeras                         <\/div>\n                    <\/div>\n                                                                <div class=\"product\">\n                        <div class=\"product__image\">\n                            <a href=\"https:\/\/www.biocollagenix.com\/es\/colageno-en-comprimidos\/\"><img decoding=\"async\" src=\"https:\/\/www.biocollagenix.com\/wp-content\/uploads\/2019\/07\/tavolette-collagene-biocollagenix-new.png\"><\/a>\n                        <\/div>\n                        <div class=\"product__name\">\n                            <a href=\"https:\/\/www.biocollagenix.com\/es\/colageno-en-comprimidos\/\">Col\u00e1geno en comprimidos<\/a>\n                        <\/div>\n                        <div class=\"product__excerpt\">\n                            Suplemento con base de col\u00e1geno marino hidrolizado en comprimidos                         <\/div>\n                    <\/div>\n                                                                <div class=\"product\">\n                        <div class=\"product__image\">\n                            <a href=\"https:\/\/www.biocollagenix.com\/es\/bebida-de-colageno\/\"><img decoding=\"async\" src=\"https:\/\/www.biocollagenix.com\/wp-content\/uploads\/2019\/07\/collagene-bere-new.png\"><\/a>\n                        <\/div>\n                        <div class=\"product__name\">\n                            <a href=\"https:\/\/www.biocollagenix.com\/es\/bebida-de-colageno\/\">Bebida de col\u00e1geno<\/a>\n                        <\/div>\n                        <div class=\"product__excerpt\">\n                            Col\u00e1geno en parches oculares: un producto para el tratamiento antiojeras                         <\/div>\n                    <\/div>\n                                    <\/div>\n    <\/div>\n<\/div>\n\n","protected":false},"excerpt":{"rendered":"","protected":false},"author":4,"featured_media":0,"parent":3063,"menu_order":0,"comment_status":"closed","ping_status":"closed","template":"","meta":{"kt_blocks_editor_width":"fullwidth","footnotes":""},"class_list":["post-3129","page","type-page","status-publish","hentry"],"_links":{"self":[{"href":"https:\/\/www.biocollagenix.com\/es\/wp-json\/wp\/v2\/pages\/3129"}],"collection":[{"href":"https:\/\/www.biocollagenix.com\/es\/wp-json\/wp\/v2\/pages"}],"about":[{"href":"https:\/\/www.biocollagenix.com\/es\/wp-json\/wp\/v2\/types\/page"}],"author":[{"embeddable":true,"href":"https:\/\/www.biocollagenix.com\/es\/wp-json\/wp\/v2\/users\/4"}],"replies":[{"embeddable":true,"href":"https:\/\/www.biocollagenix.com\/es\/wp-json\/wp\/v2\/comments?post=3129"}],"version-history":[{"count":5,"href":"https:\/\/www.biocollagenix.com\/es\/wp-json\/wp\/v2\/pages\/3129\/revisions"}],"predecessor-version":[{"id":4215,"href":"https:\/\/www.biocollagenix.com\/es\/wp-json\/wp\/v2\/pages\/3129\/revisions\/4215"}],"up":[{"embeddable":true,"href":"https:\/\/www.biocollagenix.com\/es\/wp-json\/wp\/v2\/pages\/3063"}],"wp:attachment":[{"href":"https:\/\/www.biocollagenix.com\/es\/wp-json\/wp\/v2\/media?parent=3129"}],"curies":[{"name":"wp","href":"https:\/\/api.w.org\/{rel}","templated":true}]}}