{"id":3125,"date":"2017-01-24T11:51:03","date_gmt":"2017-01-24T10:51:03","guid":{"rendered":"https:\/\/www.biocollagenix.com\/stop-allinvecchiamento\/cause-invecchiamento-della-pelle\/"},"modified":"2019-10-10T16:16:58","modified_gmt":"2019-10-10T14:16:58","slug":"por-que-envejece-la-piel","status":"publish","type":"page","link":"https:\/\/www.biocollagenix.com\/es\/envejecimiento-cutaneo\/por-que-envejece-la-piel\/","title":{"rendered":"Por qu\u00e9 envejece la piel"},"content":{"rendered":"<style id=\"kt-blocks_45c729-08\">#kt-layout-id_45c729-08{background-color:#6bb8d4;background-image:url('https:\/\/www.biocollagenix.com\/wp-content\/uploads\/2019\/01\/bg-h1-page.jpg');background-size:cover;background-position:center center;background-attachment:scroll;background-repeat:no-repeat;}#kt-layout-id_45c729-08 > .kt-row-column-wrap{padding-top:0px;max-width:1170px;margin-left:auto;margin-right:auto;}<\/style>\n<div class=\"wp-block-kadence-rowlayout alignnone\"><div id=\"kt-layout-id_45c729-08\" class=\"kt-row-layout-inner kt-row-has-bg kt-layout-id_45c729-08\"><div class=\"kt-row-column-wrap kt-has-1-columns kt-gutter-default kt-row-valign-top kt-row-layout-equal kt-tab-layout-inherit kt-m-colapse-left-to-right kt-mobile-layout-row\">\n<div class=\"wp-block-kadence-column kadence-column7682 inner-column-1\"><div class=\"kt-inside-inner-col\">\t<div class=\"breadcrumb-container white\">\n\t\t<div class=\"breadcrumbs\">\n\t\t\t<span property=\"itemListElement\" typeof=\"ListItem\"><a property=\"item\" typeof=\"WebPage\" title=\"Ir a Inicio.\" href=\"https:\/\/www.biocollagenix.com\/es\/\" class=\"home\" aria-current=\"page\"><span property=\"name\">Inicio<\/span><\/a><meta property=\"position\" content=\"1\"><\/span>\t\t<\/div>\n\t<\/div>\n\n\n\n<style id=\"kt-blocks_004bf9-26\">#kt-adv-heading_004bf9-26, #kt-adv-heading_004bf9-26 .wp-block-kadence-advancedheading, .wp-block-kadence-advancedheading.kt-adv-heading_004bf9-26[data-kb-block=\"kb-adv-heading_004bf9-26\"], .kadence-advanced-heading-wrapper .kt-adv-heading_004bf9-26[data-kb-block=\"kb-adv-heading_004bf9-26\"]{color:#ffffff;margin-bottom:1em;}<\/style>\n<h1 id=\"kt-adv-heading_004bf9-26\" style=\"color:#ffffff;margin-bottom:1em\" class=\"wp-block-kadence-advancedheading\">Por qu\u00e9 envejece la piel<br\/><\/h1>\n\n\n\n<p style=\"color:#ffffff\" class=\"has-text-color\">La l\u00ednea Biocollagenix est\u00e1 dise\u00f1ada para disfrutar de todas las&nbsp;<strong>ventajas del col\u00e1geno marino<\/strong>&nbsp;de diversas maneras: como bebida, en comprimidos, en polvo y en el innovador formato de parches, para as\u00ed satisfacer todas las necesidades y disponer de un aliado cosm\u00e9tico en cualquier momento del d\u00eda.<br><\/p>\n<\/div><\/div>\n<\/div><\/div><\/div>\n\n\n<style id=\"kt-blocks_1d149d-f6\">#kt-layout-id_1d149d-f6{background-color:#f1f1f3;background-image:url('https:\/\/www.biocollagenix.com\/wp-content\/uploads\/2019\/01\/bg-invecchiamento-primo-fascione.jpg');background-size:cover;background-position:center center;background-attachment:scroll;background-repeat:no-repeat;}#kt-layout-id_1d149d-f6 > .kt-row-column-wrap{padding-top:70px;padding-bottom:70px;padding-left:30px;padding-right:30px;min-height:700px;max-width:1170px;margin-left:auto;margin-right:auto;}@media all and (max-width: 767px){#kt-layout-id_1d149d-f6 > .kt-row-column-wrap{padding-top:30px;padding-bottom:30px;}}<\/style>\n<div class=\"wp-block-kadence-rowlayout aligncenter hide-bg-mobile\"><div id=\"kt-layout-id_1d149d-f6\" class=\"kt-row-layout-inner kt-row-has-bg kt-layout-id_1d149d-f6\"><div class=\"kt-row-column-wrap kt-has-2-columns kt-gutter-default kt-row-valign-middle kt-row-layout-equal kt-tab-layout-inherit kt-m-colapse-left-to-right kt-mobile-layout-row\">\n<div class=\"wp-block-kadence-column kadence-column7080 inner-column-1\"><div class=\"kt-inside-inner-col\"><\/div><\/div>\n\n\n\n<div class=\"wp-block-kadence-column kadence-column8880 inner-column-2\"><div class=\"kt-inside-inner-col\">\n<figure class=\"wp-block-image is-resized hide-on-desk\"><img loading=\"lazy\" decoding=\"async\" src=\"https:\/\/www.biocollagenix.com\/wp-content\/uploads\/2019\/01\/invecchiamento-cutaneo-mob-01.jpg\" alt=\"\" class=\"wp-image-2496\" width=\"560\" height=\"560\" srcset=\"https:\/\/www.biocollagenix.com\/wp-content\/uploads\/2019\/01\/invecchiamento-cutaneo-mob-01.jpg 560w, https:\/\/www.biocollagenix.com\/wp-content\/uploads\/2019\/01\/invecchiamento-cutaneo-mob-01-150x150.jpg 150w, https:\/\/www.biocollagenix.com\/wp-content\/uploads\/2019\/01\/invecchiamento-cutaneo-mob-01-300x300.jpg 300w\" sizes=\"(max-width: 560px) 100vw, 560px\" \/><\/figure>\n\n\n\n<h2 id=\"kt-adv-heading_9c21b1-d0\" class=\"wp-block-kadence-advancedheading\">El envejecimiento de la piel<br\/><\/h2>\n\n\n\n<p><strong>El envejecimiento cut\u00e1neo es un proceso evolutivo natural no reversible.<\/strong><br><\/p>\n\n\n\n<p>No existe una edad exacta para comenzar a prevenir&nbsp;<strong>el envejecimiento cut\u00e1neo<\/strong>&nbsp;y conviene cuidar la piel de manera adecuada.&nbsp;<strong>El envejecimiento de la piel<\/strong>&nbsp;es un proceso natural, pero tambi\u00e9n es importante saber que, con los remedios apropiados y un estilo de vida saludable, se puede ralentizar y controlar el proceso y, por tanto,&nbsp;<strong>la aparici\u00f3n de arrugas<\/strong>. Cuando el cuerpo empieza a envejecer, muchos indicios se traducen en cambios visibles en la piel: deshidrataci\u00f3n, debilitamiento de la dermis, desarrollo de manchas, capilares rotos, p\u00e9rdida de grasa y relajaci\u00f3n muscular y, finalmente,&nbsp;<strong>aumento de arrugas<\/strong>&nbsp;y surcos en la piel del rostro, o bien las famosas&nbsp;<strong>arrugas de expresi\u00f3n<\/strong>.<br><\/p>\n<\/div><\/div>\n<\/div><\/div><\/div>\n\n\n<style id=\"kt-blocks_0edfe0-1b\">#kt-layout-id_0edfe0-1b{background-color:#e7efe1;background-image:url('https:\/\/www.biocollagenix.com\/wp-content\/uploads\/2019\/01\/bg-invecchiamento-secondo-fascione.jpg');background-size:cover;background-position:center center;background-attachment:scroll;background-repeat:no-repeat;}#kt-layout-id_0edfe0-1b > .kt-row-column-wrap{padding-top:70px;padding-bottom:70px;padding-left:30px;padding-right:30px;min-height:700px;max-width:1170px;margin-left:auto;margin-right:auto;}@media all and (max-width: 767px){#kt-layout-id_0edfe0-1b > .kt-row-column-wrap{padding-top:30px;padding-bottom:30px;}}<\/style>\n<div class=\"wp-block-kadence-rowlayout aligncenter hide-bg-mobile\"><div id=\"kt-layout-id_0edfe0-1b\" class=\"kt-row-layout-inner kt-row-has-bg kt-layout-id_0edfe0-1b\"><div class=\"kt-row-column-wrap kt-has-2-columns kt-gutter-default kt-row-valign-middle kt-row-layout-equal kt-tab-layout-inherit kt-m-colapse-left-to-right kt-mobile-layout-row\">\n<div class=\"wp-block-kadence-column kadence-column7894 inner-column-1\"><div class=\"kt-inside-inner-col\">\n<figure class=\"wp-block-image is-resized hide-on-desk\"><img loading=\"lazy\" decoding=\"async\" src=\"https:\/\/www.biocollagenix.com\/wp-content\/uploads\/2019\/01\/invecchiamento-cutaneo-mob-02.jpg\" alt=\"\" class=\"wp-image-2498\" width=\"560\" height=\"560\" srcset=\"https:\/\/www.biocollagenix.com\/wp-content\/uploads\/2019\/01\/invecchiamento-cutaneo-mob-02.jpg 560w, https:\/\/www.biocollagenix.com\/wp-content\/uploads\/2019\/01\/invecchiamento-cutaneo-mob-02-150x150.jpg 150w, https:\/\/www.biocollagenix.com\/wp-content\/uploads\/2019\/01\/invecchiamento-cutaneo-mob-02-300x300.jpg 300w\" sizes=\"(max-width: 560px) 100vw, 560px\" \/><\/figure>\n\n\n\n<h2 id=\"kt-adv-heading_8e3338-2d\" class=\"wp-block-kadence-advancedheading\">Arrugas en la piel: qu\u00e9 son y qu\u00e9 las causa<br\/><\/h2>\n\n\n\n<p>Las arrugas son una de las consecuencias del envejecimiento del cuerpo.&nbsp;<strong>Sin embargo, el paso del tiempo no es lo \u00fanico que provoca que aparezcan<\/strong>: el estilo de vida y algunos malos h\u00e1bitos tambi\u00e9n afectan en gran medida a la salud y el estado de la&nbsp;<strong>juventud de la piel<\/strong>. El tabaco, el alcohol, el estr\u00e9s o la falta de sue\u00f1o son factores que contribuyen a&nbsp;<strong>la aparici\u00f3n de arrugas<\/strong>. Adem\u00e1s, la exposici\u00f3n a&nbsp;<strong>los rayos ultravioleta del sol<\/strong>&nbsp;tiene una influencia notable en&nbsp;<strong>la formaci\u00f3n de arrugas<\/strong>. Por \u00faltimo, la gen\u00e9tica tambi\u00e9n desempe\u00f1a un papel en el proceso. El paso del tiempo, el estilo de vida y las condiciones externas contribuyen a&nbsp;<strong>reducir la cantidad de col\u00e1geno<\/strong>&nbsp;y elastina que produce el organismo. En consecuencia, la piel tiene menos elasticidad y firmeza, motivo por el cual&nbsp;<strong>se forman las arrugas<\/strong>.&nbsp;<strong>El col\u00e1geno<\/strong>&nbsp;se produce en la capa intermedia de la piel (la dermis), donde refuerza los tejidos conectivos en forma de fibras. Por tanto, lo que desde el exterior&nbsp;<strong>se ve como arrugas<\/strong>&nbsp;se origina en la capa intermedia de la piel.<br><\/p>\n<\/div><\/div>\n\n\n\n<div class=\"wp-block-kadence-column kadence-column4982 inner-column-2\"><div class=\"kt-inside-inner-col\">\n<p><\/p>\n<\/div><\/div>\n<\/div><\/div><\/div>\n\n\n<style id=\"kt-blocks_10d66b-2c\">#kt-layout-id_10d66b-2c{background-color:#eefaf6;background-image:url('https:\/\/www.biocollagenix.com\/wp-content\/uploads\/2019\/01\/bg-invecchiamento-terzo-fascione.jpg');background-size:cover;background-position:center center;background-attachment:scroll;background-repeat:no-repeat;}#kt-layout-id_10d66b-2c > .kt-row-column-wrap{padding-top:70px;padding-bottom:70px;padding-left:30px;padding-right:30px;min-height:700px;max-width:1170px;margin-left:auto;margin-right:auto;}@media all and (max-width: 767px){#kt-layout-id_10d66b-2c > .kt-row-column-wrap{padding-top:30px;padding-bottom:30px;}}<\/style>\n<div class=\"wp-block-kadence-rowlayout aligncenter hide-bg-mobile\"><div id=\"kt-layout-id_10d66b-2c\" class=\"kt-row-layout-inner kt-row-has-bg kt-layout-id_10d66b-2c\"><div class=\"kt-row-column-wrap kt-has-2-columns kt-gutter-default kt-row-valign-middle kt-row-layout-equal kt-tab-layout-inherit kt-m-colapse-left-to-right kt-mobile-layout-row\">\n<div class=\"wp-block-kadence-column kadence-column3280 inner-column-1\"><div class=\"kt-inside-inner-col\">\n<p><\/p>\n<\/div><\/div>\n\n\n\n<div class=\"wp-block-kadence-column kadence-column9693 inner-column-2\"><div class=\"kt-inside-inner-col\">\n<figure class=\"wp-block-image is-resized hide-on-desk\"><img loading=\"lazy\" decoding=\"async\" src=\"https:\/\/www.biocollagenix.com\/wp-content\/uploads\/2019\/01\/invecchiamento-cutaneo-mob-03.jpg\" alt=\"\" class=\"wp-image-2500\" width=\"560\" height=\"560\" srcset=\"https:\/\/www.biocollagenix.com\/wp-content\/uploads\/2019\/01\/invecchiamento-cutaneo-mob-03.jpg 560w, https:\/\/www.biocollagenix.com\/wp-content\/uploads\/2019\/01\/invecchiamento-cutaneo-mob-03-150x150.jpg 150w, https:\/\/www.biocollagenix.com\/wp-content\/uploads\/2019\/01\/invecchiamento-cutaneo-mob-03-300x300.jpg 300w\" sizes=\"(max-width: 560px) 100vw, 560px\" \/><\/figure>\n\n\n\n<h2 id=\"kt-adv-heading_3ad556-7d\" class=\"wp-block-kadence-advancedheading\">C\u00f3mo ralentizar el envejecimiento cut\u00e1neo<br\/><\/h2>\n\n\n\n<p><strong>La piel es la parte del cuerpo que m\u00e1s evidencia el paso del tiempo. En algunas zonas m\u00e1s sensibles, las huellas del envejecimiento son m\u00e1s evidentes que en otras. En concreto, nos referimos al rostro y el cuello.<\/strong><br><\/p>\n\n\n\n<p>Para algunos tipos de pieles, el envejecimiento se manifiesta de repente con&nbsp;<strong>la aparici\u00f3n de arrugas<\/strong>, mientras que otras muestran una&nbsp;<strong>p\u00e9rdida de tono y elasticidad<\/strong>&nbsp;o empiezan a manifestar&nbsp;<strong>manchas molestas<\/strong>. Hoy en d\u00eda, llevar un estilo de vida sano y usar&nbsp;<strong>suplementos&nbsp;para la piel con base de col\u00e1geno marino y \u00e1cido hialur\u00f3nico<\/strong>&nbsp;permite&nbsp;<strong>prevenir las arrugas y<\/strong>&nbsp;<strong>tonificar la piel<\/strong>. Para resultar eficaces, los&nbsp;<strong>tratamientos antienvejecimiento<\/strong>&nbsp;deben ser constantes y, mejor a\u00fan, preventivos. Por esta raz\u00f3n, los laboratorios de ESI han creado una l\u00ednea de&nbsp;<strong>suplementos<\/strong>&nbsp;que trabajan desde dentro y emplean una f\u00f3rmula mejorada con col\u00e1geno marino, \u00e1cido hialur\u00f3nico e ingredientes antioxidantes para aumentar la elasticidad de la piel y suavizar las arrugas.<br><\/p>\n<\/div><\/div>\n<\/div><\/div><\/div>\n\n\n<div class=\"products\">\n    <div class=\"container\">\n        <h3 class=\"products__title\">\n            Descubre los productos de col\u00e1geno         <\/h3>\n        <div class=\"products__list\">\n                                                <div class=\"product\">\n                        <div class=\"product__image\">\n                            <a href=\"https:\/\/www.biocollagenix.com\/es\/biocollagenix-en-tabletas-ovalette\/\"><img decoding=\"async\" src=\"https:\/\/www.biocollagenix.com\/wp-content\/uploads\/2019\/10\/ovalette.png\"><\/a>\n                        <\/div>\n                        <div class=\"product__name\">\n                            <a href=\"https:\/\/www.biocollagenix.com\/es\/biocollagenix-en-tabletas-ovalette\/\">Biocollagenix en tabletas ovalette<\/a>\n                        <\/div>\n                        <div class=\"product__excerpt\">\n                            Complemento alimenticio a base de Col\u00e1geno marino .                        <\/div>\n                    <\/div>\n                                                                <div class=\"product\">\n                        <div class=\"product__image\">\n                            <a href=\"https:\/\/www.biocollagenix.com\/es\/colageno-en-parches-oculares\/\"><img decoding=\"async\" src=\"https:\/\/www.biocollagenix.com\/wp-content\/uploads\/2019\/07\/eye-patch-collagene-biocollagenix-new.png\"><\/a>\n                        <\/div>\n                        <div class=\"product__name\">\n                            <a href=\"https:\/\/www.biocollagenix.com\/es\/colageno-en-parches-oculares\/\">Col\u00e1geno en parches oculares<\/a>\n                        <\/div>\n                        <div class=\"product__excerpt\">\n                            Col\u00e1geno en parches oculares: un producto para el tratamiento antiojeras                         <\/div>\n                    <\/div>\n                                                                <div class=\"product\">\n                        <div class=\"product__image\">\n                            <a href=\"https:\/\/www.biocollagenix.com\/es\/colageno-en-comprimidos\/\"><img decoding=\"async\" src=\"https:\/\/www.biocollagenix.com\/wp-content\/uploads\/2019\/07\/tavolette-collagene-biocollagenix-new.png\"><\/a>\n                        <\/div>\n                        <div class=\"product__name\">\n                            <a href=\"https:\/\/www.biocollagenix.com\/es\/colageno-en-comprimidos\/\">Col\u00e1geno en comprimidos<\/a>\n                        <\/div>\n                        <div class=\"product__excerpt\">\n                            Suplemento con base de col\u00e1geno marino hidrolizado en comprimidos                         <\/div>\n                    <\/div>\n                                                                <div class=\"product\">\n                        <div class=\"product__image\">\n                            <a href=\"https:\/\/www.biocollagenix.com\/es\/bebida-de-colageno\/\"><img decoding=\"async\" src=\"https:\/\/www.biocollagenix.com\/wp-content\/uploads\/2019\/07\/collagene-bere-new.png\"><\/a>\n                        <\/div>\n                        <div class=\"product__name\">\n                            <a href=\"https:\/\/www.biocollagenix.com\/es\/bebida-de-colageno\/\">Bebida de col\u00e1geno<\/a>\n                        <\/div>\n                        <div class=\"product__excerpt\">\n                            Col\u00e1geno en parches oculares: un producto para el tratamiento antiojeras                         <\/div>\n                    <\/div>\n                                    <\/div>\n    <\/div>\n<\/div>\n\n","protected":false},"excerpt":{"rendered":"","protected":false},"author":3,"featured_media":0,"parent":3116,"menu_order":0,"comment_status":"closed","ping_status":"closed","template":"","meta":{"kt_blocks_editor_width":"fullwidth","footnotes":""},"class_list":["post-3125","page","type-page","status-publish","hentry"],"_links":{"self":[{"href":"https:\/\/www.biocollagenix.com\/es\/wp-json\/wp\/v2\/pages\/3125"}],"collection":[{"href":"https:\/\/www.biocollagenix.com\/es\/wp-json\/wp\/v2\/pages"}],"about":[{"href":"https:\/\/www.biocollagenix.com\/es\/wp-json\/wp\/v2\/types\/page"}],"author":[{"embeddable":true,"href":"https:\/\/www.biocollagenix.com\/es\/wp-json\/wp\/v2\/users\/3"}],"replies":[{"embeddable":true,"href":"https:\/\/www.biocollagenix.com\/es\/wp-json\/wp\/v2\/comments?post=3125"}],"version-history":[{"count":3,"href":"https:\/\/www.biocollagenix.com\/es\/wp-json\/wp\/v2\/pages\/3125\/revisions"}],"predecessor-version":[{"id":4207,"href":"https:\/\/www.biocollagenix.com\/es\/wp-json\/wp\/v2\/pages\/3125\/revisions\/4207"}],"up":[{"embeddable":true,"href":"https:\/\/www.biocollagenix.com\/es\/wp-json\/wp\/v2\/pages\/3116"}],"wp:attachment":[{"href":"https:\/\/www.biocollagenix.com\/es\/wp-json\/wp\/v2\/media?parent=3125"}],"curies":[{"name":"wp","href":"https:\/\/api.w.org\/{rel}","templated":true}]}}