{"id":3122,"date":"2017-01-25T17:08:36","date_gmt":"2017-01-25T16:08:36","guid":{"rendered":"https:\/\/www.biocollagenix.com\/stop-allinvecchiamento\/componenti-integratore-antirughe\/"},"modified":"2019-11-22T16:00:56","modified_gmt":"2019-11-22T15:00:56","slug":"los-principios-naturales","status":"publish","type":"page","link":"https:\/\/www.biocollagenix.com\/es\/envejecimiento-cutaneo\/los-principios-naturales\/","title":{"rendered":"Los principios naturales"},"content":{"rendered":"<style id=\"kt-blocks_089731-d0\">#kt-layout-id_089731-d0{background-color:#6bb8d4;background-image:url('https:\/\/www.biocollagenix.com\/wp-content\/uploads\/2019\/01\/bg-h1-page.jpg');background-size:cover;background-position:center center;background-attachment:scroll;background-repeat:no-repeat;}#kt-layout-id_089731-d0 > .kt-row-column-wrap{padding-top:0px;max-width:1170px;margin-left:auto;margin-right:auto;}<\/style>\n<div class=\"wp-block-kadence-rowlayout alignnone\"><div id=\"kt-layout-id_089731-d0\" class=\"kt-row-layout-inner kt-row-has-bg kt-layout-id_089731-d0\"><div class=\"kt-row-column-wrap kt-has-1-columns kt-gutter-default kt-row-valign-top kt-row-layout-equal kt-tab-layout-inherit kt-m-colapse-left-to-right kt-mobile-layout-row\">\n<div class=\"wp-block-kadence-column kadence-column4609 inner-column-1\"><div class=\"kt-inside-inner-col\">\t<div class=\"breadcrumb-container white\">\n\t\t<div class=\"breadcrumbs\">\n\t\t\t<span property=\"itemListElement\" typeof=\"ListItem\"><a property=\"item\" typeof=\"WebPage\" title=\"Ir a Inicio.\" href=\"https:\/\/www.biocollagenix.com\/es\/\" class=\"home\" aria-current=\"page\"><span property=\"name\">Inicio<\/span><\/a><meta property=\"position\" content=\"1\"><\/span>\t\t<\/div>\n\t<\/div>\n\n\n\n<style id=\"kt-blocks_4cf0cd-77\">#kt-adv-heading_4cf0cd-77, #kt-adv-heading_4cf0cd-77 .wp-block-kadence-advancedheading, .wp-block-kadence-advancedheading.kt-adv-heading_4cf0cd-77[data-kb-block=\"kb-adv-heading_4cf0cd-77\"], .kadence-advanced-heading-wrapper .kt-adv-heading_4cf0cd-77[data-kb-block=\"kb-adv-heading_4cf0cd-77\"]{color:#ffffff;margin-bottom:1em;}<\/style>\n<h1 id=\"kt-adv-heading_4cf0cd-77\" style=\"color:#ffffff;margin-bottom:1em\" class=\"wp-block-kadence-advancedheading\">Los principios naturales<\/h1>\n\n\n\n<p style=\"color:#ffffff\" class=\"has-text-color\">La l\u00ednea de suplementos Biocollagenix contiene todos los principios naturales necesarios para un tratamiento antiarrugas y antienvejecimiento eficaz. Todos los beneficios del col\u00e1geno marino, el \u00e1cido hialur\u00f3nico y el resveratrol se combinan en un solo producto para lograr una piel sana, joven y brillante.<\/p>\n<\/div><\/div>\n<\/div><\/div><\/div>\n\n\n<style id=\"kt-blocks_21bfcb-eb\">#kt-layout-id_21bfcb-eb{background-color:#f1f1f3;background-image:url('https:\/\/www.biocollagenix.com\/wp-content\/uploads\/2019\/01\/bg-componenti-primo-fascione.jpg');background-size:cover;background-position:center center;background-attachment:scroll;background-repeat:no-repeat;}#kt-layout-id_21bfcb-eb > .kt-row-column-wrap{padding-top:70px;padding-bottom:70px;padding-left:30px;padding-right:30px;min-height:700px;max-width:1170px;margin-left:auto;margin-right:auto;}@media all and (max-width: 767px){#kt-layout-id_21bfcb-eb > .kt-row-column-wrap{padding-top:30px;padding-bottom:30px;}}<\/style>\n<div class=\"wp-block-kadence-rowlayout aligncenter\"><div id=\"kt-layout-id_21bfcb-eb\" class=\"kt-row-layout-inner kt-row-has-bg kt-layout-id_21bfcb-eb\"><div class=\"kt-row-column-wrap kt-has-2-columns kt-gutter-default kt-row-valign-middle kt-row-layout-equal kt-tab-layout-inherit kt-m-colapse-left-to-right kt-mobile-layout-row\">\n<div class=\"wp-block-kadence-column kadence-column1689 inner-column-1\"><div class=\"kt-inside-inner-col\">\n<p><\/p>\n<\/div><\/div>\n\n\n\n<div class=\"wp-block-kadence-column kadence-column2771 inner-column-2\"><div class=\"kt-inside-inner-col\">\n<h2 id=\"kt-adv-heading_26b2e5-87\" class=\"wp-block-kadence-advancedheading\">El col\u00e1geno y la salud de la piel<\/h2>\n\n\n\n<p>Zinc: ayuda a tener una piel sana y saludable. Entre sus muchas funciones, el zinc desempe\u00f1a un papel importante en el cuidado de la piel, ya que garantiza el mantenimiento normal del estado de salud de la epidermis. <strong>El col\u00e1geno es la prote\u00edna presente en mayor cantidad en el organismo<\/strong>, donde desempe\u00f1a un papel de estructuraci\u00f3n, protecci\u00f3n y refuerzo de los tejidos blandos. Las fibras de col\u00e1geno se encuentran principalmente en la piel, ligamentos, tendones, huesos y cart\u00edlagos. Con la edad, la exposici\u00f3n a la luz solar y la contaminaci\u00f3n se produce una reducci\u00f3n progresiva y gradual de los precursores del col\u00e1geno y el consiguiente aumento de la degradaci\u00f3n del col\u00e1geno maduro. La disminuci\u00f3n en la producci\u00f3n de col\u00e1geno es la principal raz\u00f3n por la que las articulaciones se debilitan, los m\u00fasculos pierden tono y&nbsp;<strong>aparecen arrugas en la piel<\/strong>.<\/p>\n\n\n\n<p><\/p>\n<\/div><\/div>\n<\/div><\/div><\/div>\n\n\n<style id=\"kt-blocks_8843d5-10\">#kt-layout-id_8843d5-10{background-color:#e7efe1;background-image:url('https:\/\/www.biocollagenix.com\/wp-content\/uploads\/2019\/01\/bg-componenti-secondo-fascione.jpg');background-size:cover;background-position:center center;background-attachment:scroll;background-repeat:no-repeat;}#kt-layout-id_8843d5-10 > .kt-row-column-wrap{padding-top:70px;padding-bottom:70px;padding-left:30px;padding-right:30px;min-height:700px;max-width:1170px;margin-left:auto;margin-right:auto;}@media all and (max-width: 767px){#kt-layout-id_8843d5-10 > .kt-row-column-wrap{padding-top:30px;padding-bottom:30px;}}<\/style>\n<div class=\"wp-block-kadence-rowlayout aligncenter\"><div id=\"kt-layout-id_8843d5-10\" class=\"kt-row-layout-inner kt-row-has-bg kt-layout-id_8843d5-10\"><div class=\"kt-row-column-wrap kt-has-2-columns kt-gutter-default kt-row-valign-middle kt-row-layout-equal kt-tab-layout-inherit kt-m-colapse-left-to-right kt-mobile-layout-row\">\n<div class=\"wp-block-kadence-column kadence-column6684 inner-column-1\"><div class=\"kt-inside-inner-col\">\n<h2 id=\"kt-adv-heading_62df87-81\" class=\"wp-block-kadence-advancedheading\">El \u00e1cido hialur\u00f3nico: propiedades y beneficios<br\/><\/h2>\n\n\n\n<p><strong>El \u00e1cido hialur\u00f3nico<\/strong> es una sustancia que el cuerpo produce de forma natural y se trata de uno de los componentes m\u00e1s importantes para la salud de los tejidos. Gracias a este \u00e1cido, la piel es el\u00e1stica y resistente, adem\u00e1s de estar protegida ante agentes externos. El \u00e1cido hialur\u00f3nico desempe\u00f1a un papel importante para garantizar el bienestar del organismo. En general, es responsable de la correcta hidrataci\u00f3n y el tono de la piel, gracias a su capacidad para unirse a una gran cantidad de mol\u00e9culas de agua que hidratan todos los tejidos. Los niveles de \u00e1cido hialur\u00f3nico en el cuerpo disminuyen con la edad. Por esta raz\u00f3n, <strong>los productos de Biocollagenix tambi\u00e9n contienen esta sustancia.<\/strong><br><\/p>\n\n\n\n<div style=\"height:20px\" aria-hidden=\"true\" class=\"wp-block-spacer\"><\/div>\n\n\n<style id=\"kt-blocks_899e59-fb\">.wp-block-kadence-advancedbtn.kt-btns_899e59-fb .kt-btn-wrap-0 .kt-button{padding-left:25px;padding-right:25px;padding-top:15px;padding-bottom:15px;color:#184489;font-size:15px;background:transparent;border-color:#184489;}.wp-block-kadence-advancedbtn.kt-btns_899e59-fb .kt-btn-wrap-0 .kt-button:hover, .wp-block-kadence-advancedbtn.kt-btns_899e59-fb .kt-btn-wrap-0 .kt-button:focus{color:#ffffff;border-color:#184489;}.wp-block-kadence-advancedbtn.kt-btns_899e59-fb .kt-btn-wrap-0 .kt-button::before{display:none;}.wp-block-kadence-advancedbtn.kt-btns_899e59-fb .kt-btn-wrap-0 .kt-button:hover, .wp-block-kadence-advancedbtn.kt-btns_899e59-fb .kt-btn-wrap-0 .kt-button:focus{background:#184489;}<\/style>\n<div class=\"wp-block-kadence-advancedbtn kt-btn-align-left kt-btns-wrap kt-btns_899e59-fb\"><div class=\"kt-btn-wrap kt-btn-wrap-0\"><a class=\"kt-button kt-btn-0-action kt-btn-svg-show-always kt-btn-has-text-true kt-btn-has-svg-false\" href=\"\/es\/envejecimiento-cutaneo\/nuestras-pruebas-clinicas\/\" target=\"_self\" style=\"font-size:15px;border-width:2px;padding-left:25px;padding-right:25px;padding-top:15px;padding-bottom:15px\"><span class=\"kt-btn-inner-text\">IR A PRUEBAS CL\u00cdNICAS<\/span><\/a><\/div><\/div>\n<\/div><\/div>\n\n\n\n<div class=\"wp-block-kadence-column kadence-column2636 inner-column-2\"><div class=\"kt-inside-inner-col\">\n<p><\/p>\n<\/div><\/div>\n<\/div><\/div><\/div>\n\n\n<style id=\"kt-blocks_9c5924-c2\">#kt-layout-id_9c5924-c2{background-color:#eefaf6;background-image:url('https:\/\/www.biocollagenix.com\/wp-content\/uploads\/2019\/01\/bg-componenti-terzo-fascione.jpg');background-size:cover;background-position:center center;background-attachment:scroll;background-repeat:no-repeat;}#kt-layout-id_9c5924-c2 > .kt-row-column-wrap{padding-top:70px;padding-bottom:70px;padding-left:30px;padding-right:30px;min-height:400px;max-width:1170px;margin-left:auto;margin-right:auto;}@media all and (max-width: 767px){#kt-layout-id_9c5924-c2 > .kt-row-column-wrap{padding-top:0px;padding-bottom:30px;}}<\/style>\n<div class=\"wp-block-kadence-rowlayout aligncenter\"><div id=\"kt-layout-id_9c5924-c2\" class=\"kt-row-layout-inner kt-row-has-bg kt-layout-id_9c5924-c2\"><div class=\"kt-row-column-wrap kt-has-2-columns kt-gutter-default kt-row-valign-middle kt-row-layout-equal kt-tab-layout-inherit kt-m-colapse-left-to-right kt-mobile-layout-row\">\n<div class=\"wp-block-kadence-column kadence-column7668 inner-column-1\"><div class=\"kt-inside-inner-col\">\n<p><\/p>\n<\/div><\/div>\n\n\n\n<div class=\"wp-block-kadence-column kadence-column1945 inner-column-2\"><div class=\"kt-inside-inner-col\">\n<h2 id=\"kt-adv-heading_c1a32a-93\" class=\"wp-block-kadence-advancedheading\">El resveratrol: antioxidante y antienvejecimiento<br\/><\/h2>\n\n\n\n<p>El resveratrol es una mol\u00e9cula de origen vegetal que a menudo se extrae de la piel de la uva.<\/p>\n\n\n\n<div style=\"height:20px\" aria-hidden=\"true\" class=\"wp-block-spacer\"><\/div>\n\n\n<style id=\"kt-blocks_f55331-d4\">.wp-block-kadence-advancedbtn.kt-btns_f55331-d4 .kt-btn-wrap-0 .kt-button{padding-left:25px;padding-right:25px;padding-top:15px;padding-bottom:15px;color:#184489;font-size:15px;background:transparent;border-color:#184489;}.wp-block-kadence-advancedbtn.kt-btns_f55331-d4 .kt-btn-wrap-0 .kt-button:hover, .wp-block-kadence-advancedbtn.kt-btns_f55331-d4 .kt-btn-wrap-0 .kt-button:focus{color:#ffffff;border-color:#184489;}.wp-block-kadence-advancedbtn.kt-btns_f55331-d4 .kt-btn-wrap-0 .kt-button::before{display:none;}.wp-block-kadence-advancedbtn.kt-btns_f55331-d4 .kt-btn-wrap-0 .kt-button:hover, .wp-block-kadence-advancedbtn.kt-btns_f55331-d4 .kt-btn-wrap-0 .kt-button:focus{background:#184489;}<\/style>\n<div class=\"wp-block-kadence-advancedbtn kt-btn-align-left kt-btns-wrap kt-btns_f55331-d4\"><div class=\"kt-btn-wrap kt-btn-wrap-0\"><a class=\"kt-button kt-btn-0-action kt-btn-svg-show-always kt-btn-has-text-true kt-btn-has-svg-false\" href=\"\/es\/envejecimiento-cutaneo\/por-que-envejece-la-piel\/\" target=\"_self\" style=\"font-size:15px;border-width:2px;padding-left:25px;padding-right:25px;padding-top:15px;padding-bottom:15px\"><span class=\"kt-btn-inner-text\">POR QU\u00c9 ENVEJECE LA PIEL<\/span><\/a><\/div><\/div>\n<\/div><\/div>\n<\/div><\/div><\/div>\n\n\n<style id=\"kt-blocks_c9ea9b-37\">#kt-layout-id_c9ea9b-37{background-color:#e7efe1;background-image:url('https:\/\/www.biocollagenix.com\/wp-content\/uploads\/2019\/01\/bg-componenti-quarto-fascione.jpg');background-size:cover;background-position:center center;background-attachment:scroll;background-repeat:no-repeat;}#kt-layout-id_c9ea9b-37 > .kt-row-column-wrap{padding-top:70px;padding-bottom:70px;padding-left:30px;padding-right:30px;min-height:700px;max-width:1170px;margin-left:auto;margin-right:auto;}@media all and (max-width: 767px){#kt-layout-id_c9ea9b-37 > .kt-row-column-wrap{padding-top:30px;padding-bottom:30px;}}<\/style>\n<div class=\"wp-block-kadence-rowlayout aligncenter\"><div id=\"kt-layout-id_c9ea9b-37\" class=\"kt-row-layout-inner kt-row-has-bg kt-layout-id_c9ea9b-37\"><div class=\"kt-row-column-wrap kt-has-2-columns kt-gutter-default kt-row-valign-middle kt-row-layout-equal kt-tab-layout-inherit kt-m-colapse-left-to-right kt-mobile-layout-row\">\n<div class=\"wp-block-kadence-column kadence-column2351 inner-column-1\"><div class=\"kt-inside-inner-col\">\n<h2 id=\"kt-adv-heading_27c2fa-e7\" class=\"wp-block-kadence-advancedheading\">Antioxidantes y eliminadores de radicales libres<\/h2>\n\n\n\n<p>Los antioxidantes y los eliminadores de radicales libres son sustancias que pueden contrarrestar el da\u00f1o creado por estos \u00faltimos. Se trata de compuestos capaces de reaccionar con los radicales libres para mermar su reactividad y generar mol\u00e9culas menos peligrosas que el organismo elimina con facilidad. A este respecto, recordemos que no existe un activo antioxidante universal y eficaz contra todos los tipos de radicales libres; de ah\u00ed la necesidad de combinar diferentes antioxidantes para que las diversas mol\u00e9culas puedan actuar de manera complementaria o en sinergia. Biocollagenix contiene vitaminas y antioxidantes, que incluyen los siguientes:<\/p>\n\n\n\n<p><strong>Vitamina C: contribuye a la formaci\u00f3n de col\u00e1geno.<\/strong>&nbsp;Adem\u00e1s de los muchos procesos que realiza en nuestro cuerpo, la vitamina&nbsp;C tambi\u00e9n contribuye a la formaci\u00f3n de col\u00e1geno para la funci\u00f3n normal de la piel. Asimismo, gracias a sus propiedades antioxidantes, contribuye a la protecci\u00f3n de las c\u00e9lulas frente al estr\u00e9s oxidativo.<\/p>\n\n\n\n<p><strong>Zumo concentrado de ar\u00e1ndano: acci\u00f3n antioxidante para pieles luminosas.<\/strong>&nbsp;Los ar\u00e1ndanos son ricos en propiedades que mejoran la elasticidad y el brillo de la piel facial, fortalecen las paredes de los vasos sangu\u00edneos y contrarrestan el proceso de envejecimiento. Gracias a la riqueza de sus propiedades, los ar\u00e1ndanos son uno de los mejores remedios naturales para conservar una piel joven.<\/p>\n\n\n\n<p><strong>Cobre: protege la piel antes el estr\u00e9s oxidativo.<\/strong>&nbsp;El cobre es un microelemento esencial que contribuye al mantenimiento de los tejidos conectivos, a la pigmentaci\u00f3n normal del cabello y la piel y a la protecci\u00f3n de las c\u00e9lulas contra el estr\u00e9s oxidativo.<\/p>\n\n\n\n<p><strong>Zinc: ayuda a tener una piel sana y saludable.<\/strong>&nbsp;Entre sus muchas funciones, el zinc desempe\u00f1a un papel importante en el cuidado de la piel, ya que garantiza el mantenimiento normal del estado de salud de la epidermis.<\/p>\n<\/div><\/div>\n\n\n\n<div class=\"wp-block-kadence-column kadence-column3779 inner-column-2\"><div class=\"kt-inside-inner-col\">\n<p><\/p>\n<\/div><\/div>\n<\/div><\/div><\/div>\n\n\n<div class=\"products\">\n    <div class=\"container\">\n        <h3 class=\"products__title\">\n            Descubre los productos de col\u00e1geno         <\/h3>\n        <div class=\"products__list\">\n                                                <div class=\"product\">\n                        <div class=\"product__image\">\n                            <a href=\"https:\/\/www.biocollagenix.com\/es\/biocollagenix-en-tabletas-ovalette\/\"><img decoding=\"async\" src=\"https:\/\/www.biocollagenix.com\/wp-content\/uploads\/2019\/10\/ovalette.png\"><\/a>\n                        <\/div>\n                        <div class=\"product__name\">\n                            <a href=\"https:\/\/www.biocollagenix.com\/es\/biocollagenix-en-tabletas-ovalette\/\">Biocollagenix en tabletas ovalette<\/a>\n                        <\/div>\n                        <div class=\"product__excerpt\">\n                            Complemento alimenticio a base de Col\u00e1geno marino .                        <\/div>\n                    <\/div>\n                                                                <div class=\"product\">\n                        <div class=\"product__image\">\n                            <a href=\"https:\/\/www.biocollagenix.com\/es\/colageno-en-parches-oculares\/\"><img decoding=\"async\" src=\"https:\/\/www.biocollagenix.com\/wp-content\/uploads\/2019\/07\/eye-patch-collagene-biocollagenix-new.png\"><\/a>\n                        <\/div>\n                        <div class=\"product__name\">\n                            <a href=\"https:\/\/www.biocollagenix.com\/es\/colageno-en-parches-oculares\/\">Col\u00e1geno en parches oculares<\/a>\n                        <\/div>\n                        <div class=\"product__excerpt\">\n                            Col\u00e1geno en parches oculares: un producto para el tratamiento antiojeras                         <\/div>\n                    <\/div>\n                                                                <div class=\"product\">\n                        <div class=\"product__image\">\n                            <a href=\"https:\/\/www.biocollagenix.com\/es\/colageno-en-comprimidos\/\"><img decoding=\"async\" src=\"https:\/\/www.biocollagenix.com\/wp-content\/uploads\/2019\/07\/tavolette-collagene-biocollagenix-new.png\"><\/a>\n                        <\/div>\n                        <div class=\"product__name\">\n                            <a href=\"https:\/\/www.biocollagenix.com\/es\/colageno-en-comprimidos\/\">Col\u00e1geno en comprimidos<\/a>\n                        <\/div>\n                        <div class=\"product__excerpt\">\n                            Suplemento con base de col\u00e1geno marino hidrolizado en comprimidos                         <\/div>\n                    <\/div>\n                                                                <div class=\"product\">\n                        <div class=\"product__image\">\n                            <a href=\"https:\/\/www.biocollagenix.com\/es\/bebida-de-colageno\/\"><img decoding=\"async\" src=\"https:\/\/www.biocollagenix.com\/wp-content\/uploads\/2019\/07\/collagene-bere-new.png\"><\/a>\n                        <\/div>\n                        <div class=\"product__name\">\n                            <a href=\"https:\/\/www.biocollagenix.com\/es\/bebida-de-colageno\/\">Bebida de col\u00e1geno<\/a>\n                        <\/div>\n                        <div class=\"product__excerpt\">\n                            Col\u00e1geno en parches oculares: un producto para el tratamiento antiojeras                         <\/div>\n                    <\/div>\n                                    <\/div>\n    <\/div>\n<\/div>\n\n","protected":false},"excerpt":{"rendered":"","protected":false},"author":3,"featured_media":0,"parent":3116,"menu_order":0,"comment_status":"closed","ping_status":"closed","template":"","meta":{"kt_blocks_editor_width":"fullwidth","footnotes":""},"class_list":["post-3122","page","type-page","status-publish","hentry"],"_links":{"self":[{"href":"https:\/\/www.biocollagenix.com\/es\/wp-json\/wp\/v2\/pages\/3122"}],"collection":[{"href":"https:\/\/www.biocollagenix.com\/es\/wp-json\/wp\/v2\/pages"}],"about":[{"href":"https:\/\/www.biocollagenix.com\/es\/wp-json\/wp\/v2\/types\/page"}],"author":[{"embeddable":true,"href":"https:\/\/www.biocollagenix.com\/es\/wp-json\/wp\/v2\/users\/3"}],"replies":[{"embeddable":true,"href":"https:\/\/www.biocollagenix.com\/es\/wp-json\/wp\/v2\/comments?post=3122"}],"version-history":[{"count":8,"href":"https:\/\/www.biocollagenix.com\/es\/wp-json\/wp\/v2\/pages\/3122\/revisions"}],"predecessor-version":[{"id":4684,"href":"https:\/\/www.biocollagenix.com\/es\/wp-json\/wp\/v2\/pages\/3122\/revisions\/4684"}],"up":[{"embeddable":true,"href":"https:\/\/www.biocollagenix.com\/es\/wp-json\/wp\/v2\/pages\/3116"}],"wp:attachment":[{"href":"https:\/\/www.biocollagenix.com\/es\/wp-json\/wp\/v2\/media?parent=3122"}],"curies":[{"name":"wp","href":"https:\/\/api.w.org\/{rel}","templated":true}]}}