{"id":3118,"date":"2018-12-27T14:36:19","date_gmt":"2018-12-27T13:36:19","guid":{"rendered":"https:\/\/www.biocollagenix.com\/stop-allinvecchiamento\/i-nostri-test-clinici\/"},"modified":"2019-11-25T10:01:19","modified_gmt":"2019-11-25T09:01:19","slug":"nuestras-pruebas-clinicas","status":"publish","type":"page","link":"https:\/\/www.biocollagenix.com\/es\/envejecimiento-cutaneo\/nuestras-pruebas-clinicas\/","title":{"rendered":"Nuestras pruebas cl\u00ednicas"},"content":{"rendered":"<style id=\"kt-blocks_a00a9b-ba\">#kt-layout-id_a00a9b-ba{background-color:#6bb8d4;background-image:url('https:\/\/www.biocollagenix.com\/wp-content\/uploads\/2019\/01\/bg-h1-page.jpg');background-size:cover;background-position:center center;background-attachment:scroll;background-repeat:no-repeat;}#kt-layout-id_a00a9b-ba > .kt-row-column-wrap{padding-top:0px;max-width:1170px;margin-left:auto;margin-right:auto;}<\/style>\n<div class=\"wp-block-kadence-rowlayout alignnone\"><div id=\"kt-layout-id_a00a9b-ba\" class=\"kt-row-layout-inner kt-row-has-bg kt-layout-id_a00a9b-ba\"><div class=\"kt-row-column-wrap kt-has-1-columns kt-gutter-default kt-row-valign-top kt-row-layout-equal kt-tab-layout-inherit kt-m-colapse-left-to-right kt-mobile-layout-row\">\n<div class=\"wp-block-kadence-column kadence-column1862 inner-column-1\"><div class=\"kt-inside-inner-col\">\t<div class=\"breadcrumb-container white\">\n\t\t<div class=\"breadcrumbs\">\n\t\t\t<span property=\"itemListElement\" typeof=\"ListItem\"><a property=\"item\" typeof=\"WebPage\" title=\"Ir a Inicio.\" href=\"https:\/\/www.biocollagenix.com\/es\/\" class=\"home\" aria-current=\"page\"><span property=\"name\">Inicio<\/span><\/a><meta property=\"position\" content=\"1\"><\/span>\t\t<\/div>\n\t<\/div>\n\n\n\n<style id=\"kt-blocks_0d28bf-82\">#kt-adv-heading_0d28bf-82, #kt-adv-heading_0d28bf-82 .wp-block-kadence-advancedheading, .wp-block-kadence-advancedheading.kt-adv-heading_0d28bf-82[data-kb-block=\"kb-adv-heading_0d28bf-82\"], .kadence-advanced-heading-wrapper .kt-adv-heading_0d28bf-82[data-kb-block=\"kb-adv-heading_0d28bf-82\"]{color:#ffffff;margin-bottom:1em;}<\/style>\n<h1 id=\"kt-adv-heading_0d28bf-82\" style=\"color:#ffffff;margin-bottom:1em\" class=\"wp-block-kadence-advancedheading\">Col\u00e1geno marino: nuestras pruebas cl\u00ednicas demuestran su eficacia<br\/><\/h1>\n\n\n\n<p style=\"color:#ffffff\" class=\"has-text-color\">Nuestras pruebas cl\u00ednicas han estudiado&nbsp;<strong>los efectos del col\u00e1geno marino<\/strong>&nbsp;en una dieta cotidiana normal. Los resultados han llevado a considerar&nbsp;<strong>Biocollagenix\u00ae ESI<\/strong>&nbsp;como un suplemento seguro y eficaz para combatir el envejecimiento cut\u00e1neo*.<br><\/p>\n<\/div><\/div>\n<\/div><\/div><\/div>\n\n\n<style id=\"kt-blocks_2f93a7-6f\">#kt-layout-id_2f93a7-6f{background-color:#f1f1f3;background-image:url('https:\/\/www.biocollagenix.com\/wp-content\/uploads\/2019\/01\/bg-home-riequilibrare.jpg');background-size:cover;background-position:center center;background-attachment:scroll;background-repeat:no-repeat;}#kt-layout-id_2f93a7-6f > .kt-row-column-wrap{padding-top:70px;padding-bottom:70px;padding-left:30px;padding-right:30px;min-height:700px;max-width:1170px;margin-left:auto;margin-right:auto;}@media all and (max-width: 767px){#kt-layout-id_2f93a7-6f > .kt-row-column-wrap{padding-top:30px;padding-bottom:30px;}}<\/style>\n<div class=\"wp-block-kadence-rowlayout aligncenter hide-bg-mobile\"><div id=\"kt-layout-id_2f93a7-6f\" class=\"kt-row-layout-inner kt-row-has-bg kt-layout-id_2f93a7-6f\"><div class=\"kt-row-column-wrap kt-has-2-columns kt-gutter-default kt-row-valign-middle kt-row-layout-equal kt-tab-layout-inherit kt-m-colapse-left-to-right kt-mobile-layout-row\">\n<div class=\"wp-block-kadence-column kadence-column1811 inner-column-1\"><div class=\"kt-inside-inner-col\"><\/div><\/div>\n\n\n\n<div class=\"wp-block-kadence-column kadence-column906 inner-column-2\"><div class=\"kt-inside-inner-col\">\n<figure class=\"wp-block-image is-resized hide-on-desk\"><img loading=\"lazy\" decoding=\"async\" src=\"https:\/\/www.biocollagenix.com\/wp-content\/uploads\/2019\/01\/test-laboratorio-mob-01.jpg\" alt=\"\" class=\"wp-image-2509\" width=\"560\" height=\"560\" srcset=\"https:\/\/www.biocollagenix.com\/wp-content\/uploads\/2019\/01\/test-laboratorio-mob-01.jpg 560w, https:\/\/www.biocollagenix.com\/wp-content\/uploads\/2019\/01\/test-laboratorio-mob-01-150x150.jpg 150w, https:\/\/www.biocollagenix.com\/wp-content\/uploads\/2019\/01\/test-laboratorio-mob-01-300x300.jpg 300w\" sizes=\"(max-width: 560px) 100vw, 560px\" \/><\/figure>\n\n\n\n<h2 id=\"kt-adv-heading_16ace9-f2\" class=\"wp-block-kadence-advancedheading\">Los efectos de los suplementos de col\u00e1geno por v\u00eda oral<br\/><\/h2>\n\n\n\n<p>El envejecimiento de la piel es uno de los \u00e1mbitos de investigaci\u00f3n m\u00e1s activos tanto en el campo m\u00e9dico como en la cirug\u00eda est\u00e9tica. En particular, cada vez se estudian m\u00e1s los m\u00e9todos no invasivos para prevenir y ralentizar la aparici\u00f3n de arrugas o para prolongar el efecto de una intervenci\u00f3n m\u00e1s invasiva, como las inyecciones. Un estudio reciente, publicado en la revista&nbsp;<em>Aesthetic Medicine*<\/em>, ha analizado&nbsp;<strong>los efectos del col\u00e1geno administrado por v\u00eda oral<\/strong>. Un equipo de m\u00e9dicos e investigadores ha probado&nbsp;<strong>Biocollagenix\u00ae ESI<\/strong>&nbsp;en una muestra de 70&nbsp;pacientes y ha evaluado su eficacia mediante mediciones de ultrasonidos del grosor d\u00e9rmico antes y despu\u00e9s del tratamiento.<br><\/p>\n<\/div><\/div>\n<\/div><\/div><\/div>\n\n\n<style id=\"kt-blocks_0fe822-c8\">#kt-layout-id_0fe822-c8{background-color:#e7efe1;background-image:url('https:\/\/www.biocollagenix.com\/wp-content\/uploads\/2019\/01\/bg-invecchiamento-secondo-fascione.jpg');background-size:cover;background-position:center center;background-attachment:scroll;background-repeat:no-repeat;}#kt-layout-id_0fe822-c8 > .kt-row-column-wrap{padding-top:70px;padding-bottom:70px;padding-left:30px;padding-right:30px;min-height:700px;max-width:1170px;margin-left:auto;margin-right:auto;}@media all and (max-width: 767px){#kt-layout-id_0fe822-c8 > .kt-row-column-wrap{padding-top:30px;padding-bottom:30px;}}<\/style>\n<div class=\"wp-block-kadence-rowlayout aligncenter hide-bg-mobile\"><div id=\"kt-layout-id_0fe822-c8\" class=\"kt-row-layout-inner kt-row-has-bg kt-layout-id_0fe822-c8\"><div class=\"kt-row-column-wrap kt-has-2-columns kt-gutter-default kt-row-valign-middle kt-row-layout-equal kt-tab-layout-inherit kt-m-colapse-left-to-right kt-mobile-layout-row\">\n<div class=\"wp-block-kadence-column kadence-column1802 inner-column-1\"><div class=\"kt-inside-inner-col\">\n<figure class=\"wp-block-image is-resized hide-on-desk\"><img loading=\"lazy\" decoding=\"async\" src=\"https:\/\/www.biocollagenix.com\/wp-content\/uploads\/2019\/01\/invecchiamento-cutaneo-mob-02.jpg\" alt=\"\" class=\"wp-image-2498\" width=\"560\" height=\"560\" srcset=\"https:\/\/www.biocollagenix.com\/wp-content\/uploads\/2019\/01\/invecchiamento-cutaneo-mob-02.jpg 560w, https:\/\/www.biocollagenix.com\/wp-content\/uploads\/2019\/01\/invecchiamento-cutaneo-mob-02-150x150.jpg 150w, https:\/\/www.biocollagenix.com\/wp-content\/uploads\/2019\/01\/invecchiamento-cutaneo-mob-02-300x300.jpg 300w\" sizes=\"(max-width: 560px) 100vw, 560px\" \/><\/figure>\n\n\n\n<h2 id=\"kt-adv-heading_241bb7-f4\" class=\"wp-block-kadence-advancedheading\">El estudio en laboratorio<br\/><\/h2>\n\n\n\n<p><strong>El envejecimiento cronol\u00f3gico<\/strong>, o intr\u00ednseco, es un proceso acumulativo a lo largo del tiempo que conduce a la reducci\u00f3n del espesor de la matriz d\u00e9rmica. Adem\u00e1s, en la piel envejecida, la homeostasis del col\u00e1geno es anormal y presenta una menor s\u00edntesis de procol\u00e1genos de los tipos&nbsp;I y&nbsp;III. Partiendo de estas premisas,&nbsp;<strong>el estudio de los productos Biocollagenix\u00ae de ESI tuvo el objetivo de evaluar el efecto en vivo y las propiedades antioxidantes del hidrolizado de col\u00e1geno<\/strong>&nbsp;procedente de peces marinos.<br><\/p>\n\n\n\n<p>Este estudio multic\u00e9ntrico cont\u00f3 con 70&nbsp;personas (no fumadoras) que resid\u00edan en diferentes ciudades italianas y ten\u00edan entre&nbsp;45 y 65&nbsp;a\u00f1os.&nbsp;<strong>Biocollagenix\u00ae se administr\u00f3 durante 20&nbsp;d\u00edas empleando una dosis de una ampolla al d\u00eda<\/strong>. Se pidi\u00f3 a las pacientes que rellenaran un formulario de evaluaci\u00f3n antes y despu\u00e9s del tratamiento, con el fin de puntuar en una escala de&nbsp;1 a&nbsp;5&nbsp;<strong>el estado de la elasticidad, la hidrataci\u00f3n, el tono y el brillo de su piel<\/strong>. Adem\u00e1s, todas las pacientes se sometieron a&nbsp;<strong>una ecograf\u00eda del tejido facial antes y despu\u00e9s del tratamiento para evaluar el trofismo d\u00e9rmico<\/strong>.&nbsp;<br><\/p>\n<\/div><\/div>\n\n\n\n<div class=\"wp-block-kadence-column kadence-column3952 inner-column-2\"><div class=\"kt-inside-inner-col\">\n<p><\/p>\n<\/div><\/div>\n<\/div><\/div><\/div>\n\n\n<style id=\"kt-blocks_11e067-ea\">#kt-layout-id_11e067-ea{background-color:#eefaf6;background-image:url('https:\/\/www.biocollagenix.com\/wp-content\/uploads\/2019\/01\/bg-invecchiamento-terzo-fascione.jpg');background-size:cover;background-position:center center;background-attachment:scroll;background-repeat:no-repeat;}#kt-layout-id_11e067-ea > .kt-row-column-wrap{padding-top:70px;padding-bottom:70px;padding-left:30px;padding-right:30px;min-height:700px;max-width:1170px;margin-left:auto;margin-right:auto;}@media all and (max-width: 767px){#kt-layout-id_11e067-ea > .kt-row-column-wrap{padding-top:30px;padding-bottom:30px;}}<\/style>\n<div class=\"wp-block-kadence-rowlayout aligncenter hide-bg-mobile\"><div id=\"kt-layout-id_11e067-ea\" class=\"kt-row-layout-inner kt-row-has-bg kt-layout-id_11e067-ea\"><div class=\"kt-row-column-wrap kt-has-2-columns kt-gutter-default kt-row-valign-middle kt-row-layout-equal kt-tab-layout-inherit kt-m-colapse-left-to-right kt-mobile-layout-row\">\n<div class=\"wp-block-kadence-column kadence-column3880 inner-column-1\"><div class=\"kt-inside-inner-col\">\n<p><\/p>\n<\/div><\/div>\n\n\n\n<div class=\"wp-block-kadence-column kadence-column8461 inner-column-2\"><div class=\"kt-inside-inner-col\">\n<figure class=\"wp-block-image is-resized hide-on-desk\"><img loading=\"lazy\" decoding=\"async\" src=\"https:\/\/www.biocollagenix.com\/wp-content\/uploads\/2019\/01\/invecchiamento-cutaneo-mob-03.jpg\" alt=\"\" class=\"wp-image-2500\" width=\"560\" height=\"560\" srcset=\"https:\/\/www.biocollagenix.com\/wp-content\/uploads\/2019\/01\/invecchiamento-cutaneo-mob-03.jpg 560w, https:\/\/www.biocollagenix.com\/wp-content\/uploads\/2019\/01\/invecchiamento-cutaneo-mob-03-150x150.jpg 150w, https:\/\/www.biocollagenix.com\/wp-content\/uploads\/2019\/01\/invecchiamento-cutaneo-mob-03-300x300.jpg 300w\" sizes=\"(max-width: 560px) 100vw, 560px\" \/><\/figure>\n\n\n\n<h2 id=\"kt-adv-heading_71fa4e-29\" class=\"wp-block-kadence-advancedheading\">Los resultados del estudio sobre los productos Biocollagenix\u00ae<br\/><\/h2>\n\n\n\n<p>A continuaci\u00f3n mostramos un resumen de los resultados del estudio sobre&nbsp;<strong>la eficacia de Biocollagenix<\/strong>\u00ae. El valor medio para cada par\u00e1metro se calcul\u00f3 en base a los formularios de evaluaci\u00f3n llenados por las participantes.<br><\/p>\n\n\n\n<table class=\"wp-block-table is-style-regular\"><tbody><tr><td>70&nbsp;pacientes<br><\/td><td>Antes del tratamiento<br>(valor medio)<\/td><td>Despu\u00e9s del tratamiento<br>(valor medio)<\/td><\/tr><tr><td>Elasticidad<br><\/td><td>2<\/td><td>4<\/td><\/tr><tr><td>Hidrataci\u00f3n<br><\/td><td>3<\/td><td>5<\/td><\/tr><tr><td>Tono<\/td><td>2<\/td><td>5<\/td><\/tr><tr><td>Brillo<\/td><td>2<\/td><td>3<\/td><\/tr><\/tbody><\/table>\n\n\n\n<p style=\"font-size:10px\"><strong>Tabla 1<\/strong>: el valor medio para la elasticidad fue de 2&nbsp;puntos al final del tratamiento. El valor medio para la hidrataci\u00f3n antes del tratamiento fue de&nbsp;3, con una mejora media de 2&nbsp;puntos al final del mismo. El valor medio inicial para el tono fue de&nbsp;2, con una mejora media de 3&nbsp;puntos al final del tratamiento. El valor medio para el brillo antes del tratamiento fue de&nbsp;2, con una mejora media de 1&nbsp;punto al final de \u00e9l.<br><\/p>\n\n\n\n<p>Adem\u00e1s, antes del tratamiento,&nbsp;<strong>el espesor medio de la piel era de 0,11&nbsp;cm, mientras que al final del tratamiento era de 0,13&nbsp;cm<\/strong>, con un incremento medio de 0,02&nbsp;cm.<br><\/p>\n<\/div><\/div>\n<\/div><\/div><\/div>\n\n\n<style id=\"kt-blocks_28678e-19\">#kt-layout-id_28678e-19{background-color:#eaf8fe;}#kt-layout-id_28678e-19 > .kt-row-column-wrap{padding-top:70px;padding-bottom:70px;padding-left:30px;padding-right:30px;min-height:700px;max-width:1170px;margin-left:auto;margin-right:auto;}<\/style>\n<div class=\"wp-block-kadence-rowlayout aligncenter\"><div id=\"kt-layout-id_28678e-19\" class=\"kt-row-layout-inner kt-row-has-bg kt-layout-id_28678e-19\"><div class=\"kt-row-column-wrap kt-has-2-columns kt-gutter-default kt-row-valign-middle kt-row-layout-equal kt-tab-layout-inherit kt-m-colapse-left-to-right kt-mobile-layout-row\">\n<div class=\"wp-block-kadence-column kadence-column5601 inner-column-1\"><div class=\"kt-inside-inner-col\">\n<h2 id=\"kt-adv-heading_799054-32\" class=\"wp-block-kadence-advancedheading\">Biocollagenix\u00ae: una l\u00ednea segura y probada en laboratorios<br\/><\/h2>\n\n\n\n<p><strong>La piel es la parte del cuerpo que m\u00e1s evidencia el paso del tiempo.&nbsp;<\/strong>El estudio demostr\u00f3 que el tratamiento con&nbsp;<strong>Biocollagenix\u00ae tiene efectos beneficiosos para la piel, el cabello y las u\u00f1as<\/strong>. Los nutrientes que aporta el suplemento oral llegan a la epidermis a trav\u00e9s de la sangre hasta las capas m\u00e1s profundas de las c\u00e9lulas. Su efecto es ideal para la gente que trabaja en locales climatizados que resecan la piel, para personas que no siguen una dieta adecuada, para el cuidado del cuerpo tras un parto y para despu\u00e9s de seguir una dieta baja en calor\u00edas, con el fin de&nbsp;<strong>contrarrestar el proceso de envejecimiento<\/strong>.<br><\/p>\n\n\n\n<p>Los resultados del estudio cl\u00ednico indican que&nbsp;<strong>Biocollagenix\u00ae<\/strong>&nbsp;es un suplemento que puede servir como una&nbsp;<strong>valiosa ayuda para prevenir el envejecimiento cut\u00e1neo y mejorar el tropismo de la piel<\/strong>,<strong>&nbsp;sobre todo en los casos del rostro y el cuello<\/strong>.<br><\/p>\n<\/div><\/div>\n\n\n\n<div class=\"wp-block-kadence-column kadence-column4619 inner-column-2\"><div class=\"kt-inside-inner-col\">\n<p><\/p>\n<\/div><\/div>\n<\/div><\/div><\/div>\n\n\n\n<div class=\"wp-block-kadence-rowlayout alignnone container\"><div id=\"kt-layout-id_417887-61\" class=\"kt-row-layout-inner  kt-layout-id_417887-61\"><div class=\"kt-row-column-wrap kt-has-1-columns kt-gutter-default kt-row-valign-top kt-row-layout-equal kt-tab-layout-inherit kt-m-colapse-left-to-right kt-mobile-layout-row\">\n<div class=\"wp-block-kadence-column kadence-column7978 inner-column-1\"><div class=\"kt-inside-inner-col\">\n<p style=\"font-size:12px\"> <br>*Effectiveness and effects of the introduction of ESI collagen in the diet, publicado en la revista Aesthetic Medicine, 2017; 3(3):22-27 <\/p>\n<\/div><\/div>\n<\/div><\/div><\/div>\n\n\n<div class=\"products\">\n    <div class=\"container\">\n        <h3 class=\"products__title\">\n            Descubre los productos de col\u00e1geno         <\/h3>\n        <div class=\"products__list\">\n                                                <div class=\"product\">\n                        <div class=\"product__image\">\n                            <a href=\"https:\/\/www.biocollagenix.com\/es\/biocollagenix-en-tabletas-ovalette\/\"><img decoding=\"async\" src=\"https:\/\/www.biocollagenix.com\/wp-content\/uploads\/2019\/10\/ovalette.png\"><\/a>\n                        <\/div>\n                        <div class=\"product__name\">\n                            <a href=\"https:\/\/www.biocollagenix.com\/es\/biocollagenix-en-tabletas-ovalette\/\">Biocollagenix en tabletas ovalette<\/a>\n                        <\/div>\n                        <div class=\"product__excerpt\">\n                            Complemento alimenticio a base de Col\u00e1geno marino .                        <\/div>\n                    <\/div>\n                                                                <div class=\"product\">\n                        <div class=\"product__image\">\n                            <a href=\"https:\/\/www.biocollagenix.com\/es\/colageno-en-parches-oculares\/\"><img decoding=\"async\" src=\"https:\/\/www.biocollagenix.com\/wp-content\/uploads\/2019\/07\/eye-patch-collagene-biocollagenix-new.png\"><\/a>\n                        <\/div>\n                        <div class=\"product__name\">\n                            <a href=\"https:\/\/www.biocollagenix.com\/es\/colageno-en-parches-oculares\/\">Col\u00e1geno en parches oculares<\/a>\n                        <\/div>\n                        <div class=\"product__excerpt\">\n                            Col\u00e1geno en parches oculares: un producto para el tratamiento antiojeras                         <\/div>\n                    <\/div>\n                                                                <div class=\"product\">\n                        <div class=\"product__image\">\n                            <a href=\"https:\/\/www.biocollagenix.com\/es\/colageno-en-comprimidos\/\"><img decoding=\"async\" src=\"https:\/\/www.biocollagenix.com\/wp-content\/uploads\/2019\/07\/tavolette-collagene-biocollagenix-new.png\"><\/a>\n                        <\/div>\n                        <div class=\"product__name\">\n                            <a href=\"https:\/\/www.biocollagenix.com\/es\/colageno-en-comprimidos\/\">Col\u00e1geno en comprimidos<\/a>\n                        <\/div>\n                        <div class=\"product__excerpt\">\n                            Suplemento con base de col\u00e1geno marino hidrolizado en comprimidos                         <\/div>\n                    <\/div>\n                                                                <div class=\"product\">\n                        <div class=\"product__image\">\n                            <a href=\"https:\/\/www.biocollagenix.com\/es\/bebida-de-colageno\/\"><img decoding=\"async\" src=\"https:\/\/www.biocollagenix.com\/wp-content\/uploads\/2019\/07\/collagene-bere-new.png\"><\/a>\n                        <\/div>\n                        <div class=\"product__name\">\n                            <a href=\"https:\/\/www.biocollagenix.com\/es\/bebida-de-colageno\/\">Bebida de col\u00e1geno<\/a>\n                        <\/div>\n                        <div class=\"product__excerpt\">\n                            Col\u00e1geno en parches oculares: un producto para el tratamiento antiojeras                         <\/div>\n                    <\/div>\n                                    <\/div>\n    <\/div>\n<\/div>\n\n\n\n\n<p><\/p>\n","protected":false},"excerpt":{"rendered":"","protected":false},"author":4,"featured_media":0,"parent":3116,"menu_order":0,"comment_status":"closed","ping_status":"closed","template":"","meta":{"kt_blocks_editor_width":"fullwidth","footnotes":""},"class_list":["post-3118","page","type-page","status-publish","hentry"],"_links":{"self":[{"href":"https:\/\/www.biocollagenix.com\/es\/wp-json\/wp\/v2\/pages\/3118"}],"collection":[{"href":"https:\/\/www.biocollagenix.com\/es\/wp-json\/wp\/v2\/pages"}],"about":[{"href":"https:\/\/www.biocollagenix.com\/es\/wp-json\/wp\/v2\/types\/page"}],"author":[{"embeddable":true,"href":"https:\/\/www.biocollagenix.com\/es\/wp-json\/wp\/v2\/users\/4"}],"replies":[{"embeddable":true,"href":"https:\/\/www.biocollagenix.com\/es\/wp-json\/wp\/v2\/comments?post=3118"}],"version-history":[{"count":5,"href":"https:\/\/www.biocollagenix.com\/es\/wp-json\/wp\/v2\/pages\/3118\/revisions"}],"predecessor-version":[{"id":4689,"href":"https:\/\/www.biocollagenix.com\/es\/wp-json\/wp\/v2\/pages\/3118\/revisions\/4689"}],"up":[{"embeddable":true,"href":"https:\/\/www.biocollagenix.com\/es\/wp-json\/wp\/v2\/pages\/3116"}],"wp:attachment":[{"href":"https:\/\/www.biocollagenix.com\/es\/wp-json\/wp\/v2\/media?parent=3118"}],"curies":[{"name":"wp","href":"https:\/\/api.w.org\/{rel}","templated":true}]}}