{"id":3108,"date":"2016-08-02T16:58:41","date_gmt":"2016-08-02T14:58:41","guid":{"rendered":"https:\/\/www.biocollagenix.com\/domande-frequenti-integratore-da-bere-antiage\/"},"modified":"2019-09-25T09:39:52","modified_gmt":"2019-09-25T07:39:52","slug":"domande-frequenti-integratore-da-bere-antiage","status":"publish","type":"page","link":"https:\/\/www.biocollagenix.com\/es\/domande-frequenti-integratore-da-bere-antiage\/","title":{"rendered":"Preguntas habituales"},"content":{"rendered":"<style id=\"kt-blocks_e07d66-de\">#kt-layout-id_e07d66-de{background-color:#f7f7f7;}#kt-layout-id_e07d66-de > .kt-row-column-wrap{padding-top:0px;max-width:1170px;margin-left:auto;margin-right:auto;}<\/style>\n<div class=\"wp-block-kadence-rowlayout alignnone\"><div id=\"kt-layout-id_e07d66-de\" class=\"kt-row-layout-inner kt-row-has-bg kt-layout-id_e07d66-de\"><div class=\"kt-row-column-wrap kt-has-1-columns kt-gutter-default kt-row-valign-top kt-row-layout-equal kt-tab-layout-inherit kt-m-colapse-left-to-right kt-mobile-layout-row\">\n<div class=\"wp-block-kadence-column kadence-column925 inner-column-1\"><div class=\"kt-inside-inner-col\">\t<div class=\"breadcrumb-container \">\n\t\t<div class=\"breadcrumbs\">\n\t\t\t<span property=\"itemListElement\" typeof=\"ListItem\"><a property=\"item\" typeof=\"WebPage\" title=\"Ir a Inicio.\" href=\"https:\/\/www.biocollagenix.com\/es\/\" class=\"home\" aria-current=\"page\"><span property=\"name\">Inicio<\/span><\/a><meta property=\"position\" content=\"1\"><\/span>\t\t<\/div>\n\t<\/div>\n\n\n\n\n<h1 id=\"kt-adv-heading_ab07d1-56\" class=\"wp-block-kadence-advancedheading\">Preguntas habituales<\/h1>\n<\/div><\/div>\n<\/div><\/div><\/div>\n\n\n<style id=\"kt-blocks_d67b63-66\">#kt-layout-id_d67b63-66 > .kt-row-column-wrap{max-width:1170px;margin-left:auto;margin-right:auto;}@media all and (max-width: 767px){#kt-layout-id_d67b63-66 > .kt-row-column-wrap{padding-left:15px;padding-right:15px;}}<\/style>\n<div class=\"wp-block-kadence-rowlayout alignnone\"><div id=\"kt-layout-id_d67b63-66\" class=\"kt-row-layout-inner  kt-layout-id_d67b63-66\"><div class=\"kt-row-column-wrap kt-has-1-columns kt-gutter-default kt-row-valign-top kt-row-layout-equal kt-tab-layout-inherit kt-m-colapse-left-to-right kt-mobile-layout-row\">\n<div class=\"wp-block-kadence-column kadence-column5531 inner-column-1\"><div class=\"kt-inside-inner-col\">\n<p>Lee toda la informaci\u00f3n sobre Biocollagenix.<br>Para conocer m\u00e1s detalles,&nbsp;<a href=\"contatti\">contacta con nosotros<\/a>.<\/p>\n<\/div><\/div>\n<\/div><\/div><\/div>\n\n\n<div class=\"internal-section faq\">\n    <div class=\"container clearfix\">\n        <div class=\"content clearfix\">\n            <div id=\"accordion\">\n                <h3>\u00bfPor qu\u00e9 se forman las arrugas?<\/h3>\n                <div>\n                    <p>A medida que envejecemos, la regeneraci\u00f3n celular ocurre m\u00e1s lentamente y la piel se vuelve\n                        m\u00e1s delgada y fr\u00e1gil. El envejecimiento no es la \u00fanica causa por la que se forman arrugas,\n                        sino tambi\u00e9n la disminuci\u00f3n en la elasticidad y la hidrataci\u00f3n de la piel. De hecho, es\n                        posible encontrar arrugas incluso en personas j\u00f3venes, ya que se forman donde se realizan\n                        los movimientos musculares m\u00e1s importantes, que requieren una elasticidad especial en la\n                        piel.<\/p>\n                    <p>Cuando el metabolismo celular se ralentiza, la piel se enfrenta a una revoluci\u00f3n, que se\n                        manifiesta en el rostro mediante huellas de relajaci\u00f3n, p\u00e9rdida de elasticidad y arrugas\n                        profundas. Las primeras arrugas son las de expresi\u00f3n, causadas por las contracciones\n                        faciales que, cuando se repiten, se imprimen en la dermis subyacente, que al mismo tiempo\n                        pierde su tono. Con la p\u00e9rdida y la alteraci\u00f3n del col\u00e1geno y las fibras el\u00e1sticas, los\n                        tejidos comienzan a relajarse, la piel pierde su soporte y el \u00f3valo de la cara comienza a\n                        deformarse. La falta de col\u00e1geno se manifiesta en la falta de tonicidad, en la p\u00e9rdida de\n                        elasticidad e hidrataci\u00f3n y, por tanto, en la aparici\u00f3n de arrugas.<\/p>\n                <\/div>\n                <h3>\u00bfQu\u00e9 es el col\u00e1geno?<\/h3>\n                <div>\n                    <p>Se trata de la prote\u00edna estructural m\u00e1s abundante en el cuerpo humano, donde representa el 25\n                        % del peso total. El cuerpo lo sintetiza y este proporciona elasticidad y resistencia a los\n                        \u00f3rganos y los tejidos. El col\u00e1geno constituye el 75 % de la piel y su carencia se manifiesta\n                        en la falta de tonicidad, en la p\u00e9rdida de elasticidad y en la aparici\u00f3n de arrugas.<\/p>\n                <\/div>\n                <h3>\u00bfCu\u00e1ntos tipos de col\u00e1geno existen en el cuerpo?<\/h3>\n                <div>\n                    <p>Los mam\u00edferos tienen alrededor de 30 tipos de cadenas de col\u00e1geno. El col\u00e1geno tipo I\n                        representa el 90 % del col\u00e1geno total y se halla en la composici\u00f3n de los principales\n                        tejidos conectivos, como la piel, los tendones, los huesos y la c\u00f3rnea.<\/p>\n                <\/div>\n                <h3>\u00bfEl col\u00e1geno tambi\u00e9n es \u00fatil para las articulaciones?<\/h3>\n                <div>\n                    <p>En el cuerpo hay muchos tipos de col\u00e1geno (m\u00e1s de 30): el col\u00e1geno tipo I est\u00e1 presente,\n                        sobre todo, en la piel, mientras que el col\u00e1geno tipo II se encuentra en las articulaciones.\n                        Biocollagenix contiene col\u00e1geno de tipo I, por lo que es adecuado para el bienestar y el\n                        cuidado de la piel.<\/p>\n                <\/div>\n                <h3>Si el col\u00e1geno es una prote\u00edna, \u00bfpuedo usar alg\u00fan suplemento de prote\u00ednas para mejorar la piel?\n                <\/h3>\n                <div>\n                    <p>El col\u00e1geno tiene una composici\u00f3n de amino\u00e1cidos muy caracter\u00edstica: alrededor de un tercio\n                        de sus residuos son glicina; otro 15-30 % consiste en prolina y 4-hidroxiprolina. Estos\n                        amino\u00e1cidos se encuentran en cantidades m\u00ednimas en alimentos y suplementos de prote\u00ednas\n                        destinados a otras aplicaciones. Por tanto, para restaurar el col\u00e1geno en la piel, conviene\n                        usar una fuente de col\u00e1geno, como Biocollagenix.<\/p>\n                <\/div>\n                <h3>\u00bfPara qui\u00e9n se ha dise\u00f1ado Biocollagenix?<\/h3>\n                <div>\n                    <p>La formulaci\u00f3n de Biocollagenix ha sido desarrollada por los laboratorios de investigaci\u00f3n de\n                        ESI pensando en todas las personas que desean cuidar su piel, con una acci\u00f3n estimulante que\n                        proviene del interior del organismo. Es id\u00f3nea en caso de exposici\u00f3n excesiva al sol o para\n                        personas que trabajan en interiores o en locales climatizados que deshidratan la piel.<\/p>\n                <\/div>\n                <h3>\u00bfD\u00f3nde puedo comprar Biocollagenix?<\/h3>\n                <div>\n                    <p>Al igual que todos los productos de ESI, Biocollagenix se puede adquirir en farmacias,\n                        parafarmacias y herbolarios.<\/p>\n                <\/div>\n                <h3>\u00bfD\u00f3nde se produce Biocollagenix?<\/h3>\n                <div>\n                    <p>Biocollagenix es fabricado en Italia por ESI s.r.l, una empresa que ha estado operando durante\n                        m\u00e1s de 40 a\u00f1os en los niveles superiores del \u00e1mbito de los suplementos alimenticios,\n                        nutrac\u00e9uticos, cosm\u00e9ticos naturales y dispositivos m\u00e9dicos. ESI fue una de las primeras\n                        empresas del sector en obtener la certificaci\u00f3n ISO 9001, all\u00e1 por 1999. Hoy en d\u00eda, los\n                        productos ESI se distribuyen en m\u00e1s de 50 pa\u00edses.<\/p>\n                <\/div>\n                <h3>\u00bfA qu\u00e9 pruebas se somete Biocollagenix para garantizar la calidad y la seguridad?<\/h3>\n                <div>\n                    <p>Los est\u00e1ndares de producci\u00f3n de ESI se encuentran en los m\u00e1ximos niveles de calidad y son el\n                        resultado de los sistemas de producci\u00f3n de vanguardia y de los avances m\u00e1s recientes en\n                        investigaci\u00f3n, desarrollo y controles de calidad. Los escrupulosos controles de ESI parten\n                        de las materias primas \u00fanicas: el laboratorio interno de control de calidad se ocupa\n                        directamente de las pruebas organol\u00e9pticas, f\u00edsico-qu\u00edmicas y microbiol\u00f3gicas. Todos los\n                        lotes de materia prima se analizan antes de ser utilizados, al igual que todos los productos\n                        en fabricaci\u00f3n o terminados.<\/p>\n                <\/div>\n                <h3>\u00bfPor qu\u00e9 usar Biocollagenix en lugar de cremas antienvejecimiento?<\/h3>\n                <div>\n                    <p>La piel est\u00e1 formada por dos capas superpuestas: la dermis (m\u00e1s profunda) y la epidermis\n                        (superficial). La dermis es la capa m\u00e1s profunda de la piel. Est\u00e1 formada por tejido\n                        conectivo, rico en fibras de col\u00e1geno, que otorga elasticidad y resistencia a la piel. En\n                        cambio, la epidermis est\u00e1 formada por c\u00e9lulas llamadas queratinocitos, dispuestas en cinco\n                        capas, que corresponden a las mismas c\u00e9lulas en diferentes momentos de su ciclo de vida. La\n                        epidermis se renueva de forma continua mediante un proceso de proliferaci\u00f3n y diferenciaci\u00f3n\n                        que hace que las c\u00e9lulas nuevas, generadas en la capa m\u00e1s profunda, migren y se transformen\n                        atravesando las capas superpuestas, hasta que se dispersan por descamaci\u00f3n. La \u00faltima capa,\n                        de hecho, est\u00e1 formada por queratinocitos muertos. Aplicar una crema en la epidermis no\n                        basta para transmitir los principios nutritivos de las capas m\u00e1s internas de la dermis. En\n                        cambio, los alimentos llegan a trav\u00e9s de la sangre a las c\u00e9lulas de las capas m\u00e1s profundas,\n                        a medida que estas se ven empujadas hacia el exterior, mueren y se deshacen. Por este\n                        motivo, la nutrici\u00f3n adecuada de la piel debe realizarse a trav\u00e9s de la sangre y, por tanto,\n                        mediante la alimentaci\u00f3n, y no solo desde el exterior con el uso de productos cosm\u00e9ticos.\n                    <\/p>\n                <\/div>\n                <h3>\u00bfCu\u00e1nto tiempo se debe usar Biocollagenix para ver los primeros resultados?<\/h3>\n                <div>\n                    <p>Al igual que con todos los productos para uso externo o interno, ya sean naturales o\n                        farmac\u00e9uticos, la efectividad puede variar, incluso mucho, de una persona a otra. En este\n                        caso, obtener resultados depende del tipo de piel, del estilo de vida, de la nutrici\u00f3n y de\n                        la salud en general. Por ejemplo, la exposici\u00f3n excesiva a la luz solar prolongar\u00e1 el tiempo\n                        requerido para lograr los resultados deseados. La primera mejora en los par\u00e1metros cut\u00e1neos\n                        se puede obtener con un par de paquetes, tras unos 20 d\u00edas. Si se contin\u00faa con el\n                        tratamiento, la piel podr\u00e1 lucir m\u00e1s suave y firme tras un mes. Recomendamos un tratamiento\n                        inicial de 1 a 2 meses, para que luego el consumidor decida entre continuar o alternar los\n                        per\u00edodos de tratamiento de un mes con per\u00edodos de suspensi\u00f3n.<\/p>\n                <\/div>\n                <h3>\u00bfDe d\u00f3nde proviene el col\u00e1geno que se emplea en Biocollagenix?<\/h3>\n                <div>\n                    <p>ESI s.r.l utiliza col\u00e1geno marino hidrolizado, extra\u00eddo de la piel de peces; no se usan otras\n                        fuentes animales, como cerdos, ganado o aves de corral. Los peces utilizados provienen de\n                        granjas que est\u00e1n estrictamente controladas y est\u00e1n garantizados para el consumo humano.<\/p>\n                <\/div>\n                <h3>\u00bfEl col\u00e1geno de la piel es id\u00e9ntico al de Biocollagenix?<\/h3>\n                <div>\n                    <p>El col\u00e1geno presente en nuestro organismo es una prote\u00edna muy grande, compuesta de muchos\n                        amino\u00e1cidos unidos entre s\u00ed. Es tan grande que, de aplicarlo en la piel o ingerirlo, el\n                        cuerpo no lo absorber\u00eda. Por tanto, el col\u00e1geno utilizado en Biocollagenix se hidroliza, es\n                        decir, se fragmenta en mol\u00e9culas m\u00e1s peque\u00f1as (p\u00e9ptidos que contienen los amino\u00e1cidos\n                        necesarios para activar la s\u00edntesis del col\u00e1geno) que se digieren, asimilan y transportan\n                        f\u00e1cilmente a las capas profundas de la piel, donde se activar\u00e1 la s\u00edntesis de col\u00e1geno\n                        nuevo.<\/p>\n                <\/div>\n                <h3>\u00bfQu\u00e9 es el \u00e1cido hialur\u00f3nico y c\u00f3mo act\u00faa en la piel?<\/h3>\n                <div>\n                    <p>El \u00e1cido hialur\u00f3nico es uno de los principales constituyentes del tejido conectivo. Con la\n                        edad, su concentraci\u00f3n en la piel disminuye y esto provoca la formaci\u00f3n de arrugas.<\/p>\n                <\/div>\n                <h3>\u00bfCu\u00e1l es el origen del \u00e1cido hialur\u00f3nico?<\/h3>\n                <div>\n                    <p>El \u00e1cido hialur\u00f3nico utilizado en Biocollagenix, en forma de hialuronato de sodio, se obtiene\n                        a trav\u00e9s de un proceso natural de fermentaci\u00f3n bacteriana.<\/p>\n                <\/div>\n                <h3>\u00bfQu\u00e9 es el resveratrol?<\/h3>\n                <div>\n                    <p>Se trata de una mol\u00e9cula de origen vegetal que a menudo se extrae de la piel de la uva; de\n                        hecho, est\u00e1 asociada a los efectos beneficiosos del vino tinto.<\/p>\n                <\/div>\n                <h3>\u00bfPor qu\u00e9 Biocollagenix contiene principios antioxidantes?<\/h3>\n                <div>\n                    <p>La oxidaci\u00f3n celular es una de las principales causas del envejecimiento cut\u00e1neo: provoca la\n                        formaci\u00f3n de radicales libres y participa en la degeneraci\u00f3n de las c\u00e9lulas de la piel. El\n                        proceso de oxidaci\u00f3n celular est\u00e1 causado por diversos factores externos, como el estr\u00e9s,\n                        los rayos ultravioleta y la contaminaci\u00f3n. El proceso se caracteriza por la\n                        desestabilizaci\u00f3n de una mol\u00e9cula debido a la p\u00e9rdida de un electr\u00f3n. Esto tiene como\n                        resultado una reacci\u00f3n en cascada que puede tener diferentes consecuencias: el metabolismo\n                        de las c\u00e9lulas de la piel se altera y la epidermis se regenera de manera deficiente y menos\n                        r\u00e1pida. Por esta raz\u00f3n, Biocollagenix contiene bayas de ar\u00e1ndano, vitamina C, zinc y cobre,\n                        que tienen un efecto antioxidante y protegen las c\u00e9lulas ante el estr\u00e9s oxidativo.<\/p>\n                <\/div>\n                <h3>\u00bfLa vitamina C es \u00fatil para la piel?<\/h3>\n                <div>\n                    <p>Adem\u00e1s de los muchos procesos que realiza en nuestro cuerpo, la vitamina C tambi\u00e9n contribuye\n                        a la formaci\u00f3n de col\u00e1geno para la funci\u00f3n normal de la piel. Asimismo, gracias a sus\n                        propiedades antioxidantes, contribuye a la protecci\u00f3n de las c\u00e9lulas frente al estr\u00e9s\n                        oxidativo.<\/p>\n                <\/div>\n                <h3>\u00bfCu\u00e1l es la funci\u00f3n del cobre y el zinc?<\/h3>\n                <div>\n                    <p>El cobre contribuye a mantener los tejidos conectivos normales y el zinc hace lo propio con\n                        el mantenimiento de la piel.<\/p>\n                <\/div>\n                <h3>\u00bfLos jugos g\u00e1stricos pueden inactivar el col\u00e1geno y los otros componentes de Biocollagenix y\n                    volverlos ineficaces?<\/h3>\n                <div>\n                    <p>La formulaci\u00f3n est\u00e1 dise\u00f1ada para conservar las propiedades de los ingredientes y los\n                        p\u00e9ptidos de\n                        col\u00e1geno mantienen su estructura para que puedan absorberse r\u00e1pidamente en el intestino y\n                        se puedan transportan en la dermis. A este respecto, diversos estudios han demostrado que algunos de\n                        los\n                        p\u00e9ptidos presentes en el col\u00e1geno hidrolizado, en particular los que contienen\n                        hidroxiprolina,\n                        son capaces de atravesar la barrera intestinal, y el p\u00e9ptido prolina-hidroxiprolina es el\n                        m\u00e1s\n                        abundante en el plasma.<\/p>\n                <\/div>\n                <h3>\u00bfPuedo tomar Biocollagenix junto con otros suplementos alimenticios?<\/h3>\n                <div>\n                    <p>Se desconocen las interacciones con otros suplementos. Sin embargo, es importante tener en\n                        cuenta\n                        las cantidades de vitaminas y minerales que contienen los diversos suplementos y evitar\n                        exceder\n                        las necesidades nutricionales diarias; de hecho, los paquetes indican los valores\n                        nutricionales\n                        de referencia (VNR). En caso de duda al interpretarlos, es recomendable consultar a un\n                        m\u00e9dico o\n                        un profesional de la salud.<\/p>\n                <\/div>\n                <h3>\u00bfSe puede tomar Biocollagenix junto con medicamentos?<\/h3>\n                <div>\n                    <p>Nunca ha habido interacciones con medicamentos debidas a los componentes de Biocollagenix.\n                        Sin\n                        embargo, para quienes padecen patolog\u00edas particulares y se someten a un tratamiento\n                        farmacol\u00f3gico, se recomienda consultar a un m\u00e9dico antes de tomar el producto.<\/p>\n                <\/div>\n                <h3>\u00bfA qu\u00e9 sabe el producto?<\/h3>\n                <div>\n                    <p>Biocollagenix tiene sabor a guayaba, una fruta t\u00edpica de Am\u00e9rica Central con un sabor muy\n                        fragante y un aroma fuerte y agradable.<\/p>\n                <\/div>\n                <h3>\u00bfTomar Biocollagenix durante per\u00edodos prolongados puede aumentar el peso corporal?<\/h3>\n                <div>\n                    <p>Seguramente no. Biocollagenix tiene un porcentaje de az\u00facares y grasas inferior al 0,5 %, por\n                        lo\n                        que puede considerarse exento de ambos. Esto significa que no puede contribuir al aumento de\n                        peso corporal.<\/p>\n                <\/div>\n                <h3>\u00bfSe puede utilizar durante el embarazo y la lactancia?<\/h3>\n                <div>\n                    <p>Por el momento no se han realizado estudios cl\u00ednicos en mujeres embarazadas y lactantes, por\n                        lo\n                        que no es posible sugerir su uso en estos casos particulares.<\/p>\n                <\/div>\n                <h3>\u00bfSe puede utilizar durante la menopausia?<\/h3>\n                <div>\n                    <p>No se aconseja el uso durante la menopausia. En caso de tratamiento farmacol\u00f3gico, es\n                        recomendable consultar al m\u00e9dico.<\/p>\n                <\/div>\n                <h3>\u00bfLos diab\u00e9ticos pueden tomar Biocollagenix?<\/h3>\n                <div>\n                    <p>Nuestro producto contiene estevia, un edulcorante natural sin calor\u00edas. Adem\u00e1s, el producto\n                        contiene un porcentaje de az\u00facar inferior al 0,5 %, por lo que se puede considerar sin\n                        az\u00facar.\n                    <\/p>\n                <\/div>\n                <h3>\u00bfQu\u00e9 efectos secundarios puede causar Biocollagenix?<\/h3>\n                <div>\n                    <p>Biocollagenix contiene col\u00e1geno procedente de pescado y lecitina de soja; por tanto, el\n                        producto\n                        no est\u00e1 recomendado para personas al\u00e9rgicas a estos alimentos. No se conocen otros efectos\n                        secundarios.<\/p>\n                <\/div>\n                <h3>\u00bfBiocollagenix contiene gluten?<\/h3>\n                <div>\n                    <p>No, Biocollagenix tampoco contiene gluten, al igual que todos los suplementos de ESI.<\/p>\n                <\/div>\n                <h3>\u00bfBiocollagenix podr\u00eda contener restos de organismos modificados gen\u00e9ticamente, antibi\u00f3ticos,\n                    hormonas, colorantes o aromas artificiales o sustancias obtenidas mediante nanotecnolog\u00eda?<\/h3>\n                <div>\n                    <p>No, no contiene ninguno de estos elementos.<\/p>\n                <\/div>\n                <h3>\u00bfBiocollagenix es adecuado para vegetarianos o veganos?<\/h3>\n                <div>\n                    <p>Biocollagenix contiene col\u00e1geno extra\u00eddo de la piel de pescado.<\/p>\n                <\/div>\n            <\/div>\n        <\/div>\n    <\/div>\n<\/div>","protected":false},"excerpt":{"rendered":"<p>\u00bfPor qu\u00e9 se forman las arrugas? A medida que envejecemos, la regeneraci\u00f3n celular ocurre m\u00e1s lentamente y la piel se vuelve m\u00e1s delgada y fr\u00e1gil. El envejecimiento no es la \u00fanica causa por la que se forman arrugas, sino tambi\u00e9n la disminuci\u00f3n en la elasticidad y la hidrataci\u00f3n de la piel. De hecho, es posible [&hellip;]<\/p>\n","protected":false},"author":3,"featured_media":0,"parent":0,"menu_order":0,"comment_status":"closed","ping_status":"closed","template":"","meta":{"kt_blocks_editor_width":"fullwidth","footnotes":""},"class_list":["post-3108","page","type-page","status-publish","hentry"],"_links":{"self":[{"href":"https:\/\/www.biocollagenix.com\/es\/wp-json\/wp\/v2\/pages\/3108"}],"collection":[{"href":"https:\/\/www.biocollagenix.com\/es\/wp-json\/wp\/v2\/pages"}],"about":[{"href":"https:\/\/www.biocollagenix.com\/es\/wp-json\/wp\/v2\/types\/page"}],"author":[{"embeddable":true,"href":"https:\/\/www.biocollagenix.com\/es\/wp-json\/wp\/v2\/users\/3"}],"replies":[{"embeddable":true,"href":"https:\/\/www.biocollagenix.com\/es\/wp-json\/wp\/v2\/comments?post=3108"}],"version-history":[{"count":4,"href":"https:\/\/www.biocollagenix.com\/es\/wp-json\/wp\/v2\/pages\/3108\/revisions"}],"predecessor-version":[{"id":4109,"href":"https:\/\/www.biocollagenix.com\/es\/wp-json\/wp\/v2\/pages\/3108\/revisions\/4109"}],"wp:attachment":[{"href":"https:\/\/www.biocollagenix.com\/es\/wp-json\/wp\/v2\/media?parent=3108"}],"curies":[{"name":"wp","href":"https:\/\/api.w.org\/{rel}","templated":true}]}}