{"id":3104,"date":"2018-12-27T14:29:24","date_gmt":"2018-12-27T13:29:24","guid":{"rendered":"https:\/\/www.biocollagenix.com\/eye-patch-al-collagene\/"},"modified":"2020-08-05T12:43:46","modified_gmt":"2020-08-05T10:43:46","slug":"colageno-en-parches-oculares","status":"publish","type":"page","link":"https:\/\/www.biocollagenix.com\/es\/colageno-en-parches-oculares\/","title":{"rendered":"Col\u00e1geno en parches oculares"},"content":{"rendered":"<style id=\"kt-blocks_6680d3-3a\">@media all and (max-width: 767px){#kt-layout-id_6680d3-3a > .kt-row-column-wrap{padding-top:0px;padding-bottom:0px;}}<\/style>\n<div class=\"wp-block-kadence-rowlayout alignnone container\"><div id=\"kt-layout-id_6680d3-3a\" class=\"kt-row-layout-inner kt-layout-id_6680d3-3a\"><div class=\"kt-row-column-wrap kt-has-2-columns kt-gutter-default kt-v-gutter-default kt-row-valign-top kt-row-layout-equal kt-tab-layout-inherit kt-m-colapse-left-to-right kt-mobile-layout-row\">\n<div class=\"wp-block-kadence-column inner-column-1 kadence-column_d58228-0c img-prodotto\"><div class=\"kt-inside-inner-col\">\n<figure class=\"wp-block-image size-large\"><img loading=\"lazy\" decoding=\"async\" width=\"1000\" height=\"1000\" src=\"https:\/\/www.biocollagenix.com\/wp-content\/uploads\/2020\/08\/eyepatch.jpg\" alt=\"\" class=\"wp-image-4820\" srcset=\"https:\/\/www.biocollagenix.com\/wp-content\/uploads\/2020\/08\/eyepatch.jpg 1000w, https:\/\/www.biocollagenix.com\/wp-content\/uploads\/2020\/08\/eyepatch-300x300.jpg 300w, https:\/\/www.biocollagenix.com\/wp-content\/uploads\/2020\/08\/eyepatch-150x150.jpg 150w, https:\/\/www.biocollagenix.com\/wp-content\/uploads\/2020\/08\/eyepatch-768x768.jpg 768w\" sizes=\"(max-width: 1000px) 100vw, 1000px\" \/><\/figure>\n\n\n\n<div class=\"social-share\">\n   [fb_button]\n   <div class=\"twitter\">\n       <a href=\"https:\/\/twitter.com\/share\" class=\"twitter-share-button\" data-via=\"esi_italia\">Tweet<\/a>\n       <script>!function(d,s,id){var js,fjs=d.getElementsByTagName(s)[0],p=\/^http:\/.test(d.location)?'http':'https';if(!d.getElementById(id)){js=d.createElement(s);js.id=id;js.src=p+':\/\/platform.twitter.com\/widgets.js';fjs.parentNode.insertBefore(js,fjs);}}(document, 'script', 'twitter-wjs');<\/script>\n   <\/div>\n   <div class=\"google\">\n       <div class=\"g-plusone\" data-size=\"medium\" data-annotation=\"none\"><\/div>\n   <\/div>\n   <div class=\"pinterest\">\n       <a href=\"\/\/www.pinterest.com\/pin\/create\/button\/\" data-pin-do=\"buttonBookmark\" data-pin-color=\"white\"><img decoding=\"async\" src=\"\/\/assets.pinterest.com\/images\/pidgets\/pinit_fg_en_rect_white_20.png\"><\/a>\n       <script type=\"text\/javascript\" async=\"\" defer=\"\" src=\"\/\/assets.pinterest.com\/js\/pinit.js\"><\/script>\n   <\/div>\n<\/div>\n<\/div><\/div>\n\n\n\n<div class=\"wp-block-kadence-column inner-column-2 kadence-column_aea6eb-b3 info-prodotto\"><div class=\"kt-inside-inner-col\"><style id=\"kt-blocks_66836e-04\">#kt-layout-id_66836e-04 > .kt-row-column-wrap{padding-top:0px;padding-bottom:0px;}<\/style>\n<div class=\"wp-block-kadence-rowlayout alignnone title-and-price\"><div id=\"kt-layout-id_66836e-04\" class=\"kt-row-layout-inner kt-layout-id_66836e-04\"><div class=\"kt-row-column-wrap kt-has-1-columns kt-gutter-default kt-v-gutter-default kt-row-valign-top kt-row-layout-equal kt-tab-layout-inherit kt-m-colapse-left-to-right kt-mobile-layout-row\">\n<div class=\"wp-block-kadence-column inner-column-1 kadence-column_a1c13c-67\"><div class=\"kt-inside-inner-col\"><style id=\"kt-blocks_4cee7a-b3\">#kt-adv-heading_4cee7a-b3 mark, #kt-adv-heading_4cee7a-b3 .wp-block-kadence-advancedheading mark, .kt-adv-heading_4cee7a-b3[data-kb-block=\"kb-adv-heading_4cee7a-b3\"] mark{padding:0px 0px 0px 0px;}<\/style>\n<h1 id=\"kt-adv-heading_4cee7a-b3\" class=\"kt-adv-heading_4cee7a-b3 wp-block-kadence-advancedheading\">Biocollagenix parches para ojos <br><\/h1>\n<\/div><\/div>\n<\/div><\/div><\/div>\n\n\n\n<p class=\"has-medium-font-size\"><strong>Col\u00e1geno en parches oculares: un producto para el tratamiento antiojeras<\/strong><br><\/p>\n\n\n\n<p>Estos innovadores&nbsp;<strong>parches para tratar el contorno de los ojos<\/strong>&nbsp;est\u00e1n hechos con un hidrogel especial que contiene un concentrado de principios activos naturales: col\u00e1geno marino hidrolizado tipo&nbsp;I, cafe\u00edna y tres \u00e1cidos hialur\u00f3nicos con tres pesos moleculares diferentes para limitar la evaporaci\u00f3n del agua de la piel y preservar su elasticidad.&nbsp;<strong>Biocollagenix Eye&nbsp;Patch<\/strong>&nbsp;hidrata y relaja la piel, reduce las huellas de la fatiga y&nbsp;<strong>reduce la hinchaz\u00f3n y las marcas de las ojeras<\/strong>. El hidrogel especial se suministra en un soporte suave de no tejido, pr\u00e1ctico y f\u00e1cil de usar. Para mejorar los beneficios, se recomienda dejar el producto en la nevera entre&nbsp;10 y 15&nbsp;minutos antes de aplicarlo. Recomendamos utilizarlo una o dos veces a la semana, o seg\u00fan sea necesario.<br><\/p>\n\n\n\n<p><strong>Contenido:<\/strong>&nbsp;14&nbsp;parches (no reutilizables)<br><strong>Modo de empleo:<\/strong>&nbsp;lavar y secar el rostro, retirar la protecci\u00f3n del parche sin tocar el gel y colocar el parche en el contorno de los ojos entre&nbsp;15 y 25&nbsp;minutos.<br><\/p>\n\n\n\n<div class='btn-test-clinici'><a href='\/es\/envejecimiento-cutaneo\/nuestras-pruebas-clinicas\/'>IR A PRUEBAS CL\u00cdNICAS<\/a><\/div>\n<\/div><\/div>\n<\/div><\/div><\/div>\n\n\n<style id=\"kt-blocks_aa7e1d-8c\">#kt-layout-id_aa7e1d-8c > .kt-row-column-wrap{padding-top:40px;padding-bottom:40px;padding-left:40px;padding-right:40px;}@media all and (max-width: 767px){#kt-layout-id_aa7e1d-8c > .kt-row-column-wrap{padding-top:15px;padding-bottom:15px;padding-left:15px;padding-right:15px;}}<\/style>\n<div class=\"wp-block-kadence-rowlayout alignnone box-ingredienti container\"><div id=\"kt-layout-id_aa7e1d-8c\" class=\"kt-row-layout-inner kt-layout-id_aa7e1d-8c\"><div class=\"kt-row-column-wrap kt-has-1-columns kt-gutter-default kt-v-gutter-default kt-row-valign-top kt-row-layout-equal kt-tab-layout-inherit kt-m-colapse-left-to-right kt-mobile-layout-row\">\n<div class=\"wp-block-kadence-column inner-column-1 kadence-column_594b02-cc\"><div class=\"kt-inside-inner-col\"><style id=\"kt-blocks_c02443-f7\">#kt-adv-heading_c02443-f7 mark, #kt-adv-heading_c02443-f7 .wp-block-kadence-advancedheading mark, .kt-adv-heading_c02443-f7[data-kb-block=\"kb-adv-heading_c02443-f7\"] mark{padding:0px 0px 0px 0px;}<\/style>\n<h2 id=\"kt-adv-heading_c02443-f7\" class=\"kt-adv-heading_c02443-f7 wp-block-kadence-advancedheading\">Ingredientes<\/h2>\n\n\n<style id=\"kt-blocks_95abc0-68\">#kt-layout-id_95abc0-68 > .kt-row-column-wrap{padding-bottom:0px;}<\/style>\n<div class=\"wp-block-kadence-rowlayout alignnone\"><div id=\"kt-layout-id_95abc0-68\" class=\"kt-row-layout-inner kt-layout-id_95abc0-68\"><div class=\"kt-row-column-wrap kt-has-3-columns kt-gutter-default kt-v-gutter-default kt-row-valign-top kt-row-layout-equal kt-tab-layout-inherit kt-m-colapse-left-to-right kt-mobile-layout-row\">\n<div class=\"wp-block-kadence-column inner-column-1 kadence-column_fe3eae-f8\"><div class=\"kt-inside-inner-col\"><style id=\"kt-blocks_1dd21e-b8\">#kt-layout-id_1dd21e-b8 > .kt-row-column-wrap{padding-top:0px;padding-bottom:0px;}<\/style>\n<div class=\"wp-block-kadence-rowlayout alignnone\"><div id=\"kt-layout-id_1dd21e-b8\" class=\"kt-row-layout-inner kt-layout-id_1dd21e-b8\"><div class=\"kt-row-column-wrap kt-has-1-columns kt-gutter-default kt-v-gutter-default kt-row-valign-top kt-row-layout-equal kt-tab-layout-inherit kt-m-colapse-left-to-right kt-mobile-layout-row\">\n<div class=\"wp-block-kadence-column inner-column-1 kadence-column_fa6758-04\"><div class=\"kt-inside-inner-col\">\n<p>Hydrolized Collagen, Ginkgo Biloba Leaf Extract, Sodium Hyaluronate, Caffeine, Aesculus Hippocastanum Leaf Extract, Tocopherol<br><\/p>\n<\/div><\/div>\n<\/div><\/div><\/div>\n<\/div><\/div>\n\n\n<style id=\"kt-blocks_fdda07-13\">.kt-row-layout-inner > .kt-row-column-wrap > .kadence-column_fdda07-13 > .kt-inside-inner-col{padding-left:40px;padding-right:40px;}@media all and (max-width: 767px){.kt-row-layout-inner > .kt-row-column-wrap > .kadence-column_fdda07-13 > .kt-inside-inner-col{padding-left:0px;padding-right:0px;margin-top:20px;margin-bottom:20px;}}<\/style>\n<div class=\"wp-block-kadence-column inner-column-2 kadence-column_fdda07-13\"><div class=\"kt-inside-inner-col\">\n<p><strong>No contiene:<\/strong><br>Parabenos, Perfume, Siliconas, SLES Y SLS<br><br><strong>Rimedio para:<\/strong><br>Salud natural de la piel<br><\/p>\n\n\n<style id=\"kt-blocks_cf53a5-62\">.kt-btns_cf53a5-62 .kt-button{font-family:'Source Sans Pro';font-weight:600;}.wp-block-kadence-advancedbtn.kt-btns_cf53a5-62 .kt-btn-wrap-0 .kt-button{padding-left:1px;padding-right:1px;padding-top:15px;padding-bottom:15px;color:#1d4d93;font-size:17px;background:transparent;border-color:#555555;}.wp-block-kadence-advancedbtn.kt-btns_cf53a5-62 .kt-btn-wrap-0 .kt-button:hover, .wp-block-kadence-advancedbtn.kt-btns_cf53a5-62 .kt-btn-wrap-0 .kt-button:focus{color:#61a940;}.wp-block-kadence-advancedbtn.kt-btns_cf53a5-62 .kt-btn-wrap-0 .kt-button::before{display:none;}.wp-block-kadence-advancedbtn.kt-btns_cf53a5-62 .kt-btn-wrap-0 .kt-button:hover, .wp-block-kadence-advancedbtn.kt-btns_cf53a5-62 .kt-btn-wrap-0 .kt-button:focus{background:#444444;}.wp-block-kadence-advancedbtn.kt-btns_cf53a5-62 .kt-btn-wrap-1 .kt-button{color:#555555;font-size:18px;background:transparent;border-color:#555555;}.wp-block-kadence-advancedbtn.kt-btns_cf53a5-62 .kt-btn-wrap-1 .kt-button:hover, .wp-block-kadence-advancedbtn.kt-btns_cf53a5-62 .kt-btn-wrap-1 .kt-button:focus{color:#ffffff;border-color:#444444;}.wp-block-kadence-advancedbtn.kt-btns_cf53a5-62 .kt-btn-wrap-1 .kt-button::before{display:none;}.wp-block-kadence-advancedbtn.kt-btns_cf53a5-62 .kt-btn-wrap-1 .kt-button:hover, .wp-block-kadence-advancedbtn.kt-btns_cf53a5-62 .kt-btn-wrap-1 .kt-button:focus{background:#444444;}<\/style>\n<div class=\"wp-block-kadence-advancedbtn kt-btn-align-left kt-btn-tablet-align-inherit kt-btn-mobile-align-inherit kt-btns-wrap kt-btns_cf53a5-62\"><div class=\"kt-btn-wrap kt-btn-wrap-0\"><a class=\"kt-button button kt-btn-0-action kt-btn-size-custom kt-btn-style-basic kt-btn-svg-show-always kt-btn-has-text-true kt-btn-has-svg-true\" href=\"https:\/\/www.biocollagenix.com\/es\/envejecimiento-cutaneo\/los-principios-naturales\/\" style=\"border-radius:0px;border-width:0px\"><div style=\"display:inline-flex;justify-content:center;align-items:center\" class=\"kt-btn-svg-icon kt-btn-svg-icon-fe_arrowRight kt-btn-side-left\"><svg style=\"display:inline-block;vertical-align:middle\" viewbox=\"0 0 24 24\" height=\"17\" width=\"17\" fill=\"none\" stroke=\"currentColor\" xmlns=\"http:\/\/www.w3.org\/2000\/svg\" stroke-width=\"2\" stroke-linecap=\"round\" stroke-linejoin=\"round\"><line x1=\"5\" y1=\"12\" x2=\"19\" y2=\"12\"><\/line><polyline points=\"12 5 19 12 12 19\"><\/polyline><\/svg><\/div><span class=\"kt-btn-inner-text\">Propiedades de los ingredientes<\/span><\/a><\/div><\/div>\n<\/div><\/div>\n\n\n\n<div class=\"wp-block-kadence-column inner-column-3 kadence-column_033d45-57\"><div class=\"kt-inside-inner-col\">\n<figure class=\"wp-block-image\"><img loading=\"lazy\" decoding=\"async\" width=\"148\" height=\"19\" src=\"https:\/\/www.biocollagenix.com\/wp-content\/uploads\/2019\/08\/es.png\" alt=\"\" class=\"wp-image-3818\"\/><\/figure>\n\n\n\n<div class=\"wp-block-image\"><figure class=\"alignleft is-resized\"><img loading=\"lazy\" decoding=\"async\" src=\"https:\/\/www.biocollagenix.com\/wp-content\/uploads\/2019\/08\/Logo-ClinicallyTested.jpg\" alt=\"\" class=\"wp-image-3847\" width=\"75\" height=\"75\" srcset=\"https:\/\/www.biocollagenix.com\/wp-content\/uploads\/2019\/08\/Logo-ClinicallyTested.jpg 472w, https:\/\/www.biocollagenix.com\/wp-content\/uploads\/2019\/08\/Logo-ClinicallyTested-150x150.jpg 150w, https:\/\/www.biocollagenix.com\/wp-content\/uploads\/2019\/08\/Logo-ClinicallyTested-300x300.jpg 300w\" sizes=\"(max-width: 75px) 100vw, 75px\" \/><\/figure><\/div>\n<\/div><\/div>\n<\/div><\/div><\/div>\n<\/div><\/div>\n<\/div><\/div><\/div>\n\n\n<style id=\"kt-blocks_27ed5f-80\">#kt-layout-id_27ed5f-80 > .kt-row-column-wrap{padding-top:60px;padding-bottom:60px;}<\/style>\n<div class=\"wp-block-kadence-rowlayout alignnone box-recensioni container\"><div id=\"kt-layout-id_27ed5f-80\" class=\"kt-row-layout-inner kt-layout-id_27ed5f-80\"><div class=\"kt-row-column-wrap kt-has-1-columns kt-gutter-default kt-v-gutter-default kt-row-valign-top kt-row-layout-equal kt-tab-layout-inherit kt-m-colapse-left-to-right kt-mobile-layout-row\">\n<div class=\"wp-block-kadence-column inner-column-1 kadence-column_e8fd8b-9c\"><div class=\"kt-inside-inner-col\">\n\n\n\n<p style=\"font-size:19px\" class=\"has-text-align-center\">Biocollagenix Eye&nbsp;Patch ha sido comentado 0 veces!<\/p>\n\n\n<div class=\"container comments-wrapper\">\n    <div class=\"content bg-form-comment\">\n\n        \t<div id=\"respond\" class=\"comment-respond\">\n\t\t<h3 id=\"reply-title\" class=\"comment-reply-title\">Escribe una rese\u00f1a<\/h3><form action=\"https:\/\/www.biocollagenix.com\/wp-comments-post.php\" method=\"post\" id=\"commentform\" class=\"comment-form\">\n    <div class=\"comment-rating\">\n\t    <label class=\"rating\" for=\"rating\">Valuta: <\/label>\n        <fieldset class=\"comments-rating\">\n            <span class=\"rating-container\">\n                                    <input type=\"radio\" id=\"rating-5\" name=\"rating\" value=\"5\"  \/>\n                    <label for=\"rating-5\">5<\/label>\n                                    <input type=\"radio\" id=\"rating-4\" name=\"rating\" value=\"4\"  \/>\n                    <label for=\"rating-4\">4<\/label>\n                                    <input type=\"radio\" id=\"rating-3\" name=\"rating\" value=\"3\"  \/>\n                    <label for=\"rating-3\">3<\/label>\n                                    <input type=\"radio\" id=\"rating-2\" name=\"rating\" value=\"2\"  \/>\n                    <label for=\"rating-2\">2<\/label>\n                                    <input type=\"radio\" id=\"rating-1\" name=\"rating\" value=\"1\" required \/>\n                    <label for=\"rating-1\">1<\/label>\n                            <\/span>\n        <\/fieldset>\n    <\/div>\n\n    <p class=\"comment-title\">\n        <label for =\"title\"> Aggiungi un titolo: <\/label>\n        <input id=\"title\" name=\"title\" value=\"\" size=\"30\" maxlength=\"245\" required=\"required\" type=\"text\">\n    <\/p>\n\n<p class=\"comment-form-author\"><label for=\"author\">Aggiungi il nome che apparir\u00e0:<\/label> <input id=\"author\" name=\"author\" value=\"\" size=\"30\" maxlength=\"245\" type=\"text\" required><\/p>\n<p class=\"comment-form-comment\"><label for=\"comment\">Aggiungi una recensione:<\/label> <textarea id=\"comment\" name=\"comment\" cols=\"45\" rows=\"8\" maxlength=\"65525\" required=\"required\"><\/textarea><\/p><p class=\"comment-form-privacy\"><input type=\"checkbox\" name=\"privacy-disc\" required> Informativa sulla<a href=\"\/privacy\" target=\"_blank\"> privacy<\/a><\/p><input name=\"wpml_language_code\" type=\"hidden\" value=\"es\" \/><p class=\"form-submit\"><input name=\"submit\" type=\"submit\" id=\"submit\" class=\"submit\" value=\"enviar\" \/> <input type='hidden' name='comment_post_ID' value='3104' id='comment_post_ID' \/>\n<input type='hidden' name='comment_parent' id='comment_parent' value='0' \/>\n<\/p><\/form>\t<\/div><!-- #respond -->\n\t\n    <\/div>\n\n        <\/div>\n<\/div><\/div>\n<\/div><\/div><\/div>\n\n\n<style id=\"kt-blocks_6c9589-af\">#kt-layout-id_6c9589-af{background-color:#ffe1d7;background-image:url('https:\/\/www.biocollagenix.com\/wp-content\/uploads\/2019\/01\/fascione-scheda-prodotto-eye-patch.jpg');background-size:cover;background-position:center center;background-attachment:scroll;background-repeat:no-repeat;}#kt-layout-id_6c9589-af > .kt-row-column-wrap{padding-top:70px;padding-bottom:70px;padding-left:30px;padding-right:30px;max-width:1170px;margin-left:auto;margin-right:auto;}@media all and (max-width: 767px){#kt-layout-id_6c9589-af > .kt-row-column-wrap{padding-top:30px;padding-bottom:30px;}}<\/style>\n<div class=\"wp-block-kadence-rowlayout alignnone alignundefined hide-bg-mobile\"><div id=\"kt-layout-id_6c9589-af\" class=\"kt-row-layout-inner kt-row-has-bg kt-layout-id_6c9589-af\"><div class=\"kt-row-column-wrap kt-has-2-columns kt-gutter-default kt-v-gutter-default kt-row-valign-middle kt-row-layout-equal kt-tab-layout-inherit kt-m-colapse-left-to-right kt-mobile-layout-row\">\n<div class=\"wp-block-kadence-column inner-column-1 kadence-column_f776dd-d3\"><div class=\"kt-inside-inner-col\">\n<figure class=\"wp-block-image is-resized hide-on-desk\"><img loading=\"lazy\" decoding=\"async\" src=\"https:\/\/www.biocollagenix.com\/wp-content\/uploads\/2019\/01\/fascione-prodotto-collagene-eye-mob.jpg\" alt=\"\" class=\"wp-image-2402\" width=\"560\" height=\"560\" srcset=\"https:\/\/www.biocollagenix.com\/wp-content\/uploads\/2019\/01\/fascione-prodotto-collagene-eye-mob.jpg 560w, https:\/\/www.biocollagenix.com\/wp-content\/uploads\/2019\/01\/fascione-prodotto-collagene-eye-mob-150x150.jpg 150w, https:\/\/www.biocollagenix.com\/wp-content\/uploads\/2019\/01\/fascione-prodotto-collagene-eye-mob-300x300.jpg 300w\" sizes=\"(max-width: 560px) 100vw, 560px\" \/><\/figure>\n\n\n<style id=\"kt-blocks_edb002-04\">#kt-adv-heading_edb002-04 mark, #kt-adv-heading_edb002-04 .wp-block-kadence-advancedheading mark, .kt-adv-heading_edb002-04[data-kb-block=\"kb-adv-heading_edb002-04\"] mark{padding:0px 0px 0px 0px;}<\/style>\n<h2 id=\"kt-adv-heading_edb002-04\" class=\"kt-adv-heading_edb002-04 wp-block-kadence-advancedheading\">Eye&nbsp;Patch: la soluci\u00f3n definitiva contra las ojeras<br><\/h2>\n\n\n\n<p><strong>Las ojeras y las arrugas en torno a los ojos<\/strong>&nbsp;son un problema com\u00fan y molesto. Gran parte del brillo del rostro depende de estas zonas.<br><\/p>\n\n\n\n<p><strong>Biocollagenix Eye&nbsp;Patch<\/strong>&nbsp;hidrata y relaja la piel, reduce las huellas de la fatiga y reduce la hinchaz\u00f3n y las marcas de las ojeras.&nbsp;El hidrogel especial se suministra en un soporte suave de no tejido, pr\u00e1ctico y f\u00e1cil de usar. &nbsp;<br><\/p>\n\n\n\n<div style=\"height:20px\" aria-hidden=\"true\" class=\"wp-block-spacer\"><\/div>\n\n\n<style id=\"kt-blocks_170f16-3e\">.wp-block-kadence-advancedbtn.kt-btns_170f16-3e .kt-btn-wrap-0 .kt-button{padding-left:25px;padding-right:25px;padding-top:15px;padding-bottom:15px;color:#184489;font-size:15px;background:transparent;border-color:#184489;}.wp-block-kadence-advancedbtn.kt-btns_170f16-3e .kt-btn-wrap-0 .kt-button:hover, .wp-block-kadence-advancedbtn.kt-btns_170f16-3e .kt-btn-wrap-0 .kt-button:focus{color:#ffffff;border-color:#184489;}.wp-block-kadence-advancedbtn.kt-btns_170f16-3e .kt-btn-wrap-0 .kt-button::before{display:none;}.wp-block-kadence-advancedbtn.kt-btns_170f16-3e .kt-btn-wrap-0 .kt-button:hover, .wp-block-kadence-advancedbtn.kt-btns_170f16-3e .kt-btn-wrap-0 .kt-button:focus{background:#184489;}.wp-block-kadence-advancedbtn.kt-btns_170f16-3e .kt-btn-wrap-1 .kt-button{color:#555555;font-size:18px;background:transparent;border-color:#555555;}.wp-block-kadence-advancedbtn.kt-btns_170f16-3e .kt-btn-wrap-1 .kt-button:hover, .wp-block-kadence-advancedbtn.kt-btns_170f16-3e .kt-btn-wrap-1 .kt-button:focus{color:#ffffff;border-color:#444444;}.wp-block-kadence-advancedbtn.kt-btns_170f16-3e .kt-btn-wrap-1 .kt-button::before{display:none;}.wp-block-kadence-advancedbtn.kt-btns_170f16-3e .kt-btn-wrap-1 .kt-button:hover, .wp-block-kadence-advancedbtn.kt-btns_170f16-3e .kt-btn-wrap-1 .kt-button:focus{background:#444444;}<\/style>\n<div class=\"wp-block-kadence-advancedbtn kt-btn-align-left kt-btn-tablet-align-inherit kt-btn-mobile-align-inherit kt-btns-wrap kt-btns_170f16-3e\"><div class=\"kt-btn-wrap kt-btn-wrap-0\"><a class=\"kt-button button kt-btn-0-action kt-btn-size-custom kt-btn-style-basic kt-btn-svg-show-always kt-btn-has-text-true kt-btn-has-svg-false\" href=\"https:\/\/www.biocollagenix.com\/es\/ventajas-del-colageno\/propiedades-de-los-parches-oculares\/\" style=\"border-radius:0px;border-width:2px\"><span class=\"kt-btn-inner-text\">INF\u00d3RMATE SOBRE SUS VENTAJAS<\/span><\/a><\/div><\/div>\n<\/div><\/div>\n\n\n\n<div class=\"wp-block-kadence-column inner-column-2 kadence-column_c227c9-11\"><div class=\"kt-inside-inner-col\"><\/div><\/div>\n<\/div><\/div><\/div>\n\n\n<div class=\"products\">\n    <div class=\"container\">\n        <h3 class=\"products__title\">\n            Descubre los productos de col\u00e1geno         <\/h3>\n        <div class=\"products__list\">\n                                                <div class=\"product\">\n                        <div class=\"product__image\">\n                            <a href=\"https:\/\/www.biocollagenix.com\/es\/biocollagenix-en-tabletas-ovalette\/\"><img decoding=\"async\" src=\"https:\/\/www.biocollagenix.com\/wp-content\/uploads\/2019\/10\/ovalette.png\"><\/a>\n                        <\/div>\n                        <div class=\"product__name\">\n                            <a href=\"https:\/\/www.biocollagenix.com\/es\/biocollagenix-en-tabletas-ovalette\/\">Biocollagenix en tabletas ovalette<\/a>\n                        <\/div>\n                        <div class=\"product__excerpt\">\n                            Complemento alimenticio a base de Col\u00e1geno marino .                        <\/div>\n                    <\/div>\n                                                                                            <div class=\"product\">\n                        <div class=\"product__image\">\n                            <a href=\"https:\/\/www.biocollagenix.com\/es\/colageno-en-comprimidos\/\"><img decoding=\"async\" src=\"https:\/\/www.biocollagenix.com\/wp-content\/uploads\/2019\/07\/tavolette-collagene-biocollagenix-new.png\"><\/a>\n                        <\/div>\n                        <div class=\"product__name\">\n                            <a href=\"https:\/\/www.biocollagenix.com\/es\/colageno-en-comprimidos\/\">Col\u00e1geno en comprimidos<\/a>\n                        <\/div>\n                        <div class=\"product__excerpt\">\n                            Suplemento con base de col\u00e1geno marino hidrolizado en comprimidos                         <\/div>\n                    <\/div>\n                                                                <div class=\"product\">\n                        <div class=\"product__image\">\n                            <a href=\"https:\/\/www.biocollagenix.com\/es\/bebida-de-colageno\/\"><img decoding=\"async\" src=\"https:\/\/www.biocollagenix.com\/wp-content\/uploads\/2019\/07\/collagene-bere-new.png\"><\/a>\n                        <\/div>\n                        <div class=\"product__name\">\n                            <a href=\"https:\/\/www.biocollagenix.com\/es\/bebida-de-colageno\/\">Bebida de col\u00e1geno<\/a>\n                        <\/div>\n                        <div class=\"product__excerpt\">\n                            Col\u00e1geno en parches oculares: un producto para el tratamiento antiojeras                         <\/div>\n                    <\/div>\n                                    <\/div>\n    <\/div>\n<\/div>\n\n","protected":false},"excerpt":{"rendered":"<p>Col\u00e1geno en parches oculares: un producto para el tratamiento antiojeras <\/p>\n","protected":false},"author":4,"featured_media":2944,"parent":0,"menu_order":0,"comment_status":"open","ping_status":"closed","template":"template-product.php","meta":{"kt_blocks_editor_width":"fullwidth","footnotes":""},"class_list":["post-3104","page","type-page","status-publish","has-post-thumbnail","hentry"],"_links":{"self":[{"href":"https:\/\/www.biocollagenix.com\/es\/wp-json\/wp\/v2\/pages\/3104"}],"collection":[{"href":"https:\/\/www.biocollagenix.com\/es\/wp-json\/wp\/v2\/pages"}],"about":[{"href":"https:\/\/www.biocollagenix.com\/es\/wp-json\/wp\/v2\/types\/page"}],"author":[{"embeddable":true,"href":"https:\/\/www.biocollagenix.com\/es\/wp-json\/wp\/v2\/users\/4"}],"replies":[{"embeddable":true,"href":"https:\/\/www.biocollagenix.com\/es\/wp-json\/wp\/v2\/comments?post=3104"}],"version-history":[{"count":15,"href":"https:\/\/www.biocollagenix.com\/es\/wp-json\/wp\/v2\/pages\/3104\/revisions"}],"predecessor-version":[{"id":4873,"href":"https:\/\/www.biocollagenix.com\/es\/wp-json\/wp\/v2\/pages\/3104\/revisions\/4873"}],"wp:featuredmedia":[{"embeddable":true,"href":"https:\/\/www.biocollagenix.com\/es\/wp-json\/wp\/v2\/media\/2944"}],"wp:attachment":[{"href":"https:\/\/www.biocollagenix.com\/es\/wp-json\/wp\/v2\/media?parent=3104"}],"curies":[{"name":"wp","href":"https:\/\/api.w.org\/{rel}","templated":true}]}}