{"id":3098,"date":"2017-01-26T12:32:24","date_gmt":"2017-01-26T11:32:24","guid":{"rendered":"https:\/\/www.biocollagenix.com\/opinioni-biocollagenix-integratore-antirughe\/"},"modified":"2019-08-02T14:48:55","modified_gmt":"2019-08-02T12:48:55","slug":"opiniones-externas","status":"publish","type":"page","link":"https:\/\/www.biocollagenix.com\/es\/opiniones-externas\/","title":{"rendered":"Opiniones externas"},"content":{"rendered":"<style id=\"kt-blocks_babf4c-c5\">#kt-layout-id_babf4c-c5{background-image:url('https:\/\/www.biocollagenix.com\/wp-content\/uploads\/2019\/01\/bg-dicono-dinoi.jpg');background-size:cover;background-position:center center;background-attachment:scroll;background-repeat:no-repeat;}#kt-layout-id_babf4c-c5 > .kt-row-column-wrap{padding-top:0px;max-width:1170px;margin-left:auto;margin-right:auto;}<\/style>\n<div class=\"wp-block-kadence-rowlayout alignnone\"><div id=\"kt-layout-id_babf4c-c5\" class=\"kt-row-layout-inner kt-row-has-bg kt-layout-id_babf4c-c5\"><div class=\"kt-row-column-wrap kt-has-1-columns kt-gutter-default kt-row-valign-top kt-row-layout-equal kt-tab-layout-inherit kt-m-colapse-left-to-right kt-mobile-layout-row\">\n<div class=\"wp-block-kadence-column kadence-column4163 inner-column-1\"><div class=\"kt-inside-inner-col\">\t<div class=\"breadcrumb-container \">\n\t\t<div class=\"breadcrumbs\">\n\t\t\t<span property=\"itemListElement\" typeof=\"ListItem\"><a property=\"item\" typeof=\"WebPage\" title=\"Ir a Inicio.\" href=\"https:\/\/www.biocollagenix.com\/es\/\" class=\"home\" aria-current=\"page\"><span property=\"name\">Inicio<\/span><\/a><meta property=\"position\" content=\"1\"><\/span>\t\t<\/div>\n\t<\/div>\n\n\n\n\n<h1 id=\"kt-adv-heading_5f3410-16\" class=\"wp-block-kadence-advancedheading\">\u00bfQuieres aprender m\u00e1s sobre Biocollagenix?<br\/>\u00a1Preg\u00fantale a quien ya prob\u00f3 la bebida de belleza!<br\/><\/h1>\n\n\n\n<p>Lee las opiniones de bloggers que han probado Biocollagenix.<br>Descubre todos los detalles en los art\u00edculos, fotos de Instagram y publicaciones de Facebook que hemos recopilado en esta secci\u00f3n.<br><\/p>\n<\/div><\/div>\n<\/div><\/div><\/div>\n\n\n\n<div class=\"internal-section blogger-page\">\n<div class=\"container clearfix\">\n<div class=\"content clearfix\">\n<h3 class=\"titolo\">Lee las opiniones de bloggers que han probado Biocollagenix.<\/h3>\n<p class=\"sottotitolo\">Te presentamos un extracto de los art\u00edculos, fotos de Instagram y publicaciones de Facebook que hemos recopilado para vosotros.<\/p>\n<div class=\"box\">\n<figure><img loading=\"lazy\" decoding=\"async\" src=\"https:\/\/www.biocollagenix.com\/wp-content\/uploads\/2017\/01\/icona-instagram.gif\" alt=\"Icono de Instagram\" width=\"26\" height=\"27\"\/><\/figure><p class=\"name\"><a href=\"https:\/\/www.instagram.com\/p\/BLHMO_dBn2k\/?taken-by=laurachiari_8\" target=\"_blank\" rel=\"noopener\">laurachiari_8<\/a><\/p>\n<p class=\"extra\">Una tarde de mimos. He probado la <b>#beautyDrink<\/b> de <b>@esi.italia<\/b> con col\u00e1geno marino y \u00e1cido hialur\u00f3nico. \u00a1Biocollagenix es <b>#antiage<\/b> en bebida para una piel m\u00e1s bella y radiante!<\/p>\n<figure><img loading=\"lazy\" decoding=\"async\" class=\"alignnone size-full wp-image-1080\" src=\"https:\/\/www.biocollagenix.com\/wp-content\/uploads\/2017\/01\/icina-facebook.gif\" alt=\"Icono de Facebook\" width=\"28\" height=\"28\"\/><\/figure><p class=\"name\"><a href=\"https:\/\/m.facebook.com\/story.php?story_fbid=882559855177090&amp;substory_index=0&amp;id=346827715416976\" target=\"_blank\" rel=\"noopener\">Biancaneve makeup<\/a><\/p>\n<p class=\"title bg\"><a href=\"http:\/\/www.mysecretroom.it\/Biocollagenina-un-sorso-di-bellezza\/\" target=\"_blank\" rel=\"noopener\">Biocollagenix, un sorbo de belleza<\/a><\/p>\n<p class=\"extra bg\">\u00bfPor d\u00f3nde empiezas cuando quieres hablar de belleza? Cada persona tiene una visi\u00f3n \u00edntima de ello. Dicen que la belleza est\u00e1 en los ojos del que mira. De hecho, no creo que algo sea bello y emocionante para todos de la misma manera&#8230;<\/p>\n<figure><img loading=\"lazy\" decoding=\"async\" class=\"alignnone size-full wp-image-1071\" src=\"https:\/\/www.biocollagenix.com\/wp-content\/uploads\/2017\/01\/icona-blog.png\" alt=\"Icono de blog\" width=\"29\" height=\"28\"\/><\/figure><p><em><b>Mysecretroom<\/b>, de Maria Teresa Calce<\/em><\/p>\n<figure><img loading=\"lazy\" decoding=\"async\" class=\"alignnone size-full wp-image-1068\" src=\"https:\/\/www.biocollagenix.com\/wp-content\/uploads\/2017\/01\/icona-instagram.gif\" alt=\"Icono de Instagram\" width=\"26\" height=\"27\"\/><\/figure><p class=\"name\"><a href=\"http:\/\/www.imgrum.net\/media\/1359581260955348186_3150998165\" target=\"_blank\" rel=\"noopener\">cristiana_banchetti<\/a><\/p>\n<p class=\"border\">&nbsp;<\/p>\n<\/div>\n<div class=\"box\">\n<p class=\"title\"><a href=\"http:\/\/tasteofstyle.it\/prendersi-cura-di-se\/\" target=\"_blank\" rel=\"noopener\">C\u00f3mo cuidarse<\/a><\/p>\n<p class=\"sottotitolo\"><b>Taste of style<\/b>, de Federica Visconti<\/p>\n<p class=\"title bg\"><a href=\"http:\/\/tasteofstyle.it\/prendersi-cura-di-se\/\" target=\"_blank\" rel=\"noopener\">La f\u00f3rmula Biocollagenix Beauty Drink<\/a><\/p>\n<p class=\"extra bg\">Se basa en col\u00e1geno marino hidrolizado, \u00e1cido hialur\u00f3nico, resveratrol, zumo de ar\u00e1ndanos, vitamina C, cobre y zinc. Estas pr\u00e1cticas bebidas para tomar una vez al d\u00eda garantizan un efecto antioxidante gracias a las bayas de ar\u00e1ndano&#8230;<\/p>\n<figure><img loading=\"lazy\" decoding=\"async\" class=\"alignnone size-full wp-image-1071\" src=\"https:\/\/www.biocollagenix.com\/wp-content\/uploads\/2017\/01\/icona-blog.png\" alt=\"Icono de blog\" width=\"29\" height=\"28\"\/><\/figure><p> <em><b>Missandmakeup<\/b>, de Sara Aiello<\/em><\/p>\n<p class=\"title bg\"><a href=\"https:\/\/www.alessiafoglia.com\/beauty\/stop-alle-rughe-beauty-drink-biocollagenina-esi\/\" target=\"_blank\" rel=\"noopener\">Det\u00e9n las arrugas con la bebida de belleza Biocollagenix de ESI<\/a><\/p>\n<p class=\"extra bg\">Det\u00e9n las arrugas con la bebida de belleza Biocollagenix de ESI Os tengo que confesar que no soy inmune al creciente inter\u00e9s por&#8230;<\/p>\n<figure><img loading=\"lazy\" decoding=\"async\" class=\"alignnone size-full wp-image-1071\" src=\"https:\/\/www.biocollagenix.com\/wp-content\/uploads\/2017\/01\/icona-blog.png\" alt=\"Icono de blog\" width=\"29\" height=\"28\"\/><\/figure><p><em><b>Nothingtoamend<\/b>, de Alessia Foglia<\/em><\/p>\n<p class=\"title bg\"><a href=\"http:\/\/www.uptowngirl.it\/2016\/10\/biocollagenina-il-mio-naturale-segreto-di-bellezza.html\" target=\"_blank\" rel=\"noopener\">Biocollagenix, mi secreto de belleza natural.<\/a><\/p>\n<p class=\"extra bg\">Hay una \u00e9poca para la despreocupaci\u00f3n, las noches a tope y las escapadas con amigos. Luego, la edad avanza y la cajita del maquillaje debe hacer sitio a las cremas antiarrugas, los exfoliantes y los sueros de juventud.<\/p>\n<figure><img loading=\"lazy\" decoding=\"async\" class=\"alignnone size-full wp-image-1071\" src=\"https:\/\/www.biocollagenix.com\/wp-content\/uploads\/2017\/01\/icona-blog.png\" alt=\"Icono de blog\" width=\"29\" height=\"28\"\/><\/figure><p><em><b>Uptowngirl<\/b><\/em><\/p>\n<p class=\"border\">&nbsp;<\/p>\n<\/div>\n<div class=\"box no-margin\">\n<figure><img loading=\"lazy\" decoding=\"async\" class=\"alignnone size-full wp-image-1068\" src=\"https:\/\/www.biocollagenix.com\/wp-content\/uploads\/2017\/01\/icona-instagram.gif\" alt=\"Icono de Instagram\" width=\"26\" height=\"27\"\/><\/figure><p class=\"name\"><a href=\"https:\/\/www.instagram.com\/p\/BL-kojFjNgP\/\" target=\"_blank\" rel=\"noopener\">biancanevemakeup<\/a><\/p>\n<p class=\"extra\">\u00a1Buenas noticias para la piel! Ahora, la edad es la que es y hace falta una ayudita para mantener la piel el\u00e1stica, suave y joven.<\/p>\n<p class=\"name\"><b>Miss And Makeup<\/b><\/p>\n<p class=\"title bg\"><a href=\"http:\/\/www.mariarosaneri.it\/bellezza-coccole\/\" target=\"_blank\" rel=\"noopener\">Belleza y mimos<\/a><\/p>\n<p class=\"extra bg\">Los mimos nunca son suficientes, que te lo digo yo. Me gusta darlos, recibirlos y d\u00e1rmelos a m\u00ed misma: son los menos habituales y los m\u00e1s deliciosos.<\/p>\n<figure><img loading=\"lazy\" decoding=\"async\" class=\"alignnone size-full wp-image-1071\" src=\"https:\/\/www.biocollagenix.com\/wp-content\/uploads\/2017\/01\/icona-blog.png\" alt=\"Icono de blog\" width=\"29\" height=\"28\"\/><\/figure><p><em><b>Maria Rosa Neri<\/b><\/em><\/p>\n<p class=\"title\"><a href=\"http:\/\/www.sarahbalivo.com\/Biocollagenina-un-sorso-di-bellezza-ogni-mattina\/\" target=\"_blank\" rel=\"noopener\">Un sorbo de belleza cada ma\u00f1ana<\/a><\/p>\n<p class=\"sottotitolo\"><b>2 biscotti nel t\u00e8<\/b>, de Sara Balivo<\/p>\n<\/div>\n<\/div>\n<\/div>\n<\/div>\n","protected":false},"excerpt":{"rendered":"<p>Lee las opiniones de bloggers que han probado Biocollagenix. Te presentamos un extracto de los art\u00edculos, fotos de Instagram y publicaciones de Facebook que hemos recopilado para vosotros. laurachiari_8 Una tarde de mimos. He probado la #beautyDrink de @esi.italia con col\u00e1geno marino y \u00e1cido hialur\u00f3nico. \u00a1Biocollagenix es #antiage en bebida para una piel m\u00e1s bella [&hellip;]<\/p>\n","protected":false},"author":3,"featured_media":0,"parent":0,"menu_order":0,"comment_status":"closed","ping_status":"closed","template":"","meta":{"kt_blocks_editor_width":"fullwidth","footnotes":""},"class_list":["post-3098","page","type-page","status-publish","hentry"],"_links":{"self":[{"href":"https:\/\/www.biocollagenix.com\/es\/wp-json\/wp\/v2\/pages\/3098"}],"collection":[{"href":"https:\/\/www.biocollagenix.com\/es\/wp-json\/wp\/v2\/pages"}],"about":[{"href":"https:\/\/www.biocollagenix.com\/es\/wp-json\/wp\/v2\/types\/page"}],"author":[{"embeddable":true,"href":"https:\/\/www.biocollagenix.com\/es\/wp-json\/wp\/v2\/users\/3"}],"replies":[{"embeddable":true,"href":"https:\/\/www.biocollagenix.com\/es\/wp-json\/wp\/v2\/comments?post=3098"}],"version-history":[{"count":3,"href":"https:\/\/www.biocollagenix.com\/es\/wp-json\/wp\/v2\/pages\/3098\/revisions"}],"predecessor-version":[{"id":3626,"href":"https:\/\/www.biocollagenix.com\/es\/wp-json\/wp\/v2\/pages\/3098\/revisions\/3626"}],"wp:attachment":[{"href":"https:\/\/www.biocollagenix.com\/es\/wp-json\/wp\/v2\/media?parent=3098"}],"curies":[{"name":"wp","href":"https:\/\/api.w.org\/{rel}","templated":true}]}}