{"id":3085,"date":"2016-09-02T09:05:11","date_gmt":"2016-09-02T07:05:11","guid":{"rendered":"https:\/\/www.biocollagenix.com\/contatti\/"},"modified":"2019-11-19T11:48:55","modified_gmt":"2019-11-19T10:48:55","slug":"contacto","status":"publish","type":"page","link":"https:\/\/www.biocollagenix.com\/es\/contacto\/","title":{"rendered":"Contacto"},"content":{"rendered":"<style id=\"kt-blocks_1bb0ea-da\">#kt-layout-id_1bb0ea-da{background-color:#f7f7f7;}#kt-layout-id_1bb0ea-da > .kt-row-column-wrap{padding-top:0px;max-width:1170px;margin-left:auto;margin-right:auto;}<\/style>\n<div class=\"wp-block-kadence-rowlayout alignnone\"><div id=\"kt-layout-id_1bb0ea-da\" class=\"kt-row-layout-inner kt-row-has-bg kt-layout-id_1bb0ea-da\"><div class=\"kt-row-column-wrap kt-has-1-columns kt-gutter-default kt-row-valign-top kt-row-layout-equal kt-tab-layout-inherit kt-m-colapse-left-to-right kt-mobile-layout-row\">\n<div class=\"wp-block-kadence-column kadence-column1324 inner-column-1\"><div class=\"kt-inside-inner-col\">\t<div class=\"breadcrumb-container \">\n\t\t<div class=\"breadcrumbs\">\n\t\t\t<span property=\"itemListElement\" typeof=\"ListItem\"><a property=\"item\" typeof=\"WebPage\" title=\"Ir a Inicio.\" href=\"https:\/\/www.biocollagenix.com\/es\/\" class=\"home\" aria-current=\"page\"><span property=\"name\">Inicio<\/span><\/a><meta property=\"position\" content=\"1\"><\/span>\t\t<\/div>\n\t<\/div>\n\n\n\n\n<h1 id=\"kt-adv-heading_31b0bd-c2\" class=\"wp-block-kadence-advancedheading\">Contacto<\/h1>\n<\/div><\/div>\n<\/div><\/div><\/div>\n\n\n<style id=\"kt-blocks_9ae69f-9b\">@media all and (min-width: 768px){#kt-layout-id_9ae69f-9b > .kt-row-column-wrap > .inner-column-1{flex:0 1 70%;-webkit-flex:0 1 70%;}#kt-layout-id_9ae69f-9b > .kt-row-column-wrap > .inner-column-2{flex:0 1 30%;-webkit-flex:0 1 30%;}}#kt-layout-id_9ae69f-9b > .kt-row-column-wrap{padding-left:15px;padding-right:15px;max-width:1170px;margin-left:auto;margin-right:auto;}@media all and (max-width: 767px){#kt-layout-id_9ae69f-9b > .kt-row-column-wrap{padding-left:15px;padding-right:15px;}}<\/style>\n<div class=\"wp-block-kadence-rowlayout alignnone\"><div id=\"kt-layout-id_9ae69f-9b\" class=\"kt-row-layout-inner  kt-layout-id_9ae69f-9b\"><div class=\"kt-row-column-wrap kt-has-2-columns kt-gutter-wider kt-row-valign-top kt-row-layout-equal kt-tab-layout-inherit kt-m-colapse-left-to-right kt-mobile-layout-row kt-custom-first-width-70\">\n<div class=\"wp-block-kadence-column kadence-column2098 inner-column-1\"><div class=\"kt-inside-inner-col\">\n<p>Rellena los campos con tu nombre, apellidos y correo electr\u00f3nico y responderemos a tus necesidades<br><\/p>\n\n\n\n<div class=\"wpcf7 no-js\" id=\"wpcf7-f835-o1\" lang=\"it-IT\" dir=\"ltr\" data-wpcf7-id=\"835\">\n<div class=\"screen-reader-response\"><p role=\"status\" aria-live=\"polite\" aria-atomic=\"true\"><\/p> <ul><\/ul><\/div>\n<form action=\"\/es\/wp-json\/wp\/v2\/pages\/3085#wpcf7-f835-o1\" method=\"post\" class=\"wpcf7-form init wpcf7-acceptance-as-validation\" aria-label=\"Modulo di contatto\" novalidate=\"novalidate\" data-status=\"init\">\n<div style=\"display: none;\">\n<input type=\"hidden\" name=\"_wpcf7\" value=\"835\" \/>\n<input type=\"hidden\" name=\"_wpcf7_version\" value=\"6.0.6\" \/>\n<input type=\"hidden\" name=\"_wpcf7_locale\" value=\"it_IT\" \/>\n<input type=\"hidden\" name=\"_wpcf7_unit_tag\" value=\"wpcf7-f835-o1\" \/>\n<input type=\"hidden\" name=\"_wpcf7_container_post\" value=\"0\" \/>\n<input type=\"hidden\" name=\"_wpcf7_posted_data_hash\" value=\"\" \/>\n<input type=\"hidden\" name=\"_wpcf7_recaptcha_response\" value=\"\" \/>\n<\/div>\n<div class=\"wpcf7-response-output\" aria-hidden=\"true\"><\/div>\n<p>Nombre<span class=\"verde\">*<\/span>\n<\/p>\n<p><span class=\"wpcf7-form-control-wrap\" data-name=\"first-name\"><input size=\"40\" maxlength=\"400\" class=\"wpcf7-form-control wpcf7-text wpcf7-validates-as-required\" aria-required=\"true\" aria-invalid=\"false\" value=\"\" type=\"text\" name=\"first-name\" \/><\/span>\n<\/p>\n<p>Apellidos <span class=\"verde\">*<\/span>\n<\/p>\n<p><span class=\"wpcf7-form-control-wrap\" data-name=\"last-name\"><input size=\"40\" maxlength=\"400\" class=\"wpcf7-form-control wpcf7-text wpcf7-validates-as-required\" aria-required=\"true\" aria-invalid=\"false\" value=\"\" type=\"text\" name=\"last-name\" \/><\/span>\n<\/p>\n<p>Email <span class=\"verde\">*<\/span>\n<\/p>\n<p><span class=\"wpcf7-form-control-wrap\" data-name=\"email\"><input size=\"40\" maxlength=\"400\" class=\"wpcf7-form-control wpcf7-email wpcf7-validates-as-required wpcf7-text wpcf7-validates-as-email\" aria-required=\"true\" aria-invalid=\"false\" value=\"\" type=\"email\" name=\"email\" \/><\/span>\n<\/p>\n<p>Mensaje\n<\/p>\n<p><span class=\"wpcf7-form-control-wrap\" data-name=\"message\"><textarea cols=\"40\" rows=\"10\" maxlength=\"2000\" class=\"wpcf7-form-control wpcf7-textarea\" aria-invalid=\"false\" name=\"message\"><\/textarea><\/span>\n<\/p>\n<p><span class=\"wpcf7-form-control-wrap\" data-name=\"privacy\"><span class=\"wpcf7-form-control wpcf7-acceptance\"><span class=\"wpcf7-list-item\"><input type=\"checkbox\" name=\"privacy\" value=\"1\" aria-invalid=\"false\" \/><\/span><\/span><\/span> Acepto la nota informativa de <a href=\"\/es\/privacy\/\">privacidad<\/a>\n<\/p>\n<p><input class=\"wpcf7-form-control wpcf7-submit has-spinner\" type=\"submit\" value=\"Enviar\" \/>\n<\/p>\n<div class=\"wpcf7-response-output\" aria-hidden=\"true\"><\/div>\n<\/form>\n<\/div>\n\n<\/div><\/div>\n\n\n\n<div class=\"wp-block-kadence-column kadence-column6305 inner-column-2\"><div class=\"kt-inside-inner-col\">\n<h3 id=\"kt-adv-heading_edd667-1f\" class=\"wp-block-kadence-advancedheading\">ESI srl<br\/><\/h3>\n\n\n\n<p><strong>Sede legal<\/strong><br>Corso Ferrari 74\/6<br>17011 Albisola Superiore (SV) Italia<br>N\u00famero de identificaci\u00f3n fiscal: 01099380105<br>N\u00famero fiscal: 11264680155<br>N\u00famero del REA: SV-102611<\/p>\n\n\n\n<p><strong>Sede operativa<\/strong><br>Via delle Industrie 1<br>17012 Albissola Marina (SV) Italy<\/p>\n\n\n\n<p>Atenci\u00f3n al cliente: +39 01940192234<br>Tel\u00e9fono: +39 019486923<br>Fax: +39 019486925<br>Correo electr\u00f3nico:&nbsp;<a href=\"mailto:esi@esi.it\">esi@esi.it<\/a><br>email:&nbsp;<a href=\"mailto:esi@esi.it\">esi@esi.it<\/a><\/p>\n\n\n\n<p><br><\/p>\n<\/div><\/div>\n<\/div><\/div><\/div>\n","protected":false},"excerpt":{"rendered":"","protected":false},"author":3,"featured_media":0,"parent":0,"menu_order":0,"comment_status":"closed","ping_status":"closed","template":"","meta":{"kt_blocks_editor_width":"fullwidth","footnotes":""},"class_list":["post-3085","page","type-page","status-publish","hentry"],"_links":{"self":[{"href":"https:\/\/www.biocollagenix.com\/es\/wp-json\/wp\/v2\/pages\/3085"}],"collection":[{"href":"https:\/\/www.biocollagenix.com\/es\/wp-json\/wp\/v2\/pages"}],"about":[{"href":"https:\/\/www.biocollagenix.com\/es\/wp-json\/wp\/v2\/types\/page"}],"author":[{"embeddable":true,"href":"https:\/\/www.biocollagenix.com\/es\/wp-json\/wp\/v2\/users\/3"}],"replies":[{"embeddable":true,"href":"https:\/\/www.biocollagenix.com\/es\/wp-json\/wp\/v2\/comments?post=3085"}],"version-history":[{"count":6,"href":"https:\/\/www.biocollagenix.com\/es\/wp-json\/wp\/v2\/pages\/3085\/revisions"}],"predecessor-version":[{"id":4648,"href":"https:\/\/www.biocollagenix.com\/es\/wp-json\/wp\/v2\/pages\/3085\/revisions\/4648"}],"wp:attachment":[{"href":"https:\/\/www.biocollagenix.com\/es\/wp-json\/wp\/v2\/media?parent=3085"}],"curies":[{"name":"wp","href":"https:\/\/api.w.org\/{rel}","templated":true}]}}