{"id":3077,"date":"2018-12-27T14:29:13","date_gmt":"2018-12-27T13:29:13","guid":{"rendered":"https:\/\/www.biocollagenix.com\/collagene-in-compresse-antirughe\/"},"modified":"2020-08-05T12:34:47","modified_gmt":"2020-08-05T10:34:47","slug":"colageno-en-comprimidos","status":"publish","type":"page","link":"https:\/\/www.biocollagenix.com\/es\/colageno-en-comprimidos\/","title":{"rendered":"Col\u00e1geno en comprimidos"},"content":{"rendered":"<style id=\"kt-blocks_9f4a54-23\">@media all and (max-width: 767px){#kt-layout-id_9f4a54-23 > .kt-row-column-wrap{padding-top:0px;padding-bottom:0px;}}<\/style>\n<div class=\"wp-block-kadence-rowlayout alignnone container\"><div id=\"kt-layout-id_9f4a54-23\" class=\"kt-row-layout-inner kt-layout-id_9f4a54-23\"><div class=\"kt-row-column-wrap kt-has-2-columns kt-gutter-default kt-v-gutter-default kt-row-valign-top kt-row-layout-equal kt-tab-layout-inherit kt-m-colapse-left-to-right kt-mobile-layout-row\">\n<div class=\"wp-block-kadence-column inner-column-1 kadence-column_fac03b-72 img-prodotto\"><div class=\"kt-inside-inner-col\">\n<figure class=\"wp-block-image\"><img loading=\"lazy\" decoding=\"async\" width=\"560\" height=\"560\" src=\"https:\/\/www.biocollagenix.com\/wp-content\/uploads\/2019\/07\/vantaggi-collagene-compresse-mob-02-new3.png\" alt=\"\" class=\"wp-image-3057\" srcset=\"https:\/\/www.biocollagenix.com\/wp-content\/uploads\/2019\/07\/vantaggi-collagene-compresse-mob-02-new3.png 560w, https:\/\/www.biocollagenix.com\/wp-content\/uploads\/2019\/07\/vantaggi-collagene-compresse-mob-02-new3-150x150.png 150w, https:\/\/www.biocollagenix.com\/wp-content\/uploads\/2019\/07\/vantaggi-collagene-compresse-mob-02-new3-300x300.png 300w\" sizes=\"(max-width: 560px) 100vw, 560px\" \/><\/figure>\n\n\n\n<div class=\"social-share\">\n   [fb_button]\n   <div class=\"twitter\">\n       <a href=\"https:\/\/twitter.com\/share\" class=\"twitter-share-button\" data-via=\"esi_italia\">Tweet<\/a>\n       <script>!function(d,s,id){var js,fjs=d.getElementsByTagName(s)[0],p=\/^http:\/.test(d.location)?'http':'https';if(!d.getElementById(id)){js=d.createElement(s);js.id=id;js.src=p+':\/\/platform.twitter.com\/widgets.js';fjs.parentNode.insertBefore(js,fjs);}}(document, 'script', 'twitter-wjs');<\/script>\n   <\/div>\n   <div class=\"google\">\n       <div class=\"g-plusone\" data-size=\"medium\" data-annotation=\"none\"><\/div>\n   <\/div>\n   <div class=\"pinterest\">\n       <a href=\"\/\/www.pinterest.com\/pin\/create\/button\/\" data-pin-do=\"buttonBookmark\" data-pin-color=\"white\"><img decoding=\"async\" src=\"\/\/assets.pinterest.com\/images\/pidgets\/pinit_fg_en_rect_white_20.png\"><\/a>\n       <script type=\"text\/javascript\" async=\"\" defer=\"\" src=\"\/\/assets.pinterest.com\/js\/pinit.js\"><\/script>\n   <\/div>\n<\/div>\n<\/div><\/div>\n\n\n\n<div class=\"wp-block-kadence-column inner-column-2 kadence-column_4d335d-9a info-prodotto\"><div class=\"kt-inside-inner-col\"><style id=\"kt-blocks_a1ebf7-47\">#kt-layout-id_a1ebf7-47 > .kt-row-column-wrap{padding-top:0px;padding-bottom:0px;}<\/style>\n<div class=\"wp-block-kadence-rowlayout alignnone title-and-price\"><div id=\"kt-layout-id_a1ebf7-47\" class=\"kt-row-layout-inner kt-layout-id_a1ebf7-47\"><div class=\"kt-row-column-wrap kt-has-1-columns kt-gutter-default kt-v-gutter-default kt-row-valign-top kt-row-layout-equal kt-tab-layout-inherit kt-m-colapse-left-to-right kt-mobile-layout-row\">\n<div class=\"wp-block-kadence-column inner-column-1 kadence-column_90ac53-1b\"><div class=\"kt-inside-inner-col\"><style id=\"kt-blocks_f97ca6-63\">#kt-adv-heading_f97ca6-63 mark, #kt-adv-heading_f97ca6-63 .wp-block-kadence-advancedheading mark, .kt-adv-heading_f97ca6-63[data-kb-block=\"kb-adv-heading_f97ca6-63\"] mark{padding:0px 0px 0px 0px;}<\/style>\n<h1 id=\"kt-adv-heading_f97ca6-63\" class=\"kt-adv-heading_f97ca6-63 wp-block-kadence-advancedheading\">Biocollagenix en comprimidos<br\/><\/h1>\n<\/div><\/div>\n<\/div><\/div><\/div>\n\n\n\n<p class=\"has-medium-font-size\"><strong>Suplemento con base de col\u00e1geno marino hidrolizado en comprimidos<\/strong><br><\/p>\n\n\n\n<p>Biocollagenix en comprimidos es&nbsp;<strong>el suplemento antiarrugas y antienvejecimiento con base de col\u00e1geno marino de tipos&nbsp;I y&nbsp;III<\/strong>&nbsp;altamente purificado y de alta dosis (1000&nbsp;mg por comprimido). El&nbsp;<strong>col\u00e1geno marino hidrolizado en comprimidos<\/strong>&nbsp;act\u00faa desde el interior para mejorar el tono, la elasticidad y la resistencia de la piel. Recomendamos tomar entre&nbsp;2 y 4&nbsp;comprimidos a lo largo del d\u00eda con abundante agua. Conserve el frasco en un lugar fresco y seco, alejado de la luz o fuentes de calor y humedad. El t\u00e9rmino m\u00ednimo de conservaci\u00f3n se refiere al producto correctamente conservado, en envase sin abrir.<br><\/p>\n\n\n\n<p><strong>Contenido:<\/strong>&nbsp;120 comprimidos (1000&nbsp;mg)&nbsp;<br><strong>Modo de empleo:<\/strong>&nbsp;tomar entre&nbsp;2 y 4&nbsp;comprimidos al d\u00eda con abundante agua.<br><\/p>\n\n\n\n<div class='btn-test-clinici'><a href='\/es\/envejecimiento-cutaneo\/nuestras-pruebas-clinicas\/'>IR A PRUEBAS CL\u00cdNICAS<\/a><\/div>\n<\/div><\/div>\n<\/div><\/div><\/div>\n\n\n<style id=\"kt-blocks_10f5e6-bf\">#kt-layout-id_10f5e6-bf > .kt-row-column-wrap{padding-top:40px;padding-bottom:40px;padding-left:40px;padding-right:40px;}@media all and (max-width: 767px){#kt-layout-id_10f5e6-bf > .kt-row-column-wrap{padding-top:15px;padding-bottom:15px;padding-left:15px;padding-right:15px;}}<\/style>\n<div class=\"wp-block-kadence-rowlayout alignnone box-ingredienti container\"><div id=\"kt-layout-id_10f5e6-bf\" class=\"kt-row-layout-inner kt-layout-id_10f5e6-bf\"><div class=\"kt-row-column-wrap kt-has-1-columns kt-gutter-default kt-v-gutter-default kt-row-valign-top kt-row-layout-equal kt-tab-layout-inherit kt-m-colapse-left-to-right kt-mobile-layout-row\">\n<div class=\"wp-block-kadence-column inner-column-1 kadence-column_430747-ab\"><div class=\"kt-inside-inner-col\"><style id=\"kt-blocks_1a3f60-e2\">#kt-adv-heading_1a3f60-e2 mark, #kt-adv-heading_1a3f60-e2 .wp-block-kadence-advancedheading mark, .kt-adv-heading_1a3f60-e2[data-kb-block=\"kb-adv-heading_1a3f60-e2\"] mark{padding:0px 0px 0px 0px;}<\/style>\n<h2 id=\"kt-adv-heading_1a3f60-e2\" class=\"kt-adv-heading_1a3f60-e2 wp-block-kadence-advancedheading\">Ingredientes<\/h2>\n\n\n<style id=\"kt-blocks_38651b-65\">#kt-layout-id_38651b-65 > .kt-row-column-wrap{padding-bottom:0px;}<\/style>\n<div class=\"wp-block-kadence-rowlayout alignnone\"><div id=\"kt-layout-id_38651b-65\" class=\"kt-row-layout-inner kt-layout-id_38651b-65\"><div class=\"kt-row-column-wrap kt-has-3-columns kt-gutter-default kt-v-gutter-default kt-row-valign-top kt-row-layout-equal kt-tab-layout-inherit kt-m-colapse-left-to-right kt-mobile-layout-row\">\n<div class=\"wp-block-kadence-column inner-column-1 kadence-column_347bcf-82\"><div class=\"kt-inside-inner-col\"><style id=\"kt-blocks_483106-7d\">#kt-layout-id_483106-7d > .kt-row-column-wrap{padding-top:0px;padding-bottom:0px;}<\/style>\n<div class=\"wp-block-kadence-rowlayout alignnone\"><div id=\"kt-layout-id_483106-7d\" class=\"kt-row-layout-inner kt-layout-id_483106-7d\"><div class=\"kt-row-column-wrap kt-has-2-columns kt-gutter-default kt-v-gutter-default kt-row-valign-top kt-row-layout-left-golden kt-tab-layout-left-golden kt-m-colapse-left-to-right kt-mobile-layout-left-golden\">\n<div class=\"wp-block-kadence-column inner-column-1 kadence-column_4ff472-b1\"><div class=\"kt-inside-inner-col\">\n<p>Col\u00e1geno marino hidrolizado de tipos&nbsp;I y&nbsp;III (de pescado)<br><\/p>\n\n\n\n<p><\/p>\n\n\n\n<p><\/p>\n<\/div><\/div>\n\n\n\n<div class=\"wp-block-kadence-column inner-column-2 kadence-column_b9cf91-0c\"><div class=\"kt-inside-inner-col\">\n<p class=\"has-text-align-right\">1000 mg<br> <\/p>\n<\/div><\/div>\n<\/div><\/div><\/div>\n<\/div><\/div>\n\n\n<style id=\"kt-blocks_bf0576-8e\">.kt-row-layout-inner > .kt-row-column-wrap > .kadence-column_bf0576-8e > .kt-inside-inner-col{padding-left:40px;padding-right:40px;}@media all and (max-width: 767px){.kt-row-layout-inner > .kt-row-column-wrap > .kadence-column_bf0576-8e > .kt-inside-inner-col{padding-left:0px;padding-right:0px;margin-top:20px;margin-bottom:20px;}}<\/style>\n<div class=\"wp-block-kadence-column inner-column-2 kadence-column_bf0576-8e\"><div class=\"kt-inside-inner-col\">\n<p><strong>No contiene:<\/strong><br>Aromas artificiales, Az\u00facares a\u00f1adidos, Colorantes artificiales, Conservantes, Derivados de la leche, Edulcorantes, Gluten, Lactosa, OGM<br><br><strong>Rimedio para:<\/strong><br>Antioxidantes, Salud natural de la piel<br><\/p>\n\n\n<style id=\"kt-blocks_27e4b1-c1\">.kt-btns_27e4b1-c1 .kt-button{font-family:'Source Sans Pro';font-weight:600;}.wp-block-kadence-advancedbtn.kt-btns_27e4b1-c1 .kt-btn-wrap-0 .kt-button{padding-left:1px;padding-right:1px;padding-top:15px;padding-bottom:15px;color:#1d4d93;font-size:17px;background:transparent;border-color:#555555;}.wp-block-kadence-advancedbtn.kt-btns_27e4b1-c1 .kt-btn-wrap-0 .kt-button:hover, .wp-block-kadence-advancedbtn.kt-btns_27e4b1-c1 .kt-btn-wrap-0 .kt-button:focus{color:#61a940;border-color:#444444;}.wp-block-kadence-advancedbtn.kt-btns_27e4b1-c1 .kt-btn-wrap-0 .kt-button::before{display:none;}.wp-block-kadence-advancedbtn.kt-btns_27e4b1-c1 .kt-btn-wrap-0 .kt-button:hover, .wp-block-kadence-advancedbtn.kt-btns_27e4b1-c1 .kt-btn-wrap-0 .kt-button:focus{background:#444444;}.wp-block-kadence-advancedbtn.kt-btns_27e4b1-c1 .kt-btn-wrap-1 .kt-button{color:#555555;font-size:18px;background:transparent;border-color:#555555;}.wp-block-kadence-advancedbtn.kt-btns_27e4b1-c1 .kt-btn-wrap-1 .kt-button:hover, .wp-block-kadence-advancedbtn.kt-btns_27e4b1-c1 .kt-btn-wrap-1 .kt-button:focus{color:#ffffff;border-color:#444444;}.wp-block-kadence-advancedbtn.kt-btns_27e4b1-c1 .kt-btn-wrap-1 .kt-button::before{display:none;}.wp-block-kadence-advancedbtn.kt-btns_27e4b1-c1 .kt-btn-wrap-1 .kt-button:hover, .wp-block-kadence-advancedbtn.kt-btns_27e4b1-c1 .kt-btn-wrap-1 .kt-button:focus{background:#444444;}<\/style>\n<div class=\"wp-block-kadence-advancedbtn kt-btn-align-left kt-btn-tablet-align-inherit kt-btn-mobile-align-inherit kt-btns-wrap kt-btns_27e4b1-c1\"><div class=\"kt-btn-wrap kt-btn-wrap-0\"><a class=\"kt-button button kt-btn-0-action kt-btn-size-custom kt-btn-style-basic kt-btn-svg-show-always kt-btn-has-text-true kt-btn-has-svg-true\" href=\"https:\/\/www.biocollagenix.com\/es\/envejecimiento-cutaneo\/los-principios-naturales\/\" style=\"border-radius:0px;border-width:0px\"><div style=\"display:inline-flex;justify-content:center;align-items:center\" class=\"kt-btn-svg-icon kt-btn-svg-icon-fe_arrowRight kt-btn-side-left\"><svg style=\"display:inline-block;vertical-align:middle\" viewbox=\"0 0 24 24\" height=\"17\" width=\"17\" fill=\"none\" stroke=\"currentColor\" xmlns=\"http:\/\/www.w3.org\/2000\/svg\" stroke-width=\"2\" stroke-linecap=\"round\" stroke-linejoin=\"round\"><line x1=\"5\" y1=\"12\" x2=\"19\" y2=\"12\"><\/line><polyline points=\"12 5 19 12 12 19\"><\/polyline><\/svg><\/div><span class=\"kt-btn-inner-text\">Propiedades de los ingredientes<\/span><\/a><\/div><\/div>\n<\/div><\/div>\n\n\n\n<div class=\"wp-block-kadence-column inner-column-3 kadence-column_f41540-ec\"><div class=\"kt-inside-inner-col\">\n<figure class=\"wp-block-image\"><img loading=\"lazy\" decoding=\"async\" width=\"148\" height=\"19\" src=\"https:\/\/www.biocollagenix.com\/wp-content\/uploads\/2019\/08\/es.png\" alt=\"\" class=\"wp-image-3818\"\/><\/figure>\n\n\n\n<div class=\"wp-block-image\"><figure class=\"alignleft is-resized\"><img loading=\"lazy\" decoding=\"async\" src=\"https:\/\/www.biocollagenix.com\/wp-content\/uploads\/2019\/08\/Logo-ClinicallyTested.jpg\" alt=\"\" class=\"wp-image-3847\" width=\"75\" height=\"75\" srcset=\"https:\/\/www.biocollagenix.com\/wp-content\/uploads\/2019\/08\/Logo-ClinicallyTested.jpg 472w, https:\/\/www.biocollagenix.com\/wp-content\/uploads\/2019\/08\/Logo-ClinicallyTested-150x150.jpg 150w, https:\/\/www.biocollagenix.com\/wp-content\/uploads\/2019\/08\/Logo-ClinicallyTested-300x300.jpg 300w\" sizes=\"(max-width: 75px) 100vw, 75px\" \/><\/figure><\/div>\n\n\n\n<div class=\"wp-block-image\"><figure class=\"alignleft is-resized\"><img loading=\"lazy\" decoding=\"async\" src=\"https:\/\/www.biocollagenix.com\/wp-content\/uploads\/2019\/01\/gluten-free.png\" alt=\"\" class=\"wp-image-1704\" width=\"61\" height=\"66\"\/><\/figure><\/div>\n<\/div><\/div>\n<\/div><\/div><\/div>\n<\/div><\/div>\n<\/div><\/div><\/div>\n\n\n<style id=\"kt-blocks_785061-a6\">#kt-layout-id_785061-a6 > .kt-row-column-wrap{padding-top:60px;padding-bottom:60px;}<\/style>\n<div class=\"wp-block-kadence-rowlayout alignnone box-recensioni container\"><div id=\"kt-layout-id_785061-a6\" class=\"kt-row-layout-inner kt-layout-id_785061-a6\"><div class=\"kt-row-column-wrap kt-has-1-columns kt-gutter-default kt-v-gutter-default kt-row-valign-top kt-row-layout-equal kt-tab-layout-inherit kt-m-colapse-left-to-right kt-mobile-layout-row\">\n<div class=\"wp-block-kadence-column inner-column-1 kadence-column_3c2d8b-86\"><div class=\"kt-inside-inner-col\">\n\n\n\n<p style=\"font-size:19px\" class=\"has-text-align-center\">Col\u00e1geno en comprimidos ha sido comentado 0 veces!<\/p>\n\n\n<div class=\"container comments-wrapper\">\n    <div class=\"content bg-form-comment\">\n\n        \t<div id=\"respond\" class=\"comment-respond\">\n\t\t<h3 id=\"reply-title\" class=\"comment-reply-title\">Escribe una rese\u00f1a<\/h3><form action=\"https:\/\/www.biocollagenix.com\/wp-comments-post.php\" method=\"post\" id=\"commentform\" class=\"comment-form\">\n    <div class=\"comment-rating\">\n\t    <label class=\"rating\" for=\"rating\">Valuta: <\/label>\n        <fieldset class=\"comments-rating\">\n            <span class=\"rating-container\">\n                                    <input type=\"radio\" id=\"rating-5\" name=\"rating\" value=\"5\"  \/>\n                    <label for=\"rating-5\">5<\/label>\n                                    <input type=\"radio\" id=\"rating-4\" name=\"rating\" value=\"4\"  \/>\n                    <label for=\"rating-4\">4<\/label>\n                                    <input type=\"radio\" id=\"rating-3\" name=\"rating\" value=\"3\"  \/>\n                    <label for=\"rating-3\">3<\/label>\n                                    <input type=\"radio\" id=\"rating-2\" name=\"rating\" value=\"2\"  \/>\n                    <label for=\"rating-2\">2<\/label>\n                                    <input type=\"radio\" id=\"rating-1\" name=\"rating\" value=\"1\" required \/>\n                    <label for=\"rating-1\">1<\/label>\n                            <\/span>\n        <\/fieldset>\n    <\/div>\n\n    <p class=\"comment-title\">\n        <label for =\"title\"> Aggiungi un titolo: <\/label>\n        <input id=\"title\" name=\"title\" value=\"\" size=\"30\" maxlength=\"245\" required=\"required\" type=\"text\">\n    <\/p>\n\n<p class=\"comment-form-author\"><label for=\"author\">Aggiungi il nome che apparir\u00e0:<\/label> <input id=\"author\" name=\"author\" value=\"\" size=\"30\" maxlength=\"245\" type=\"text\" required><\/p>\n<p class=\"comment-form-comment\"><label for=\"comment\">Aggiungi una recensione:<\/label> <textarea id=\"comment\" name=\"comment\" cols=\"45\" rows=\"8\" maxlength=\"65525\" required=\"required\"><\/textarea><\/p><p class=\"comment-form-privacy\"><input type=\"checkbox\" name=\"privacy-disc\" required> Informativa sulla<a href=\"\/privacy\" target=\"_blank\"> privacy<\/a><\/p><input name=\"wpml_language_code\" type=\"hidden\" value=\"es\" \/><p class=\"form-submit\"><input name=\"submit\" type=\"submit\" id=\"submit\" class=\"submit\" value=\"enviar\" \/> <input type='hidden' name='comment_post_ID' value='3077' id='comment_post_ID' \/>\n<input type='hidden' name='comment_parent' id='comment_parent' value='0' \/>\n<\/p><\/form>\t<\/div><!-- #respond -->\n\t\n    <\/div>\n\n        <\/div>\n\n\n\n<p><\/p>\n<\/div><\/div>\n<\/div><\/div><\/div>\n\n\n<style id=\"kt-blocks_9dc029-bb\">#kt-layout-id_9dc029-bb{background-color:#ffe1d7;background-image:url('https:\/\/www.biocollagenix.com\/wp-content\/uploads\/2016\/08\/bg-azione-rigenerante.jpg');background-size:cover;background-position:center center;background-attachment:scroll;background-repeat:no-repeat;}#kt-layout-id_9dc029-bb > .kt-row-column-wrap{padding-top:70px;padding-bottom:70px;padding-left:30px;padding-right:30px;max-width:1170px;margin-left:auto;margin-right:auto;}@media all and (max-width: 767px){#kt-layout-id_9dc029-bb > .kt-row-column-wrap{padding-top:30px;padding-bottom:30px;}}<\/style>\n<div class=\"wp-block-kadence-rowlayout alignnone alignundefined hide-bg-mobile\"><div id=\"kt-layout-id_9dc029-bb\" class=\"kt-row-layout-inner kt-row-has-bg kt-layout-id_9dc029-bb\"><div class=\"kt-row-column-wrap kt-has-2-columns kt-gutter-default kt-v-gutter-default kt-row-valign-middle kt-row-layout-equal kt-tab-layout-inherit kt-m-colapse-left-to-right kt-mobile-layout-row\">\n<div class=\"wp-block-kadence-column inner-column-1 kadence-column_30485a-ed\"><div class=\"kt-inside-inner-col\">\n<figure class=\"wp-block-image is-resized hide-on-desk\"><img loading=\"lazy\" decoding=\"async\" src=\"https:\/\/www.biocollagenix.com\/wp-content\/uploads\/2019\/01\/fascione-prodotto-collagene-polvere-mob.jpg\" alt=\"\" class=\"wp-image-2397\" width=\"560\" height=\"560\" srcset=\"https:\/\/www.biocollagenix.com\/wp-content\/uploads\/2019\/01\/fascione-prodotto-collagene-polvere-mob.jpg 560w, https:\/\/www.biocollagenix.com\/wp-content\/uploads\/2019\/01\/fascione-prodotto-collagene-polvere-mob-150x150.jpg 150w, https:\/\/www.biocollagenix.com\/wp-content\/uploads\/2019\/01\/fascione-prodotto-collagene-polvere-mob-300x300.jpg 300w\" sizes=\"(max-width: 560px) 100vw, 560px\" \/><\/figure>\n\n\n<style id=\"kt-blocks_ebf314-39\">#kt-adv-heading_ebf314-39 mark, #kt-adv-heading_ebf314-39 .wp-block-kadence-advancedheading mark, .kt-adv-heading_ebf314-39[data-kb-block=\"kb-adv-heading_ebf314-39\"] mark{padding:0px 0px 0px 0px;}<\/style>\n<h2 id=\"kt-adv-heading_ebf314-39\" class=\"kt-adv-heading_ebf314-39 wp-block-kadence-advancedheading\">Reequilibrar las propiedades funcionales de la dermis.<br\/><\/h2>\n\n\n\n<p>El proceso natural de&nbsp;<strong>envejecimiento cut\u00e1neo<\/strong>&nbsp;puede verse acelerado y agravado por una serie de factores externos, como la radiaci\u00f3n ultravioleta, el tabaquismo (activo o pasivo), el estr\u00e9s, el consumo de alcohol, la mala nutrici\u00f3n o los tratamientos cosm\u00e9ticos inadecuados.<br><\/p>\n\n\n\n<p>Las propiedades de los ingredientes de los&nbsp;<strong>suplementos nutricosm\u00e9ticos<\/strong>&nbsp;ayudan a mantener la densidad, mejorar la hidrataci\u00f3n, disminuir la profundidad de las arrugas, obtener un mayor brillo y uniformizar la pigmentaci\u00f3n.<br><\/p>\n\n\n\n<p><strong>Los comprimidos de Biocollagenix, con base de col\u00e1geno marino&nbsp;<\/strong>hidrolizado, resultan id\u00f3neos para estimular la elasticidad de la piel y la renovaci\u00f3n celular.<br><\/p>\n\n\n\n<div style=\"height:20px\" aria-hidden=\"true\" class=\"wp-block-spacer\"><\/div>\n\n\n<style id=\"kt-blocks_524f86-d2\">.wp-block-kadence-advancedbtn.kt-btns_524f86-d2 .kt-btn-wrap-0 .kt-button{padding-left:25px;padding-right:25px;padding-top:15px;padding-bottom:15px;color:#184489;font-size:15px;background:transparent;border-color:#184489;}.wp-block-kadence-advancedbtn.kt-btns_524f86-d2 .kt-btn-wrap-0 .kt-button:hover, .wp-block-kadence-advancedbtn.kt-btns_524f86-d2 .kt-btn-wrap-0 .kt-button:focus{color:#ffffff;border-color:#184489;}.wp-block-kadence-advancedbtn.kt-btns_524f86-d2 .kt-btn-wrap-0 .kt-button::before{display:none;}.wp-block-kadence-advancedbtn.kt-btns_524f86-d2 .kt-btn-wrap-0 .kt-button:hover, .wp-block-kadence-advancedbtn.kt-btns_524f86-d2 .kt-btn-wrap-0 .kt-button:focus{background:#184489;}.wp-block-kadence-advancedbtn.kt-btns_524f86-d2 .kt-btn-wrap-1 .kt-button{color:#555555;font-size:18px;background:transparent;border-color:#555555;}.wp-block-kadence-advancedbtn.kt-btns_524f86-d2 .kt-btn-wrap-1 .kt-button:hover, .wp-block-kadence-advancedbtn.kt-btns_524f86-d2 .kt-btn-wrap-1 .kt-button:focus{color:#ffffff;border-color:#444444;}.wp-block-kadence-advancedbtn.kt-btns_524f86-d2 .kt-btn-wrap-1 .kt-button::before{display:none;}.wp-block-kadence-advancedbtn.kt-btns_524f86-d2 .kt-btn-wrap-1 .kt-button:hover, .wp-block-kadence-advancedbtn.kt-btns_524f86-d2 .kt-btn-wrap-1 .kt-button:focus{background:#444444;}<\/style>\n<div class=\"wp-block-kadence-advancedbtn kt-btn-align-left kt-btn-tablet-align-inherit kt-btn-mobile-align-inherit kt-btns-wrap kt-btns_524f86-d2\"><div class=\"kt-btn-wrap kt-btn-wrap-0\"><a class=\"kt-button button kt-btn-0-action kt-btn-size-custom kt-btn-style-basic kt-btn-svg-show-always kt-btn-has-text-true kt-btn-has-svg-false\" href=\"https:\/\/www.biocollagenix.com\/es\/ventajas-del-colageno\/ventajas-del-colageno-en-polvo\/\" style=\"border-radius:0px;border-width:2px\"><span class=\"kt-btn-inner-text\">INF\u00d3RMATE SOBRE SUS VENTAJAS<\/span><\/a><\/div><\/div>\n<\/div><\/div>\n\n\n\n<div class=\"wp-block-kadence-column inner-column-2 kadence-column_f0bd47-13\"><div class=\"kt-inside-inner-col\"><\/div><\/div>\n<\/div><\/div><\/div>\n\n\n<div class=\"products\">\n    <div class=\"container\">\n        <h3 class=\"products__title\">\n            Descubre los productos de col\u00e1geno         <\/h3>\n        <div class=\"products__list\">\n                                                <div class=\"product\">\n                        <div class=\"product__image\">\n                            <a href=\"https:\/\/www.biocollagenix.com\/es\/biocollagenix-en-tabletas-ovalette\/\"><img decoding=\"async\" src=\"https:\/\/www.biocollagenix.com\/wp-content\/uploads\/2019\/10\/ovalette.png\"><\/a>\n                        <\/div>\n                        <div class=\"product__name\">\n                            <a href=\"https:\/\/www.biocollagenix.com\/es\/biocollagenix-en-tabletas-ovalette\/\">Biocollagenix en tabletas ovalette<\/a>\n                        <\/div>\n                        <div class=\"product__excerpt\">\n                            Complemento alimenticio a base de Col\u00e1geno marino .                        <\/div>\n                    <\/div>\n                                                                <div class=\"product\">\n                        <div class=\"product__image\">\n                            <a href=\"https:\/\/www.biocollagenix.com\/es\/colageno-en-parches-oculares\/\"><img decoding=\"async\" src=\"https:\/\/www.biocollagenix.com\/wp-content\/uploads\/2019\/07\/eye-patch-collagene-biocollagenix-new.png\"><\/a>\n                        <\/div>\n                        <div class=\"product__name\">\n                            <a href=\"https:\/\/www.biocollagenix.com\/es\/colageno-en-parches-oculares\/\">Col\u00e1geno en parches oculares<\/a>\n                        <\/div>\n                        <div class=\"product__excerpt\">\n                            Col\u00e1geno en parches oculares: un producto para el tratamiento antiojeras                         <\/div>\n                    <\/div>\n                                                                                            <div class=\"product\">\n                        <div class=\"product__image\">\n                            <a href=\"https:\/\/www.biocollagenix.com\/es\/bebida-de-colageno\/\"><img decoding=\"async\" src=\"https:\/\/www.biocollagenix.com\/wp-content\/uploads\/2019\/07\/collagene-bere-new.png\"><\/a>\n                        <\/div>\n                        <div class=\"product__name\">\n                            <a href=\"https:\/\/www.biocollagenix.com\/es\/bebida-de-colageno\/\">Bebida de col\u00e1geno<\/a>\n                        <\/div>\n                        <div class=\"product__excerpt\">\n                            Col\u00e1geno en parches oculares: un producto para el tratamiento antiojeras                         <\/div>\n                    <\/div>\n                                    <\/div>\n    <\/div>\n<\/div>\n\n","protected":false},"excerpt":{"rendered":"<p>Suplemento con base de col\u00e1geno marino hidrolizado en comprimidos <\/p>\n","protected":false},"author":4,"featured_media":2941,"parent":0,"menu_order":0,"comment_status":"open","ping_status":"closed","template":"template-product.php","meta":{"kt_blocks_editor_width":"fullwidth","footnotes":""},"class_list":["post-3077","page","type-page","status-publish","has-post-thumbnail","hentry"],"_links":{"self":[{"href":"https:\/\/www.biocollagenix.com\/es\/wp-json\/wp\/v2\/pages\/3077"}],"collection":[{"href":"https:\/\/www.biocollagenix.com\/es\/wp-json\/wp\/v2\/pages"}],"about":[{"href":"https:\/\/www.biocollagenix.com\/es\/wp-json\/wp\/v2\/types\/page"}],"author":[{"embeddable":true,"href":"https:\/\/www.biocollagenix.com\/es\/wp-json\/wp\/v2\/users\/4"}],"replies":[{"embeddable":true,"href":"https:\/\/www.biocollagenix.com\/es\/wp-json\/wp\/v2\/comments?post=3077"}],"version-history":[{"count":11,"href":"https:\/\/www.biocollagenix.com\/es\/wp-json\/wp\/v2\/pages\/3077\/revisions"}],"predecessor-version":[{"id":4865,"href":"https:\/\/www.biocollagenix.com\/es\/wp-json\/wp\/v2\/pages\/3077\/revisions\/4865"}],"wp:featuredmedia":[{"embeddable":true,"href":"https:\/\/www.biocollagenix.com\/es\/wp-json\/wp\/v2\/media\/2941"}],"wp:attachment":[{"href":"https:\/\/www.biocollagenix.com\/es\/wp-json\/wp\/v2\/media?parent=3077"}],"curies":[{"name":"wp","href":"https:\/\/api.w.org\/{rel}","templated":true}]}}