{"id":3065,"date":"2016-09-02T12:45:38","date_gmt":"2016-09-02T10:45:38","guid":{"rendered":"https:\/\/www.biocollagenix.com\/company\/"},"modified":"2019-12-02T10:56:43","modified_gmt":"2019-12-02T09:56:43","slug":"empresa","status":"publish","type":"page","link":"https:\/\/www.biocollagenix.com\/es\/empresa\/","title":{"rendered":"Empresa"},"content":{"rendered":"<style id=\"kt-blocks_e1e755-4b\">#kt-layout-id_e1e755-4b{background-color:#f7f7f7;}#kt-layout-id_e1e755-4b > .kt-row-column-wrap{padding-top:0px;max-width:1170px;margin-left:auto;margin-right:auto;}<\/style>\n<div class=\"wp-block-kadence-rowlayout alignnone\"><div id=\"kt-layout-id_e1e755-4b\" class=\"kt-row-layout-inner kt-row-has-bg kt-layout-id_e1e755-4b\"><div class=\"kt-row-column-wrap kt-has-1-columns kt-gutter-default kt-row-valign-top kt-row-layout-equal kt-tab-layout-inherit kt-m-colapse-left-to-right kt-mobile-layout-row\">\n<div class=\"wp-block-kadence-column kadence-column8790 inner-column-1\"><div class=\"kt-inside-inner-col\">\t<div class=\"breadcrumb-container \">\n\t\t<div class=\"breadcrumbs\">\n\t\t\t<span property=\"itemListElement\" typeof=\"ListItem\"><a property=\"item\" typeof=\"WebPage\" title=\"Ir a Inicio.\" href=\"https:\/\/www.biocollagenix.com\/es\/\" class=\"home\" aria-current=\"page\"><span property=\"name\">Inicio<\/span><\/a><meta property=\"position\" content=\"1\"><\/span>\t\t<\/div>\n\t<\/div>\n\n\n\n\n<h1 id=\"kt-adv-heading_da6a46-d4\" class=\"wp-block-kadence-advancedheading\">Empresa<\/h1>\n<\/div><\/div>\n<\/div><\/div><\/div>\n\n\n<style id=\"kt-blocks_8ce731-aa\">#kt-layout-id_8ce731-aa > .kt-row-column-wrap{padding-left:15px;padding-right:15px;max-width:1170px;margin-left:auto;margin-right:auto;}@media all and (max-width: 767px){#kt-layout-id_8ce731-aa > .kt-row-column-wrap{padding-left:15px;padding-right:15px;}}<\/style>\n<div class=\"wp-block-kadence-rowlayout alignnone\"><div id=\"kt-layout-id_8ce731-aa\" class=\"kt-row-layout-inner  kt-layout-id_8ce731-aa\"><div class=\"kt-row-column-wrap kt-has-2-columns kt-gutter-default kt-row-valign-top kt-row-layout-left-golden kt-tab-layout-inherit kt-m-colapse-left-to-right kt-mobile-layout-row\">\n<div class=\"wp-block-kadence-column kadence-column9921 inner-column-1\"><div class=\"kt-inside-inner-col\">\n<p>ESI srl es una sociedad que opera en el \u00e1mbito de los suplementos fitoterap\u00e9uticos, nutrac\u00e9uticos, diet\u00e9ticos y nutricionales, fundada en 1975 por el actual presidente, Antonio Maria Galleano. Inicialmente, la marca ESI identific\u00f3 una l\u00ednea de formulaciones patentadas e importadas de Suiza. Poco despu\u00e9s, se tom\u00f3 la decisi\u00f3n de producir por su cuenta, creando nuevas formulaciones en l\u00ednea con las tendencias cient\u00edficas y las necesidades del mercado.<br><\/p>\n\n\n\n<p>La empresa operaba inicialmente en G\u00e9nova. En 1992, para aprovechar espacios de producci\u00f3n m\u00e1s grandes, se traslad\u00f3 a Albissola Marina, en las inmediaciones de Savona.<br><\/p>\n\n\n\n<p>Hoy en d\u00eda, las instalaciones se extienden sobre un \u00e1rea de aproximadamente&nbsp;<strong>19&nbsp;000&nbsp;metros cuadrados<\/strong>, 10&nbsp;000 de los cuales comprenden una parte reservada para la producci\u00f3n y otra para el departamento administrativo y comercial. Las instalaciones de producci\u00f3n de la empresa cumplen con los niveles de calidad m\u00e1s altos del mercado.<br><\/p>\n\n\n\n<div style=\"height:20px\" aria-hidden=\"true\" class=\"wp-block-spacer\"><\/div>\n\n\n\n<p><strong>COMETIDO<\/strong><\/p>\n\n\n\n<p>El cometido de ESI es contribuir al bienestar del individuo con productos est\u00e1ndar de alta calidad.<br><\/p>\n\n\n\n<p><strong>OBJETIVO<\/strong><br>El objetivo es llegar a ser la empresa de referencia en los campos de la&nbsp;<strong>fitoterapia<\/strong>&nbsp;y la&nbsp;<strong>integraci\u00f3n diet\u00e9tica<\/strong>,&nbsp;adem\u00e1s de competir eficazmente en el \u00e1mbito de la salud con las empresas m\u00e1s importantes en los principales mercados del mundo.<br><\/p>\n<\/div><\/div>\n\n\n\n<div class=\"wp-block-kadence-column kadence-column1930 inner-column-2\"><div class=\"kt-inside-inner-col\">\n<figure class=\"wp-block-image\"><img loading=\"lazy\" decoding=\"async\" width=\"289\" height=\"290\" src=\"https:\/\/www.biocollagenix.com\/wp-content\/uploads\/2019\/01\/logo_esi_company.png\" alt=\"\" class=\"wp-image-2543\" srcset=\"https:\/\/www.biocollagenix.com\/wp-content\/uploads\/2019\/01\/logo_esi_company.png 289w, https:\/\/www.biocollagenix.com\/wp-content\/uploads\/2019\/01\/logo_esi_company-150x150.png 150w\" sizes=\"(max-width: 289px) 100vw, 289px\" \/><\/figure>\n<\/div><\/div>\n<\/div><\/div><\/div>\n\n\n<style id=\"kt-blocks_2a75c7-4c\">#kt-layout-id_2a75c7-4c{background-image:url('https:\/\/www.biocollagenix.com\/wp-content\/uploads\/2019\/01\/company3.jpg');background-size:cover;background-position:center center;background-attachment:scroll;background-repeat:no-repeat;}#kt-layout-id_2a75c7-4c > .kt-row-column-wrap{padding-left:15px;padding-right:15px;max-width:1170px;margin-left:auto;margin-right:auto;}@media all and (max-width: 767px){#kt-layout-id_2a75c7-4c > .kt-row-column-wrap{padding-top:30px;padding-bottom:30px;padding-left:15px;padding-right:15px;}}<\/style>\n<div class=\"wp-block-kadence-rowlayout alignnone hide-bg-mobile\"><div id=\"kt-layout-id_2a75c7-4c\" class=\"kt-row-layout-inner kt-row-has-bg kt-layout-id_2a75c7-4c\"><div class=\"kt-row-column-wrap kt-has-2-columns kt-gutter-default kt-row-valign-top kt-row-layout-equal kt-tab-layout-inherit kt-m-colapse-left-to-right kt-mobile-layout-row\">\n<div class=\"wp-block-kadence-column kadence-column413 inner-column-1\"><div class=\"kt-inside-inner-col\">\n<p><\/p>\n<\/div><\/div>\n\n\n\n<div class=\"wp-block-kadence-column kadence-column8861 inner-column-2\"><div class=\"kt-inside-inner-col\">\n<figure class=\"wp-block-image is-resized hide-on-desk\"><img loading=\"lazy\" decoding=\"async\" src=\"https:\/\/www.biocollagenix.com\/wp-content\/uploads\/2019\/01\/azienda-mob-01.jpg\" alt=\"\" class=\"wp-image-2579\" width=\"560\" height=\"560\" srcset=\"https:\/\/www.biocollagenix.com\/wp-content\/uploads\/2019\/01\/azienda-mob-01.jpg 560w, https:\/\/www.biocollagenix.com\/wp-content\/uploads\/2019\/01\/azienda-mob-01-150x150.jpg 150w, https:\/\/www.biocollagenix.com\/wp-content\/uploads\/2019\/01\/azienda-mob-01-300x300.jpg 300w\" sizes=\"(max-width: 560px) 100vw, 560px\" \/><\/figure>\n\n\n\n<h2 id=\"kt-adv-heading_58ba12-8f\" class=\"wp-block-kadence-advancedheading\">40 a\u00f1os de experiencia<br\/><br\/><\/h2>\n\n\n\n<p>La experiencia adquirida en m\u00e1s de 40&nbsp;a\u00f1os de actividad, gracias al compromiso constante en la investigaci\u00f3n cient\u00edfica y el desarrollo de productos adecuados, en la innovaci\u00f3n de formulaciones y en la selecci\u00f3n cuidadosa de las materias primas ha llevado a ESI a convertirse en un fabricante de referencia. Esta producci\u00f3n de m\u00e1ximo nivel de calidad es posible gracias al empleo de instalaciones de producci\u00f3n de \u00faltima generaci\u00f3n y de laboratorios de investigaci\u00f3n y desarrollo de vanguardia. El&nbsp;<strong>laboratorio de control de calidad<\/strong>&nbsp;se ocupa directamente de las pruebas organol\u00e9pticas, f\u00edsico-qu\u00edmicas y microbiol\u00f3gicas de las mejores materias primas.<br><\/p>\n\n\n\n<div style=\"height:20px\" aria-hidden=\"true\" class=\"wp-block-spacer\"><\/div>\n\n\n\n<p><strong>Proyecci\u00f3n internacional<\/strong><br>Desde los primeros a\u00f1os de actividad, el objetivo de la misi\u00f3n de ESI ha sido el de&nbsp;<strong><em>\u00abllegar a ser la empresa de referencia en los campos de la fitoterapia y la integraci\u00f3n diet\u00e9tica, adem\u00e1s de competir eficazmente en el \u00e1mbito de la salud con las empresas m\u00e1s importantes en los principales mercados del mundo\u00bb<\/em><\/strong>. Tras 40&nbsp;a\u00f1os de compromiso constante, este objetivo se ha alcanzado. De hecho, gracias a una extensa red de distribuidores internacionales, los productos de ESI se distribuyen en m\u00e1s de 50&nbsp;pa\u00edses: desde Sud\u00e1frica hasta Finlandia, e incluso EE.&nbsp;UU., Oriente Medio y el Lejano Oriente. Este proceso de internacionalizaci\u00f3n est\u00e1 en constante crecimiento: cada a\u00f1o se agregan nuevas naciones a las existentes. Los productos vendidos en el extranjero lucen con orgullo la bandera italiana: un peque\u00f1o gesto para contribuir, con productos de alta calidad, a la imagen de Italia en el mundo.<br><\/p>\n<\/div><\/div>\n<\/div><\/div><\/div>\n\n\n<style id=\"kt-blocks_3ca79d-cb\">#kt-layout-id_3ca79d-cb{background-image:url('https:\/\/www.biocollagenix.com\/wp-content\/uploads\/2019\/01\/testata-controllo-qualita.jpg');background-size:cover;background-position:center center;background-attachment:scroll;background-repeat:no-repeat;}#kt-layout-id_3ca79d-cb > .kt-row-column-wrap{min-height:495px;max-width:1170px;margin-left:auto;margin-right:auto;}@media all and (max-width: 767px){#kt-layout-id_3ca79d-cb > .kt-row-column-wrap{padding-top:30px;padding-bottom:30px;padding-left:15px;padding-right:15px;}}<\/style>\n<div class=\"wp-block-kadence-rowlayout alignnone hide-bg-mobile\"><div id=\"kt-layout-id_3ca79d-cb\" class=\"kt-row-layout-inner kt-row-has-bg kt-layout-id_3ca79d-cb\"><div class=\"kt-row-column-wrap kt-has-2-columns kt-gutter-default kt-row-valign-middle kt-row-layout-equal kt-tab-layout-inherit kt-m-colapse-left-to-right kt-mobile-layout-row\">\n<div class=\"wp-block-kadence-column kadence-column9873 inner-column-1\"><div class=\"kt-inside-inner-col\">\n<figure class=\"wp-block-image is-resized hide-on-desk\"><img loading=\"lazy\" decoding=\"async\" src=\"https:\/\/www.biocollagenix.com\/wp-content\/uploads\/2019\/01\/azienda-mob-02.jpg\" alt=\"\" class=\"wp-image-2580\" width=\"560\" height=\"560\" srcset=\"https:\/\/www.biocollagenix.com\/wp-content\/uploads\/2019\/01\/azienda-mob-02.jpg 560w, https:\/\/www.biocollagenix.com\/wp-content\/uploads\/2019\/01\/azienda-mob-02-150x150.jpg 150w, https:\/\/www.biocollagenix.com\/wp-content\/uploads\/2019\/01\/azienda-mob-02-300x300.jpg 300w\" sizes=\"(max-width: 560px) 100vw, 560px\" \/><\/figure>\n\n\n\n<h2 id=\"kt-adv-heading_da56c6-49\" class=\"wp-block-kadence-advancedheading\">Control de calidad<br\/><\/h2>\n\n\n\n<p>La calidad del producto es la primera regla empresarial que se implementa:<\/p>\n\n\n\n<ul class=\"wp-block-list\"><li>En la selecci\u00f3n y asignaci\u00f3n de&nbsp;<strong>las materias primas elegidas<\/strong>.<br><\/li><li>En los&nbsp;<strong>rigurosos controles de calidad<\/strong>,&nbsp;realizados en laboratorios equipados espec\u00edficamente para ello.<br><\/li><li>En los est\u00e1ndares de&nbsp;<strong>la mayor calidad, <\/strong>gracias a los&nbsp;<strong>sistemas modernos de producci\u00f3n<\/strong>&nbsp;y control.<\/li><\/ul>\n<\/div><\/div>\n\n\n\n<div class=\"wp-block-kadence-column kadence-column4695 inner-column-2\"><div class=\"kt-inside-inner-col\">\n<p><\/p>\n<\/div><\/div>\n<\/div><\/div><\/div>\n\n\n<style id=\"kt-blocks_3a03ea-11\">#kt-layout-id_3a03ea-11 > .kt-row-column-wrap{padding-left:15px;padding-right:15px;max-width:1170px;margin-left:auto;margin-right:auto;}@media all and (max-width: 767px){#kt-layout-id_3a03ea-11 > .kt-row-column-wrap{padding-left:15px;padding-right:15px;}}<\/style>\n<div class=\"wp-block-kadence-rowlayout alignnone\"><div id=\"kt-layout-id_3a03ea-11\" class=\"kt-row-layout-inner  kt-layout-id_3a03ea-11\"><div class=\"kt-row-column-wrap kt-has-1-columns kt-gutter-default kt-row-valign-top kt-row-layout-equal kt-tab-layout-inherit kt-m-colapse-left-to-right kt-mobile-layout-row\">\n<div class=\"wp-block-kadence-column kadence-column401 inner-column-1\"><div class=\"kt-inside-inner-col\">\n<h2 id=\"kt-adv-heading_9afeb2-5a\" class=\"wp-block-kadence-advancedheading\">21 puntos clave en el control de calidad<\/h2>\n\n\n\n<ol class=\"elenco-numerato wp-block-list\"><li>Adquirir solamente las mejores materias primas de proveedores cualificados y validados por ESI.<\/li><li>Almacenar las materias primas en lugares adecuados, lejos del calor y la humedad.<br><\/li><li>Probar y evaluar todos los lotes de todas las materias primas en el momento de recibirlas realizando an\u00e1lisis qu\u00edmico-f\u00edsicos y microbiol\u00f3gicos, utilizando protocolos consolidados y m\u00e9todos de control sofisticados, de acuerdo con las especificaciones t\u00e9cnicas acordadas con los proveedores.<br><\/li><li>Alternar los lotes para garantizar el uso de materias primas siempre recientes.<br><\/li><li>Cuando sea necesario, prever una dosis excesiva de los ingredientes para garantizar siempre que la cantidad final de la vida \u00fatil concuerde con lo que se indica en la etiqueta.<br><\/li><li>Utilizar rellenos, aglutinantes y excipientes de origen natural o vegetal.<br><\/li><li>Cuando sea necesario, granular algunos nutrientes para asegurar una mezcla uniforme de los ingredientes.<br><\/li><li>Producir en ambientes deshumidificados para evitar da\u00f1os a los nutrientes sensibles a la humedad.<br><\/li><li>Utilizar las t\u00e9cnicas de compresi\u00f3n m\u00e1s recientes y evitar el uso de elementos da\u00f1inos.<br><\/li><li>Cuando sea necesario, cubrir de modo uniforme los comprimidos inmediatamente despu\u00e9s de la producci\u00f3n, para evitar que la humedad y la oxidaci\u00f3n da\u00f1en el producto terminado.<br><\/li><li>Realizar pruebas de desagregaci\u00f3n para asegurarse de que los comprimidos y las c\u00e1psulas se disuelven dentro del tiempo prescrito por la farmacopea, seg\u00fan el tipo de producto.<br><\/li><li>Comprobar mediante an\u00e1lisis todos los lotes semiacabados antes de autorizar el empaquetado.<br><\/li><li>Empaquetar el producto a granel inmediatamente despu\u00e9s del an\u00e1lisis.<br><\/li><li>Empaquetar los comprimidos, c\u00e1psulas y l\u00edquidos en botellas y ampollas de acuerdo con las normas vigentes sobre higiene y seguridad de los alimentos.<br><\/li><li>Embalar los productos de manera que se reduzcan al m\u00e1ximo los efectos de la luz, el calor y la humedad.<br><\/li><li>Utilizar recipientes adecuados para alimentos.<br><\/li><li>Verificar peri\u00f3dicamente los ingredientes caracter\u00edsticos de los productos para asegurar su efectividad hasta el final de la vida \u00fatil.<br><\/li><li>Probar y verificar todos los lotes de todos los productos terminados, realizando an\u00e1lisis qu\u00edmico-f\u00edsicos y microbiol\u00f3gicos, antes de autorizar la comercializaci\u00f3n.<br><\/li><li>Mantener un inventario con un sofisticado sistema informatizado, lo que permite monitorear con precisi\u00f3n las existencias y ofrecer productos frescos de elaboraci\u00f3n reciente.<br><\/li><li>Garantizar siempre la aplicaci\u00f3n y actualizaci\u00f3n de los procedimientos de seguridad adecuados, haciendo uso de los principios sobre los que se basa el sistema de an\u00e1lisis de riesgos y control de los puntos cr\u00edticos.<br><\/li><li>Garantizar la trazabilidad completa, a partir de la recepci\u00f3n de cada lote de materia prima y hasta la entrega de los productos al punto de venta, de acuerdo con las disposiciones de la regulaci\u00f3n de la CE n.\u00ba&nbsp;178\/2002.<\/li><\/ol>\n<\/div><\/div>\n<\/div><\/div><\/div>\n\n\n<style id=\"kt-blocks_b4ad91-fc\">#kt-layout-id_b4ad91-fc{background-image:url('https:\/\/www.biocollagenix.com\/wp-content\/uploads\/2019\/01\/company-cert-qualita.jpg');background-size:cover;background-position:center center;background-attachment:scroll;background-repeat:no-repeat;}#kt-layout-id_b4ad91-fc > .kt-row-column-wrap{padding-left:15px;padding-right:15px;min-height:620px;max-width:1170px;margin-left:auto;margin-right:auto;}@media all and (max-width: 767px){#kt-layout-id_b4ad91-fc > .kt-row-column-wrap{padding-top:30px;padding-bottom:30px;padding-left:15px;padding-right:15px;}}<\/style>\n<div class=\"wp-block-kadence-rowlayout alignnone hide-bg-mobile\"><div id=\"kt-layout-id_b4ad91-fc\" class=\"kt-row-layout-inner kt-row-has-bg kt-layout-id_b4ad91-fc\"><div class=\"kt-row-column-wrap kt-has-2-columns kt-gutter-default kt-row-valign-middle kt-row-layout-equal kt-tab-layout-inherit kt-m-colapse-left-to-right kt-mobile-layout-row\">\n<div class=\"wp-block-kadence-column kadence-column1836 inner-column-1\"><div class=\"kt-inside-inner-col\">\n<p><\/p>\n<\/div><\/div>\n\n\n\n<div class=\"wp-block-kadence-column kadence-column2392 inner-column-2\"><div class=\"kt-inside-inner-col\">\n<figure class=\"wp-block-image is-resized hide-on-desk\"><img loading=\"lazy\" decoding=\"async\" src=\"https:\/\/www.biocollagenix.com\/wp-content\/uploads\/2019\/01\/azienda-mob-03.jpg\" alt=\"\" class=\"wp-image-2582\" width=\"560\" height=\"560\" srcset=\"https:\/\/www.biocollagenix.com\/wp-content\/uploads\/2019\/01\/azienda-mob-03.jpg 560w, https:\/\/www.biocollagenix.com\/wp-content\/uploads\/2019\/01\/azienda-mob-03-150x150.jpg 150w, https:\/\/www.biocollagenix.com\/wp-content\/uploads\/2019\/01\/azienda-mob-03-300x300.jpg 300w\" sizes=\"(max-width: 560px) 100vw, 560px\" \/><\/figure>\n\n\n\n<h2 id=\"kt-adv-heading_e5181d-0a\" class=\"wp-block-kadence-advancedheading\">Certificaciones de calidad<br\/><\/h2>\n\n\n\n<p>La calidad de ESI ha logrado:<\/p>\n\n\n\n<ul class=\"wp-block-list\"><li><strong>1995<\/strong>: la autorizaci\u00f3n del Ministerio de Salud para elaborar productos diet\u00e9ticos y suplementos.<br><\/li><li><strong>1999<\/strong>: la certificaci\u00f3n ISO&nbsp;9001, que garantiza la calidad total de la producci\u00f3n de ESI<br><\/li><li><strong>2002<\/strong>: la actualizaci\u00f3n del sistema de calidad a los est\u00e1ndares europeos ISO&nbsp;9001:2000<br><\/li><li><strong>2004<\/strong>: la certificaci\u00f3n de producto para zumos de la l\u00ednea Aloe Vera ESI<br><\/li><li><strong>2009<\/strong>: ESI obtiene del CCPB la autorizaci\u00f3n para la comercializaci\u00f3n de productos biol\u00f3gicos.<\/li><li><strong>2017<\/strong>: actualizaci\u00f3n del sistema de calidad conforme a las normas europeas ISO 9001:2015.<\/li><\/ul>\n<\/div><\/div>\n<\/div><\/div><\/div>\n\n\n<style id=\"kt-blocks_3149d1-6c\">#kt-layout-id_3149d1-6c{background-color:#e3eeee;}#kt-layout-id_3149d1-6c > .kt-row-column-wrap{padding-left:15px;padding-right:15px;max-width:1170px;margin-left:auto;margin-right:auto;}@media all and (max-width: 767px){#kt-layout-id_3149d1-6c > .kt-row-column-wrap{padding-left:15px;padding-right:15px;}}<\/style>\n<div class=\"wp-block-kadence-rowlayout alignnone\"><div id=\"kt-layout-id_3149d1-6c\" class=\"kt-row-layout-inner kt-row-has-bg kt-layout-id_3149d1-6c\"><div class=\"kt-row-column-wrap kt-has-2-columns kt-gutter-default kt-row-valign-top kt-row-layout-equal kt-tab-layout-inherit kt-m-colapse-left-to-right kt-mobile-layout-row\">\n<div class=\"wp-block-kadence-column kadence-column8642 inner-column-1\"><div class=\"kt-inside-inner-col\">\n<h2 id=\"kt-adv-heading_b4029e-36\" class=\"wp-block-kadence-advancedheading\">Certiquality s.r.l.<br\/><\/h2>\n\n\n\n<p>El aumento de la competitividad de los mercados y las justas demandas de los consumidores, cada vez m\u00e1s informados y selectivos, estimulan siempre a las empresas productivas y comerciales a operar en condiciones de&nbsp;<strong>certificaci\u00f3n de calidad<\/strong>. En particular, en lo que respecta a la industria alimentaria, se han aplicado las directivas de la&nbsp;<strong>CEE&nbsp;<\/strong>relativas a la higiene de los productos y, con el DL n.\u00ba&nbsp;155\/97, se hizo obligatoria la inclusi\u00f3n de un<strong>&nbsp;An\u00e1lisis de Peligros y Puntos de Control Cr\u00edticos (HACCP)<\/strong>&nbsp;para garantizar la salubridad de los mismos. El sistema&nbsp;<strong>HACCP<\/strong>&nbsp;es, por tanto, un inicio obligatorio para una organizaci\u00f3n de sistemas orientados hacia la calidad global. ESI, a la vanguardia de las empresas en el sector de la dieta y la salud, ha continuado el proceso de calidad global adoptando la filosof\u00eda de la calidad certificada, que sit\u00faa a la empresa en una confrontaci\u00f3n directa con los consumidores. Por lo tanto, ESI no solo cumple plenamente con las normas del sistema HACCP, garantizando productos fabricados, almacenados y transportados de conformidad con las normas vigentes, sino que tambi\u00e9n ha obtenido la&nbsp;<strong>CERTIFICACION ISO&nbsp;9001<\/strong>,&nbsp;que garantiza la&nbsp;<strong>calidad total&nbsp;<\/strong>desde el&nbsp;<strong>DISE\u00d1O<\/strong>&nbsp;hasta la&nbsp;<strong>PRODUCCI\u00d3N<\/strong>&nbsp;y la&nbsp;<strong>COMERCIALIZACI\u00d3N<\/strong>&nbsp;de sus productos. Gracias al reconocimiento mutuo con los prestigiosos organismos que participan en&nbsp;<strong>IQ Net (The International Certification Network)<\/strong>, la certificaci\u00f3n obtenida es v\u00e1lida en todos los pa\u00edses europeos, Canad\u00e1, Jap\u00f3n y en los otros pa\u00edses m\u00e1s desarrollados del mundo. La introducci\u00f3n contempor\u00e1nea del&nbsp;<strong>HACCP<\/strong>&nbsp;y el&nbsp;<strong>sistema de calidad ISO&nbsp;9001<\/strong>&nbsp;implica considerables efectos de sinergia para el logro de la calidad total. Para ESI, operar en condiciones de garant\u00eda de calidad significa tener la posibilidad de ofrecer productos y servicios que se ajustan no solo a lo establecido por la legislaci\u00f3n o regulaciones espec\u00edficas, sino, sobre todo, a las expectativas del consumidor.<br><\/p>\n<\/div><\/div>\n\n\n\n<div class=\"wp-block-kadence-column kadence-column8114 inner-column-2\"><div class=\"kt-inside-inner-col\">\n<figure class=\"wp-block-image is-resized\"><img loading=\"lazy\" decoding=\"async\" src=\"https:\/\/www.biocollagenix.com\/wp-content\/uploads\/2019\/01\/img_certiquality.png\" alt=\"\" class=\"wp-image-2560\" width=\"487\" height=\"473\" srcset=\"https:\/\/www.biocollagenix.com\/wp-content\/uploads\/2019\/01\/img_certiquality.png 487w, https:\/\/www.biocollagenix.com\/wp-content\/uploads\/2019\/01\/img_certiquality-300x291.png 300w\" sizes=\"(max-width: 487px) 100vw, 487px\" \/><\/figure>\n<\/div><\/div>\n<\/div><\/div><\/div>\n\n\n<style id=\"kt-blocks_1465bf-7e\">#kt-layout-id_1465bf-7e{background-image:url('https:\/\/www.biocollagenix.com\/wp-content\/uploads\/2019\/01\/company-impianti2.jpg');background-size:cover;background-position:center center;background-attachment:scroll;background-repeat:no-repeat;}#kt-layout-id_1465bf-7e > .kt-row-column-wrap{padding-left:15px;padding-right:15px;min-height:620px;max-width:1170px;margin-left:auto;margin-right:auto;}@media all and (max-width: 767px){#kt-layout-id_1465bf-7e > .kt-row-column-wrap{padding-top:30px;padding-bottom:30px;padding-left:15px;padding-right:15px;}}<\/style>\n<div class=\"wp-block-kadence-rowlayout alignnone hide-bg-mobile\"><div id=\"kt-layout-id_1465bf-7e\" class=\"kt-row-layout-inner kt-row-has-bg kt-layout-id_1465bf-7e\"><div class=\"kt-row-column-wrap kt-has-2-columns kt-gutter-default kt-row-valign-middle kt-row-layout-equal kt-tab-layout-inherit kt-m-colapse-left-to-right kt-mobile-layout-row\">\n<div class=\"wp-block-kadence-column kadence-column5060 inner-column-1\"><div class=\"kt-inside-inner-col\">\n<p><\/p>\n<\/div><\/div>\n\n\n\n<div class=\"wp-block-kadence-column kadence-column1988 inner-column-2\"><div class=\"kt-inside-inner-col\">\n<figure class=\"wp-block-image is-resized hide-on-desk\"><img loading=\"lazy\" decoding=\"async\" src=\"https:\/\/www.biocollagenix.com\/wp-content\/uploads\/2019\/01\/azienda-mob-04.jpg\" alt=\"\" class=\"wp-image-2583\" width=\"560\" height=\"560\" srcset=\"https:\/\/www.biocollagenix.com\/wp-content\/uploads\/2019\/01\/azienda-mob-04.jpg 560w, https:\/\/www.biocollagenix.com\/wp-content\/uploads\/2019\/01\/azienda-mob-04-150x150.jpg 150w, https:\/\/www.biocollagenix.com\/wp-content\/uploads\/2019\/01\/azienda-mob-04-300x300.jpg 300w\" sizes=\"(max-width: 560px) 100vw, 560px\" \/><\/figure>\n\n\n\n<h2 id=\"kt-adv-heading_a9bd45-67\" class=\"wp-block-kadence-advancedheading\">Sistemas de producci\u00f3n<br\/><\/h2>\n\n\n\n<p>La tecnolog\u00eda y la innovaci\u00f3n siempre han sido dos de los puntos fuertes de ESI: los productos naturales, tecnol\u00f3gicamente avanzados y las inversiones continuas siempre han garantizado la mejor capacidad de producci\u00f3n. ESI produce m\u00e1s de 80&nbsp;000 c\u00e1psulas, 12&nbsp;000 botellas y 300&nbsp;000 comprimidos por hora en varios formatos. ESI tambi\u00e9n ha desarrollado y patentado un sistema especial para las c\u00e1psulas de retardo: los famosos comprimidos de liberaci\u00f3n diferenciada. Un sistema sofisticado para la filmaci\u00f3n de los comprimidos hace que sean m\u00e1s f\u00e1ciles de tragar, mientras que el departamento de envasado de l\u00edquidos se ha ampliado con la introducci\u00f3n de Pocket&nbsp;Drinks, los pr\u00e1cticos sobres de dosis \u00fanica. Aprovechar las oportunidades de la tecnolog\u00eda moderna nos permite perfeccionar los procesos de empaquetado y ofrecer al consumidor un producto pr\u00e1ctico y de alta calidad.<\/p>\n<\/div><\/div>\n<\/div><\/div><\/div>\n","protected":false},"excerpt":{"rendered":"","protected":false},"author":3,"featured_media":0,"parent":0,"menu_order":0,"comment_status":"closed","ping_status":"closed","template":"","meta":{"kt_blocks_editor_width":"fullwidth","footnotes":""},"class_list":["post-3065","page","type-page","status-publish","hentry"],"_links":{"self":[{"href":"https:\/\/www.biocollagenix.com\/es\/wp-json\/wp\/v2\/pages\/3065"}],"collection":[{"href":"https:\/\/www.biocollagenix.com\/es\/wp-json\/wp\/v2\/pages"}],"about":[{"href":"https:\/\/www.biocollagenix.com\/es\/wp-json\/wp\/v2\/types\/page"}],"author":[{"embeddable":true,"href":"https:\/\/www.biocollagenix.com\/es\/wp-json\/wp\/v2\/users\/3"}],"replies":[{"embeddable":true,"href":"https:\/\/www.biocollagenix.com\/es\/wp-json\/wp\/v2\/comments?post=3065"}],"version-history":[{"count":5,"href":"https:\/\/www.biocollagenix.com\/es\/wp-json\/wp\/v2\/pages\/3065\/revisions"}],"predecessor-version":[{"id":4718,"href":"https:\/\/www.biocollagenix.com\/es\/wp-json\/wp\/v2\/pages\/3065\/revisions\/4718"}],"wp:attachment":[{"href":"https:\/\/www.biocollagenix.com\/es\/wp-json\/wp\/v2\/media?parent=3065"}],"curies":[{"name":"wp","href":"https:\/\/api.w.org\/{rel}","templated":true}]}}